{"id":36928,"date":"2026-03-20T19:05:44","date_gmt":"2026-03-21T00:05:44","guid":{"rendered":"https:\/\/beiroperu.com\/tienda\/?post_type=product&#038;p=36928"},"modified":"2026-03-20T19:05:45","modified_gmt":"2026-03-21T00:05:45","slug":"leica-ts01-5-r500","status":"publish","type":"product","link":"https:\/\/beiroperu.com\/tienda\/catalogo\/topografia\/estaciones-totales\/leica\/leica-ts01-5-r500\/","title":{"rendered":"LEICA TS01-5&#8243; R500"},"content":{"rendered":"<p>La\u00a0<strong>estaci\u00f3n total Leica TS01<\/strong>\u00a0te permite realizar tareas de medici\u00f3n con facilidad y simplicidad.\u00a0La<strong>\u00a0TS01<\/strong>\u00a0es\u00a0<strong>una estaci\u00f3n total manual<\/strong>\u00a0de nivel b\u00e1sico, creada para ayudarle a dominar proyectos de topograf\u00eda, dise\u00f1o y cartograf\u00eda. Demostrar\u00e1 su val\u00eda en el campo y se convertir\u00e1 inmediatamente en un miembro valioso de su equipo.<\/p>\n<p>Comprar una estaci\u00f3n total Leica\u00a0<strong><img loading=\"lazy\" decoding=\"async\" src=\"https:\/\/cosola.com\/images\/leica-logo.png\" alt=\"leica logo\" width=\"85\" height=\"46\" \/><\/strong>TS01 es una\u00a0decisi\u00f3n inteligente, ya que representa una entrada empresarial inteligente al mundo de Leica Geosystems. Usted y los miembros de su\u00a0<strong>equipo topogr\u00e1fico<\/strong>\u00a0estar\u00e1n listos para nuevos proyectos en poco tiempo.<\/p>\n<p>Disfrute de los beneficios de un alcance\u00a0<strong>sin prisma de 500 m<\/strong>\u00a0y un\u00a0<strong>alcance con prisma de 3000 m<\/strong>, siempre combinados con precisi\u00f3n y velocidad de medici\u00f3n, lo que\u00a0aumenta su productividad. Con sensores integrados como un compensador electr\u00f3nico de doble eje, una plomada l\u00e1ser, software de campo integrado y teclas cortas para acceder r\u00e1pidamente al men\u00fa, tendr\u00e1 una configuraci\u00f3n r\u00e1pida del instrumento y mediciones r\u00e1pidas.<\/p>\n<p>Con la estaci\u00f3n total Leica TS01 obtienes\u00a0un paquete cojmpleto,\u00a0ya que\u00a0<strong>viene con accesorios de Leica Geosystems, como una bater\u00eda de larga duraci\u00f3n, un cargador y una base nivelante<\/strong>, probados para cumplir de forma fiable los requisitos, cuando cada detalle cuenta.<\/p>\n<table>\n<tbody>\n<tr>\n<td colspan=\"3\"><strong>MEDICI\u00d3N ANGULAR<\/strong><\/td>\n<\/tr>\n<tr>\n<td>Precisi\u00f3n\u00a0Hz\u00a0y\u00a0V<\/td>\n<td>Absoluto,\u00a0continuo<\/td>\n<td>5\u2019\u2019<\/td>\n<\/tr>\n<tr>\n<td><\/td>\n<td>Resoluci\u00f3n de pantalla: 1\u00bb (0,1 mgon)<\/p>\n<p>Rango de compensador: +\/- 8&#8242; n<\/p>\n<p>Sensibilidad de nivel longitudinal: 2&#8217;\/2 mm<\/td>\n<td>\u2714<\/td>\n<\/tr>\n<tr>\n<td colspan=\"3\"><strong>MEDICI\u00d3N DE DISTANCIA<\/strong><\/td>\n<\/tr>\n<tr>\n<td>Alcance1<\/td>\n<td>Prisma (GPR1): 3.000 m n<\/p>\n<p>Sin prisma: hasta 500 m2<\/td>\n<td>\u2714<\/td>\n<\/tr>\n<tr>\n<td>Exactitud<\/td>\n<td>Prisma simple: 2 mm + 2 ppm<\/p>\n<p>Sin prisma: 3 mm + 2 ppm3<\/td>\n<td>\u2714<\/td>\n<\/tr>\n<tr>\n<td>Tiempo de medici\u00f3n<\/td>\n<td>\n<ul>\n<li>Modo prisma<\/li>\n<li>Est\u00e1ndar: 1,5 s<\/li>\n<li>R\u00e1pido: 1,1 s<\/li>\n<li>Seguimiento: 0,15 s<\/li>\n<\/ul>\n<\/td>\n<td>\u2714<\/td>\n<\/tr>\n<tr>\n<td><\/td>\n<td>\n<ul>\n<li>Modo sin prisma<\/li>\n<li>Est\u00e1ndar: 1,4 s<\/li>\n<li>R\u00e1pido: 1,1 s<\/li>\n<\/ul>\n<\/td>\n<td>\u2714<\/td>\n<\/tr>\n<tr>\n<td><\/td>\n<td>Resoluci\u00f3n de pantalla: 0,1 mm<\/td>\n<td>\u2714<\/td>\n<\/tr>\n<tr>\n<td><\/td>\n<td><\/td>\n<td><\/td>\n<\/tr>\n<tr>\n<td><\/td>\n<td><\/td>\n<\/tr>\n<tr>\n<td colspan=\"3\"><\/td>\n<\/tr>\n<tr>\n<td><\/td>\n<\/tr>\n<\/tbody>\n<\/table>\n<p><strong>\u00a0Ver m<\/strong><strong>as informaci\u00f3n:\u00a0<a href=\"https:\/\/cosola.com\/images\/archivos\/Leica_TS01.pdf\" target=\"_blank\" rel=\"noopener\"><img loading=\"lazy\" decoding=\"async\" src=\"https:\/\/cosola.com\/images\/logos\/Logo-PDF.png\" alt=\"Logo-PDF\" width=\"70\" height=\"70\" \/><\/a><\/strong><\/p>\n","protected":false},"excerpt":{"rendered":"<p>La\u00a0<strong>estaci\u00f3n total Leica TS01<\/strong>\u00a0te permite realizar tareas de medici\u00f3n con facilidad y simplicidad.\u00a0La<strong>\u00a0TS01<\/strong>\u00a0es\u00a0<strong>una estaci\u00f3n total manual<\/strong>\u00a0de nivel b\u00e1sico, creada para ayudarle a dominar proyectos de topograf\u00eda, dise\u00f1o y cartograf\u00eda. Demostrar\u00e1 su val\u00eda en el campo y se convertir\u00e1 inmediatamente en un miembro valioso de su equipo.<\/p>\n","protected":false},"featured_media":36929,"comment_status":"open","ping_status":"closed","template":"","meta":[],"product_brand":[],"product_cat":[71],"product_tag":[],"class_list":{"0":"post-36928","1":"product","2":"type-product","3":"status-publish","4":"has-post-thumbnail","6":"product_cat-leica","8":"first","9":"instock","10":"shipping-taxable","11":"product-type-simple"},"yoast_head":"<!-- This site is optimized with the Yoast SEO plugin v27.2 - https:\/\/yoast.com\/product\/yoast-seo-wordpress\/ -->\n<title>LEICA TS01-5&quot; R500 - Topograf\u00eda, Geolog\u00eda, Miner\u00eda y Equipamiento de Oficina<\/title>\n<meta name=\"robots\" content=\"index, follow, max-snippet:-1, max-image-preview:large, max-video-preview:-1\" \/>\n<link rel=\"canonical\" href=\"https:\/\/beiroperu.com\/tienda\/catalogo\/topografia\/estaciones-totales\/leica\/leica-ts01-5-r500\/\" \/>\n<meta property=\"og:locale\" content=\"es_ES\" \/>\n<meta property=\"og:type\" content=\"article\" \/>\n<meta property=\"og:title\" content=\"LEICA TS01-5&quot; R500 - Topograf\u00eda, Geolog\u00eda, Miner\u00eda y Equipamiento de Oficina\" \/>\n<meta property=\"og:description\" content=\"La\u00a0estaci\u00f3n total Leica TS01\u00a0te permite realizar tareas de medici\u00f3n con facilidad y simplicidad.\u00a0La\u00a0TS01\u00a0es\u00a0una estaci\u00f3n total manual\u00a0de nivel b\u00e1sico, creada para ayudarle a dominar proyectos de topograf\u00eda, dise\u00f1o y cartograf\u00eda. Demostrar\u00e1 su val\u00eda en el campo y se convertir\u00e1 inmediatamente en un miembro valioso de su equipo.\" \/>\n<meta property=\"og:url\" content=\"https:\/\/beiroperu.com\/tienda\/catalogo\/topografia\/estaciones-totales\/leica\/leica-ts01-5-r500\/\" \/>\n<meta property=\"og:site_name\" content=\"Topograf\u00eda, Geolog\u00eda, Miner\u00eda y Equipamiento de Oficina\" \/>\n<meta property=\"article:publisher\" content=\"https:\/\/www.facebook.com\/profile.php?id=61574959587714\" \/>\n<meta property=\"article:modified_time\" content=\"2026-03-21T00:05:45+00:00\" \/>\n<meta property=\"og:image\" content=\"https:\/\/beiroperu.com\/tienda\/wp-content\/uploads\/2026\/03\/leica-ts01-equipo1.jpg\" \/>\n\t<meta property=\"og:image:width\" content=\"800\" \/>\n\t<meta property=\"og:image:height\" content=\"930\" \/>\n\t<meta property=\"og:image:type\" content=\"image\/jpeg\" \/>\n<meta name=\"twitter:card\" content=\"summary_large_image\" \/>\n<meta name=\"twitter:label1\" content=\"Tiempo de lectura\" \/>\n\t<meta name=\"twitter:data1\" content=\"2 minutos\" \/>\n<script type=\"application\/ld+json\" class=\"yoast-schema-graph\">{\"@context\":\"https:\/\/schema.org\",\"@graph\":[{\"@type\":\"WebPage\",\"@id\":\"https:\/\/beiroperu.com\/tienda\/catalogo\/topografia\/estaciones-totales\/leica\/leica-ts01-5-r500\/\",\"url\":\"https:\/\/beiroperu.com\/tienda\/catalogo\/topografia\/estaciones-totales\/leica\/leica-ts01-5-r500\/\",\"name\":\"LEICA TS01-5\\\" R500 - Topograf\u00eda, Geolog\u00eda, Miner\u00eda y Equipamiento de Oficina\",\"isPartOf\":{\"@id\":\"https:\/\/beiroperu.com\/tienda\/#website\"},\"primaryImageOfPage\":{\"@id\":\"https:\/\/beiroperu.com\/tienda\/catalogo\/topografia\/estaciones-totales\/leica\/leica-ts01-5-r500\/#primaryimage\"},\"image\":{\"@id\":\"https:\/\/beiroperu.com\/tienda\/catalogo\/topografia\/estaciones-totales\/leica\/leica-ts01-5-r500\/#primaryimage\"},\"thumbnailUrl\":\"https:\/\/beiroperu.com\/tienda\/wp-content\/uploads\/2026\/03\/leica-ts01-equipo1.jpg\",\"datePublished\":\"2026-03-21T00:05:44+00:00\",\"dateModified\":\"2026-03-21T00:05:45+00:00\",\"breadcrumb\":{\"@id\":\"https:\/\/beiroperu.com\/tienda\/catalogo\/topografia\/estaciones-totales\/leica\/leica-ts01-5-r500\/#breadcrumb\"},\"inLanguage\":\"es\",\"potentialAction\":[{\"@type\":\"ReadAction\",\"target\":[\"https:\/\/beiroperu.com\/tienda\/catalogo\/topografia\/estaciones-totales\/leica\/leica-ts01-5-r500\/\"]}]},{\"@type\":\"ImageObject\",\"inLanguage\":\"es\",\"@id\":\"https:\/\/beiroperu.com\/tienda\/catalogo\/topografia\/estaciones-totales\/leica\/leica-ts01-5-r500\/#primaryimage\",\"url\":\"https:\/\/beiroperu.com\/tienda\/wp-content\/uploads\/2026\/03\/leica-ts01-equipo1.jpg\",\"contentUrl\":\"https:\/\/beiroperu.com\/tienda\/wp-content\/uploads\/2026\/03\/leica-ts01-equipo1.jpg\",\"width\":800,\"height\":930},{\"@type\":\"BreadcrumbList\",\"@id\":\"https:\/\/beiroperu.com\/tienda\/catalogo\/topografia\/estaciones-totales\/leica\/leica-ts01-5-r500\/#breadcrumb\",\"itemListElement\":[{\"@type\":\"ListItem\",\"position\":1,\"name\":\"Portada\",\"item\":\"https:\/\/beiroperu.com\/tienda\/\"},{\"@type\":\"ListItem\",\"position\":2,\"name\":\"Shop\",\"item\":\"https:\/\/beiroperu.com\/tienda\/shop\/\"},{\"@type\":\"ListItem\",\"position\":3,\"name\":\"LEICA TS01-5&#8243; R500\"}]},{\"@type\":\"WebSite\",\"@id\":\"https:\/\/beiroperu.com\/tienda\/#website\",\"url\":\"https:\/\/beiroperu.com\/tienda\/\",\"name\":\"Topograf\u00eda, Geolog\u00eda, Miner\u00eda y Equipamiento de Oficina\",\"description\":\"Beiro Per\u00fa\",\"publisher\":{\"@id\":\"https:\/\/beiroperu.com\/tienda\/#organization\"},\"alternateName\":\"Beiro Per\u00fa\",\"potentialAction\":[{\"@type\":\"SearchAction\",\"target\":{\"@type\":\"EntryPoint\",\"urlTemplate\":\"https:\/\/beiroperu.com\/tienda\/?s={search_term_string}\"},\"query-input\":{\"@type\":\"PropertyValueSpecification\",\"valueRequired\":true,\"valueName\":\"search_term_string\"}}],\"inLanguage\":\"es\"},{\"@type\":\"Organization\",\"@id\":\"https:\/\/beiroperu.com\/tienda\/#organization\",\"name\":\"Beiro\",\"alternateName\":\"Beiro Per\u00fa\",\"url\":\"https:\/\/beiroperu.com\/tienda\/\",\"logo\":{\"@type\":\"ImageObject\",\"inLanguage\":\"es\",\"@id\":\"https:\/\/beiroperu.com\/tienda\/#\/schema\/logo\/image\/\",\"url\":\"https:\/\/beiroperu.com\/tienda\/wp-content\/uploads\/2026\/03\/logo-beiro.jpeg\",\"contentUrl\":\"https:\/\/beiroperu.com\/tienda\/wp-content\/uploads\/2026\/03\/logo-beiro.jpeg\",\"width\":322,\"height\":123,\"caption\":\"Beiro\"},\"image\":{\"@id\":\"https:\/\/beiroperu.com\/tienda\/#\/schema\/logo\/image\/\"},\"sameAs\":[\"https:\/\/www.facebook.com\/profile.php?id=61574959587714\",\"https:\/\/www.instagram.com\/beiro_equipos_topograficos?igsh=cG11NHowcmp1dzFq\",\"https:\/\/www.threads.com\/@beiro_equipos_topograficos\"]}]}<\/script>\n<!-- \/ Yoast SEO plugin. -->","yoast_head_json":{"title":"LEICA TS01-5\" R500 - Topograf\u00eda, Geolog\u00eda, Miner\u00eda y Equipamiento de Oficina","robots":{"index":"index","follow":"follow","max-snippet":"max-snippet:-1","max-image-preview":"max-image-preview:large","max-video-preview":"max-video-preview:-1"},"canonical":"https:\/\/beiroperu.com\/tienda\/catalogo\/topografia\/estaciones-totales\/leica\/leica-ts01-5-r500\/","og_locale":"es_ES","og_type":"article","og_title":"LEICA TS01-5\" R500 - Topograf\u00eda, Geolog\u00eda, Miner\u00eda y Equipamiento de Oficina","og_description":"La\u00a0estaci\u00f3n total Leica TS01\u00a0te permite realizar tareas de medici\u00f3n con facilidad y simplicidad.\u00a0La\u00a0TS01\u00a0es\u00a0una estaci\u00f3n total manual\u00a0de nivel b\u00e1sico, creada para ayudarle a dominar proyectos de topograf\u00eda, dise\u00f1o y cartograf\u00eda. Demostrar\u00e1 su val\u00eda en el campo y se convertir\u00e1 inmediatamente en un miembro valioso de su equipo.","og_url":"https:\/\/beiroperu.com\/tienda\/catalogo\/topografia\/estaciones-totales\/leica\/leica-ts01-5-r500\/","og_site_name":"Topograf\u00eda, Geolog\u00eda, Miner\u00eda y Equipamiento de Oficina","article_publisher":"https:\/\/www.facebook.com\/profile.php?id=61574959587714","article_modified_time":"2026-03-21T00:05:45+00:00","og_image":[{"width":800,"height":930,"url":"https:\/\/beiroperu.com\/tienda\/wp-content\/uploads\/2026\/03\/leica-ts01-equipo1.jpg","type":"image\/jpeg"}],"twitter_card":"summary_large_image","twitter_misc":{"Tiempo de lectura":"2 minutos"},"schema":{"@context":"https:\/\/schema.org","@graph":[{"@type":"WebPage","@id":"https:\/\/beiroperu.com\/tienda\/catalogo\/topografia\/estaciones-totales\/leica\/leica-ts01-5-r500\/","url":"https:\/\/beiroperu.com\/tienda\/catalogo\/topografia\/estaciones-totales\/leica\/leica-ts01-5-r500\/","name":"LEICA TS01-5\" R500 - Topograf\u00eda, Geolog\u00eda, Miner\u00eda y Equipamiento de Oficina","isPartOf":{"@id":"https:\/\/beiroperu.com\/tienda\/#website"},"primaryImageOfPage":{"@id":"https:\/\/beiroperu.com\/tienda\/catalogo\/topografia\/estaciones-totales\/leica\/leica-ts01-5-r500\/#primaryimage"},"image":{"@id":"https:\/\/beiroperu.com\/tienda\/catalogo\/topografia\/estaciones-totales\/leica\/leica-ts01-5-r500\/#primaryimage"},"thumbnailUrl":"https:\/\/beiroperu.com\/tienda\/wp-content\/uploads\/2026\/03\/leica-ts01-equipo1.jpg","datePublished":"2026-03-21T00:05:44+00:00","dateModified":"2026-03-21T00:05:45+00:00","breadcrumb":{"@id":"https:\/\/beiroperu.com\/tienda\/catalogo\/topografia\/estaciones-totales\/leica\/leica-ts01-5-r500\/#breadcrumb"},"inLanguage":"es","potentialAction":[{"@type":"ReadAction","target":["https:\/\/beiroperu.com\/tienda\/catalogo\/topografia\/estaciones-totales\/leica\/leica-ts01-5-r500\/"]}]},{"@type":"ImageObject","inLanguage":"es","@id":"https:\/\/beiroperu.com\/tienda\/catalogo\/topografia\/estaciones-totales\/leica\/leica-ts01-5-r500\/#primaryimage","url":"https:\/\/beiroperu.com\/tienda\/wp-content\/uploads\/2026\/03\/leica-ts01-equipo1.jpg","contentUrl":"https:\/\/beiroperu.com\/tienda\/wp-content\/uploads\/2026\/03\/leica-ts01-equipo1.jpg","width":800,"height":930},{"@type":"BreadcrumbList","@id":"https:\/\/beiroperu.com\/tienda\/catalogo\/topografia\/estaciones-totales\/leica\/leica-ts01-5-r500\/#breadcrumb","itemListElement":[{"@type":"ListItem","position":1,"name":"Portada","item":"https:\/\/beiroperu.com\/tienda\/"},{"@type":"ListItem","position":2,"name":"Shop","item":"https:\/\/beiroperu.com\/tienda\/shop\/"},{"@type":"ListItem","position":3,"name":"LEICA TS01-5&#8243; R500"}]},{"@type":"WebSite","@id":"https:\/\/beiroperu.com\/tienda\/#website","url":"https:\/\/beiroperu.com\/tienda\/","name":"Topograf\u00eda, Geolog\u00eda, Miner\u00eda y Equipamiento de Oficina","description":"Beiro Per\u00fa","publisher":{"@id":"https:\/\/beiroperu.com\/tienda\/#organization"},"alternateName":"Beiro Per\u00fa","potentialAction":[{"@type":"SearchAction","target":{"@type":"EntryPoint","urlTemplate":"https:\/\/beiroperu.com\/tienda\/?s={search_term_string}"},"query-input":{"@type":"PropertyValueSpecification","valueRequired":true,"valueName":"search_term_string"}}],"inLanguage":"es"},{"@type":"Organization","@id":"https:\/\/beiroperu.com\/tienda\/#organization","name":"Beiro","alternateName":"Beiro Per\u00fa","url":"https:\/\/beiroperu.com\/tienda\/","logo":{"@type":"ImageObject","inLanguage":"es","@id":"https:\/\/beiroperu.com\/tienda\/#\/schema\/logo\/image\/","url":"https:\/\/beiroperu.com\/tienda\/wp-content\/uploads\/2026\/03\/logo-beiro.jpeg","contentUrl":"https:\/\/beiroperu.com\/tienda\/wp-content\/uploads\/2026\/03\/logo-beiro.jpeg","width":322,"height":123,"caption":"Beiro"},"image":{"@id":"https:\/\/beiroperu.com\/tienda\/#\/schema\/logo\/image\/"},"sameAs":["https:\/\/www.facebook.com\/profile.php?id=61574959587714","https:\/\/www.instagram.com\/beiro_equipos_topograficos?igsh=cG11NHowcmp1dzFq","https:\/\/www.threads.com\/@beiro_equipos_topograficos"]}]}},"_links":{"self":[{"href":"https:\/\/beiroperu.com\/tienda\/wp-json\/wp\/v2\/product\/36928","targetHints":{"allow":["GET"]}}],"collection":[{"href":"https:\/\/beiroperu.com\/tienda\/wp-json\/wp\/v2\/product"}],"about":[{"href":"https:\/\/beiroperu.com\/tienda\/wp-json\/wp\/v2\/types\/product"}],"replies":[{"embeddable":true,"href":"https:\/\/beiroperu.com\/tienda\/wp-json\/wp\/v2\/comments?post=36928"}],"wp:featuredmedia":[{"embeddable":true,"href":"https:\/\/beiroperu.com\/tienda\/wp-json\/wp\/v2\/media\/36929"}],"wp:attachment":[{"href":"https:\/\/beiroperu.com\/tienda\/wp-json\/wp\/v2\/media?parent=36928"}],"wp:term":[{"taxonomy":"product_brand","embeddable":true,"href":"https:\/\/beiroperu.com\/tienda\/wp-json\/wp\/v2\/product_brand?post=36928"},{"taxonomy":"product_cat","embeddable":true,"href":"https:\/\/beiroperu.com\/tienda\/wp-json\/wp\/v2\/product_cat?post=36928"},{"taxonomy":"product_tag","embeddable":true,"href":"https:\/\/beiroperu.com\/tienda\/wp-json\/wp\/v2\/product_tag?post=36928"}],"curies":[{"name":"wp","href":"https:\/\/api.w.org\/{rel}","templated":true}]}}