{"id":36930,"date":"2026-03-20T19:11:01","date_gmt":"2026-03-21T00:11:01","guid":{"rendered":"https:\/\/beiroperu.com\/tienda\/?post_type=product&#038;p=36930"},"modified":"2026-03-20T19:11:02","modified_gmt":"2026-03-21T00:11:02","slug":"leica-ts13-1-r1000","status":"publish","type":"product","link":"https:\/\/beiroperu.com\/tienda\/catalogo\/topografia\/estaciones-totales\/leica\/leica-ts13-1-r1000\/","title":{"rendered":"LEICA TS13 1\u201d R1000"},"content":{"rendered":"<p>Se trata de una Estaci\u00f3n total Rob\u00f3tica escalable, impulsada por el software de campo Leica Captivate, y se puede manejar con una controladora de campo Leica CS20. Se puede actualizar en cualquier momento, para beneficiarse de funcionalidades adicionales.<\/p>\n<p>La Estaci\u00f3n total Rob\u00f3tica Leica TS13 funciona con el revolucionario software Leica Captivate, transformando datos complejos en los modelos 3D m\u00e1s realistas y sencillos posibles. Con aplicaciones f\u00e1ciles de usar y una tecnolog\u00eda t\u00e1ctil familiar, todos los datos medidos y de dise\u00f1o se pueden ver en todas las dimensiones. Captivate abarca industrias y aplicaciones con poco m\u00e1s que un simple deslizamiento.<\/p>\n<ul>\n<li>Posibilidades infinitas:<br \/>\nMientras Leica Captivate captura y modela datos en el campo, Leica Infinity procesa la informaci\u00f3n en la oficina. Una transferencia de datos fluida garantiza que el proyecto se mantenga en buen camino. Captivate e Infinity trabajan conjuntamente para unir datos de encuestas anteriores y editar proyectos de manera m\u00e1s r\u00e1pida y eficiente.<\/li>\n<\/ul>\n<p><strong>CARACTERISTICAS:<\/strong><\/p>\n<p>Precisi\u00f3n: 1\u201c<\/p>\n<p>Sin prisma: 1000 m<\/p>\n<p>Rango de distancia: 0,7 m a 2,7 m<\/p>\n<p>Autonom\u00eda de uso de hasta 8 h<\/p>\n<p>Memoria interna 2 GB<\/p>\n<p>Tarjeta SD 1 GB o 8 GB<\/p>\n<p>Software de campo: Leica Captivate con apps<\/p>\n<p><strong>Ver Brochure:\u00a0<\/strong><a href=\"https:\/\/cosola.com\/images\/Estacion-Total-Leica-TS13.pdf\"><img loading=\"lazy\" decoding=\"async\" src=\"https:\/\/cosola.com\/images\/logos\/Logo-PDF.png\" alt=\"Logo PDF\" width=\"50\" height=\"50\" \/><\/a><\/p>\n","protected":false},"excerpt":{"rendered":"<p>La Estaci\u00f3n total Rob\u00f3tica Leica TS13 funciona con el revolucionario software Leica Captivate, transformando datos complejos en los modelos 3D m\u00e1s realistas y sencillos posibles. Con aplicaciones f\u00e1ciles de usar y una tecnolog\u00eda t\u00e1ctil familiar, todos los datos medidos y de dise\u00f1o se pueden ver en todas las dimensiones. Captivate abarca industrias y aplicaciones con poco m\u00e1s que un simple deslizamiento.<\/p>\n<ul>\n<li><\/li>\n<\/ul>\n","protected":false},"featured_media":36931,"comment_status":"open","ping_status":"closed","template":"","meta":[],"product_brand":[],"product_cat":[71],"product_tag":[],"class_list":{"0":"post-36930","1":"product","2":"type-product","3":"status-publish","4":"has-post-thumbnail","6":"product_cat-leica","8":"first","9":"instock","10":"shipping-taxable","11":"product-type-simple"},"yoast_head":"<!-- This site is optimized with the Yoast SEO plugin v27.2 - https:\/\/yoast.com\/product\/yoast-seo-wordpress\/ -->\n<title>LEICA TS13 1\u201d R1000 - Topograf\u00eda, Geolog\u00eda, Miner\u00eda y Equipamiento de Oficina<\/title>\n<meta name=\"robots\" content=\"index, follow, max-snippet:-1, max-image-preview:large, max-video-preview:-1\" \/>\n<link rel=\"canonical\" href=\"https:\/\/beiroperu.com\/tienda\/catalogo\/topografia\/estaciones-totales\/leica\/leica-ts13-1-r1000\/\" \/>\n<meta property=\"og:locale\" content=\"es_ES\" \/>\n<meta property=\"og:type\" content=\"article\" \/>\n<meta property=\"og:title\" content=\"LEICA TS13 1\u201d R1000 - Topograf\u00eda, Geolog\u00eda, Miner\u00eda y Equipamiento de Oficina\" \/>\n<meta property=\"og:description\" content=\"La Estaci\u00f3n total Rob\u00f3tica Leica TS13 funciona con el revolucionario software Leica Captivate, transformando datos complejos en los modelos 3D m\u00e1s realistas y sencillos posibles. Con aplicaciones f\u00e1ciles de usar y una tecnolog\u00eda t\u00e1ctil familiar, todos los datos medidos y de dise\u00f1o se pueden ver en todas las dimensiones. Captivate abarca industrias y aplicaciones con poco m\u00e1s que un simple deslizamiento.\" \/>\n<meta property=\"og:url\" content=\"https:\/\/beiroperu.com\/tienda\/catalogo\/topografia\/estaciones-totales\/leica\/leica-ts13-1-r1000\/\" \/>\n<meta property=\"og:site_name\" content=\"Topograf\u00eda, Geolog\u00eda, Miner\u00eda y Equipamiento de Oficina\" \/>\n<meta property=\"article:publisher\" content=\"https:\/\/www.facebook.com\/profile.php?id=61574959587714\" \/>\n<meta property=\"article:modified_time\" content=\"2026-03-21T00:11:02+00:00\" \/>\n<meta property=\"og:image\" content=\"https:\/\/beiroperu.com\/tienda\/wp-content\/uploads\/2026\/03\/leica-ts13-equipo1.jpg\" \/>\n\t<meta property=\"og:image:width\" content=\"800\" \/>\n\t<meta property=\"og:image:height\" content=\"930\" \/>\n\t<meta property=\"og:image:type\" content=\"image\/jpeg\" \/>\n<meta name=\"twitter:card\" content=\"summary_large_image\" \/>\n<meta name=\"twitter:label1\" content=\"Tiempo de lectura\" \/>\n\t<meta name=\"twitter:data1\" content=\"2 minutos\" \/>\n<script type=\"application\/ld+json\" class=\"yoast-schema-graph\">{\"@context\":\"https:\/\/schema.org\",\"@graph\":[{\"@type\":\"WebPage\",\"@id\":\"https:\/\/beiroperu.com\/tienda\/catalogo\/topografia\/estaciones-totales\/leica\/leica-ts13-1-r1000\/\",\"url\":\"https:\/\/beiroperu.com\/tienda\/catalogo\/topografia\/estaciones-totales\/leica\/leica-ts13-1-r1000\/\",\"name\":\"LEICA TS13 1\u201d R1000 - Topograf\u00eda, Geolog\u00eda, Miner\u00eda y Equipamiento de Oficina\",\"isPartOf\":{\"@id\":\"https:\/\/beiroperu.com\/tienda\/#website\"},\"primaryImageOfPage\":{\"@id\":\"https:\/\/beiroperu.com\/tienda\/catalogo\/topografia\/estaciones-totales\/leica\/leica-ts13-1-r1000\/#primaryimage\"},\"image\":{\"@id\":\"https:\/\/beiroperu.com\/tienda\/catalogo\/topografia\/estaciones-totales\/leica\/leica-ts13-1-r1000\/#primaryimage\"},\"thumbnailUrl\":\"https:\/\/beiroperu.com\/tienda\/wp-content\/uploads\/2026\/03\/leica-ts13-equipo1.jpg\",\"datePublished\":\"2026-03-21T00:11:01+00:00\",\"dateModified\":\"2026-03-21T00:11:02+00:00\",\"breadcrumb\":{\"@id\":\"https:\/\/beiroperu.com\/tienda\/catalogo\/topografia\/estaciones-totales\/leica\/leica-ts13-1-r1000\/#breadcrumb\"},\"inLanguage\":\"es\",\"potentialAction\":[{\"@type\":\"ReadAction\",\"target\":[\"https:\/\/beiroperu.com\/tienda\/catalogo\/topografia\/estaciones-totales\/leica\/leica-ts13-1-r1000\/\"]}]},{\"@type\":\"ImageObject\",\"inLanguage\":\"es\",\"@id\":\"https:\/\/beiroperu.com\/tienda\/catalogo\/topografia\/estaciones-totales\/leica\/leica-ts13-1-r1000\/#primaryimage\",\"url\":\"https:\/\/beiroperu.com\/tienda\/wp-content\/uploads\/2026\/03\/leica-ts13-equipo1.jpg\",\"contentUrl\":\"https:\/\/beiroperu.com\/tienda\/wp-content\/uploads\/2026\/03\/leica-ts13-equipo1.jpg\",\"width\":800,\"height\":930},{\"@type\":\"BreadcrumbList\",\"@id\":\"https:\/\/beiroperu.com\/tienda\/catalogo\/topografia\/estaciones-totales\/leica\/leica-ts13-1-r1000\/#breadcrumb\",\"itemListElement\":[{\"@type\":\"ListItem\",\"position\":1,\"name\":\"Portada\",\"item\":\"https:\/\/beiroperu.com\/tienda\/\"},{\"@type\":\"ListItem\",\"position\":2,\"name\":\"Shop\",\"item\":\"https:\/\/beiroperu.com\/tienda\/shop\/\"},{\"@type\":\"ListItem\",\"position\":3,\"name\":\"LEICA TS13 1\u201d R1000\"}]},{\"@type\":\"WebSite\",\"@id\":\"https:\/\/beiroperu.com\/tienda\/#website\",\"url\":\"https:\/\/beiroperu.com\/tienda\/\",\"name\":\"Topograf\u00eda, Geolog\u00eda, Miner\u00eda y Equipamiento de Oficina\",\"description\":\"Beiro Per\u00fa\",\"publisher\":{\"@id\":\"https:\/\/beiroperu.com\/tienda\/#organization\"},\"alternateName\":\"Beiro Per\u00fa\",\"potentialAction\":[{\"@type\":\"SearchAction\",\"target\":{\"@type\":\"EntryPoint\",\"urlTemplate\":\"https:\/\/beiroperu.com\/tienda\/?s={search_term_string}\"},\"query-input\":{\"@type\":\"PropertyValueSpecification\",\"valueRequired\":true,\"valueName\":\"search_term_string\"}}],\"inLanguage\":\"es\"},{\"@type\":\"Organization\",\"@id\":\"https:\/\/beiroperu.com\/tienda\/#organization\",\"name\":\"Beiro\",\"alternateName\":\"Beiro Per\u00fa\",\"url\":\"https:\/\/beiroperu.com\/tienda\/\",\"logo\":{\"@type\":\"ImageObject\",\"inLanguage\":\"es\",\"@id\":\"https:\/\/beiroperu.com\/tienda\/#\/schema\/logo\/image\/\",\"url\":\"https:\/\/beiroperu.com\/tienda\/wp-content\/uploads\/2026\/03\/logo-beiro.jpeg\",\"contentUrl\":\"https:\/\/beiroperu.com\/tienda\/wp-content\/uploads\/2026\/03\/logo-beiro.jpeg\",\"width\":322,\"height\":123,\"caption\":\"Beiro\"},\"image\":{\"@id\":\"https:\/\/beiroperu.com\/tienda\/#\/schema\/logo\/image\/\"},\"sameAs\":[\"https:\/\/www.facebook.com\/profile.php?id=61574959587714\",\"https:\/\/www.instagram.com\/beiro_equipos_topograficos?igsh=cG11NHowcmp1dzFq\",\"https:\/\/www.threads.com\/@beiro_equipos_topograficos\"]}]}<\/script>\n<!-- \/ Yoast SEO plugin. -->","yoast_head_json":{"title":"LEICA TS13 1\u201d R1000 - Topograf\u00eda, Geolog\u00eda, Miner\u00eda y Equipamiento de Oficina","robots":{"index":"index","follow":"follow","max-snippet":"max-snippet:-1","max-image-preview":"max-image-preview:large","max-video-preview":"max-video-preview:-1"},"canonical":"https:\/\/beiroperu.com\/tienda\/catalogo\/topografia\/estaciones-totales\/leica\/leica-ts13-1-r1000\/","og_locale":"es_ES","og_type":"article","og_title":"LEICA TS13 1\u201d R1000 - Topograf\u00eda, Geolog\u00eda, Miner\u00eda y Equipamiento de Oficina","og_description":"La Estaci\u00f3n total Rob\u00f3tica Leica TS13 funciona con el revolucionario software Leica Captivate, transformando datos complejos en los modelos 3D m\u00e1s realistas y sencillos posibles. Con aplicaciones f\u00e1ciles de usar y una tecnolog\u00eda t\u00e1ctil familiar, todos los datos medidos y de dise\u00f1o se pueden ver en todas las dimensiones. Captivate abarca industrias y aplicaciones con poco m\u00e1s que un simple deslizamiento.","og_url":"https:\/\/beiroperu.com\/tienda\/catalogo\/topografia\/estaciones-totales\/leica\/leica-ts13-1-r1000\/","og_site_name":"Topograf\u00eda, Geolog\u00eda, Miner\u00eda y Equipamiento de Oficina","article_publisher":"https:\/\/www.facebook.com\/profile.php?id=61574959587714","article_modified_time":"2026-03-21T00:11:02+00:00","og_image":[{"width":800,"height":930,"url":"https:\/\/beiroperu.com\/tienda\/wp-content\/uploads\/2026\/03\/leica-ts13-equipo1.jpg","type":"image\/jpeg"}],"twitter_card":"summary_large_image","twitter_misc":{"Tiempo de lectura":"2 minutos"},"schema":{"@context":"https:\/\/schema.org","@graph":[{"@type":"WebPage","@id":"https:\/\/beiroperu.com\/tienda\/catalogo\/topografia\/estaciones-totales\/leica\/leica-ts13-1-r1000\/","url":"https:\/\/beiroperu.com\/tienda\/catalogo\/topografia\/estaciones-totales\/leica\/leica-ts13-1-r1000\/","name":"LEICA TS13 1\u201d R1000 - Topograf\u00eda, Geolog\u00eda, Miner\u00eda y Equipamiento de Oficina","isPartOf":{"@id":"https:\/\/beiroperu.com\/tienda\/#website"},"primaryImageOfPage":{"@id":"https:\/\/beiroperu.com\/tienda\/catalogo\/topografia\/estaciones-totales\/leica\/leica-ts13-1-r1000\/#primaryimage"},"image":{"@id":"https:\/\/beiroperu.com\/tienda\/catalogo\/topografia\/estaciones-totales\/leica\/leica-ts13-1-r1000\/#primaryimage"},"thumbnailUrl":"https:\/\/beiroperu.com\/tienda\/wp-content\/uploads\/2026\/03\/leica-ts13-equipo1.jpg","datePublished":"2026-03-21T00:11:01+00:00","dateModified":"2026-03-21T00:11:02+00:00","breadcrumb":{"@id":"https:\/\/beiroperu.com\/tienda\/catalogo\/topografia\/estaciones-totales\/leica\/leica-ts13-1-r1000\/#breadcrumb"},"inLanguage":"es","potentialAction":[{"@type":"ReadAction","target":["https:\/\/beiroperu.com\/tienda\/catalogo\/topografia\/estaciones-totales\/leica\/leica-ts13-1-r1000\/"]}]},{"@type":"ImageObject","inLanguage":"es","@id":"https:\/\/beiroperu.com\/tienda\/catalogo\/topografia\/estaciones-totales\/leica\/leica-ts13-1-r1000\/#primaryimage","url":"https:\/\/beiroperu.com\/tienda\/wp-content\/uploads\/2026\/03\/leica-ts13-equipo1.jpg","contentUrl":"https:\/\/beiroperu.com\/tienda\/wp-content\/uploads\/2026\/03\/leica-ts13-equipo1.jpg","width":800,"height":930},{"@type":"BreadcrumbList","@id":"https:\/\/beiroperu.com\/tienda\/catalogo\/topografia\/estaciones-totales\/leica\/leica-ts13-1-r1000\/#breadcrumb","itemListElement":[{"@type":"ListItem","position":1,"name":"Portada","item":"https:\/\/beiroperu.com\/tienda\/"},{"@type":"ListItem","position":2,"name":"Shop","item":"https:\/\/beiroperu.com\/tienda\/shop\/"},{"@type":"ListItem","position":3,"name":"LEICA TS13 1\u201d R1000"}]},{"@type":"WebSite","@id":"https:\/\/beiroperu.com\/tienda\/#website","url":"https:\/\/beiroperu.com\/tienda\/","name":"Topograf\u00eda, Geolog\u00eda, Miner\u00eda y Equipamiento de Oficina","description":"Beiro Per\u00fa","publisher":{"@id":"https:\/\/beiroperu.com\/tienda\/#organization"},"alternateName":"Beiro Per\u00fa","potentialAction":[{"@type":"SearchAction","target":{"@type":"EntryPoint","urlTemplate":"https:\/\/beiroperu.com\/tienda\/?s={search_term_string}"},"query-input":{"@type":"PropertyValueSpecification","valueRequired":true,"valueName":"search_term_string"}}],"inLanguage":"es"},{"@type":"Organization","@id":"https:\/\/beiroperu.com\/tienda\/#organization","name":"Beiro","alternateName":"Beiro Per\u00fa","url":"https:\/\/beiroperu.com\/tienda\/","logo":{"@type":"ImageObject","inLanguage":"es","@id":"https:\/\/beiroperu.com\/tienda\/#\/schema\/logo\/image\/","url":"https:\/\/beiroperu.com\/tienda\/wp-content\/uploads\/2026\/03\/logo-beiro.jpeg","contentUrl":"https:\/\/beiroperu.com\/tienda\/wp-content\/uploads\/2026\/03\/logo-beiro.jpeg","width":322,"height":123,"caption":"Beiro"},"image":{"@id":"https:\/\/beiroperu.com\/tienda\/#\/schema\/logo\/image\/"},"sameAs":["https:\/\/www.facebook.com\/profile.php?id=61574959587714","https:\/\/www.instagram.com\/beiro_equipos_topograficos?igsh=cG11NHowcmp1dzFq","https:\/\/www.threads.com\/@beiro_equipos_topograficos"]}]}},"_links":{"self":[{"href":"https:\/\/beiroperu.com\/tienda\/wp-json\/wp\/v2\/product\/36930","targetHints":{"allow":["GET"]}}],"collection":[{"href":"https:\/\/beiroperu.com\/tienda\/wp-json\/wp\/v2\/product"}],"about":[{"href":"https:\/\/beiroperu.com\/tienda\/wp-json\/wp\/v2\/types\/product"}],"replies":[{"embeddable":true,"href":"https:\/\/beiroperu.com\/tienda\/wp-json\/wp\/v2\/comments?post=36930"}],"wp:featuredmedia":[{"embeddable":true,"href":"https:\/\/beiroperu.com\/tienda\/wp-json\/wp\/v2\/media\/36931"}],"wp:attachment":[{"href":"https:\/\/beiroperu.com\/tienda\/wp-json\/wp\/v2\/media?parent=36930"}],"wp:term":[{"taxonomy":"product_brand","embeddable":true,"href":"https:\/\/beiroperu.com\/tienda\/wp-json\/wp\/v2\/product_brand?post=36930"},{"taxonomy":"product_cat","embeddable":true,"href":"https:\/\/beiroperu.com\/tienda\/wp-json\/wp\/v2\/product_cat?post=36930"},{"taxonomy":"product_tag","embeddable":true,"href":"https:\/\/beiroperu.com\/tienda\/wp-json\/wp\/v2\/product_tag?post=36930"}],"curies":[{"name":"wp","href":"https:\/\/api.w.org\/{rel}","templated":true}]}}