{"id":36935,"date":"2026-03-21T06:14:17","date_gmt":"2026-03-21T11:14:17","guid":{"rendered":"https:\/\/beiroperu.com\/tienda\/?post_type=product&#038;p=36935"},"modified":"2026-03-21T06:14:17","modified_gmt":"2026-03-21T11:14:17","slug":"foif-ots682","status":"publish","type":"product","link":"https:\/\/beiroperu.com\/tienda\/catalogo\/topografia\/estaciones-totales\/foif\/foif-ots682\/","title":{"rendered":"FOIF OTS682"},"content":{"rendered":"<p>La Estacion Total\u00a0<img decoding=\"async\" src=\"https:\/\/cosola.com\/images\/logos\/foif-logo.png\" alt=\"foif-logo\" \/>\u00a0OTS-682\u00a0 R600 est\u00e1 equipado con un decodificador absoluto por lo que no necesita Indexaci\u00f3n. Con esta tecnolog\u00eda el \u00e1ngulo horizontal se memoriza cuando se apaga el equipo de manera que cuando se enciende nuevamente no es necesario establecer el azimut de nuevo.<\/p>\n<p><strong>ESPECIFICACIONES TECNICAS<\/strong><\/p>\n<p><strong>Telescopio:\u00a0<\/strong><\/p>\n<ul>\n<li>Longitud:156mm<\/li>\n<li>Imagen:\u00a0Directa<\/li>\n<li>Apertura de Objetivo:\u00a045mm<\/li>\n<li>Aumento:\u00a030x<\/li>\n<li>Visi\u00f3n de Campo_ 1\u00b030\u00b4<\/li>\n<li>Enfoque M\u00ednimo:\u00a01.0 m.<\/li>\n<\/ul>\n<p><strong>Medici\u00f3n de \u00c1ngulos:<\/strong><\/p>\n<ul>\n<li>Sistema de Lectura:\u00a0 Encoder Absoluto<\/li>\n<li>Unidad angular: 360 grados \/ 400 gons \/ 6400mil, seleccionable<\/li>\n<li>Precisi\u00f3n:\u00a0 2<strong>\u201d<\/strong><\/li>\n<\/ul>\n<p><strong>Medici\u00f3n de Distancias<\/strong><\/p>\n<ul>\n<li>Sin Prisma: 600 Metros<\/li>\n<li>Con Un Prisma:\u00a0 5,000 Metros (Clase 3R)<\/li>\n<li>Precisi\u00f3n: 2mm+2ppm<\/li>\n<li>Tiempo de medici\u00f3n:\u00a0 2.5s (inicial)<\/li>\n<\/ul>\n<h3><strong>Mas Informaci\u00f3n Ver:\u00a0<a href=\"https:\/\/cosola.com\/images\/archivos\/OTS680_brochure_En_1.pdf\" target=\"_blank\" rel=\"noopener\"><img loading=\"lazy\" decoding=\"async\" src=\"https:\/\/cosola.com\/images\/logos\/Logo-PDF.png\" alt=\"Logo-PDF\" width=\"80\" height=\"80\" \/><\/a><\/strong><\/h3>\n","protected":false},"excerpt":{"rendered":"<p>La Estacion Total\u00a0<img decoding=\"async\" src=\"https:\/\/cosola.com\/images\/logos\/foif-logo.png\" alt=\"foif-logo\" \/>\u00a0OTS-682\u00a0 R600 est\u00e1 equipado con un decodificador absoluto por lo que no necesita Indexaci\u00f3n. Con esta tecnolog\u00eda el \u00e1ngulo horizontal se memoriza cuando se apaga el equipo de manera que cuando se enciende nuevamente no es necesario establecer el azimut de nuevo.<\/p>\n","protected":false},"featured_media":36936,"comment_status":"open","ping_status":"closed","template":"","meta":[],"product_brand":[],"product_cat":[73],"product_tag":[],"class_list":{"0":"post-36935","1":"product","2":"type-product","3":"status-publish","4":"has-post-thumbnail","6":"product_cat-foif","8":"first","9":"instock","10":"shipping-taxable","11":"product-type-simple"},"yoast_head":"<!-- This site is optimized with the Yoast SEO plugin v27.2 - https:\/\/yoast.com\/product\/yoast-seo-wordpress\/ -->\n<title>FOIF OTS682 - Topograf\u00eda, Geolog\u00eda, Miner\u00eda y Equipamiento de Oficina<\/title>\n<meta name=\"robots\" content=\"index, follow, max-snippet:-1, max-image-preview:large, max-video-preview:-1\" \/>\n<link rel=\"canonical\" href=\"https:\/\/beiroperu.com\/tienda\/catalogo\/topografia\/estaciones-totales\/foif\/foif-ots682\/\" \/>\n<meta property=\"og:locale\" content=\"es_ES\" \/>\n<meta property=\"og:type\" content=\"article\" \/>\n<meta property=\"og:title\" content=\"FOIF OTS682 - Topograf\u00eda, Geolog\u00eda, Miner\u00eda y Equipamiento de Oficina\" \/>\n<meta property=\"og:description\" content=\"La Estacion Total\u00a0\u00a0OTS-682\u00a0 R600 est\u00e1 equipado con un decodificador absoluto por lo que no necesita Indexaci\u00f3n. Con esta tecnolog\u00eda el \u00e1ngulo horizontal se memoriza cuando se apaga el equipo de manera que cuando se enciende nuevamente no es necesario establecer el azimut de nuevo.\" \/>\n<meta property=\"og:url\" content=\"https:\/\/beiroperu.com\/tienda\/catalogo\/topografia\/estaciones-totales\/foif\/foif-ots682\/\" \/>\n<meta property=\"og:site_name\" content=\"Topograf\u00eda, Geolog\u00eda, Miner\u00eda y Equipamiento de Oficina\" \/>\n<meta property=\"article:publisher\" content=\"https:\/\/www.facebook.com\/profile.php?id=61574959587714\" \/>\n<meta property=\"og:image\" content=\"https:\/\/beiroperu.com\/tienda\/wp-content\/uploads\/2026\/03\/foif-OTS682-estacion-total-1.jpg\" \/>\n\t<meta property=\"og:image:width\" content=\"800\" \/>\n\t<meta property=\"og:image:height\" content=\"930\" \/>\n\t<meta property=\"og:image:type\" content=\"image\/jpeg\" \/>\n<meta name=\"twitter:card\" content=\"summary_large_image\" \/>\n<meta name=\"twitter:label1\" content=\"Tiempo de lectura\" \/>\n\t<meta name=\"twitter:data1\" content=\"2 minutos\" \/>\n<script type=\"application\/ld+json\" class=\"yoast-schema-graph\">{\"@context\":\"https:\/\/schema.org\",\"@graph\":[{\"@type\":\"WebPage\",\"@id\":\"https:\/\/beiroperu.com\/tienda\/catalogo\/topografia\/estaciones-totales\/foif\/foif-ots682\/\",\"url\":\"https:\/\/beiroperu.com\/tienda\/catalogo\/topografia\/estaciones-totales\/foif\/foif-ots682\/\",\"name\":\"FOIF OTS682 - Topograf\u00eda, Geolog\u00eda, Miner\u00eda y Equipamiento de Oficina\",\"isPartOf\":{\"@id\":\"https:\/\/beiroperu.com\/tienda\/#website\"},\"primaryImageOfPage\":{\"@id\":\"https:\/\/beiroperu.com\/tienda\/catalogo\/topografia\/estaciones-totales\/foif\/foif-ots682\/#primaryimage\"},\"image\":{\"@id\":\"https:\/\/beiroperu.com\/tienda\/catalogo\/topografia\/estaciones-totales\/foif\/foif-ots682\/#primaryimage\"},\"thumbnailUrl\":\"https:\/\/beiroperu.com\/tienda\/wp-content\/uploads\/2026\/03\/foif-OTS682-estacion-total-1.jpg\",\"datePublished\":\"2026-03-21T11:14:17+00:00\",\"breadcrumb\":{\"@id\":\"https:\/\/beiroperu.com\/tienda\/catalogo\/topografia\/estaciones-totales\/foif\/foif-ots682\/#breadcrumb\"},\"inLanguage\":\"es\",\"potentialAction\":[{\"@type\":\"ReadAction\",\"target\":[\"https:\/\/beiroperu.com\/tienda\/catalogo\/topografia\/estaciones-totales\/foif\/foif-ots682\/\"]}]},{\"@type\":\"ImageObject\",\"inLanguage\":\"es\",\"@id\":\"https:\/\/beiroperu.com\/tienda\/catalogo\/topografia\/estaciones-totales\/foif\/foif-ots682\/#primaryimage\",\"url\":\"https:\/\/beiroperu.com\/tienda\/wp-content\/uploads\/2026\/03\/foif-OTS682-estacion-total-1.jpg\",\"contentUrl\":\"https:\/\/beiroperu.com\/tienda\/wp-content\/uploads\/2026\/03\/foif-OTS682-estacion-total-1.jpg\",\"width\":800,\"height\":930},{\"@type\":\"BreadcrumbList\",\"@id\":\"https:\/\/beiroperu.com\/tienda\/catalogo\/topografia\/estaciones-totales\/foif\/foif-ots682\/#breadcrumb\",\"itemListElement\":[{\"@type\":\"ListItem\",\"position\":1,\"name\":\"Portada\",\"item\":\"https:\/\/beiroperu.com\/tienda\/\"},{\"@type\":\"ListItem\",\"position\":2,\"name\":\"Shop\",\"item\":\"https:\/\/beiroperu.com\/tienda\/shop\/\"},{\"@type\":\"ListItem\",\"position\":3,\"name\":\"FOIF OTS682\"}]},{\"@type\":\"WebSite\",\"@id\":\"https:\/\/beiroperu.com\/tienda\/#website\",\"url\":\"https:\/\/beiroperu.com\/tienda\/\",\"name\":\"Topograf\u00eda, Geolog\u00eda, Miner\u00eda y Equipamiento de Oficina\",\"description\":\"Beiro Per\u00fa\",\"publisher\":{\"@id\":\"https:\/\/beiroperu.com\/tienda\/#organization\"},\"alternateName\":\"Beiro Per\u00fa\",\"potentialAction\":[{\"@type\":\"SearchAction\",\"target\":{\"@type\":\"EntryPoint\",\"urlTemplate\":\"https:\/\/beiroperu.com\/tienda\/?s={search_term_string}\"},\"query-input\":{\"@type\":\"PropertyValueSpecification\",\"valueRequired\":true,\"valueName\":\"search_term_string\"}}],\"inLanguage\":\"es\"},{\"@type\":\"Organization\",\"@id\":\"https:\/\/beiroperu.com\/tienda\/#organization\",\"name\":\"Beiro\",\"alternateName\":\"Beiro Per\u00fa\",\"url\":\"https:\/\/beiroperu.com\/tienda\/\",\"logo\":{\"@type\":\"ImageObject\",\"inLanguage\":\"es\",\"@id\":\"https:\/\/beiroperu.com\/tienda\/#\/schema\/logo\/image\/\",\"url\":\"https:\/\/beiroperu.com\/tienda\/wp-content\/uploads\/2026\/03\/logo-beiro.jpeg\",\"contentUrl\":\"https:\/\/beiroperu.com\/tienda\/wp-content\/uploads\/2026\/03\/logo-beiro.jpeg\",\"width\":322,\"height\":123,\"caption\":\"Beiro\"},\"image\":{\"@id\":\"https:\/\/beiroperu.com\/tienda\/#\/schema\/logo\/image\/\"},\"sameAs\":[\"https:\/\/www.facebook.com\/profile.php?id=61574959587714\",\"https:\/\/www.instagram.com\/beiro_equipos_topograficos?igsh=cG11NHowcmp1dzFq\",\"https:\/\/www.threads.com\/@beiro_equipos_topograficos\"]}]}<\/script>\n<!-- \/ Yoast SEO plugin. -->","yoast_head_json":{"title":"FOIF OTS682 - Topograf\u00eda, Geolog\u00eda, Miner\u00eda y Equipamiento de Oficina","robots":{"index":"index","follow":"follow","max-snippet":"max-snippet:-1","max-image-preview":"max-image-preview:large","max-video-preview":"max-video-preview:-1"},"canonical":"https:\/\/beiroperu.com\/tienda\/catalogo\/topografia\/estaciones-totales\/foif\/foif-ots682\/","og_locale":"es_ES","og_type":"article","og_title":"FOIF OTS682 - Topograf\u00eda, Geolog\u00eda, Miner\u00eda y Equipamiento de Oficina","og_description":"La Estacion Total\u00a0\u00a0OTS-682\u00a0 R600 est\u00e1 equipado con un decodificador absoluto por lo que no necesita Indexaci\u00f3n. Con esta tecnolog\u00eda el \u00e1ngulo horizontal se memoriza cuando se apaga el equipo de manera que cuando se enciende nuevamente no es necesario establecer el azimut de nuevo.","og_url":"https:\/\/beiroperu.com\/tienda\/catalogo\/topografia\/estaciones-totales\/foif\/foif-ots682\/","og_site_name":"Topograf\u00eda, Geolog\u00eda, Miner\u00eda y Equipamiento de Oficina","article_publisher":"https:\/\/www.facebook.com\/profile.php?id=61574959587714","og_image":[{"width":800,"height":930,"url":"https:\/\/beiroperu.com\/tienda\/wp-content\/uploads\/2026\/03\/foif-OTS682-estacion-total-1.jpg","type":"image\/jpeg"}],"twitter_card":"summary_large_image","twitter_misc":{"Tiempo de lectura":"2 minutos"},"schema":{"@context":"https:\/\/schema.org","@graph":[{"@type":"WebPage","@id":"https:\/\/beiroperu.com\/tienda\/catalogo\/topografia\/estaciones-totales\/foif\/foif-ots682\/","url":"https:\/\/beiroperu.com\/tienda\/catalogo\/topografia\/estaciones-totales\/foif\/foif-ots682\/","name":"FOIF OTS682 - Topograf\u00eda, Geolog\u00eda, Miner\u00eda y Equipamiento de Oficina","isPartOf":{"@id":"https:\/\/beiroperu.com\/tienda\/#website"},"primaryImageOfPage":{"@id":"https:\/\/beiroperu.com\/tienda\/catalogo\/topografia\/estaciones-totales\/foif\/foif-ots682\/#primaryimage"},"image":{"@id":"https:\/\/beiroperu.com\/tienda\/catalogo\/topografia\/estaciones-totales\/foif\/foif-ots682\/#primaryimage"},"thumbnailUrl":"https:\/\/beiroperu.com\/tienda\/wp-content\/uploads\/2026\/03\/foif-OTS682-estacion-total-1.jpg","datePublished":"2026-03-21T11:14:17+00:00","breadcrumb":{"@id":"https:\/\/beiroperu.com\/tienda\/catalogo\/topografia\/estaciones-totales\/foif\/foif-ots682\/#breadcrumb"},"inLanguage":"es","potentialAction":[{"@type":"ReadAction","target":["https:\/\/beiroperu.com\/tienda\/catalogo\/topografia\/estaciones-totales\/foif\/foif-ots682\/"]}]},{"@type":"ImageObject","inLanguage":"es","@id":"https:\/\/beiroperu.com\/tienda\/catalogo\/topografia\/estaciones-totales\/foif\/foif-ots682\/#primaryimage","url":"https:\/\/beiroperu.com\/tienda\/wp-content\/uploads\/2026\/03\/foif-OTS682-estacion-total-1.jpg","contentUrl":"https:\/\/beiroperu.com\/tienda\/wp-content\/uploads\/2026\/03\/foif-OTS682-estacion-total-1.jpg","width":800,"height":930},{"@type":"BreadcrumbList","@id":"https:\/\/beiroperu.com\/tienda\/catalogo\/topografia\/estaciones-totales\/foif\/foif-ots682\/#breadcrumb","itemListElement":[{"@type":"ListItem","position":1,"name":"Portada","item":"https:\/\/beiroperu.com\/tienda\/"},{"@type":"ListItem","position":2,"name":"Shop","item":"https:\/\/beiroperu.com\/tienda\/shop\/"},{"@type":"ListItem","position":3,"name":"FOIF OTS682"}]},{"@type":"WebSite","@id":"https:\/\/beiroperu.com\/tienda\/#website","url":"https:\/\/beiroperu.com\/tienda\/","name":"Topograf\u00eda, Geolog\u00eda, Miner\u00eda y Equipamiento de Oficina","description":"Beiro Per\u00fa","publisher":{"@id":"https:\/\/beiroperu.com\/tienda\/#organization"},"alternateName":"Beiro Per\u00fa","potentialAction":[{"@type":"SearchAction","target":{"@type":"EntryPoint","urlTemplate":"https:\/\/beiroperu.com\/tienda\/?s={search_term_string}"},"query-input":{"@type":"PropertyValueSpecification","valueRequired":true,"valueName":"search_term_string"}}],"inLanguage":"es"},{"@type":"Organization","@id":"https:\/\/beiroperu.com\/tienda\/#organization","name":"Beiro","alternateName":"Beiro Per\u00fa","url":"https:\/\/beiroperu.com\/tienda\/","logo":{"@type":"ImageObject","inLanguage":"es","@id":"https:\/\/beiroperu.com\/tienda\/#\/schema\/logo\/image\/","url":"https:\/\/beiroperu.com\/tienda\/wp-content\/uploads\/2026\/03\/logo-beiro.jpeg","contentUrl":"https:\/\/beiroperu.com\/tienda\/wp-content\/uploads\/2026\/03\/logo-beiro.jpeg","width":322,"height":123,"caption":"Beiro"},"image":{"@id":"https:\/\/beiroperu.com\/tienda\/#\/schema\/logo\/image\/"},"sameAs":["https:\/\/www.facebook.com\/profile.php?id=61574959587714","https:\/\/www.instagram.com\/beiro_equipos_topograficos?igsh=cG11NHowcmp1dzFq","https:\/\/www.threads.com\/@beiro_equipos_topograficos"]}]}},"_links":{"self":[{"href":"https:\/\/beiroperu.com\/tienda\/wp-json\/wp\/v2\/product\/36935","targetHints":{"allow":["GET"]}}],"collection":[{"href":"https:\/\/beiroperu.com\/tienda\/wp-json\/wp\/v2\/product"}],"about":[{"href":"https:\/\/beiroperu.com\/tienda\/wp-json\/wp\/v2\/types\/product"}],"replies":[{"embeddable":true,"href":"https:\/\/beiroperu.com\/tienda\/wp-json\/wp\/v2\/comments?post=36935"}],"wp:featuredmedia":[{"embeddable":true,"href":"https:\/\/beiroperu.com\/tienda\/wp-json\/wp\/v2\/media\/36936"}],"wp:attachment":[{"href":"https:\/\/beiroperu.com\/tienda\/wp-json\/wp\/v2\/media?parent=36935"}],"wp:term":[{"taxonomy":"product_brand","embeddable":true,"href":"https:\/\/beiroperu.com\/tienda\/wp-json\/wp\/v2\/product_brand?post=36935"},{"taxonomy":"product_cat","embeddable":true,"href":"https:\/\/beiroperu.com\/tienda\/wp-json\/wp\/v2\/product_cat?post=36935"},{"taxonomy":"product_tag","embeddable":true,"href":"https:\/\/beiroperu.com\/tienda\/wp-json\/wp\/v2\/product_tag?post=36935"}],"curies":[{"name":"wp","href":"https:\/\/api.w.org\/{rel}","templated":true}]}}