{"id":36944,"date":"2026-03-21T06:33:34","date_gmt":"2026-03-21T11:33:34","guid":{"rendered":"https:\/\/beiroperu.com\/tienda\/?post_type=product&#038;p=36944"},"modified":"2026-03-21T06:33:35","modified_gmt":"2026-03-21T11:33:35","slug":"south-n1","status":"publish","type":"product","link":"https:\/\/beiroperu.com\/tienda\/catalogo\/topografia\/estaciones-totales\/south\/south-n1\/","title":{"rendered":"SOUTH N1"},"content":{"rendered":"<p><strong>CARACTER\u00cdSTICAS\u00a0<img loading=\"lazy\" decoding=\"async\" src=\"https:\/\/cosola.com\/images\/logos\/logo.png\" alt=\"logo\" width=\"95\" height=\"33\" \/>:<\/strong><\/p>\n<ul>\n<li>EDM sin reflector de hasta 1000 m<\/li>\n<li>Flujo de trabajo inteligente con Android 6.0<\/li>\n<li>Pantalla grande de alta resoluci\u00f3n<\/li>\n<li>Conexi\u00f3n sin cables por Bluetooth<\/li>\n<li>Software intuitivo a bordo: Survey Star y Map Star<\/li>\n<li>\n<h4><strong>EDM DE DOBLE L\u00c1SER\u00a0<\/strong><\/h4>\n<ul>\n<li>1000m Sin prisma<\/li>\n<li>Se\u00f1al de retorno m\u00e1s fuerte debido a su tecnolog\u00eda l\u00e1ser dual<\/li>\n<\/ul>\n<h4><strong>MEDICION ESTABLE<\/strong><\/h4>\n<ul>\n<li>Precisi\u00f3n: 2 + 2ppm<\/li>\n<li>Extremadamente R\u00e1pido (0.3s) de velocidad en modo fino<\/li>\n<\/ul>\n<h3><strong>Potente procesador<\/strong><\/h3>\n<ul>\n<li>El procesador de 8 n\u00facleos, MT6753, aumenta la velocidad y la capacidad de respuesta<\/li>\n<\/ul>\n<h3><strong>Puntero l\u00e1ser<\/strong><\/h3>\n<ul>\n<li>Proporcion\u00f3 la gu\u00eda precisa para apuntar al objetivo<\/li>\n<\/ul>\n<h4><strong>MAP STAR<\/strong><\/h4>\n<p>Integra la funci\u00f3n de mapeo digital con medici\u00f3n, Map Star simplific\u00f3 su trabajo al aire libre y realiz\u00f3 el mapeo eficiente en dispositivos m\u00f3viles en lugar de PC.<\/p>\n<ul>\n<li>Gu\u00eda gr\u00e1fica con flujo de trabajo intuitivo.<\/li>\n<li>Interfaz de usuario ic\u00f3nica para configuraci\u00f3n de estaciones, mapeo y administraci\u00f3n de trabajos.<\/li>\n<li>Barra de herramientas para acceder r\u00e1pidamente al estado del instrumento.<\/li>\n<li>Biblioteca completa de c\u00f3digo, descripci\u00f3n incluida y n\u00famero de c\u00f3digo.<\/li>\n<li>Dibuje los objetos (puntos, l\u00edneas o superficies) y las formas (cuadrado, c\u00edrculo o curva) libremente como desee.<\/li>\n<li>Marque los puntos con palabras, im\u00e1genes o voz grabada.<\/li>\n<li>Genere el mapa digital autom\u00e1ticamente, lo que le ahorrar\u00e1 mucho tiempo con una comodidad superior.<\/li>\n<\/ul>\n<p><strong>\u00a0<\/strong>Mas informaci\u00f3n Ver:<strong>\u00a0<a href=\"https:\/\/cosola.com\/images\/Estacion_Total_South_N1.pdf\" target=\"_blank\" rel=\"noopener\"><img loading=\"lazy\" decoding=\"async\" src=\"https:\/\/cosola.com\/images\/logos\/Logo-PDF.png\" alt=\"Logo-PDF\" width=\"70\" height=\"70\" \/><\/a><\/strong><\/li>\n<\/ul>\n","protected":false},"excerpt":{"rendered":"<p><strong>CARACTER\u00cdSTICAS\u00a0<img loading=\"lazy\" decoding=\"async\" src=\"https:\/\/cosola.com\/images\/logos\/logo.png\" alt=\"logo\" width=\"95\" height=\"33\" \/>:<\/strong><\/p>\n<ul>\n<li>EDM sin reflector de hasta 1000 m<\/li>\n<li>Flujo de trabajo inteligente con Android 6.0<\/li>\n<li>Pantalla grande de alta resoluci\u00f3n<\/li>\n<li>Conexi\u00f3n sin cables por Bluetooth<\/li>\n<li>Software intuitivo a bordo: Survey Star y Map Star<\/li>\n<\/ul>\n","protected":false},"featured_media":36945,"comment_status":"open","ping_status":"closed","template":"","meta":[],"product_brand":[],"product_cat":[72],"product_tag":[],"class_list":{"0":"post-36944","1":"product","2":"type-product","3":"status-publish","4":"has-post-thumbnail","6":"product_cat-south","8":"first","9":"instock","10":"shipping-taxable","11":"product-type-simple"},"yoast_head":"<!-- This site is optimized with the Yoast SEO plugin v27.2 - https:\/\/yoast.com\/product\/yoast-seo-wordpress\/ -->\n<title>SOUTH N1 - Topograf\u00eda, Geolog\u00eda, Miner\u00eda y Equipamiento de Oficina<\/title>\n<meta name=\"robots\" content=\"index, follow, max-snippet:-1, max-image-preview:large, max-video-preview:-1\" \/>\n<link rel=\"canonical\" href=\"https:\/\/beiroperu.com\/tienda\/catalogo\/topografia\/estaciones-totales\/south\/south-n1\/\" \/>\n<meta property=\"og:locale\" content=\"es_ES\" \/>\n<meta property=\"og:type\" content=\"article\" \/>\n<meta property=\"og:title\" content=\"SOUTH N1 - Topograf\u00eda, Geolog\u00eda, Miner\u00eda y Equipamiento de Oficina\" \/>\n<meta property=\"og:description\" content=\"CARACTER\u00cdSTICAS\u00a0:   EDM sin reflector de hasta 1000 m  Flujo de trabajo inteligente con Android 6.0  Pantalla grande de alta resoluci\u00f3n  Conexi\u00f3n sin cables por Bluetooth  Software intuitivo a bordo: Survey Star y Map Star\" \/>\n<meta property=\"og:url\" content=\"https:\/\/beiroperu.com\/tienda\/catalogo\/topografia\/estaciones-totales\/south\/south-n1\/\" \/>\n<meta property=\"og:site_name\" content=\"Topograf\u00eda, Geolog\u00eda, Miner\u00eda y Equipamiento de Oficina\" \/>\n<meta property=\"article:publisher\" content=\"https:\/\/www.facebook.com\/profile.php?id=61574959587714\" \/>\n<meta property=\"article:modified_time\" content=\"2026-03-21T11:33:35+00:00\" \/>\n<meta property=\"og:image\" content=\"https:\/\/beiroperu.com\/tienda\/wp-content\/uploads\/2026\/03\/south-n1-estacion-total-1.jpg\" \/>\n\t<meta property=\"og:image:width\" content=\"800\" \/>\n\t<meta property=\"og:image:height\" content=\"930\" \/>\n\t<meta property=\"og:image:type\" content=\"image\/jpeg\" \/>\n<meta name=\"twitter:card\" content=\"summary_large_image\" \/>\n<meta name=\"twitter:label1\" content=\"Tiempo de lectura\" \/>\n\t<meta name=\"twitter:data1\" content=\"2 minutos\" \/>\n<script type=\"application\/ld+json\" class=\"yoast-schema-graph\">{\"@context\":\"https:\/\/schema.org\",\"@graph\":[{\"@type\":\"WebPage\",\"@id\":\"https:\/\/beiroperu.com\/tienda\/catalogo\/topografia\/estaciones-totales\/south\/south-n1\/\",\"url\":\"https:\/\/beiroperu.com\/tienda\/catalogo\/topografia\/estaciones-totales\/south\/south-n1\/\",\"name\":\"SOUTH N1 - Topograf\u00eda, Geolog\u00eda, Miner\u00eda y Equipamiento de Oficina\",\"isPartOf\":{\"@id\":\"https:\/\/beiroperu.com\/tienda\/#website\"},\"primaryImageOfPage\":{\"@id\":\"https:\/\/beiroperu.com\/tienda\/catalogo\/topografia\/estaciones-totales\/south\/south-n1\/#primaryimage\"},\"image\":{\"@id\":\"https:\/\/beiroperu.com\/tienda\/catalogo\/topografia\/estaciones-totales\/south\/south-n1\/#primaryimage\"},\"thumbnailUrl\":\"https:\/\/beiroperu.com\/tienda\/wp-content\/uploads\/2026\/03\/south-n1-estacion-total-1.jpg\",\"datePublished\":\"2026-03-21T11:33:34+00:00\",\"dateModified\":\"2026-03-21T11:33:35+00:00\",\"breadcrumb\":{\"@id\":\"https:\/\/beiroperu.com\/tienda\/catalogo\/topografia\/estaciones-totales\/south\/south-n1\/#breadcrumb\"},\"inLanguage\":\"es\",\"potentialAction\":[{\"@type\":\"ReadAction\",\"target\":[\"https:\/\/beiroperu.com\/tienda\/catalogo\/topografia\/estaciones-totales\/south\/south-n1\/\"]}]},{\"@type\":\"ImageObject\",\"inLanguage\":\"es\",\"@id\":\"https:\/\/beiroperu.com\/tienda\/catalogo\/topografia\/estaciones-totales\/south\/south-n1\/#primaryimage\",\"url\":\"https:\/\/beiroperu.com\/tienda\/wp-content\/uploads\/2026\/03\/south-n1-estacion-total-1.jpg\",\"contentUrl\":\"https:\/\/beiroperu.com\/tienda\/wp-content\/uploads\/2026\/03\/south-n1-estacion-total-1.jpg\",\"width\":800,\"height\":930},{\"@type\":\"BreadcrumbList\",\"@id\":\"https:\/\/beiroperu.com\/tienda\/catalogo\/topografia\/estaciones-totales\/south\/south-n1\/#breadcrumb\",\"itemListElement\":[{\"@type\":\"ListItem\",\"position\":1,\"name\":\"Portada\",\"item\":\"https:\/\/beiroperu.com\/tienda\/\"},{\"@type\":\"ListItem\",\"position\":2,\"name\":\"Shop\",\"item\":\"https:\/\/beiroperu.com\/tienda\/shop\/\"},{\"@type\":\"ListItem\",\"position\":3,\"name\":\"SOUTH N1\"}]},{\"@type\":\"WebSite\",\"@id\":\"https:\/\/beiroperu.com\/tienda\/#website\",\"url\":\"https:\/\/beiroperu.com\/tienda\/\",\"name\":\"Topograf\u00eda, Geolog\u00eda, Miner\u00eda y Equipamiento de Oficina\",\"description\":\"Beiro Per\u00fa\",\"publisher\":{\"@id\":\"https:\/\/beiroperu.com\/tienda\/#organization\"},\"alternateName\":\"Beiro Per\u00fa\",\"potentialAction\":[{\"@type\":\"SearchAction\",\"target\":{\"@type\":\"EntryPoint\",\"urlTemplate\":\"https:\/\/beiroperu.com\/tienda\/?s={search_term_string}\"},\"query-input\":{\"@type\":\"PropertyValueSpecification\",\"valueRequired\":true,\"valueName\":\"search_term_string\"}}],\"inLanguage\":\"es\"},{\"@type\":\"Organization\",\"@id\":\"https:\/\/beiroperu.com\/tienda\/#organization\",\"name\":\"Beiro\",\"alternateName\":\"Beiro Per\u00fa\",\"url\":\"https:\/\/beiroperu.com\/tienda\/\",\"logo\":{\"@type\":\"ImageObject\",\"inLanguage\":\"es\",\"@id\":\"https:\/\/beiroperu.com\/tienda\/#\/schema\/logo\/image\/\",\"url\":\"https:\/\/beiroperu.com\/tienda\/wp-content\/uploads\/2026\/03\/logo-beiro.jpeg\",\"contentUrl\":\"https:\/\/beiroperu.com\/tienda\/wp-content\/uploads\/2026\/03\/logo-beiro.jpeg\",\"width\":322,\"height\":123,\"caption\":\"Beiro\"},\"image\":{\"@id\":\"https:\/\/beiroperu.com\/tienda\/#\/schema\/logo\/image\/\"},\"sameAs\":[\"https:\/\/www.facebook.com\/profile.php?id=61574959587714\",\"https:\/\/www.instagram.com\/beiro_equipos_topograficos?igsh=cG11NHowcmp1dzFq\",\"https:\/\/www.threads.com\/@beiro_equipos_topograficos\"]}]}<\/script>\n<!-- \/ Yoast SEO plugin. -->","yoast_head_json":{"title":"SOUTH N1 - Topograf\u00eda, Geolog\u00eda, Miner\u00eda y Equipamiento de Oficina","robots":{"index":"index","follow":"follow","max-snippet":"max-snippet:-1","max-image-preview":"max-image-preview:large","max-video-preview":"max-video-preview:-1"},"canonical":"https:\/\/beiroperu.com\/tienda\/catalogo\/topografia\/estaciones-totales\/south\/south-n1\/","og_locale":"es_ES","og_type":"article","og_title":"SOUTH N1 - Topograf\u00eda, Geolog\u00eda, Miner\u00eda y Equipamiento de Oficina","og_description":"CARACTER\u00cdSTICAS\u00a0:   EDM sin reflector de hasta 1000 m  Flujo de trabajo inteligente con Android 6.0  Pantalla grande de alta resoluci\u00f3n  Conexi\u00f3n sin cables por Bluetooth  Software intuitivo a bordo: Survey Star y Map Star","og_url":"https:\/\/beiroperu.com\/tienda\/catalogo\/topografia\/estaciones-totales\/south\/south-n1\/","og_site_name":"Topograf\u00eda, Geolog\u00eda, Miner\u00eda y Equipamiento de Oficina","article_publisher":"https:\/\/www.facebook.com\/profile.php?id=61574959587714","article_modified_time":"2026-03-21T11:33:35+00:00","og_image":[{"width":800,"height":930,"url":"https:\/\/beiroperu.com\/tienda\/wp-content\/uploads\/2026\/03\/south-n1-estacion-total-1.jpg","type":"image\/jpeg"}],"twitter_card":"summary_large_image","twitter_misc":{"Tiempo de lectura":"2 minutos"},"schema":{"@context":"https:\/\/schema.org","@graph":[{"@type":"WebPage","@id":"https:\/\/beiroperu.com\/tienda\/catalogo\/topografia\/estaciones-totales\/south\/south-n1\/","url":"https:\/\/beiroperu.com\/tienda\/catalogo\/topografia\/estaciones-totales\/south\/south-n1\/","name":"SOUTH N1 - Topograf\u00eda, Geolog\u00eda, Miner\u00eda y Equipamiento de Oficina","isPartOf":{"@id":"https:\/\/beiroperu.com\/tienda\/#website"},"primaryImageOfPage":{"@id":"https:\/\/beiroperu.com\/tienda\/catalogo\/topografia\/estaciones-totales\/south\/south-n1\/#primaryimage"},"image":{"@id":"https:\/\/beiroperu.com\/tienda\/catalogo\/topografia\/estaciones-totales\/south\/south-n1\/#primaryimage"},"thumbnailUrl":"https:\/\/beiroperu.com\/tienda\/wp-content\/uploads\/2026\/03\/south-n1-estacion-total-1.jpg","datePublished":"2026-03-21T11:33:34+00:00","dateModified":"2026-03-21T11:33:35+00:00","breadcrumb":{"@id":"https:\/\/beiroperu.com\/tienda\/catalogo\/topografia\/estaciones-totales\/south\/south-n1\/#breadcrumb"},"inLanguage":"es","potentialAction":[{"@type":"ReadAction","target":["https:\/\/beiroperu.com\/tienda\/catalogo\/topografia\/estaciones-totales\/south\/south-n1\/"]}]},{"@type":"ImageObject","inLanguage":"es","@id":"https:\/\/beiroperu.com\/tienda\/catalogo\/topografia\/estaciones-totales\/south\/south-n1\/#primaryimage","url":"https:\/\/beiroperu.com\/tienda\/wp-content\/uploads\/2026\/03\/south-n1-estacion-total-1.jpg","contentUrl":"https:\/\/beiroperu.com\/tienda\/wp-content\/uploads\/2026\/03\/south-n1-estacion-total-1.jpg","width":800,"height":930},{"@type":"BreadcrumbList","@id":"https:\/\/beiroperu.com\/tienda\/catalogo\/topografia\/estaciones-totales\/south\/south-n1\/#breadcrumb","itemListElement":[{"@type":"ListItem","position":1,"name":"Portada","item":"https:\/\/beiroperu.com\/tienda\/"},{"@type":"ListItem","position":2,"name":"Shop","item":"https:\/\/beiroperu.com\/tienda\/shop\/"},{"@type":"ListItem","position":3,"name":"SOUTH N1"}]},{"@type":"WebSite","@id":"https:\/\/beiroperu.com\/tienda\/#website","url":"https:\/\/beiroperu.com\/tienda\/","name":"Topograf\u00eda, Geolog\u00eda, Miner\u00eda y Equipamiento de Oficina","description":"Beiro Per\u00fa","publisher":{"@id":"https:\/\/beiroperu.com\/tienda\/#organization"},"alternateName":"Beiro Per\u00fa","potentialAction":[{"@type":"SearchAction","target":{"@type":"EntryPoint","urlTemplate":"https:\/\/beiroperu.com\/tienda\/?s={search_term_string}"},"query-input":{"@type":"PropertyValueSpecification","valueRequired":true,"valueName":"search_term_string"}}],"inLanguage":"es"},{"@type":"Organization","@id":"https:\/\/beiroperu.com\/tienda\/#organization","name":"Beiro","alternateName":"Beiro Per\u00fa","url":"https:\/\/beiroperu.com\/tienda\/","logo":{"@type":"ImageObject","inLanguage":"es","@id":"https:\/\/beiroperu.com\/tienda\/#\/schema\/logo\/image\/","url":"https:\/\/beiroperu.com\/tienda\/wp-content\/uploads\/2026\/03\/logo-beiro.jpeg","contentUrl":"https:\/\/beiroperu.com\/tienda\/wp-content\/uploads\/2026\/03\/logo-beiro.jpeg","width":322,"height":123,"caption":"Beiro"},"image":{"@id":"https:\/\/beiroperu.com\/tienda\/#\/schema\/logo\/image\/"},"sameAs":["https:\/\/www.facebook.com\/profile.php?id=61574959587714","https:\/\/www.instagram.com\/beiro_equipos_topograficos?igsh=cG11NHowcmp1dzFq","https:\/\/www.threads.com\/@beiro_equipos_topograficos"]}]}},"_links":{"self":[{"href":"https:\/\/beiroperu.com\/tienda\/wp-json\/wp\/v2\/product\/36944","targetHints":{"allow":["GET"]}}],"collection":[{"href":"https:\/\/beiroperu.com\/tienda\/wp-json\/wp\/v2\/product"}],"about":[{"href":"https:\/\/beiroperu.com\/tienda\/wp-json\/wp\/v2\/types\/product"}],"replies":[{"embeddable":true,"href":"https:\/\/beiroperu.com\/tienda\/wp-json\/wp\/v2\/comments?post=36944"}],"wp:featuredmedia":[{"embeddable":true,"href":"https:\/\/beiroperu.com\/tienda\/wp-json\/wp\/v2\/media\/36945"}],"wp:attachment":[{"href":"https:\/\/beiroperu.com\/tienda\/wp-json\/wp\/v2\/media?parent=36944"}],"wp:term":[{"taxonomy":"product_brand","embeddable":true,"href":"https:\/\/beiroperu.com\/tienda\/wp-json\/wp\/v2\/product_brand?post=36944"},{"taxonomy":"product_cat","embeddable":true,"href":"https:\/\/beiroperu.com\/tienda\/wp-json\/wp\/v2\/product_cat?post=36944"},{"taxonomy":"product_tag","embeddable":true,"href":"https:\/\/beiroperu.com\/tienda\/wp-json\/wp\/v2\/product_tag?post=36944"}],"curies":[{"name":"wp","href":"https:\/\/api.w.org\/{rel}","templated":true}]}}