{"id":36946,"date":"2026-03-21T06:37:19","date_gmt":"2026-03-21T11:37:19","guid":{"rendered":"https:\/\/beiroperu.com\/tienda\/?post_type=product&#038;p=36946"},"modified":"2026-03-21T06:37:20","modified_gmt":"2026-03-21T11:37:20","slug":"south-n3","status":"publish","type":"product","link":"https:\/\/beiroperu.com\/tienda\/catalogo\/topografia\/estaciones-totales\/south\/south-n3\/","title":{"rendered":"SOUTH N3"},"content":{"rendered":"<p><strong>La South N3<\/strong>\u00a0es una<strong>\u00a0estaci\u00f3n total manual de \u00faltima generaci\u00f3n<\/strong>\u00a0dise\u00f1ada para ofrecer m\u00e1xima eficiencia, precisi\u00f3n y rapidez en campo.<br \/>\nCon su innovador sistema de medici\u00f3n autom\u00e1tica de altura, estructura ligera y conectividad avanzada, redefine la forma en que los profesionales realizan levantamientos, replanteos y mediciones topogr\u00e1ficas.<\/p>\n<p>La serie\u00a0<strong>N3 de SOUTH<\/strong>, es una serie para todo tipo de trabajos, con una amplia pantalla t\u00e1ctil de 3 pulgadas, un potente distanci\u00f3metro con medici\u00f3n\u00a0<strong>sin prisma de hasta 600m<\/strong>, m\u00faltiples plataformas de almacenamiento de datos y una amplia variedad de programas hacen de la N3 su mejor aliado para trabajos de ingenier\u00eda. Con la Serie N3 haga su trabajo de Ingenieria m\u00e1s simple y m\u00e1s productivo.<\/p>\n<h3><strong>Medici\u00f3n autom\u00e1tica de altura (Auto Height)<\/strong><\/h3>\n<p>La funci\u00f3n Auto Height elimina los errores t\u00edpicos de lectura manual al medir la altura del instrumento.<br \/>\nCon un solo bot\u00f3n, la N3 calcula autom\u00e1ticamente la altura del equipo mediante un m\u00f3dulo LPDM integrado en la plomada l\u00e1ser, que combina dos funciones en una estructura coaxial \u00fanica:<\/p>\n<ol>\n<li>Centrado l\u00e1ser preciso, y<\/li>\n<li>Medici\u00f3n autom\u00e1tica de altura del instrumento.<\/li>\n<\/ol>\n<p>Esto acelera significativamente la instalaci\u00f3n del equipo, evita errores humanos y reduce el tiempo de preparaci\u00f3n en obra.<\/p>\n<h3><strong>Acceso r\u00e1pido con tecla \u201cStar\u201d<\/strong><\/h3>\n<p>La tecla de acceso r\u00e1pido (Star Key) permite ejecutar funciones o configuraciones instant\u00e1neamente, incluyendo la medici\u00f3n con un solo toque.<br \/>\nCon esta funci\u00f3n, el operador puede realizar mediciones sin apartar la vista del telescopio, aumentando la productividad y la precisi\u00f3n en cada punto.<\/p>\n<h3><strong>Conectividad sin cables<\/strong><\/h3>\n<p>La South N3 incluye un m\u00f3dulo Bluetooth Clase 2 (v2.1 + EDR) que facilita una transferencia de datos r\u00e1pida y estable entre el instrumento y el controlador o PC.<br \/>\nAdem\u00e1s, dispone de puerto USB para transferencia directa, ofreciendo m\u00e1xima flexibilidad en el flujo de trabajo.<\/p>\n<h3><strong>Estructura ligera y resistente<\/strong><\/h3>\n<p>El nuevo dise\u00f1o estructural de la N3 logra el equilibrio perfecto entre ligereza y durabilidad mec\u00e1nica.<br \/>\nSu chasis est\u00e1 fabricado con materiales de alta resistencia, lo que garantiza estabilidad y precisi\u00f3n incluso en condiciones de trabajo exigentes.<\/p>\n<h3><strong>Herramientas intuitivas y de f\u00e1cil uso<\/strong><\/h3>\n<p>El sistema de nivelaci\u00f3n electr\u00f3nica (E-bubble) simplifica la nivelaci\u00f3n del instrumento, ya sea en eje simple o doble.<br \/>\nEl m\u00f3dulo LPDM de la plomada l\u00e1ser dispone de 10 niveles de brillo, lo que permite una visibilidad \u00f3ptima en cualquier entorno.<br \/>\nSu sistema operativo interno, con iconos claros y men\u00fas intuitivos, reduce la curva de aprendizaje y permite comenzar a trabajar en minutos.<\/p>\n<h3><strong>Programas topogr\u00e1ficos integrados<\/strong><\/h3>\n<p>La South N3 incorpora un completo conjunto de programas a bordo para cubrir las necesidades m\u00e1s comunes en topograf\u00eda y construcci\u00f3n:<\/p>\n<ol>\n<li>Resecci\u00f3n y coordenadas inversas.<\/li>\n<li>COGO y c\u00e1lculo de geometr\u00edas.<\/li>\n<li>Transferencia de alturas.<\/li>\n<li>Medici\u00f3n de offset.<\/li>\n<li>Replanteo de puntos y l\u00edneas.<\/li>\n<li>Programas de carreteras y obras lineales.<\/li>\n<\/ol>\n<p>Estas funciones convierten a la N3 en una soluci\u00f3n vers\u00e1til y econ\u00f3mica, perfecta para empresas que buscan eficiencia sin sacrificar precisi\u00f3n.<\/p>\n<p><strong>\u00a0Ver Brochure:\u00a0<\/strong><a href=\"https:\/\/cosola.com\/images\/archivos\/South_N3.pdf\" target=\"_blank\" rel=\"noopener\"><img loading=\"lazy\" decoding=\"async\" src=\"https:\/\/cosola.com\/images\/logos\/Logo-PDF.png\" alt=\"Logo PDF\" width=\"50\" height=\"50\" \/><\/a><\/p>\n","protected":false},"excerpt":{"rendered":"<p><strong>La South N3<\/strong>\u00a0es una<strong>\u00a0estaci\u00f3n total manual de \u00faltima generaci\u00f3n<\/strong>\u00a0dise\u00f1ada para ofrecer m\u00e1xima eficiencia, precisi\u00f3n y rapidez en campo.<br \/>\nCon su innovador sistema de medici\u00f3n autom\u00e1tica de altura, estructura ligera y conectividad avanzada, redefine la forma en que los profesionales realizan levantamientos, replanteos y mediciones topogr\u00e1ficas.<\/p>\n","protected":false},"featured_media":36947,"comment_status":"open","ping_status":"closed","template":"","meta":[],"product_brand":[],"product_cat":[72],"product_tag":[],"class_list":{"0":"post-36946","1":"product","2":"type-product","3":"status-publish","4":"has-post-thumbnail","6":"product_cat-south","8":"first","9":"instock","10":"shipping-taxable","11":"product-type-simple"},"yoast_head":"<!-- This site is optimized with the Yoast SEO plugin v27.2 - https:\/\/yoast.com\/product\/yoast-seo-wordpress\/ -->\n<title>SOUTH N3 - Topograf\u00eda, Geolog\u00eda, Miner\u00eda y Equipamiento de Oficina<\/title>\n<meta name=\"robots\" content=\"index, follow, max-snippet:-1, max-image-preview:large, max-video-preview:-1\" \/>\n<link rel=\"canonical\" href=\"https:\/\/beiroperu.com\/tienda\/catalogo\/topografia\/estaciones-totales\/south\/south-n3\/\" \/>\n<meta property=\"og:locale\" content=\"es_ES\" \/>\n<meta property=\"og:type\" content=\"article\" \/>\n<meta property=\"og:title\" content=\"SOUTH N3 - Topograf\u00eda, Geolog\u00eda, Miner\u00eda y Equipamiento de Oficina\" \/>\n<meta property=\"og:description\" content=\"La South N3\u00a0es una\u00a0estaci\u00f3n total manual de \u00faltima generaci\u00f3n\u00a0dise\u00f1ada para ofrecer m\u00e1xima eficiencia, precisi\u00f3n y rapidez en campo. Con su innovador sistema de medici\u00f3n autom\u00e1tica de altura, estructura ligera y conectividad avanzada, redefine la forma en que los profesionales realizan levantamientos, replanteos y mediciones topogr\u00e1ficas.\" \/>\n<meta property=\"og:url\" content=\"https:\/\/beiroperu.com\/tienda\/catalogo\/topografia\/estaciones-totales\/south\/south-n3\/\" \/>\n<meta property=\"og:site_name\" content=\"Topograf\u00eda, Geolog\u00eda, Miner\u00eda y Equipamiento de Oficina\" \/>\n<meta property=\"article:publisher\" content=\"https:\/\/www.facebook.com\/profile.php?id=61574959587714\" \/>\n<meta property=\"article:modified_time\" content=\"2026-03-21T11:37:20+00:00\" \/>\n<meta property=\"og:image\" content=\"https:\/\/beiroperu.com\/tienda\/wp-content\/uploads\/2026\/03\/south-n3-estacion-total-1.jpg\" \/>\n\t<meta property=\"og:image:width\" content=\"800\" \/>\n\t<meta property=\"og:image:height\" content=\"930\" \/>\n\t<meta property=\"og:image:type\" content=\"image\/jpeg\" \/>\n<meta name=\"twitter:card\" content=\"summary_large_image\" \/>\n<meta name=\"twitter:label1\" content=\"Tiempo de lectura\" \/>\n\t<meta name=\"twitter:data1\" content=\"3 minutos\" \/>\n<script type=\"application\/ld+json\" class=\"yoast-schema-graph\">{\"@context\":\"https:\/\/schema.org\",\"@graph\":[{\"@type\":\"WebPage\",\"@id\":\"https:\/\/beiroperu.com\/tienda\/catalogo\/topografia\/estaciones-totales\/south\/south-n3\/\",\"url\":\"https:\/\/beiroperu.com\/tienda\/catalogo\/topografia\/estaciones-totales\/south\/south-n3\/\",\"name\":\"SOUTH N3 - Topograf\u00eda, Geolog\u00eda, Miner\u00eda y Equipamiento de Oficina\",\"isPartOf\":{\"@id\":\"https:\/\/beiroperu.com\/tienda\/#website\"},\"primaryImageOfPage\":{\"@id\":\"https:\/\/beiroperu.com\/tienda\/catalogo\/topografia\/estaciones-totales\/south\/south-n3\/#primaryimage\"},\"image\":{\"@id\":\"https:\/\/beiroperu.com\/tienda\/catalogo\/topografia\/estaciones-totales\/south\/south-n3\/#primaryimage\"},\"thumbnailUrl\":\"https:\/\/beiroperu.com\/tienda\/wp-content\/uploads\/2026\/03\/south-n3-estacion-total-1.jpg\",\"datePublished\":\"2026-03-21T11:37:19+00:00\",\"dateModified\":\"2026-03-21T11:37:20+00:00\",\"breadcrumb\":{\"@id\":\"https:\/\/beiroperu.com\/tienda\/catalogo\/topografia\/estaciones-totales\/south\/south-n3\/#breadcrumb\"},\"inLanguage\":\"es\",\"potentialAction\":[{\"@type\":\"ReadAction\",\"target\":[\"https:\/\/beiroperu.com\/tienda\/catalogo\/topografia\/estaciones-totales\/south\/south-n3\/\"]}]},{\"@type\":\"ImageObject\",\"inLanguage\":\"es\",\"@id\":\"https:\/\/beiroperu.com\/tienda\/catalogo\/topografia\/estaciones-totales\/south\/south-n3\/#primaryimage\",\"url\":\"https:\/\/beiroperu.com\/tienda\/wp-content\/uploads\/2026\/03\/south-n3-estacion-total-1.jpg\",\"contentUrl\":\"https:\/\/beiroperu.com\/tienda\/wp-content\/uploads\/2026\/03\/south-n3-estacion-total-1.jpg\",\"width\":800,\"height\":930},{\"@type\":\"BreadcrumbList\",\"@id\":\"https:\/\/beiroperu.com\/tienda\/catalogo\/topografia\/estaciones-totales\/south\/south-n3\/#breadcrumb\",\"itemListElement\":[{\"@type\":\"ListItem\",\"position\":1,\"name\":\"Portada\",\"item\":\"https:\/\/beiroperu.com\/tienda\/\"},{\"@type\":\"ListItem\",\"position\":2,\"name\":\"Shop\",\"item\":\"https:\/\/beiroperu.com\/tienda\/shop\/\"},{\"@type\":\"ListItem\",\"position\":3,\"name\":\"SOUTH N3\"}]},{\"@type\":\"WebSite\",\"@id\":\"https:\/\/beiroperu.com\/tienda\/#website\",\"url\":\"https:\/\/beiroperu.com\/tienda\/\",\"name\":\"Topograf\u00eda, Geolog\u00eda, Miner\u00eda y Equipamiento de Oficina\",\"description\":\"Beiro Per\u00fa\",\"publisher\":{\"@id\":\"https:\/\/beiroperu.com\/tienda\/#organization\"},\"alternateName\":\"Beiro Per\u00fa\",\"potentialAction\":[{\"@type\":\"SearchAction\",\"target\":{\"@type\":\"EntryPoint\",\"urlTemplate\":\"https:\/\/beiroperu.com\/tienda\/?s={search_term_string}\"},\"query-input\":{\"@type\":\"PropertyValueSpecification\",\"valueRequired\":true,\"valueName\":\"search_term_string\"}}],\"inLanguage\":\"es\"},{\"@type\":\"Organization\",\"@id\":\"https:\/\/beiroperu.com\/tienda\/#organization\",\"name\":\"Beiro\",\"alternateName\":\"Beiro Per\u00fa\",\"url\":\"https:\/\/beiroperu.com\/tienda\/\",\"logo\":{\"@type\":\"ImageObject\",\"inLanguage\":\"es\",\"@id\":\"https:\/\/beiroperu.com\/tienda\/#\/schema\/logo\/image\/\",\"url\":\"https:\/\/beiroperu.com\/tienda\/wp-content\/uploads\/2026\/03\/logo-beiro.jpeg\",\"contentUrl\":\"https:\/\/beiroperu.com\/tienda\/wp-content\/uploads\/2026\/03\/logo-beiro.jpeg\",\"width\":322,\"height\":123,\"caption\":\"Beiro\"},\"image\":{\"@id\":\"https:\/\/beiroperu.com\/tienda\/#\/schema\/logo\/image\/\"},\"sameAs\":[\"https:\/\/www.facebook.com\/profile.php?id=61574959587714\",\"https:\/\/www.instagram.com\/beiro_equipos_topograficos?igsh=cG11NHowcmp1dzFq\",\"https:\/\/www.threads.com\/@beiro_equipos_topograficos\"]}]}<\/script>\n<!-- \/ Yoast SEO plugin. -->","yoast_head_json":{"title":"SOUTH N3 - Topograf\u00eda, Geolog\u00eda, Miner\u00eda y Equipamiento de Oficina","robots":{"index":"index","follow":"follow","max-snippet":"max-snippet:-1","max-image-preview":"max-image-preview:large","max-video-preview":"max-video-preview:-1"},"canonical":"https:\/\/beiroperu.com\/tienda\/catalogo\/topografia\/estaciones-totales\/south\/south-n3\/","og_locale":"es_ES","og_type":"article","og_title":"SOUTH N3 - Topograf\u00eda, Geolog\u00eda, Miner\u00eda y Equipamiento de Oficina","og_description":"La South N3\u00a0es una\u00a0estaci\u00f3n total manual de \u00faltima generaci\u00f3n\u00a0dise\u00f1ada para ofrecer m\u00e1xima eficiencia, precisi\u00f3n y rapidez en campo. Con su innovador sistema de medici\u00f3n autom\u00e1tica de altura, estructura ligera y conectividad avanzada, redefine la forma en que los profesionales realizan levantamientos, replanteos y mediciones topogr\u00e1ficas.","og_url":"https:\/\/beiroperu.com\/tienda\/catalogo\/topografia\/estaciones-totales\/south\/south-n3\/","og_site_name":"Topograf\u00eda, Geolog\u00eda, Miner\u00eda y Equipamiento de Oficina","article_publisher":"https:\/\/www.facebook.com\/profile.php?id=61574959587714","article_modified_time":"2026-03-21T11:37:20+00:00","og_image":[{"width":800,"height":930,"url":"https:\/\/beiroperu.com\/tienda\/wp-content\/uploads\/2026\/03\/south-n3-estacion-total-1.jpg","type":"image\/jpeg"}],"twitter_card":"summary_large_image","twitter_misc":{"Tiempo de lectura":"3 minutos"},"schema":{"@context":"https:\/\/schema.org","@graph":[{"@type":"WebPage","@id":"https:\/\/beiroperu.com\/tienda\/catalogo\/topografia\/estaciones-totales\/south\/south-n3\/","url":"https:\/\/beiroperu.com\/tienda\/catalogo\/topografia\/estaciones-totales\/south\/south-n3\/","name":"SOUTH N3 - Topograf\u00eda, Geolog\u00eda, Miner\u00eda y Equipamiento de Oficina","isPartOf":{"@id":"https:\/\/beiroperu.com\/tienda\/#website"},"primaryImageOfPage":{"@id":"https:\/\/beiroperu.com\/tienda\/catalogo\/topografia\/estaciones-totales\/south\/south-n3\/#primaryimage"},"image":{"@id":"https:\/\/beiroperu.com\/tienda\/catalogo\/topografia\/estaciones-totales\/south\/south-n3\/#primaryimage"},"thumbnailUrl":"https:\/\/beiroperu.com\/tienda\/wp-content\/uploads\/2026\/03\/south-n3-estacion-total-1.jpg","datePublished":"2026-03-21T11:37:19+00:00","dateModified":"2026-03-21T11:37:20+00:00","breadcrumb":{"@id":"https:\/\/beiroperu.com\/tienda\/catalogo\/topografia\/estaciones-totales\/south\/south-n3\/#breadcrumb"},"inLanguage":"es","potentialAction":[{"@type":"ReadAction","target":["https:\/\/beiroperu.com\/tienda\/catalogo\/topografia\/estaciones-totales\/south\/south-n3\/"]}]},{"@type":"ImageObject","inLanguage":"es","@id":"https:\/\/beiroperu.com\/tienda\/catalogo\/topografia\/estaciones-totales\/south\/south-n3\/#primaryimage","url":"https:\/\/beiroperu.com\/tienda\/wp-content\/uploads\/2026\/03\/south-n3-estacion-total-1.jpg","contentUrl":"https:\/\/beiroperu.com\/tienda\/wp-content\/uploads\/2026\/03\/south-n3-estacion-total-1.jpg","width":800,"height":930},{"@type":"BreadcrumbList","@id":"https:\/\/beiroperu.com\/tienda\/catalogo\/topografia\/estaciones-totales\/south\/south-n3\/#breadcrumb","itemListElement":[{"@type":"ListItem","position":1,"name":"Portada","item":"https:\/\/beiroperu.com\/tienda\/"},{"@type":"ListItem","position":2,"name":"Shop","item":"https:\/\/beiroperu.com\/tienda\/shop\/"},{"@type":"ListItem","position":3,"name":"SOUTH N3"}]},{"@type":"WebSite","@id":"https:\/\/beiroperu.com\/tienda\/#website","url":"https:\/\/beiroperu.com\/tienda\/","name":"Topograf\u00eda, Geolog\u00eda, Miner\u00eda y Equipamiento de Oficina","description":"Beiro Per\u00fa","publisher":{"@id":"https:\/\/beiroperu.com\/tienda\/#organization"},"alternateName":"Beiro Per\u00fa","potentialAction":[{"@type":"SearchAction","target":{"@type":"EntryPoint","urlTemplate":"https:\/\/beiroperu.com\/tienda\/?s={search_term_string}"},"query-input":{"@type":"PropertyValueSpecification","valueRequired":true,"valueName":"search_term_string"}}],"inLanguage":"es"},{"@type":"Organization","@id":"https:\/\/beiroperu.com\/tienda\/#organization","name":"Beiro","alternateName":"Beiro Per\u00fa","url":"https:\/\/beiroperu.com\/tienda\/","logo":{"@type":"ImageObject","inLanguage":"es","@id":"https:\/\/beiroperu.com\/tienda\/#\/schema\/logo\/image\/","url":"https:\/\/beiroperu.com\/tienda\/wp-content\/uploads\/2026\/03\/logo-beiro.jpeg","contentUrl":"https:\/\/beiroperu.com\/tienda\/wp-content\/uploads\/2026\/03\/logo-beiro.jpeg","width":322,"height":123,"caption":"Beiro"},"image":{"@id":"https:\/\/beiroperu.com\/tienda\/#\/schema\/logo\/image\/"},"sameAs":["https:\/\/www.facebook.com\/profile.php?id=61574959587714","https:\/\/www.instagram.com\/beiro_equipos_topograficos?igsh=cG11NHowcmp1dzFq","https:\/\/www.threads.com\/@beiro_equipos_topograficos"]}]}},"_links":{"self":[{"href":"https:\/\/beiroperu.com\/tienda\/wp-json\/wp\/v2\/product\/36946","targetHints":{"allow":["GET"]}}],"collection":[{"href":"https:\/\/beiroperu.com\/tienda\/wp-json\/wp\/v2\/product"}],"about":[{"href":"https:\/\/beiroperu.com\/tienda\/wp-json\/wp\/v2\/types\/product"}],"replies":[{"embeddable":true,"href":"https:\/\/beiroperu.com\/tienda\/wp-json\/wp\/v2\/comments?post=36946"}],"wp:featuredmedia":[{"embeddable":true,"href":"https:\/\/beiroperu.com\/tienda\/wp-json\/wp\/v2\/media\/36947"}],"wp:attachment":[{"href":"https:\/\/beiroperu.com\/tienda\/wp-json\/wp\/v2\/media?parent=36946"}],"wp:term":[{"taxonomy":"product_brand","embeddable":true,"href":"https:\/\/beiroperu.com\/tienda\/wp-json\/wp\/v2\/product_brand?post=36946"},{"taxonomy":"product_cat","embeddable":true,"href":"https:\/\/beiroperu.com\/tienda\/wp-json\/wp\/v2\/product_cat?post=36946"},{"taxonomy":"product_tag","embeddable":true,"href":"https:\/\/beiroperu.com\/tienda\/wp-json\/wp\/v2\/product_tag?post=36946"}],"curies":[{"name":"wp","href":"https:\/\/api.w.org\/{rel}","templated":true}]}}