{"id":36956,"date":"2026-03-21T06:54:06","date_gmt":"2026-03-21T11:54:06","guid":{"rendered":"https:\/\/beiroperu.com\/tienda\/?post_type=product&#038;p=36956"},"modified":"2026-03-21T06:54:07","modified_gmt":"2026-03-21T11:54:07","slug":"chcnav-cts112r4","status":"publish","type":"product","link":"https:\/\/beiroperu.com\/tienda\/catalogo\/topografia\/estaciones-totales\/chcnav\/chcnav-cts112r4\/","title":{"rendered":"CHCNAV CTS112R4"},"content":{"rendered":"<p>Estaci\u00f3n Total\u00a0<img loading=\"lazy\" decoding=\"async\" src=\"https:\/\/cosola.com\/images\/logos\/Logo_CHCNAV.png\" alt=\"Logo CHCNAV\" width=\"121\" height=\"37\" \/><strong>CTS-112R 4<\/strong>\u00a0estaci\u00f3n total se basa en tecnolog\u00edas probadas y est\u00e1 destinado a usuarios que necesitan la soluci\u00f3n de encuestas m\u00e1s rentable. Tiene una precisi\u00f3n angular de 2\u201d y est\u00e1 equipado con EDM de alta eficiencia que proporciona mediciones de largo alcance: 400 m sin prima y hasta 5 000 m utilizando un \u00fanico prisma, con precisi\u00f3n milim\u00e9trica.<\/p>\n<table>\n<tbody>\n<tr>\n<td><strong>Especificaciones<\/strong><\/td>\n<td><\/td>\n<\/tr>\n<tr>\n<td>Precisi\u00f3n<\/td>\n<td>2&#8243;<\/td>\n<\/tr>\n<tr>\n<td>Salida de l\u00e1ser<\/td>\n<td>Prisma 3R<\/td>\n<\/tr>\n<tr>\n<td>Medida de distancia<\/td>\n<td>Prisma 5000m<\/p>\n<p>Sin Prisma 1000m<\/td>\n<\/tr>\n<tr>\n<td>Precisi\u00f3n<\/td>\n<td>Prisma 2mm+2ppm 3<\/p>\n<p>Sin Prisma 3mm + 2ppm<\/td>\n<\/tr>\n<tr>\n<td>Tiempo de medici\u00f3n<\/td>\n<td>0,3 s\u00a0 0,1 s<\/td>\n<\/tr>\n<tr>\n<td>Tipo de l\u00e1ser<\/td>\n<td>Visible<\/td>\n<\/tr>\n<tr>\n<td>Portador<\/td>\n<td>Coaxial Red l\u00e1ser 0,650 ~ 0,690 m<\/td>\n<\/tr>\n<tr>\n<td><strong>Medici\u00f3n de \u00e1ngulos<\/strong><\/td>\n<td><\/td>\n<\/tr>\n<tr>\n<td>Di\u00e1metro<\/td>\n<td>79mm<\/td>\n<\/tr>\n<tr>\n<td>Lectura m\u00ednimo<\/td>\n<td>0,1&#8243;\/1&#8243;\/5&#8243;\/10&#8243;\/ Opcional 2&#8243;<\/td>\n<\/tr>\n<tr>\n<td>Precisi\u00f3n<\/td>\n<td>Horizontal: Dual<\/p>\n<p>Vertical\u00a0 \u00a0 : Dual<\/td>\n<\/tr>\n<tr>\n<td><strong>Telescopio<\/strong><\/td>\n<td><\/td>\n<\/tr>\n<tr>\n<td>Imagen<\/td>\n<td>Directa<\/td>\n<\/tr>\n<tr>\n<td>Longitud de Tubo<\/td>\n<td>154mm<\/td>\n<\/tr>\n<tr>\n<td>Lente objetivo<\/td>\n<td>Telesc\u00f3pica : 45mm<\/p>\n<p>Medici\u00f3n\u00a0 \u00a0 \u00a0: 50mm\u00a0\u00a0\u00a0 30 x 1\u00b0 30\u00b4<\/td>\n<\/tr>\n<tr>\n<td><\/td>\n<\/tr>\n<tr>\n<td>Precisi\u00f3n del alcance<\/td>\n<td>1&#8243;<\/td>\n<\/tr>\n<tr>\n<td><\/td>\n<\/tr>\n<\/tbody>\n<\/table>\n<p><strong>Programas:<\/strong>\u00a0Estacionar, levantamiento, replanteo, reseccion,\u00a0area,\u00a0MLM,\u00a0carretera,\u00a0REM.<\/p>\n<p><strong>El Equipo Consta de:<\/strong><\/p>\n<p>02 Baterias Laterales Li-on LB-01,\u00a001 Cargador de Baterias Li-on LC-01,\u00a001 Tarjeta SD Card, 01 Cable USB para datos, 01 Estuche de Transporte.,\u00a001 Funda para la lluvia.,01 Kit de Dianas Reflectantes,\u00a001 Juego de Herramientas,\u00a001 Tr\u00edpode,\u00a001 Bast\u00f3n de aluminio,\u00a001 Prisma c\/Porta prisma.<\/p>\n<p><strong>Mas Informaci\u00f3n Ver:\u00a0<a href=\"https:\/\/cosola.com\/images\/archivos\/CHCNav_CTS112.pdf\" target=\"_blank\" rel=\"noopener\"><img loading=\"lazy\" decoding=\"async\" src=\"https:\/\/cosola.com\/images\/logos\/Logo-PDF.png\" alt=\"Logo-PDF\" width=\"68\" height=\"68\" \/><\/a><\/strong><\/p>\n","protected":false},"excerpt":{"rendered":"<p>Estaci\u00f3n Total\u00a0<img loading=\"lazy\" decoding=\"async\" src=\"https:\/\/cosola.com\/images\/logos\/Logo_CHCNAV.png\" alt=\"Logo CHCNAV\" width=\"121\" height=\"37\" \/><strong>CTS-112R 4<\/strong>\u00a0estaci\u00f3n total se basa en tecnolog\u00edas probadas y est\u00e1 destinado a usuarios que necesitan la soluci\u00f3n de encuestas m\u00e1s rentable. Tiene una precisi\u00f3n angular de 2\u201d y est\u00e1 equipado con EDM de alta eficiencia que proporciona mediciones de largo alcance: 400 m sin prima y hasta 5 000 m utilizando un \u00fanico prisma, con precisi\u00f3n milim\u00e9trica.<\/p>\n","protected":false},"featured_media":36957,"comment_status":"open","ping_status":"closed","template":"","meta":[],"product_brand":[],"product_cat":[74],"product_tag":[],"class_list":{"0":"post-36956","1":"product","2":"type-product","3":"status-publish","4":"has-post-thumbnail","6":"product_cat-chcnav","8":"first","9":"instock","10":"shipping-taxable","11":"product-type-simple"},"yoast_head":"<!-- This site is optimized with the Yoast SEO plugin v27.2 - https:\/\/yoast.com\/product\/yoast-seo-wordpress\/ -->\n<title>CHCNAV CTS112R4 - Topograf\u00eda, Geolog\u00eda, Miner\u00eda y Equipamiento de Oficina<\/title>\n<meta name=\"robots\" content=\"index, follow, max-snippet:-1, max-image-preview:large, max-video-preview:-1\" \/>\n<link rel=\"canonical\" href=\"https:\/\/beiroperu.com\/tienda\/catalogo\/topografia\/estaciones-totales\/chcnav\/chcnav-cts112r4\/\" \/>\n<meta property=\"og:locale\" content=\"es_ES\" \/>\n<meta property=\"og:type\" content=\"article\" \/>\n<meta property=\"og:title\" content=\"CHCNAV CTS112R4 - Topograf\u00eda, Geolog\u00eda, Miner\u00eda y Equipamiento de Oficina\" \/>\n<meta property=\"og:description\" content=\"Estaci\u00f3n Total\u00a0CTS-112R 4\u00a0estaci\u00f3n total se basa en tecnolog\u00edas probadas y est\u00e1 destinado a usuarios que necesitan la soluci\u00f3n de encuestas m\u00e1s rentable. Tiene una precisi\u00f3n angular de 2\u201d y est\u00e1 equipado con EDM de alta eficiencia que proporciona mediciones de largo alcance: 400 m sin prima y hasta 5 000 m utilizando un \u00fanico prisma, con precisi\u00f3n milim\u00e9trica.\" \/>\n<meta property=\"og:url\" content=\"https:\/\/beiroperu.com\/tienda\/catalogo\/topografia\/estaciones-totales\/chcnav\/chcnav-cts112r4\/\" \/>\n<meta property=\"og:site_name\" content=\"Topograf\u00eda, Geolog\u00eda, Miner\u00eda y Equipamiento de Oficina\" \/>\n<meta property=\"article:publisher\" content=\"https:\/\/www.facebook.com\/profile.php?id=61574959587714\" \/>\n<meta property=\"article:modified_time\" content=\"2026-03-21T11:54:07+00:00\" \/>\n<meta property=\"og:image\" content=\"https:\/\/beiroperu.com\/tienda\/wp-content\/uploads\/2026\/03\/chcnav-cts-112-r4-estacion-total-1.jpg\" \/>\n\t<meta property=\"og:image:width\" content=\"800\" \/>\n\t<meta property=\"og:image:height\" content=\"930\" \/>\n\t<meta property=\"og:image:type\" content=\"image\/jpeg\" \/>\n<meta name=\"twitter:card\" content=\"summary_large_image\" \/>\n<meta name=\"twitter:label1\" content=\"Tiempo de lectura\" \/>\n\t<meta name=\"twitter:data1\" content=\"2 minutos\" \/>\n<script type=\"application\/ld+json\" class=\"yoast-schema-graph\">{\"@context\":\"https:\/\/schema.org\",\"@graph\":[{\"@type\":\"WebPage\",\"@id\":\"https:\/\/beiroperu.com\/tienda\/catalogo\/topografia\/estaciones-totales\/chcnav\/chcnav-cts112r4\/\",\"url\":\"https:\/\/beiroperu.com\/tienda\/catalogo\/topografia\/estaciones-totales\/chcnav\/chcnav-cts112r4\/\",\"name\":\"CHCNAV CTS112R4 - Topograf\u00eda, Geolog\u00eda, Miner\u00eda y Equipamiento de Oficina\",\"isPartOf\":{\"@id\":\"https:\/\/beiroperu.com\/tienda\/#website\"},\"primaryImageOfPage\":{\"@id\":\"https:\/\/beiroperu.com\/tienda\/catalogo\/topografia\/estaciones-totales\/chcnav\/chcnav-cts112r4\/#primaryimage\"},\"image\":{\"@id\":\"https:\/\/beiroperu.com\/tienda\/catalogo\/topografia\/estaciones-totales\/chcnav\/chcnav-cts112r4\/#primaryimage\"},\"thumbnailUrl\":\"https:\/\/beiroperu.com\/tienda\/wp-content\/uploads\/2026\/03\/chcnav-cts-112-r4-estacion-total-1.jpg\",\"datePublished\":\"2026-03-21T11:54:06+00:00\",\"dateModified\":\"2026-03-21T11:54:07+00:00\",\"breadcrumb\":{\"@id\":\"https:\/\/beiroperu.com\/tienda\/catalogo\/topografia\/estaciones-totales\/chcnav\/chcnav-cts112r4\/#breadcrumb\"},\"inLanguage\":\"es\",\"potentialAction\":[{\"@type\":\"ReadAction\",\"target\":[\"https:\/\/beiroperu.com\/tienda\/catalogo\/topografia\/estaciones-totales\/chcnav\/chcnav-cts112r4\/\"]}]},{\"@type\":\"ImageObject\",\"inLanguage\":\"es\",\"@id\":\"https:\/\/beiroperu.com\/tienda\/catalogo\/topografia\/estaciones-totales\/chcnav\/chcnav-cts112r4\/#primaryimage\",\"url\":\"https:\/\/beiroperu.com\/tienda\/wp-content\/uploads\/2026\/03\/chcnav-cts-112-r4-estacion-total-1.jpg\",\"contentUrl\":\"https:\/\/beiroperu.com\/tienda\/wp-content\/uploads\/2026\/03\/chcnav-cts-112-r4-estacion-total-1.jpg\",\"width\":800,\"height\":930},{\"@type\":\"BreadcrumbList\",\"@id\":\"https:\/\/beiroperu.com\/tienda\/catalogo\/topografia\/estaciones-totales\/chcnav\/chcnav-cts112r4\/#breadcrumb\",\"itemListElement\":[{\"@type\":\"ListItem\",\"position\":1,\"name\":\"Portada\",\"item\":\"https:\/\/beiroperu.com\/tienda\/\"},{\"@type\":\"ListItem\",\"position\":2,\"name\":\"Shop\",\"item\":\"https:\/\/beiroperu.com\/tienda\/shop\/\"},{\"@type\":\"ListItem\",\"position\":3,\"name\":\"CHCNAV CTS112R4\"}]},{\"@type\":\"WebSite\",\"@id\":\"https:\/\/beiroperu.com\/tienda\/#website\",\"url\":\"https:\/\/beiroperu.com\/tienda\/\",\"name\":\"Topograf\u00eda, Geolog\u00eda, Miner\u00eda y Equipamiento de Oficina\",\"description\":\"Beiro Per\u00fa\",\"publisher\":{\"@id\":\"https:\/\/beiroperu.com\/tienda\/#organization\"},\"alternateName\":\"Beiro Per\u00fa\",\"potentialAction\":[{\"@type\":\"SearchAction\",\"target\":{\"@type\":\"EntryPoint\",\"urlTemplate\":\"https:\/\/beiroperu.com\/tienda\/?s={search_term_string}\"},\"query-input\":{\"@type\":\"PropertyValueSpecification\",\"valueRequired\":true,\"valueName\":\"search_term_string\"}}],\"inLanguage\":\"es\"},{\"@type\":\"Organization\",\"@id\":\"https:\/\/beiroperu.com\/tienda\/#organization\",\"name\":\"Beiro\",\"alternateName\":\"Beiro Per\u00fa\",\"url\":\"https:\/\/beiroperu.com\/tienda\/\",\"logo\":{\"@type\":\"ImageObject\",\"inLanguage\":\"es\",\"@id\":\"https:\/\/beiroperu.com\/tienda\/#\/schema\/logo\/image\/\",\"url\":\"https:\/\/beiroperu.com\/tienda\/wp-content\/uploads\/2026\/03\/logo-beiro.jpeg\",\"contentUrl\":\"https:\/\/beiroperu.com\/tienda\/wp-content\/uploads\/2026\/03\/logo-beiro.jpeg\",\"width\":322,\"height\":123,\"caption\":\"Beiro\"},\"image\":{\"@id\":\"https:\/\/beiroperu.com\/tienda\/#\/schema\/logo\/image\/\"},\"sameAs\":[\"https:\/\/www.facebook.com\/profile.php?id=61574959587714\",\"https:\/\/www.instagram.com\/beiro_equipos_topograficos?igsh=cG11NHowcmp1dzFq\",\"https:\/\/www.threads.com\/@beiro_equipos_topograficos\"]}]}<\/script>\n<!-- \/ Yoast SEO plugin. -->","yoast_head_json":{"title":"CHCNAV CTS112R4 - Topograf\u00eda, Geolog\u00eda, Miner\u00eda y Equipamiento de Oficina","robots":{"index":"index","follow":"follow","max-snippet":"max-snippet:-1","max-image-preview":"max-image-preview:large","max-video-preview":"max-video-preview:-1"},"canonical":"https:\/\/beiroperu.com\/tienda\/catalogo\/topografia\/estaciones-totales\/chcnav\/chcnav-cts112r4\/","og_locale":"es_ES","og_type":"article","og_title":"CHCNAV CTS112R4 - Topograf\u00eda, Geolog\u00eda, Miner\u00eda y Equipamiento de Oficina","og_description":"Estaci\u00f3n Total\u00a0CTS-112R 4\u00a0estaci\u00f3n total se basa en tecnolog\u00edas probadas y est\u00e1 destinado a usuarios que necesitan la soluci\u00f3n de encuestas m\u00e1s rentable. Tiene una precisi\u00f3n angular de 2\u201d y est\u00e1 equipado con EDM de alta eficiencia que proporciona mediciones de largo alcance: 400 m sin prima y hasta 5 000 m utilizando un \u00fanico prisma, con precisi\u00f3n milim\u00e9trica.","og_url":"https:\/\/beiroperu.com\/tienda\/catalogo\/topografia\/estaciones-totales\/chcnav\/chcnav-cts112r4\/","og_site_name":"Topograf\u00eda, Geolog\u00eda, Miner\u00eda y Equipamiento de Oficina","article_publisher":"https:\/\/www.facebook.com\/profile.php?id=61574959587714","article_modified_time":"2026-03-21T11:54:07+00:00","og_image":[{"width":800,"height":930,"url":"https:\/\/beiroperu.com\/tienda\/wp-content\/uploads\/2026\/03\/chcnav-cts-112-r4-estacion-total-1.jpg","type":"image\/jpeg"}],"twitter_card":"summary_large_image","twitter_misc":{"Tiempo de lectura":"2 minutos"},"schema":{"@context":"https:\/\/schema.org","@graph":[{"@type":"WebPage","@id":"https:\/\/beiroperu.com\/tienda\/catalogo\/topografia\/estaciones-totales\/chcnav\/chcnav-cts112r4\/","url":"https:\/\/beiroperu.com\/tienda\/catalogo\/topografia\/estaciones-totales\/chcnav\/chcnav-cts112r4\/","name":"CHCNAV CTS112R4 - Topograf\u00eda, Geolog\u00eda, Miner\u00eda y Equipamiento de Oficina","isPartOf":{"@id":"https:\/\/beiroperu.com\/tienda\/#website"},"primaryImageOfPage":{"@id":"https:\/\/beiroperu.com\/tienda\/catalogo\/topografia\/estaciones-totales\/chcnav\/chcnav-cts112r4\/#primaryimage"},"image":{"@id":"https:\/\/beiroperu.com\/tienda\/catalogo\/topografia\/estaciones-totales\/chcnav\/chcnav-cts112r4\/#primaryimage"},"thumbnailUrl":"https:\/\/beiroperu.com\/tienda\/wp-content\/uploads\/2026\/03\/chcnav-cts-112-r4-estacion-total-1.jpg","datePublished":"2026-03-21T11:54:06+00:00","dateModified":"2026-03-21T11:54:07+00:00","breadcrumb":{"@id":"https:\/\/beiroperu.com\/tienda\/catalogo\/topografia\/estaciones-totales\/chcnav\/chcnav-cts112r4\/#breadcrumb"},"inLanguage":"es","potentialAction":[{"@type":"ReadAction","target":["https:\/\/beiroperu.com\/tienda\/catalogo\/topografia\/estaciones-totales\/chcnav\/chcnav-cts112r4\/"]}]},{"@type":"ImageObject","inLanguage":"es","@id":"https:\/\/beiroperu.com\/tienda\/catalogo\/topografia\/estaciones-totales\/chcnav\/chcnav-cts112r4\/#primaryimage","url":"https:\/\/beiroperu.com\/tienda\/wp-content\/uploads\/2026\/03\/chcnav-cts-112-r4-estacion-total-1.jpg","contentUrl":"https:\/\/beiroperu.com\/tienda\/wp-content\/uploads\/2026\/03\/chcnav-cts-112-r4-estacion-total-1.jpg","width":800,"height":930},{"@type":"BreadcrumbList","@id":"https:\/\/beiroperu.com\/tienda\/catalogo\/topografia\/estaciones-totales\/chcnav\/chcnav-cts112r4\/#breadcrumb","itemListElement":[{"@type":"ListItem","position":1,"name":"Portada","item":"https:\/\/beiroperu.com\/tienda\/"},{"@type":"ListItem","position":2,"name":"Shop","item":"https:\/\/beiroperu.com\/tienda\/shop\/"},{"@type":"ListItem","position":3,"name":"CHCNAV CTS112R4"}]},{"@type":"WebSite","@id":"https:\/\/beiroperu.com\/tienda\/#website","url":"https:\/\/beiroperu.com\/tienda\/","name":"Topograf\u00eda, Geolog\u00eda, Miner\u00eda y Equipamiento de Oficina","description":"Beiro Per\u00fa","publisher":{"@id":"https:\/\/beiroperu.com\/tienda\/#organization"},"alternateName":"Beiro Per\u00fa","potentialAction":[{"@type":"SearchAction","target":{"@type":"EntryPoint","urlTemplate":"https:\/\/beiroperu.com\/tienda\/?s={search_term_string}"},"query-input":{"@type":"PropertyValueSpecification","valueRequired":true,"valueName":"search_term_string"}}],"inLanguage":"es"},{"@type":"Organization","@id":"https:\/\/beiroperu.com\/tienda\/#organization","name":"Beiro","alternateName":"Beiro Per\u00fa","url":"https:\/\/beiroperu.com\/tienda\/","logo":{"@type":"ImageObject","inLanguage":"es","@id":"https:\/\/beiroperu.com\/tienda\/#\/schema\/logo\/image\/","url":"https:\/\/beiroperu.com\/tienda\/wp-content\/uploads\/2026\/03\/logo-beiro.jpeg","contentUrl":"https:\/\/beiroperu.com\/tienda\/wp-content\/uploads\/2026\/03\/logo-beiro.jpeg","width":322,"height":123,"caption":"Beiro"},"image":{"@id":"https:\/\/beiroperu.com\/tienda\/#\/schema\/logo\/image\/"},"sameAs":["https:\/\/www.facebook.com\/profile.php?id=61574959587714","https:\/\/www.instagram.com\/beiro_equipos_topograficos?igsh=cG11NHowcmp1dzFq","https:\/\/www.threads.com\/@beiro_equipos_topograficos"]}]}},"_links":{"self":[{"href":"https:\/\/beiroperu.com\/tienda\/wp-json\/wp\/v2\/product\/36956","targetHints":{"allow":["GET"]}}],"collection":[{"href":"https:\/\/beiroperu.com\/tienda\/wp-json\/wp\/v2\/product"}],"about":[{"href":"https:\/\/beiroperu.com\/tienda\/wp-json\/wp\/v2\/types\/product"}],"replies":[{"embeddable":true,"href":"https:\/\/beiroperu.com\/tienda\/wp-json\/wp\/v2\/comments?post=36956"}],"wp:featuredmedia":[{"embeddable":true,"href":"https:\/\/beiroperu.com\/tienda\/wp-json\/wp\/v2\/media\/36957"}],"wp:attachment":[{"href":"https:\/\/beiroperu.com\/tienda\/wp-json\/wp\/v2\/media?parent=36956"}],"wp:term":[{"taxonomy":"product_brand","embeddable":true,"href":"https:\/\/beiroperu.com\/tienda\/wp-json\/wp\/v2\/product_brand?post=36956"},{"taxonomy":"product_cat","embeddable":true,"href":"https:\/\/beiroperu.com\/tienda\/wp-json\/wp\/v2\/product_cat?post=36956"},{"taxonomy":"product_tag","embeddable":true,"href":"https:\/\/beiroperu.com\/tienda\/wp-json\/wp\/v2\/product_tag?post=36956"}],"curies":[{"name":"wp","href":"https:\/\/api.w.org\/{rel}","templated":true}]}}