{"id":36960,"date":"2026-03-21T07:02:19","date_gmt":"2026-03-21T12:02:19","guid":{"rendered":"https:\/\/beiroperu.com\/tienda\/?post_type=product&#038;p=36960"},"modified":"2026-03-21T07:02:20","modified_gmt":"2026-03-21T12:02:20","slug":"topcon-gm-55","status":"publish","type":"product","link":"https:\/\/beiroperu.com\/tienda\/catalogo\/topografia\/estaciones-totales\/topcon\/topcon-gm-55\/","title":{"rendered":"TOPCON GM 55"},"content":{"rendered":"<p>La estaci\u00f3n total\u00a0<img loading=\"lazy\" decoding=\"async\" src=\"https:\/\/cosola.com\/images\/logos\/topcon-logo.png\" alt=\"topcon logo\" width=\"143\" height=\"30\" \/>\u00a0Serie\u00a0<strong>GM-55<\/strong>\u00a0potente, rentable y dise\u00f1ada desde el inicio para ofrecer las m\u00e1s avanzadas ventajas tecnol\u00f3gicas en un dise\u00f1o peque\u00f1o y elegante. Presenta un sistema de codificador con excelente precisi\u00f3n angular y ultrapotente EDM (Medicion sin prisma hasta 500mts y con prisma hasta 4,000mts)proporciona precisi\u00f3n, velocidad y resistencia necesarias para los lugares de trabajo m\u00e1s exigentes. Adem\u00e1s, con una resistente carcasa y una bater\u00eda de mayor duraci\u00f3n podr\u00e1 manejar incluso las condiciones m\u00e1s dif\u00edciles.<\/p>\n<h3><strong>ESPECIFICACIONES:<\/strong><\/h3>\n<table>\n<tbody>\n<tr>\n<td><strong>Medida del \u00e1ngulo<\/strong><\/td>\n<td><\/td>\n<\/tr>\n<tr>\n<td>Minima resoluci\u00f3n \/ Precis\u00edon<\/td>\n<td>\u00a05&#8243;<\/td>\n<\/tr>\n<tr>\n<td>Doble eje compensador<\/td>\n<td>\u00a0Doble eje liquido tilt sensor. Gama de trabajo +-6&#8243;<\/td>\n<\/tr>\n<tr>\n<td>Compensaci\u00f3n de Colimaci\u00f3n<\/td>\n<td>\u00a0Encendible \/ apagado (Seleccionable)<\/td>\n<\/tr>\n<tr>\n<td><strong>Medida de la distancia<\/strong><\/td>\n<td><\/td>\n<\/tr>\n<tr>\n<td>Prisma EDM\u00a0 gama<\/td>\n<td>4,000 m<\/td>\n<\/tr>\n<tr>\n<td>Prisma EDM precisi\u00f3n<\/td>\n<td>1,5mm + 2ppm<\/td>\n<\/tr>\n<tr>\n<td>Alcance sin prisma<\/td>\n<td>500 m<\/td>\n<\/tr>\n<tr>\n<td>Sin prisma precisi\u00f3n<\/td>\n<td>1,5mm + 2ppm\u00a0\u00a0\u00a0\u00a0\u00a0 (0.2-200m)<\/td>\n<\/tr>\n<tr>\n<td><strong>Tiempo de medici\u00f3n<\/strong><\/td>\n<td>Fino: 0,9 seg.<\/p>\n<p>Rapido: 0,6 seg.<\/p>\n<p>Traking: 0,4 seg.<\/td>\n<\/tr>\n<\/tbody>\n<\/table>\n<p><strong>Incluye<\/strong><br \/>\n01 Tr\u00edpode de aluminio<br \/>\n01 Bast\u00f3n de aluminio<br \/>\n01 Prisma c\/Porta prisma<\/p>\n<p><strong>Mas\u00a0 Informaci\u00f3n Ver:<\/strong>\u00a0<a href=\"https:\/\/cosola.com\/images\/FICHA-TECNICA-ESTACION-TOTAL-TOPCON-SERIE-GM-50-es_1.pdf\" target=\"_blank\" rel=\"noopener\"><img loading=\"lazy\" decoding=\"async\" src=\"https:\/\/cosola.com\/images\/logos\/Logo-PDF.png\" alt=\"Logo PDF\" width=\"50\" height=\"50\" \/><\/a><\/p>\n","protected":false},"excerpt":{"rendered":"<p>La estaci\u00f3n total\u00a0<img loading=\"lazy\" decoding=\"async\" src=\"https:\/\/cosola.com\/images\/logos\/topcon-logo.png\" alt=\"topcon logo\" width=\"143\" height=\"30\" \/>\u00a0Serie\u00a0<strong>GM-55<\/strong>\u00a0potente, rentable y dise\u00f1ada desde el inicio para ofrecer las m\u00e1s avanzadas ventajas tecnol\u00f3gicas en un dise\u00f1o peque\u00f1o y elegante. Presenta un sistema de codificador con excelente precisi\u00f3n angular y ultrapotente EDM (Medicion sin prisma hasta 500mts y con prisma hasta 4,000mts)proporciona precisi\u00f3n, velocidad y resistencia necesarias para los lugares de trabajo m\u00e1s exigentes. Adem\u00e1s, con una resistente carcasa y una bater\u00eda de mayor duraci\u00f3n podr\u00e1 manejar incluso las condiciones m\u00e1s dif\u00edciles.<\/p>\n","protected":false},"featured_media":36961,"comment_status":"open","ping_status":"closed","template":"","meta":[],"product_brand":[],"product_cat":[75],"product_tag":[],"class_list":{"0":"post-36960","1":"product","2":"type-product","3":"status-publish","4":"has-post-thumbnail","6":"product_cat-topcon","8":"first","9":"instock","10":"shipping-taxable","11":"product-type-simple"},"yoast_head":"<!-- This site is optimized with the Yoast SEO plugin v27.2 - https:\/\/yoast.com\/product\/yoast-seo-wordpress\/ -->\n<title>TOPCON GM 55 - Topograf\u00eda, Geolog\u00eda, Miner\u00eda y Equipamiento de Oficina<\/title>\n<meta name=\"robots\" content=\"index, follow, max-snippet:-1, max-image-preview:large, max-video-preview:-1\" \/>\n<link rel=\"canonical\" href=\"https:\/\/beiroperu.com\/tienda\/catalogo\/topografia\/estaciones-totales\/topcon\/topcon-gm-55\/\" \/>\n<meta property=\"og:locale\" content=\"es_ES\" \/>\n<meta property=\"og:type\" content=\"article\" \/>\n<meta property=\"og:title\" content=\"TOPCON GM 55 - Topograf\u00eda, Geolog\u00eda, Miner\u00eda y Equipamiento de Oficina\" \/>\n<meta property=\"og:description\" content=\"La estaci\u00f3n total\u00a0\u00a0Serie\u00a0GM-55\u00a0potente, rentable y dise\u00f1ada desde el inicio para ofrecer las m\u00e1s avanzadas ventajas tecnol\u00f3gicas en un dise\u00f1o peque\u00f1o y elegante. Presenta un sistema de codificador con excelente precisi\u00f3n angular y ultrapotente EDM (Medicion sin prisma hasta 500mts y con prisma hasta 4,000mts)proporciona precisi\u00f3n, velocidad y resistencia necesarias para los lugares de trabajo m\u00e1s exigentes. Adem\u00e1s, con una resistente carcasa y una bater\u00eda de mayor duraci\u00f3n podr\u00e1 manejar incluso las condiciones m\u00e1s dif\u00edciles.\" \/>\n<meta property=\"og:url\" content=\"https:\/\/beiroperu.com\/tienda\/catalogo\/topografia\/estaciones-totales\/topcon\/topcon-gm-55\/\" \/>\n<meta property=\"og:site_name\" content=\"Topograf\u00eda, Geolog\u00eda, Miner\u00eda y Equipamiento de Oficina\" \/>\n<meta property=\"article:publisher\" content=\"https:\/\/www.facebook.com\/profile.php?id=61574959587714\" \/>\n<meta property=\"article:modified_time\" content=\"2026-03-21T12:02:20+00:00\" \/>\n<meta property=\"og:image\" content=\"https:\/\/beiroperu.com\/tienda\/wp-content\/uploads\/2026\/03\/topcon-gm-55-estacion-total-1.jpg\" \/>\n\t<meta property=\"og:image:width\" content=\"800\" \/>\n\t<meta property=\"og:image:height\" content=\"930\" \/>\n\t<meta property=\"og:image:type\" content=\"image\/jpeg\" \/>\n<meta name=\"twitter:card\" content=\"summary_large_image\" \/>\n<meta name=\"twitter:label1\" content=\"Tiempo de lectura\" \/>\n\t<meta name=\"twitter:data1\" content=\"2 minutos\" \/>\n<script type=\"application\/ld+json\" class=\"yoast-schema-graph\">{\"@context\":\"https:\/\/schema.org\",\"@graph\":[{\"@type\":\"WebPage\",\"@id\":\"https:\/\/beiroperu.com\/tienda\/catalogo\/topografia\/estaciones-totales\/topcon\/topcon-gm-55\/\",\"url\":\"https:\/\/beiroperu.com\/tienda\/catalogo\/topografia\/estaciones-totales\/topcon\/topcon-gm-55\/\",\"name\":\"TOPCON GM 55 - Topograf\u00eda, Geolog\u00eda, Miner\u00eda y Equipamiento de Oficina\",\"isPartOf\":{\"@id\":\"https:\/\/beiroperu.com\/tienda\/#website\"},\"primaryImageOfPage\":{\"@id\":\"https:\/\/beiroperu.com\/tienda\/catalogo\/topografia\/estaciones-totales\/topcon\/topcon-gm-55\/#primaryimage\"},\"image\":{\"@id\":\"https:\/\/beiroperu.com\/tienda\/catalogo\/topografia\/estaciones-totales\/topcon\/topcon-gm-55\/#primaryimage\"},\"thumbnailUrl\":\"https:\/\/beiroperu.com\/tienda\/wp-content\/uploads\/2026\/03\/topcon-gm-55-estacion-total-1.jpg\",\"datePublished\":\"2026-03-21T12:02:19+00:00\",\"dateModified\":\"2026-03-21T12:02:20+00:00\",\"breadcrumb\":{\"@id\":\"https:\/\/beiroperu.com\/tienda\/catalogo\/topografia\/estaciones-totales\/topcon\/topcon-gm-55\/#breadcrumb\"},\"inLanguage\":\"es\",\"potentialAction\":[{\"@type\":\"ReadAction\",\"target\":[\"https:\/\/beiroperu.com\/tienda\/catalogo\/topografia\/estaciones-totales\/topcon\/topcon-gm-55\/\"]}]},{\"@type\":\"ImageObject\",\"inLanguage\":\"es\",\"@id\":\"https:\/\/beiroperu.com\/tienda\/catalogo\/topografia\/estaciones-totales\/topcon\/topcon-gm-55\/#primaryimage\",\"url\":\"https:\/\/beiroperu.com\/tienda\/wp-content\/uploads\/2026\/03\/topcon-gm-55-estacion-total-1.jpg\",\"contentUrl\":\"https:\/\/beiroperu.com\/tienda\/wp-content\/uploads\/2026\/03\/topcon-gm-55-estacion-total-1.jpg\",\"width\":800,\"height\":930},{\"@type\":\"BreadcrumbList\",\"@id\":\"https:\/\/beiroperu.com\/tienda\/catalogo\/topografia\/estaciones-totales\/topcon\/topcon-gm-55\/#breadcrumb\",\"itemListElement\":[{\"@type\":\"ListItem\",\"position\":1,\"name\":\"Portada\",\"item\":\"https:\/\/beiroperu.com\/tienda\/\"},{\"@type\":\"ListItem\",\"position\":2,\"name\":\"Shop\",\"item\":\"https:\/\/beiroperu.com\/tienda\/shop\/\"},{\"@type\":\"ListItem\",\"position\":3,\"name\":\"TOPCON GM 55\"}]},{\"@type\":\"WebSite\",\"@id\":\"https:\/\/beiroperu.com\/tienda\/#website\",\"url\":\"https:\/\/beiroperu.com\/tienda\/\",\"name\":\"Topograf\u00eda, Geolog\u00eda, Miner\u00eda y Equipamiento de Oficina\",\"description\":\"Beiro Per\u00fa\",\"publisher\":{\"@id\":\"https:\/\/beiroperu.com\/tienda\/#organization\"},\"alternateName\":\"Beiro Per\u00fa\",\"potentialAction\":[{\"@type\":\"SearchAction\",\"target\":{\"@type\":\"EntryPoint\",\"urlTemplate\":\"https:\/\/beiroperu.com\/tienda\/?s={search_term_string}\"},\"query-input\":{\"@type\":\"PropertyValueSpecification\",\"valueRequired\":true,\"valueName\":\"search_term_string\"}}],\"inLanguage\":\"es\"},{\"@type\":\"Organization\",\"@id\":\"https:\/\/beiroperu.com\/tienda\/#organization\",\"name\":\"Beiro\",\"alternateName\":\"Beiro Per\u00fa\",\"url\":\"https:\/\/beiroperu.com\/tienda\/\",\"logo\":{\"@type\":\"ImageObject\",\"inLanguage\":\"es\",\"@id\":\"https:\/\/beiroperu.com\/tienda\/#\/schema\/logo\/image\/\",\"url\":\"https:\/\/beiroperu.com\/tienda\/wp-content\/uploads\/2026\/03\/logo-beiro.jpeg\",\"contentUrl\":\"https:\/\/beiroperu.com\/tienda\/wp-content\/uploads\/2026\/03\/logo-beiro.jpeg\",\"width\":322,\"height\":123,\"caption\":\"Beiro\"},\"image\":{\"@id\":\"https:\/\/beiroperu.com\/tienda\/#\/schema\/logo\/image\/\"},\"sameAs\":[\"https:\/\/www.facebook.com\/profile.php?id=61574959587714\",\"https:\/\/www.instagram.com\/beiro_equipos_topograficos?igsh=cG11NHowcmp1dzFq\",\"https:\/\/www.threads.com\/@beiro_equipos_topograficos\"]}]}<\/script>\n<!-- \/ Yoast SEO plugin. -->","yoast_head_json":{"title":"TOPCON GM 55 - Topograf\u00eda, Geolog\u00eda, Miner\u00eda y Equipamiento de Oficina","robots":{"index":"index","follow":"follow","max-snippet":"max-snippet:-1","max-image-preview":"max-image-preview:large","max-video-preview":"max-video-preview:-1"},"canonical":"https:\/\/beiroperu.com\/tienda\/catalogo\/topografia\/estaciones-totales\/topcon\/topcon-gm-55\/","og_locale":"es_ES","og_type":"article","og_title":"TOPCON GM 55 - Topograf\u00eda, Geolog\u00eda, Miner\u00eda y Equipamiento de Oficina","og_description":"La estaci\u00f3n total\u00a0\u00a0Serie\u00a0GM-55\u00a0potente, rentable y dise\u00f1ada desde el inicio para ofrecer las m\u00e1s avanzadas ventajas tecnol\u00f3gicas en un dise\u00f1o peque\u00f1o y elegante. Presenta un sistema de codificador con excelente precisi\u00f3n angular y ultrapotente EDM (Medicion sin prisma hasta 500mts y con prisma hasta 4,000mts)proporciona precisi\u00f3n, velocidad y resistencia necesarias para los lugares de trabajo m\u00e1s exigentes. Adem\u00e1s, con una resistente carcasa y una bater\u00eda de mayor duraci\u00f3n podr\u00e1 manejar incluso las condiciones m\u00e1s dif\u00edciles.","og_url":"https:\/\/beiroperu.com\/tienda\/catalogo\/topografia\/estaciones-totales\/topcon\/topcon-gm-55\/","og_site_name":"Topograf\u00eda, Geolog\u00eda, Miner\u00eda y Equipamiento de Oficina","article_publisher":"https:\/\/www.facebook.com\/profile.php?id=61574959587714","article_modified_time":"2026-03-21T12:02:20+00:00","og_image":[{"width":800,"height":930,"url":"https:\/\/beiroperu.com\/tienda\/wp-content\/uploads\/2026\/03\/topcon-gm-55-estacion-total-1.jpg","type":"image\/jpeg"}],"twitter_card":"summary_large_image","twitter_misc":{"Tiempo de lectura":"2 minutos"},"schema":{"@context":"https:\/\/schema.org","@graph":[{"@type":"WebPage","@id":"https:\/\/beiroperu.com\/tienda\/catalogo\/topografia\/estaciones-totales\/topcon\/topcon-gm-55\/","url":"https:\/\/beiroperu.com\/tienda\/catalogo\/topografia\/estaciones-totales\/topcon\/topcon-gm-55\/","name":"TOPCON GM 55 - Topograf\u00eda, Geolog\u00eda, Miner\u00eda y Equipamiento de Oficina","isPartOf":{"@id":"https:\/\/beiroperu.com\/tienda\/#website"},"primaryImageOfPage":{"@id":"https:\/\/beiroperu.com\/tienda\/catalogo\/topografia\/estaciones-totales\/topcon\/topcon-gm-55\/#primaryimage"},"image":{"@id":"https:\/\/beiroperu.com\/tienda\/catalogo\/topografia\/estaciones-totales\/topcon\/topcon-gm-55\/#primaryimage"},"thumbnailUrl":"https:\/\/beiroperu.com\/tienda\/wp-content\/uploads\/2026\/03\/topcon-gm-55-estacion-total-1.jpg","datePublished":"2026-03-21T12:02:19+00:00","dateModified":"2026-03-21T12:02:20+00:00","breadcrumb":{"@id":"https:\/\/beiroperu.com\/tienda\/catalogo\/topografia\/estaciones-totales\/topcon\/topcon-gm-55\/#breadcrumb"},"inLanguage":"es","potentialAction":[{"@type":"ReadAction","target":["https:\/\/beiroperu.com\/tienda\/catalogo\/topografia\/estaciones-totales\/topcon\/topcon-gm-55\/"]}]},{"@type":"ImageObject","inLanguage":"es","@id":"https:\/\/beiroperu.com\/tienda\/catalogo\/topografia\/estaciones-totales\/topcon\/topcon-gm-55\/#primaryimage","url":"https:\/\/beiroperu.com\/tienda\/wp-content\/uploads\/2026\/03\/topcon-gm-55-estacion-total-1.jpg","contentUrl":"https:\/\/beiroperu.com\/tienda\/wp-content\/uploads\/2026\/03\/topcon-gm-55-estacion-total-1.jpg","width":800,"height":930},{"@type":"BreadcrumbList","@id":"https:\/\/beiroperu.com\/tienda\/catalogo\/topografia\/estaciones-totales\/topcon\/topcon-gm-55\/#breadcrumb","itemListElement":[{"@type":"ListItem","position":1,"name":"Portada","item":"https:\/\/beiroperu.com\/tienda\/"},{"@type":"ListItem","position":2,"name":"Shop","item":"https:\/\/beiroperu.com\/tienda\/shop\/"},{"@type":"ListItem","position":3,"name":"TOPCON GM 55"}]},{"@type":"WebSite","@id":"https:\/\/beiroperu.com\/tienda\/#website","url":"https:\/\/beiroperu.com\/tienda\/","name":"Topograf\u00eda, Geolog\u00eda, Miner\u00eda y Equipamiento de Oficina","description":"Beiro Per\u00fa","publisher":{"@id":"https:\/\/beiroperu.com\/tienda\/#organization"},"alternateName":"Beiro Per\u00fa","potentialAction":[{"@type":"SearchAction","target":{"@type":"EntryPoint","urlTemplate":"https:\/\/beiroperu.com\/tienda\/?s={search_term_string}"},"query-input":{"@type":"PropertyValueSpecification","valueRequired":true,"valueName":"search_term_string"}}],"inLanguage":"es"},{"@type":"Organization","@id":"https:\/\/beiroperu.com\/tienda\/#organization","name":"Beiro","alternateName":"Beiro Per\u00fa","url":"https:\/\/beiroperu.com\/tienda\/","logo":{"@type":"ImageObject","inLanguage":"es","@id":"https:\/\/beiroperu.com\/tienda\/#\/schema\/logo\/image\/","url":"https:\/\/beiroperu.com\/tienda\/wp-content\/uploads\/2026\/03\/logo-beiro.jpeg","contentUrl":"https:\/\/beiroperu.com\/tienda\/wp-content\/uploads\/2026\/03\/logo-beiro.jpeg","width":322,"height":123,"caption":"Beiro"},"image":{"@id":"https:\/\/beiroperu.com\/tienda\/#\/schema\/logo\/image\/"},"sameAs":["https:\/\/www.facebook.com\/profile.php?id=61574959587714","https:\/\/www.instagram.com\/beiro_equipos_topograficos?igsh=cG11NHowcmp1dzFq","https:\/\/www.threads.com\/@beiro_equipos_topograficos"]}]}},"_links":{"self":[{"href":"https:\/\/beiroperu.com\/tienda\/wp-json\/wp\/v2\/product\/36960","targetHints":{"allow":["GET"]}}],"collection":[{"href":"https:\/\/beiroperu.com\/tienda\/wp-json\/wp\/v2\/product"}],"about":[{"href":"https:\/\/beiroperu.com\/tienda\/wp-json\/wp\/v2\/types\/product"}],"replies":[{"embeddable":true,"href":"https:\/\/beiroperu.com\/tienda\/wp-json\/wp\/v2\/comments?post=36960"}],"wp:featuredmedia":[{"embeddable":true,"href":"https:\/\/beiroperu.com\/tienda\/wp-json\/wp\/v2\/media\/36961"}],"wp:attachment":[{"href":"https:\/\/beiroperu.com\/tienda\/wp-json\/wp\/v2\/media?parent=36960"}],"wp:term":[{"taxonomy":"product_brand","embeddable":true,"href":"https:\/\/beiroperu.com\/tienda\/wp-json\/wp\/v2\/product_brand?post=36960"},{"taxonomy":"product_cat","embeddable":true,"href":"https:\/\/beiroperu.com\/tienda\/wp-json\/wp\/v2\/product_cat?post=36960"},{"taxonomy":"product_tag","embeddable":true,"href":"https:\/\/beiroperu.com\/tienda\/wp-json\/wp\/v2\/product_tag?post=36960"}],"curies":[{"name":"wp","href":"https:\/\/api.w.org\/{rel}","templated":true}]}}