{"id":36973,"date":"2026-03-21T07:34:57","date_gmt":"2026-03-21T12:34:57","guid":{"rendered":"https:\/\/beiroperu.com\/tienda\/?post_type=product&#038;p=36973"},"modified":"2026-03-21T07:34:57","modified_gmt":"2026-03-21T12:34:57","slug":"south-nt-023","status":"publish","type":"product","link":"https:\/\/beiroperu.com\/tienda\/catalogo\/topografia\/teodolitos\/south-nt-023\/","title":{"rendered":"SOUTH NT-023"},"content":{"rendered":"<h3><strong>CARACTER\u00cdSTICAS:<\/strong><\/h3>\n<ul>\n<li>Innovaci\u00f3n disruptiva en Teodolitos 300m en medici\u00f3n de distancia<\/li>\n<li>Soporta trabajos de largo plazo<\/li>\n<li>Puntero Laser est\u00e1ndar<\/li>\n<li>Unidad de teclado y display Num\u00e9rico<\/li>\n<li>Pantalla amplia de 2.7 pulgadas<\/li>\n<li>Programa incluidos de \u00c1ngulos, Distancias y Ejes<\/li>\n<\/ul>\n<h3><strong>ESPECIFICACIONES:<\/strong><\/h3>\n<p><strong>Medicion de distancias<\/strong><\/p>\n<p><strong>(Prisma simple)<\/strong><\/p>\n<p>&#8211; Rango: 300m<\/p>\n<p>&#8211; Presicion: \u00b1(3mm+2ppm*D)<\/p>\n<p>Tiempo de Medicion: Continuas\u00a00.35s, Simple 1.5s<\/p>\n<p>&#8211; Correccion Atmosferica: Automatica\u00a0por entrada de\u00a0par\u00e1metro<\/p>\n<p>&#8211; Constante de Prisma: Automatica\u00a0por entrada de par\u00e1metro<\/p>\n<p><strong>Medici\u00f3n Angular<\/strong><\/p>\n<p>&#8211; M\u00e9todo Medici\u00f3n: Codificador\u00a0absoluto<\/p>\n<p>&#8211; Di\u00e1metro del disco codificador: 79mm<\/p>\n<p>&#8211; Min. Display: 1&#8243;<\/p>\n<p>&#8211; Precision: 2&#8243;<\/p>\n<p><strong>Ver m<\/strong><strong>as informaci\u00f3n:\u00a0<a href=\"https:\/\/cosola.com\/images\/Teodolito-t03.pdf\" target=\"_blank\" rel=\"noopener\"><img loading=\"lazy\" decoding=\"async\" src=\"https:\/\/www.cosola.com\/images\/logos\/Logo-PDF.png\" alt=\"Logo-PDF\" width=\"70\" height=\"70\" \/><\/a><\/strong><\/p>\n","protected":false},"excerpt":{"rendered":"<h3><strong>CARACTER\u00cdSTICAS:<\/strong><\/h3>\n<ul>\n<li>Innovaci\u00f3n disruptiva en Teodolitos 300m en medici\u00f3n de distancia<\/li>\n<li>Soporta trabajos de largo plazo<\/li>\n<li>Puntero Laser est\u00e1ndar<\/li>\n<li>Unidad de teclado y display Num\u00e9rico<\/li>\n<li>Pantalla amplia de 2.7 pulgadas<\/li>\n<li>Programa incluidos de \u00c1ngulos, Distancias y Ejes<\/li>\n<\/ul>\n","protected":false},"featured_media":36974,"comment_status":"open","ping_status":"closed","template":"","meta":[],"product_brand":[],"product_cat":[76],"product_tag":[],"class_list":{"0":"post-36973","1":"product","2":"type-product","3":"status-publish","4":"has-post-thumbnail","6":"product_cat-teodolitos","8":"first","9":"instock","10":"shipping-taxable","11":"product-type-simple"},"yoast_head":"<!-- This site is optimized with the Yoast SEO plugin v27.2 - https:\/\/yoast.com\/product\/yoast-seo-wordpress\/ -->\n<title>SOUTH NT-023 - Topograf\u00eda, Geolog\u00eda, Miner\u00eda y Equipamiento de Oficina<\/title>\n<meta name=\"robots\" content=\"index, follow, max-snippet:-1, max-image-preview:large, max-video-preview:-1\" \/>\n<link rel=\"canonical\" href=\"https:\/\/beiroperu.com\/tienda\/catalogo\/topografia\/teodolitos\/south-nt-023\/\" \/>\n<meta property=\"og:locale\" content=\"es_ES\" \/>\n<meta property=\"og:type\" content=\"article\" \/>\n<meta property=\"og:title\" content=\"SOUTH NT-023 - Topograf\u00eda, Geolog\u00eda, Miner\u00eda y Equipamiento de Oficina\" \/>\n<meta property=\"og:description\" content=\"CARACTER\u00cdSTICAS:   Innovaci\u00f3n disruptiva en Teodolitos 300m en medici\u00f3n de distancia  Soporta trabajos de largo plazo  Puntero Laser est\u00e1ndar  Unidad de teclado y display Num\u00e9rico  Pantalla amplia de 2.7 pulgadas  Programa incluidos de \u00c1ngulos, Distancias y Ejes\" \/>\n<meta property=\"og:url\" content=\"https:\/\/beiroperu.com\/tienda\/catalogo\/topografia\/teodolitos\/south-nt-023\/\" \/>\n<meta property=\"og:site_name\" content=\"Topograf\u00eda, Geolog\u00eda, Miner\u00eda y Equipamiento de Oficina\" \/>\n<meta property=\"article:publisher\" content=\"https:\/\/www.facebook.com\/profile.php?id=61574959587714\" \/>\n<meta property=\"og:image\" content=\"https:\/\/beiroperu.com\/tienda\/wp-content\/uploads\/2026\/03\/south-nt-023-teodolito-1.jpg\" \/>\n\t<meta property=\"og:image:width\" content=\"800\" \/>\n\t<meta property=\"og:image:height\" content=\"930\" \/>\n\t<meta property=\"og:image:type\" content=\"image\/jpeg\" \/>\n<meta name=\"twitter:card\" content=\"summary_large_image\" \/>\n<meta name=\"twitter:label1\" content=\"Tiempo de lectura\" \/>\n\t<meta name=\"twitter:data1\" content=\"1 minuto\" \/>\n<script type=\"application\/ld+json\" class=\"yoast-schema-graph\">{\"@context\":\"https:\/\/schema.org\",\"@graph\":[{\"@type\":\"WebPage\",\"@id\":\"https:\/\/beiroperu.com\/tienda\/catalogo\/topografia\/teodolitos\/south-nt-023\/\",\"url\":\"https:\/\/beiroperu.com\/tienda\/catalogo\/topografia\/teodolitos\/south-nt-023\/\",\"name\":\"SOUTH NT-023 - Topograf\u00eda, Geolog\u00eda, Miner\u00eda y Equipamiento de Oficina\",\"isPartOf\":{\"@id\":\"https:\/\/beiroperu.com\/tienda\/#website\"},\"primaryImageOfPage\":{\"@id\":\"https:\/\/beiroperu.com\/tienda\/catalogo\/topografia\/teodolitos\/south-nt-023\/#primaryimage\"},\"image\":{\"@id\":\"https:\/\/beiroperu.com\/tienda\/catalogo\/topografia\/teodolitos\/south-nt-023\/#primaryimage\"},\"thumbnailUrl\":\"https:\/\/beiroperu.com\/tienda\/wp-content\/uploads\/2026\/03\/south-nt-023-teodolito-1.jpg\",\"datePublished\":\"2026-03-21T12:34:57+00:00\",\"breadcrumb\":{\"@id\":\"https:\/\/beiroperu.com\/tienda\/catalogo\/topografia\/teodolitos\/south-nt-023\/#breadcrumb\"},\"inLanguage\":\"es\",\"potentialAction\":[{\"@type\":\"ReadAction\",\"target\":[\"https:\/\/beiroperu.com\/tienda\/catalogo\/topografia\/teodolitos\/south-nt-023\/\"]}]},{\"@type\":\"ImageObject\",\"inLanguage\":\"es\",\"@id\":\"https:\/\/beiroperu.com\/tienda\/catalogo\/topografia\/teodolitos\/south-nt-023\/#primaryimage\",\"url\":\"https:\/\/beiroperu.com\/tienda\/wp-content\/uploads\/2026\/03\/south-nt-023-teodolito-1.jpg\",\"contentUrl\":\"https:\/\/beiroperu.com\/tienda\/wp-content\/uploads\/2026\/03\/south-nt-023-teodolito-1.jpg\",\"width\":800,\"height\":930},{\"@type\":\"BreadcrumbList\",\"@id\":\"https:\/\/beiroperu.com\/tienda\/catalogo\/topografia\/teodolitos\/south-nt-023\/#breadcrumb\",\"itemListElement\":[{\"@type\":\"ListItem\",\"position\":1,\"name\":\"Portada\",\"item\":\"https:\/\/beiroperu.com\/tienda\/\"},{\"@type\":\"ListItem\",\"position\":2,\"name\":\"Shop\",\"item\":\"https:\/\/beiroperu.com\/tienda\/shop\/\"},{\"@type\":\"ListItem\",\"position\":3,\"name\":\"SOUTH NT-023\"}]},{\"@type\":\"WebSite\",\"@id\":\"https:\/\/beiroperu.com\/tienda\/#website\",\"url\":\"https:\/\/beiroperu.com\/tienda\/\",\"name\":\"Topograf\u00eda, Geolog\u00eda, Miner\u00eda y Equipamiento de Oficina\",\"description\":\"Beiro Per\u00fa\",\"publisher\":{\"@id\":\"https:\/\/beiroperu.com\/tienda\/#organization\"},\"alternateName\":\"Beiro Per\u00fa\",\"potentialAction\":[{\"@type\":\"SearchAction\",\"target\":{\"@type\":\"EntryPoint\",\"urlTemplate\":\"https:\/\/beiroperu.com\/tienda\/?s={search_term_string}\"},\"query-input\":{\"@type\":\"PropertyValueSpecification\",\"valueRequired\":true,\"valueName\":\"search_term_string\"}}],\"inLanguage\":\"es\"},{\"@type\":\"Organization\",\"@id\":\"https:\/\/beiroperu.com\/tienda\/#organization\",\"name\":\"Beiro\",\"alternateName\":\"Beiro Per\u00fa\",\"url\":\"https:\/\/beiroperu.com\/tienda\/\",\"logo\":{\"@type\":\"ImageObject\",\"inLanguage\":\"es\",\"@id\":\"https:\/\/beiroperu.com\/tienda\/#\/schema\/logo\/image\/\",\"url\":\"https:\/\/beiroperu.com\/tienda\/wp-content\/uploads\/2026\/03\/logo-beiro.jpeg\",\"contentUrl\":\"https:\/\/beiroperu.com\/tienda\/wp-content\/uploads\/2026\/03\/logo-beiro.jpeg\",\"width\":322,\"height\":123,\"caption\":\"Beiro\"},\"image\":{\"@id\":\"https:\/\/beiroperu.com\/tienda\/#\/schema\/logo\/image\/\"},\"sameAs\":[\"https:\/\/www.facebook.com\/profile.php?id=61574959587714\",\"https:\/\/www.instagram.com\/beiro_equipos_topograficos?igsh=cG11NHowcmp1dzFq\",\"https:\/\/www.threads.com\/@beiro_equipos_topograficos\"]}]}<\/script>\n<!-- \/ Yoast SEO plugin. -->","yoast_head_json":{"title":"SOUTH NT-023 - Topograf\u00eda, Geolog\u00eda, Miner\u00eda y Equipamiento de Oficina","robots":{"index":"index","follow":"follow","max-snippet":"max-snippet:-1","max-image-preview":"max-image-preview:large","max-video-preview":"max-video-preview:-1"},"canonical":"https:\/\/beiroperu.com\/tienda\/catalogo\/topografia\/teodolitos\/south-nt-023\/","og_locale":"es_ES","og_type":"article","og_title":"SOUTH NT-023 - Topograf\u00eda, Geolog\u00eda, Miner\u00eda y Equipamiento de Oficina","og_description":"CARACTER\u00cdSTICAS:   Innovaci\u00f3n disruptiva en Teodolitos 300m en medici\u00f3n de distancia  Soporta trabajos de largo plazo  Puntero Laser est\u00e1ndar  Unidad de teclado y display Num\u00e9rico  Pantalla amplia de 2.7 pulgadas  Programa incluidos de \u00c1ngulos, Distancias y Ejes","og_url":"https:\/\/beiroperu.com\/tienda\/catalogo\/topografia\/teodolitos\/south-nt-023\/","og_site_name":"Topograf\u00eda, Geolog\u00eda, Miner\u00eda y Equipamiento de Oficina","article_publisher":"https:\/\/www.facebook.com\/profile.php?id=61574959587714","og_image":[{"width":800,"height":930,"url":"https:\/\/beiroperu.com\/tienda\/wp-content\/uploads\/2026\/03\/south-nt-023-teodolito-1.jpg","type":"image\/jpeg"}],"twitter_card":"summary_large_image","twitter_misc":{"Tiempo de lectura":"1 minuto"},"schema":{"@context":"https:\/\/schema.org","@graph":[{"@type":"WebPage","@id":"https:\/\/beiroperu.com\/tienda\/catalogo\/topografia\/teodolitos\/south-nt-023\/","url":"https:\/\/beiroperu.com\/tienda\/catalogo\/topografia\/teodolitos\/south-nt-023\/","name":"SOUTH NT-023 - Topograf\u00eda, Geolog\u00eda, Miner\u00eda y Equipamiento de Oficina","isPartOf":{"@id":"https:\/\/beiroperu.com\/tienda\/#website"},"primaryImageOfPage":{"@id":"https:\/\/beiroperu.com\/tienda\/catalogo\/topografia\/teodolitos\/south-nt-023\/#primaryimage"},"image":{"@id":"https:\/\/beiroperu.com\/tienda\/catalogo\/topografia\/teodolitos\/south-nt-023\/#primaryimage"},"thumbnailUrl":"https:\/\/beiroperu.com\/tienda\/wp-content\/uploads\/2026\/03\/south-nt-023-teodolito-1.jpg","datePublished":"2026-03-21T12:34:57+00:00","breadcrumb":{"@id":"https:\/\/beiroperu.com\/tienda\/catalogo\/topografia\/teodolitos\/south-nt-023\/#breadcrumb"},"inLanguage":"es","potentialAction":[{"@type":"ReadAction","target":["https:\/\/beiroperu.com\/tienda\/catalogo\/topografia\/teodolitos\/south-nt-023\/"]}]},{"@type":"ImageObject","inLanguage":"es","@id":"https:\/\/beiroperu.com\/tienda\/catalogo\/topografia\/teodolitos\/south-nt-023\/#primaryimage","url":"https:\/\/beiroperu.com\/tienda\/wp-content\/uploads\/2026\/03\/south-nt-023-teodolito-1.jpg","contentUrl":"https:\/\/beiroperu.com\/tienda\/wp-content\/uploads\/2026\/03\/south-nt-023-teodolito-1.jpg","width":800,"height":930},{"@type":"BreadcrumbList","@id":"https:\/\/beiroperu.com\/tienda\/catalogo\/topografia\/teodolitos\/south-nt-023\/#breadcrumb","itemListElement":[{"@type":"ListItem","position":1,"name":"Portada","item":"https:\/\/beiroperu.com\/tienda\/"},{"@type":"ListItem","position":2,"name":"Shop","item":"https:\/\/beiroperu.com\/tienda\/shop\/"},{"@type":"ListItem","position":3,"name":"SOUTH NT-023"}]},{"@type":"WebSite","@id":"https:\/\/beiroperu.com\/tienda\/#website","url":"https:\/\/beiroperu.com\/tienda\/","name":"Topograf\u00eda, Geolog\u00eda, Miner\u00eda y Equipamiento de Oficina","description":"Beiro Per\u00fa","publisher":{"@id":"https:\/\/beiroperu.com\/tienda\/#organization"},"alternateName":"Beiro Per\u00fa","potentialAction":[{"@type":"SearchAction","target":{"@type":"EntryPoint","urlTemplate":"https:\/\/beiroperu.com\/tienda\/?s={search_term_string}"},"query-input":{"@type":"PropertyValueSpecification","valueRequired":true,"valueName":"search_term_string"}}],"inLanguage":"es"},{"@type":"Organization","@id":"https:\/\/beiroperu.com\/tienda\/#organization","name":"Beiro","alternateName":"Beiro Per\u00fa","url":"https:\/\/beiroperu.com\/tienda\/","logo":{"@type":"ImageObject","inLanguage":"es","@id":"https:\/\/beiroperu.com\/tienda\/#\/schema\/logo\/image\/","url":"https:\/\/beiroperu.com\/tienda\/wp-content\/uploads\/2026\/03\/logo-beiro.jpeg","contentUrl":"https:\/\/beiroperu.com\/tienda\/wp-content\/uploads\/2026\/03\/logo-beiro.jpeg","width":322,"height":123,"caption":"Beiro"},"image":{"@id":"https:\/\/beiroperu.com\/tienda\/#\/schema\/logo\/image\/"},"sameAs":["https:\/\/www.facebook.com\/profile.php?id=61574959587714","https:\/\/www.instagram.com\/beiro_equipos_topograficos?igsh=cG11NHowcmp1dzFq","https:\/\/www.threads.com\/@beiro_equipos_topograficos"]}]}},"_links":{"self":[{"href":"https:\/\/beiroperu.com\/tienda\/wp-json\/wp\/v2\/product\/36973","targetHints":{"allow":["GET"]}}],"collection":[{"href":"https:\/\/beiroperu.com\/tienda\/wp-json\/wp\/v2\/product"}],"about":[{"href":"https:\/\/beiroperu.com\/tienda\/wp-json\/wp\/v2\/types\/product"}],"replies":[{"embeddable":true,"href":"https:\/\/beiroperu.com\/tienda\/wp-json\/wp\/v2\/comments?post=36973"}],"wp:featuredmedia":[{"embeddable":true,"href":"https:\/\/beiroperu.com\/tienda\/wp-json\/wp\/v2\/media\/36974"}],"wp:attachment":[{"href":"https:\/\/beiroperu.com\/tienda\/wp-json\/wp\/v2\/media?parent=36973"}],"wp:term":[{"taxonomy":"product_brand","embeddable":true,"href":"https:\/\/beiroperu.com\/tienda\/wp-json\/wp\/v2\/product_brand?post=36973"},{"taxonomy":"product_cat","embeddable":true,"href":"https:\/\/beiroperu.com\/tienda\/wp-json\/wp\/v2\/product_cat?post=36973"},{"taxonomy":"product_tag","embeddable":true,"href":"https:\/\/beiroperu.com\/tienda\/wp-json\/wp\/v2\/product_tag?post=36973"}],"curies":[{"name":"wp","href":"https:\/\/api.w.org\/{rel}","templated":true}]}}