{"id":37008,"date":"2026-03-22T06:47:22","date_gmt":"2026-03-22T11:47:22","guid":{"rendered":"https:\/\/beiroperu.com\/tienda\/?post_type=product&#038;p=37008"},"modified":"2026-03-22T06:47:23","modified_gmt":"2026-03-22T11:47:23","slug":"leica-runner-24","status":"publish","type":"product","link":"https:\/\/beiroperu.com\/tienda\/catalogo\/topografia\/niveles\/leica-niveles\/leica-runner-24\/","title":{"rendered":"LEICA RUNNER 24"},"content":{"rendered":"<p>El Nivel\u00a0<img loading=\"lazy\" decoding=\"async\" src=\"https:\/\/cosola.com\/images\/logos\/leica-logo.png\" alt=\"leica-logo\" width=\"80\" height=\"43\" \/>\u00a0<strong>Runner 24x<\/strong>\u00a0es un nivel autom\u00e1tico de construcci\u00f3n robusto y econ\u00f3mico. Dise\u00f1ado para trabajar duro en la obra. Es r\u00e1pido de ajustar, simple de usar y muy fiable. El compensador autom\u00e1tico y la \u00f3ptica r\u00e1pida aceleran las mediciones en la obra y aumentan la precisi\u00f3n. Runner &#8211; el compa\u00f1ero ideal para sus tareas de nivelaci\u00f3n diarias. Nuestros niveles son imbatibles. Con un nivel de Leica usted puede seguir trabajando.<br \/>\nRunner es el nivel de construcci\u00f3n ideal para jefes de obra, ingenieros, aparejadores, jardineros paisajistas, carpinteros, empresas de la construcci\u00f3n y muchos m\u00e1s.<\/p>\n<p><strong>ESPEFICACIONES TECNICAS:<\/strong><\/p>\n<p>Desviaci\u00f3n tipica por 1 Km<br \/>\nNivelaci\u00f3n doble \u00a0: 2.0mm<\/p>\n<p><strong>ANTEOJO<\/strong><br \/>\nImagen de Anteojo \u00a0: Derecha<br \/>\nAumento \u00a0: 24x<br \/>\nDi\u00e1metro de Objetivo : 36mm<br \/>\nConstante de multiplicaci\u00f3n : 100<br \/>\nConstante de Adici\u00f3n : 0<\/p>\n<p><strong>Contiene:<\/strong>\u00a0Un Tr\u00edpode, Una Mira Aluminio, Un Estuche, Una Llave y Un Manual.<\/p>\n<p>Mas informaci\u00f3n Ver:\u00a0<a href=\"https:\/\/cosola.com\/images\/archivos\/Leica-Runner-24.pdf\"><img loading=\"lazy\" decoding=\"async\" src=\"https:\/\/cosola.com\/images\/logos\/Logo-PDF.png\" alt=\"Logo-PDF\" width=\"70\" height=\"70\" \/><\/a><\/p>\n","protected":false},"excerpt":{"rendered":"<p>El Nivel\u00a0<img loading=\"lazy\" decoding=\"async\" src=\"https:\/\/cosola.com\/images\/logos\/leica-logo.png\" alt=\"leica-logo\" width=\"80\" height=\"43\" \/>\u00a0<strong>Runner 24x<\/strong>\u00a0es un nivel autom\u00e1tico de construcci\u00f3n robusto y econ\u00f3mico. Dise\u00f1ado para trabajar duro en la obra. Es r\u00e1pido de ajustar, simple de usar y muy fiable. El compensador autom\u00e1tico y la \u00f3ptica r\u00e1pida aceleran las mediciones en la obra y aumentan la precisi\u00f3n. Runner &#8211; el compa\u00f1ero ideal para sus tareas de nivelaci\u00f3n diarias. Nuestros niveles son imbatibles. Con un nivel de Leica usted puede seguir trabajando.<br \/>\nRunner es el nivel de construcci\u00f3n ideal para jefes de obra, ingenieros, aparejadores, jardineros paisajistas, carpinteros, empresas de la construcci\u00f3n y muchos m\u00e1s.<\/p>\n","protected":false},"featured_media":37009,"comment_status":"open","ping_status":"closed","template":"","meta":[],"product_brand":[97],"product_cat":[87],"product_tag":[],"class_list":{"0":"post-37008","1":"product","2":"type-product","3":"status-publish","4":"has-post-thumbnail","6":"product_brand-leica","7":"product_cat-leica-niveles","9":"first","10":"instock","11":"shipping-taxable","12":"product-type-simple"},"yoast_head":"<!-- This site is optimized with the Yoast SEO plugin v27.2 - https:\/\/yoast.com\/product\/yoast-seo-wordpress\/ -->\n<title>LEICA RUNNER 24 - Topograf\u00eda, Geolog\u00eda, Miner\u00eda y Equipamiento de Oficina<\/title>\n<meta name=\"robots\" content=\"index, follow, max-snippet:-1, max-image-preview:large, max-video-preview:-1\" \/>\n<link rel=\"canonical\" href=\"https:\/\/beiroperu.com\/tienda\/catalogo\/topografia\/niveles\/leica-niveles\/leica-runner-24\/\" \/>\n<meta property=\"og:locale\" content=\"es_ES\" \/>\n<meta property=\"og:type\" content=\"article\" \/>\n<meta property=\"og:title\" content=\"LEICA RUNNER 24 - Topograf\u00eda, Geolog\u00eda, Miner\u00eda y Equipamiento de Oficina\" \/>\n<meta property=\"og:description\" content=\"El Nivel\u00a0\u00a0Runner 24x\u00a0es un nivel autom\u00e1tico de construcci\u00f3n robusto y econ\u00f3mico. Dise\u00f1ado para trabajar duro en la obra. Es r\u00e1pido de ajustar, simple de usar y muy fiable. El compensador autom\u00e1tico y la \u00f3ptica r\u00e1pida aceleran las mediciones en la obra y aumentan la precisi\u00f3n. Runner - el compa\u00f1ero ideal para sus tareas de nivelaci\u00f3n diarias. Nuestros niveles son imbatibles. Con un nivel de Leica usted puede seguir trabajando. Runner es el nivel de construcci\u00f3n ideal para jefes de obra, ingenieros, aparejadores, jardineros paisajistas, carpinteros, empresas de la construcci\u00f3n y muchos m\u00e1s.\" \/>\n<meta property=\"og:url\" content=\"https:\/\/beiroperu.com\/tienda\/catalogo\/topografia\/niveles\/leica-niveles\/leica-runner-24\/\" \/>\n<meta property=\"og:site_name\" content=\"Topograf\u00eda, Geolog\u00eda, Miner\u00eda y Equipamiento de Oficina\" \/>\n<meta property=\"article:publisher\" content=\"https:\/\/www.facebook.com\/profile.php?id=61574959587714\" \/>\n<meta property=\"article:modified_time\" content=\"2026-03-22T11:47:23+00:00\" \/>\n<meta property=\"og:image\" content=\"https:\/\/beiroperu.com\/tienda\/wp-content\/uploads\/2026\/03\/leica-runner-24-niveles-1.jpg\" \/>\n\t<meta property=\"og:image:width\" content=\"800\" \/>\n\t<meta property=\"og:image:height\" content=\"930\" \/>\n\t<meta property=\"og:image:type\" content=\"image\/jpeg\" \/>\n<meta name=\"twitter:card\" content=\"summary_large_image\" \/>\n<meta name=\"twitter:label1\" content=\"Tiempo de lectura\" \/>\n\t<meta name=\"twitter:data1\" content=\"2 minutos\" \/>\n<script type=\"application\/ld+json\" class=\"yoast-schema-graph\">{\"@context\":\"https:\/\/schema.org\",\"@graph\":[{\"@type\":\"WebPage\",\"@id\":\"https:\/\/beiroperu.com\/tienda\/catalogo\/topografia\/niveles\/leica-niveles\/leica-runner-24\/\",\"url\":\"https:\/\/beiroperu.com\/tienda\/catalogo\/topografia\/niveles\/leica-niveles\/leica-runner-24\/\",\"name\":\"LEICA RUNNER 24 - Topograf\u00eda, Geolog\u00eda, Miner\u00eda y Equipamiento de Oficina\",\"isPartOf\":{\"@id\":\"https:\/\/beiroperu.com\/tienda\/#website\"},\"primaryImageOfPage\":{\"@id\":\"https:\/\/beiroperu.com\/tienda\/catalogo\/topografia\/niveles\/leica-niveles\/leica-runner-24\/#primaryimage\"},\"image\":{\"@id\":\"https:\/\/beiroperu.com\/tienda\/catalogo\/topografia\/niveles\/leica-niveles\/leica-runner-24\/#primaryimage\"},\"thumbnailUrl\":\"https:\/\/beiroperu.com\/tienda\/wp-content\/uploads\/2026\/03\/leica-runner-24-niveles-1.jpg\",\"datePublished\":\"2026-03-22T11:47:22+00:00\",\"dateModified\":\"2026-03-22T11:47:23+00:00\",\"breadcrumb\":{\"@id\":\"https:\/\/beiroperu.com\/tienda\/catalogo\/topografia\/niveles\/leica-niveles\/leica-runner-24\/#breadcrumb\"},\"inLanguage\":\"es\",\"potentialAction\":[{\"@type\":\"ReadAction\",\"target\":[\"https:\/\/beiroperu.com\/tienda\/catalogo\/topografia\/niveles\/leica-niveles\/leica-runner-24\/\"]}]},{\"@type\":\"ImageObject\",\"inLanguage\":\"es\",\"@id\":\"https:\/\/beiroperu.com\/tienda\/catalogo\/topografia\/niveles\/leica-niveles\/leica-runner-24\/#primaryimage\",\"url\":\"https:\/\/beiroperu.com\/tienda\/wp-content\/uploads\/2026\/03\/leica-runner-24-niveles-1.jpg\",\"contentUrl\":\"https:\/\/beiroperu.com\/tienda\/wp-content\/uploads\/2026\/03\/leica-runner-24-niveles-1.jpg\",\"width\":800,\"height\":930},{\"@type\":\"BreadcrumbList\",\"@id\":\"https:\/\/beiroperu.com\/tienda\/catalogo\/topografia\/niveles\/leica-niveles\/leica-runner-24\/#breadcrumb\",\"itemListElement\":[{\"@type\":\"ListItem\",\"position\":1,\"name\":\"Portada\",\"item\":\"https:\/\/beiroperu.com\/tienda\/\"},{\"@type\":\"ListItem\",\"position\":2,\"name\":\"Shop\",\"item\":\"https:\/\/beiroperu.com\/tienda\/shop\/\"},{\"@type\":\"ListItem\",\"position\":3,\"name\":\"LEICA RUNNER 24\"}]},{\"@type\":\"WebSite\",\"@id\":\"https:\/\/beiroperu.com\/tienda\/#website\",\"url\":\"https:\/\/beiroperu.com\/tienda\/\",\"name\":\"Topograf\u00eda, Geolog\u00eda, Miner\u00eda y Equipamiento de Oficina\",\"description\":\"Beiro Per\u00fa\",\"publisher\":{\"@id\":\"https:\/\/beiroperu.com\/tienda\/#organization\"},\"alternateName\":\"Beiro Per\u00fa\",\"potentialAction\":[{\"@type\":\"SearchAction\",\"target\":{\"@type\":\"EntryPoint\",\"urlTemplate\":\"https:\/\/beiroperu.com\/tienda\/?s={search_term_string}\"},\"query-input\":{\"@type\":\"PropertyValueSpecification\",\"valueRequired\":true,\"valueName\":\"search_term_string\"}}],\"inLanguage\":\"es\"},{\"@type\":\"Organization\",\"@id\":\"https:\/\/beiroperu.com\/tienda\/#organization\",\"name\":\"Beiro\",\"alternateName\":\"Beiro Per\u00fa\",\"url\":\"https:\/\/beiroperu.com\/tienda\/\",\"logo\":{\"@type\":\"ImageObject\",\"inLanguage\":\"es\",\"@id\":\"https:\/\/beiroperu.com\/tienda\/#\/schema\/logo\/image\/\",\"url\":\"https:\/\/beiroperu.com\/tienda\/wp-content\/uploads\/2026\/03\/logo-beiro.jpeg\",\"contentUrl\":\"https:\/\/beiroperu.com\/tienda\/wp-content\/uploads\/2026\/03\/logo-beiro.jpeg\",\"width\":322,\"height\":123,\"caption\":\"Beiro\"},\"image\":{\"@id\":\"https:\/\/beiroperu.com\/tienda\/#\/schema\/logo\/image\/\"},\"sameAs\":[\"https:\/\/www.facebook.com\/profile.php?id=61574959587714\",\"https:\/\/www.instagram.com\/beiro_equipos_topograficos?igsh=cG11NHowcmp1dzFq\",\"https:\/\/www.threads.com\/@beiro_equipos_topograficos\"]}]}<\/script>\n<!-- \/ Yoast SEO plugin. -->","yoast_head_json":{"title":"LEICA RUNNER 24 - Topograf\u00eda, Geolog\u00eda, Miner\u00eda y Equipamiento de Oficina","robots":{"index":"index","follow":"follow","max-snippet":"max-snippet:-1","max-image-preview":"max-image-preview:large","max-video-preview":"max-video-preview:-1"},"canonical":"https:\/\/beiroperu.com\/tienda\/catalogo\/topografia\/niveles\/leica-niveles\/leica-runner-24\/","og_locale":"es_ES","og_type":"article","og_title":"LEICA RUNNER 24 - Topograf\u00eda, Geolog\u00eda, Miner\u00eda y Equipamiento de Oficina","og_description":"El Nivel\u00a0\u00a0Runner 24x\u00a0es un nivel autom\u00e1tico de construcci\u00f3n robusto y econ\u00f3mico. Dise\u00f1ado para trabajar duro en la obra. Es r\u00e1pido de ajustar, simple de usar y muy fiable. El compensador autom\u00e1tico y la \u00f3ptica r\u00e1pida aceleran las mediciones en la obra y aumentan la precisi\u00f3n. Runner - el compa\u00f1ero ideal para sus tareas de nivelaci\u00f3n diarias. Nuestros niveles son imbatibles. Con un nivel de Leica usted puede seguir trabajando. Runner es el nivel de construcci\u00f3n ideal para jefes de obra, ingenieros, aparejadores, jardineros paisajistas, carpinteros, empresas de la construcci\u00f3n y muchos m\u00e1s.","og_url":"https:\/\/beiroperu.com\/tienda\/catalogo\/topografia\/niveles\/leica-niveles\/leica-runner-24\/","og_site_name":"Topograf\u00eda, Geolog\u00eda, Miner\u00eda y Equipamiento de Oficina","article_publisher":"https:\/\/www.facebook.com\/profile.php?id=61574959587714","article_modified_time":"2026-03-22T11:47:23+00:00","og_image":[{"width":800,"height":930,"url":"https:\/\/beiroperu.com\/tienda\/wp-content\/uploads\/2026\/03\/leica-runner-24-niveles-1.jpg","type":"image\/jpeg"}],"twitter_card":"summary_large_image","twitter_misc":{"Tiempo de lectura":"2 minutos"},"schema":{"@context":"https:\/\/schema.org","@graph":[{"@type":"WebPage","@id":"https:\/\/beiroperu.com\/tienda\/catalogo\/topografia\/niveles\/leica-niveles\/leica-runner-24\/","url":"https:\/\/beiroperu.com\/tienda\/catalogo\/topografia\/niveles\/leica-niveles\/leica-runner-24\/","name":"LEICA RUNNER 24 - Topograf\u00eda, Geolog\u00eda, Miner\u00eda y Equipamiento de Oficina","isPartOf":{"@id":"https:\/\/beiroperu.com\/tienda\/#website"},"primaryImageOfPage":{"@id":"https:\/\/beiroperu.com\/tienda\/catalogo\/topografia\/niveles\/leica-niveles\/leica-runner-24\/#primaryimage"},"image":{"@id":"https:\/\/beiroperu.com\/tienda\/catalogo\/topografia\/niveles\/leica-niveles\/leica-runner-24\/#primaryimage"},"thumbnailUrl":"https:\/\/beiroperu.com\/tienda\/wp-content\/uploads\/2026\/03\/leica-runner-24-niveles-1.jpg","datePublished":"2026-03-22T11:47:22+00:00","dateModified":"2026-03-22T11:47:23+00:00","breadcrumb":{"@id":"https:\/\/beiroperu.com\/tienda\/catalogo\/topografia\/niveles\/leica-niveles\/leica-runner-24\/#breadcrumb"},"inLanguage":"es","potentialAction":[{"@type":"ReadAction","target":["https:\/\/beiroperu.com\/tienda\/catalogo\/topografia\/niveles\/leica-niveles\/leica-runner-24\/"]}]},{"@type":"ImageObject","inLanguage":"es","@id":"https:\/\/beiroperu.com\/tienda\/catalogo\/topografia\/niveles\/leica-niveles\/leica-runner-24\/#primaryimage","url":"https:\/\/beiroperu.com\/tienda\/wp-content\/uploads\/2026\/03\/leica-runner-24-niveles-1.jpg","contentUrl":"https:\/\/beiroperu.com\/tienda\/wp-content\/uploads\/2026\/03\/leica-runner-24-niveles-1.jpg","width":800,"height":930},{"@type":"BreadcrumbList","@id":"https:\/\/beiroperu.com\/tienda\/catalogo\/topografia\/niveles\/leica-niveles\/leica-runner-24\/#breadcrumb","itemListElement":[{"@type":"ListItem","position":1,"name":"Portada","item":"https:\/\/beiroperu.com\/tienda\/"},{"@type":"ListItem","position":2,"name":"Shop","item":"https:\/\/beiroperu.com\/tienda\/shop\/"},{"@type":"ListItem","position":3,"name":"LEICA RUNNER 24"}]},{"@type":"WebSite","@id":"https:\/\/beiroperu.com\/tienda\/#website","url":"https:\/\/beiroperu.com\/tienda\/","name":"Topograf\u00eda, Geolog\u00eda, Miner\u00eda y Equipamiento de Oficina","description":"Beiro Per\u00fa","publisher":{"@id":"https:\/\/beiroperu.com\/tienda\/#organization"},"alternateName":"Beiro Per\u00fa","potentialAction":[{"@type":"SearchAction","target":{"@type":"EntryPoint","urlTemplate":"https:\/\/beiroperu.com\/tienda\/?s={search_term_string}"},"query-input":{"@type":"PropertyValueSpecification","valueRequired":true,"valueName":"search_term_string"}}],"inLanguage":"es"},{"@type":"Organization","@id":"https:\/\/beiroperu.com\/tienda\/#organization","name":"Beiro","alternateName":"Beiro Per\u00fa","url":"https:\/\/beiroperu.com\/tienda\/","logo":{"@type":"ImageObject","inLanguage":"es","@id":"https:\/\/beiroperu.com\/tienda\/#\/schema\/logo\/image\/","url":"https:\/\/beiroperu.com\/tienda\/wp-content\/uploads\/2026\/03\/logo-beiro.jpeg","contentUrl":"https:\/\/beiroperu.com\/tienda\/wp-content\/uploads\/2026\/03\/logo-beiro.jpeg","width":322,"height":123,"caption":"Beiro"},"image":{"@id":"https:\/\/beiroperu.com\/tienda\/#\/schema\/logo\/image\/"},"sameAs":["https:\/\/www.facebook.com\/profile.php?id=61574959587714","https:\/\/www.instagram.com\/beiro_equipos_topograficos?igsh=cG11NHowcmp1dzFq","https:\/\/www.threads.com\/@beiro_equipos_topograficos"]}]}},"_links":{"self":[{"href":"https:\/\/beiroperu.com\/tienda\/wp-json\/wp\/v2\/product\/37008","targetHints":{"allow":["GET"]}}],"collection":[{"href":"https:\/\/beiroperu.com\/tienda\/wp-json\/wp\/v2\/product"}],"about":[{"href":"https:\/\/beiroperu.com\/tienda\/wp-json\/wp\/v2\/types\/product"}],"replies":[{"embeddable":true,"href":"https:\/\/beiroperu.com\/tienda\/wp-json\/wp\/v2\/comments?post=37008"}],"wp:featuredmedia":[{"embeddable":true,"href":"https:\/\/beiroperu.com\/tienda\/wp-json\/wp\/v2\/media\/37009"}],"wp:attachment":[{"href":"https:\/\/beiroperu.com\/tienda\/wp-json\/wp\/v2\/media?parent=37008"}],"wp:term":[{"taxonomy":"product_brand","embeddable":true,"href":"https:\/\/beiroperu.com\/tienda\/wp-json\/wp\/v2\/product_brand?post=37008"},{"taxonomy":"product_cat","embeddable":true,"href":"https:\/\/beiroperu.com\/tienda\/wp-json\/wp\/v2\/product_cat?post=37008"},{"taxonomy":"product_tag","embeddable":true,"href":"https:\/\/beiroperu.com\/tienda\/wp-json\/wp\/v2\/product_tag?post=37008"}],"curies":[{"name":"wp","href":"https:\/\/api.w.org\/{rel}","templated":true}]}}