{"id":37020,"date":"2026-03-22T07:14:20","date_gmt":"2026-03-22T12:14:20","guid":{"rendered":"https:\/\/beiroperu.com\/tienda\/?post_type=product&#038;p=37020"},"modified":"2026-03-22T07:14:20","modified_gmt":"2026-03-22T12:14:20","slug":"topcon-at-b4a","status":"publish","type":"product","link":"https:\/\/beiroperu.com\/tienda\/catalogo\/topografia\/niveles\/topcon-niveles\/topcon-at-b4a\/","title":{"rendered":"TOPCON AT B4A"},"content":{"rendered":"<p>Nivel\u00a0<img loading=\"lazy\" decoding=\"async\" src=\"https:\/\/cosola.com\/images\/logos\/topcon-logo.png\" alt=\"topcon-logo\" width=\"100\" height=\"21\" \/><strong>\u00a0AT-B4A<\/strong>\u00a0es\u00a0el nuevo est\u00e1ndar en la industria de la Topograf\u00eda, ingenier\u00eda y construcci\u00f3n.<\/p>\n<p>Los nuevos niveles de la serie AT-B pueden enfocar objetos situados a 20 cms frente al telescopio, cuando otros modelos solo pueden hacerlo a 50 cms. Esto facilita el trabajo en a\u00e9reas con espacios reducidos.<\/p>\n<p>El nuevo compensador con suspensi\u00f3n de tirantes met\u00e1licos que proporcional una m\u00ednima expansi\u00f3n en temperaturas altas, lo que da una inmejorable durabilidad y precisi\u00f3n, adem\u00e1s de que r\u00e1pidamente se estabiliza cuando hay vibraciones.<\/p>\n<p>Con la norma IPX6, el instrumento esta protegido contra humedad incluso con chorros de agua proyectados al instrumento en todas direcciones.<\/p>\n<h3><strong>ESPECIFICACIONES TECNICAS:<\/strong><\/h3>\n<p><strong>TELESCOPIO<\/strong><\/p>\n<ul>\n<li>Longitud: 215 mm<\/li>\n<li>Imagen: Directa<\/li>\n<li>Di\u00e1metro Objetivo: 32 mm<\/li>\n<li>Aumento: 24x<\/li>\n<li>Campo de Vista: 1\u00ba25\u00b4<\/li>\n<li>Enfoque m\u00ednimo:\u00a0\u00a00.3m del centro<\/li>\n<\/ul>\n<p><strong>CIRCULO HORIZONTAL<\/strong><\/p>\n<ul>\n<li>Di\u00e1metro: 103 mm<\/li>\n<li>Lectura M\u00ednima: 1 gon<\/li>\n<\/ul>\n<p><strong>PRECISION<\/strong>\u00a0(desviaci\u00f3n est\u00e1ndar)<\/p>\n<ul>\n<li>1 Km. Doble nivelaci\u00f3n: +-2.0mm<\/li>\n<\/ul>\n<p><strong>Mas informaci\u00f3n Ver:<a href=\"https:\/\/cosola.com\/images\/archivos\/Topcon_AT-B4A.pdf\"><img loading=\"lazy\" decoding=\"async\" src=\"https:\/\/cosola.com\/images\/logos\/Logo-PDF.png\" alt=\"Logo-PDF\" width=\"70\" height=\"70\" \/><\/a><\/strong><\/p>\n","protected":false},"excerpt":{"rendered":"<p>Nivel\u00a0<img loading=\"lazy\" decoding=\"async\" src=\"https:\/\/cosola.com\/images\/logos\/topcon-logo.png\" alt=\"topcon-logo\" width=\"100\" height=\"21\" \/><strong>\u00a0AT-B4A<\/strong>\u00a0es\u00a0el nuevo est\u00e1ndar en la industria de la Topograf\u00eda, ingenier\u00eda y construcci\u00f3n.<\/p>\n<p>Los nuevos niveles de la serie AT-B pueden enfocar objetos situados a 20 cms frente al telescopio, cuando otros modelos solo pueden hacerlo a 50 cms. Esto facilita el trabajo en a\u00e9reas con espacios reducidos.<\/p>\n<p>El nuevo compensador con suspensi\u00f3n de tirantes met\u00e1licos que proporcional una m\u00ednima expansi\u00f3n en temperaturas altas, lo que da una inmejorable durabilidad y precisi\u00f3n, adem\u00e1s de que r\u00e1pidamente se estabiliza cuando hay vibraciones.<\/p>\n","protected":false},"featured_media":37021,"comment_status":"open","ping_status":"closed","template":"","meta":[],"product_brand":[98],"product_cat":[91],"product_tag":[],"class_list":{"0":"post-37020","1":"product","2":"type-product","3":"status-publish","4":"has-post-thumbnail","6":"product_brand-topcon","7":"product_cat-topcon-niveles","9":"first","10":"instock","11":"shipping-taxable","12":"product-type-simple"},"yoast_head":"<!-- This site is optimized with the Yoast SEO plugin v27.2 - https:\/\/yoast.com\/product\/yoast-seo-wordpress\/ -->\n<title>TOPCON AT B4A - Topograf\u00eda, Geolog\u00eda, Miner\u00eda y Equipamiento de Oficina<\/title>\n<meta name=\"robots\" content=\"index, follow, max-snippet:-1, max-image-preview:large, max-video-preview:-1\" \/>\n<link rel=\"canonical\" href=\"https:\/\/beiroperu.com\/tienda\/catalogo\/topografia\/niveles\/topcon-niveles\/topcon-at-b4a\/\" \/>\n<meta property=\"og:locale\" content=\"es_ES\" \/>\n<meta property=\"og:type\" content=\"article\" \/>\n<meta property=\"og:title\" content=\"TOPCON AT B4A - Topograf\u00eda, Geolog\u00eda, Miner\u00eda y Equipamiento de Oficina\" \/>\n<meta property=\"og:description\" content=\"Nivel\u00a0\u00a0AT-B4A\u00a0es\u00a0el nuevo est\u00e1ndar en la industria de la Topograf\u00eda, ingenier\u00eda y construcci\u00f3n.  Los nuevos niveles de la serie AT-B pueden enfocar objetos situados a 20 cms frente al telescopio, cuando otros modelos solo pueden hacerlo a 50 cms. Esto facilita el trabajo en a\u00e9reas con espacios reducidos.  El nuevo compensador con suspensi\u00f3n de tirantes met\u00e1licos que proporcional una m\u00ednima expansi\u00f3n en temperaturas altas, lo que da una inmejorable durabilidad y precisi\u00f3n, adem\u00e1s de que r\u00e1pidamente se estabiliza cuando hay vibraciones.\" \/>\n<meta property=\"og:url\" content=\"https:\/\/beiroperu.com\/tienda\/catalogo\/topografia\/niveles\/topcon-niveles\/topcon-at-b4a\/\" \/>\n<meta property=\"og:site_name\" content=\"Topograf\u00eda, Geolog\u00eda, Miner\u00eda y Equipamiento de Oficina\" \/>\n<meta property=\"article:publisher\" content=\"https:\/\/www.facebook.com\/profile.php?id=61574959587714\" \/>\n<meta property=\"og:image\" content=\"https:\/\/beiroperu.com\/tienda\/wp-content\/uploads\/2026\/03\/topcon-at-b4a-niveles-1.jpg\" \/>\n\t<meta property=\"og:image:width\" content=\"800\" \/>\n\t<meta property=\"og:image:height\" content=\"930\" \/>\n\t<meta property=\"og:image:type\" content=\"image\/jpeg\" \/>\n<meta name=\"twitter:card\" content=\"summary_large_image\" \/>\n<meta name=\"twitter:label1\" content=\"Tiempo de lectura\" \/>\n\t<meta name=\"twitter:data1\" content=\"2 minutos\" \/>\n<script type=\"application\/ld+json\" class=\"yoast-schema-graph\">{\"@context\":\"https:\/\/schema.org\",\"@graph\":[{\"@type\":\"WebPage\",\"@id\":\"https:\/\/beiroperu.com\/tienda\/catalogo\/topografia\/niveles\/topcon-niveles\/topcon-at-b4a\/\",\"url\":\"https:\/\/beiroperu.com\/tienda\/catalogo\/topografia\/niveles\/topcon-niveles\/topcon-at-b4a\/\",\"name\":\"TOPCON AT B4A - Topograf\u00eda, Geolog\u00eda, Miner\u00eda y Equipamiento de Oficina\",\"isPartOf\":{\"@id\":\"https:\/\/beiroperu.com\/tienda\/#website\"},\"primaryImageOfPage\":{\"@id\":\"https:\/\/beiroperu.com\/tienda\/catalogo\/topografia\/niveles\/topcon-niveles\/topcon-at-b4a\/#primaryimage\"},\"image\":{\"@id\":\"https:\/\/beiroperu.com\/tienda\/catalogo\/topografia\/niveles\/topcon-niveles\/topcon-at-b4a\/#primaryimage\"},\"thumbnailUrl\":\"https:\/\/beiroperu.com\/tienda\/wp-content\/uploads\/2026\/03\/topcon-at-b4a-niveles-1.jpg\",\"datePublished\":\"2026-03-22T12:14:20+00:00\",\"breadcrumb\":{\"@id\":\"https:\/\/beiroperu.com\/tienda\/catalogo\/topografia\/niveles\/topcon-niveles\/topcon-at-b4a\/#breadcrumb\"},\"inLanguage\":\"es\",\"potentialAction\":[{\"@type\":\"ReadAction\",\"target\":[\"https:\/\/beiroperu.com\/tienda\/catalogo\/topografia\/niveles\/topcon-niveles\/topcon-at-b4a\/\"]}]},{\"@type\":\"ImageObject\",\"inLanguage\":\"es\",\"@id\":\"https:\/\/beiroperu.com\/tienda\/catalogo\/topografia\/niveles\/topcon-niveles\/topcon-at-b4a\/#primaryimage\",\"url\":\"https:\/\/beiroperu.com\/tienda\/wp-content\/uploads\/2026\/03\/topcon-at-b4a-niveles-1.jpg\",\"contentUrl\":\"https:\/\/beiroperu.com\/tienda\/wp-content\/uploads\/2026\/03\/topcon-at-b4a-niveles-1.jpg\",\"width\":800,\"height\":930},{\"@type\":\"BreadcrumbList\",\"@id\":\"https:\/\/beiroperu.com\/tienda\/catalogo\/topografia\/niveles\/topcon-niveles\/topcon-at-b4a\/#breadcrumb\",\"itemListElement\":[{\"@type\":\"ListItem\",\"position\":1,\"name\":\"Portada\",\"item\":\"https:\/\/beiroperu.com\/tienda\/\"},{\"@type\":\"ListItem\",\"position\":2,\"name\":\"Shop\",\"item\":\"https:\/\/beiroperu.com\/tienda\/shop\/\"},{\"@type\":\"ListItem\",\"position\":3,\"name\":\"TOPCON AT B4A\"}]},{\"@type\":\"WebSite\",\"@id\":\"https:\/\/beiroperu.com\/tienda\/#website\",\"url\":\"https:\/\/beiroperu.com\/tienda\/\",\"name\":\"Topograf\u00eda, Geolog\u00eda, Miner\u00eda y Equipamiento de Oficina\",\"description\":\"Beiro Per\u00fa\",\"publisher\":{\"@id\":\"https:\/\/beiroperu.com\/tienda\/#organization\"},\"alternateName\":\"Beiro Per\u00fa\",\"potentialAction\":[{\"@type\":\"SearchAction\",\"target\":{\"@type\":\"EntryPoint\",\"urlTemplate\":\"https:\/\/beiroperu.com\/tienda\/?s={search_term_string}\"},\"query-input\":{\"@type\":\"PropertyValueSpecification\",\"valueRequired\":true,\"valueName\":\"search_term_string\"}}],\"inLanguage\":\"es\"},{\"@type\":\"Organization\",\"@id\":\"https:\/\/beiroperu.com\/tienda\/#organization\",\"name\":\"Beiro\",\"alternateName\":\"Beiro Per\u00fa\",\"url\":\"https:\/\/beiroperu.com\/tienda\/\",\"logo\":{\"@type\":\"ImageObject\",\"inLanguage\":\"es\",\"@id\":\"https:\/\/beiroperu.com\/tienda\/#\/schema\/logo\/image\/\",\"url\":\"https:\/\/beiroperu.com\/tienda\/wp-content\/uploads\/2026\/03\/logo-beiro.jpeg\",\"contentUrl\":\"https:\/\/beiroperu.com\/tienda\/wp-content\/uploads\/2026\/03\/logo-beiro.jpeg\",\"width\":322,\"height\":123,\"caption\":\"Beiro\"},\"image\":{\"@id\":\"https:\/\/beiroperu.com\/tienda\/#\/schema\/logo\/image\/\"},\"sameAs\":[\"https:\/\/www.facebook.com\/profile.php?id=61574959587714\",\"https:\/\/www.instagram.com\/beiro_equipos_topograficos?igsh=cG11NHowcmp1dzFq\",\"https:\/\/www.threads.com\/@beiro_equipos_topograficos\"]}]}<\/script>\n<!-- \/ Yoast SEO plugin. -->","yoast_head_json":{"title":"TOPCON AT B4A - Topograf\u00eda, Geolog\u00eda, Miner\u00eda y Equipamiento de Oficina","robots":{"index":"index","follow":"follow","max-snippet":"max-snippet:-1","max-image-preview":"max-image-preview:large","max-video-preview":"max-video-preview:-1"},"canonical":"https:\/\/beiroperu.com\/tienda\/catalogo\/topografia\/niveles\/topcon-niveles\/topcon-at-b4a\/","og_locale":"es_ES","og_type":"article","og_title":"TOPCON AT B4A - Topograf\u00eda, Geolog\u00eda, Miner\u00eda y Equipamiento de Oficina","og_description":"Nivel\u00a0\u00a0AT-B4A\u00a0es\u00a0el nuevo est\u00e1ndar en la industria de la Topograf\u00eda, ingenier\u00eda y construcci\u00f3n.  Los nuevos niveles de la serie AT-B pueden enfocar objetos situados a 20 cms frente al telescopio, cuando otros modelos solo pueden hacerlo a 50 cms. Esto facilita el trabajo en a\u00e9reas con espacios reducidos.  El nuevo compensador con suspensi\u00f3n de tirantes met\u00e1licos que proporcional una m\u00ednima expansi\u00f3n en temperaturas altas, lo que da una inmejorable durabilidad y precisi\u00f3n, adem\u00e1s de que r\u00e1pidamente se estabiliza cuando hay vibraciones.","og_url":"https:\/\/beiroperu.com\/tienda\/catalogo\/topografia\/niveles\/topcon-niveles\/topcon-at-b4a\/","og_site_name":"Topograf\u00eda, Geolog\u00eda, Miner\u00eda y Equipamiento de Oficina","article_publisher":"https:\/\/www.facebook.com\/profile.php?id=61574959587714","og_image":[{"width":800,"height":930,"url":"https:\/\/beiroperu.com\/tienda\/wp-content\/uploads\/2026\/03\/topcon-at-b4a-niveles-1.jpg","type":"image\/jpeg"}],"twitter_card":"summary_large_image","twitter_misc":{"Tiempo de lectura":"2 minutos"},"schema":{"@context":"https:\/\/schema.org","@graph":[{"@type":"WebPage","@id":"https:\/\/beiroperu.com\/tienda\/catalogo\/topografia\/niveles\/topcon-niveles\/topcon-at-b4a\/","url":"https:\/\/beiroperu.com\/tienda\/catalogo\/topografia\/niveles\/topcon-niveles\/topcon-at-b4a\/","name":"TOPCON AT B4A - Topograf\u00eda, Geolog\u00eda, Miner\u00eda y Equipamiento de Oficina","isPartOf":{"@id":"https:\/\/beiroperu.com\/tienda\/#website"},"primaryImageOfPage":{"@id":"https:\/\/beiroperu.com\/tienda\/catalogo\/topografia\/niveles\/topcon-niveles\/topcon-at-b4a\/#primaryimage"},"image":{"@id":"https:\/\/beiroperu.com\/tienda\/catalogo\/topografia\/niveles\/topcon-niveles\/topcon-at-b4a\/#primaryimage"},"thumbnailUrl":"https:\/\/beiroperu.com\/tienda\/wp-content\/uploads\/2026\/03\/topcon-at-b4a-niveles-1.jpg","datePublished":"2026-03-22T12:14:20+00:00","breadcrumb":{"@id":"https:\/\/beiroperu.com\/tienda\/catalogo\/topografia\/niveles\/topcon-niveles\/topcon-at-b4a\/#breadcrumb"},"inLanguage":"es","potentialAction":[{"@type":"ReadAction","target":["https:\/\/beiroperu.com\/tienda\/catalogo\/topografia\/niveles\/topcon-niveles\/topcon-at-b4a\/"]}]},{"@type":"ImageObject","inLanguage":"es","@id":"https:\/\/beiroperu.com\/tienda\/catalogo\/topografia\/niveles\/topcon-niveles\/topcon-at-b4a\/#primaryimage","url":"https:\/\/beiroperu.com\/tienda\/wp-content\/uploads\/2026\/03\/topcon-at-b4a-niveles-1.jpg","contentUrl":"https:\/\/beiroperu.com\/tienda\/wp-content\/uploads\/2026\/03\/topcon-at-b4a-niveles-1.jpg","width":800,"height":930},{"@type":"BreadcrumbList","@id":"https:\/\/beiroperu.com\/tienda\/catalogo\/topografia\/niveles\/topcon-niveles\/topcon-at-b4a\/#breadcrumb","itemListElement":[{"@type":"ListItem","position":1,"name":"Portada","item":"https:\/\/beiroperu.com\/tienda\/"},{"@type":"ListItem","position":2,"name":"Shop","item":"https:\/\/beiroperu.com\/tienda\/shop\/"},{"@type":"ListItem","position":3,"name":"TOPCON AT B4A"}]},{"@type":"WebSite","@id":"https:\/\/beiroperu.com\/tienda\/#website","url":"https:\/\/beiroperu.com\/tienda\/","name":"Topograf\u00eda, Geolog\u00eda, Miner\u00eda y Equipamiento de Oficina","description":"Beiro Per\u00fa","publisher":{"@id":"https:\/\/beiroperu.com\/tienda\/#organization"},"alternateName":"Beiro Per\u00fa","potentialAction":[{"@type":"SearchAction","target":{"@type":"EntryPoint","urlTemplate":"https:\/\/beiroperu.com\/tienda\/?s={search_term_string}"},"query-input":{"@type":"PropertyValueSpecification","valueRequired":true,"valueName":"search_term_string"}}],"inLanguage":"es"},{"@type":"Organization","@id":"https:\/\/beiroperu.com\/tienda\/#organization","name":"Beiro","alternateName":"Beiro Per\u00fa","url":"https:\/\/beiroperu.com\/tienda\/","logo":{"@type":"ImageObject","inLanguage":"es","@id":"https:\/\/beiroperu.com\/tienda\/#\/schema\/logo\/image\/","url":"https:\/\/beiroperu.com\/tienda\/wp-content\/uploads\/2026\/03\/logo-beiro.jpeg","contentUrl":"https:\/\/beiroperu.com\/tienda\/wp-content\/uploads\/2026\/03\/logo-beiro.jpeg","width":322,"height":123,"caption":"Beiro"},"image":{"@id":"https:\/\/beiroperu.com\/tienda\/#\/schema\/logo\/image\/"},"sameAs":["https:\/\/www.facebook.com\/profile.php?id=61574959587714","https:\/\/www.instagram.com\/beiro_equipos_topograficos?igsh=cG11NHowcmp1dzFq","https:\/\/www.threads.com\/@beiro_equipos_topograficos"]}]}},"_links":{"self":[{"href":"https:\/\/beiroperu.com\/tienda\/wp-json\/wp\/v2\/product\/37020","targetHints":{"allow":["GET"]}}],"collection":[{"href":"https:\/\/beiroperu.com\/tienda\/wp-json\/wp\/v2\/product"}],"about":[{"href":"https:\/\/beiroperu.com\/tienda\/wp-json\/wp\/v2\/types\/product"}],"replies":[{"embeddable":true,"href":"https:\/\/beiroperu.com\/tienda\/wp-json\/wp\/v2\/comments?post=37020"}],"wp:featuredmedia":[{"embeddable":true,"href":"https:\/\/beiroperu.com\/tienda\/wp-json\/wp\/v2\/media\/37021"}],"wp:attachment":[{"href":"https:\/\/beiroperu.com\/tienda\/wp-json\/wp\/v2\/media?parent=37020"}],"wp:term":[{"taxonomy":"product_brand","embeddable":true,"href":"https:\/\/beiroperu.com\/tienda\/wp-json\/wp\/v2\/product_brand?post=37020"},{"taxonomy":"product_cat","embeddable":true,"href":"https:\/\/beiroperu.com\/tienda\/wp-json\/wp\/v2\/product_cat?post=37020"},{"taxonomy":"product_tag","embeddable":true,"href":"https:\/\/beiroperu.com\/tienda\/wp-json\/wp\/v2\/product_tag?post=37020"}],"curies":[{"name":"wp","href":"https:\/\/api.w.org\/{rel}","templated":true}]}}