{"id":37024,"date":"2026-03-22T07:21:05","date_gmt":"2026-03-22T12:21:05","guid":{"rendered":"https:\/\/beiroperu.com\/tienda\/?post_type=product&#038;p=37024"},"modified":"2026-03-22T07:21:05","modified_gmt":"2026-03-22T12:21:05","slug":"foif-ds05-precision","status":"publish","type":"product","link":"https:\/\/beiroperu.com\/tienda\/catalogo\/topografia\/niveles\/foif-niveles\/foif-ds05-precision\/","title":{"rendered":"FOIF DS05 PRECISI\u00d3N"},"content":{"rendered":"<p>Dise\u00f1ado para la m\u00e1xima precisi\u00f3n en geodesia,\u00a0 ingenier\u00eda e industria.\u00a0<img loading=\"lazy\" decoding=\"async\" src=\"https:\/\/cosola.com\/images\/logos\/foif-logo.png\" alt=\"foif-logo\" width=\"68\" height=\"27\" \/><strong>modelo DS05<\/strong>\u00a0Nivel autom\u00e1tico es adaptable para el segundo y tercer orden de nivelaci\u00f3n geod\u00e9sica de las redes nacionales.<\/p>\n<p>Puede ser utilizado para los estudios de ingenier\u00eda y de deformaci\u00f3n, como el control de altura para proyectos de ingenier\u00eda, la deformaci\u00f3n y mediciones de subsidencia, puentes y estructuras, monitoreo de movimientos, etc. Tambi\u00e9n se utiliza para la ingenier\u00eda de la construcci\u00f3n en general y la instalaci\u00f3n de m\u00e1quinas de gran tama\u00f1o.<\/p>\n<p><strong>Compensador:<\/strong><br \/>\nEl compensador se compone de material met\u00e1lico y de vidrio, la temperatura puede afectar los resultados de estos materiales en ligeros cambios del compensador, a continuaci\u00f3n, hace que el cambio de \u00e1ngulo I. El instrumento sin temperatura compensada es siempre de no alcanzar el nivel de naci\u00f3n (GB \/ T10156-1997), En el diagrama, el \u00e1rea verde donde entre las l\u00edneas rojas es un \u00e1rea aceptable cuando el compensador se cambia junto con el cambio de la temperatura s ( est\u00e1ndar de la empresa:.. \u00b1 0,5 \u00ab\/ \u2103) La l\u00ednea gruesa roja A es una curva de cambio de \u00e1ngulo I de nivel sin temperatura compensada nuestros niveles DS05 a\u00f1adir un dispositivo de temperatura compensada, puede corregir el valor de cambio del \u00e1ngulo que al cambiar el la temperatura. El verde l\u00ednea gruesa B es una curva de cambio de \u00e1ngulo de I despu\u00e9s de offset, el instrumento puede ser un buen trabajo en las malas condiciones de gran cambio de temperatura, especialmente aplicable a la observaci\u00f3n de transformaci\u00f3n en un largo tiempo.<\/p>\n<p><strong>CARACERISTICAS:<\/strong><\/p>\n<ul>\n<li>Construido en paralelo con micr\u00f3metro<\/li>\n<li>Pentaprisma para facilitar la visualizaci\u00f3n del nivel esf\u00e9rico<\/li>\n<li>Lectura de alta precisi\u00f3n, 0.1mm se lee directamente, 0.01mm puede estimarse<\/li>\n<li>Equipado con un bot\u00f3n para la comprobaci\u00f3n del compensador<\/li>\n<li>Desviaci\u00f3n est\u00e1ndar de 1 kil\u00f3metro doble: \u2264 \u00b1 0,5 mm<\/li>\n<li>Ocular desmontable, accesorios variados, tales como: Oculares Diagonales: FJ 19<\/li>\n<li>Adoptar cruzar marco de liga y el compensador de compuerta de aire<\/li>\n<li>Temperatura de trabajo de -30 \u2103 a 50 \u2103<\/li>\n<li>Protecci\u00f3n contra el agua y polvo: IP5<\/li>\n<\/ul>\n<p><strong>El Equipo contiene:<\/strong>\u00a0Un tr\u00edpode, Una Mira Aluminio Invar, plomada, llaves y un manual.<\/p>\n","protected":false},"excerpt":{"rendered":"<p>Dise\u00f1ado para la m\u00e1xima precisi\u00f3n en geodesia,\u00a0 ingenier\u00eda e industria.\u00a0<img loading=\"lazy\" decoding=\"async\" src=\"https:\/\/cosola.com\/images\/logos\/foif-logo.png\" alt=\"foif-logo\" width=\"68\" height=\"27\" \/><strong>modelo DS05<\/strong>\u00a0Nivel autom\u00e1tico es adaptable para el segundo y tercer orden de nivelaci\u00f3n geod\u00e9sica de las redes nacionales.<\/p>\n<p>Puede ser utilizado para los estudios de ingenier\u00eda y de deformaci\u00f3n, como el control de altura para proyectos de ingenier\u00eda, la deformaci\u00f3n y mediciones de subsidencia, puentes y estructuras, monitoreo de movimientos, etc. Tambi\u00e9n se utiliza para la ingenier\u00eda de la construcci\u00f3n en general y la instalaci\u00f3n de m\u00e1quinas de gran tama\u00f1o.<\/p>\n","protected":false},"featured_media":37025,"comment_status":"open","ping_status":"closed","template":"","meta":[],"product_brand":[],"product_cat":[93],"product_tag":[],"class_list":{"0":"post-37024","1":"product","2":"type-product","3":"status-publish","4":"has-post-thumbnail","6":"product_cat-foif-niveles","8":"first","9":"instock","10":"shipping-taxable","11":"product-type-simple"},"yoast_head":"<!-- This site is optimized with the Yoast SEO plugin v27.2 - https:\/\/yoast.com\/product\/yoast-seo-wordpress\/ -->\n<title>FOIF DS05 PRECISI\u00d3N - Topograf\u00eda, Geolog\u00eda, Miner\u00eda y Equipamiento de Oficina<\/title>\n<meta name=\"robots\" content=\"index, follow, max-snippet:-1, max-image-preview:large, max-video-preview:-1\" \/>\n<link rel=\"canonical\" href=\"https:\/\/beiroperu.com\/tienda\/catalogo\/topografia\/niveles\/foif-niveles\/foif-ds05-precision\/\" \/>\n<meta property=\"og:locale\" content=\"es_ES\" \/>\n<meta property=\"og:type\" content=\"article\" \/>\n<meta property=\"og:title\" content=\"FOIF DS05 PRECISI\u00d3N - Topograf\u00eda, Geolog\u00eda, Miner\u00eda y Equipamiento de Oficina\" \/>\n<meta property=\"og:description\" content=\"Dise\u00f1ado para la m\u00e1xima precisi\u00f3n en geodesia,\u00a0 ingenier\u00eda e industria.\u00a0modelo DS05\u00a0Nivel autom\u00e1tico es adaptable para el segundo y tercer orden de nivelaci\u00f3n geod\u00e9sica de las redes nacionales.  Puede ser utilizado para los estudios de ingenier\u00eda y de deformaci\u00f3n, como el control de altura para proyectos de ingenier\u00eda, la deformaci\u00f3n y mediciones de subsidencia, puentes y estructuras, monitoreo de movimientos, etc. Tambi\u00e9n se utiliza para la ingenier\u00eda de la construcci\u00f3n en general y la instalaci\u00f3n de m\u00e1quinas de gran tama\u00f1o.\" \/>\n<meta property=\"og:url\" content=\"https:\/\/beiroperu.com\/tienda\/catalogo\/topografia\/niveles\/foif-niveles\/foif-ds05-precision\/\" \/>\n<meta property=\"og:site_name\" content=\"Topograf\u00eda, Geolog\u00eda, Miner\u00eda y Equipamiento de Oficina\" \/>\n<meta property=\"article:publisher\" content=\"https:\/\/www.facebook.com\/profile.php?id=61574959587714\" \/>\n<meta property=\"og:image\" content=\"https:\/\/beiroperu.com\/tienda\/wp-content\/uploads\/2026\/03\/foif-ds05-precision-niveles-1.jpg\" \/>\n\t<meta property=\"og:image:width\" content=\"800\" \/>\n\t<meta property=\"og:image:height\" content=\"930\" \/>\n\t<meta property=\"og:image:type\" content=\"image\/jpeg\" \/>\n<meta name=\"twitter:card\" content=\"summary_large_image\" \/>\n<meta name=\"twitter:label1\" content=\"Tiempo de lectura\" \/>\n\t<meta name=\"twitter:data1\" content=\"3 minutos\" \/>\n<script type=\"application\/ld+json\" class=\"yoast-schema-graph\">{\"@context\":\"https:\/\/schema.org\",\"@graph\":[{\"@type\":\"WebPage\",\"@id\":\"https:\/\/beiroperu.com\/tienda\/catalogo\/topografia\/niveles\/foif-niveles\/foif-ds05-precision\/\",\"url\":\"https:\/\/beiroperu.com\/tienda\/catalogo\/topografia\/niveles\/foif-niveles\/foif-ds05-precision\/\",\"name\":\"FOIF DS05 PRECISI\u00d3N - Topograf\u00eda, Geolog\u00eda, Miner\u00eda y Equipamiento de Oficina\",\"isPartOf\":{\"@id\":\"https:\/\/beiroperu.com\/tienda\/#website\"},\"primaryImageOfPage\":{\"@id\":\"https:\/\/beiroperu.com\/tienda\/catalogo\/topografia\/niveles\/foif-niveles\/foif-ds05-precision\/#primaryimage\"},\"image\":{\"@id\":\"https:\/\/beiroperu.com\/tienda\/catalogo\/topografia\/niveles\/foif-niveles\/foif-ds05-precision\/#primaryimage\"},\"thumbnailUrl\":\"https:\/\/beiroperu.com\/tienda\/wp-content\/uploads\/2026\/03\/foif-ds05-precision-niveles-1.jpg\",\"datePublished\":\"2026-03-22T12:21:05+00:00\",\"breadcrumb\":{\"@id\":\"https:\/\/beiroperu.com\/tienda\/catalogo\/topografia\/niveles\/foif-niveles\/foif-ds05-precision\/#breadcrumb\"},\"inLanguage\":\"es\",\"potentialAction\":[{\"@type\":\"ReadAction\",\"target\":[\"https:\/\/beiroperu.com\/tienda\/catalogo\/topografia\/niveles\/foif-niveles\/foif-ds05-precision\/\"]}]},{\"@type\":\"ImageObject\",\"inLanguage\":\"es\",\"@id\":\"https:\/\/beiroperu.com\/tienda\/catalogo\/topografia\/niveles\/foif-niveles\/foif-ds05-precision\/#primaryimage\",\"url\":\"https:\/\/beiroperu.com\/tienda\/wp-content\/uploads\/2026\/03\/foif-ds05-precision-niveles-1.jpg\",\"contentUrl\":\"https:\/\/beiroperu.com\/tienda\/wp-content\/uploads\/2026\/03\/foif-ds05-precision-niveles-1.jpg\",\"width\":800,\"height\":930},{\"@type\":\"BreadcrumbList\",\"@id\":\"https:\/\/beiroperu.com\/tienda\/catalogo\/topografia\/niveles\/foif-niveles\/foif-ds05-precision\/#breadcrumb\",\"itemListElement\":[{\"@type\":\"ListItem\",\"position\":1,\"name\":\"Portada\",\"item\":\"https:\/\/beiroperu.com\/tienda\/\"},{\"@type\":\"ListItem\",\"position\":2,\"name\":\"Shop\",\"item\":\"https:\/\/beiroperu.com\/tienda\/shop\/\"},{\"@type\":\"ListItem\",\"position\":3,\"name\":\"FOIF DS05 PRECISI\u00d3N\"}]},{\"@type\":\"WebSite\",\"@id\":\"https:\/\/beiroperu.com\/tienda\/#website\",\"url\":\"https:\/\/beiroperu.com\/tienda\/\",\"name\":\"Topograf\u00eda, Geolog\u00eda, Miner\u00eda y Equipamiento de Oficina\",\"description\":\"Beiro Per\u00fa\",\"publisher\":{\"@id\":\"https:\/\/beiroperu.com\/tienda\/#organization\"},\"alternateName\":\"Beiro Per\u00fa\",\"potentialAction\":[{\"@type\":\"SearchAction\",\"target\":{\"@type\":\"EntryPoint\",\"urlTemplate\":\"https:\/\/beiroperu.com\/tienda\/?s={search_term_string}\"},\"query-input\":{\"@type\":\"PropertyValueSpecification\",\"valueRequired\":true,\"valueName\":\"search_term_string\"}}],\"inLanguage\":\"es\"},{\"@type\":\"Organization\",\"@id\":\"https:\/\/beiroperu.com\/tienda\/#organization\",\"name\":\"Beiro\",\"alternateName\":\"Beiro Per\u00fa\",\"url\":\"https:\/\/beiroperu.com\/tienda\/\",\"logo\":{\"@type\":\"ImageObject\",\"inLanguage\":\"es\",\"@id\":\"https:\/\/beiroperu.com\/tienda\/#\/schema\/logo\/image\/\",\"url\":\"https:\/\/beiroperu.com\/tienda\/wp-content\/uploads\/2026\/03\/logo-beiro.jpeg\",\"contentUrl\":\"https:\/\/beiroperu.com\/tienda\/wp-content\/uploads\/2026\/03\/logo-beiro.jpeg\",\"width\":322,\"height\":123,\"caption\":\"Beiro\"},\"image\":{\"@id\":\"https:\/\/beiroperu.com\/tienda\/#\/schema\/logo\/image\/\"},\"sameAs\":[\"https:\/\/www.facebook.com\/profile.php?id=61574959587714\",\"https:\/\/www.instagram.com\/beiro_equipos_topograficos?igsh=cG11NHowcmp1dzFq\",\"https:\/\/www.threads.com\/@beiro_equipos_topograficos\"]}]}<\/script>\n<!-- \/ Yoast SEO plugin. -->","yoast_head_json":{"title":"FOIF DS05 PRECISI\u00d3N - Topograf\u00eda, Geolog\u00eda, Miner\u00eda y Equipamiento de Oficina","robots":{"index":"index","follow":"follow","max-snippet":"max-snippet:-1","max-image-preview":"max-image-preview:large","max-video-preview":"max-video-preview:-1"},"canonical":"https:\/\/beiroperu.com\/tienda\/catalogo\/topografia\/niveles\/foif-niveles\/foif-ds05-precision\/","og_locale":"es_ES","og_type":"article","og_title":"FOIF DS05 PRECISI\u00d3N - Topograf\u00eda, Geolog\u00eda, Miner\u00eda y Equipamiento de Oficina","og_description":"Dise\u00f1ado para la m\u00e1xima precisi\u00f3n en geodesia,\u00a0 ingenier\u00eda e industria.\u00a0modelo DS05\u00a0Nivel autom\u00e1tico es adaptable para el segundo y tercer orden de nivelaci\u00f3n geod\u00e9sica de las redes nacionales.  Puede ser utilizado para los estudios de ingenier\u00eda y de deformaci\u00f3n, como el control de altura para proyectos de ingenier\u00eda, la deformaci\u00f3n y mediciones de subsidencia, puentes y estructuras, monitoreo de movimientos, etc. Tambi\u00e9n se utiliza para la ingenier\u00eda de la construcci\u00f3n en general y la instalaci\u00f3n de m\u00e1quinas de gran tama\u00f1o.","og_url":"https:\/\/beiroperu.com\/tienda\/catalogo\/topografia\/niveles\/foif-niveles\/foif-ds05-precision\/","og_site_name":"Topograf\u00eda, Geolog\u00eda, Miner\u00eda y Equipamiento de Oficina","article_publisher":"https:\/\/www.facebook.com\/profile.php?id=61574959587714","og_image":[{"width":800,"height":930,"url":"https:\/\/beiroperu.com\/tienda\/wp-content\/uploads\/2026\/03\/foif-ds05-precision-niveles-1.jpg","type":"image\/jpeg"}],"twitter_card":"summary_large_image","twitter_misc":{"Tiempo de lectura":"3 minutos"},"schema":{"@context":"https:\/\/schema.org","@graph":[{"@type":"WebPage","@id":"https:\/\/beiroperu.com\/tienda\/catalogo\/topografia\/niveles\/foif-niveles\/foif-ds05-precision\/","url":"https:\/\/beiroperu.com\/tienda\/catalogo\/topografia\/niveles\/foif-niveles\/foif-ds05-precision\/","name":"FOIF DS05 PRECISI\u00d3N - Topograf\u00eda, Geolog\u00eda, Miner\u00eda y Equipamiento de Oficina","isPartOf":{"@id":"https:\/\/beiroperu.com\/tienda\/#website"},"primaryImageOfPage":{"@id":"https:\/\/beiroperu.com\/tienda\/catalogo\/topografia\/niveles\/foif-niveles\/foif-ds05-precision\/#primaryimage"},"image":{"@id":"https:\/\/beiroperu.com\/tienda\/catalogo\/topografia\/niveles\/foif-niveles\/foif-ds05-precision\/#primaryimage"},"thumbnailUrl":"https:\/\/beiroperu.com\/tienda\/wp-content\/uploads\/2026\/03\/foif-ds05-precision-niveles-1.jpg","datePublished":"2026-03-22T12:21:05+00:00","breadcrumb":{"@id":"https:\/\/beiroperu.com\/tienda\/catalogo\/topografia\/niveles\/foif-niveles\/foif-ds05-precision\/#breadcrumb"},"inLanguage":"es","potentialAction":[{"@type":"ReadAction","target":["https:\/\/beiroperu.com\/tienda\/catalogo\/topografia\/niveles\/foif-niveles\/foif-ds05-precision\/"]}]},{"@type":"ImageObject","inLanguage":"es","@id":"https:\/\/beiroperu.com\/tienda\/catalogo\/topografia\/niveles\/foif-niveles\/foif-ds05-precision\/#primaryimage","url":"https:\/\/beiroperu.com\/tienda\/wp-content\/uploads\/2026\/03\/foif-ds05-precision-niveles-1.jpg","contentUrl":"https:\/\/beiroperu.com\/tienda\/wp-content\/uploads\/2026\/03\/foif-ds05-precision-niveles-1.jpg","width":800,"height":930},{"@type":"BreadcrumbList","@id":"https:\/\/beiroperu.com\/tienda\/catalogo\/topografia\/niveles\/foif-niveles\/foif-ds05-precision\/#breadcrumb","itemListElement":[{"@type":"ListItem","position":1,"name":"Portada","item":"https:\/\/beiroperu.com\/tienda\/"},{"@type":"ListItem","position":2,"name":"Shop","item":"https:\/\/beiroperu.com\/tienda\/shop\/"},{"@type":"ListItem","position":3,"name":"FOIF DS05 PRECISI\u00d3N"}]},{"@type":"WebSite","@id":"https:\/\/beiroperu.com\/tienda\/#website","url":"https:\/\/beiroperu.com\/tienda\/","name":"Topograf\u00eda, Geolog\u00eda, Miner\u00eda y Equipamiento de Oficina","description":"Beiro Per\u00fa","publisher":{"@id":"https:\/\/beiroperu.com\/tienda\/#organization"},"alternateName":"Beiro Per\u00fa","potentialAction":[{"@type":"SearchAction","target":{"@type":"EntryPoint","urlTemplate":"https:\/\/beiroperu.com\/tienda\/?s={search_term_string}"},"query-input":{"@type":"PropertyValueSpecification","valueRequired":true,"valueName":"search_term_string"}}],"inLanguage":"es"},{"@type":"Organization","@id":"https:\/\/beiroperu.com\/tienda\/#organization","name":"Beiro","alternateName":"Beiro Per\u00fa","url":"https:\/\/beiroperu.com\/tienda\/","logo":{"@type":"ImageObject","inLanguage":"es","@id":"https:\/\/beiroperu.com\/tienda\/#\/schema\/logo\/image\/","url":"https:\/\/beiroperu.com\/tienda\/wp-content\/uploads\/2026\/03\/logo-beiro.jpeg","contentUrl":"https:\/\/beiroperu.com\/tienda\/wp-content\/uploads\/2026\/03\/logo-beiro.jpeg","width":322,"height":123,"caption":"Beiro"},"image":{"@id":"https:\/\/beiroperu.com\/tienda\/#\/schema\/logo\/image\/"},"sameAs":["https:\/\/www.facebook.com\/profile.php?id=61574959587714","https:\/\/www.instagram.com\/beiro_equipos_topograficos?igsh=cG11NHowcmp1dzFq","https:\/\/www.threads.com\/@beiro_equipos_topograficos"]}]}},"_links":{"self":[{"href":"https:\/\/beiroperu.com\/tienda\/wp-json\/wp\/v2\/product\/37024","targetHints":{"allow":["GET"]}}],"collection":[{"href":"https:\/\/beiroperu.com\/tienda\/wp-json\/wp\/v2\/product"}],"about":[{"href":"https:\/\/beiroperu.com\/tienda\/wp-json\/wp\/v2\/types\/product"}],"replies":[{"embeddable":true,"href":"https:\/\/beiroperu.com\/tienda\/wp-json\/wp\/v2\/comments?post=37024"}],"wp:featuredmedia":[{"embeddable":true,"href":"https:\/\/beiroperu.com\/tienda\/wp-json\/wp\/v2\/media\/37025"}],"wp:attachment":[{"href":"https:\/\/beiroperu.com\/tienda\/wp-json\/wp\/v2\/media?parent=37024"}],"wp:term":[{"taxonomy":"product_brand","embeddable":true,"href":"https:\/\/beiroperu.com\/tienda\/wp-json\/wp\/v2\/product_brand?post=37024"},{"taxonomy":"product_cat","embeddable":true,"href":"https:\/\/beiroperu.com\/tienda\/wp-json\/wp\/v2\/product_cat?post=37024"},{"taxonomy":"product_tag","embeddable":true,"href":"https:\/\/beiroperu.com\/tienda\/wp-json\/wp\/v2\/product_tag?post=37024"}],"curies":[{"name":"wp","href":"https:\/\/api.w.org\/{rel}","templated":true}]}}