{"id":37026,"date":"2026-03-22T07:26:06","date_gmt":"2026-03-22T12:26:06","guid":{"rendered":"https:\/\/beiroperu.com\/tienda\/?post_type=product&#038;p=37026"},"modified":"2026-03-22T07:26:06","modified_gmt":"2026-03-22T12:26:06","slug":"trimble-al-24a","status":"publish","type":"product","link":"https:\/\/beiroperu.com\/tienda\/catalogo\/topografia\/niveles\/trimble\/trimble-al-24a\/","title":{"rendered":"TRIMBLE AL 24A"},"content":{"rendered":"<p>El nivel\u00a0<strong>Spectra Precision Al24A<\/strong>\u00a0es un producto de marca USA de\u00a0<img loading=\"lazy\" decoding=\"async\" src=\"https:\/\/cosola.com\/images\/logos\/trimble-logo.png\" alt=\"trimble-logo\" width=\"100\" height=\"23\" \/>\u00a0Este nivel esta dise\u00f1ado para dar un gran rendimiento en cualquier requerimiento en tareas de nivelaci\u00f3n. F\u00e1cil de usar, en cualquier lugar.<\/p>\n<p>La serie de niveles \u00f3pticos de Trimble son herramientas accesibles y fiables, proporcionan un gran rendimiento a contratistas, ingenieros y top\u00f3grafos. Una inversion que\u00a0 satisfar\u00e1 sus necesidades, incluso, en situaciones adversas.<\/p>\n<p><strong>ESPECIFICACIONES TECNICAS:<\/strong><\/p>\n<p>Aumento :\u00a0 24x<br \/>\nAmortiguaci\u00f3n : Aire<br \/>\nPrecisi\u00f3n Kilom\u00e9trica :\u00a0<strong>2.0 mm<\/strong><br \/>\nPrecisi\u00f3n de Nivelaci\u00f3n : 1.2 mm<\/p>\n<p><strong>TELESCOPIO<\/strong><\/p>\n<p>Apertura : 30 mm<br \/>\nImagen\u00a0del Telescopio : Directa<br \/>\nAngulo del Campo Visual : 1\u00ba20\u00b4<br \/>\nDistancia de Enfoque mas corta :\u00a0 0.60 m<br \/>\nConstante Taquim\u00e9trica : 100<br \/>\nConstante de Adici\u00f3n : 0<br \/>\nPeso Total del Instrumento : 1.6 Kg.<\/p>\n<p><strong>Contiene:<\/strong>\u00a0Un tr\u00edpode, Una Mira, Una llaves de ajuste, Una Bolsa\u00a0 protector de lluvia y Un Manual.<\/p>\n<p><strong>Mas Informaci\u00f3n Ver:<a href=\"https:\/\/cosola.com\/images\/Spectra_Lasers_Niveles_Automaticos.pdf\"><img loading=\"lazy\" decoding=\"async\" src=\"https:\/\/cosola.com\/images\/logos\/Logo-PDF.png\" alt=\"Logo-PDF\" width=\"70\" height=\"70\" \/><\/a><\/strong><\/p>\n","protected":false},"excerpt":{"rendered":"<p>El nivel\u00a0<strong>Spectra Precision Al24A<\/strong>\u00a0es un producto de marca USA de\u00a0<img loading=\"lazy\" decoding=\"async\" src=\"https:\/\/cosola.com\/images\/logos\/trimble-logo.png\" alt=\"trimble-logo\" width=\"100\" height=\"23\" \/>\u00a0Este nivel esta dise\u00f1ado para dar un gran rendimiento en cualquier requerimiento en tareas de nivelaci\u00f3n. F\u00e1cil de usar, en cualquier lugar.<\/p>\n<p>La serie de niveles \u00f3pticos de Trimble son herramientas accesibles y fiables, proporcionan un gran rendimiento a contratistas, ingenieros y top\u00f3grafos. Una inversion que\u00a0 satisfar\u00e1 sus necesidades, incluso, en situaciones adversas.<\/p>\n","protected":false},"featured_media":37027,"comment_status":"open","ping_status":"closed","template":"","meta":[],"product_brand":[],"product_cat":[94],"product_tag":[],"class_list":{"0":"post-37026","1":"product","2":"type-product","3":"status-publish","4":"has-post-thumbnail","6":"product_cat-trimble","8":"first","9":"instock","10":"shipping-taxable","11":"product-type-simple"},"yoast_head":"<!-- This site is optimized with the Yoast SEO plugin v27.2 - https:\/\/yoast.com\/product\/yoast-seo-wordpress\/ -->\n<title>TRIMBLE AL 24A - Topograf\u00eda, Geolog\u00eda, Miner\u00eda y Equipamiento de Oficina<\/title>\n<meta name=\"robots\" content=\"index, follow, max-snippet:-1, max-image-preview:large, max-video-preview:-1\" \/>\n<link rel=\"canonical\" href=\"https:\/\/beiroperu.com\/tienda\/catalogo\/topografia\/niveles\/trimble\/trimble-al-24a\/\" \/>\n<meta property=\"og:locale\" content=\"es_ES\" \/>\n<meta property=\"og:type\" content=\"article\" \/>\n<meta property=\"og:title\" content=\"TRIMBLE AL 24A - Topograf\u00eda, Geolog\u00eda, Miner\u00eda y Equipamiento de Oficina\" \/>\n<meta property=\"og:description\" content=\"El nivel\u00a0Spectra Precision Al24A\u00a0es un producto de marca USA de\u00a0\u00a0Este nivel esta dise\u00f1ado para dar un gran rendimiento en cualquier requerimiento en tareas de nivelaci\u00f3n. F\u00e1cil de usar, en cualquier lugar.  La serie de niveles \u00f3pticos de Trimble son herramientas accesibles y fiables, proporcionan un gran rendimiento a contratistas, ingenieros y top\u00f3grafos. Una inversion que\u00a0 satisfar\u00e1 sus necesidades, incluso, en situaciones adversas.\" \/>\n<meta property=\"og:url\" content=\"https:\/\/beiroperu.com\/tienda\/catalogo\/topografia\/niveles\/trimble\/trimble-al-24a\/\" \/>\n<meta property=\"og:site_name\" content=\"Topograf\u00eda, Geolog\u00eda, Miner\u00eda y Equipamiento de Oficina\" \/>\n<meta property=\"article:publisher\" content=\"https:\/\/www.facebook.com\/profile.php?id=61574959587714\" \/>\n<meta property=\"og:image\" content=\"https:\/\/beiroperu.com\/tienda\/wp-content\/uploads\/2026\/03\/trimble-al-24a-niveles-1.jpg\" \/>\n\t<meta property=\"og:image:width\" content=\"800\" \/>\n\t<meta property=\"og:image:height\" content=\"930\" \/>\n\t<meta property=\"og:image:type\" content=\"image\/jpeg\" \/>\n<meta name=\"twitter:card\" content=\"summary_large_image\" \/>\n<meta name=\"twitter:label1\" content=\"Tiempo de lectura\" \/>\n\t<meta name=\"twitter:data1\" content=\"2 minutos\" \/>\n<script type=\"application\/ld+json\" class=\"yoast-schema-graph\">{\"@context\":\"https:\/\/schema.org\",\"@graph\":[{\"@type\":\"WebPage\",\"@id\":\"https:\/\/beiroperu.com\/tienda\/catalogo\/topografia\/niveles\/trimble\/trimble-al-24a\/\",\"url\":\"https:\/\/beiroperu.com\/tienda\/catalogo\/topografia\/niveles\/trimble\/trimble-al-24a\/\",\"name\":\"TRIMBLE AL 24A - Topograf\u00eda, Geolog\u00eda, Miner\u00eda y Equipamiento de Oficina\",\"isPartOf\":{\"@id\":\"https:\/\/beiroperu.com\/tienda\/#website\"},\"primaryImageOfPage\":{\"@id\":\"https:\/\/beiroperu.com\/tienda\/catalogo\/topografia\/niveles\/trimble\/trimble-al-24a\/#primaryimage\"},\"image\":{\"@id\":\"https:\/\/beiroperu.com\/tienda\/catalogo\/topografia\/niveles\/trimble\/trimble-al-24a\/#primaryimage\"},\"thumbnailUrl\":\"https:\/\/beiroperu.com\/tienda\/wp-content\/uploads\/2026\/03\/trimble-al-24a-niveles-1.jpg\",\"datePublished\":\"2026-03-22T12:26:06+00:00\",\"breadcrumb\":{\"@id\":\"https:\/\/beiroperu.com\/tienda\/catalogo\/topografia\/niveles\/trimble\/trimble-al-24a\/#breadcrumb\"},\"inLanguage\":\"es\",\"potentialAction\":[{\"@type\":\"ReadAction\",\"target\":[\"https:\/\/beiroperu.com\/tienda\/catalogo\/topografia\/niveles\/trimble\/trimble-al-24a\/\"]}]},{\"@type\":\"ImageObject\",\"inLanguage\":\"es\",\"@id\":\"https:\/\/beiroperu.com\/tienda\/catalogo\/topografia\/niveles\/trimble\/trimble-al-24a\/#primaryimage\",\"url\":\"https:\/\/beiroperu.com\/tienda\/wp-content\/uploads\/2026\/03\/trimble-al-24a-niveles-1.jpg\",\"contentUrl\":\"https:\/\/beiroperu.com\/tienda\/wp-content\/uploads\/2026\/03\/trimble-al-24a-niveles-1.jpg\",\"width\":800,\"height\":930},{\"@type\":\"BreadcrumbList\",\"@id\":\"https:\/\/beiroperu.com\/tienda\/catalogo\/topografia\/niveles\/trimble\/trimble-al-24a\/#breadcrumb\",\"itemListElement\":[{\"@type\":\"ListItem\",\"position\":1,\"name\":\"Portada\",\"item\":\"https:\/\/beiroperu.com\/tienda\/\"},{\"@type\":\"ListItem\",\"position\":2,\"name\":\"Shop\",\"item\":\"https:\/\/beiroperu.com\/tienda\/shop\/\"},{\"@type\":\"ListItem\",\"position\":3,\"name\":\"TRIMBLE AL 24A\"}]},{\"@type\":\"WebSite\",\"@id\":\"https:\/\/beiroperu.com\/tienda\/#website\",\"url\":\"https:\/\/beiroperu.com\/tienda\/\",\"name\":\"Topograf\u00eda, Geolog\u00eda, Miner\u00eda y Equipamiento de Oficina\",\"description\":\"Beiro Per\u00fa\",\"publisher\":{\"@id\":\"https:\/\/beiroperu.com\/tienda\/#organization\"},\"alternateName\":\"Beiro Per\u00fa\",\"potentialAction\":[{\"@type\":\"SearchAction\",\"target\":{\"@type\":\"EntryPoint\",\"urlTemplate\":\"https:\/\/beiroperu.com\/tienda\/?s={search_term_string}\"},\"query-input\":{\"@type\":\"PropertyValueSpecification\",\"valueRequired\":true,\"valueName\":\"search_term_string\"}}],\"inLanguage\":\"es\"},{\"@type\":\"Organization\",\"@id\":\"https:\/\/beiroperu.com\/tienda\/#organization\",\"name\":\"Beiro\",\"alternateName\":\"Beiro Per\u00fa\",\"url\":\"https:\/\/beiroperu.com\/tienda\/\",\"logo\":{\"@type\":\"ImageObject\",\"inLanguage\":\"es\",\"@id\":\"https:\/\/beiroperu.com\/tienda\/#\/schema\/logo\/image\/\",\"url\":\"https:\/\/beiroperu.com\/tienda\/wp-content\/uploads\/2026\/03\/logo-beiro.jpeg\",\"contentUrl\":\"https:\/\/beiroperu.com\/tienda\/wp-content\/uploads\/2026\/03\/logo-beiro.jpeg\",\"width\":322,\"height\":123,\"caption\":\"Beiro\"},\"image\":{\"@id\":\"https:\/\/beiroperu.com\/tienda\/#\/schema\/logo\/image\/\"},\"sameAs\":[\"https:\/\/www.facebook.com\/profile.php?id=61574959587714\",\"https:\/\/www.instagram.com\/beiro_equipos_topograficos?igsh=cG11NHowcmp1dzFq\",\"https:\/\/www.threads.com\/@beiro_equipos_topograficos\"]}]}<\/script>\n<!-- \/ Yoast SEO plugin. -->","yoast_head_json":{"title":"TRIMBLE AL 24A - Topograf\u00eda, Geolog\u00eda, Miner\u00eda y Equipamiento de Oficina","robots":{"index":"index","follow":"follow","max-snippet":"max-snippet:-1","max-image-preview":"max-image-preview:large","max-video-preview":"max-video-preview:-1"},"canonical":"https:\/\/beiroperu.com\/tienda\/catalogo\/topografia\/niveles\/trimble\/trimble-al-24a\/","og_locale":"es_ES","og_type":"article","og_title":"TRIMBLE AL 24A - Topograf\u00eda, Geolog\u00eda, Miner\u00eda y Equipamiento de Oficina","og_description":"El nivel\u00a0Spectra Precision Al24A\u00a0es un producto de marca USA de\u00a0\u00a0Este nivel esta dise\u00f1ado para dar un gran rendimiento en cualquier requerimiento en tareas de nivelaci\u00f3n. F\u00e1cil de usar, en cualquier lugar.  La serie de niveles \u00f3pticos de Trimble son herramientas accesibles y fiables, proporcionan un gran rendimiento a contratistas, ingenieros y top\u00f3grafos. Una inversion que\u00a0 satisfar\u00e1 sus necesidades, incluso, en situaciones adversas.","og_url":"https:\/\/beiroperu.com\/tienda\/catalogo\/topografia\/niveles\/trimble\/trimble-al-24a\/","og_site_name":"Topograf\u00eda, Geolog\u00eda, Miner\u00eda y Equipamiento de Oficina","article_publisher":"https:\/\/www.facebook.com\/profile.php?id=61574959587714","og_image":[{"width":800,"height":930,"url":"https:\/\/beiroperu.com\/tienda\/wp-content\/uploads\/2026\/03\/trimble-al-24a-niveles-1.jpg","type":"image\/jpeg"}],"twitter_card":"summary_large_image","twitter_misc":{"Tiempo de lectura":"2 minutos"},"schema":{"@context":"https:\/\/schema.org","@graph":[{"@type":"WebPage","@id":"https:\/\/beiroperu.com\/tienda\/catalogo\/topografia\/niveles\/trimble\/trimble-al-24a\/","url":"https:\/\/beiroperu.com\/tienda\/catalogo\/topografia\/niveles\/trimble\/trimble-al-24a\/","name":"TRIMBLE AL 24A - Topograf\u00eda, Geolog\u00eda, Miner\u00eda y Equipamiento de Oficina","isPartOf":{"@id":"https:\/\/beiroperu.com\/tienda\/#website"},"primaryImageOfPage":{"@id":"https:\/\/beiroperu.com\/tienda\/catalogo\/topografia\/niveles\/trimble\/trimble-al-24a\/#primaryimage"},"image":{"@id":"https:\/\/beiroperu.com\/tienda\/catalogo\/topografia\/niveles\/trimble\/trimble-al-24a\/#primaryimage"},"thumbnailUrl":"https:\/\/beiroperu.com\/tienda\/wp-content\/uploads\/2026\/03\/trimble-al-24a-niveles-1.jpg","datePublished":"2026-03-22T12:26:06+00:00","breadcrumb":{"@id":"https:\/\/beiroperu.com\/tienda\/catalogo\/topografia\/niveles\/trimble\/trimble-al-24a\/#breadcrumb"},"inLanguage":"es","potentialAction":[{"@type":"ReadAction","target":["https:\/\/beiroperu.com\/tienda\/catalogo\/topografia\/niveles\/trimble\/trimble-al-24a\/"]}]},{"@type":"ImageObject","inLanguage":"es","@id":"https:\/\/beiroperu.com\/tienda\/catalogo\/topografia\/niveles\/trimble\/trimble-al-24a\/#primaryimage","url":"https:\/\/beiroperu.com\/tienda\/wp-content\/uploads\/2026\/03\/trimble-al-24a-niveles-1.jpg","contentUrl":"https:\/\/beiroperu.com\/tienda\/wp-content\/uploads\/2026\/03\/trimble-al-24a-niveles-1.jpg","width":800,"height":930},{"@type":"BreadcrumbList","@id":"https:\/\/beiroperu.com\/tienda\/catalogo\/topografia\/niveles\/trimble\/trimble-al-24a\/#breadcrumb","itemListElement":[{"@type":"ListItem","position":1,"name":"Portada","item":"https:\/\/beiroperu.com\/tienda\/"},{"@type":"ListItem","position":2,"name":"Shop","item":"https:\/\/beiroperu.com\/tienda\/shop\/"},{"@type":"ListItem","position":3,"name":"TRIMBLE AL 24A"}]},{"@type":"WebSite","@id":"https:\/\/beiroperu.com\/tienda\/#website","url":"https:\/\/beiroperu.com\/tienda\/","name":"Topograf\u00eda, Geolog\u00eda, Miner\u00eda y Equipamiento de Oficina","description":"Beiro Per\u00fa","publisher":{"@id":"https:\/\/beiroperu.com\/tienda\/#organization"},"alternateName":"Beiro Per\u00fa","potentialAction":[{"@type":"SearchAction","target":{"@type":"EntryPoint","urlTemplate":"https:\/\/beiroperu.com\/tienda\/?s={search_term_string}"},"query-input":{"@type":"PropertyValueSpecification","valueRequired":true,"valueName":"search_term_string"}}],"inLanguage":"es"},{"@type":"Organization","@id":"https:\/\/beiroperu.com\/tienda\/#organization","name":"Beiro","alternateName":"Beiro Per\u00fa","url":"https:\/\/beiroperu.com\/tienda\/","logo":{"@type":"ImageObject","inLanguage":"es","@id":"https:\/\/beiroperu.com\/tienda\/#\/schema\/logo\/image\/","url":"https:\/\/beiroperu.com\/tienda\/wp-content\/uploads\/2026\/03\/logo-beiro.jpeg","contentUrl":"https:\/\/beiroperu.com\/tienda\/wp-content\/uploads\/2026\/03\/logo-beiro.jpeg","width":322,"height":123,"caption":"Beiro"},"image":{"@id":"https:\/\/beiroperu.com\/tienda\/#\/schema\/logo\/image\/"},"sameAs":["https:\/\/www.facebook.com\/profile.php?id=61574959587714","https:\/\/www.instagram.com\/beiro_equipos_topograficos?igsh=cG11NHowcmp1dzFq","https:\/\/www.threads.com\/@beiro_equipos_topograficos"]}]}},"_links":{"self":[{"href":"https:\/\/beiroperu.com\/tienda\/wp-json\/wp\/v2\/product\/37026","targetHints":{"allow":["GET"]}}],"collection":[{"href":"https:\/\/beiroperu.com\/tienda\/wp-json\/wp\/v2\/product"}],"about":[{"href":"https:\/\/beiroperu.com\/tienda\/wp-json\/wp\/v2\/types\/product"}],"replies":[{"embeddable":true,"href":"https:\/\/beiroperu.com\/tienda\/wp-json\/wp\/v2\/comments?post=37026"}],"wp:featuredmedia":[{"embeddable":true,"href":"https:\/\/beiroperu.com\/tienda\/wp-json\/wp\/v2\/media\/37027"}],"wp:attachment":[{"href":"https:\/\/beiroperu.com\/tienda\/wp-json\/wp\/v2\/media?parent=37026"}],"wp:term":[{"taxonomy":"product_brand","embeddable":true,"href":"https:\/\/beiroperu.com\/tienda\/wp-json\/wp\/v2\/product_brand?post=37026"},{"taxonomy":"product_cat","embeddable":true,"href":"https:\/\/beiroperu.com\/tienda\/wp-json\/wp\/v2\/product_cat?post=37026"},{"taxonomy":"product_tag","embeddable":true,"href":"https:\/\/beiroperu.com\/tienda\/wp-json\/wp\/v2\/product_tag?post=37026"}],"curies":[{"name":"wp","href":"https:\/\/api.w.org\/{rel}","templated":true}]}}