{"id":37037,"date":"2026-03-22T07:57:52","date_gmt":"2026-03-22T12:57:52","guid":{"rendered":"https:\/\/beiroperu.com\/tienda\/?post_type=product&#038;p=37037"},"modified":"2026-03-22T07:57:52","modified_gmt":"2026-03-22T12:57:52","slug":"chcnav-i93","status":"publish","type":"product","link":"https:\/\/beiroperu.com\/tienda\/catalogo\/topografia\/gps-diferenciales\/chcnav-gps-diferenciales\/chcnav-i93\/","title":{"rendered":"CHCNAV i93"},"content":{"rendered":"<p>El receptor GNSS\u00a0<img loading=\"lazy\" decoding=\"async\" src=\"https:\/\/cosola.com\/images\/logos\/Logo_CHCNAV.png\" alt=\"Logo CHCNAV\" width=\"166\" height=\"50\" \/>\u00a0i93 es un RTK extremadamente vers\u00e1til que integra las \u00faltimas tecnolog\u00edas GNSS, IMU y c\u00e1mara dual de primera calidad para ofrecer una experiencia de usuario m\u00e1s atractiva. Su funci\u00f3n de replanteo visual en 3D proporciona una facilidad de uso y una comodidad inigualables, lo que aumenta la eficacia de cualquier proyecto de replanteo de obras de construcci\u00f3n.<\/p>\n<p>La inspecci\u00f3n visual con tecnolog\u00eda de video-fotogrametr\u00eda permite realizar mediciones precisas de puntos y acceder a puntos peligrosos, obstruidos por se\u00f1ales y de dif\u00edcil acceso. El i93 tambi\u00e9n puede utilizarse para complementar los estudios a\u00e9reos generados a partir de im\u00e1genes oblicuas, ya que sus datos son compatibles con los programas de modelado 3D m\u00e1s populares.<\/p>\n<p><em><strong>El i93 es la soluci\u00f3n ideal para completar las tareas con mayor rapidez, precisi\u00f3n y eficacia.<\/strong><\/em><\/p>\n<p><strong>\u00bb El i93 esta certifcada para hacer puntos geodesicos bajo la IGN\u00bb<\/strong><\/p>\n<h3><strong>Par\u00e1metro t\u00e9cnico<\/strong><\/h3>\n<table>\n<tbody>\n<tr>\n<td><strong>Proyecto<\/strong><\/td>\n<td>Contenido<\/td>\n<td>\u00cdndice<\/td>\n<\/tr>\n<tr>\n<td rowspan=\"10\"><strong>Sat\u00e9lites Y Exactitud<\/strong><\/td>\n<td>Sistema De Sat\u00e9lites<\/td>\n<td>Gps+Bds+Glonass+Galileo+Qzss, Apoyan la Tercera Generaci\u00f3n de Beidou, Frecuencias de Cinco Estrellas de la Ayuda Veintiuno<\/td>\n<\/tr>\n<tr>\n<td>N\u00famero De Canales<\/td>\n<td>1408<\/td>\n<\/tr>\n<tr>\n<td>Inicialice La Confiabilidad<\/td>\n<td>99,90%<\/td>\n<\/tr>\n<tr>\n<td>Ninguna Red Continu\u00f3 La Prueba<\/td>\n<td>La Soluci\u00f3n de Alta Precisi\u00f3n de la Ayuda, la Estaci\u00f3n Base Puede Publicar Datos Tales como Informaci\u00f3n del Poder<\/td>\n<\/tr>\n<tr>\n<td>Sensibilidad De La Captura De La Se\u00f1al<\/td>\n<td>Valor T\u00edpico -162dbm, una capacidad m\u00e1s fuerte de Capturar la Se\u00f1al D\u00e9bil<\/td>\n<\/tr>\n<tr>\n<td>Diferencial Basado En Los Sat\u00e9lites<\/td>\n<td>Funci\u00f3n de la Banda de la Ayuda:<\/td>\n<\/tr>\n<tr>\n<td rowspan=\"4\">(Opcional)<\/td>\n<td>El Servicio de Tercera Generaci\u00f3n de Beidou B2b-Ppp de la ayuda, La exactitud puede alcanzar el Nivel del cent\u00edmetro<\/td>\n<\/tr>\n<tr>\n<td>Servicios Aumentados Basados en los Sat\u00e9lites Nacionales De La Ayuda (Nivel Del Cent\u00edmetro)<\/td>\n<\/tr>\n<tr>\n<td>Servicios Diferenciados Terrestres del Sistema de Aumento de la Ayuda (Nivel del Cent\u00edmetro)<\/td>\n<\/tr>\n<tr>\n<td>Los Servicios Basados en los Sat\u00e9lites Globales del Cent\u00edmetro-Nivel Pueden ser abiertos<\/td>\n<\/tr>\n<tr>\n<td rowspan=\"3\"><\/td>\n<\/tr>\n<tr>\n<td><\/td>\n<\/tr>\n<\/tbody>\n<\/table>\n<p><strong>\u00a0Ver Brochure:\u00a0<a href=\"https:\/\/cosola.com\/images\/CHCNav_i93_Naranja_1.pdf\" target=\"_blank\" rel=\"noopener\"><img loading=\"lazy\" decoding=\"async\" src=\"https:\/\/cosola.com\/images\/logos\/Logo-PDF.png\" alt=\"Logo-PDF\" width=\"100\" height=\"100\" \/><\/a><\/strong><\/p>\n","protected":false},"excerpt":{"rendered":"<p>El receptor GNSS\u00a0<img loading=\"lazy\" decoding=\"async\" src=\"https:\/\/cosola.com\/images\/logos\/Logo_CHCNAV.png\" alt=\"Logo CHCNAV\" width=\"166\" height=\"50\" \/>\u00a0i93 es un RTK extremadamente vers\u00e1til que integra las \u00faltimas tecnolog\u00edas GNSS, IMU y c\u00e1mara dual de primera calidad para ofrecer una experiencia de usuario m\u00e1s atractiva. Su funci\u00f3n de replanteo visual en 3D proporciona una facilidad de uso y una comodidad inigualables, lo que aumenta la eficacia de cualquier proyecto de replanteo de obras de construcci\u00f3n.<\/p>\n","protected":false},"featured_media":37038,"comment_status":"open","ping_status":"closed","template":"","meta":[],"product_brand":[100],"product_cat":[105],"product_tag":[],"class_list":{"0":"post-37037","1":"product","2":"type-product","3":"status-publish","4":"has-post-thumbnail","6":"product_brand-chcnav","7":"product_cat-chcnav-gps-diferenciales","9":"first","10":"instock","11":"shipping-taxable","12":"product-type-simple"},"yoast_head":"<!-- This site is optimized with the Yoast SEO plugin v27.2 - https:\/\/yoast.com\/product\/yoast-seo-wordpress\/ -->\n<title>CHCNAV i93 - Topograf\u00eda, Geolog\u00eda, Miner\u00eda y Equipamiento de Oficina<\/title>\n<meta name=\"robots\" content=\"index, follow, max-snippet:-1, max-image-preview:large, max-video-preview:-1\" \/>\n<link rel=\"canonical\" href=\"https:\/\/beiroperu.com\/tienda\/catalogo\/topografia\/gps-diferenciales\/chcnav-gps-diferenciales\/chcnav-i93\/\" \/>\n<meta property=\"og:locale\" content=\"es_ES\" \/>\n<meta property=\"og:type\" content=\"article\" \/>\n<meta property=\"og:title\" content=\"CHCNAV i93 - Topograf\u00eda, Geolog\u00eda, Miner\u00eda y Equipamiento de Oficina\" \/>\n<meta property=\"og:description\" content=\"El receptor GNSS\u00a0\u00a0i93 es un RTK extremadamente vers\u00e1til que integra las \u00faltimas tecnolog\u00edas GNSS, IMU y c\u00e1mara dual de primera calidad para ofrecer una experiencia de usuario m\u00e1s atractiva. Su funci\u00f3n de replanteo visual en 3D proporciona una facilidad de uso y una comodidad inigualables, lo que aumenta la eficacia de cualquier proyecto de replanteo de obras de construcci\u00f3n.\" \/>\n<meta property=\"og:url\" content=\"https:\/\/beiroperu.com\/tienda\/catalogo\/topografia\/gps-diferenciales\/chcnav-gps-diferenciales\/chcnav-i93\/\" \/>\n<meta property=\"og:site_name\" content=\"Topograf\u00eda, Geolog\u00eda, Miner\u00eda y Equipamiento de Oficina\" \/>\n<meta property=\"article:publisher\" content=\"https:\/\/www.facebook.com\/profile.php?id=61574959587714\" \/>\n<meta property=\"og:image\" content=\"https:\/\/beiroperu.com\/tienda\/wp-content\/uploads\/2026\/03\/chcnav-i93-gps-diferencial-1.jpg\" \/>\n\t<meta property=\"og:image:width\" content=\"800\" \/>\n\t<meta property=\"og:image:height\" content=\"930\" \/>\n\t<meta property=\"og:image:type\" content=\"image\/jpeg\" \/>\n<meta name=\"twitter:card\" content=\"summary_large_image\" \/>\n<meta name=\"twitter:label1\" content=\"Tiempo de lectura\" \/>\n\t<meta name=\"twitter:data1\" content=\"2 minutos\" \/>\n<script type=\"application\/ld+json\" class=\"yoast-schema-graph\">{\"@context\":\"https:\/\/schema.org\",\"@graph\":[{\"@type\":\"WebPage\",\"@id\":\"https:\/\/beiroperu.com\/tienda\/catalogo\/topografia\/gps-diferenciales\/chcnav-gps-diferenciales\/chcnav-i93\/\",\"url\":\"https:\/\/beiroperu.com\/tienda\/catalogo\/topografia\/gps-diferenciales\/chcnav-gps-diferenciales\/chcnav-i93\/\",\"name\":\"CHCNAV i93 - Topograf\u00eda, Geolog\u00eda, Miner\u00eda y Equipamiento de Oficina\",\"isPartOf\":{\"@id\":\"https:\/\/beiroperu.com\/tienda\/#website\"},\"primaryImageOfPage\":{\"@id\":\"https:\/\/beiroperu.com\/tienda\/catalogo\/topografia\/gps-diferenciales\/chcnav-gps-diferenciales\/chcnav-i93\/#primaryimage\"},\"image\":{\"@id\":\"https:\/\/beiroperu.com\/tienda\/catalogo\/topografia\/gps-diferenciales\/chcnav-gps-diferenciales\/chcnav-i93\/#primaryimage\"},\"thumbnailUrl\":\"https:\/\/beiroperu.com\/tienda\/wp-content\/uploads\/2026\/03\/chcnav-i93-gps-diferencial-1.jpg\",\"datePublished\":\"2026-03-22T12:57:52+00:00\",\"breadcrumb\":{\"@id\":\"https:\/\/beiroperu.com\/tienda\/catalogo\/topografia\/gps-diferenciales\/chcnav-gps-diferenciales\/chcnav-i93\/#breadcrumb\"},\"inLanguage\":\"es\",\"potentialAction\":[{\"@type\":\"ReadAction\",\"target\":[\"https:\/\/beiroperu.com\/tienda\/catalogo\/topografia\/gps-diferenciales\/chcnav-gps-diferenciales\/chcnav-i93\/\"]}]},{\"@type\":\"ImageObject\",\"inLanguage\":\"es\",\"@id\":\"https:\/\/beiroperu.com\/tienda\/catalogo\/topografia\/gps-diferenciales\/chcnav-gps-diferenciales\/chcnav-i93\/#primaryimage\",\"url\":\"https:\/\/beiroperu.com\/tienda\/wp-content\/uploads\/2026\/03\/chcnav-i93-gps-diferencial-1.jpg\",\"contentUrl\":\"https:\/\/beiroperu.com\/tienda\/wp-content\/uploads\/2026\/03\/chcnav-i93-gps-diferencial-1.jpg\",\"width\":800,\"height\":930},{\"@type\":\"BreadcrumbList\",\"@id\":\"https:\/\/beiroperu.com\/tienda\/catalogo\/topografia\/gps-diferenciales\/chcnav-gps-diferenciales\/chcnav-i93\/#breadcrumb\",\"itemListElement\":[{\"@type\":\"ListItem\",\"position\":1,\"name\":\"Portada\",\"item\":\"https:\/\/beiroperu.com\/tienda\/\"},{\"@type\":\"ListItem\",\"position\":2,\"name\":\"Shop\",\"item\":\"https:\/\/beiroperu.com\/tienda\/shop\/\"},{\"@type\":\"ListItem\",\"position\":3,\"name\":\"CHCNAV i93\"}]},{\"@type\":\"WebSite\",\"@id\":\"https:\/\/beiroperu.com\/tienda\/#website\",\"url\":\"https:\/\/beiroperu.com\/tienda\/\",\"name\":\"Topograf\u00eda, Geolog\u00eda, Miner\u00eda y Equipamiento de Oficina\",\"description\":\"Beiro Per\u00fa\",\"publisher\":{\"@id\":\"https:\/\/beiroperu.com\/tienda\/#organization\"},\"alternateName\":\"Beiro Per\u00fa\",\"potentialAction\":[{\"@type\":\"SearchAction\",\"target\":{\"@type\":\"EntryPoint\",\"urlTemplate\":\"https:\/\/beiroperu.com\/tienda\/?s={search_term_string}\"},\"query-input\":{\"@type\":\"PropertyValueSpecification\",\"valueRequired\":true,\"valueName\":\"search_term_string\"}}],\"inLanguage\":\"es\"},{\"@type\":\"Organization\",\"@id\":\"https:\/\/beiroperu.com\/tienda\/#organization\",\"name\":\"Beiro\",\"alternateName\":\"Beiro Per\u00fa\",\"url\":\"https:\/\/beiroperu.com\/tienda\/\",\"logo\":{\"@type\":\"ImageObject\",\"inLanguage\":\"es\",\"@id\":\"https:\/\/beiroperu.com\/tienda\/#\/schema\/logo\/image\/\",\"url\":\"https:\/\/beiroperu.com\/tienda\/wp-content\/uploads\/2026\/03\/logo-beiro.jpeg\",\"contentUrl\":\"https:\/\/beiroperu.com\/tienda\/wp-content\/uploads\/2026\/03\/logo-beiro.jpeg\",\"width\":322,\"height\":123,\"caption\":\"Beiro\"},\"image\":{\"@id\":\"https:\/\/beiroperu.com\/tienda\/#\/schema\/logo\/image\/\"},\"sameAs\":[\"https:\/\/www.facebook.com\/profile.php?id=61574959587714\",\"https:\/\/www.instagram.com\/beiro_equipos_topograficos?igsh=cG11NHowcmp1dzFq\",\"https:\/\/www.threads.com\/@beiro_equipos_topograficos\"]}]}<\/script>\n<!-- \/ Yoast SEO plugin. -->","yoast_head_json":{"title":"CHCNAV i93 - Topograf\u00eda, Geolog\u00eda, Miner\u00eda y Equipamiento de Oficina","robots":{"index":"index","follow":"follow","max-snippet":"max-snippet:-1","max-image-preview":"max-image-preview:large","max-video-preview":"max-video-preview:-1"},"canonical":"https:\/\/beiroperu.com\/tienda\/catalogo\/topografia\/gps-diferenciales\/chcnav-gps-diferenciales\/chcnav-i93\/","og_locale":"es_ES","og_type":"article","og_title":"CHCNAV i93 - Topograf\u00eda, Geolog\u00eda, Miner\u00eda y Equipamiento de Oficina","og_description":"El receptor GNSS\u00a0\u00a0i93 es un RTK extremadamente vers\u00e1til que integra las \u00faltimas tecnolog\u00edas GNSS, IMU y c\u00e1mara dual de primera calidad para ofrecer una experiencia de usuario m\u00e1s atractiva. Su funci\u00f3n de replanteo visual en 3D proporciona una facilidad de uso y una comodidad inigualables, lo que aumenta la eficacia de cualquier proyecto de replanteo de obras de construcci\u00f3n.","og_url":"https:\/\/beiroperu.com\/tienda\/catalogo\/topografia\/gps-diferenciales\/chcnav-gps-diferenciales\/chcnav-i93\/","og_site_name":"Topograf\u00eda, Geolog\u00eda, Miner\u00eda y Equipamiento de Oficina","article_publisher":"https:\/\/www.facebook.com\/profile.php?id=61574959587714","og_image":[{"width":800,"height":930,"url":"https:\/\/beiroperu.com\/tienda\/wp-content\/uploads\/2026\/03\/chcnav-i93-gps-diferencial-1.jpg","type":"image\/jpeg"}],"twitter_card":"summary_large_image","twitter_misc":{"Tiempo de lectura":"2 minutos"},"schema":{"@context":"https:\/\/schema.org","@graph":[{"@type":"WebPage","@id":"https:\/\/beiroperu.com\/tienda\/catalogo\/topografia\/gps-diferenciales\/chcnav-gps-diferenciales\/chcnav-i93\/","url":"https:\/\/beiroperu.com\/tienda\/catalogo\/topografia\/gps-diferenciales\/chcnav-gps-diferenciales\/chcnav-i93\/","name":"CHCNAV i93 - Topograf\u00eda, Geolog\u00eda, Miner\u00eda y Equipamiento de Oficina","isPartOf":{"@id":"https:\/\/beiroperu.com\/tienda\/#website"},"primaryImageOfPage":{"@id":"https:\/\/beiroperu.com\/tienda\/catalogo\/topografia\/gps-diferenciales\/chcnav-gps-diferenciales\/chcnav-i93\/#primaryimage"},"image":{"@id":"https:\/\/beiroperu.com\/tienda\/catalogo\/topografia\/gps-diferenciales\/chcnav-gps-diferenciales\/chcnav-i93\/#primaryimage"},"thumbnailUrl":"https:\/\/beiroperu.com\/tienda\/wp-content\/uploads\/2026\/03\/chcnav-i93-gps-diferencial-1.jpg","datePublished":"2026-03-22T12:57:52+00:00","breadcrumb":{"@id":"https:\/\/beiroperu.com\/tienda\/catalogo\/topografia\/gps-diferenciales\/chcnav-gps-diferenciales\/chcnav-i93\/#breadcrumb"},"inLanguage":"es","potentialAction":[{"@type":"ReadAction","target":["https:\/\/beiroperu.com\/tienda\/catalogo\/topografia\/gps-diferenciales\/chcnav-gps-diferenciales\/chcnav-i93\/"]}]},{"@type":"ImageObject","inLanguage":"es","@id":"https:\/\/beiroperu.com\/tienda\/catalogo\/topografia\/gps-diferenciales\/chcnav-gps-diferenciales\/chcnav-i93\/#primaryimage","url":"https:\/\/beiroperu.com\/tienda\/wp-content\/uploads\/2026\/03\/chcnav-i93-gps-diferencial-1.jpg","contentUrl":"https:\/\/beiroperu.com\/tienda\/wp-content\/uploads\/2026\/03\/chcnav-i93-gps-diferencial-1.jpg","width":800,"height":930},{"@type":"BreadcrumbList","@id":"https:\/\/beiroperu.com\/tienda\/catalogo\/topografia\/gps-diferenciales\/chcnav-gps-diferenciales\/chcnav-i93\/#breadcrumb","itemListElement":[{"@type":"ListItem","position":1,"name":"Portada","item":"https:\/\/beiroperu.com\/tienda\/"},{"@type":"ListItem","position":2,"name":"Shop","item":"https:\/\/beiroperu.com\/tienda\/shop\/"},{"@type":"ListItem","position":3,"name":"CHCNAV i93"}]},{"@type":"WebSite","@id":"https:\/\/beiroperu.com\/tienda\/#website","url":"https:\/\/beiroperu.com\/tienda\/","name":"Topograf\u00eda, Geolog\u00eda, Miner\u00eda y Equipamiento de Oficina","description":"Beiro Per\u00fa","publisher":{"@id":"https:\/\/beiroperu.com\/tienda\/#organization"},"alternateName":"Beiro Per\u00fa","potentialAction":[{"@type":"SearchAction","target":{"@type":"EntryPoint","urlTemplate":"https:\/\/beiroperu.com\/tienda\/?s={search_term_string}"},"query-input":{"@type":"PropertyValueSpecification","valueRequired":true,"valueName":"search_term_string"}}],"inLanguage":"es"},{"@type":"Organization","@id":"https:\/\/beiroperu.com\/tienda\/#organization","name":"Beiro","alternateName":"Beiro Per\u00fa","url":"https:\/\/beiroperu.com\/tienda\/","logo":{"@type":"ImageObject","inLanguage":"es","@id":"https:\/\/beiroperu.com\/tienda\/#\/schema\/logo\/image\/","url":"https:\/\/beiroperu.com\/tienda\/wp-content\/uploads\/2026\/03\/logo-beiro.jpeg","contentUrl":"https:\/\/beiroperu.com\/tienda\/wp-content\/uploads\/2026\/03\/logo-beiro.jpeg","width":322,"height":123,"caption":"Beiro"},"image":{"@id":"https:\/\/beiroperu.com\/tienda\/#\/schema\/logo\/image\/"},"sameAs":["https:\/\/www.facebook.com\/profile.php?id=61574959587714","https:\/\/www.instagram.com\/beiro_equipos_topograficos?igsh=cG11NHowcmp1dzFq","https:\/\/www.threads.com\/@beiro_equipos_topograficos"]}]}},"_links":{"self":[{"href":"https:\/\/beiroperu.com\/tienda\/wp-json\/wp\/v2\/product\/37037","targetHints":{"allow":["GET"]}}],"collection":[{"href":"https:\/\/beiroperu.com\/tienda\/wp-json\/wp\/v2\/product"}],"about":[{"href":"https:\/\/beiroperu.com\/tienda\/wp-json\/wp\/v2\/types\/product"}],"replies":[{"embeddable":true,"href":"https:\/\/beiroperu.com\/tienda\/wp-json\/wp\/v2\/comments?post=37037"}],"wp:featuredmedia":[{"embeddable":true,"href":"https:\/\/beiroperu.com\/tienda\/wp-json\/wp\/v2\/media\/37038"}],"wp:attachment":[{"href":"https:\/\/beiroperu.com\/tienda\/wp-json\/wp\/v2\/media?parent=37037"}],"wp:term":[{"taxonomy":"product_brand","embeddable":true,"href":"https:\/\/beiroperu.com\/tienda\/wp-json\/wp\/v2\/product_brand?post=37037"},{"taxonomy":"product_cat","embeddable":true,"href":"https:\/\/beiroperu.com\/tienda\/wp-json\/wp\/v2\/product_cat?post=37037"},{"taxonomy":"product_tag","embeddable":true,"href":"https:\/\/beiroperu.com\/tienda\/wp-json\/wp\/v2\/product_tag?post=37037"}],"curies":[{"name":"wp","href":"https:\/\/api.w.org\/{rel}","templated":true}]}}