{"id":37041,"date":"2026-03-22T08:07:24","date_gmt":"2026-03-22T13:07:24","guid":{"rendered":"https:\/\/beiroperu.com\/tienda\/?post_type=product&#038;p=37041"},"modified":"2026-03-22T08:07:24","modified_gmt":"2026-03-22T13:07:24","slug":"south-rtk-galaxy-g3","status":"publish","type":"product","link":"https:\/\/beiroperu.com\/tienda\/catalogo\/topografia\/gps-diferenciales\/south-gps-diferenciales\/south-rtk-galaxy-g3\/","title":{"rendered":"SOUTH RTK GALAXY G3"},"content":{"rendered":"<p>El nuevo\u00a0<img loading=\"lazy\" decoding=\"async\" src=\"https:\/\/cosola.com\/images\/logos\/logo.png\" alt=\"logo\" width=\"109\" height=\"38\" \/>\u00a0Galaxy G3 con m\u00e1s canales que nunca.<\/p>\n<p>Con este receptor GNSS que pesa solo 790 gramos y con unas dimensiones de 130 mm de ancho, 130 mm de largo y 80 mm de alto, es uno de los m\u00e1s peque\u00f1os y fuertes que tenemos.<\/p>\n<p>El G3 tiene un menor consumo de energ\u00eda y con una bater\u00eda de iones de litio de 6800 mAh incorporada, puede funcionar continuamente durante 15 horas.\u00a0Y si tu bater\u00eda se agota, estar\u00e1 completamente cargada en solo 3 horas.\u00a0Con la IMU integrada de 60 grados, puede realizar encuestas en todos los entornos.<\/p>\n<p>El G3 tambi\u00e9n est\u00e1 empaquetado con la s\u00faper radio South \u00abBeaver\u00bb, que ahorra m\u00e1s energ\u00eda.\u00a0El protocolo \u201cFarlink\u201d que utiliza tiene un mayor ancho de banda, hasta 8 kil\u00f3metros.<\/p>\n<p>La combinaci\u00f3n de Beaver y Farlink le da un mejor rendimiento en la captura de se\u00f1ales.<\/p>\n<table>\n<tbody>\n<tr>\n<td><\/td>\n<td><\/td>\n<\/tr>\n<\/tbody>\n<\/table>\n<table>\n<tbody>\n<tr>\n<td rowspan=\"12\"><strong>Caracter\u00edsticas del GNSS<\/strong><\/td>\n<td><strong>Canales<\/strong><\/td>\n<td><strong>1598<\/strong><\/td>\n<\/tr>\n<tr>\n<td>GPS<\/td>\n<td>L1, L1C, L2C, L2P, L5<\/td>\n<\/tr>\n<tr>\n<td>GLONASS<\/td>\n<td>L1C\/A,L1P,L2C\/A,L2P,L3*<\/td>\n<\/tr>\n<tr>\n<td>BDS<\/td>\n<td>BDS-2: B1I, B2I, B3I<br \/>\nBDS-3: B1I, B3I, B1C, B2a, B2b*<\/td>\n<\/tr>\n<tr>\n<td>GALILEO<\/td>\n<td>E1, E5A, E5B, E6C, AltBOC*<\/td>\n<\/tr>\n<tr>\n<td>SBAS (WAAS\/MSAS\/EGNOS\/GAGAN)<\/td>\n<td>L1*<\/td>\n<\/tr>\n<tr>\n<td>IRNSS<\/td>\n<td>L5*<\/td>\n<\/tr>\n<tr>\n<td>QZSS<\/td>\n<td>L1, L2C, L5*<\/td>\n<\/tr>\n<tr>\n<td>Banda L MSS<\/td>\n<td>BDS-PPP<\/td>\n<\/tr>\n<tr>\n<td>Tasa de salida de posicionamiento<\/td>\n<td>1Hz~20Hz<\/td>\n<\/tr>\n<tr>\n<td>Tiempo de inicializaci\u00f3n<\/td>\n<td>&lt; 10 s<\/td>\n<\/tr>\n<tr>\n<td>Fiabilidad de inicializaci\u00f3n<\/td>\n<td>&gt; 99,99%<\/td>\n<\/tr>\n<tr>\n<td rowspan=\"12\">\n&nbsp;<\/td>\n<td><\/td>\n<\/tr>\n<\/tbody>\n<\/table>\n<p>Mas Informacion Ver:\u00a0<a href=\"https:\/\/cosola.com\/images\/South_Galaxy_G3.pdf\"><img loading=\"lazy\" decoding=\"async\" src=\"https:\/\/cosola.com\/images\/logos\/Logo-PDF.png\" alt=\"Logo-PDF\" width=\"70\" height=\"70\" \/><\/a><\/p>\n","protected":false},"excerpt":{"rendered":"<p>El nuevo\u00a0<img loading=\"lazy\" decoding=\"async\" src=\"https:\/\/cosola.com\/images\/logos\/logo.png\" alt=\"logo\" width=\"109\" height=\"38\" \/>\u00a0Galaxy G3 con m\u00e1s canales que nunca.<\/p>\n<p>Con este receptor GNSS que pesa solo 790 gramos y con unas dimensiones de 130 mm de ancho, 130 mm de largo y 80 mm de alto, es uno de los m\u00e1s peque\u00f1os y fuertes que tenemos.<\/p>\n<p>El G3 tiene un menor consumo de energ\u00eda y con una bater\u00eda de iones de litio de 6800 mAh incorporada, puede funcionar continuamente durante 15 horas.\u00a0Y si tu bater\u00eda se agota, estar\u00e1 completamente cargada en solo 3 horas.\u00a0Con la IMU integrada de 60 grados, puede realizar encuestas en todos los entornos.<\/p>\n","protected":false},"featured_media":37042,"comment_status":"open","ping_status":"closed","template":"","meta":[],"product_brand":[99],"product_cat":[106],"product_tag":[],"class_list":{"0":"post-37041","1":"product","2":"type-product","3":"status-publish","4":"has-post-thumbnail","6":"product_brand-south","7":"product_cat-south-gps-diferenciales","9":"first","10":"instock","11":"shipping-taxable","12":"product-type-simple"},"yoast_head":"<!-- This site is optimized with the Yoast SEO plugin v27.2 - https:\/\/yoast.com\/product\/yoast-seo-wordpress\/ -->\n<title>SOUTH RTK GALAXY G3 - Topograf\u00eda, Geolog\u00eda, Miner\u00eda y Equipamiento de Oficina<\/title>\n<meta name=\"robots\" content=\"index, follow, max-snippet:-1, max-image-preview:large, max-video-preview:-1\" \/>\n<link rel=\"canonical\" href=\"https:\/\/beiroperu.com\/tienda\/catalogo\/topografia\/gps-diferenciales\/south-gps-diferenciales\/south-rtk-galaxy-g3\/\" \/>\n<meta property=\"og:locale\" content=\"es_ES\" \/>\n<meta property=\"og:type\" content=\"article\" \/>\n<meta property=\"og:title\" content=\"SOUTH RTK GALAXY G3 - Topograf\u00eda, Geolog\u00eda, Miner\u00eda y Equipamiento de Oficina\" \/>\n<meta property=\"og:description\" content=\"El nuevo\u00a0\u00a0Galaxy G3 con m\u00e1s canales que nunca.  Con este receptor GNSS que pesa solo 790 gramos y con unas dimensiones de 130 mm de ancho, 130 mm de largo y 80 mm de alto, es uno de los m\u00e1s peque\u00f1os y fuertes que tenemos.  El G3 tiene un menor consumo de energ\u00eda y con una bater\u00eda de iones de litio de 6800 mAh incorporada, puede funcionar continuamente durante 15 horas.\u00a0Y si tu bater\u00eda se agota, estar\u00e1 completamente cargada en solo 3 horas.\u00a0Con la IMU integrada de 60 grados, puede realizar encuestas en todos los entornos.\" \/>\n<meta property=\"og:url\" content=\"https:\/\/beiroperu.com\/tienda\/catalogo\/topografia\/gps-diferenciales\/south-gps-diferenciales\/south-rtk-galaxy-g3\/\" \/>\n<meta property=\"og:site_name\" content=\"Topograf\u00eda, Geolog\u00eda, Miner\u00eda y Equipamiento de Oficina\" \/>\n<meta property=\"article:publisher\" content=\"https:\/\/www.facebook.com\/profile.php?id=61574959587714\" \/>\n<meta property=\"og:image\" content=\"https:\/\/beiroperu.com\/tienda\/wp-content\/uploads\/2026\/03\/south-rtk-galaxy-g3-gps-diferencial-1.jpg\" \/>\n\t<meta property=\"og:image:width\" content=\"800\" \/>\n\t<meta property=\"og:image:height\" content=\"930\" \/>\n\t<meta property=\"og:image:type\" content=\"image\/jpeg\" \/>\n<meta name=\"twitter:card\" content=\"summary_large_image\" \/>\n<meta name=\"twitter:label1\" content=\"Tiempo de lectura\" \/>\n\t<meta name=\"twitter:data1\" content=\"2 minutos\" \/>\n<script type=\"application\/ld+json\" class=\"yoast-schema-graph\">{\"@context\":\"https:\/\/schema.org\",\"@graph\":[{\"@type\":\"WebPage\",\"@id\":\"https:\/\/beiroperu.com\/tienda\/catalogo\/topografia\/gps-diferenciales\/south-gps-diferenciales\/south-rtk-galaxy-g3\/\",\"url\":\"https:\/\/beiroperu.com\/tienda\/catalogo\/topografia\/gps-diferenciales\/south-gps-diferenciales\/south-rtk-galaxy-g3\/\",\"name\":\"SOUTH RTK GALAXY G3 - Topograf\u00eda, Geolog\u00eda, Miner\u00eda y Equipamiento de Oficina\",\"isPartOf\":{\"@id\":\"https:\/\/beiroperu.com\/tienda\/#website\"},\"primaryImageOfPage\":{\"@id\":\"https:\/\/beiroperu.com\/tienda\/catalogo\/topografia\/gps-diferenciales\/south-gps-diferenciales\/south-rtk-galaxy-g3\/#primaryimage\"},\"image\":{\"@id\":\"https:\/\/beiroperu.com\/tienda\/catalogo\/topografia\/gps-diferenciales\/south-gps-diferenciales\/south-rtk-galaxy-g3\/#primaryimage\"},\"thumbnailUrl\":\"https:\/\/beiroperu.com\/tienda\/wp-content\/uploads\/2026\/03\/south-rtk-galaxy-g3-gps-diferencial-1.jpg\",\"datePublished\":\"2026-03-22T13:07:24+00:00\",\"breadcrumb\":{\"@id\":\"https:\/\/beiroperu.com\/tienda\/catalogo\/topografia\/gps-diferenciales\/south-gps-diferenciales\/south-rtk-galaxy-g3\/#breadcrumb\"},\"inLanguage\":\"es\",\"potentialAction\":[{\"@type\":\"ReadAction\",\"target\":[\"https:\/\/beiroperu.com\/tienda\/catalogo\/topografia\/gps-diferenciales\/south-gps-diferenciales\/south-rtk-galaxy-g3\/\"]}]},{\"@type\":\"ImageObject\",\"inLanguage\":\"es\",\"@id\":\"https:\/\/beiroperu.com\/tienda\/catalogo\/topografia\/gps-diferenciales\/south-gps-diferenciales\/south-rtk-galaxy-g3\/#primaryimage\",\"url\":\"https:\/\/beiroperu.com\/tienda\/wp-content\/uploads\/2026\/03\/south-rtk-galaxy-g3-gps-diferencial-1.jpg\",\"contentUrl\":\"https:\/\/beiroperu.com\/tienda\/wp-content\/uploads\/2026\/03\/south-rtk-galaxy-g3-gps-diferencial-1.jpg\",\"width\":800,\"height\":930},{\"@type\":\"BreadcrumbList\",\"@id\":\"https:\/\/beiroperu.com\/tienda\/catalogo\/topografia\/gps-diferenciales\/south-gps-diferenciales\/south-rtk-galaxy-g3\/#breadcrumb\",\"itemListElement\":[{\"@type\":\"ListItem\",\"position\":1,\"name\":\"Portada\",\"item\":\"https:\/\/beiroperu.com\/tienda\/\"},{\"@type\":\"ListItem\",\"position\":2,\"name\":\"Shop\",\"item\":\"https:\/\/beiroperu.com\/tienda\/shop\/\"},{\"@type\":\"ListItem\",\"position\":3,\"name\":\"SOUTH RTK GALAXY G3\"}]},{\"@type\":\"WebSite\",\"@id\":\"https:\/\/beiroperu.com\/tienda\/#website\",\"url\":\"https:\/\/beiroperu.com\/tienda\/\",\"name\":\"Topograf\u00eda, Geolog\u00eda, Miner\u00eda y Equipamiento de Oficina\",\"description\":\"Beiro Per\u00fa\",\"publisher\":{\"@id\":\"https:\/\/beiroperu.com\/tienda\/#organization\"},\"alternateName\":\"Beiro Per\u00fa\",\"potentialAction\":[{\"@type\":\"SearchAction\",\"target\":{\"@type\":\"EntryPoint\",\"urlTemplate\":\"https:\/\/beiroperu.com\/tienda\/?s={search_term_string}\"},\"query-input\":{\"@type\":\"PropertyValueSpecification\",\"valueRequired\":true,\"valueName\":\"search_term_string\"}}],\"inLanguage\":\"es\"},{\"@type\":\"Organization\",\"@id\":\"https:\/\/beiroperu.com\/tienda\/#organization\",\"name\":\"Beiro\",\"alternateName\":\"Beiro Per\u00fa\",\"url\":\"https:\/\/beiroperu.com\/tienda\/\",\"logo\":{\"@type\":\"ImageObject\",\"inLanguage\":\"es\",\"@id\":\"https:\/\/beiroperu.com\/tienda\/#\/schema\/logo\/image\/\",\"url\":\"https:\/\/beiroperu.com\/tienda\/wp-content\/uploads\/2026\/03\/logo-beiro.jpeg\",\"contentUrl\":\"https:\/\/beiroperu.com\/tienda\/wp-content\/uploads\/2026\/03\/logo-beiro.jpeg\",\"width\":322,\"height\":123,\"caption\":\"Beiro\"},\"image\":{\"@id\":\"https:\/\/beiroperu.com\/tienda\/#\/schema\/logo\/image\/\"},\"sameAs\":[\"https:\/\/www.facebook.com\/profile.php?id=61574959587714\",\"https:\/\/www.instagram.com\/beiro_equipos_topograficos?igsh=cG11NHowcmp1dzFq\",\"https:\/\/www.threads.com\/@beiro_equipos_topograficos\"]}]}<\/script>\n<!-- \/ Yoast SEO plugin. -->","yoast_head_json":{"title":"SOUTH RTK GALAXY G3 - Topograf\u00eda, Geolog\u00eda, Miner\u00eda y Equipamiento de Oficina","robots":{"index":"index","follow":"follow","max-snippet":"max-snippet:-1","max-image-preview":"max-image-preview:large","max-video-preview":"max-video-preview:-1"},"canonical":"https:\/\/beiroperu.com\/tienda\/catalogo\/topografia\/gps-diferenciales\/south-gps-diferenciales\/south-rtk-galaxy-g3\/","og_locale":"es_ES","og_type":"article","og_title":"SOUTH RTK GALAXY G3 - Topograf\u00eda, Geolog\u00eda, Miner\u00eda y Equipamiento de Oficina","og_description":"El nuevo\u00a0\u00a0Galaxy G3 con m\u00e1s canales que nunca.  Con este receptor GNSS que pesa solo 790 gramos y con unas dimensiones de 130 mm de ancho, 130 mm de largo y 80 mm de alto, es uno de los m\u00e1s peque\u00f1os y fuertes que tenemos.  El G3 tiene un menor consumo de energ\u00eda y con una bater\u00eda de iones de litio de 6800 mAh incorporada, puede funcionar continuamente durante 15 horas.\u00a0Y si tu bater\u00eda se agota, estar\u00e1 completamente cargada en solo 3 horas.\u00a0Con la IMU integrada de 60 grados, puede realizar encuestas en todos los entornos.","og_url":"https:\/\/beiroperu.com\/tienda\/catalogo\/topografia\/gps-diferenciales\/south-gps-diferenciales\/south-rtk-galaxy-g3\/","og_site_name":"Topograf\u00eda, Geolog\u00eda, Miner\u00eda y Equipamiento de Oficina","article_publisher":"https:\/\/www.facebook.com\/profile.php?id=61574959587714","og_image":[{"width":800,"height":930,"url":"https:\/\/beiroperu.com\/tienda\/wp-content\/uploads\/2026\/03\/south-rtk-galaxy-g3-gps-diferencial-1.jpg","type":"image\/jpeg"}],"twitter_card":"summary_large_image","twitter_misc":{"Tiempo de lectura":"2 minutos"},"schema":{"@context":"https:\/\/schema.org","@graph":[{"@type":"WebPage","@id":"https:\/\/beiroperu.com\/tienda\/catalogo\/topografia\/gps-diferenciales\/south-gps-diferenciales\/south-rtk-galaxy-g3\/","url":"https:\/\/beiroperu.com\/tienda\/catalogo\/topografia\/gps-diferenciales\/south-gps-diferenciales\/south-rtk-galaxy-g3\/","name":"SOUTH RTK GALAXY G3 - Topograf\u00eda, Geolog\u00eda, Miner\u00eda y Equipamiento de Oficina","isPartOf":{"@id":"https:\/\/beiroperu.com\/tienda\/#website"},"primaryImageOfPage":{"@id":"https:\/\/beiroperu.com\/tienda\/catalogo\/topografia\/gps-diferenciales\/south-gps-diferenciales\/south-rtk-galaxy-g3\/#primaryimage"},"image":{"@id":"https:\/\/beiroperu.com\/tienda\/catalogo\/topografia\/gps-diferenciales\/south-gps-diferenciales\/south-rtk-galaxy-g3\/#primaryimage"},"thumbnailUrl":"https:\/\/beiroperu.com\/tienda\/wp-content\/uploads\/2026\/03\/south-rtk-galaxy-g3-gps-diferencial-1.jpg","datePublished":"2026-03-22T13:07:24+00:00","breadcrumb":{"@id":"https:\/\/beiroperu.com\/tienda\/catalogo\/topografia\/gps-diferenciales\/south-gps-diferenciales\/south-rtk-galaxy-g3\/#breadcrumb"},"inLanguage":"es","potentialAction":[{"@type":"ReadAction","target":["https:\/\/beiroperu.com\/tienda\/catalogo\/topografia\/gps-diferenciales\/south-gps-diferenciales\/south-rtk-galaxy-g3\/"]}]},{"@type":"ImageObject","inLanguage":"es","@id":"https:\/\/beiroperu.com\/tienda\/catalogo\/topografia\/gps-diferenciales\/south-gps-diferenciales\/south-rtk-galaxy-g3\/#primaryimage","url":"https:\/\/beiroperu.com\/tienda\/wp-content\/uploads\/2026\/03\/south-rtk-galaxy-g3-gps-diferencial-1.jpg","contentUrl":"https:\/\/beiroperu.com\/tienda\/wp-content\/uploads\/2026\/03\/south-rtk-galaxy-g3-gps-diferencial-1.jpg","width":800,"height":930},{"@type":"BreadcrumbList","@id":"https:\/\/beiroperu.com\/tienda\/catalogo\/topografia\/gps-diferenciales\/south-gps-diferenciales\/south-rtk-galaxy-g3\/#breadcrumb","itemListElement":[{"@type":"ListItem","position":1,"name":"Portada","item":"https:\/\/beiroperu.com\/tienda\/"},{"@type":"ListItem","position":2,"name":"Shop","item":"https:\/\/beiroperu.com\/tienda\/shop\/"},{"@type":"ListItem","position":3,"name":"SOUTH RTK GALAXY G3"}]},{"@type":"WebSite","@id":"https:\/\/beiroperu.com\/tienda\/#website","url":"https:\/\/beiroperu.com\/tienda\/","name":"Topograf\u00eda, Geolog\u00eda, Miner\u00eda y Equipamiento de Oficina","description":"Beiro Per\u00fa","publisher":{"@id":"https:\/\/beiroperu.com\/tienda\/#organization"},"alternateName":"Beiro Per\u00fa","potentialAction":[{"@type":"SearchAction","target":{"@type":"EntryPoint","urlTemplate":"https:\/\/beiroperu.com\/tienda\/?s={search_term_string}"},"query-input":{"@type":"PropertyValueSpecification","valueRequired":true,"valueName":"search_term_string"}}],"inLanguage":"es"},{"@type":"Organization","@id":"https:\/\/beiroperu.com\/tienda\/#organization","name":"Beiro","alternateName":"Beiro Per\u00fa","url":"https:\/\/beiroperu.com\/tienda\/","logo":{"@type":"ImageObject","inLanguage":"es","@id":"https:\/\/beiroperu.com\/tienda\/#\/schema\/logo\/image\/","url":"https:\/\/beiroperu.com\/tienda\/wp-content\/uploads\/2026\/03\/logo-beiro.jpeg","contentUrl":"https:\/\/beiroperu.com\/tienda\/wp-content\/uploads\/2026\/03\/logo-beiro.jpeg","width":322,"height":123,"caption":"Beiro"},"image":{"@id":"https:\/\/beiroperu.com\/tienda\/#\/schema\/logo\/image\/"},"sameAs":["https:\/\/www.facebook.com\/profile.php?id=61574959587714","https:\/\/www.instagram.com\/beiro_equipos_topograficos?igsh=cG11NHowcmp1dzFq","https:\/\/www.threads.com\/@beiro_equipos_topograficos"]}]}},"_links":{"self":[{"href":"https:\/\/beiroperu.com\/tienda\/wp-json\/wp\/v2\/product\/37041","targetHints":{"allow":["GET"]}}],"collection":[{"href":"https:\/\/beiroperu.com\/tienda\/wp-json\/wp\/v2\/product"}],"about":[{"href":"https:\/\/beiroperu.com\/tienda\/wp-json\/wp\/v2\/types\/product"}],"replies":[{"embeddable":true,"href":"https:\/\/beiroperu.com\/tienda\/wp-json\/wp\/v2\/comments?post=37041"}],"wp:featuredmedia":[{"embeddable":true,"href":"https:\/\/beiroperu.com\/tienda\/wp-json\/wp\/v2\/media\/37042"}],"wp:attachment":[{"href":"https:\/\/beiroperu.com\/tienda\/wp-json\/wp\/v2\/media?parent=37041"}],"wp:term":[{"taxonomy":"product_brand","embeddable":true,"href":"https:\/\/beiroperu.com\/tienda\/wp-json\/wp\/v2\/product_brand?post=37041"},{"taxonomy":"product_cat","embeddable":true,"href":"https:\/\/beiroperu.com\/tienda\/wp-json\/wp\/v2\/product_cat?post=37041"},{"taxonomy":"product_tag","embeddable":true,"href":"https:\/\/beiroperu.com\/tienda\/wp-json\/wp\/v2\/product_tag?post=37041"}],"curies":[{"name":"wp","href":"https:\/\/api.w.org\/{rel}","templated":true}]}}