{"id":37043,"date":"2026-03-22T08:11:36","date_gmt":"2026-03-22T13:11:36","guid":{"rendered":"https:\/\/beiroperu.com\/tienda\/?post_type=product&#038;p=37043"},"modified":"2026-03-22T08:11:37","modified_gmt":"2026-03-22T13:11:37","slug":"chcnav-vili-i100","status":"publish","type":"product","link":"https:\/\/beiroperu.com\/tienda\/catalogo\/topografia\/gps-diferenciales\/chcnav-gps-diferenciales\/chcnav-vili-i100\/","title":{"rendered":"CHCNAV VILI I100"},"content":{"rendered":"<p>El ViLi i100 es el receptor GNSS RTK insignia de CHCNAV, que combina el filtrado avanzado de sat\u00e9lites, el posicionamiento SFix 2.0 mejorado y la innovadora tecnolog\u00eda Vi-LiDAR. Ofrece una precisi\u00f3n confiable a nivel centim\u00e9trico incluso en entornos GNSS desafiantes, lo que permite a los profesionales superar los l\u00edmites del levantamiento GNSS tradicional.<\/p>\n<p>&nbsp;<\/p>\n<p><strong>Posicionamiento<\/strong><\/p>\n<ul>\n<li>GNSS : GNSS completo<\/li>\n<li>IMU : 200 Hz<\/li>\n<li>Precisi\u00f3n m\u00e1x. : 0,8 cm H \/ 1,5 cm V<\/li>\n<\/ul>\n<p><strong>Conectividad<\/strong><\/p>\n<ul>\n<li>Inal\u00e1mbrico : Bluetooth, Wi-Fi<\/li>\n<li>M\u00f3vil : No<\/li>\n<li>M\u00f3dem : 410 &#8211; 470 MHz, Solo recepci\u00f3n<\/li>\n<li>Puertos : 1 puerto USB V3.0 Tipo-C, 1 puerto de antena UHF<\/li>\n<\/ul>\n<p><strong>F\u00edsico<\/strong><\/p>\n<ul>\n<li>Peso : 1,39 kg<\/li>\n<li>Tama\u00f1o de la pantalla : 208 x 162 x 95,5 mm<\/li>\n<\/ul>\n<p><strong>LIDAR<\/strong><\/p>\n<ul>\n<li>Gama : 30 m @ 10% reflectividad 70 m @ 80% reflectividad<\/li>\n<li>FOV : H: 360\u00b0 V: 90<\/li>\n<li>Ojo &#8211; Clase de seguridad : Clase 1 (EC60825 &#8211; 1:2014) seguro para los ojos<\/li>\n<li>Punto Frecuencia : 860.544 pts\/s (simple &#8211; un retorno)<\/li>\n<li>Precisi\u00f3n (t\u00edpica) : 1,5 cm (1 \u03c3)<\/li>\n<\/ul>\n<p>inormaci\u00f3n Ver:\u00a0<strong><a href=\"https:\/\/cosola.com\/images\/ViLi_i100_DS_EN.pdf\" target=\"_blank\" rel=\"noopener\"><img loading=\"lazy\" decoding=\"async\" src=\"https:\/\/cosola.com\/images\/logos\/Logo-PDF.png\" alt=\"Logo-PDF\" width=\"70\" height=\"70\" \/><\/a>\u00a0\u00a0<\/strong><\/p>\n","protected":false},"excerpt":{"rendered":"<p>El ViLi i100 es el receptor GNSS RTK insignia de CHCNAV, que combina el filtrado avanzado de sat\u00e9lites, el posicionamiento SFix 2.0 mejorado y la innovadora tecnolog\u00eda Vi-LiDAR. Ofrece una precisi\u00f3n confiable a nivel centim\u00e9trico incluso en entornos GNSS desafiantes, lo que permite a los profesionales superar los l\u00edmites del levantamiento GNSS tradicional.<\/p>\n","protected":false},"featured_media":37044,"comment_status":"open","ping_status":"closed","template":"","meta":[],"product_brand":[100],"product_cat":[105],"product_tag":[],"class_list":{"0":"post-37043","1":"product","2":"type-product","3":"status-publish","4":"has-post-thumbnail","6":"product_brand-chcnav","7":"product_cat-chcnav-gps-diferenciales","9":"first","10":"instock","11":"shipping-taxable","12":"product-type-simple"},"yoast_head":"<!-- This site is optimized with the Yoast SEO plugin v27.2 - https:\/\/yoast.com\/product\/yoast-seo-wordpress\/ -->\n<title>CHCNAV VILI I100 - Topograf\u00eda, Geolog\u00eda, Miner\u00eda y Equipamiento de Oficina<\/title>\n<meta name=\"robots\" content=\"index, follow, max-snippet:-1, max-image-preview:large, max-video-preview:-1\" \/>\n<link rel=\"canonical\" href=\"https:\/\/beiroperu.com\/tienda\/catalogo\/topografia\/gps-diferenciales\/chcnav-gps-diferenciales\/chcnav-vili-i100\/\" \/>\n<meta property=\"og:locale\" content=\"es_ES\" \/>\n<meta property=\"og:type\" content=\"article\" \/>\n<meta property=\"og:title\" content=\"CHCNAV VILI I100 - Topograf\u00eda, Geolog\u00eda, Miner\u00eda y Equipamiento de Oficina\" \/>\n<meta property=\"og:description\" content=\"El ViLi i100 es el receptor GNSS RTK insignia de CHCNAV, que combina el filtrado avanzado de sat\u00e9lites, el posicionamiento SFix 2.0 mejorado y la innovadora tecnolog\u00eda Vi-LiDAR. Ofrece una precisi\u00f3n confiable a nivel centim\u00e9trico incluso en entornos GNSS desafiantes, lo que permite a los profesionales superar los l\u00edmites del levantamiento GNSS tradicional.\" \/>\n<meta property=\"og:url\" content=\"https:\/\/beiroperu.com\/tienda\/catalogo\/topografia\/gps-diferenciales\/chcnav-gps-diferenciales\/chcnav-vili-i100\/\" \/>\n<meta property=\"og:site_name\" content=\"Topograf\u00eda, Geolog\u00eda, Miner\u00eda y Equipamiento de Oficina\" \/>\n<meta property=\"article:publisher\" content=\"https:\/\/www.facebook.com\/profile.php?id=61574959587714\" \/>\n<meta property=\"article:modified_time\" content=\"2026-03-22T13:11:37+00:00\" \/>\n<meta property=\"og:image\" content=\"https:\/\/beiroperu.com\/tienda\/wp-content\/uploads\/2026\/03\/chcnav-vili-i100-gps-diferencial-1.jpg\" \/>\n\t<meta property=\"og:image:width\" content=\"800\" \/>\n\t<meta property=\"og:image:height\" content=\"930\" \/>\n\t<meta property=\"og:image:type\" content=\"image\/jpeg\" \/>\n<meta name=\"twitter:card\" content=\"summary_large_image\" \/>\n<meta name=\"twitter:label1\" content=\"Tiempo de lectura\" \/>\n\t<meta name=\"twitter:data1\" content=\"2 minutos\" \/>\n<script type=\"application\/ld+json\" class=\"yoast-schema-graph\">{\"@context\":\"https:\/\/schema.org\",\"@graph\":[{\"@type\":\"WebPage\",\"@id\":\"https:\/\/beiroperu.com\/tienda\/catalogo\/topografia\/gps-diferenciales\/chcnav-gps-diferenciales\/chcnav-vili-i100\/\",\"url\":\"https:\/\/beiroperu.com\/tienda\/catalogo\/topografia\/gps-diferenciales\/chcnav-gps-diferenciales\/chcnav-vili-i100\/\",\"name\":\"CHCNAV VILI I100 - Topograf\u00eda, Geolog\u00eda, Miner\u00eda y Equipamiento de Oficina\",\"isPartOf\":{\"@id\":\"https:\/\/beiroperu.com\/tienda\/#website\"},\"primaryImageOfPage\":{\"@id\":\"https:\/\/beiroperu.com\/tienda\/catalogo\/topografia\/gps-diferenciales\/chcnav-gps-diferenciales\/chcnav-vili-i100\/#primaryimage\"},\"image\":{\"@id\":\"https:\/\/beiroperu.com\/tienda\/catalogo\/topografia\/gps-diferenciales\/chcnav-gps-diferenciales\/chcnav-vili-i100\/#primaryimage\"},\"thumbnailUrl\":\"https:\/\/beiroperu.com\/tienda\/wp-content\/uploads\/2026\/03\/chcnav-vili-i100-gps-diferencial-1.jpg\",\"datePublished\":\"2026-03-22T13:11:36+00:00\",\"dateModified\":\"2026-03-22T13:11:37+00:00\",\"breadcrumb\":{\"@id\":\"https:\/\/beiroperu.com\/tienda\/catalogo\/topografia\/gps-diferenciales\/chcnav-gps-diferenciales\/chcnav-vili-i100\/#breadcrumb\"},\"inLanguage\":\"es\",\"potentialAction\":[{\"@type\":\"ReadAction\",\"target\":[\"https:\/\/beiroperu.com\/tienda\/catalogo\/topografia\/gps-diferenciales\/chcnav-gps-diferenciales\/chcnav-vili-i100\/\"]}]},{\"@type\":\"ImageObject\",\"inLanguage\":\"es\",\"@id\":\"https:\/\/beiroperu.com\/tienda\/catalogo\/topografia\/gps-diferenciales\/chcnav-gps-diferenciales\/chcnav-vili-i100\/#primaryimage\",\"url\":\"https:\/\/beiroperu.com\/tienda\/wp-content\/uploads\/2026\/03\/chcnav-vili-i100-gps-diferencial-1.jpg\",\"contentUrl\":\"https:\/\/beiroperu.com\/tienda\/wp-content\/uploads\/2026\/03\/chcnav-vili-i100-gps-diferencial-1.jpg\",\"width\":800,\"height\":930},{\"@type\":\"BreadcrumbList\",\"@id\":\"https:\/\/beiroperu.com\/tienda\/catalogo\/topografia\/gps-diferenciales\/chcnav-gps-diferenciales\/chcnav-vili-i100\/#breadcrumb\",\"itemListElement\":[{\"@type\":\"ListItem\",\"position\":1,\"name\":\"Portada\",\"item\":\"https:\/\/beiroperu.com\/tienda\/\"},{\"@type\":\"ListItem\",\"position\":2,\"name\":\"Shop\",\"item\":\"https:\/\/beiroperu.com\/tienda\/shop\/\"},{\"@type\":\"ListItem\",\"position\":3,\"name\":\"CHCNAV VILI I100\"}]},{\"@type\":\"WebSite\",\"@id\":\"https:\/\/beiroperu.com\/tienda\/#website\",\"url\":\"https:\/\/beiroperu.com\/tienda\/\",\"name\":\"Topograf\u00eda, Geolog\u00eda, Miner\u00eda y Equipamiento de Oficina\",\"description\":\"Beiro Per\u00fa\",\"publisher\":{\"@id\":\"https:\/\/beiroperu.com\/tienda\/#organization\"},\"alternateName\":\"Beiro Per\u00fa\",\"potentialAction\":[{\"@type\":\"SearchAction\",\"target\":{\"@type\":\"EntryPoint\",\"urlTemplate\":\"https:\/\/beiroperu.com\/tienda\/?s={search_term_string}\"},\"query-input\":{\"@type\":\"PropertyValueSpecification\",\"valueRequired\":true,\"valueName\":\"search_term_string\"}}],\"inLanguage\":\"es\"},{\"@type\":\"Organization\",\"@id\":\"https:\/\/beiroperu.com\/tienda\/#organization\",\"name\":\"Beiro\",\"alternateName\":\"Beiro Per\u00fa\",\"url\":\"https:\/\/beiroperu.com\/tienda\/\",\"logo\":{\"@type\":\"ImageObject\",\"inLanguage\":\"es\",\"@id\":\"https:\/\/beiroperu.com\/tienda\/#\/schema\/logo\/image\/\",\"url\":\"https:\/\/beiroperu.com\/tienda\/wp-content\/uploads\/2026\/03\/logo-beiro.jpeg\",\"contentUrl\":\"https:\/\/beiroperu.com\/tienda\/wp-content\/uploads\/2026\/03\/logo-beiro.jpeg\",\"width\":322,\"height\":123,\"caption\":\"Beiro\"},\"image\":{\"@id\":\"https:\/\/beiroperu.com\/tienda\/#\/schema\/logo\/image\/\"},\"sameAs\":[\"https:\/\/www.facebook.com\/profile.php?id=61574959587714\",\"https:\/\/www.instagram.com\/beiro_equipos_topograficos?igsh=cG11NHowcmp1dzFq\",\"https:\/\/www.threads.com\/@beiro_equipos_topograficos\"]}]}<\/script>\n<!-- \/ Yoast SEO plugin. -->","yoast_head_json":{"title":"CHCNAV VILI I100 - Topograf\u00eda, Geolog\u00eda, Miner\u00eda y Equipamiento de Oficina","robots":{"index":"index","follow":"follow","max-snippet":"max-snippet:-1","max-image-preview":"max-image-preview:large","max-video-preview":"max-video-preview:-1"},"canonical":"https:\/\/beiroperu.com\/tienda\/catalogo\/topografia\/gps-diferenciales\/chcnav-gps-diferenciales\/chcnav-vili-i100\/","og_locale":"es_ES","og_type":"article","og_title":"CHCNAV VILI I100 - Topograf\u00eda, Geolog\u00eda, Miner\u00eda y Equipamiento de Oficina","og_description":"El ViLi i100 es el receptor GNSS RTK insignia de CHCNAV, que combina el filtrado avanzado de sat\u00e9lites, el posicionamiento SFix 2.0 mejorado y la innovadora tecnolog\u00eda Vi-LiDAR. Ofrece una precisi\u00f3n confiable a nivel centim\u00e9trico incluso en entornos GNSS desafiantes, lo que permite a los profesionales superar los l\u00edmites del levantamiento GNSS tradicional.","og_url":"https:\/\/beiroperu.com\/tienda\/catalogo\/topografia\/gps-diferenciales\/chcnav-gps-diferenciales\/chcnav-vili-i100\/","og_site_name":"Topograf\u00eda, Geolog\u00eda, Miner\u00eda y Equipamiento de Oficina","article_publisher":"https:\/\/www.facebook.com\/profile.php?id=61574959587714","article_modified_time":"2026-03-22T13:11:37+00:00","og_image":[{"width":800,"height":930,"url":"https:\/\/beiroperu.com\/tienda\/wp-content\/uploads\/2026\/03\/chcnav-vili-i100-gps-diferencial-1.jpg","type":"image\/jpeg"}],"twitter_card":"summary_large_image","twitter_misc":{"Tiempo de lectura":"2 minutos"},"schema":{"@context":"https:\/\/schema.org","@graph":[{"@type":"WebPage","@id":"https:\/\/beiroperu.com\/tienda\/catalogo\/topografia\/gps-diferenciales\/chcnav-gps-diferenciales\/chcnav-vili-i100\/","url":"https:\/\/beiroperu.com\/tienda\/catalogo\/topografia\/gps-diferenciales\/chcnav-gps-diferenciales\/chcnav-vili-i100\/","name":"CHCNAV VILI I100 - Topograf\u00eda, Geolog\u00eda, Miner\u00eda y Equipamiento de Oficina","isPartOf":{"@id":"https:\/\/beiroperu.com\/tienda\/#website"},"primaryImageOfPage":{"@id":"https:\/\/beiroperu.com\/tienda\/catalogo\/topografia\/gps-diferenciales\/chcnav-gps-diferenciales\/chcnav-vili-i100\/#primaryimage"},"image":{"@id":"https:\/\/beiroperu.com\/tienda\/catalogo\/topografia\/gps-diferenciales\/chcnav-gps-diferenciales\/chcnav-vili-i100\/#primaryimage"},"thumbnailUrl":"https:\/\/beiroperu.com\/tienda\/wp-content\/uploads\/2026\/03\/chcnav-vili-i100-gps-diferencial-1.jpg","datePublished":"2026-03-22T13:11:36+00:00","dateModified":"2026-03-22T13:11:37+00:00","breadcrumb":{"@id":"https:\/\/beiroperu.com\/tienda\/catalogo\/topografia\/gps-diferenciales\/chcnav-gps-diferenciales\/chcnav-vili-i100\/#breadcrumb"},"inLanguage":"es","potentialAction":[{"@type":"ReadAction","target":["https:\/\/beiroperu.com\/tienda\/catalogo\/topografia\/gps-diferenciales\/chcnav-gps-diferenciales\/chcnav-vili-i100\/"]}]},{"@type":"ImageObject","inLanguage":"es","@id":"https:\/\/beiroperu.com\/tienda\/catalogo\/topografia\/gps-diferenciales\/chcnav-gps-diferenciales\/chcnav-vili-i100\/#primaryimage","url":"https:\/\/beiroperu.com\/tienda\/wp-content\/uploads\/2026\/03\/chcnav-vili-i100-gps-diferencial-1.jpg","contentUrl":"https:\/\/beiroperu.com\/tienda\/wp-content\/uploads\/2026\/03\/chcnav-vili-i100-gps-diferencial-1.jpg","width":800,"height":930},{"@type":"BreadcrumbList","@id":"https:\/\/beiroperu.com\/tienda\/catalogo\/topografia\/gps-diferenciales\/chcnav-gps-diferenciales\/chcnav-vili-i100\/#breadcrumb","itemListElement":[{"@type":"ListItem","position":1,"name":"Portada","item":"https:\/\/beiroperu.com\/tienda\/"},{"@type":"ListItem","position":2,"name":"Shop","item":"https:\/\/beiroperu.com\/tienda\/shop\/"},{"@type":"ListItem","position":3,"name":"CHCNAV VILI I100"}]},{"@type":"WebSite","@id":"https:\/\/beiroperu.com\/tienda\/#website","url":"https:\/\/beiroperu.com\/tienda\/","name":"Topograf\u00eda, Geolog\u00eda, Miner\u00eda y Equipamiento de Oficina","description":"Beiro Per\u00fa","publisher":{"@id":"https:\/\/beiroperu.com\/tienda\/#organization"},"alternateName":"Beiro Per\u00fa","potentialAction":[{"@type":"SearchAction","target":{"@type":"EntryPoint","urlTemplate":"https:\/\/beiroperu.com\/tienda\/?s={search_term_string}"},"query-input":{"@type":"PropertyValueSpecification","valueRequired":true,"valueName":"search_term_string"}}],"inLanguage":"es"},{"@type":"Organization","@id":"https:\/\/beiroperu.com\/tienda\/#organization","name":"Beiro","alternateName":"Beiro Per\u00fa","url":"https:\/\/beiroperu.com\/tienda\/","logo":{"@type":"ImageObject","inLanguage":"es","@id":"https:\/\/beiroperu.com\/tienda\/#\/schema\/logo\/image\/","url":"https:\/\/beiroperu.com\/tienda\/wp-content\/uploads\/2026\/03\/logo-beiro.jpeg","contentUrl":"https:\/\/beiroperu.com\/tienda\/wp-content\/uploads\/2026\/03\/logo-beiro.jpeg","width":322,"height":123,"caption":"Beiro"},"image":{"@id":"https:\/\/beiroperu.com\/tienda\/#\/schema\/logo\/image\/"},"sameAs":["https:\/\/www.facebook.com\/profile.php?id=61574959587714","https:\/\/www.instagram.com\/beiro_equipos_topograficos?igsh=cG11NHowcmp1dzFq","https:\/\/www.threads.com\/@beiro_equipos_topograficos"]}]}},"_links":{"self":[{"href":"https:\/\/beiroperu.com\/tienda\/wp-json\/wp\/v2\/product\/37043","targetHints":{"allow":["GET"]}}],"collection":[{"href":"https:\/\/beiroperu.com\/tienda\/wp-json\/wp\/v2\/product"}],"about":[{"href":"https:\/\/beiroperu.com\/tienda\/wp-json\/wp\/v2\/types\/product"}],"replies":[{"embeddable":true,"href":"https:\/\/beiroperu.com\/tienda\/wp-json\/wp\/v2\/comments?post=37043"}],"wp:featuredmedia":[{"embeddable":true,"href":"https:\/\/beiroperu.com\/tienda\/wp-json\/wp\/v2\/media\/37044"}],"wp:attachment":[{"href":"https:\/\/beiroperu.com\/tienda\/wp-json\/wp\/v2\/media?parent=37043"}],"wp:term":[{"taxonomy":"product_brand","embeddable":true,"href":"https:\/\/beiroperu.com\/tienda\/wp-json\/wp\/v2\/product_brand?post=37043"},{"taxonomy":"product_cat","embeddable":true,"href":"https:\/\/beiroperu.com\/tienda\/wp-json\/wp\/v2\/product_cat?post=37043"},{"taxonomy":"product_tag","embeddable":true,"href":"https:\/\/beiroperu.com\/tienda\/wp-json\/wp\/v2\/product_tag?post=37043"}],"curies":[{"name":"wp","href":"https:\/\/api.w.org\/{rel}","templated":true}]}}