{"id":37049,"date":"2026-03-22T08:25:06","date_gmt":"2026-03-22T13:25:06","guid":{"rendered":"https:\/\/beiroperu.com\/tienda\/?post_type=product&#038;p=37049"},"modified":"2026-03-22T08:25:07","modified_gmt":"2026-03-22T13:25:07","slug":"south-inn08","status":"publish","type":"product","link":"https:\/\/beiroperu.com\/tienda\/catalogo\/topografia\/gps-diferenciales\/south-gps-diferenciales\/south-inn08\/","title":{"rendered":"SOUTH INN08"},"content":{"rendered":"<p>Presentamos el receptor\u00a0<strong>GNSS\u00a0<img loading=\"lazy\" decoding=\"async\" src=\"https:\/\/cosola.com\/images\/logos\/logo.png\" alt=\"logo\" width=\"112\" height=\"39\" \/>\u00a0INNO8<\/strong>, una soluci\u00f3n geoespacial de vanguardia que redefine la precisi\u00f3n y la eficiencia en la tecnolog\u00eda de posicionamiento. Con\u00a0capacidades de posicionamiento visual y replanteo, este receptor garantiza una precisi\u00f3n incomparable para tareas topogr\u00e1ficas y cartogr\u00e1ficas.<\/p>\n<p>Con un rendimiento impresionante con modelos de\u00a0<strong>hasta 1760 canales<\/strong>, el INNO8 ofrece una adquisici\u00f3n de se\u00f1al r\u00e1pida y confiable. Para mejorar la experiencia del usuario, integra funciones avanzadas como el\u00a0<strong>modelado 3D, lo que permite una representaci\u00f3n espacial integral<\/strong>.<\/p>\n<p>La inclusi\u00f3n de<strong>\u00a0Farlink 2.0\u00a0<\/strong>garantiza una comunicaci\u00f3n y transferencia de datos fluidas, mientras que la<strong>\u00a0IMU de cuarta generaci\u00f3n mejora la detecci\u00f3n de movimiento<\/strong>\u00a0para una mayor precisi\u00f3n en entornos din\u00e1micos.<\/p>\n<p>Experimente el pin\u00e1culo de la tecnolog\u00eda GNSS con el South INNO8,estableciendo nuevos est\u00e1ndares en innovaci\u00f3n geoespacial.<\/p>\n<h3><strong>ESPECIFIACIONES:<\/strong><\/h3>\n<table>\n<tbody>\n<tr>\n<td rowspan=\"4\"><strong>Caracter\u00edticas GNSS<\/strong><\/td>\n<td colspan=\"14\"><strong>Placa SoC(1598)<\/strong><\/td>\n<\/tr>\n<tr>\n<td colspan=\"14\"><strong>1598 canales<\/strong><\/p>\n<p>GPS: L1, L1C, L2C, L2P, L5 GLONASS: L1C\/A,L1P,L2C\/A,L2P,L3<\/p>\n<p>BDS: BDS-2: B1I, B2I, B3I, BDS-3: B1I, B3I, B1C, B2a, B2b* GALILEO: E1, E5A, E5B, E6C, AltBOC* SBAS(WAAS\/MSAS\/EGNOS\/GAGAN): L1*<\/p>\n<p>IRNSS: L5* QZSS: L1, L2C, L5*<\/p>\n<p>MSS Banda-L: BDS-PPP, Galileo HAS<\/td>\n<\/tr>\n<tr>\n<td colspan=\"14\">Otras caracter\u00edsticas<\/td>\n<\/tr>\n<tr>\n<td colspan=\"14\">Tiempo de inicializaci\u00f3n: &lt;10s\u00a0\u00a0\u00a0\u00a0\u00a0\u00a0\u00a0\u00a0\u00a0\u00a0\u00a0 Fiabilidad de inicializaci\u00f3n: &gt;99.99% Tasa salida posicionamiento: 1Hz~20Hz<\/td>\n<\/tr>\n<tr>\n<td rowspan=\"8\"><\/td>\n<\/tr>\n<tr>\n<td colspan=\"6\"><\/td>\n<\/tr>\n<\/tbody>\n<\/table>\n<p><strong>Ver m<\/strong><strong>as informaci\u00f3n:\u00a0<a href=\"https:\/\/cosola.com\/images\/INNO8_brochure_espa%C3%B1ol.pdf\"><img loading=\"lazy\" decoding=\"async\" src=\"https:\/\/www.cosola.com\/images\/logos\/Logo-PDF.png\" alt=\"Logo-PDF\" width=\"70\" height=\"70\" \/><\/a><\/strong><\/p>\n","protected":false},"excerpt":{"rendered":"<p>Presentamos el receptor\u00a0<strong>GNSS\u00a0<img loading=\"lazy\" decoding=\"async\" src=\"https:\/\/cosola.com\/images\/logos\/logo.png\" alt=\"logo\" width=\"112\" height=\"39\" \/>\u00a0INNO8<\/strong>, una soluci\u00f3n geoespacial de vanguardia que redefine la precisi\u00f3n y la eficiencia en la tecnolog\u00eda de posicionamiento. Con\u00a0capacidades de posicionamiento visual y replanteo, este receptor garantiza una precisi\u00f3n incomparable para tareas topogr\u00e1ficas y cartogr\u00e1ficas.<\/p>\n<p>Con un rendimiento impresionante con modelos de\u00a0<strong>hasta 1760 canales<\/strong>, el INNO8 ofrece una adquisici\u00f3n de se\u00f1al r\u00e1pida y confiable. Para mejorar la experiencia del usuario, integra funciones avanzadas como el\u00a0<strong>modelado 3D, lo que permite una representaci\u00f3n espacial integral<\/strong>.<\/p>\n","protected":false},"featured_media":37050,"comment_status":"open","ping_status":"closed","template":"","meta":[],"product_brand":[99],"product_cat":[106],"product_tag":[],"class_list":{"0":"post-37049","1":"product","2":"type-product","3":"status-publish","4":"has-post-thumbnail","6":"product_brand-south","7":"product_cat-south-gps-diferenciales","9":"first","10":"instock","11":"shipping-taxable","12":"product-type-simple"},"yoast_head":"<!-- This site is optimized with the Yoast SEO plugin v27.2 - https:\/\/yoast.com\/product\/yoast-seo-wordpress\/ -->\n<title>SOUTH INN08 - Topograf\u00eda, Geolog\u00eda, Miner\u00eda y Equipamiento de Oficina<\/title>\n<meta name=\"robots\" content=\"index, follow, max-snippet:-1, max-image-preview:large, max-video-preview:-1\" \/>\n<link rel=\"canonical\" href=\"https:\/\/beiroperu.com\/tienda\/catalogo\/topografia\/gps-diferenciales\/south-gps-diferenciales\/south-inn08\/\" \/>\n<meta property=\"og:locale\" content=\"es_ES\" \/>\n<meta property=\"og:type\" content=\"article\" \/>\n<meta property=\"og:title\" content=\"SOUTH INN08 - Topograf\u00eda, Geolog\u00eda, Miner\u00eda y Equipamiento de Oficina\" \/>\n<meta property=\"og:description\" content=\"Presentamos el receptor\u00a0GNSS\u00a0\u00a0INNO8, una soluci\u00f3n geoespacial de vanguardia que redefine la precisi\u00f3n y la eficiencia en la tecnolog\u00eda de posicionamiento. Con\u00a0capacidades de posicionamiento visual y replanteo, este receptor garantiza una precisi\u00f3n incomparable para tareas topogr\u00e1ficas y cartogr\u00e1ficas.  Con un rendimiento impresionante con modelos de\u00a0hasta 1760 canales, el INNO8 ofrece una adquisici\u00f3n de se\u00f1al r\u00e1pida y confiable. Para mejorar la experiencia del usuario, integra funciones avanzadas como el\u00a0modelado 3D, lo que permite una representaci\u00f3n espacial integral.\" \/>\n<meta property=\"og:url\" content=\"https:\/\/beiroperu.com\/tienda\/catalogo\/topografia\/gps-diferenciales\/south-gps-diferenciales\/south-inn08\/\" \/>\n<meta property=\"og:site_name\" content=\"Topograf\u00eda, Geolog\u00eda, Miner\u00eda y Equipamiento de Oficina\" \/>\n<meta property=\"article:publisher\" content=\"https:\/\/www.facebook.com\/profile.php?id=61574959587714\" \/>\n<meta property=\"article:modified_time\" content=\"2026-03-22T13:25:07+00:00\" \/>\n<meta property=\"og:image\" content=\"https:\/\/beiroperu.com\/tienda\/wp-content\/uploads\/2026\/03\/south-inno8-gps-diferencial-1.jpg\" \/>\n\t<meta property=\"og:image:width\" content=\"800\" \/>\n\t<meta property=\"og:image:height\" content=\"930\" \/>\n\t<meta property=\"og:image:type\" content=\"image\/jpeg\" \/>\n<meta name=\"twitter:card\" content=\"summary_large_image\" \/>\n<meta name=\"twitter:label1\" content=\"Tiempo de lectura\" \/>\n\t<meta name=\"twitter:data1\" content=\"2 minutos\" \/>\n<script type=\"application\/ld+json\" class=\"yoast-schema-graph\">{\"@context\":\"https:\/\/schema.org\",\"@graph\":[{\"@type\":\"WebPage\",\"@id\":\"https:\/\/beiroperu.com\/tienda\/catalogo\/topografia\/gps-diferenciales\/south-gps-diferenciales\/south-inn08\/\",\"url\":\"https:\/\/beiroperu.com\/tienda\/catalogo\/topografia\/gps-diferenciales\/south-gps-diferenciales\/south-inn08\/\",\"name\":\"SOUTH INN08 - Topograf\u00eda, Geolog\u00eda, Miner\u00eda y Equipamiento de Oficina\",\"isPartOf\":{\"@id\":\"https:\/\/beiroperu.com\/tienda\/#website\"},\"primaryImageOfPage\":{\"@id\":\"https:\/\/beiroperu.com\/tienda\/catalogo\/topografia\/gps-diferenciales\/south-gps-diferenciales\/south-inn08\/#primaryimage\"},\"image\":{\"@id\":\"https:\/\/beiroperu.com\/tienda\/catalogo\/topografia\/gps-diferenciales\/south-gps-diferenciales\/south-inn08\/#primaryimage\"},\"thumbnailUrl\":\"https:\/\/beiroperu.com\/tienda\/wp-content\/uploads\/2026\/03\/south-inno8-gps-diferencial-1.jpg\",\"datePublished\":\"2026-03-22T13:25:06+00:00\",\"dateModified\":\"2026-03-22T13:25:07+00:00\",\"breadcrumb\":{\"@id\":\"https:\/\/beiroperu.com\/tienda\/catalogo\/topografia\/gps-diferenciales\/south-gps-diferenciales\/south-inn08\/#breadcrumb\"},\"inLanguage\":\"es\",\"potentialAction\":[{\"@type\":\"ReadAction\",\"target\":[\"https:\/\/beiroperu.com\/tienda\/catalogo\/topografia\/gps-diferenciales\/south-gps-diferenciales\/south-inn08\/\"]}]},{\"@type\":\"ImageObject\",\"inLanguage\":\"es\",\"@id\":\"https:\/\/beiroperu.com\/tienda\/catalogo\/topografia\/gps-diferenciales\/south-gps-diferenciales\/south-inn08\/#primaryimage\",\"url\":\"https:\/\/beiroperu.com\/tienda\/wp-content\/uploads\/2026\/03\/south-inno8-gps-diferencial-1.jpg\",\"contentUrl\":\"https:\/\/beiroperu.com\/tienda\/wp-content\/uploads\/2026\/03\/south-inno8-gps-diferencial-1.jpg\",\"width\":800,\"height\":930},{\"@type\":\"BreadcrumbList\",\"@id\":\"https:\/\/beiroperu.com\/tienda\/catalogo\/topografia\/gps-diferenciales\/south-gps-diferenciales\/south-inn08\/#breadcrumb\",\"itemListElement\":[{\"@type\":\"ListItem\",\"position\":1,\"name\":\"Portada\",\"item\":\"https:\/\/beiroperu.com\/tienda\/\"},{\"@type\":\"ListItem\",\"position\":2,\"name\":\"Shop\",\"item\":\"https:\/\/beiroperu.com\/tienda\/shop\/\"},{\"@type\":\"ListItem\",\"position\":3,\"name\":\"SOUTH INN08\"}]},{\"@type\":\"WebSite\",\"@id\":\"https:\/\/beiroperu.com\/tienda\/#website\",\"url\":\"https:\/\/beiroperu.com\/tienda\/\",\"name\":\"Topograf\u00eda, Geolog\u00eda, Miner\u00eda y Equipamiento de Oficina\",\"description\":\"Beiro Per\u00fa\",\"publisher\":{\"@id\":\"https:\/\/beiroperu.com\/tienda\/#organization\"},\"alternateName\":\"Beiro Per\u00fa\",\"potentialAction\":[{\"@type\":\"SearchAction\",\"target\":{\"@type\":\"EntryPoint\",\"urlTemplate\":\"https:\/\/beiroperu.com\/tienda\/?s={search_term_string}\"},\"query-input\":{\"@type\":\"PropertyValueSpecification\",\"valueRequired\":true,\"valueName\":\"search_term_string\"}}],\"inLanguage\":\"es\"},{\"@type\":\"Organization\",\"@id\":\"https:\/\/beiroperu.com\/tienda\/#organization\",\"name\":\"Beiro\",\"alternateName\":\"Beiro Per\u00fa\",\"url\":\"https:\/\/beiroperu.com\/tienda\/\",\"logo\":{\"@type\":\"ImageObject\",\"inLanguage\":\"es\",\"@id\":\"https:\/\/beiroperu.com\/tienda\/#\/schema\/logo\/image\/\",\"url\":\"https:\/\/beiroperu.com\/tienda\/wp-content\/uploads\/2026\/03\/logo-beiro.jpeg\",\"contentUrl\":\"https:\/\/beiroperu.com\/tienda\/wp-content\/uploads\/2026\/03\/logo-beiro.jpeg\",\"width\":322,\"height\":123,\"caption\":\"Beiro\"},\"image\":{\"@id\":\"https:\/\/beiroperu.com\/tienda\/#\/schema\/logo\/image\/\"},\"sameAs\":[\"https:\/\/www.facebook.com\/profile.php?id=61574959587714\",\"https:\/\/www.instagram.com\/beiro_equipos_topograficos?igsh=cG11NHowcmp1dzFq\",\"https:\/\/www.threads.com\/@beiro_equipos_topograficos\"]}]}<\/script>\n<!-- \/ Yoast SEO plugin. -->","yoast_head_json":{"title":"SOUTH INN08 - Topograf\u00eda, Geolog\u00eda, Miner\u00eda y Equipamiento de Oficina","robots":{"index":"index","follow":"follow","max-snippet":"max-snippet:-1","max-image-preview":"max-image-preview:large","max-video-preview":"max-video-preview:-1"},"canonical":"https:\/\/beiroperu.com\/tienda\/catalogo\/topografia\/gps-diferenciales\/south-gps-diferenciales\/south-inn08\/","og_locale":"es_ES","og_type":"article","og_title":"SOUTH INN08 - Topograf\u00eda, Geolog\u00eda, Miner\u00eda y Equipamiento de Oficina","og_description":"Presentamos el receptor\u00a0GNSS\u00a0\u00a0INNO8, una soluci\u00f3n geoespacial de vanguardia que redefine la precisi\u00f3n y la eficiencia en la tecnolog\u00eda de posicionamiento. Con\u00a0capacidades de posicionamiento visual y replanteo, este receptor garantiza una precisi\u00f3n incomparable para tareas topogr\u00e1ficas y cartogr\u00e1ficas.  Con un rendimiento impresionante con modelos de\u00a0hasta 1760 canales, el INNO8 ofrece una adquisici\u00f3n de se\u00f1al r\u00e1pida y confiable. Para mejorar la experiencia del usuario, integra funciones avanzadas como el\u00a0modelado 3D, lo que permite una representaci\u00f3n espacial integral.","og_url":"https:\/\/beiroperu.com\/tienda\/catalogo\/topografia\/gps-diferenciales\/south-gps-diferenciales\/south-inn08\/","og_site_name":"Topograf\u00eda, Geolog\u00eda, Miner\u00eda y Equipamiento de Oficina","article_publisher":"https:\/\/www.facebook.com\/profile.php?id=61574959587714","article_modified_time":"2026-03-22T13:25:07+00:00","og_image":[{"width":800,"height":930,"url":"https:\/\/beiroperu.com\/tienda\/wp-content\/uploads\/2026\/03\/south-inno8-gps-diferencial-1.jpg","type":"image\/jpeg"}],"twitter_card":"summary_large_image","twitter_misc":{"Tiempo de lectura":"2 minutos"},"schema":{"@context":"https:\/\/schema.org","@graph":[{"@type":"WebPage","@id":"https:\/\/beiroperu.com\/tienda\/catalogo\/topografia\/gps-diferenciales\/south-gps-diferenciales\/south-inn08\/","url":"https:\/\/beiroperu.com\/tienda\/catalogo\/topografia\/gps-diferenciales\/south-gps-diferenciales\/south-inn08\/","name":"SOUTH INN08 - Topograf\u00eda, Geolog\u00eda, Miner\u00eda y Equipamiento de Oficina","isPartOf":{"@id":"https:\/\/beiroperu.com\/tienda\/#website"},"primaryImageOfPage":{"@id":"https:\/\/beiroperu.com\/tienda\/catalogo\/topografia\/gps-diferenciales\/south-gps-diferenciales\/south-inn08\/#primaryimage"},"image":{"@id":"https:\/\/beiroperu.com\/tienda\/catalogo\/topografia\/gps-diferenciales\/south-gps-diferenciales\/south-inn08\/#primaryimage"},"thumbnailUrl":"https:\/\/beiroperu.com\/tienda\/wp-content\/uploads\/2026\/03\/south-inno8-gps-diferencial-1.jpg","datePublished":"2026-03-22T13:25:06+00:00","dateModified":"2026-03-22T13:25:07+00:00","breadcrumb":{"@id":"https:\/\/beiroperu.com\/tienda\/catalogo\/topografia\/gps-diferenciales\/south-gps-diferenciales\/south-inn08\/#breadcrumb"},"inLanguage":"es","potentialAction":[{"@type":"ReadAction","target":["https:\/\/beiroperu.com\/tienda\/catalogo\/topografia\/gps-diferenciales\/south-gps-diferenciales\/south-inn08\/"]}]},{"@type":"ImageObject","inLanguage":"es","@id":"https:\/\/beiroperu.com\/tienda\/catalogo\/topografia\/gps-diferenciales\/south-gps-diferenciales\/south-inn08\/#primaryimage","url":"https:\/\/beiroperu.com\/tienda\/wp-content\/uploads\/2026\/03\/south-inno8-gps-diferencial-1.jpg","contentUrl":"https:\/\/beiroperu.com\/tienda\/wp-content\/uploads\/2026\/03\/south-inno8-gps-diferencial-1.jpg","width":800,"height":930},{"@type":"BreadcrumbList","@id":"https:\/\/beiroperu.com\/tienda\/catalogo\/topografia\/gps-diferenciales\/south-gps-diferenciales\/south-inn08\/#breadcrumb","itemListElement":[{"@type":"ListItem","position":1,"name":"Portada","item":"https:\/\/beiroperu.com\/tienda\/"},{"@type":"ListItem","position":2,"name":"Shop","item":"https:\/\/beiroperu.com\/tienda\/shop\/"},{"@type":"ListItem","position":3,"name":"SOUTH INN08"}]},{"@type":"WebSite","@id":"https:\/\/beiroperu.com\/tienda\/#website","url":"https:\/\/beiroperu.com\/tienda\/","name":"Topograf\u00eda, Geolog\u00eda, Miner\u00eda y Equipamiento de Oficina","description":"Beiro Per\u00fa","publisher":{"@id":"https:\/\/beiroperu.com\/tienda\/#organization"},"alternateName":"Beiro Per\u00fa","potentialAction":[{"@type":"SearchAction","target":{"@type":"EntryPoint","urlTemplate":"https:\/\/beiroperu.com\/tienda\/?s={search_term_string}"},"query-input":{"@type":"PropertyValueSpecification","valueRequired":true,"valueName":"search_term_string"}}],"inLanguage":"es"},{"@type":"Organization","@id":"https:\/\/beiroperu.com\/tienda\/#organization","name":"Beiro","alternateName":"Beiro Per\u00fa","url":"https:\/\/beiroperu.com\/tienda\/","logo":{"@type":"ImageObject","inLanguage":"es","@id":"https:\/\/beiroperu.com\/tienda\/#\/schema\/logo\/image\/","url":"https:\/\/beiroperu.com\/tienda\/wp-content\/uploads\/2026\/03\/logo-beiro.jpeg","contentUrl":"https:\/\/beiroperu.com\/tienda\/wp-content\/uploads\/2026\/03\/logo-beiro.jpeg","width":322,"height":123,"caption":"Beiro"},"image":{"@id":"https:\/\/beiroperu.com\/tienda\/#\/schema\/logo\/image\/"},"sameAs":["https:\/\/www.facebook.com\/profile.php?id=61574959587714","https:\/\/www.instagram.com\/beiro_equipos_topograficos?igsh=cG11NHowcmp1dzFq","https:\/\/www.threads.com\/@beiro_equipos_topograficos"]}]}},"_links":{"self":[{"href":"https:\/\/beiroperu.com\/tienda\/wp-json\/wp\/v2\/product\/37049","targetHints":{"allow":["GET"]}}],"collection":[{"href":"https:\/\/beiroperu.com\/tienda\/wp-json\/wp\/v2\/product"}],"about":[{"href":"https:\/\/beiroperu.com\/tienda\/wp-json\/wp\/v2\/types\/product"}],"replies":[{"embeddable":true,"href":"https:\/\/beiroperu.com\/tienda\/wp-json\/wp\/v2\/comments?post=37049"}],"wp:featuredmedia":[{"embeddable":true,"href":"https:\/\/beiroperu.com\/tienda\/wp-json\/wp\/v2\/media\/37050"}],"wp:attachment":[{"href":"https:\/\/beiroperu.com\/tienda\/wp-json\/wp\/v2\/media?parent=37049"}],"wp:term":[{"taxonomy":"product_brand","embeddable":true,"href":"https:\/\/beiroperu.com\/tienda\/wp-json\/wp\/v2\/product_brand?post=37049"},{"taxonomy":"product_cat","embeddable":true,"href":"https:\/\/beiroperu.com\/tienda\/wp-json\/wp\/v2\/product_cat?post=37049"},{"taxonomy":"product_tag","embeddable":true,"href":"https:\/\/beiroperu.com\/tienda\/wp-json\/wp\/v2\/product_tag?post=37049"}],"curies":[{"name":"wp","href":"https:\/\/api.w.org\/{rel}","templated":true}]}}