{"id":37051,"date":"2026-03-22T08:42:28","date_gmt":"2026-03-22T13:42:28","guid":{"rendered":"https:\/\/beiroperu.com\/tienda\/?post_type=product&#038;p=37051"},"modified":"2026-03-22T08:42:28","modified_gmt":"2026-03-22T13:42:28","slug":"chcnav-ibase-i73","status":"publish","type":"product","link":"https:\/\/beiroperu.com\/tienda\/catalogo\/topografia\/gps-diferenciales\/chcnav-gps-diferenciales\/chcnav-ibase-i73\/","title":{"rendered":"CHCNAV iBASE + i73"},"content":{"rendered":"<p>El receptor GNSS\u00a0<img loading=\"lazy\" decoding=\"async\" src=\"https:\/\/cosola.com\/images\/logos\/Logo_CHCNAV.png\" alt=\"Logo CHCNAV\" width=\"128\" height=\"39\" \/>\u00a0iBase + i73 elimina las barreras a la portabilidad sin sacrificar el rendimiento. Con una tecnolog\u00eda GNSS completa, ofrece el mejor rastreo de se\u00f1ales GNSS de su clase, incluso en un entorno dif\u00edcil, lo que permite realizar estudios GNSS m\u00e1s all\u00e1 de las restricciones habituales. El GNSS i73 incorpora las \u00faltimas innovaciones como un m\u00f3dulo inercial que proporciona una compensaci\u00f3n autom\u00e1tica de bast\u00f3n en un dise\u00f1o muy compacto.<\/p>\n<p><strong>EL \u00daLTIMO RECEPTOR GNSS IMU DE BOLSILLO<\/strong><\/p>\n<p>Extremadamente resistente para hacer frente a entornos dif\u00edciles<\/p>\n<p>El dise\u00f1o de la aleaci\u00f3n de magnesio del i73 lo convierte en uno de los receptores m\u00e1s ligeros de su clase: s\u00f3lo 0.73 kg incluyendo la bater\u00eda. El i73 es m\u00e1s de un 40% m\u00e1s ligero que un receptor GNSS t\u00edpico, lo que lo hace m\u00e1s c\u00f3modo de llevar, usar y operar sin fatiga. El GNSS i73 es un concentrado de tecnolog\u00eda que cabe en sus manos y ofrece la m\u00e1xima productividad en el levantamiento GNSS.<\/p>\n<p><strong>EL MEJOR RASTREO DE SE\u00d1ALES DE SU CLASE<\/strong><\/p>\n<p>GNSS completo con\u00a01408 canales de rastreo avanzado<\/p>\n<p>La avanzada tecnolog\u00eda integrada de 1408 canales GNSS aprovecha el GPS, Glonass, Galileo y BeiDou, en particular la \u00faltima se\u00f1al BeiDou III, y proporciona una s\u00f3lida calidad de datos en todo momento. El i73 ampl\u00eda las capacidades de prospecci\u00f3n del GNSS, manteniendo al mismo tiempo una precisi\u00f3n de grado de prospecci\u00f3n de nivel cent\u00edgrado. La prospecci\u00f3n del GNSS nunca ha sido m\u00e1s eficiente.<\/p>\n<p><strong>EL PODER DE LA TECNOLOG\u00cdA GNSS+IMU RTK<\/strong><\/p>\n<p>Encuentra cualquier lugar con su unidad de movimiento inercial libre de interferencias incorporada<\/p>\n<p>El i73 compensa hasta 45\u00b0 de bast\u00f3n de alcance de la prospecci\u00f3n, eliminando los problemas asociados con la prospecci\u00f3n de puntos ocultos o inseguros a los que hay que llegar. El GNSS i73 hace que el trabajo sea m\u00e1s seguro y eficiente. Aumenta la eficiencia de las mediciones puntuales en un 20% y de los estudios de vigilancia en un 30%. El estudio del GNSS se hace m\u00e1s f\u00e1cil: ya no es necesario centrarse en la perfecta nivelaci\u00f3n del polo de alcance.<\/p>\n<p><strong>HABILITAR GNSS RTK, \u00a1EN\u00a0\u00a0 CUALQUIER MOMENTO Y EN CUALQUIER LUGAR!!!<\/strong><\/p>\n<p><strong>Mas informaci\u00f3n Ver:\u00a0<a href=\"https:\/\/cosola.com\/images\/iBase_DS_ES_1.pdf\"><img loading=\"lazy\" decoding=\"async\" src=\"https:\/\/cosola.com\/images\/logos\/Logo-PDF.png\" alt=\"Logo-PDF\" width=\"70\" height=\"70\" \/><\/a><\/strong><\/p>\n","protected":false},"excerpt":{"rendered":"<p>El receptor GNSS\u00a0<img loading=\"lazy\" decoding=\"async\" src=\"https:\/\/cosola.com\/images\/logos\/Logo_CHCNAV.png\" alt=\"Logo CHCNAV\" width=\"128\" height=\"39\" \/>\u00a0iBase + i73 elimina las barreras a la portabilidad sin sacrificar el rendimiento. Con una tecnolog\u00eda GNSS completa, ofrece el mejor rastreo de se\u00f1ales GNSS de su clase, incluso en un entorno dif\u00edcil, lo que permite realizar estudios GNSS m\u00e1s all\u00e1 de las restricciones habituales. El GNSS i73 incorpora las \u00faltimas innovaciones como un m\u00f3dulo inercial que proporciona una compensaci\u00f3n autom\u00e1tica de bast\u00f3n en un dise\u00f1o muy compacto.<\/p>\n","protected":false},"featured_media":37052,"comment_status":"open","ping_status":"closed","template":"","meta":[],"product_brand":[100],"product_cat":[105],"product_tag":[],"class_list":{"0":"post-37051","1":"product","2":"type-product","3":"status-publish","4":"has-post-thumbnail","6":"product_brand-chcnav","7":"product_cat-chcnav-gps-diferenciales","9":"first","10":"instock","11":"shipping-taxable","12":"product-type-simple"},"yoast_head":"<!-- This site is optimized with the Yoast SEO plugin v27.2 - https:\/\/yoast.com\/product\/yoast-seo-wordpress\/ -->\n<title>CHCNAV iBASE + i73 - Topograf\u00eda, Geolog\u00eda, Miner\u00eda y Equipamiento de Oficina<\/title>\n<meta name=\"robots\" content=\"index, follow, max-snippet:-1, max-image-preview:large, max-video-preview:-1\" \/>\n<link rel=\"canonical\" href=\"https:\/\/beiroperu.com\/tienda\/catalogo\/topografia\/gps-diferenciales\/chcnav-gps-diferenciales\/chcnav-ibase-i73\/\" \/>\n<meta property=\"og:locale\" content=\"es_ES\" \/>\n<meta property=\"og:type\" content=\"article\" \/>\n<meta property=\"og:title\" content=\"CHCNAV iBASE + i73 - Topograf\u00eda, Geolog\u00eda, Miner\u00eda y Equipamiento de Oficina\" \/>\n<meta property=\"og:description\" content=\"El receptor GNSS\u00a0\u00a0iBase + i73 elimina las barreras a la portabilidad sin sacrificar el rendimiento. Con una tecnolog\u00eda GNSS completa, ofrece el mejor rastreo de se\u00f1ales GNSS de su clase, incluso en un entorno dif\u00edcil, lo que permite realizar estudios GNSS m\u00e1s all\u00e1 de las restricciones habituales. El GNSS i73 incorpora las \u00faltimas innovaciones como un m\u00f3dulo inercial que proporciona una compensaci\u00f3n autom\u00e1tica de bast\u00f3n en un dise\u00f1o muy compacto.\" \/>\n<meta property=\"og:url\" content=\"https:\/\/beiroperu.com\/tienda\/catalogo\/topografia\/gps-diferenciales\/chcnav-gps-diferenciales\/chcnav-ibase-i73\/\" \/>\n<meta property=\"og:site_name\" content=\"Topograf\u00eda, Geolog\u00eda, Miner\u00eda y Equipamiento de Oficina\" \/>\n<meta property=\"article:publisher\" content=\"https:\/\/www.facebook.com\/profile.php?id=61574959587714\" \/>\n<meta property=\"og:image\" content=\"https:\/\/beiroperu.com\/tienda\/wp-content\/uploads\/2026\/03\/chcnav-ibase-i73-gps-diferencial-1.jpg\" \/>\n\t<meta property=\"og:image:width\" content=\"800\" \/>\n\t<meta property=\"og:image:height\" content=\"930\" \/>\n\t<meta property=\"og:image:type\" content=\"image\/jpeg\" \/>\n<meta name=\"twitter:card\" content=\"summary_large_image\" \/>\n<meta name=\"twitter:label1\" content=\"Tiempo de lectura\" \/>\n\t<meta name=\"twitter:data1\" content=\"3 minutos\" \/>\n<script type=\"application\/ld+json\" class=\"yoast-schema-graph\">{\"@context\":\"https:\/\/schema.org\",\"@graph\":[{\"@type\":\"WebPage\",\"@id\":\"https:\/\/beiroperu.com\/tienda\/catalogo\/topografia\/gps-diferenciales\/chcnav-gps-diferenciales\/chcnav-ibase-i73\/\",\"url\":\"https:\/\/beiroperu.com\/tienda\/catalogo\/topografia\/gps-diferenciales\/chcnav-gps-diferenciales\/chcnav-ibase-i73\/\",\"name\":\"CHCNAV iBASE + i73 - Topograf\u00eda, Geolog\u00eda, Miner\u00eda y Equipamiento de Oficina\",\"isPartOf\":{\"@id\":\"https:\/\/beiroperu.com\/tienda\/#website\"},\"primaryImageOfPage\":{\"@id\":\"https:\/\/beiroperu.com\/tienda\/catalogo\/topografia\/gps-diferenciales\/chcnav-gps-diferenciales\/chcnav-ibase-i73\/#primaryimage\"},\"image\":{\"@id\":\"https:\/\/beiroperu.com\/tienda\/catalogo\/topografia\/gps-diferenciales\/chcnav-gps-diferenciales\/chcnav-ibase-i73\/#primaryimage\"},\"thumbnailUrl\":\"https:\/\/beiroperu.com\/tienda\/wp-content\/uploads\/2026\/03\/chcnav-ibase-i73-gps-diferencial-1.jpg\",\"datePublished\":\"2026-03-22T13:42:28+00:00\",\"breadcrumb\":{\"@id\":\"https:\/\/beiroperu.com\/tienda\/catalogo\/topografia\/gps-diferenciales\/chcnav-gps-diferenciales\/chcnav-ibase-i73\/#breadcrumb\"},\"inLanguage\":\"es\",\"potentialAction\":[{\"@type\":\"ReadAction\",\"target\":[\"https:\/\/beiroperu.com\/tienda\/catalogo\/topografia\/gps-diferenciales\/chcnav-gps-diferenciales\/chcnav-ibase-i73\/\"]}]},{\"@type\":\"ImageObject\",\"inLanguage\":\"es\",\"@id\":\"https:\/\/beiroperu.com\/tienda\/catalogo\/topografia\/gps-diferenciales\/chcnav-gps-diferenciales\/chcnav-ibase-i73\/#primaryimage\",\"url\":\"https:\/\/beiroperu.com\/tienda\/wp-content\/uploads\/2026\/03\/chcnav-ibase-i73-gps-diferencial-1.jpg\",\"contentUrl\":\"https:\/\/beiroperu.com\/tienda\/wp-content\/uploads\/2026\/03\/chcnav-ibase-i73-gps-diferencial-1.jpg\",\"width\":800,\"height\":930},{\"@type\":\"BreadcrumbList\",\"@id\":\"https:\/\/beiroperu.com\/tienda\/catalogo\/topografia\/gps-diferenciales\/chcnav-gps-diferenciales\/chcnav-ibase-i73\/#breadcrumb\",\"itemListElement\":[{\"@type\":\"ListItem\",\"position\":1,\"name\":\"Portada\",\"item\":\"https:\/\/beiroperu.com\/tienda\/\"},{\"@type\":\"ListItem\",\"position\":2,\"name\":\"Shop\",\"item\":\"https:\/\/beiroperu.com\/tienda\/shop\/\"},{\"@type\":\"ListItem\",\"position\":3,\"name\":\"CHCNAV iBASE + i73\"}]},{\"@type\":\"WebSite\",\"@id\":\"https:\/\/beiroperu.com\/tienda\/#website\",\"url\":\"https:\/\/beiroperu.com\/tienda\/\",\"name\":\"Topograf\u00eda, Geolog\u00eda, Miner\u00eda y Equipamiento de Oficina\",\"description\":\"Beiro Per\u00fa\",\"publisher\":{\"@id\":\"https:\/\/beiroperu.com\/tienda\/#organization\"},\"alternateName\":\"Beiro Per\u00fa\",\"potentialAction\":[{\"@type\":\"SearchAction\",\"target\":{\"@type\":\"EntryPoint\",\"urlTemplate\":\"https:\/\/beiroperu.com\/tienda\/?s={search_term_string}\"},\"query-input\":{\"@type\":\"PropertyValueSpecification\",\"valueRequired\":true,\"valueName\":\"search_term_string\"}}],\"inLanguage\":\"es\"},{\"@type\":\"Organization\",\"@id\":\"https:\/\/beiroperu.com\/tienda\/#organization\",\"name\":\"Beiro\",\"alternateName\":\"Beiro Per\u00fa\",\"url\":\"https:\/\/beiroperu.com\/tienda\/\",\"logo\":{\"@type\":\"ImageObject\",\"inLanguage\":\"es\",\"@id\":\"https:\/\/beiroperu.com\/tienda\/#\/schema\/logo\/image\/\",\"url\":\"https:\/\/beiroperu.com\/tienda\/wp-content\/uploads\/2026\/03\/logo-beiro.jpeg\",\"contentUrl\":\"https:\/\/beiroperu.com\/tienda\/wp-content\/uploads\/2026\/03\/logo-beiro.jpeg\",\"width\":322,\"height\":123,\"caption\":\"Beiro\"},\"image\":{\"@id\":\"https:\/\/beiroperu.com\/tienda\/#\/schema\/logo\/image\/\"},\"sameAs\":[\"https:\/\/www.facebook.com\/profile.php?id=61574959587714\",\"https:\/\/www.instagram.com\/beiro_equipos_topograficos?igsh=cG11NHowcmp1dzFq\",\"https:\/\/www.threads.com\/@beiro_equipos_topograficos\"]}]}<\/script>\n<!-- \/ Yoast SEO plugin. -->","yoast_head_json":{"title":"CHCNAV iBASE + i73 - Topograf\u00eda, Geolog\u00eda, Miner\u00eda y Equipamiento de Oficina","robots":{"index":"index","follow":"follow","max-snippet":"max-snippet:-1","max-image-preview":"max-image-preview:large","max-video-preview":"max-video-preview:-1"},"canonical":"https:\/\/beiroperu.com\/tienda\/catalogo\/topografia\/gps-diferenciales\/chcnav-gps-diferenciales\/chcnav-ibase-i73\/","og_locale":"es_ES","og_type":"article","og_title":"CHCNAV iBASE + i73 - Topograf\u00eda, Geolog\u00eda, Miner\u00eda y Equipamiento de Oficina","og_description":"El receptor GNSS\u00a0\u00a0iBase + i73 elimina las barreras a la portabilidad sin sacrificar el rendimiento. Con una tecnolog\u00eda GNSS completa, ofrece el mejor rastreo de se\u00f1ales GNSS de su clase, incluso en un entorno dif\u00edcil, lo que permite realizar estudios GNSS m\u00e1s all\u00e1 de las restricciones habituales. El GNSS i73 incorpora las \u00faltimas innovaciones como un m\u00f3dulo inercial que proporciona una compensaci\u00f3n autom\u00e1tica de bast\u00f3n en un dise\u00f1o muy compacto.","og_url":"https:\/\/beiroperu.com\/tienda\/catalogo\/topografia\/gps-diferenciales\/chcnav-gps-diferenciales\/chcnav-ibase-i73\/","og_site_name":"Topograf\u00eda, Geolog\u00eda, Miner\u00eda y Equipamiento de Oficina","article_publisher":"https:\/\/www.facebook.com\/profile.php?id=61574959587714","og_image":[{"width":800,"height":930,"url":"https:\/\/beiroperu.com\/tienda\/wp-content\/uploads\/2026\/03\/chcnav-ibase-i73-gps-diferencial-1.jpg","type":"image\/jpeg"}],"twitter_card":"summary_large_image","twitter_misc":{"Tiempo de lectura":"3 minutos"},"schema":{"@context":"https:\/\/schema.org","@graph":[{"@type":"WebPage","@id":"https:\/\/beiroperu.com\/tienda\/catalogo\/topografia\/gps-diferenciales\/chcnav-gps-diferenciales\/chcnav-ibase-i73\/","url":"https:\/\/beiroperu.com\/tienda\/catalogo\/topografia\/gps-diferenciales\/chcnav-gps-diferenciales\/chcnav-ibase-i73\/","name":"CHCNAV iBASE + i73 - Topograf\u00eda, Geolog\u00eda, Miner\u00eda y Equipamiento de Oficina","isPartOf":{"@id":"https:\/\/beiroperu.com\/tienda\/#website"},"primaryImageOfPage":{"@id":"https:\/\/beiroperu.com\/tienda\/catalogo\/topografia\/gps-diferenciales\/chcnav-gps-diferenciales\/chcnav-ibase-i73\/#primaryimage"},"image":{"@id":"https:\/\/beiroperu.com\/tienda\/catalogo\/topografia\/gps-diferenciales\/chcnav-gps-diferenciales\/chcnav-ibase-i73\/#primaryimage"},"thumbnailUrl":"https:\/\/beiroperu.com\/tienda\/wp-content\/uploads\/2026\/03\/chcnav-ibase-i73-gps-diferencial-1.jpg","datePublished":"2026-03-22T13:42:28+00:00","breadcrumb":{"@id":"https:\/\/beiroperu.com\/tienda\/catalogo\/topografia\/gps-diferenciales\/chcnav-gps-diferenciales\/chcnav-ibase-i73\/#breadcrumb"},"inLanguage":"es","potentialAction":[{"@type":"ReadAction","target":["https:\/\/beiroperu.com\/tienda\/catalogo\/topografia\/gps-diferenciales\/chcnav-gps-diferenciales\/chcnav-ibase-i73\/"]}]},{"@type":"ImageObject","inLanguage":"es","@id":"https:\/\/beiroperu.com\/tienda\/catalogo\/topografia\/gps-diferenciales\/chcnav-gps-diferenciales\/chcnav-ibase-i73\/#primaryimage","url":"https:\/\/beiroperu.com\/tienda\/wp-content\/uploads\/2026\/03\/chcnav-ibase-i73-gps-diferencial-1.jpg","contentUrl":"https:\/\/beiroperu.com\/tienda\/wp-content\/uploads\/2026\/03\/chcnav-ibase-i73-gps-diferencial-1.jpg","width":800,"height":930},{"@type":"BreadcrumbList","@id":"https:\/\/beiroperu.com\/tienda\/catalogo\/topografia\/gps-diferenciales\/chcnav-gps-diferenciales\/chcnav-ibase-i73\/#breadcrumb","itemListElement":[{"@type":"ListItem","position":1,"name":"Portada","item":"https:\/\/beiroperu.com\/tienda\/"},{"@type":"ListItem","position":2,"name":"Shop","item":"https:\/\/beiroperu.com\/tienda\/shop\/"},{"@type":"ListItem","position":3,"name":"CHCNAV iBASE + i73"}]},{"@type":"WebSite","@id":"https:\/\/beiroperu.com\/tienda\/#website","url":"https:\/\/beiroperu.com\/tienda\/","name":"Topograf\u00eda, Geolog\u00eda, Miner\u00eda y Equipamiento de Oficina","description":"Beiro Per\u00fa","publisher":{"@id":"https:\/\/beiroperu.com\/tienda\/#organization"},"alternateName":"Beiro Per\u00fa","potentialAction":[{"@type":"SearchAction","target":{"@type":"EntryPoint","urlTemplate":"https:\/\/beiroperu.com\/tienda\/?s={search_term_string}"},"query-input":{"@type":"PropertyValueSpecification","valueRequired":true,"valueName":"search_term_string"}}],"inLanguage":"es"},{"@type":"Organization","@id":"https:\/\/beiroperu.com\/tienda\/#organization","name":"Beiro","alternateName":"Beiro Per\u00fa","url":"https:\/\/beiroperu.com\/tienda\/","logo":{"@type":"ImageObject","inLanguage":"es","@id":"https:\/\/beiroperu.com\/tienda\/#\/schema\/logo\/image\/","url":"https:\/\/beiroperu.com\/tienda\/wp-content\/uploads\/2026\/03\/logo-beiro.jpeg","contentUrl":"https:\/\/beiroperu.com\/tienda\/wp-content\/uploads\/2026\/03\/logo-beiro.jpeg","width":322,"height":123,"caption":"Beiro"},"image":{"@id":"https:\/\/beiroperu.com\/tienda\/#\/schema\/logo\/image\/"},"sameAs":["https:\/\/www.facebook.com\/profile.php?id=61574959587714","https:\/\/www.instagram.com\/beiro_equipos_topograficos?igsh=cG11NHowcmp1dzFq","https:\/\/www.threads.com\/@beiro_equipos_topograficos"]}]}},"_links":{"self":[{"href":"https:\/\/beiroperu.com\/tienda\/wp-json\/wp\/v2\/product\/37051","targetHints":{"allow":["GET"]}}],"collection":[{"href":"https:\/\/beiroperu.com\/tienda\/wp-json\/wp\/v2\/product"}],"about":[{"href":"https:\/\/beiroperu.com\/tienda\/wp-json\/wp\/v2\/types\/product"}],"replies":[{"embeddable":true,"href":"https:\/\/beiroperu.com\/tienda\/wp-json\/wp\/v2\/comments?post=37051"}],"wp:featuredmedia":[{"embeddable":true,"href":"https:\/\/beiroperu.com\/tienda\/wp-json\/wp\/v2\/media\/37052"}],"wp:attachment":[{"href":"https:\/\/beiroperu.com\/tienda\/wp-json\/wp\/v2\/media?parent=37051"}],"wp:term":[{"taxonomy":"product_brand","embeddable":true,"href":"https:\/\/beiroperu.com\/tienda\/wp-json\/wp\/v2\/product_brand?post=37051"},{"taxonomy":"product_cat","embeddable":true,"href":"https:\/\/beiroperu.com\/tienda\/wp-json\/wp\/v2\/product_cat?post=37051"},{"taxonomy":"product_tag","embeddable":true,"href":"https:\/\/beiroperu.com\/tienda\/wp-json\/wp\/v2\/product_tag?post=37051"}],"curies":[{"name":"wp","href":"https:\/\/api.w.org\/{rel}","templated":true}]}}