{"id":37053,"date":"2026-03-22T08:47:19","date_gmt":"2026-03-22T13:47:19","guid":{"rendered":"https:\/\/beiroperu.com\/tienda\/?post_type=product&#038;p=37053"},"modified":"2026-03-22T08:47:19","modified_gmt":"2026-03-22T13:47:19","slug":"chcnav-i73","status":"publish","type":"product","link":"https:\/\/beiroperu.com\/tienda\/catalogo\/topografia\/gps-diferenciales\/chcnav-gps-diferenciales\/chcnav-i73\/","title":{"rendered":"CHCNAV i73+"},"content":{"rendered":"<p>El \u00a0GNSS\u00a0<img loading=\"lazy\" decoding=\"async\" src=\"https:\/\/cosola.com\/images\/logos\/Logo_CHCNAV.png\" alt=\"Logo CHCNAV\" width=\"132\" height=\"40\" \/>\u00a0<strong>i73+<\/strong>\u00a0es un receptor GNSS extremadamente compacto, potente y vers\u00e1til con m\u00f3dem UHF Tx\/Rx integrado que puede utilizarse como estaci\u00f3n base o como rover. Con a la tecnolog\u00eda iStar de CHCNAV, que rastrea de forma \u00f3ptima las se\u00f1ales de los sat\u00e9lites de todas las constelaciones, el i73+ GNSS consigue un posicionamiento centim\u00e9trico RTK fijo de calidad topogr\u00e1fica en 5 segundos tras el encendido. Su compensaci\u00f3n autom\u00e1tica de la inclinaci\u00f3n del poste aumenta la eficacia de las mediciones de puntos hasta un 20% y de los estudios de replanteo hasta un 30%.<\/p>\n<p>F\u00e1cil de transportar con una sola mano, el i73+ GNSS es una soluci\u00f3n GNSS eficiente y ligera que se adapta a una gran variedad de configuraciones en el lugar de trabajo, lo que hace que la topograf\u00eda intensiva sobre el terreno sea m\u00e1s c\u00f3moda y menos cansada para el operador.<\/p>\n<table>\n<tbody>\n<tr>\n<td colspan=\"2\"><strong>Rendimiento del GNSS\u00a0<sup>(1)<\/sup><\/strong><\/td>\n<\/tr>\n<tr>\n<td>Canales<\/td>\n<td>1408\u00a0canales<\/td>\n<\/tr>\n<tr>\n<td>GPS<\/td>\n<td>L1, L2, L5<\/td>\n<\/tr>\n<tr>\n<td>GLONASS<\/td>\n<td>L1, L2<\/td>\n<\/tr>\n<tr>\n<td>Galileo<\/td>\n<td>E1, E5a, E5b<\/td>\n<\/tr>\n<tr>\n<td>BeiDou<\/td>\n<td>B1, B2, B3<\/td>\n<\/tr>\n<tr>\n<td>QZSS<\/td>\n<td>L1, L2, L5<\/td>\n<\/tr>\n<tr>\n<td colspan=\"2\"><\/td>\n<\/tr>\n<tr>\n<td colspan=\"2\"><\/td>\n<\/tr>\n<\/tbody>\n<\/table>\n<p><strong>Mas informaci\u00f3n Ver:\u00a0<a href=\"https:\/\/cosola.com\/images\/CHCNav_i73.pdf\" target=\"_blank\" rel=\"noopener\"><img loading=\"lazy\" decoding=\"async\" src=\"https:\/\/cosola.com\/images\/logos\/Logo-PDF.png\" alt=\"Logo-PDF\" width=\"70\" height=\"70\" \/><\/a><\/strong><\/p>\n","protected":false},"excerpt":{"rendered":"<p>El \u00a0GNSS\u00a0<img loading=\"lazy\" decoding=\"async\" src=\"https:\/\/cosola.com\/images\/logos\/Logo_CHCNAV.png\" alt=\"Logo CHCNAV\" width=\"132\" height=\"40\" \/>\u00a0<strong>i73+<\/strong>\u00a0es un receptor GNSS extremadamente compacto, potente y vers\u00e1til con m\u00f3dem UHF Tx\/Rx integrado que puede utilizarse como estaci\u00f3n base o como rover. Con a la tecnolog\u00eda iStar de CHCNAV, que rastrea de forma \u00f3ptima las se\u00f1ales de los sat\u00e9lites de todas las constelaciones, el i73+ GNSS consigue un posicionamiento centim\u00e9trico RTK fijo de calidad topogr\u00e1fica en 5 segundos tras el encendido. Su compensaci\u00f3n autom\u00e1tica de la inclinaci\u00f3n del poste aumenta la eficacia de las mediciones de puntos hasta un 20% y de los estudios de replanteo hasta un 30%.<\/p>\n","protected":false},"featured_media":37054,"comment_status":"open","ping_status":"closed","template":"","meta":[],"product_brand":[100],"product_cat":[105],"product_tag":[],"class_list":{"0":"post-37053","1":"product","2":"type-product","3":"status-publish","4":"has-post-thumbnail","6":"product_brand-chcnav","7":"product_cat-chcnav-gps-diferenciales","9":"first","10":"instock","11":"shipping-taxable","12":"product-type-simple"},"yoast_head":"<!-- This site is optimized with the Yoast SEO plugin v27.2 - https:\/\/yoast.com\/product\/yoast-seo-wordpress\/ -->\n<title>CHCNAV i73+ - Topograf\u00eda, Geolog\u00eda, Miner\u00eda y Equipamiento de Oficina<\/title>\n<meta name=\"robots\" content=\"index, follow, max-snippet:-1, max-image-preview:large, max-video-preview:-1\" \/>\n<link rel=\"canonical\" href=\"https:\/\/beiroperu.com\/tienda\/catalogo\/topografia\/gps-diferenciales\/chcnav-gps-diferenciales\/chcnav-i73\/\" \/>\n<meta property=\"og:locale\" content=\"es_ES\" \/>\n<meta property=\"og:type\" content=\"article\" \/>\n<meta property=\"og:title\" content=\"CHCNAV i73+ - Topograf\u00eda, Geolog\u00eda, Miner\u00eda y Equipamiento de Oficina\" \/>\n<meta property=\"og:description\" content=\"El \u00a0GNSS\u00a0\u00a0i73+\u00a0es un receptor GNSS extremadamente compacto, potente y vers\u00e1til con m\u00f3dem UHF Tx\/Rx integrado que puede utilizarse como estaci\u00f3n base o como rover. Con a la tecnolog\u00eda iStar de CHCNAV, que rastrea de forma \u00f3ptima las se\u00f1ales de los sat\u00e9lites de todas las constelaciones, el i73+ GNSS consigue un posicionamiento centim\u00e9trico RTK fijo de calidad topogr\u00e1fica en 5 segundos tras el encendido. Su compensaci\u00f3n autom\u00e1tica de la inclinaci\u00f3n del poste aumenta la eficacia de las mediciones de puntos hasta un 20% y de los estudios de replanteo hasta un 30%.\" \/>\n<meta property=\"og:url\" content=\"https:\/\/beiroperu.com\/tienda\/catalogo\/topografia\/gps-diferenciales\/chcnav-gps-diferenciales\/chcnav-i73\/\" \/>\n<meta property=\"og:site_name\" content=\"Topograf\u00eda, Geolog\u00eda, Miner\u00eda y Equipamiento de Oficina\" \/>\n<meta property=\"article:publisher\" content=\"https:\/\/www.facebook.com\/profile.php?id=61574959587714\" \/>\n<meta property=\"og:image\" content=\"https:\/\/beiroperu.com\/tienda\/wp-content\/uploads\/2026\/03\/chcnav-i73-gps-diferencial-1.jpg\" \/>\n\t<meta property=\"og:image:width\" content=\"800\" \/>\n\t<meta property=\"og:image:height\" content=\"930\" \/>\n\t<meta property=\"og:image:type\" content=\"image\/jpeg\" \/>\n<meta name=\"twitter:card\" content=\"summary_large_image\" \/>\n<meta name=\"twitter:label1\" content=\"Tiempo de lectura\" \/>\n\t<meta name=\"twitter:data1\" content=\"2 minutos\" \/>\n<script type=\"application\/ld+json\" class=\"yoast-schema-graph\">{\"@context\":\"https:\/\/schema.org\",\"@graph\":[{\"@type\":\"WebPage\",\"@id\":\"https:\/\/beiroperu.com\/tienda\/catalogo\/topografia\/gps-diferenciales\/chcnav-gps-diferenciales\/chcnav-i73\/\",\"url\":\"https:\/\/beiroperu.com\/tienda\/catalogo\/topografia\/gps-diferenciales\/chcnav-gps-diferenciales\/chcnav-i73\/\",\"name\":\"CHCNAV i73+ - Topograf\u00eda, Geolog\u00eda, Miner\u00eda y Equipamiento de Oficina\",\"isPartOf\":{\"@id\":\"https:\/\/beiroperu.com\/tienda\/#website\"},\"primaryImageOfPage\":{\"@id\":\"https:\/\/beiroperu.com\/tienda\/catalogo\/topografia\/gps-diferenciales\/chcnav-gps-diferenciales\/chcnav-i73\/#primaryimage\"},\"image\":{\"@id\":\"https:\/\/beiroperu.com\/tienda\/catalogo\/topografia\/gps-diferenciales\/chcnav-gps-diferenciales\/chcnav-i73\/#primaryimage\"},\"thumbnailUrl\":\"https:\/\/beiroperu.com\/tienda\/wp-content\/uploads\/2026\/03\/chcnav-i73-gps-diferencial-1.jpg\",\"datePublished\":\"2026-03-22T13:47:19+00:00\",\"breadcrumb\":{\"@id\":\"https:\/\/beiroperu.com\/tienda\/catalogo\/topografia\/gps-diferenciales\/chcnav-gps-diferenciales\/chcnav-i73\/#breadcrumb\"},\"inLanguage\":\"es\",\"potentialAction\":[{\"@type\":\"ReadAction\",\"target\":[\"https:\/\/beiroperu.com\/tienda\/catalogo\/topografia\/gps-diferenciales\/chcnav-gps-diferenciales\/chcnav-i73\/\"]}]},{\"@type\":\"ImageObject\",\"inLanguage\":\"es\",\"@id\":\"https:\/\/beiroperu.com\/tienda\/catalogo\/topografia\/gps-diferenciales\/chcnav-gps-diferenciales\/chcnav-i73\/#primaryimage\",\"url\":\"https:\/\/beiroperu.com\/tienda\/wp-content\/uploads\/2026\/03\/chcnav-i73-gps-diferencial-1.jpg\",\"contentUrl\":\"https:\/\/beiroperu.com\/tienda\/wp-content\/uploads\/2026\/03\/chcnav-i73-gps-diferencial-1.jpg\",\"width\":800,\"height\":930},{\"@type\":\"BreadcrumbList\",\"@id\":\"https:\/\/beiroperu.com\/tienda\/catalogo\/topografia\/gps-diferenciales\/chcnav-gps-diferenciales\/chcnav-i73\/#breadcrumb\",\"itemListElement\":[{\"@type\":\"ListItem\",\"position\":1,\"name\":\"Portada\",\"item\":\"https:\/\/beiroperu.com\/tienda\/\"},{\"@type\":\"ListItem\",\"position\":2,\"name\":\"Shop\",\"item\":\"https:\/\/beiroperu.com\/tienda\/shop\/\"},{\"@type\":\"ListItem\",\"position\":3,\"name\":\"CHCNAV i73+\"}]},{\"@type\":\"WebSite\",\"@id\":\"https:\/\/beiroperu.com\/tienda\/#website\",\"url\":\"https:\/\/beiroperu.com\/tienda\/\",\"name\":\"Topograf\u00eda, Geolog\u00eda, Miner\u00eda y Equipamiento de Oficina\",\"description\":\"Beiro Per\u00fa\",\"publisher\":{\"@id\":\"https:\/\/beiroperu.com\/tienda\/#organization\"},\"alternateName\":\"Beiro Per\u00fa\",\"potentialAction\":[{\"@type\":\"SearchAction\",\"target\":{\"@type\":\"EntryPoint\",\"urlTemplate\":\"https:\/\/beiroperu.com\/tienda\/?s={search_term_string}\"},\"query-input\":{\"@type\":\"PropertyValueSpecification\",\"valueRequired\":true,\"valueName\":\"search_term_string\"}}],\"inLanguage\":\"es\"},{\"@type\":\"Organization\",\"@id\":\"https:\/\/beiroperu.com\/tienda\/#organization\",\"name\":\"Beiro\",\"alternateName\":\"Beiro Per\u00fa\",\"url\":\"https:\/\/beiroperu.com\/tienda\/\",\"logo\":{\"@type\":\"ImageObject\",\"inLanguage\":\"es\",\"@id\":\"https:\/\/beiroperu.com\/tienda\/#\/schema\/logo\/image\/\",\"url\":\"https:\/\/beiroperu.com\/tienda\/wp-content\/uploads\/2026\/03\/logo-beiro.jpeg\",\"contentUrl\":\"https:\/\/beiroperu.com\/tienda\/wp-content\/uploads\/2026\/03\/logo-beiro.jpeg\",\"width\":322,\"height\":123,\"caption\":\"Beiro\"},\"image\":{\"@id\":\"https:\/\/beiroperu.com\/tienda\/#\/schema\/logo\/image\/\"},\"sameAs\":[\"https:\/\/www.facebook.com\/profile.php?id=61574959587714\",\"https:\/\/www.instagram.com\/beiro_equipos_topograficos?igsh=cG11NHowcmp1dzFq\",\"https:\/\/www.threads.com\/@beiro_equipos_topograficos\"]}]}<\/script>\n<!-- \/ Yoast SEO plugin. -->","yoast_head_json":{"title":"CHCNAV i73+ - Topograf\u00eda, Geolog\u00eda, Miner\u00eda y Equipamiento de Oficina","robots":{"index":"index","follow":"follow","max-snippet":"max-snippet:-1","max-image-preview":"max-image-preview:large","max-video-preview":"max-video-preview:-1"},"canonical":"https:\/\/beiroperu.com\/tienda\/catalogo\/topografia\/gps-diferenciales\/chcnav-gps-diferenciales\/chcnav-i73\/","og_locale":"es_ES","og_type":"article","og_title":"CHCNAV i73+ - Topograf\u00eda, Geolog\u00eda, Miner\u00eda y Equipamiento de Oficina","og_description":"El \u00a0GNSS\u00a0\u00a0i73+\u00a0es un receptor GNSS extremadamente compacto, potente y vers\u00e1til con m\u00f3dem UHF Tx\/Rx integrado que puede utilizarse como estaci\u00f3n base o como rover. Con a la tecnolog\u00eda iStar de CHCNAV, que rastrea de forma \u00f3ptima las se\u00f1ales de los sat\u00e9lites de todas las constelaciones, el i73+ GNSS consigue un posicionamiento centim\u00e9trico RTK fijo de calidad topogr\u00e1fica en 5 segundos tras el encendido. Su compensaci\u00f3n autom\u00e1tica de la inclinaci\u00f3n del poste aumenta la eficacia de las mediciones de puntos hasta un 20% y de los estudios de replanteo hasta un 30%.","og_url":"https:\/\/beiroperu.com\/tienda\/catalogo\/topografia\/gps-diferenciales\/chcnav-gps-diferenciales\/chcnav-i73\/","og_site_name":"Topograf\u00eda, Geolog\u00eda, Miner\u00eda y Equipamiento de Oficina","article_publisher":"https:\/\/www.facebook.com\/profile.php?id=61574959587714","og_image":[{"width":800,"height":930,"url":"https:\/\/beiroperu.com\/tienda\/wp-content\/uploads\/2026\/03\/chcnav-i73-gps-diferencial-1.jpg","type":"image\/jpeg"}],"twitter_card":"summary_large_image","twitter_misc":{"Tiempo de lectura":"2 minutos"},"schema":{"@context":"https:\/\/schema.org","@graph":[{"@type":"WebPage","@id":"https:\/\/beiroperu.com\/tienda\/catalogo\/topografia\/gps-diferenciales\/chcnav-gps-diferenciales\/chcnav-i73\/","url":"https:\/\/beiroperu.com\/tienda\/catalogo\/topografia\/gps-diferenciales\/chcnav-gps-diferenciales\/chcnav-i73\/","name":"CHCNAV i73+ - Topograf\u00eda, Geolog\u00eda, Miner\u00eda y Equipamiento de Oficina","isPartOf":{"@id":"https:\/\/beiroperu.com\/tienda\/#website"},"primaryImageOfPage":{"@id":"https:\/\/beiroperu.com\/tienda\/catalogo\/topografia\/gps-diferenciales\/chcnav-gps-diferenciales\/chcnav-i73\/#primaryimage"},"image":{"@id":"https:\/\/beiroperu.com\/tienda\/catalogo\/topografia\/gps-diferenciales\/chcnav-gps-diferenciales\/chcnav-i73\/#primaryimage"},"thumbnailUrl":"https:\/\/beiroperu.com\/tienda\/wp-content\/uploads\/2026\/03\/chcnav-i73-gps-diferencial-1.jpg","datePublished":"2026-03-22T13:47:19+00:00","breadcrumb":{"@id":"https:\/\/beiroperu.com\/tienda\/catalogo\/topografia\/gps-diferenciales\/chcnav-gps-diferenciales\/chcnav-i73\/#breadcrumb"},"inLanguage":"es","potentialAction":[{"@type":"ReadAction","target":["https:\/\/beiroperu.com\/tienda\/catalogo\/topografia\/gps-diferenciales\/chcnav-gps-diferenciales\/chcnav-i73\/"]}]},{"@type":"ImageObject","inLanguage":"es","@id":"https:\/\/beiroperu.com\/tienda\/catalogo\/topografia\/gps-diferenciales\/chcnav-gps-diferenciales\/chcnav-i73\/#primaryimage","url":"https:\/\/beiroperu.com\/tienda\/wp-content\/uploads\/2026\/03\/chcnav-i73-gps-diferencial-1.jpg","contentUrl":"https:\/\/beiroperu.com\/tienda\/wp-content\/uploads\/2026\/03\/chcnav-i73-gps-diferencial-1.jpg","width":800,"height":930},{"@type":"BreadcrumbList","@id":"https:\/\/beiroperu.com\/tienda\/catalogo\/topografia\/gps-diferenciales\/chcnav-gps-diferenciales\/chcnav-i73\/#breadcrumb","itemListElement":[{"@type":"ListItem","position":1,"name":"Portada","item":"https:\/\/beiroperu.com\/tienda\/"},{"@type":"ListItem","position":2,"name":"Shop","item":"https:\/\/beiroperu.com\/tienda\/shop\/"},{"@type":"ListItem","position":3,"name":"CHCNAV i73+"}]},{"@type":"WebSite","@id":"https:\/\/beiroperu.com\/tienda\/#website","url":"https:\/\/beiroperu.com\/tienda\/","name":"Topograf\u00eda, Geolog\u00eda, Miner\u00eda y Equipamiento de Oficina","description":"Beiro Per\u00fa","publisher":{"@id":"https:\/\/beiroperu.com\/tienda\/#organization"},"alternateName":"Beiro Per\u00fa","potentialAction":[{"@type":"SearchAction","target":{"@type":"EntryPoint","urlTemplate":"https:\/\/beiroperu.com\/tienda\/?s={search_term_string}"},"query-input":{"@type":"PropertyValueSpecification","valueRequired":true,"valueName":"search_term_string"}}],"inLanguage":"es"},{"@type":"Organization","@id":"https:\/\/beiroperu.com\/tienda\/#organization","name":"Beiro","alternateName":"Beiro Per\u00fa","url":"https:\/\/beiroperu.com\/tienda\/","logo":{"@type":"ImageObject","inLanguage":"es","@id":"https:\/\/beiroperu.com\/tienda\/#\/schema\/logo\/image\/","url":"https:\/\/beiroperu.com\/tienda\/wp-content\/uploads\/2026\/03\/logo-beiro.jpeg","contentUrl":"https:\/\/beiroperu.com\/tienda\/wp-content\/uploads\/2026\/03\/logo-beiro.jpeg","width":322,"height":123,"caption":"Beiro"},"image":{"@id":"https:\/\/beiroperu.com\/tienda\/#\/schema\/logo\/image\/"},"sameAs":["https:\/\/www.facebook.com\/profile.php?id=61574959587714","https:\/\/www.instagram.com\/beiro_equipos_topograficos?igsh=cG11NHowcmp1dzFq","https:\/\/www.threads.com\/@beiro_equipos_topograficos"]}]}},"_links":{"self":[{"href":"https:\/\/beiroperu.com\/tienda\/wp-json\/wp\/v2\/product\/37053","targetHints":{"allow":["GET"]}}],"collection":[{"href":"https:\/\/beiroperu.com\/tienda\/wp-json\/wp\/v2\/product"}],"about":[{"href":"https:\/\/beiroperu.com\/tienda\/wp-json\/wp\/v2\/types\/product"}],"replies":[{"embeddable":true,"href":"https:\/\/beiroperu.com\/tienda\/wp-json\/wp\/v2\/comments?post=37053"}],"wp:featuredmedia":[{"embeddable":true,"href":"https:\/\/beiroperu.com\/tienda\/wp-json\/wp\/v2\/media\/37054"}],"wp:attachment":[{"href":"https:\/\/beiroperu.com\/tienda\/wp-json\/wp\/v2\/media?parent=37053"}],"wp:term":[{"taxonomy":"product_brand","embeddable":true,"href":"https:\/\/beiroperu.com\/tienda\/wp-json\/wp\/v2\/product_brand?post=37053"},{"taxonomy":"product_cat","embeddable":true,"href":"https:\/\/beiroperu.com\/tienda\/wp-json\/wp\/v2\/product_cat?post=37053"},{"taxonomy":"product_tag","embeddable":true,"href":"https:\/\/beiroperu.com\/tienda\/wp-json\/wp\/v2\/product_tag?post=37053"}],"curies":[{"name":"wp","href":"https:\/\/api.w.org\/{rel}","templated":true}]}}