{"id":37055,"date":"2026-03-22T08:52:30","date_gmt":"2026-03-22T13:52:30","guid":{"rendered":"https:\/\/beiroperu.com\/tienda\/?post_type=product&#038;p=37055"},"modified":"2026-03-22T08:52:30","modified_gmt":"2026-03-22T13:52:30","slug":"gps-south-h6","status":"publish","type":"product","link":"https:\/\/beiroperu.com\/tienda\/catalogo\/topografia\/gps-diferenciales\/south-gps-diferenciales\/gps-south-h6\/","title":{"rendered":"GPS SOUTH H6"},"content":{"rendered":"<p>Sistema operativo Android 8.1, 64 GB de ROM\u00a0<img loading=\"lazy\" decoding=\"async\" src=\"https:\/\/cosola.com\/images\/logos\/logo.png\" alt=\"logo\" width=\"124\" height=\"43\" \/>:<\/p>\n<ul>\n<li>Pantalla t\u00e1ctil de luz solar de 5&#8243;<\/li>\n<li>Teclado completo, entrada m\u00e1s r\u00e1pida<\/li>\n<li>La bater\u00eda de gran capacidad de 9200 mAh funciona m\u00e1s tiempo<\/li>\n<li>M\u00f3dulo celular 4G, doble ranura para tarjeta SIM<\/li>\n<li>\n<table>\n<tbody>\n<tr>\n<td colspan=\"3\"><strong>CARACTER\u00cdSTICAS T\u00c9CNICAS<\/strong><\/td>\n<\/tr>\n<tr>\n<td colspan=\"2\"><strong>SISTEMA<\/strong><\/td>\n<td><\/td>\n<\/tr>\n<tr>\n<td>Sistema operativo<\/td>\n<td>Android 8.1<\/td>\n<td><\/td>\n<\/tr>\n<tr>\n<td>CPU<\/td>\n<td>Octa-core 2.0GHz<\/td>\n<td><\/td>\n<\/tr>\n<tr>\n<td>CARNERO<\/td>\n<td>4 GB<\/td>\n<td><\/td>\n<\/tr>\n<tr>\n<td>ROM<\/td>\n<td>64 GB<\/td>\n<td><\/td>\n<\/tr>\n<tr>\n<td>Extensi\u00f3n de almacenamiento<\/td>\n<td>Soporte de extensi\u00f3n de 128 GB<\/td>\n<td><\/td>\n<\/tr>\n<tr>\n<td colspan=\"2\"><strong>COMUNICACI\u00d3N<\/strong><\/td>\n<td><\/td>\n<\/tr>\n<tr>\n<td rowspan=\"6\">Frecuencias SIM<\/td>\n<td>GSM: B2\/B3\/B5\/B8<\/td>\n<td><\/td>\n<\/tr>\n<tr>\n<td>FDD-LTE: B1 \/ B2 \/ B3 \/ B4 \/ B5 \/ B7 \/ B8 \/ B12 \/ B13 \/ B17 \/ B20 \/ B25 \/ B28<\/td>\n<td><\/td>\n<\/tr>\n<tr>\n<td>TDD-LTE B38\/B39\/B40\/B41<\/td>\n<td><\/td>\n<\/tr>\n<tr>\n<td>TDSCDMA B34\/B39<\/td>\n<td><\/td>\n<\/tr>\n<tr>\n<td>WCDMA B1\/B2\/B5\/B8<\/td>\n<td><\/td>\n<\/tr>\n<tr>\n<td>CDMA1x\/CDMA2000 BC0<\/td>\n<td><\/td>\n<\/tr>\n<tr>\n<td>Doble ranura para tarjeta SIM<\/td>\n<td>Soporta dos nano sim<\/td>\n<td><\/td>\n<\/tr>\n<tr>\n<td>USB<\/td>\n<td>Tipo-C, soporte OTG<\/td>\n<td><\/td>\n<\/tr>\n<tr>\n<td>WiFi (WLAN)<\/td>\n<td>IEEE 802.11a\/b\/g\/n, 2.4G\/5G<\/td>\n<td><\/td>\n<\/tr>\n<tr>\n<td>Bluetooth<\/td>\n<td>V4.1<\/td>\n<td><\/td>\n<\/tr>\n<tr>\n<td colspan=\"2\">\n&nbsp;<\/td>\n<td><\/td>\n<\/tr>\n<\/tbody>\n<\/table>\n<p><strong>Mas Informaci\u00f3n Ver:<\/strong><a href=\"https:\/\/cosola.com\/images\/South_Colectora_H6.pdf\"><img loading=\"lazy\" decoding=\"async\" src=\"https:\/\/cosola.com\/images\/logos\/Logo-PDF.png\" alt=\"Logo-PDF\" width=\"70\" height=\"70\" \/><\/a><\/li>\n<\/ul>\n","protected":false},"excerpt":{"rendered":"<p>Sistema operativo Android 8.1, 64 GB de ROM\u00a0<img loading=\"lazy\" decoding=\"async\" src=\"https:\/\/cosola.com\/images\/logos\/logo.png\" alt=\"logo\" width=\"124\" height=\"43\" \/>:<\/p>\n<ul>\n<li>Pantalla t\u00e1ctil de luz solar de 5&#8243;<\/li>\n<li>Teclado completo, entrada m\u00e1s r\u00e1pida<\/li>\n<li>La bater\u00eda de gran capacidad de 9200 mAh funciona m\u00e1s tiempo<\/li>\n<li>M\u00f3dulo celular 4G, doble ranura para tarjeta SIM<\/li>\n<\/ul>\n","protected":false},"featured_media":37056,"comment_status":"open","ping_status":"closed","template":"","meta":[],"product_brand":[99],"product_cat":[106],"product_tag":[],"class_list":{"0":"post-37055","1":"product","2":"type-product","3":"status-publish","4":"has-post-thumbnail","6":"product_brand-south","7":"product_cat-south-gps-diferenciales","9":"first","10":"instock","11":"shipping-taxable","12":"product-type-simple"},"yoast_head":"<!-- This site is optimized with the Yoast SEO plugin v27.2 - https:\/\/yoast.com\/product\/yoast-seo-wordpress\/ -->\n<title>GPS SOUTH H6 - Topograf\u00eda, Geolog\u00eda, Miner\u00eda y Equipamiento de Oficina<\/title>\n<meta name=\"robots\" content=\"index, follow, max-snippet:-1, max-image-preview:large, max-video-preview:-1\" \/>\n<link rel=\"canonical\" href=\"https:\/\/beiroperu.com\/tienda\/catalogo\/topografia\/gps-diferenciales\/south-gps-diferenciales\/gps-south-h6\/\" \/>\n<meta property=\"og:locale\" content=\"es_ES\" \/>\n<meta property=\"og:type\" content=\"article\" \/>\n<meta property=\"og:title\" content=\"GPS SOUTH H6 - Topograf\u00eda, Geolog\u00eda, Miner\u00eda y Equipamiento de Oficina\" \/>\n<meta property=\"og:description\" content=\"Sistema operativo Android 8.1, 64 GB de ROM\u00a0:   Pantalla t\u00e1ctil de luz solar de 5&quot;  Teclado completo, entrada m\u00e1s r\u00e1pida  La bater\u00eda de gran capacidad de 9200 mAh funciona m\u00e1s tiempo  M\u00f3dulo celular 4G, doble ranura para tarjeta SIM\" \/>\n<meta property=\"og:url\" content=\"https:\/\/beiroperu.com\/tienda\/catalogo\/topografia\/gps-diferenciales\/south-gps-diferenciales\/gps-south-h6\/\" \/>\n<meta property=\"og:site_name\" content=\"Topograf\u00eda, Geolog\u00eda, Miner\u00eda y Equipamiento de Oficina\" \/>\n<meta property=\"article:publisher\" content=\"https:\/\/www.facebook.com\/profile.php?id=61574959587714\" \/>\n<meta property=\"og:image\" content=\"https:\/\/beiroperu.com\/tienda\/wp-content\/uploads\/2026\/03\/south-h6-gps-diferencial-1.jpg\" \/>\n\t<meta property=\"og:image:width\" content=\"800\" \/>\n\t<meta property=\"og:image:height\" content=\"930\" \/>\n\t<meta property=\"og:image:type\" content=\"image\/jpeg\" \/>\n<meta name=\"twitter:card\" content=\"summary_large_image\" \/>\n<meta name=\"twitter:label1\" content=\"Tiempo de lectura\" \/>\n\t<meta name=\"twitter:data1\" content=\"2 minutos\" \/>\n<script type=\"application\/ld+json\" class=\"yoast-schema-graph\">{\"@context\":\"https:\/\/schema.org\",\"@graph\":[{\"@type\":\"WebPage\",\"@id\":\"https:\/\/beiroperu.com\/tienda\/catalogo\/topografia\/gps-diferenciales\/south-gps-diferenciales\/gps-south-h6\/\",\"url\":\"https:\/\/beiroperu.com\/tienda\/catalogo\/topografia\/gps-diferenciales\/south-gps-diferenciales\/gps-south-h6\/\",\"name\":\"GPS SOUTH H6 - Topograf\u00eda, Geolog\u00eda, Miner\u00eda y Equipamiento de Oficina\",\"isPartOf\":{\"@id\":\"https:\/\/beiroperu.com\/tienda\/#website\"},\"primaryImageOfPage\":{\"@id\":\"https:\/\/beiroperu.com\/tienda\/catalogo\/topografia\/gps-diferenciales\/south-gps-diferenciales\/gps-south-h6\/#primaryimage\"},\"image\":{\"@id\":\"https:\/\/beiroperu.com\/tienda\/catalogo\/topografia\/gps-diferenciales\/south-gps-diferenciales\/gps-south-h6\/#primaryimage\"},\"thumbnailUrl\":\"https:\/\/beiroperu.com\/tienda\/wp-content\/uploads\/2026\/03\/south-h6-gps-diferencial-1.jpg\",\"datePublished\":\"2026-03-22T13:52:30+00:00\",\"breadcrumb\":{\"@id\":\"https:\/\/beiroperu.com\/tienda\/catalogo\/topografia\/gps-diferenciales\/south-gps-diferenciales\/gps-south-h6\/#breadcrumb\"},\"inLanguage\":\"es\",\"potentialAction\":[{\"@type\":\"ReadAction\",\"target\":[\"https:\/\/beiroperu.com\/tienda\/catalogo\/topografia\/gps-diferenciales\/south-gps-diferenciales\/gps-south-h6\/\"]}]},{\"@type\":\"ImageObject\",\"inLanguage\":\"es\",\"@id\":\"https:\/\/beiroperu.com\/tienda\/catalogo\/topografia\/gps-diferenciales\/south-gps-diferenciales\/gps-south-h6\/#primaryimage\",\"url\":\"https:\/\/beiroperu.com\/tienda\/wp-content\/uploads\/2026\/03\/south-h6-gps-diferencial-1.jpg\",\"contentUrl\":\"https:\/\/beiroperu.com\/tienda\/wp-content\/uploads\/2026\/03\/south-h6-gps-diferencial-1.jpg\",\"width\":800,\"height\":930},{\"@type\":\"BreadcrumbList\",\"@id\":\"https:\/\/beiroperu.com\/tienda\/catalogo\/topografia\/gps-diferenciales\/south-gps-diferenciales\/gps-south-h6\/#breadcrumb\",\"itemListElement\":[{\"@type\":\"ListItem\",\"position\":1,\"name\":\"Portada\",\"item\":\"https:\/\/beiroperu.com\/tienda\/\"},{\"@type\":\"ListItem\",\"position\":2,\"name\":\"Shop\",\"item\":\"https:\/\/beiroperu.com\/tienda\/shop\/\"},{\"@type\":\"ListItem\",\"position\":3,\"name\":\"GPS SOUTH H6\"}]},{\"@type\":\"WebSite\",\"@id\":\"https:\/\/beiroperu.com\/tienda\/#website\",\"url\":\"https:\/\/beiroperu.com\/tienda\/\",\"name\":\"Topograf\u00eda, Geolog\u00eda, Miner\u00eda y Equipamiento de Oficina\",\"description\":\"Beiro Per\u00fa\",\"publisher\":{\"@id\":\"https:\/\/beiroperu.com\/tienda\/#organization\"},\"alternateName\":\"Beiro Per\u00fa\",\"potentialAction\":[{\"@type\":\"SearchAction\",\"target\":{\"@type\":\"EntryPoint\",\"urlTemplate\":\"https:\/\/beiroperu.com\/tienda\/?s={search_term_string}\"},\"query-input\":{\"@type\":\"PropertyValueSpecification\",\"valueRequired\":true,\"valueName\":\"search_term_string\"}}],\"inLanguage\":\"es\"},{\"@type\":\"Organization\",\"@id\":\"https:\/\/beiroperu.com\/tienda\/#organization\",\"name\":\"Beiro\",\"alternateName\":\"Beiro Per\u00fa\",\"url\":\"https:\/\/beiroperu.com\/tienda\/\",\"logo\":{\"@type\":\"ImageObject\",\"inLanguage\":\"es\",\"@id\":\"https:\/\/beiroperu.com\/tienda\/#\/schema\/logo\/image\/\",\"url\":\"https:\/\/beiroperu.com\/tienda\/wp-content\/uploads\/2026\/03\/logo-beiro.jpeg\",\"contentUrl\":\"https:\/\/beiroperu.com\/tienda\/wp-content\/uploads\/2026\/03\/logo-beiro.jpeg\",\"width\":322,\"height\":123,\"caption\":\"Beiro\"},\"image\":{\"@id\":\"https:\/\/beiroperu.com\/tienda\/#\/schema\/logo\/image\/\"},\"sameAs\":[\"https:\/\/www.facebook.com\/profile.php?id=61574959587714\",\"https:\/\/www.instagram.com\/beiro_equipos_topograficos?igsh=cG11NHowcmp1dzFq\",\"https:\/\/www.threads.com\/@beiro_equipos_topograficos\"]}]}<\/script>\n<!-- \/ Yoast SEO plugin. -->","yoast_head_json":{"title":"GPS SOUTH H6 - Topograf\u00eda, Geolog\u00eda, Miner\u00eda y Equipamiento de Oficina","robots":{"index":"index","follow":"follow","max-snippet":"max-snippet:-1","max-image-preview":"max-image-preview:large","max-video-preview":"max-video-preview:-1"},"canonical":"https:\/\/beiroperu.com\/tienda\/catalogo\/topografia\/gps-diferenciales\/south-gps-diferenciales\/gps-south-h6\/","og_locale":"es_ES","og_type":"article","og_title":"GPS SOUTH H6 - Topograf\u00eda, Geolog\u00eda, Miner\u00eda y Equipamiento de Oficina","og_description":"Sistema operativo Android 8.1, 64 GB de ROM\u00a0:   Pantalla t\u00e1ctil de luz solar de 5\"  Teclado completo, entrada m\u00e1s r\u00e1pida  La bater\u00eda de gran capacidad de 9200 mAh funciona m\u00e1s tiempo  M\u00f3dulo celular 4G, doble ranura para tarjeta SIM","og_url":"https:\/\/beiroperu.com\/tienda\/catalogo\/topografia\/gps-diferenciales\/south-gps-diferenciales\/gps-south-h6\/","og_site_name":"Topograf\u00eda, Geolog\u00eda, Miner\u00eda y Equipamiento de Oficina","article_publisher":"https:\/\/www.facebook.com\/profile.php?id=61574959587714","og_image":[{"width":800,"height":930,"url":"https:\/\/beiroperu.com\/tienda\/wp-content\/uploads\/2026\/03\/south-h6-gps-diferencial-1.jpg","type":"image\/jpeg"}],"twitter_card":"summary_large_image","twitter_misc":{"Tiempo de lectura":"2 minutos"},"schema":{"@context":"https:\/\/schema.org","@graph":[{"@type":"WebPage","@id":"https:\/\/beiroperu.com\/tienda\/catalogo\/topografia\/gps-diferenciales\/south-gps-diferenciales\/gps-south-h6\/","url":"https:\/\/beiroperu.com\/tienda\/catalogo\/topografia\/gps-diferenciales\/south-gps-diferenciales\/gps-south-h6\/","name":"GPS SOUTH H6 - Topograf\u00eda, Geolog\u00eda, Miner\u00eda y Equipamiento de Oficina","isPartOf":{"@id":"https:\/\/beiroperu.com\/tienda\/#website"},"primaryImageOfPage":{"@id":"https:\/\/beiroperu.com\/tienda\/catalogo\/topografia\/gps-diferenciales\/south-gps-diferenciales\/gps-south-h6\/#primaryimage"},"image":{"@id":"https:\/\/beiroperu.com\/tienda\/catalogo\/topografia\/gps-diferenciales\/south-gps-diferenciales\/gps-south-h6\/#primaryimage"},"thumbnailUrl":"https:\/\/beiroperu.com\/tienda\/wp-content\/uploads\/2026\/03\/south-h6-gps-diferencial-1.jpg","datePublished":"2026-03-22T13:52:30+00:00","breadcrumb":{"@id":"https:\/\/beiroperu.com\/tienda\/catalogo\/topografia\/gps-diferenciales\/south-gps-diferenciales\/gps-south-h6\/#breadcrumb"},"inLanguage":"es","potentialAction":[{"@type":"ReadAction","target":["https:\/\/beiroperu.com\/tienda\/catalogo\/topografia\/gps-diferenciales\/south-gps-diferenciales\/gps-south-h6\/"]}]},{"@type":"ImageObject","inLanguage":"es","@id":"https:\/\/beiroperu.com\/tienda\/catalogo\/topografia\/gps-diferenciales\/south-gps-diferenciales\/gps-south-h6\/#primaryimage","url":"https:\/\/beiroperu.com\/tienda\/wp-content\/uploads\/2026\/03\/south-h6-gps-diferencial-1.jpg","contentUrl":"https:\/\/beiroperu.com\/tienda\/wp-content\/uploads\/2026\/03\/south-h6-gps-diferencial-1.jpg","width":800,"height":930},{"@type":"BreadcrumbList","@id":"https:\/\/beiroperu.com\/tienda\/catalogo\/topografia\/gps-diferenciales\/south-gps-diferenciales\/gps-south-h6\/#breadcrumb","itemListElement":[{"@type":"ListItem","position":1,"name":"Portada","item":"https:\/\/beiroperu.com\/tienda\/"},{"@type":"ListItem","position":2,"name":"Shop","item":"https:\/\/beiroperu.com\/tienda\/shop\/"},{"@type":"ListItem","position":3,"name":"GPS SOUTH H6"}]},{"@type":"WebSite","@id":"https:\/\/beiroperu.com\/tienda\/#website","url":"https:\/\/beiroperu.com\/tienda\/","name":"Topograf\u00eda, Geolog\u00eda, Miner\u00eda y Equipamiento de Oficina","description":"Beiro Per\u00fa","publisher":{"@id":"https:\/\/beiroperu.com\/tienda\/#organization"},"alternateName":"Beiro Per\u00fa","potentialAction":[{"@type":"SearchAction","target":{"@type":"EntryPoint","urlTemplate":"https:\/\/beiroperu.com\/tienda\/?s={search_term_string}"},"query-input":{"@type":"PropertyValueSpecification","valueRequired":true,"valueName":"search_term_string"}}],"inLanguage":"es"},{"@type":"Organization","@id":"https:\/\/beiroperu.com\/tienda\/#organization","name":"Beiro","alternateName":"Beiro Per\u00fa","url":"https:\/\/beiroperu.com\/tienda\/","logo":{"@type":"ImageObject","inLanguage":"es","@id":"https:\/\/beiroperu.com\/tienda\/#\/schema\/logo\/image\/","url":"https:\/\/beiroperu.com\/tienda\/wp-content\/uploads\/2026\/03\/logo-beiro.jpeg","contentUrl":"https:\/\/beiroperu.com\/tienda\/wp-content\/uploads\/2026\/03\/logo-beiro.jpeg","width":322,"height":123,"caption":"Beiro"},"image":{"@id":"https:\/\/beiroperu.com\/tienda\/#\/schema\/logo\/image\/"},"sameAs":["https:\/\/www.facebook.com\/profile.php?id=61574959587714","https:\/\/www.instagram.com\/beiro_equipos_topograficos?igsh=cG11NHowcmp1dzFq","https:\/\/www.threads.com\/@beiro_equipos_topograficos"]}]}},"_links":{"self":[{"href":"https:\/\/beiroperu.com\/tienda\/wp-json\/wp\/v2\/product\/37055","targetHints":{"allow":["GET"]}}],"collection":[{"href":"https:\/\/beiroperu.com\/tienda\/wp-json\/wp\/v2\/product"}],"about":[{"href":"https:\/\/beiroperu.com\/tienda\/wp-json\/wp\/v2\/types\/product"}],"replies":[{"embeddable":true,"href":"https:\/\/beiroperu.com\/tienda\/wp-json\/wp\/v2\/comments?post=37055"}],"wp:featuredmedia":[{"embeddable":true,"href":"https:\/\/beiroperu.com\/tienda\/wp-json\/wp\/v2\/media\/37056"}],"wp:attachment":[{"href":"https:\/\/beiroperu.com\/tienda\/wp-json\/wp\/v2\/media?parent=37055"}],"wp:term":[{"taxonomy":"product_brand","embeddable":true,"href":"https:\/\/beiroperu.com\/tienda\/wp-json\/wp\/v2\/product_brand?post=37055"},{"taxonomy":"product_cat","embeddable":true,"href":"https:\/\/beiroperu.com\/tienda\/wp-json\/wp\/v2\/product_cat?post=37055"},{"taxonomy":"product_tag","embeddable":true,"href":"https:\/\/beiroperu.com\/tienda\/wp-json\/wp\/v2\/product_tag?post=37055"}],"curies":[{"name":"wp","href":"https:\/\/api.w.org\/{rel}","templated":true}]}}