{"id":37059,"date":"2026-03-22T08:59:22","date_gmt":"2026-03-22T13:59:22","guid":{"rendered":"https:\/\/beiroperu.com\/tienda\/?post_type=product&#038;p=37059"},"modified":"2026-03-27T10:45:45","modified_gmt":"2026-03-27T15:45:45","slug":"chcnav-i76","status":"publish","type":"product","link":"https:\/\/beiroperu.com\/tienda\/catalogo\/topografia\/gps-diferenciales\/chcnav-gps-diferenciales\/chcnav-i76\/","title":{"rendered":"CHCNAV i76"},"content":{"rendered":"<p>El i76 Palm Visual RTK es una herramienta topogr\u00e1fica compacta y ligera dise\u00f1ada para ofrecer precisi\u00f3n y facilidad de uso en condiciones dif\u00edciles. El i76 funciona como Rover y combina con el iBase como base. Tiene un alcance de 15 Kilometros. Cuenta con protecci\u00f3n IP68, resistencia a ca\u00eddas de una altura de 2 metros y un robusto dise\u00f1o para una mayor durabilidad. Con un peso de s\u00f3lo 450 g, el i76 es un 40% m\u00e1s ligero y un 50% m\u00e1s peque\u00f1o que los est\u00e1ndares del sector. Est\u00e1 equipado con GNSS integrado, IMU y c\u00e1maras duales gran angular de 95\u00b0, un solo bot\u00f3n de funcionamiento y LED sincronizado para mejorar significativamente la eficiencia de la topograf\u00eda. El replanteo visual CAD+AR puede mejorar la eficacia global del replanteo del proyecto en un 40%.<\/p>\n<p>La antena GNSS air-medium de 4\u00aa generaci\u00f3n del i76 mejora la estabilidad en todas las constelaciones y frecuencias GNSS, logrando una excelente tasa fija RTK con la tecnolog\u00eda iStar 2.0, especialmente eficaz en regiones con gran actividad solar. Su tecnolog\u00eda Ultra-IMU de 5\u00aa generaci\u00f3n mejora la precisi\u00f3n en un 30%, incluso cuando se mide con una inclinaci\u00f3n del m\u00e1stil de 60\u00b0. Con una potente bater\u00eda que soporta m\u00e1s de 17 horas de uso continuo, el i76 es ideal para los profesionales que valoran la precisi\u00f3n, la adaptabilidad y la innovaci\u00f3n en su trabajo topogr\u00e1fico.<\/p>\n<p>Ver mas informaci\u00f3n:<strong>\u00a0<a href=\"https:\/\/cosola.com\/images\/CHCNav_i76_1.pdf\" target=\"_blank\" rel=\"noopener\"><img loading=\"lazy\" decoding=\"async\" src=\"https:\/\/www.cosola.com\/images\/logos\/Logo-PDF.png\" alt=\"Logo-PDF\" width=\"70\" height=\"70\" \/><\/a><\/strong><\/p>\n","protected":false},"excerpt":{"rendered":"<p>El i76 Palm Visual RTK es una herramienta topogr\u00e1fica compacta y ligera dise\u00f1ada para ofrecer precisi\u00f3n y facilidad de uso en condiciones dif\u00edciles. El i76 funciona como Rover y combina con el iBase como base. Tiene un alcance de 15 Kilometros. Cuenta con protecci\u00f3n IP68, resistencia a ca\u00eddas de una altura de 2 metros y un robusto dise\u00f1o para una mayor durabilidad. Con un peso de s\u00f3lo 450 g, el i76 es un 40% m\u00e1s ligero y un 50% m\u00e1s peque\u00f1o que los est\u00e1ndares del sector. Est\u00e1 equipado con GNSS integrado, IMU y c\u00e1maras duales gran angular de 95\u00b0, un solo bot\u00f3n de funcionamiento y LED sincronizado para mejorar significativamente la eficiencia de la topograf\u00eda. El replanteo visual CAD+AR puede mejorar la eficacia global del replanteo del proyecto en un 40%.<\/p>\n","protected":false},"featured_media":37060,"comment_status":"open","ping_status":"closed","template":"","meta":[],"product_brand":[100],"product_cat":[105],"product_tag":[147,146],"class_list":{"0":"post-37059","1":"product","2":"type-product","3":"status-publish","4":"has-post-thumbnail","6":"product_brand-chcnav","7":"product_cat-chcnav-gps-diferenciales","8":"product_tag-gps-diferenciales","9":"product_tag-topografia","11":"first","12":"instock","13":"shipping-taxable","14":"product-type-simple"},"yoast_head":"<!-- This site is optimized with the Yoast SEO plugin v27.2 - https:\/\/yoast.com\/product\/yoast-seo-wordpress\/ -->\n<title>CHCNAV i76 - Topograf\u00eda, Geolog\u00eda, Miner\u00eda y Equipamiento de Oficina<\/title>\n<meta name=\"robots\" content=\"index, follow, max-snippet:-1, max-image-preview:large, max-video-preview:-1\" \/>\n<link rel=\"canonical\" href=\"https:\/\/beiroperu.com\/tienda\/catalogo\/topografia\/gps-diferenciales\/chcnav-gps-diferenciales\/chcnav-i76\/\" \/>\n<meta property=\"og:locale\" content=\"es_ES\" \/>\n<meta property=\"og:type\" content=\"article\" \/>\n<meta property=\"og:title\" content=\"CHCNAV i76 - Topograf\u00eda, Geolog\u00eda, Miner\u00eda y Equipamiento de Oficina\" \/>\n<meta property=\"og:description\" content=\"El i76 Palm Visual RTK es una herramienta topogr\u00e1fica compacta y ligera dise\u00f1ada para ofrecer precisi\u00f3n y facilidad de uso en condiciones dif\u00edciles. El i76 funciona como Rover y combina con el iBase como base. Tiene un alcance de 15 Kilometros. Cuenta con protecci\u00f3n IP68, resistencia a ca\u00eddas de una altura de 2 metros y un robusto dise\u00f1o para una mayor durabilidad. Con un peso de s\u00f3lo 450 g, el i76 es un 40% m\u00e1s ligero y un 50% m\u00e1s peque\u00f1o que los est\u00e1ndares del sector. Est\u00e1 equipado con GNSS integrado, IMU y c\u00e1maras duales gran angular de 95\u00b0, un solo bot\u00f3n de funcionamiento y LED sincronizado para mejorar significativamente la eficiencia de la topograf\u00eda. El replanteo visual CAD+AR puede mejorar la eficacia global del replanteo del proyecto en un 40%.\" \/>\n<meta property=\"og:url\" content=\"https:\/\/beiroperu.com\/tienda\/catalogo\/topografia\/gps-diferenciales\/chcnav-gps-diferenciales\/chcnav-i76\/\" \/>\n<meta property=\"og:site_name\" content=\"Topograf\u00eda, Geolog\u00eda, Miner\u00eda y Equipamiento de Oficina\" \/>\n<meta property=\"article:publisher\" content=\"https:\/\/www.facebook.com\/profile.php?id=61574959587714\" \/>\n<meta property=\"article:modified_time\" content=\"2026-03-27T15:45:45+00:00\" \/>\n<meta property=\"og:image\" content=\"https:\/\/beiroperu.com\/tienda\/wp-content\/uploads\/2026\/03\/chcnav-i76-gps-diferencial-1.jpg\" \/>\n\t<meta property=\"og:image:width\" content=\"800\" \/>\n\t<meta property=\"og:image:height\" content=\"930\" \/>\n\t<meta property=\"og:image:type\" content=\"image\/jpeg\" \/>\n<meta name=\"twitter:card\" content=\"summary_large_image\" \/>\n<meta name=\"twitter:label1\" content=\"Tiempo de lectura\" \/>\n\t<meta name=\"twitter:data1\" content=\"2 minutos\" \/>\n<script type=\"application\/ld+json\" class=\"yoast-schema-graph\">{\"@context\":\"https:\/\/schema.org\",\"@graph\":[{\"@type\":\"WebPage\",\"@id\":\"https:\/\/beiroperu.com\/tienda\/catalogo\/topografia\/gps-diferenciales\/chcnav-gps-diferenciales\/chcnav-i76\/\",\"url\":\"https:\/\/beiroperu.com\/tienda\/catalogo\/topografia\/gps-diferenciales\/chcnav-gps-diferenciales\/chcnav-i76\/\",\"name\":\"CHCNAV i76 - Topograf\u00eda, Geolog\u00eda, Miner\u00eda y Equipamiento de Oficina\",\"isPartOf\":{\"@id\":\"https:\/\/beiroperu.com\/tienda\/#website\"},\"primaryImageOfPage\":{\"@id\":\"https:\/\/beiroperu.com\/tienda\/catalogo\/topografia\/gps-diferenciales\/chcnav-gps-diferenciales\/chcnav-i76\/#primaryimage\"},\"image\":{\"@id\":\"https:\/\/beiroperu.com\/tienda\/catalogo\/topografia\/gps-diferenciales\/chcnav-gps-diferenciales\/chcnav-i76\/#primaryimage\"},\"thumbnailUrl\":\"https:\/\/beiroperu.com\/tienda\/wp-content\/uploads\/2026\/03\/chcnav-i76-gps-diferencial-1.jpg\",\"datePublished\":\"2026-03-22T13:59:22+00:00\",\"dateModified\":\"2026-03-27T15:45:45+00:00\",\"breadcrumb\":{\"@id\":\"https:\/\/beiroperu.com\/tienda\/catalogo\/topografia\/gps-diferenciales\/chcnav-gps-diferenciales\/chcnav-i76\/#breadcrumb\"},\"inLanguage\":\"es\",\"potentialAction\":[{\"@type\":\"ReadAction\",\"target\":[\"https:\/\/beiroperu.com\/tienda\/catalogo\/topografia\/gps-diferenciales\/chcnav-gps-diferenciales\/chcnav-i76\/\"]}]},{\"@type\":\"ImageObject\",\"inLanguage\":\"es\",\"@id\":\"https:\/\/beiroperu.com\/tienda\/catalogo\/topografia\/gps-diferenciales\/chcnav-gps-diferenciales\/chcnav-i76\/#primaryimage\",\"url\":\"https:\/\/beiroperu.com\/tienda\/wp-content\/uploads\/2026\/03\/chcnav-i76-gps-diferencial-1.jpg\",\"contentUrl\":\"https:\/\/beiroperu.com\/tienda\/wp-content\/uploads\/2026\/03\/chcnav-i76-gps-diferencial-1.jpg\",\"width\":800,\"height\":930},{\"@type\":\"BreadcrumbList\",\"@id\":\"https:\/\/beiroperu.com\/tienda\/catalogo\/topografia\/gps-diferenciales\/chcnav-gps-diferenciales\/chcnav-i76\/#breadcrumb\",\"itemListElement\":[{\"@type\":\"ListItem\",\"position\":1,\"name\":\"Portada\",\"item\":\"https:\/\/beiroperu.com\/tienda\/\"},{\"@type\":\"ListItem\",\"position\":2,\"name\":\"Shop\",\"item\":\"https:\/\/beiroperu.com\/tienda\/shop\/\"},{\"@type\":\"ListItem\",\"position\":3,\"name\":\"CHCNAV i76\"}]},{\"@type\":\"WebSite\",\"@id\":\"https:\/\/beiroperu.com\/tienda\/#website\",\"url\":\"https:\/\/beiroperu.com\/tienda\/\",\"name\":\"Topograf\u00eda, Geolog\u00eda, Miner\u00eda y Equipamiento de Oficina\",\"description\":\"Beiro Per\u00fa\",\"publisher\":{\"@id\":\"https:\/\/beiroperu.com\/tienda\/#organization\"},\"alternateName\":\"Beiro Per\u00fa\",\"potentialAction\":[{\"@type\":\"SearchAction\",\"target\":{\"@type\":\"EntryPoint\",\"urlTemplate\":\"https:\/\/beiroperu.com\/tienda\/?s={search_term_string}\"},\"query-input\":{\"@type\":\"PropertyValueSpecification\",\"valueRequired\":true,\"valueName\":\"search_term_string\"}}],\"inLanguage\":\"es\"},{\"@type\":\"Organization\",\"@id\":\"https:\/\/beiroperu.com\/tienda\/#organization\",\"name\":\"Beiro\",\"alternateName\":\"Beiro Per\u00fa\",\"url\":\"https:\/\/beiroperu.com\/tienda\/\",\"logo\":{\"@type\":\"ImageObject\",\"inLanguage\":\"es\",\"@id\":\"https:\/\/beiroperu.com\/tienda\/#\/schema\/logo\/image\/\",\"url\":\"https:\/\/beiroperu.com\/tienda\/wp-content\/uploads\/2026\/03\/logo-beiro.jpeg\",\"contentUrl\":\"https:\/\/beiroperu.com\/tienda\/wp-content\/uploads\/2026\/03\/logo-beiro.jpeg\",\"width\":322,\"height\":123,\"caption\":\"Beiro\"},\"image\":{\"@id\":\"https:\/\/beiroperu.com\/tienda\/#\/schema\/logo\/image\/\"},\"sameAs\":[\"https:\/\/www.facebook.com\/profile.php?id=61574959587714\",\"https:\/\/www.instagram.com\/beiro_equipos_topograficos?igsh=cG11NHowcmp1dzFq\",\"https:\/\/www.threads.com\/@beiro_equipos_topograficos\"]}]}<\/script>\n<!-- \/ Yoast SEO plugin. -->","yoast_head_json":{"title":"CHCNAV i76 - Topograf\u00eda, Geolog\u00eda, Miner\u00eda y Equipamiento de Oficina","robots":{"index":"index","follow":"follow","max-snippet":"max-snippet:-1","max-image-preview":"max-image-preview:large","max-video-preview":"max-video-preview:-1"},"canonical":"https:\/\/beiroperu.com\/tienda\/catalogo\/topografia\/gps-diferenciales\/chcnav-gps-diferenciales\/chcnav-i76\/","og_locale":"es_ES","og_type":"article","og_title":"CHCNAV i76 - Topograf\u00eda, Geolog\u00eda, Miner\u00eda y Equipamiento de Oficina","og_description":"El i76 Palm Visual RTK es una herramienta topogr\u00e1fica compacta y ligera dise\u00f1ada para ofrecer precisi\u00f3n y facilidad de uso en condiciones dif\u00edciles. El i76 funciona como Rover y combina con el iBase como base. Tiene un alcance de 15 Kilometros. Cuenta con protecci\u00f3n IP68, resistencia a ca\u00eddas de una altura de 2 metros y un robusto dise\u00f1o para una mayor durabilidad. Con un peso de s\u00f3lo 450 g, el i76 es un 40% m\u00e1s ligero y un 50% m\u00e1s peque\u00f1o que los est\u00e1ndares del sector. Est\u00e1 equipado con GNSS integrado, IMU y c\u00e1maras duales gran angular de 95\u00b0, un solo bot\u00f3n de funcionamiento y LED sincronizado para mejorar significativamente la eficiencia de la topograf\u00eda. El replanteo visual CAD+AR puede mejorar la eficacia global del replanteo del proyecto en un 40%.","og_url":"https:\/\/beiroperu.com\/tienda\/catalogo\/topografia\/gps-diferenciales\/chcnav-gps-diferenciales\/chcnav-i76\/","og_site_name":"Topograf\u00eda, Geolog\u00eda, Miner\u00eda y Equipamiento de Oficina","article_publisher":"https:\/\/www.facebook.com\/profile.php?id=61574959587714","article_modified_time":"2026-03-27T15:45:45+00:00","og_image":[{"width":800,"height":930,"url":"https:\/\/beiroperu.com\/tienda\/wp-content\/uploads\/2026\/03\/chcnav-i76-gps-diferencial-1.jpg","type":"image\/jpeg"}],"twitter_card":"summary_large_image","twitter_misc":{"Tiempo de lectura":"2 minutos"},"schema":{"@context":"https:\/\/schema.org","@graph":[{"@type":"WebPage","@id":"https:\/\/beiroperu.com\/tienda\/catalogo\/topografia\/gps-diferenciales\/chcnav-gps-diferenciales\/chcnav-i76\/","url":"https:\/\/beiroperu.com\/tienda\/catalogo\/topografia\/gps-diferenciales\/chcnav-gps-diferenciales\/chcnav-i76\/","name":"CHCNAV i76 - Topograf\u00eda, Geolog\u00eda, Miner\u00eda y Equipamiento de Oficina","isPartOf":{"@id":"https:\/\/beiroperu.com\/tienda\/#website"},"primaryImageOfPage":{"@id":"https:\/\/beiroperu.com\/tienda\/catalogo\/topografia\/gps-diferenciales\/chcnav-gps-diferenciales\/chcnav-i76\/#primaryimage"},"image":{"@id":"https:\/\/beiroperu.com\/tienda\/catalogo\/topografia\/gps-diferenciales\/chcnav-gps-diferenciales\/chcnav-i76\/#primaryimage"},"thumbnailUrl":"https:\/\/beiroperu.com\/tienda\/wp-content\/uploads\/2026\/03\/chcnav-i76-gps-diferencial-1.jpg","datePublished":"2026-03-22T13:59:22+00:00","dateModified":"2026-03-27T15:45:45+00:00","breadcrumb":{"@id":"https:\/\/beiroperu.com\/tienda\/catalogo\/topografia\/gps-diferenciales\/chcnav-gps-diferenciales\/chcnav-i76\/#breadcrumb"},"inLanguage":"es","potentialAction":[{"@type":"ReadAction","target":["https:\/\/beiroperu.com\/tienda\/catalogo\/topografia\/gps-diferenciales\/chcnav-gps-diferenciales\/chcnav-i76\/"]}]},{"@type":"ImageObject","inLanguage":"es","@id":"https:\/\/beiroperu.com\/tienda\/catalogo\/topografia\/gps-diferenciales\/chcnav-gps-diferenciales\/chcnav-i76\/#primaryimage","url":"https:\/\/beiroperu.com\/tienda\/wp-content\/uploads\/2026\/03\/chcnav-i76-gps-diferencial-1.jpg","contentUrl":"https:\/\/beiroperu.com\/tienda\/wp-content\/uploads\/2026\/03\/chcnav-i76-gps-diferencial-1.jpg","width":800,"height":930},{"@type":"BreadcrumbList","@id":"https:\/\/beiroperu.com\/tienda\/catalogo\/topografia\/gps-diferenciales\/chcnav-gps-diferenciales\/chcnav-i76\/#breadcrumb","itemListElement":[{"@type":"ListItem","position":1,"name":"Portada","item":"https:\/\/beiroperu.com\/tienda\/"},{"@type":"ListItem","position":2,"name":"Shop","item":"https:\/\/beiroperu.com\/tienda\/shop\/"},{"@type":"ListItem","position":3,"name":"CHCNAV i76"}]},{"@type":"WebSite","@id":"https:\/\/beiroperu.com\/tienda\/#website","url":"https:\/\/beiroperu.com\/tienda\/","name":"Topograf\u00eda, Geolog\u00eda, Miner\u00eda y Equipamiento de Oficina","description":"Beiro Per\u00fa","publisher":{"@id":"https:\/\/beiroperu.com\/tienda\/#organization"},"alternateName":"Beiro Per\u00fa","potentialAction":[{"@type":"SearchAction","target":{"@type":"EntryPoint","urlTemplate":"https:\/\/beiroperu.com\/tienda\/?s={search_term_string}"},"query-input":{"@type":"PropertyValueSpecification","valueRequired":true,"valueName":"search_term_string"}}],"inLanguage":"es"},{"@type":"Organization","@id":"https:\/\/beiroperu.com\/tienda\/#organization","name":"Beiro","alternateName":"Beiro Per\u00fa","url":"https:\/\/beiroperu.com\/tienda\/","logo":{"@type":"ImageObject","inLanguage":"es","@id":"https:\/\/beiroperu.com\/tienda\/#\/schema\/logo\/image\/","url":"https:\/\/beiroperu.com\/tienda\/wp-content\/uploads\/2026\/03\/logo-beiro.jpeg","contentUrl":"https:\/\/beiroperu.com\/tienda\/wp-content\/uploads\/2026\/03\/logo-beiro.jpeg","width":322,"height":123,"caption":"Beiro"},"image":{"@id":"https:\/\/beiroperu.com\/tienda\/#\/schema\/logo\/image\/"},"sameAs":["https:\/\/www.facebook.com\/profile.php?id=61574959587714","https:\/\/www.instagram.com\/beiro_equipos_topograficos?igsh=cG11NHowcmp1dzFq","https:\/\/www.threads.com\/@beiro_equipos_topograficos"]}]}},"_links":{"self":[{"href":"https:\/\/beiroperu.com\/tienda\/wp-json\/wp\/v2\/product\/37059","targetHints":{"allow":["GET"]}}],"collection":[{"href":"https:\/\/beiroperu.com\/tienda\/wp-json\/wp\/v2\/product"}],"about":[{"href":"https:\/\/beiroperu.com\/tienda\/wp-json\/wp\/v2\/types\/product"}],"replies":[{"embeddable":true,"href":"https:\/\/beiroperu.com\/tienda\/wp-json\/wp\/v2\/comments?post=37059"}],"wp:featuredmedia":[{"embeddable":true,"href":"https:\/\/beiroperu.com\/tienda\/wp-json\/wp\/v2\/media\/37060"}],"wp:attachment":[{"href":"https:\/\/beiroperu.com\/tienda\/wp-json\/wp\/v2\/media?parent=37059"}],"wp:term":[{"taxonomy":"product_brand","embeddable":true,"href":"https:\/\/beiroperu.com\/tienda\/wp-json\/wp\/v2\/product_brand?post=37059"},{"taxonomy":"product_cat","embeddable":true,"href":"https:\/\/beiroperu.com\/tienda\/wp-json\/wp\/v2\/product_cat?post=37059"},{"taxonomy":"product_tag","embeddable":true,"href":"https:\/\/beiroperu.com\/tienda\/wp-json\/wp\/v2\/product_tag?post=37059"}],"curies":[{"name":"wp","href":"https:\/\/api.w.org\/{rel}","templated":true}]}}