{"id":37267,"date":"2026-03-31T01:52:20","date_gmt":"2026-03-31T06:52:20","guid":{"rendered":"https:\/\/beiroperu.com\/tienda\/?post_type=product&#038;p=37267"},"modified":"2026-03-31T01:52:22","modified_gmt":"2026-03-31T06:52:22","slug":"south-alps2-laser","status":"publish","type":"product","link":"https:\/\/beiroperu.com\/tienda\/catalogo\/topografia\/gps-diferenciales\/south-gps-diferenciales\/south-alps2-laser\/","title":{"rendered":"SOUTH ALPS2 LASER"},"content":{"rendered":"<p>El SOUTH ALPS2 es un receptor GNSS de vanguardia para topograf\u00eda, equipado con medici\u00f3n l\u00e1ser, compensaci\u00f3n de inclinaci\u00f3n de IMU y tecnolog\u00eda de visi\u00f3n por c\u00e1mara. Capture puntos dif\u00edciles de alcanzar o peligrosos desde una distancia segura, replantee con precisi\u00f3n CAD y trabaje eficientemente en cualquier entorno: de d\u00eda, de noche, en interiores o exteriores.<\/p>\n<p>Canales: 1698<\/p>\n<p>Sensor de inclinaci\u00f3n IMU: 60\u00b0<\/p>\n<p>M\u00f3dem de internet: 4G<\/p>\n<p>Radio UHF: 410 \u2013 470 MHz<\/p>\n<p>Velocidad de salida de posicionamiento: 1 Hz a 20 Hz<\/p>\n<p>Tiempo de inicializaci\u00f3n: < 10 s\n\nFiabilidad de inicializaci\u00f3n: > 99,99<\/p>\n<p>Posicionamiento GNSS diferencial de c\u00f3digo:<\/p>\n<p>Horizontal: 0,25 m + 1 ppm RMS \/ Vertical: 0,50 m + 1 ppm RMS<\/p>\n<p>GNSS est\u00e1tico: Horizontal: 2,5 mm + 0,5 ppm RMS \/ Vertical: 3,5 mm + 0,5 ppm RMS<\/p>\n<p>Est\u00e1tico (observaci\u00f3n prolongada): Horizontal: 2,5 mm + 0,1 ppm RMS \/  Vertical: 3 mm + 0,4 ppm RMS<\/p>\n<p>R\u00e1pido est\u00e1tico: Horizontal: 2,5 mm + 0,5 ppm RMS \/ Vertical: 5 mm + 0,5 ppm RMS<\/p>\n<p>PPK: Horizontal: 3 mm + 1 ppm RMS \/  Vertical: 5 mm + 1 ppm RMS<\/p>\n<p>RTK (UHF): Horizontal: 8 mm + 1 ppm RMS \/  Vertical: 15 mm + 1 ppm RMS<\/p>\n<p>GPS: L1C, L1C\/A, L2C, L2P(Y), L5 GLONASS G1, G2, G3 GALILEO E1, E5a, E5b, E6 BEIDOU B1I, B2I, B3I, B1C, B2a, B2b<\/p>\n<p>Mas Informaci\u00f3n Ver: Logo-PDF<\/p>\n","protected":false},"excerpt":{"rendered":"<p>El SOUTH ALPS2 es un receptor GNSS de vanguardia para topograf\u00eda, equipado con medici\u00f3n l\u00e1ser, compensaci\u00f3n de inclinaci\u00f3n de IMU y tecnolog\u00eda de visi\u00f3n por c\u00e1mara. Capture puntos dif\u00edciles de alcanzar o peligrosos desde una distancia segura, replantee con precisi\u00f3n CAD y trabaje eficientemente en cualquier entorno: de d\u00eda, de noche, en interiores o exteriores.<\/p>\n","protected":false},"featured_media":37268,"comment_status":"closed","ping_status":"closed","template":"","meta":[],"product_brand":[99],"product_cat":[106],"product_tag":[],"class_list":{"0":"post-37267","1":"product","2":"type-product","3":"status-publish","4":"has-post-thumbnail","6":"product_brand-south","7":"product_cat-south-gps-diferenciales","9":"first","10":"instock","11":"shipping-taxable","12":"product-type-simple"},"yoast_head":"<!-- This site is optimized with the Yoast SEO plugin v27.2 - https:\/\/yoast.com\/product\/yoast-seo-wordpress\/ -->\n<title>SOUTH ALPS2 LASER - Topograf\u00eda, Geolog\u00eda, Miner\u00eda y Equipamiento de Oficina<\/title>\n<meta name=\"robots\" content=\"index, follow, max-snippet:-1, max-image-preview:large, max-video-preview:-1\" \/>\n<link rel=\"canonical\" href=\"https:\/\/beiroperu.com\/tienda\/catalogo\/topografia\/gps-diferenciales\/south-gps-diferenciales\/south-alps2-laser\/\" \/>\n<meta property=\"og:locale\" content=\"es_ES\" \/>\n<meta property=\"og:type\" content=\"article\" \/>\n<meta property=\"og:title\" content=\"SOUTH ALPS2 LASER - Topograf\u00eda, Geolog\u00eda, Miner\u00eda y Equipamiento de Oficina\" \/>\n<meta property=\"og:description\" content=\"El SOUTH ALPS2 es un receptor GNSS de vanguardia para topograf\u00eda, equipado con medici\u00f3n l\u00e1ser, compensaci\u00f3n de inclinaci\u00f3n de IMU y tecnolog\u00eda de visi\u00f3n por c\u00e1mara. Capture puntos dif\u00edciles de alcanzar o peligrosos desde una distancia segura, replantee con precisi\u00f3n CAD y trabaje eficientemente en cualquier entorno: de d\u00eda, de noche, en interiores o exteriores.\" \/>\n<meta property=\"og:url\" content=\"https:\/\/beiroperu.com\/tienda\/catalogo\/topografia\/gps-diferenciales\/south-gps-diferenciales\/south-alps2-laser\/\" \/>\n<meta property=\"og:site_name\" content=\"Topograf\u00eda, Geolog\u00eda, Miner\u00eda y Equipamiento de Oficina\" \/>\n<meta property=\"article:publisher\" content=\"https:\/\/www.facebook.com\/profile.php?id=61574959587714\" \/>\n<meta property=\"article:modified_time\" content=\"2026-03-31T06:52:22+00:00\" \/>\n<meta property=\"og:image\" content=\"https:\/\/beiroperu.com\/tienda\/wp-content\/uploads\/2026\/03\/south-alps2-laser.jpg\" \/>\n\t<meta property=\"og:image:width\" content=\"800\" \/>\n\t<meta property=\"og:image:height\" content=\"930\" \/>\n\t<meta property=\"og:image:type\" content=\"image\/jpeg\" \/>\n<meta name=\"twitter:card\" content=\"summary_large_image\" \/>\n<meta name=\"twitter:label1\" content=\"Tiempo de lectura\" \/>\n\t<meta name=\"twitter:data1\" content=\"1 minuto\" \/>\n<script type=\"application\/ld+json\" class=\"yoast-schema-graph\">{\"@context\":\"https:\/\/schema.org\",\"@graph\":[{\"@type\":\"WebPage\",\"@id\":\"https:\/\/beiroperu.com\/tienda\/catalogo\/topografia\/gps-diferenciales\/south-gps-diferenciales\/south-alps2-laser\/\",\"url\":\"https:\/\/beiroperu.com\/tienda\/catalogo\/topografia\/gps-diferenciales\/south-gps-diferenciales\/south-alps2-laser\/\",\"name\":\"SOUTH ALPS2 LASER - Topograf\u00eda, Geolog\u00eda, Miner\u00eda y Equipamiento de Oficina\",\"isPartOf\":{\"@id\":\"https:\/\/beiroperu.com\/tienda\/#website\"},\"primaryImageOfPage\":{\"@id\":\"https:\/\/beiroperu.com\/tienda\/catalogo\/topografia\/gps-diferenciales\/south-gps-diferenciales\/south-alps2-laser\/#primaryimage\"},\"image\":{\"@id\":\"https:\/\/beiroperu.com\/tienda\/catalogo\/topografia\/gps-diferenciales\/south-gps-diferenciales\/south-alps2-laser\/#primaryimage\"},\"thumbnailUrl\":\"https:\/\/beiroperu.com\/tienda\/wp-content\/uploads\/2026\/03\/south-alps2-laser.jpg\",\"datePublished\":\"2026-03-31T06:52:20+00:00\",\"dateModified\":\"2026-03-31T06:52:22+00:00\",\"breadcrumb\":{\"@id\":\"https:\/\/beiroperu.com\/tienda\/catalogo\/topografia\/gps-diferenciales\/south-gps-diferenciales\/south-alps2-laser\/#breadcrumb\"},\"inLanguage\":\"es\",\"potentialAction\":[{\"@type\":\"ReadAction\",\"target\":[\"https:\/\/beiroperu.com\/tienda\/catalogo\/topografia\/gps-diferenciales\/south-gps-diferenciales\/south-alps2-laser\/\"]}]},{\"@type\":\"ImageObject\",\"inLanguage\":\"es\",\"@id\":\"https:\/\/beiroperu.com\/tienda\/catalogo\/topografia\/gps-diferenciales\/south-gps-diferenciales\/south-alps2-laser\/#primaryimage\",\"url\":\"https:\/\/beiroperu.com\/tienda\/wp-content\/uploads\/2026\/03\/south-alps2-laser.jpg\",\"contentUrl\":\"https:\/\/beiroperu.com\/tienda\/wp-content\/uploads\/2026\/03\/south-alps2-laser.jpg\",\"width\":800,\"height\":930},{\"@type\":\"BreadcrumbList\",\"@id\":\"https:\/\/beiroperu.com\/tienda\/catalogo\/topografia\/gps-diferenciales\/south-gps-diferenciales\/south-alps2-laser\/#breadcrumb\",\"itemListElement\":[{\"@type\":\"ListItem\",\"position\":1,\"name\":\"Portada\",\"item\":\"https:\/\/beiroperu.com\/tienda\/\"},{\"@type\":\"ListItem\",\"position\":2,\"name\":\"Shop\",\"item\":\"https:\/\/beiroperu.com\/tienda\/shop\/\"},{\"@type\":\"ListItem\",\"position\":3,\"name\":\"SOUTH ALPS2 LASER\"}]},{\"@type\":\"WebSite\",\"@id\":\"https:\/\/beiroperu.com\/tienda\/#website\",\"url\":\"https:\/\/beiroperu.com\/tienda\/\",\"name\":\"Topograf\u00eda, Geolog\u00eda, Miner\u00eda y Equipamiento de Oficina\",\"description\":\"Beiro Per\u00fa\",\"publisher\":{\"@id\":\"https:\/\/beiroperu.com\/tienda\/#organization\"},\"alternateName\":\"Beiro Per\u00fa\",\"potentialAction\":[{\"@type\":\"SearchAction\",\"target\":{\"@type\":\"EntryPoint\",\"urlTemplate\":\"https:\/\/beiroperu.com\/tienda\/?s={search_term_string}\"},\"query-input\":{\"@type\":\"PropertyValueSpecification\",\"valueRequired\":true,\"valueName\":\"search_term_string\"}}],\"inLanguage\":\"es\"},{\"@type\":\"Organization\",\"@id\":\"https:\/\/beiroperu.com\/tienda\/#organization\",\"name\":\"Beiro\",\"alternateName\":\"Beiro Per\u00fa\",\"url\":\"https:\/\/beiroperu.com\/tienda\/\",\"logo\":{\"@type\":\"ImageObject\",\"inLanguage\":\"es\",\"@id\":\"https:\/\/beiroperu.com\/tienda\/#\/schema\/logo\/image\/\",\"url\":\"https:\/\/beiroperu.com\/tienda\/wp-content\/uploads\/2026\/03\/logo-beiro.jpeg\",\"contentUrl\":\"https:\/\/beiroperu.com\/tienda\/wp-content\/uploads\/2026\/03\/logo-beiro.jpeg\",\"width\":322,\"height\":123,\"caption\":\"Beiro\"},\"image\":{\"@id\":\"https:\/\/beiroperu.com\/tienda\/#\/schema\/logo\/image\/\"},\"sameAs\":[\"https:\/\/www.facebook.com\/profile.php?id=61574959587714\",\"https:\/\/www.instagram.com\/beiro_equipos_topograficos?igsh=cG11NHowcmp1dzFq\",\"https:\/\/www.threads.com\/@beiro_equipos_topograficos\"]}]}<\/script>\n<!-- \/ Yoast SEO plugin. -->","yoast_head_json":{"title":"SOUTH ALPS2 LASER - Topograf\u00eda, Geolog\u00eda, Miner\u00eda y Equipamiento de Oficina","robots":{"index":"index","follow":"follow","max-snippet":"max-snippet:-1","max-image-preview":"max-image-preview:large","max-video-preview":"max-video-preview:-1"},"canonical":"https:\/\/beiroperu.com\/tienda\/catalogo\/topografia\/gps-diferenciales\/south-gps-diferenciales\/south-alps2-laser\/","og_locale":"es_ES","og_type":"article","og_title":"SOUTH ALPS2 LASER - Topograf\u00eda, Geolog\u00eda, Miner\u00eda y Equipamiento de Oficina","og_description":"El SOUTH ALPS2 es un receptor GNSS de vanguardia para topograf\u00eda, equipado con medici\u00f3n l\u00e1ser, compensaci\u00f3n de inclinaci\u00f3n de IMU y tecnolog\u00eda de visi\u00f3n por c\u00e1mara. Capture puntos dif\u00edciles de alcanzar o peligrosos desde una distancia segura, replantee con precisi\u00f3n CAD y trabaje eficientemente en cualquier entorno: de d\u00eda, de noche, en interiores o exteriores.","og_url":"https:\/\/beiroperu.com\/tienda\/catalogo\/topografia\/gps-diferenciales\/south-gps-diferenciales\/south-alps2-laser\/","og_site_name":"Topograf\u00eda, Geolog\u00eda, Miner\u00eda y Equipamiento de Oficina","article_publisher":"https:\/\/www.facebook.com\/profile.php?id=61574959587714","article_modified_time":"2026-03-31T06:52:22+00:00","og_image":[{"width":800,"height":930,"url":"https:\/\/beiroperu.com\/tienda\/wp-content\/uploads\/2026\/03\/south-alps2-laser.jpg","type":"image\/jpeg"}],"twitter_card":"summary_large_image","twitter_misc":{"Tiempo de lectura":"1 minuto"},"schema":{"@context":"https:\/\/schema.org","@graph":[{"@type":"WebPage","@id":"https:\/\/beiroperu.com\/tienda\/catalogo\/topografia\/gps-diferenciales\/south-gps-diferenciales\/south-alps2-laser\/","url":"https:\/\/beiroperu.com\/tienda\/catalogo\/topografia\/gps-diferenciales\/south-gps-diferenciales\/south-alps2-laser\/","name":"SOUTH ALPS2 LASER - Topograf\u00eda, Geolog\u00eda, Miner\u00eda y Equipamiento de Oficina","isPartOf":{"@id":"https:\/\/beiroperu.com\/tienda\/#website"},"primaryImageOfPage":{"@id":"https:\/\/beiroperu.com\/tienda\/catalogo\/topografia\/gps-diferenciales\/south-gps-diferenciales\/south-alps2-laser\/#primaryimage"},"image":{"@id":"https:\/\/beiroperu.com\/tienda\/catalogo\/topografia\/gps-diferenciales\/south-gps-diferenciales\/south-alps2-laser\/#primaryimage"},"thumbnailUrl":"https:\/\/beiroperu.com\/tienda\/wp-content\/uploads\/2026\/03\/south-alps2-laser.jpg","datePublished":"2026-03-31T06:52:20+00:00","dateModified":"2026-03-31T06:52:22+00:00","breadcrumb":{"@id":"https:\/\/beiroperu.com\/tienda\/catalogo\/topografia\/gps-diferenciales\/south-gps-diferenciales\/south-alps2-laser\/#breadcrumb"},"inLanguage":"es","potentialAction":[{"@type":"ReadAction","target":["https:\/\/beiroperu.com\/tienda\/catalogo\/topografia\/gps-diferenciales\/south-gps-diferenciales\/south-alps2-laser\/"]}]},{"@type":"ImageObject","inLanguage":"es","@id":"https:\/\/beiroperu.com\/tienda\/catalogo\/topografia\/gps-diferenciales\/south-gps-diferenciales\/south-alps2-laser\/#primaryimage","url":"https:\/\/beiroperu.com\/tienda\/wp-content\/uploads\/2026\/03\/south-alps2-laser.jpg","contentUrl":"https:\/\/beiroperu.com\/tienda\/wp-content\/uploads\/2026\/03\/south-alps2-laser.jpg","width":800,"height":930},{"@type":"BreadcrumbList","@id":"https:\/\/beiroperu.com\/tienda\/catalogo\/topografia\/gps-diferenciales\/south-gps-diferenciales\/south-alps2-laser\/#breadcrumb","itemListElement":[{"@type":"ListItem","position":1,"name":"Portada","item":"https:\/\/beiroperu.com\/tienda\/"},{"@type":"ListItem","position":2,"name":"Shop","item":"https:\/\/beiroperu.com\/tienda\/shop\/"},{"@type":"ListItem","position":3,"name":"SOUTH ALPS2 LASER"}]},{"@type":"WebSite","@id":"https:\/\/beiroperu.com\/tienda\/#website","url":"https:\/\/beiroperu.com\/tienda\/","name":"Topograf\u00eda, Geolog\u00eda, Miner\u00eda y Equipamiento de Oficina","description":"Beiro Per\u00fa","publisher":{"@id":"https:\/\/beiroperu.com\/tienda\/#organization"},"alternateName":"Beiro Per\u00fa","potentialAction":[{"@type":"SearchAction","target":{"@type":"EntryPoint","urlTemplate":"https:\/\/beiroperu.com\/tienda\/?s={search_term_string}"},"query-input":{"@type":"PropertyValueSpecification","valueRequired":true,"valueName":"search_term_string"}}],"inLanguage":"es"},{"@type":"Organization","@id":"https:\/\/beiroperu.com\/tienda\/#organization","name":"Beiro","alternateName":"Beiro Per\u00fa","url":"https:\/\/beiroperu.com\/tienda\/","logo":{"@type":"ImageObject","inLanguage":"es","@id":"https:\/\/beiroperu.com\/tienda\/#\/schema\/logo\/image\/","url":"https:\/\/beiroperu.com\/tienda\/wp-content\/uploads\/2026\/03\/logo-beiro.jpeg","contentUrl":"https:\/\/beiroperu.com\/tienda\/wp-content\/uploads\/2026\/03\/logo-beiro.jpeg","width":322,"height":123,"caption":"Beiro"},"image":{"@id":"https:\/\/beiroperu.com\/tienda\/#\/schema\/logo\/image\/"},"sameAs":["https:\/\/www.facebook.com\/profile.php?id=61574959587714","https:\/\/www.instagram.com\/beiro_equipos_topograficos?igsh=cG11NHowcmp1dzFq","https:\/\/www.threads.com\/@beiro_equipos_topograficos"]}]}},"_links":{"self":[{"href":"https:\/\/beiroperu.com\/tienda\/wp-json\/wp\/v2\/product\/37267","targetHints":{"allow":["GET"]}}],"collection":[{"href":"https:\/\/beiroperu.com\/tienda\/wp-json\/wp\/v2\/product"}],"about":[{"href":"https:\/\/beiroperu.com\/tienda\/wp-json\/wp\/v2\/types\/product"}],"replies":[{"embeddable":true,"href":"https:\/\/beiroperu.com\/tienda\/wp-json\/wp\/v2\/comments?post=37267"}],"wp:featuredmedia":[{"embeddable":true,"href":"https:\/\/beiroperu.com\/tienda\/wp-json\/wp\/v2\/media\/37268"}],"wp:attachment":[{"href":"https:\/\/beiroperu.com\/tienda\/wp-json\/wp\/v2\/media?parent=37267"}],"wp:term":[{"taxonomy":"product_brand","embeddable":true,"href":"https:\/\/beiroperu.com\/tienda\/wp-json\/wp\/v2\/product_brand?post=37267"},{"taxonomy":"product_cat","embeddable":true,"href":"https:\/\/beiroperu.com\/tienda\/wp-json\/wp\/v2\/product_cat?post=37267"},{"taxonomy":"product_tag","embeddable":true,"href":"https:\/\/beiroperu.com\/tienda\/wp-json\/wp\/v2\/product_tag?post=37267"}],"curies":[{"name":"wp","href":"https:\/\/api.w.org\/{rel}","templated":true}]}}