{"id":37279,"date":"2026-03-31T02:23:14","date_gmt":"2026-03-31T07:23:14","guid":{"rendered":"https:\/\/beiroperu.com\/tienda\/?post_type=product&#038;p=37279"},"modified":"2026-03-31T02:23:15","modified_gmt":"2026-03-31T07:23:15","slug":"montana-700","status":"publish","type":"product","link":"https:\/\/beiroperu.com\/tienda\/catalogo\/topografia\/gps-navegadores\/montana-700\/","title":{"rendered":"MONTANA 700"},"content":{"rendered":"<p>Explora tu mundo con una navegaci\u00f3n en la que conf\u00eda, Con mapas en los que se pueden establecer rutas para carreteras y senderos, el dispositivo port\u00e1til\u00a0<strong>Montana 700<\/strong>\u00a0ofrece funciones avanzadas para exteriores en un formato resistente de 5\u201d que es ideal para la navegaci\u00f3n a pie, en bicicleta, en kayak, ATV y m\u00e1s.<\/p>\n<p><strong>ROBUSTO POR EL DISE\u00d1O<\/strong><\/p>\n<p>Esta computadora de mano duradera y resistente al agua ha sido probada seg\u00fan los est\u00e1ndares militares de EE. UU. Y cuenta con una pantalla t\u00e1ctil de 5\u201d apta para guantes que es un 50% m\u00e1s grande que los modelos Montana anteriores.<\/p>\n<p><strong>MAPAS TOPOACTIVOS<\/strong><\/p>\n<p>Para navegar por sus aventuras, utilice mapas topogr\u00e1ficos precargados de TopoActive Sudam\u00e9rica. Vea los contornos del terreno, elevaciones, costas, r\u00edos, puntos de referencia y m\u00e1s.<\/p>\n<p><strong>L\u00cdMITES DE TIERRAS P\u00daBLICAS<\/strong><\/p>\n<p>La visualizaci\u00f3n opcional de los l\u00edmites de terrenos p\u00fablicos federales en mapas topogr\u00e1ficos le ayuda a saber que se est\u00e1 aventurando donde se supone que debe estar.<\/p>\n<p><strong>VISTAS SATELITALES<\/strong><\/p>\n<p>Utilice descargas directas al dispositivo de im\u00e1genes satelitales BirdsEye (no se requiere suscripci\u00f3n anual) para ver vistas fotorrealistas y crear puntos de referencia basados \u200b\u200ben puntos de referencia.<\/p>\n<p><strong>SENSORES ABC<\/strong><\/p>\n<p>Navegue por su pr\u00f3ximo sendero con sensores ABC, incluido un alt\u00edmetro para datos de elevaci\u00f3n, bar\u00f3metro para monitorear el clima y br\u00fajula electr\u00f3nica de 3 ejes.<\/p>\n<p><strong>CLIMA ACTIVO<\/strong><\/p>\n<p>Utilice la conectividad celular 1 para acceder a las previsiones meteorol\u00f3gicas activas actualizadas a trav\u00e9s de la aplicaci\u00f3n Garmin Connect \u2122 .<\/p>\n<p><strong>SOPORTE MULTI-GNSS<\/strong><\/p>\n<p>El acceso a las redes satelitales GPS, GLONASS y GALILEO permite al Montana 700 realizar un seguimiento en entornos m\u00e1s desafiantes que el GPS solo.<\/p>\n<p><strong>COMPARTIR UBICACI\u00d3N<\/strong><\/p>\n<p>La funci\u00f3n LiveTrack te permite conectar de forma inal\u00e1mbrica 1 tu dispositivo con otros usuarios de GPS Garmin compatibles, para que puedan seguir tus pistas, rutas, waypoints y aventuras.<\/p>\n<p><strong>MODO EXPEDICI\u00d3N<\/strong><\/p>\n<p>Camina lejos de la red. Usa el modo Expedition, una referencia de GPS de potencia ultrabaja, para mantener el rastreo de Montana durante una semana o m\u00e1s entre recargas<\/p>\n<p><strong>OPCIONES DE BATERIA<\/strong><\/p>\n<p>Una bater\u00eda interna de iones de litio recargable proporciona m\u00e1s de 18 horas de duraci\u00f3n de la bater\u00eda en modo GPS. Tambi\u00e9n se puede alimentar con pilas AA tradicionales.<\/p>\n<table>\n<tbody>\n<tr>\n<td>Dimensiones de la unidad:<\/td>\n<td>3,4 \u00abx 7,2\u00bb x 1,3 \u00ab(8,76 x 18,30 x 3,27 cm)<\/td>\n<\/tr>\n<tr>\n<td>Pantalla tactil:<\/td>\n<td>si<\/td>\n<\/tr>\n<tr>\n<td>Tama\u00f1o de la pantalla:<\/td>\n<td>2,55 \u00abde ancho x 4,25\u00bb de alto (6,48 x 10,80 cm); 5 \u00aben diagonal (12,70 cm)<\/td>\n<\/tr>\n<tr>\n<td>Resolucion de la pantalla:<\/td>\n<td>480 x 800 p\u00edxeles<\/td>\n<\/tr>\n<tr>\n<td>Tipo de pantalla:<\/td>\n<td>WVGA transflectiva, orientaci\u00f3n dual<\/td>\n<\/tr>\n<tr>\n<td>Peso:<\/td>\n<td>14.0 oz (397 g) con paquete de bater\u00eda de iones de litio incluido<\/td>\n<\/tr>\n<tr>\n<td>Tipo de bateria:<\/td>\n<td>iones de litio recargables (incluidas) o 3 pilas AA (no incluidas); litio recomendado<\/td>\n<\/tr>\n<tr>\n<td>Duracion de bateria:<\/td>\n<td>Modo GPS: hasta 18 horas Modo Expedici\u00f3n: hasta 330 horas<\/td>\n<\/tr>\n<tr>\n<td>Resistencia al agua:<\/td>\n<td>IPX7<\/td>\n<\/tr>\n<tr>\n<td>Receptor de sensibilidad:<\/td>\n<td>si<\/td>\n<\/tr>\n<tr>\n<td>Interfaz:<\/td>\n<td>Compatible con micro USB de alta velocidad y NMEA 0183<\/td>\n<\/tr>\n<tr>\n<td>Memoria\/ Historia:<\/td>\n<td>16 GB (el espacio del usuario var\u00eda seg\u00fan el mapeo incluido)<\/td>\n<\/tr>\n<tr>\n<td>MIL-STD-810:<\/td>\n<td>s\u00ed (t\u00e9rmico, choque, agua, vibraci\u00f3n)<\/td>\n<\/tr>\n<\/tbody>\n<\/table>\n<table>\n<tbody>\n<tr>\n<td colspan=\"2\"><strong>MAPAS Y MEMORIA<\/strong><\/td>\n<\/tr>\n<tr>\n<td>Mapas Preinstalados:<\/td>\n<td>s\u00ed (TopoActive Sudam\u00e9rica)<\/td>\n<\/tr>\n<tr>\n<td>Posibilidad de agregar mapas:<\/td>\n<td>si<\/td>\n<\/tr>\n<tr>\n<td>Mapa de base:<\/td>\n<td>si<\/td>\n<\/tr>\n<tr>\n<td>Creacion automatica de rutas:<\/td>\n<td>S\u00ed (con mapeo opcional para carreteras detalladas)<\/td>\n<\/tr>\n<tr>\n<td>Map Segments<\/td>\n<td>15000<\/td>\n<\/tr>\n<tr>\n<td>Birdseye<\/td>\n<td>s\u00ed (directo al dispositivo)<\/td>\n<\/tr>\n<tr>\n<td>INCLUDES DETAILED HYDROGRAPHIC FEATURES<\/td>\n<td>si<\/td>\n<\/tr>\n<tr>\n<td>INCLUDES SEARCHABLE POINTS OF INTERESTS<\/td>\n<td>si<\/td>\n<\/tr>\n<tr>\n<td>DISPLAYS NATIONAL, STATE AND LOCAL PARKS, FORESTS, AND WILDERNESS AREAS<\/td>\n<td>si<\/td>\n<\/tr>\n<tr>\n<td>Almacenamiento:<\/td>\n<td>s\u00ed (tarjeta microSD \u2122 de 32 GB como m\u00e1ximo)<\/td>\n<\/tr>\n<tr>\n<td>Waypoints:<\/td>\n<td>10000<\/td>\n<\/tr>\n<tr>\n<td>Tracks:<\/td>\n<td>250<\/td>\n<\/tr>\n<tr>\n<td>Rutas:<\/td>\n<td>250, 250 puntos por ruta; 50 puntos de enrutamiento autom\u00e1tico<\/td>\n<\/tr>\n<tr>\n<td>Registro de rinex:<\/td>\n<td>si<\/td>\n<\/tr>\n<tr>\n<td>Registro de trayecto:<\/td>\n<td>20000 puntos, 250 pistas gpx guardadas, 300 actividades de ajuste guardadas<\/td>\n<\/tr>\n<\/tbody>\n<\/table>\n<table>\n<tbody>\n<tr>\n<td colspan=\"2\"><strong>SENSORES<\/strong><\/td>\n<\/tr>\n<tr>\n<td>GPS:<\/td>\n<td>si<\/td>\n<\/tr>\n<tr>\n<td>GLONASS:<\/td>\n<td>si<\/td>\n<\/tr>\n<tr>\n<td>GALILEO:<\/td>\n<td>si<\/td>\n<\/tr>\n<tr>\n<td>ALT\u00cdMETRO BAROM\u00c9TRICO:<\/td>\n<td>si<\/td>\n<\/tr>\n<tr>\n<td>BR\u00daJULA:<\/td>\n<td>S\u00ed (3 ejes con compensaci\u00f3n de inclinaci\u00f3n)<\/td>\n<\/tr>\n<\/tbody>\n<\/table>\n<p>Ver m\u00e1s informaci\u00f3n:\u00a0<a href=\"https:\/\/cosola.com\/images\/FICHA-TECNICA_Montana-700-700i-750i_ES.pdf\"><img loading=\"lazy\" decoding=\"async\" src=\"https:\/\/cosola.com\/images\/logos\/Logo-PDF.png\" alt=\"Logo-PDF\" width=\"70\" height=\"70\" \/><\/a><\/p>\n","protected":false},"excerpt":{"rendered":"<p>Explora tu mundo con una navegaci\u00f3n en la que conf\u00eda, Con mapas en los que se pueden establecer rutas para carreteras y senderos, el dispositivo port\u00e1til\u00a0<strong>Montana 700<\/strong>\u00a0ofrece funciones avanzadas para exteriores en un formato resistente de 5\u201d que es ideal para la navegaci\u00f3n a pie, en bicicleta, en kayak, ATV y m\u00e1s.<\/p>\n","protected":false},"featured_media":37280,"comment_status":"closed","ping_status":"closed","template":"","meta":[],"product_brand":[102],"product_cat":[79],"product_tag":[],"class_list":{"0":"post-37279","1":"product","2":"type-product","3":"status-publish","4":"has-post-thumbnail","6":"product_brand-garmin","7":"product_cat-gps-navegadores","9":"first","10":"instock","11":"shipping-taxable","12":"product-type-simple"},"yoast_head":"<!-- This site is optimized with the Yoast SEO plugin v27.2 - https:\/\/yoast.com\/product\/yoast-seo-wordpress\/ -->\n<title>MONTANA 700 - Topograf\u00eda, Geolog\u00eda, Miner\u00eda y Equipamiento de Oficina<\/title>\n<meta name=\"robots\" content=\"index, follow, max-snippet:-1, max-image-preview:large, max-video-preview:-1\" \/>\n<link rel=\"canonical\" href=\"https:\/\/beiroperu.com\/tienda\/catalogo\/topografia\/gps-navegadores\/montana-700\/\" \/>\n<meta property=\"og:locale\" content=\"es_ES\" \/>\n<meta property=\"og:type\" content=\"article\" \/>\n<meta property=\"og:title\" content=\"MONTANA 700 - Topograf\u00eda, Geolog\u00eda, Miner\u00eda y Equipamiento de Oficina\" \/>\n<meta property=\"og:description\" content=\"Explora tu mundo con una navegaci\u00f3n en la que conf\u00eda, Con mapas en los que se pueden establecer rutas para carreteras y senderos, el dispositivo port\u00e1til\u00a0Montana 700\u00a0ofrece funciones avanzadas para exteriores en un formato resistente de 5\u201d que es ideal para la navegaci\u00f3n a pie, en bicicleta, en kayak, ATV y m\u00e1s.\" \/>\n<meta property=\"og:url\" content=\"https:\/\/beiroperu.com\/tienda\/catalogo\/topografia\/gps-navegadores\/montana-700\/\" \/>\n<meta property=\"og:site_name\" content=\"Topograf\u00eda, Geolog\u00eda, Miner\u00eda y Equipamiento de Oficina\" \/>\n<meta property=\"article:publisher\" content=\"https:\/\/www.facebook.com\/profile.php?id=61574959587714\" \/>\n<meta property=\"article:modified_time\" content=\"2026-03-31T07:23:15+00:00\" \/>\n<meta property=\"og:image\" content=\"https:\/\/beiroperu.com\/tienda\/wp-content\/uploads\/2026\/03\/garmin-montana-700-gps-navegador-1.jpg\" \/>\n\t<meta property=\"og:image:width\" content=\"800\" \/>\n\t<meta property=\"og:image:height\" content=\"930\" \/>\n\t<meta property=\"og:image:type\" content=\"image\/jpeg\" \/>\n<meta name=\"twitter:card\" content=\"summary_large_image\" \/>\n<meta name=\"twitter:label1\" content=\"Tiempo de lectura\" \/>\n\t<meta name=\"twitter:data1\" content=\"4 minutos\" \/>\n<script type=\"application\/ld+json\" class=\"yoast-schema-graph\">{\"@context\":\"https:\/\/schema.org\",\"@graph\":[{\"@type\":\"WebPage\",\"@id\":\"https:\/\/beiroperu.com\/tienda\/catalogo\/topografia\/gps-navegadores\/montana-700\/\",\"url\":\"https:\/\/beiroperu.com\/tienda\/catalogo\/topografia\/gps-navegadores\/montana-700\/\",\"name\":\"MONTANA 700 - Topograf\u00eda, Geolog\u00eda, Miner\u00eda y Equipamiento de Oficina\",\"isPartOf\":{\"@id\":\"https:\/\/beiroperu.com\/tienda\/#website\"},\"primaryImageOfPage\":{\"@id\":\"https:\/\/beiroperu.com\/tienda\/catalogo\/topografia\/gps-navegadores\/montana-700\/#primaryimage\"},\"image\":{\"@id\":\"https:\/\/beiroperu.com\/tienda\/catalogo\/topografia\/gps-navegadores\/montana-700\/#primaryimage\"},\"thumbnailUrl\":\"https:\/\/beiroperu.com\/tienda\/wp-content\/uploads\/2026\/03\/garmin-montana-700-gps-navegador-1.jpg\",\"datePublished\":\"2026-03-31T07:23:14+00:00\",\"dateModified\":\"2026-03-31T07:23:15+00:00\",\"breadcrumb\":{\"@id\":\"https:\/\/beiroperu.com\/tienda\/catalogo\/topografia\/gps-navegadores\/montana-700\/#breadcrumb\"},\"inLanguage\":\"es\",\"potentialAction\":[{\"@type\":\"ReadAction\",\"target\":[\"https:\/\/beiroperu.com\/tienda\/catalogo\/topografia\/gps-navegadores\/montana-700\/\"]}]},{\"@type\":\"ImageObject\",\"inLanguage\":\"es\",\"@id\":\"https:\/\/beiroperu.com\/tienda\/catalogo\/topografia\/gps-navegadores\/montana-700\/#primaryimage\",\"url\":\"https:\/\/beiroperu.com\/tienda\/wp-content\/uploads\/2026\/03\/garmin-montana-700-gps-navegador-1.jpg\",\"contentUrl\":\"https:\/\/beiroperu.com\/tienda\/wp-content\/uploads\/2026\/03\/garmin-montana-700-gps-navegador-1.jpg\",\"width\":800,\"height\":930},{\"@type\":\"BreadcrumbList\",\"@id\":\"https:\/\/beiroperu.com\/tienda\/catalogo\/topografia\/gps-navegadores\/montana-700\/#breadcrumb\",\"itemListElement\":[{\"@type\":\"ListItem\",\"position\":1,\"name\":\"Portada\",\"item\":\"https:\/\/beiroperu.com\/tienda\/\"},{\"@type\":\"ListItem\",\"position\":2,\"name\":\"Shop\",\"item\":\"https:\/\/beiroperu.com\/tienda\/shop\/\"},{\"@type\":\"ListItem\",\"position\":3,\"name\":\"MONTANA 700\"}]},{\"@type\":\"WebSite\",\"@id\":\"https:\/\/beiroperu.com\/tienda\/#website\",\"url\":\"https:\/\/beiroperu.com\/tienda\/\",\"name\":\"Topograf\u00eda, Geolog\u00eda, Miner\u00eda y Equipamiento de Oficina\",\"description\":\"Beiro Per\u00fa\",\"publisher\":{\"@id\":\"https:\/\/beiroperu.com\/tienda\/#organization\"},\"alternateName\":\"Beiro Per\u00fa\",\"potentialAction\":[{\"@type\":\"SearchAction\",\"target\":{\"@type\":\"EntryPoint\",\"urlTemplate\":\"https:\/\/beiroperu.com\/tienda\/?s={search_term_string}\"},\"query-input\":{\"@type\":\"PropertyValueSpecification\",\"valueRequired\":true,\"valueName\":\"search_term_string\"}}],\"inLanguage\":\"es\"},{\"@type\":\"Organization\",\"@id\":\"https:\/\/beiroperu.com\/tienda\/#organization\",\"name\":\"Beiro\",\"alternateName\":\"Beiro Per\u00fa\",\"url\":\"https:\/\/beiroperu.com\/tienda\/\",\"logo\":{\"@type\":\"ImageObject\",\"inLanguage\":\"es\",\"@id\":\"https:\/\/beiroperu.com\/tienda\/#\/schema\/logo\/image\/\",\"url\":\"https:\/\/beiroperu.com\/tienda\/wp-content\/uploads\/2026\/03\/logo-beiro.jpeg\",\"contentUrl\":\"https:\/\/beiroperu.com\/tienda\/wp-content\/uploads\/2026\/03\/logo-beiro.jpeg\",\"width\":322,\"height\":123,\"caption\":\"Beiro\"},\"image\":{\"@id\":\"https:\/\/beiroperu.com\/tienda\/#\/schema\/logo\/image\/\"},\"sameAs\":[\"https:\/\/www.facebook.com\/profile.php?id=61574959587714\",\"https:\/\/www.instagram.com\/beiro_equipos_topograficos?igsh=cG11NHowcmp1dzFq\",\"https:\/\/www.threads.com\/@beiro_equipos_topograficos\"]}]}<\/script>\n<!-- \/ Yoast SEO plugin. -->","yoast_head_json":{"title":"MONTANA 700 - Topograf\u00eda, Geolog\u00eda, Miner\u00eda y Equipamiento de Oficina","robots":{"index":"index","follow":"follow","max-snippet":"max-snippet:-1","max-image-preview":"max-image-preview:large","max-video-preview":"max-video-preview:-1"},"canonical":"https:\/\/beiroperu.com\/tienda\/catalogo\/topografia\/gps-navegadores\/montana-700\/","og_locale":"es_ES","og_type":"article","og_title":"MONTANA 700 - Topograf\u00eda, Geolog\u00eda, Miner\u00eda y Equipamiento de Oficina","og_description":"Explora tu mundo con una navegaci\u00f3n en la que conf\u00eda, Con mapas en los que se pueden establecer rutas para carreteras y senderos, el dispositivo port\u00e1til\u00a0Montana 700\u00a0ofrece funciones avanzadas para exteriores en un formato resistente de 5\u201d que es ideal para la navegaci\u00f3n a pie, en bicicleta, en kayak, ATV y m\u00e1s.","og_url":"https:\/\/beiroperu.com\/tienda\/catalogo\/topografia\/gps-navegadores\/montana-700\/","og_site_name":"Topograf\u00eda, Geolog\u00eda, Miner\u00eda y Equipamiento de Oficina","article_publisher":"https:\/\/www.facebook.com\/profile.php?id=61574959587714","article_modified_time":"2026-03-31T07:23:15+00:00","og_image":[{"width":800,"height":930,"url":"https:\/\/beiroperu.com\/tienda\/wp-content\/uploads\/2026\/03\/garmin-montana-700-gps-navegador-1.jpg","type":"image\/jpeg"}],"twitter_card":"summary_large_image","twitter_misc":{"Tiempo de lectura":"4 minutos"},"schema":{"@context":"https:\/\/schema.org","@graph":[{"@type":"WebPage","@id":"https:\/\/beiroperu.com\/tienda\/catalogo\/topografia\/gps-navegadores\/montana-700\/","url":"https:\/\/beiroperu.com\/tienda\/catalogo\/topografia\/gps-navegadores\/montana-700\/","name":"MONTANA 700 - Topograf\u00eda, Geolog\u00eda, Miner\u00eda y Equipamiento de Oficina","isPartOf":{"@id":"https:\/\/beiroperu.com\/tienda\/#website"},"primaryImageOfPage":{"@id":"https:\/\/beiroperu.com\/tienda\/catalogo\/topografia\/gps-navegadores\/montana-700\/#primaryimage"},"image":{"@id":"https:\/\/beiroperu.com\/tienda\/catalogo\/topografia\/gps-navegadores\/montana-700\/#primaryimage"},"thumbnailUrl":"https:\/\/beiroperu.com\/tienda\/wp-content\/uploads\/2026\/03\/garmin-montana-700-gps-navegador-1.jpg","datePublished":"2026-03-31T07:23:14+00:00","dateModified":"2026-03-31T07:23:15+00:00","breadcrumb":{"@id":"https:\/\/beiroperu.com\/tienda\/catalogo\/topografia\/gps-navegadores\/montana-700\/#breadcrumb"},"inLanguage":"es","potentialAction":[{"@type":"ReadAction","target":["https:\/\/beiroperu.com\/tienda\/catalogo\/topografia\/gps-navegadores\/montana-700\/"]}]},{"@type":"ImageObject","inLanguage":"es","@id":"https:\/\/beiroperu.com\/tienda\/catalogo\/topografia\/gps-navegadores\/montana-700\/#primaryimage","url":"https:\/\/beiroperu.com\/tienda\/wp-content\/uploads\/2026\/03\/garmin-montana-700-gps-navegador-1.jpg","contentUrl":"https:\/\/beiroperu.com\/tienda\/wp-content\/uploads\/2026\/03\/garmin-montana-700-gps-navegador-1.jpg","width":800,"height":930},{"@type":"BreadcrumbList","@id":"https:\/\/beiroperu.com\/tienda\/catalogo\/topografia\/gps-navegadores\/montana-700\/#breadcrumb","itemListElement":[{"@type":"ListItem","position":1,"name":"Portada","item":"https:\/\/beiroperu.com\/tienda\/"},{"@type":"ListItem","position":2,"name":"Shop","item":"https:\/\/beiroperu.com\/tienda\/shop\/"},{"@type":"ListItem","position":3,"name":"MONTANA 700"}]},{"@type":"WebSite","@id":"https:\/\/beiroperu.com\/tienda\/#website","url":"https:\/\/beiroperu.com\/tienda\/","name":"Topograf\u00eda, Geolog\u00eda, Miner\u00eda y Equipamiento de Oficina","description":"Beiro Per\u00fa","publisher":{"@id":"https:\/\/beiroperu.com\/tienda\/#organization"},"alternateName":"Beiro Per\u00fa","potentialAction":[{"@type":"SearchAction","target":{"@type":"EntryPoint","urlTemplate":"https:\/\/beiroperu.com\/tienda\/?s={search_term_string}"},"query-input":{"@type":"PropertyValueSpecification","valueRequired":true,"valueName":"search_term_string"}}],"inLanguage":"es"},{"@type":"Organization","@id":"https:\/\/beiroperu.com\/tienda\/#organization","name":"Beiro","alternateName":"Beiro Per\u00fa","url":"https:\/\/beiroperu.com\/tienda\/","logo":{"@type":"ImageObject","inLanguage":"es","@id":"https:\/\/beiroperu.com\/tienda\/#\/schema\/logo\/image\/","url":"https:\/\/beiroperu.com\/tienda\/wp-content\/uploads\/2026\/03\/logo-beiro.jpeg","contentUrl":"https:\/\/beiroperu.com\/tienda\/wp-content\/uploads\/2026\/03\/logo-beiro.jpeg","width":322,"height":123,"caption":"Beiro"},"image":{"@id":"https:\/\/beiroperu.com\/tienda\/#\/schema\/logo\/image\/"},"sameAs":["https:\/\/www.facebook.com\/profile.php?id=61574959587714","https:\/\/www.instagram.com\/beiro_equipos_topograficos?igsh=cG11NHowcmp1dzFq","https:\/\/www.threads.com\/@beiro_equipos_topograficos"]}]}},"_links":{"self":[{"href":"https:\/\/beiroperu.com\/tienda\/wp-json\/wp\/v2\/product\/37279","targetHints":{"allow":["GET"]}}],"collection":[{"href":"https:\/\/beiroperu.com\/tienda\/wp-json\/wp\/v2\/product"}],"about":[{"href":"https:\/\/beiroperu.com\/tienda\/wp-json\/wp\/v2\/types\/product"}],"replies":[{"embeddable":true,"href":"https:\/\/beiroperu.com\/tienda\/wp-json\/wp\/v2\/comments?post=37279"}],"wp:featuredmedia":[{"embeddable":true,"href":"https:\/\/beiroperu.com\/tienda\/wp-json\/wp\/v2\/media\/37280"}],"wp:attachment":[{"href":"https:\/\/beiroperu.com\/tienda\/wp-json\/wp\/v2\/media?parent=37279"}],"wp:term":[{"taxonomy":"product_brand","embeddable":true,"href":"https:\/\/beiroperu.com\/tienda\/wp-json\/wp\/v2\/product_brand?post=37279"},{"taxonomy":"product_cat","embeddable":true,"href":"https:\/\/beiroperu.com\/tienda\/wp-json\/wp\/v2\/product_cat?post=37279"},{"taxonomy":"product_tag","embeddable":true,"href":"https:\/\/beiroperu.com\/tienda\/wp-json\/wp\/v2\/product_tag?post=37279"}],"curies":[{"name":"wp","href":"https:\/\/api.w.org\/{rel}","templated":true}]}}