{"id":37282,"date":"2026-03-31T07:49:40","date_gmt":"2026-03-31T12:49:40","guid":{"rendered":"https:\/\/beiroperu.com\/tienda\/?post_type=product&#038;p=37282"},"modified":"2026-03-31T07:49:41","modified_gmt":"2026-03-31T12:49:41","slug":"gps-garmin-map-66s","status":"publish","type":"product","link":"https:\/\/beiroperu.com\/tienda\/catalogo\/topografia\/gps-navegadores\/gps-garmin-map-66s\/","title":{"rendered":"GPS GARMIN MAP 66S"},"content":{"rendered":"<table>\n<tbody>\n<tr>\n<td colspan=\"2\">\n<h3><strong>Caracter\u00edsticas f\u00edsicas y de\u00a0 rendimiento<\/strong><\/h3>\n<\/td>\n<\/tr>\n<tr>\n<td>Dimensiones de la unidad (Ancho\/Alto\/Profundidad)<\/td>\n<td>6,2 x 16,3 x 3,5 cm<\/td>\n<\/tr>\n<tr>\n<td>Tama\u00f1o de la pantalla (Ancho\/Alto)<\/td>\n<td>3,8 x 6,3 cm; 3&#8243; en diagonal<\/td>\n<\/tr>\n<tr>\n<td>Resoluci\u00f3n de pantalla (Ancho\/Alto)<\/td>\n<td>240\u00a0x\u00a0400\u00a0p\u00edxeles<\/td>\n<\/tr>\n<tr>\n<td>Tipo de pantalla<\/td>\n<td>TFT transflectiva en color<\/td>\n<\/tr>\n<tr>\n<td>Peso<\/td>\n<td>230 g con pilas<\/td>\n<\/tr>\n<tr>\n<td>Bater\u00eda<\/td>\n<td>2 pilas AA (no incluidas); se recomienda NiMH o litio<\/td>\n<\/tr>\n<tr>\n<td><a href=\"http:\/\/www.garmin.com\/es-ES\/legal\/waterrating\">Clasificaci\u00f3n de resistencia al agua<\/a><\/td>\n<td>IPX7<\/td>\n<\/tr>\n<tr>\n<td>Memoria\/historial<\/td>\n<td>16 GB<\/td>\n<\/tr>\n<tr>\n<td>Receptor de alta sensibilidad<\/td>\n<td><\/td>\n<\/tr>\n<tr>\n<td>Interfaz del equipo<\/td>\n<td>Compatible con USB de alta velocidad y NMEA 0183<\/td>\n<\/tr>\n<\/tbody>\n<\/table>\n<table>\n<tbody>\n<tr>\n<td colspan=\"2\"><strong>Mapas y memoria<\/strong><\/td>\n<\/tr>\n<tr>\n<td>Mapas preinstalados<\/td>\n<td>Preloaded maps: Solo mapa base<\/td>\n<\/tr>\n<tr>\n<td>Posibilidad de agregar mapas<\/td>\n<td>Si<\/td>\n<\/tr>\n<tr>\n<td>Mapa base<\/td>\n<td>Si<\/td>\n<\/tr>\n<tr>\n<td>Almacenamiento y capacidad de carga<\/td>\n<td>Tarjeta microSD\u2122 (no incluida)<\/td>\n<\/tr>\n<tr>\n<td>Waypoints<\/td>\n<td>10.000<\/td>\n<\/tr>\n<tr>\n<td>Rutas<\/td>\n<td>250<\/td>\n<\/tr>\n<tr>\n<td>Tracks<\/td>\n<td>20.000 puntos, 250 tracks gpx guardados, 300 actividades de ejercicio guardadas<\/td>\n<\/tr>\n<\/tbody>\n<\/table>\n<table>\n<tbody>\n<tr>\n<td colspan=\"2\"><strong>Sensores<\/strong><\/td>\n<\/tr>\n<tr>\n<td>Alt\u00edmetro barom\u00e9trico<\/td>\n<td>Si<\/td>\n<\/tr>\n<tr>\n<td>Br\u00fajula<\/td>\n<td>S\u00ed (tres ejes con inclinaci\u00f3n compensada)<\/td>\n<\/tr>\n<\/tbody>\n<\/table>\n<table>\n<tbody>\n<tr>\n<td colspan=\"2\"><strong>Funciones de ocio al aire libre<\/strong><\/td>\n<\/tr>\n<tr>\n<td>C\u00e1lculo de \u00e1reas<\/td>\n<td>Si<\/td>\n<\/tr>\n<tr>\n<td>Creaci\u00f3n autom\u00e1tica de rutas (giro a giro en carretera)<\/td>\n<td>S\u00ed (con mapas opcionales con informaci\u00f3n detallada de las carreteras)<\/td>\n<\/tr>\n<tr>\n<td><a href=\"https:\/\/www.geocaching.com\/\">Modo geocaching<\/a><\/td>\n<td>S\u00ed (paperless)<\/td>\n<\/tr>\n<tr>\n<td><a href=\"https:\/\/support.garmin.com\/es-ES\/?faq=cVuMqGHWaM7wTFWMkPNLN9\">Compatible con los mapas personalizados<\/a><\/td>\n<td>Si<\/td>\n<\/tr>\n<tr>\n<td>Calendario de caza y pesca<\/td>\n<td>Si<\/td>\n<\/tr>\n<tr>\n<td>Informaci\u00f3n astron\u00f3mica<\/td>\n<td>Si<\/td>\n<\/tr>\n<tr>\n<td>Camera<\/td>\n<td>No<\/td>\n<\/tr>\n<tr>\n<td>Visor de im\u00e1genes<\/td>\n<td>Si<\/td>\n<\/tr>\n<\/tbody>\n<\/table>\n<table>\n<tbody>\n<tr>\n<td colspan=\"2\"><strong>Garmin Connect\u2122<\/strong><\/td>\n<\/tr>\n<tr>\n<td>Compatible con Garmin Connect\u2122 (comunidad online en la que puedes analizar, clasificar y compartir datos)<\/td>\n<td>Si<\/td>\n<\/tr>\n<\/tbody>\n<\/table>\n<table>\n<tbody>\n<tr>\n<td colspan=\"2\"><strong>Adicional<\/strong><\/td>\n<\/tr>\n<tr>\n<td>Caracter\u00edsticas adicionales<\/td>\n<td>Compatibilidad con Garmin Explore: s\u00ed<\/p>\n<p>Compatibilidad con Garmin Connect IQ: s\u00ed<\/p>\n<p>Compatibilidad inal\u00e1mbrica: s\u00ed (Wi-Fi, Bluetooth y ANT+)<\/p>\n<p>Segmentos de mapas: 15.000<\/p>\n<p>Tiempo activo: s\u00ed<\/p>\n<p>Notificaciones inteligentes: s\u00ed<\/p>\n<p>Seguimiento en directo: s\u00ed (con)\u00a0<a href=\"https:\/\/buy.garmin.com\/es-ES\/ES\/prod125677.html\">Garmin Connect\u2122\u00a0Mobile<\/a><\/p>\n<p>BirdsEye directamente en el dispositivo: s\u00ed (no requiere suscripci\u00f3n anual)<\/p>\n<p>Resistencia conforme con MIL-STD-810G para ofrecer un rendimiento t\u00e9rmico \u00f3ptimo y resistencia frente a los golpes y el agua<\/td>\n<\/tr>\n<\/tbody>\n<\/table>\n<p>Mas Informacion Ver:\u00a0<a href=\"https:\/\/cosola.com\/images\/archivos\/Garmin_Map66S.pdf\"><img loading=\"lazy\" decoding=\"async\" src=\"https:\/\/cosola.com\/images\/logos\/Logo-PDF.png\" alt=\"Logo-PDF\" width=\"70\" height=\"70\" \/><\/a><\/p>\n","protected":false},"excerpt":{"rendered":"<table>\n<tbody>\n<tr>\n<td colspan=\"2\">\n<h3><strong>Caracter\u00edsticas f\u00edsicas y de\u00a0 rendimiento<\/strong><\/h3>\n<\/td>\n<\/tr>\n<tr>\n<td>Dimensiones de la unidad (Ancho\/Alto\/Profundidad)<\/td>\n<td>6,2 x 16,3 x 3,5 cm<\/td>\n<\/tr>\n<tr>\n<td>Tama\u00f1o de la pantalla (Ancho\/Alto)<\/td>\n<td>3,8 x 6,3 cm; 3&#8243; en diagonal<\/td>\n<\/tr>\n<tr>\n<td>Resoluci\u00f3n de pantalla (Ancho\/Alto)<\/td>\n<td>240\u00a0x\u00a0400\u00a0p\u00edxeles<\/td>\n<\/tr>\n<tr>\n<td>Tipo de pantalla<\/td>\n<td>TFT transflectiva en color<\/td>\n<\/tr>\n<tr>\n<td>Peso<\/td>\n<td>230 g con pilas<\/td>\n<\/tr>\n<tr>\n<td>Bater\u00eda<\/td>\n<td>2 pilas AA (no incluidas); se recomienda NiMH o litio<\/td>\n<\/tr>\n<\/tbody>\n<\/table>\n","protected":false},"featured_media":37283,"comment_status":"closed","ping_status":"closed","template":"","meta":[],"product_brand":[102],"product_cat":[79],"product_tag":[155,146],"class_list":{"0":"post-37282","1":"product","2":"type-product","3":"status-publish","4":"has-post-thumbnail","6":"product_brand-garmin","7":"product_cat-gps-navegadores","8":"product_tag-gps-navegador","9":"product_tag-topografia","11":"first","12":"instock","13":"shipping-taxable","14":"product-type-simple"},"yoast_head":"<!-- This site is optimized with the Yoast SEO plugin v27.2 - https:\/\/yoast.com\/product\/yoast-seo-wordpress\/ -->\n<title>GPS GARMIN MAP 66S - Topograf\u00eda, Geolog\u00eda, Miner\u00eda y Equipamiento de Oficina<\/title>\n<meta name=\"robots\" content=\"index, follow, max-snippet:-1, max-image-preview:large, max-video-preview:-1\" \/>\n<link rel=\"canonical\" href=\"https:\/\/beiroperu.com\/tienda\/catalogo\/topografia\/gps-navegadores\/gps-garmin-map-66s\/\" \/>\n<meta property=\"og:locale\" content=\"es_ES\" \/>\n<meta property=\"og:type\" content=\"article\" \/>\n<meta property=\"og:title\" content=\"GPS GARMIN MAP 66S - Topograf\u00eda, Geolog\u00eda, Miner\u00eda y Equipamiento de Oficina\" \/>\n<meta property=\"og:description\" content=\"Caracter\u00edsticas f\u00edsicas y de\u00a0 rendimiento    Dimensiones de la unidad (Ancho\/Alto\/Profundidad) 6,2 x 16,3 x 3,5 cm   Tama\u00f1o de la pantalla (Ancho\/Alto) 3,8 x 6,3 cm; 3&quot; en diagonal   Resoluci\u00f3n de pantalla (Ancho\/Alto) 240\u00a0x\u00a0400\u00a0p\u00edxeles   Tipo de pantalla TFT transflectiva en color   Peso 230 g con pilas   Bater\u00eda 2 pilas AA (no incluidas); se recomienda NiMH o litio\" \/>\n<meta property=\"og:url\" content=\"https:\/\/beiroperu.com\/tienda\/catalogo\/topografia\/gps-navegadores\/gps-garmin-map-66s\/\" \/>\n<meta property=\"og:site_name\" content=\"Topograf\u00eda, Geolog\u00eda, Miner\u00eda y Equipamiento de Oficina\" \/>\n<meta property=\"article:publisher\" content=\"https:\/\/www.facebook.com\/profile.php?id=61574959587714\" \/>\n<meta property=\"article:modified_time\" content=\"2026-03-31T12:49:41+00:00\" \/>\n<meta property=\"og:image\" content=\"https:\/\/beiroperu.com\/tienda\/wp-content\/uploads\/2026\/03\/garmin-map-66s-gps-navegador-1.jpg\" \/>\n\t<meta property=\"og:image:width\" content=\"800\" \/>\n\t<meta property=\"og:image:height\" content=\"930\" \/>\n\t<meta property=\"og:image:type\" content=\"image\/jpeg\" \/>\n<meta name=\"twitter:card\" content=\"summary_large_image\" \/>\n<meta name=\"twitter:label1\" content=\"Tiempo de lectura\" \/>\n\t<meta name=\"twitter:data1\" content=\"2 minutos\" \/>\n<script type=\"application\/ld+json\" class=\"yoast-schema-graph\">{\"@context\":\"https:\/\/schema.org\",\"@graph\":[{\"@type\":\"WebPage\",\"@id\":\"https:\/\/beiroperu.com\/tienda\/catalogo\/topografia\/gps-navegadores\/gps-garmin-map-66s\/\",\"url\":\"https:\/\/beiroperu.com\/tienda\/catalogo\/topografia\/gps-navegadores\/gps-garmin-map-66s\/\",\"name\":\"GPS GARMIN MAP 66S - Topograf\u00eda, Geolog\u00eda, Miner\u00eda y Equipamiento de Oficina\",\"isPartOf\":{\"@id\":\"https:\/\/beiroperu.com\/tienda\/#website\"},\"primaryImageOfPage\":{\"@id\":\"https:\/\/beiroperu.com\/tienda\/catalogo\/topografia\/gps-navegadores\/gps-garmin-map-66s\/#primaryimage\"},\"image\":{\"@id\":\"https:\/\/beiroperu.com\/tienda\/catalogo\/topografia\/gps-navegadores\/gps-garmin-map-66s\/#primaryimage\"},\"thumbnailUrl\":\"https:\/\/beiroperu.com\/tienda\/wp-content\/uploads\/2026\/03\/garmin-map-66s-gps-navegador-1.jpg\",\"datePublished\":\"2026-03-31T12:49:40+00:00\",\"dateModified\":\"2026-03-31T12:49:41+00:00\",\"breadcrumb\":{\"@id\":\"https:\/\/beiroperu.com\/tienda\/catalogo\/topografia\/gps-navegadores\/gps-garmin-map-66s\/#breadcrumb\"},\"inLanguage\":\"es\",\"potentialAction\":[{\"@type\":\"ReadAction\",\"target\":[\"https:\/\/beiroperu.com\/tienda\/catalogo\/topografia\/gps-navegadores\/gps-garmin-map-66s\/\"]}]},{\"@type\":\"ImageObject\",\"inLanguage\":\"es\",\"@id\":\"https:\/\/beiroperu.com\/tienda\/catalogo\/topografia\/gps-navegadores\/gps-garmin-map-66s\/#primaryimage\",\"url\":\"https:\/\/beiroperu.com\/tienda\/wp-content\/uploads\/2026\/03\/garmin-map-66s-gps-navegador-1.jpg\",\"contentUrl\":\"https:\/\/beiroperu.com\/tienda\/wp-content\/uploads\/2026\/03\/garmin-map-66s-gps-navegador-1.jpg\",\"width\":800,\"height\":930},{\"@type\":\"BreadcrumbList\",\"@id\":\"https:\/\/beiroperu.com\/tienda\/catalogo\/topografia\/gps-navegadores\/gps-garmin-map-66s\/#breadcrumb\",\"itemListElement\":[{\"@type\":\"ListItem\",\"position\":1,\"name\":\"Portada\",\"item\":\"https:\/\/beiroperu.com\/tienda\/\"},{\"@type\":\"ListItem\",\"position\":2,\"name\":\"Shop\",\"item\":\"https:\/\/beiroperu.com\/tienda\/shop\/\"},{\"@type\":\"ListItem\",\"position\":3,\"name\":\"GPS GARMIN MAP 66S\"}]},{\"@type\":\"WebSite\",\"@id\":\"https:\/\/beiroperu.com\/tienda\/#website\",\"url\":\"https:\/\/beiroperu.com\/tienda\/\",\"name\":\"Topograf\u00eda, Geolog\u00eda, Miner\u00eda y Equipamiento de Oficina\",\"description\":\"Beiro Per\u00fa\",\"publisher\":{\"@id\":\"https:\/\/beiroperu.com\/tienda\/#organization\"},\"alternateName\":\"Beiro Per\u00fa\",\"potentialAction\":[{\"@type\":\"SearchAction\",\"target\":{\"@type\":\"EntryPoint\",\"urlTemplate\":\"https:\/\/beiroperu.com\/tienda\/?s={search_term_string}\"},\"query-input\":{\"@type\":\"PropertyValueSpecification\",\"valueRequired\":true,\"valueName\":\"search_term_string\"}}],\"inLanguage\":\"es\"},{\"@type\":\"Organization\",\"@id\":\"https:\/\/beiroperu.com\/tienda\/#organization\",\"name\":\"Beiro\",\"alternateName\":\"Beiro Per\u00fa\",\"url\":\"https:\/\/beiroperu.com\/tienda\/\",\"logo\":{\"@type\":\"ImageObject\",\"inLanguage\":\"es\",\"@id\":\"https:\/\/beiroperu.com\/tienda\/#\/schema\/logo\/image\/\",\"url\":\"https:\/\/beiroperu.com\/tienda\/wp-content\/uploads\/2026\/03\/logo-beiro.jpeg\",\"contentUrl\":\"https:\/\/beiroperu.com\/tienda\/wp-content\/uploads\/2026\/03\/logo-beiro.jpeg\",\"width\":322,\"height\":123,\"caption\":\"Beiro\"},\"image\":{\"@id\":\"https:\/\/beiroperu.com\/tienda\/#\/schema\/logo\/image\/\"},\"sameAs\":[\"https:\/\/www.facebook.com\/profile.php?id=61574959587714\",\"https:\/\/www.instagram.com\/beiro_equipos_topograficos?igsh=cG11NHowcmp1dzFq\",\"https:\/\/www.threads.com\/@beiro_equipos_topograficos\"]}]}<\/script>\n<!-- \/ Yoast SEO plugin. -->","yoast_head_json":{"title":"GPS GARMIN MAP 66S - Topograf\u00eda, Geolog\u00eda, Miner\u00eda y Equipamiento de Oficina","robots":{"index":"index","follow":"follow","max-snippet":"max-snippet:-1","max-image-preview":"max-image-preview:large","max-video-preview":"max-video-preview:-1"},"canonical":"https:\/\/beiroperu.com\/tienda\/catalogo\/topografia\/gps-navegadores\/gps-garmin-map-66s\/","og_locale":"es_ES","og_type":"article","og_title":"GPS GARMIN MAP 66S - Topograf\u00eda, Geolog\u00eda, Miner\u00eda y Equipamiento de Oficina","og_description":"Caracter\u00edsticas f\u00edsicas y de\u00a0 rendimiento    Dimensiones de la unidad (Ancho\/Alto\/Profundidad) 6,2 x 16,3 x 3,5 cm   Tama\u00f1o de la pantalla (Ancho\/Alto) 3,8 x 6,3 cm; 3\" en diagonal   Resoluci\u00f3n de pantalla (Ancho\/Alto) 240\u00a0x\u00a0400\u00a0p\u00edxeles   Tipo de pantalla TFT transflectiva en color   Peso 230 g con pilas   Bater\u00eda 2 pilas AA (no incluidas); se recomienda NiMH o litio","og_url":"https:\/\/beiroperu.com\/tienda\/catalogo\/topografia\/gps-navegadores\/gps-garmin-map-66s\/","og_site_name":"Topograf\u00eda, Geolog\u00eda, Miner\u00eda y Equipamiento de Oficina","article_publisher":"https:\/\/www.facebook.com\/profile.php?id=61574959587714","article_modified_time":"2026-03-31T12:49:41+00:00","og_image":[{"width":800,"height":930,"url":"https:\/\/beiroperu.com\/tienda\/wp-content\/uploads\/2026\/03\/garmin-map-66s-gps-navegador-1.jpg","type":"image\/jpeg"}],"twitter_card":"summary_large_image","twitter_misc":{"Tiempo de lectura":"2 minutos"},"schema":{"@context":"https:\/\/schema.org","@graph":[{"@type":"WebPage","@id":"https:\/\/beiroperu.com\/tienda\/catalogo\/topografia\/gps-navegadores\/gps-garmin-map-66s\/","url":"https:\/\/beiroperu.com\/tienda\/catalogo\/topografia\/gps-navegadores\/gps-garmin-map-66s\/","name":"GPS GARMIN MAP 66S - Topograf\u00eda, Geolog\u00eda, Miner\u00eda y Equipamiento de Oficina","isPartOf":{"@id":"https:\/\/beiroperu.com\/tienda\/#website"},"primaryImageOfPage":{"@id":"https:\/\/beiroperu.com\/tienda\/catalogo\/topografia\/gps-navegadores\/gps-garmin-map-66s\/#primaryimage"},"image":{"@id":"https:\/\/beiroperu.com\/tienda\/catalogo\/topografia\/gps-navegadores\/gps-garmin-map-66s\/#primaryimage"},"thumbnailUrl":"https:\/\/beiroperu.com\/tienda\/wp-content\/uploads\/2026\/03\/garmin-map-66s-gps-navegador-1.jpg","datePublished":"2026-03-31T12:49:40+00:00","dateModified":"2026-03-31T12:49:41+00:00","breadcrumb":{"@id":"https:\/\/beiroperu.com\/tienda\/catalogo\/topografia\/gps-navegadores\/gps-garmin-map-66s\/#breadcrumb"},"inLanguage":"es","potentialAction":[{"@type":"ReadAction","target":["https:\/\/beiroperu.com\/tienda\/catalogo\/topografia\/gps-navegadores\/gps-garmin-map-66s\/"]}]},{"@type":"ImageObject","inLanguage":"es","@id":"https:\/\/beiroperu.com\/tienda\/catalogo\/topografia\/gps-navegadores\/gps-garmin-map-66s\/#primaryimage","url":"https:\/\/beiroperu.com\/tienda\/wp-content\/uploads\/2026\/03\/garmin-map-66s-gps-navegador-1.jpg","contentUrl":"https:\/\/beiroperu.com\/tienda\/wp-content\/uploads\/2026\/03\/garmin-map-66s-gps-navegador-1.jpg","width":800,"height":930},{"@type":"BreadcrumbList","@id":"https:\/\/beiroperu.com\/tienda\/catalogo\/topografia\/gps-navegadores\/gps-garmin-map-66s\/#breadcrumb","itemListElement":[{"@type":"ListItem","position":1,"name":"Portada","item":"https:\/\/beiroperu.com\/tienda\/"},{"@type":"ListItem","position":2,"name":"Shop","item":"https:\/\/beiroperu.com\/tienda\/shop\/"},{"@type":"ListItem","position":3,"name":"GPS GARMIN MAP 66S"}]},{"@type":"WebSite","@id":"https:\/\/beiroperu.com\/tienda\/#website","url":"https:\/\/beiroperu.com\/tienda\/","name":"Topograf\u00eda, Geolog\u00eda, Miner\u00eda y Equipamiento de Oficina","description":"Beiro Per\u00fa","publisher":{"@id":"https:\/\/beiroperu.com\/tienda\/#organization"},"alternateName":"Beiro Per\u00fa","potentialAction":[{"@type":"SearchAction","target":{"@type":"EntryPoint","urlTemplate":"https:\/\/beiroperu.com\/tienda\/?s={search_term_string}"},"query-input":{"@type":"PropertyValueSpecification","valueRequired":true,"valueName":"search_term_string"}}],"inLanguage":"es"},{"@type":"Organization","@id":"https:\/\/beiroperu.com\/tienda\/#organization","name":"Beiro","alternateName":"Beiro Per\u00fa","url":"https:\/\/beiroperu.com\/tienda\/","logo":{"@type":"ImageObject","inLanguage":"es","@id":"https:\/\/beiroperu.com\/tienda\/#\/schema\/logo\/image\/","url":"https:\/\/beiroperu.com\/tienda\/wp-content\/uploads\/2026\/03\/logo-beiro.jpeg","contentUrl":"https:\/\/beiroperu.com\/tienda\/wp-content\/uploads\/2026\/03\/logo-beiro.jpeg","width":322,"height":123,"caption":"Beiro"},"image":{"@id":"https:\/\/beiroperu.com\/tienda\/#\/schema\/logo\/image\/"},"sameAs":["https:\/\/www.facebook.com\/profile.php?id=61574959587714","https:\/\/www.instagram.com\/beiro_equipos_topograficos?igsh=cG11NHowcmp1dzFq","https:\/\/www.threads.com\/@beiro_equipos_topograficos"]}]}},"_links":{"self":[{"href":"https:\/\/beiroperu.com\/tienda\/wp-json\/wp\/v2\/product\/37282","targetHints":{"allow":["GET"]}}],"collection":[{"href":"https:\/\/beiroperu.com\/tienda\/wp-json\/wp\/v2\/product"}],"about":[{"href":"https:\/\/beiroperu.com\/tienda\/wp-json\/wp\/v2\/types\/product"}],"replies":[{"embeddable":true,"href":"https:\/\/beiroperu.com\/tienda\/wp-json\/wp\/v2\/comments?post=37282"}],"wp:featuredmedia":[{"embeddable":true,"href":"https:\/\/beiroperu.com\/tienda\/wp-json\/wp\/v2\/media\/37283"}],"wp:attachment":[{"href":"https:\/\/beiroperu.com\/tienda\/wp-json\/wp\/v2\/media?parent=37282"}],"wp:term":[{"taxonomy":"product_brand","embeddable":true,"href":"https:\/\/beiroperu.com\/tienda\/wp-json\/wp\/v2\/product_brand?post=37282"},{"taxonomy":"product_cat","embeddable":true,"href":"https:\/\/beiroperu.com\/tienda\/wp-json\/wp\/v2\/product_cat?post=37282"},{"taxonomy":"product_tag","embeddable":true,"href":"https:\/\/beiroperu.com\/tienda\/wp-json\/wp\/v2\/product_tag?post=37282"}],"curies":[{"name":"wp","href":"https:\/\/api.w.org\/{rel}","templated":true}]}}