{"id":37289,"date":"2026-03-31T08:06:14","date_gmt":"2026-03-31T13:06:14","guid":{"rendered":"https:\/\/beiroperu.com\/tienda\/?post_type=product&#038;p=37289"},"modified":"2026-03-31T08:06:15","modified_gmt":"2026-03-31T13:06:15","slug":"garmin-map-64x","status":"publish","type":"product","link":"https:\/\/beiroperu.com\/tienda\/catalogo\/topografia\/gps-navegadores\/garmin-map-64x\/","title":{"rendered":"GARMIN MAP 64X"},"content":{"rendered":"<h3><strong>Explora el mundo con una navegaci\u00f3n fiable a mano<\/strong><\/h3>\n<p>Navega por tu siguiente aventura con los navegadores de mano de la serie GPSMAP 64x.podr\u00e1s explorar\u00a0m\u00e1s con la mejor navegaci\u00f3n de Garmin en la palma de tu mano,ofrecen compatibilidad con varios sistemas GNSS.<\/p>\n<p><strong>SEGURIDAD ANTE TODO<br \/>\n<\/strong>Gracias a su antena cuadrifilar helicoidal, su receptor de alta sensibilidad y la\u00a0compatibilidad con varios sistemas de navegaci\u00f3n global.<\/p>\n<p><strong>A\u00d1ADE MAPAS<br \/>\n<\/strong>memoria interna de 8\u00a0GB y una ranura para tarjeta microSD\u2122 que permite\u00a0ampliar el almacenamiento, puedes descargar con comodidad incluso m\u00e1s\u00a0mapas.<\/p>\n<p><strong>IMAGES POR SATELITE<br \/>\n<\/strong>La serie GPSMAP 64x tambi\u00e9n es compatible con\u00a0Im\u00e1genes por sat\u00e9liteBirds Eye\u00a0(requiere suscripci\u00f3n)\u00a0de forma que podr\u00e1s cargar im\u00e1genes por sat\u00e9lite e integrarlas en tus mapas.<\/p>\n<p><strong>DESCRUBRE LA DIVERSI\u00d3N<\/strong><\/p>\n<p>La serie GPSMAP 64x cuenta con funciones de\u00a0geocaching sin papeles.\u00a0Carga\u00a0archivos \u00a0 GPX directamente en el dispositivo y visualiza informaci\u00f3n clave como la ubicaci\u00f3n,el terreno y consejos de\u00a0Geocaching.com.<\/p>\n<p>&nbsp;<\/p>\n<table>\n<tbody>\n<tr>\n<td><strong>EQUIPO<\/strong><\/td>\n<td>GPSMAP 64x<\/td>\n<\/tr>\n<tr>\n<td>Bicicletas aptas<\/td>\n<td>5000<\/td>\n<\/tr>\n<tr>\n<td>Altura<\/td>\n<td>Si<\/td>\n<\/tr>\n<tr>\n<td>Descripci\u00f3n general<\/td>\n<td>Dispositivo port\u00e1til resistente con GPS\/GLONASS, conectividad inal\u00e1mbrica y c\u00e1mara digital<\/td>\n<\/tr>\n<tr>\n<td>Bater\u00eda<\/td>\n<td>Recomendable bater\u00edas de litio y NiMH recargables (no incluidas) o 2 pilas AA (no incluidas)<\/td>\n<\/tr>\n<tr>\n<td>Duraci\u00f3n de bater\u00eda<\/td>\n<td>Hasta 16 horas<\/td>\n<\/tr>\n<tr>\n<td>Peso<\/td>\n<td>230 gramos<\/td>\n<\/tr>\n<tr>\n<td>Tama\u00f1o de la pantalla (ancho\/alto)<\/td>\n<td>160 x 240 p\u00edxeles<\/td>\n<\/tr>\n<tr>\n<td>Transferencia de unidad a unidad<\/td>\n<td>3,6 x 5,5 cm<\/td>\n<\/tr>\n<tr>\n<td>Resistencia al agua<\/td>\n<td>Si<\/td>\n<\/tr>\n<tr>\n<td>Dimensiones de la Unidad (ancho\/alto\/profundidad)<\/td>\n<td>6,1 x 10 x 3,6<\/td>\n<\/tr>\n<tr>\n<td>Pantalla a color<\/td>\n<td>Si<\/td>\n<\/tr>\n<tr>\n<td>Pantalla modo negativo<\/td>\n<td>Si<\/td>\n<\/tr>\n<tr>\n<td>Notificaciones inteligentes (muestra correo electr\u00f3nico, texto y otras alertas vinculado a tu tel\u00e9fono )<\/td>\n<td>Si<\/td>\n<\/tr>\n<tr>\n<td>Buscar en mi tel\u00e9fono<\/td>\n<td>Si<\/td>\n<\/tr>\n<tr>\n<td>Br\u00fajula electr\u00f3nica<\/td>\n<td>se recomiendan bater\u00edas de litio o NiMH<\/td>\n<\/tr>\n<tr>\n<td>Alt\u00edmetro barom\u00e9trico<\/td>\n<td>Si<\/td>\n<\/tr>\n<tr>\n<td>Control de m\u00fasica<\/td>\n<td>Negro\/Gris<\/td>\n<\/tr>\n<tr>\n<td>Mapa base precargado<\/td>\n<td>Topo Andes<\/td>\n<\/tr>\n<tr>\n<td>Puntos de interes personalizados<\/td>\n<td>Si<\/td>\n<\/tr>\n<tr>\n<td>Memoria interna<\/td>\n<td>8GB<\/td>\n<\/tr>\n<tr>\n<td>Track log<\/td>\n<td>200<\/td>\n<\/tr>\n<tr>\n<td>Waypoints<\/td>\n<td>10000 puntos, 200 tracks guardados<\/td>\n<\/tr>\n<tr>\n<td>Historial de actividades<\/td>\n<td>Tarjeta microSD (no incluida)<\/td>\n<\/tr>\n<tr>\n<td>Rutas<\/td>\n<td>Si<\/td>\n<\/tr>\n<\/tbody>\n<\/table>\n<h3><\/h3>\n<h3><strong>El equipo contiene:<\/strong><\/h3>\n<ul>\n<li>GPSMAP 66s<\/li>\n<li>Cable USB<\/li>\n<li>Gu\u00eda de Inicio r\u00e1pido<strong>Mas Informaci\u00f3n Ver manual :\u00a0<\/strong><a href=\"https:\/\/www8.garmin.com\/manuals\/webhelp\/gpsmap64\/ES-XM\/GUID-075511A0-202A-4CFE-BAB0-AD9EDE0024BA-homepage.html\">https:\/\/www8.garmin.com\/manuals\/webhelp\/gpsmap64\/ES-XM\/GUID-075511A0-202A-4CFE-BAB0-AD9EDE0024BA-homepage.html<\/a><\/li>\n<\/ul>\n","protected":false},"excerpt":{"rendered":"<h3><strong>Explora el mundo con una navegaci\u00f3n fiable a mano<\/strong><\/h3>\n<p>Navega por tu siguiente aventura con los navegadores de mano de la serie GPSMAP 64x.podr\u00e1s explorar\u00a0m\u00e1s con la mejor navegaci\u00f3n de Garmin en la palma de tu mano,ofrecen compatibilidad con varios sistemas GNSS.<\/p>\n","protected":false},"featured_media":37290,"comment_status":"closed","ping_status":"closed","template":"","meta":[],"product_brand":[102],"product_cat":[79],"product_tag":[155,146],"class_list":{"0":"post-37289","1":"product","2":"type-product","3":"status-publish","4":"has-post-thumbnail","6":"product_brand-garmin","7":"product_cat-gps-navegadores","8":"product_tag-gps-navegador","9":"product_tag-topografia","11":"first","12":"instock","13":"shipping-taxable","14":"product-type-simple"},"yoast_head":"<!-- This site is optimized with the Yoast SEO plugin v27.2 - https:\/\/yoast.com\/product\/yoast-seo-wordpress\/ -->\n<title>GARMIN MAP 64X - Topograf\u00eda, Geolog\u00eda, Miner\u00eda y Equipamiento de Oficina<\/title>\n<meta name=\"robots\" content=\"index, follow, max-snippet:-1, max-image-preview:large, max-video-preview:-1\" \/>\n<link rel=\"canonical\" href=\"https:\/\/beiroperu.com\/tienda\/catalogo\/topografia\/gps-navegadores\/garmin-map-64x\/\" \/>\n<meta property=\"og:locale\" content=\"es_ES\" \/>\n<meta property=\"og:type\" content=\"article\" \/>\n<meta property=\"og:title\" content=\"GARMIN MAP 64X - Topograf\u00eda, Geolog\u00eda, Miner\u00eda y Equipamiento de Oficina\" \/>\n<meta property=\"og:description\" content=\"Explora el mundo con una navegaci\u00f3n fiable a mano Navega por tu siguiente aventura con los navegadores de mano de la serie GPSMAP 64x.podr\u00e1s explorar\u00a0m\u00e1s con la mejor navegaci\u00f3n de Garmin en la palma de tu mano,ofrecen compatibilidad con varios sistemas GNSS.\" \/>\n<meta property=\"og:url\" content=\"https:\/\/beiroperu.com\/tienda\/catalogo\/topografia\/gps-navegadores\/garmin-map-64x\/\" \/>\n<meta property=\"og:site_name\" content=\"Topograf\u00eda, Geolog\u00eda, Miner\u00eda y Equipamiento de Oficina\" \/>\n<meta property=\"article:publisher\" content=\"https:\/\/www.facebook.com\/profile.php?id=61574959587714\" \/>\n<meta property=\"article:modified_time\" content=\"2026-03-31T13:06:15+00:00\" \/>\n<meta property=\"og:image\" content=\"https:\/\/beiroperu.com\/tienda\/wp-content\/uploads\/2026\/03\/garmin-map-64x-gps-navegador-1.jpg\" \/>\n\t<meta property=\"og:image:width\" content=\"800\" \/>\n\t<meta property=\"og:image:height\" content=\"930\" \/>\n\t<meta property=\"og:image:type\" content=\"image\/jpeg\" \/>\n<meta name=\"twitter:card\" content=\"summary_large_image\" \/>\n<meta name=\"twitter:label1\" content=\"Tiempo de lectura\" \/>\n\t<meta name=\"twitter:data1\" content=\"2 minutos\" \/>\n<script type=\"application\/ld+json\" class=\"yoast-schema-graph\">{\"@context\":\"https:\/\/schema.org\",\"@graph\":[{\"@type\":\"WebPage\",\"@id\":\"https:\/\/beiroperu.com\/tienda\/catalogo\/topografia\/gps-navegadores\/garmin-map-64x\/\",\"url\":\"https:\/\/beiroperu.com\/tienda\/catalogo\/topografia\/gps-navegadores\/garmin-map-64x\/\",\"name\":\"GARMIN MAP 64X - Topograf\u00eda, Geolog\u00eda, Miner\u00eda y Equipamiento de Oficina\",\"isPartOf\":{\"@id\":\"https:\/\/beiroperu.com\/tienda\/#website\"},\"primaryImageOfPage\":{\"@id\":\"https:\/\/beiroperu.com\/tienda\/catalogo\/topografia\/gps-navegadores\/garmin-map-64x\/#primaryimage\"},\"image\":{\"@id\":\"https:\/\/beiroperu.com\/tienda\/catalogo\/topografia\/gps-navegadores\/garmin-map-64x\/#primaryimage\"},\"thumbnailUrl\":\"https:\/\/beiroperu.com\/tienda\/wp-content\/uploads\/2026\/03\/garmin-map-64x-gps-navegador-1.jpg\",\"datePublished\":\"2026-03-31T13:06:14+00:00\",\"dateModified\":\"2026-03-31T13:06:15+00:00\",\"breadcrumb\":{\"@id\":\"https:\/\/beiroperu.com\/tienda\/catalogo\/topografia\/gps-navegadores\/garmin-map-64x\/#breadcrumb\"},\"inLanguage\":\"es\",\"potentialAction\":[{\"@type\":\"ReadAction\",\"target\":[\"https:\/\/beiroperu.com\/tienda\/catalogo\/topografia\/gps-navegadores\/garmin-map-64x\/\"]}]},{\"@type\":\"ImageObject\",\"inLanguage\":\"es\",\"@id\":\"https:\/\/beiroperu.com\/tienda\/catalogo\/topografia\/gps-navegadores\/garmin-map-64x\/#primaryimage\",\"url\":\"https:\/\/beiroperu.com\/tienda\/wp-content\/uploads\/2026\/03\/garmin-map-64x-gps-navegador-1.jpg\",\"contentUrl\":\"https:\/\/beiroperu.com\/tienda\/wp-content\/uploads\/2026\/03\/garmin-map-64x-gps-navegador-1.jpg\",\"width\":800,\"height\":930},{\"@type\":\"BreadcrumbList\",\"@id\":\"https:\/\/beiroperu.com\/tienda\/catalogo\/topografia\/gps-navegadores\/garmin-map-64x\/#breadcrumb\",\"itemListElement\":[{\"@type\":\"ListItem\",\"position\":1,\"name\":\"Portada\",\"item\":\"https:\/\/beiroperu.com\/tienda\/\"},{\"@type\":\"ListItem\",\"position\":2,\"name\":\"Shop\",\"item\":\"https:\/\/beiroperu.com\/tienda\/shop\/\"},{\"@type\":\"ListItem\",\"position\":3,\"name\":\"GARMIN MAP 64X\"}]},{\"@type\":\"WebSite\",\"@id\":\"https:\/\/beiroperu.com\/tienda\/#website\",\"url\":\"https:\/\/beiroperu.com\/tienda\/\",\"name\":\"Topograf\u00eda, Geolog\u00eda, Miner\u00eda y Equipamiento de Oficina\",\"description\":\"Beiro Per\u00fa\",\"publisher\":{\"@id\":\"https:\/\/beiroperu.com\/tienda\/#organization\"},\"alternateName\":\"Beiro Per\u00fa\",\"potentialAction\":[{\"@type\":\"SearchAction\",\"target\":{\"@type\":\"EntryPoint\",\"urlTemplate\":\"https:\/\/beiroperu.com\/tienda\/?s={search_term_string}\"},\"query-input\":{\"@type\":\"PropertyValueSpecification\",\"valueRequired\":true,\"valueName\":\"search_term_string\"}}],\"inLanguage\":\"es\"},{\"@type\":\"Organization\",\"@id\":\"https:\/\/beiroperu.com\/tienda\/#organization\",\"name\":\"Beiro\",\"alternateName\":\"Beiro Per\u00fa\",\"url\":\"https:\/\/beiroperu.com\/tienda\/\",\"logo\":{\"@type\":\"ImageObject\",\"inLanguage\":\"es\",\"@id\":\"https:\/\/beiroperu.com\/tienda\/#\/schema\/logo\/image\/\",\"url\":\"https:\/\/beiroperu.com\/tienda\/wp-content\/uploads\/2026\/03\/logo-beiro.jpeg\",\"contentUrl\":\"https:\/\/beiroperu.com\/tienda\/wp-content\/uploads\/2026\/03\/logo-beiro.jpeg\",\"width\":322,\"height\":123,\"caption\":\"Beiro\"},\"image\":{\"@id\":\"https:\/\/beiroperu.com\/tienda\/#\/schema\/logo\/image\/\"},\"sameAs\":[\"https:\/\/www.facebook.com\/profile.php?id=61574959587714\",\"https:\/\/www.instagram.com\/beiro_equipos_topograficos?igsh=cG11NHowcmp1dzFq\",\"https:\/\/www.threads.com\/@beiro_equipos_topograficos\"]}]}<\/script>\n<!-- \/ Yoast SEO plugin. -->","yoast_head_json":{"title":"GARMIN MAP 64X - Topograf\u00eda, Geolog\u00eda, Miner\u00eda y Equipamiento de Oficina","robots":{"index":"index","follow":"follow","max-snippet":"max-snippet:-1","max-image-preview":"max-image-preview:large","max-video-preview":"max-video-preview:-1"},"canonical":"https:\/\/beiroperu.com\/tienda\/catalogo\/topografia\/gps-navegadores\/garmin-map-64x\/","og_locale":"es_ES","og_type":"article","og_title":"GARMIN MAP 64X - Topograf\u00eda, Geolog\u00eda, Miner\u00eda y Equipamiento de Oficina","og_description":"Explora el mundo con una navegaci\u00f3n fiable a mano Navega por tu siguiente aventura con los navegadores de mano de la serie GPSMAP 64x.podr\u00e1s explorar\u00a0m\u00e1s con la mejor navegaci\u00f3n de Garmin en la palma de tu mano,ofrecen compatibilidad con varios sistemas GNSS.","og_url":"https:\/\/beiroperu.com\/tienda\/catalogo\/topografia\/gps-navegadores\/garmin-map-64x\/","og_site_name":"Topograf\u00eda, Geolog\u00eda, Miner\u00eda y Equipamiento de Oficina","article_publisher":"https:\/\/www.facebook.com\/profile.php?id=61574959587714","article_modified_time":"2026-03-31T13:06:15+00:00","og_image":[{"width":800,"height":930,"url":"https:\/\/beiroperu.com\/tienda\/wp-content\/uploads\/2026\/03\/garmin-map-64x-gps-navegador-1.jpg","type":"image\/jpeg"}],"twitter_card":"summary_large_image","twitter_misc":{"Tiempo de lectura":"2 minutos"},"schema":{"@context":"https:\/\/schema.org","@graph":[{"@type":"WebPage","@id":"https:\/\/beiroperu.com\/tienda\/catalogo\/topografia\/gps-navegadores\/garmin-map-64x\/","url":"https:\/\/beiroperu.com\/tienda\/catalogo\/topografia\/gps-navegadores\/garmin-map-64x\/","name":"GARMIN MAP 64X - Topograf\u00eda, Geolog\u00eda, Miner\u00eda y Equipamiento de Oficina","isPartOf":{"@id":"https:\/\/beiroperu.com\/tienda\/#website"},"primaryImageOfPage":{"@id":"https:\/\/beiroperu.com\/tienda\/catalogo\/topografia\/gps-navegadores\/garmin-map-64x\/#primaryimage"},"image":{"@id":"https:\/\/beiroperu.com\/tienda\/catalogo\/topografia\/gps-navegadores\/garmin-map-64x\/#primaryimage"},"thumbnailUrl":"https:\/\/beiroperu.com\/tienda\/wp-content\/uploads\/2026\/03\/garmin-map-64x-gps-navegador-1.jpg","datePublished":"2026-03-31T13:06:14+00:00","dateModified":"2026-03-31T13:06:15+00:00","breadcrumb":{"@id":"https:\/\/beiroperu.com\/tienda\/catalogo\/topografia\/gps-navegadores\/garmin-map-64x\/#breadcrumb"},"inLanguage":"es","potentialAction":[{"@type":"ReadAction","target":["https:\/\/beiroperu.com\/tienda\/catalogo\/topografia\/gps-navegadores\/garmin-map-64x\/"]}]},{"@type":"ImageObject","inLanguage":"es","@id":"https:\/\/beiroperu.com\/tienda\/catalogo\/topografia\/gps-navegadores\/garmin-map-64x\/#primaryimage","url":"https:\/\/beiroperu.com\/tienda\/wp-content\/uploads\/2026\/03\/garmin-map-64x-gps-navegador-1.jpg","contentUrl":"https:\/\/beiroperu.com\/tienda\/wp-content\/uploads\/2026\/03\/garmin-map-64x-gps-navegador-1.jpg","width":800,"height":930},{"@type":"BreadcrumbList","@id":"https:\/\/beiroperu.com\/tienda\/catalogo\/topografia\/gps-navegadores\/garmin-map-64x\/#breadcrumb","itemListElement":[{"@type":"ListItem","position":1,"name":"Portada","item":"https:\/\/beiroperu.com\/tienda\/"},{"@type":"ListItem","position":2,"name":"Shop","item":"https:\/\/beiroperu.com\/tienda\/shop\/"},{"@type":"ListItem","position":3,"name":"GARMIN MAP 64X"}]},{"@type":"WebSite","@id":"https:\/\/beiroperu.com\/tienda\/#website","url":"https:\/\/beiroperu.com\/tienda\/","name":"Topograf\u00eda, Geolog\u00eda, Miner\u00eda y Equipamiento de Oficina","description":"Beiro Per\u00fa","publisher":{"@id":"https:\/\/beiroperu.com\/tienda\/#organization"},"alternateName":"Beiro Per\u00fa","potentialAction":[{"@type":"SearchAction","target":{"@type":"EntryPoint","urlTemplate":"https:\/\/beiroperu.com\/tienda\/?s={search_term_string}"},"query-input":{"@type":"PropertyValueSpecification","valueRequired":true,"valueName":"search_term_string"}}],"inLanguage":"es"},{"@type":"Organization","@id":"https:\/\/beiroperu.com\/tienda\/#organization","name":"Beiro","alternateName":"Beiro Per\u00fa","url":"https:\/\/beiroperu.com\/tienda\/","logo":{"@type":"ImageObject","inLanguage":"es","@id":"https:\/\/beiroperu.com\/tienda\/#\/schema\/logo\/image\/","url":"https:\/\/beiroperu.com\/tienda\/wp-content\/uploads\/2026\/03\/logo-beiro.jpeg","contentUrl":"https:\/\/beiroperu.com\/tienda\/wp-content\/uploads\/2026\/03\/logo-beiro.jpeg","width":322,"height":123,"caption":"Beiro"},"image":{"@id":"https:\/\/beiroperu.com\/tienda\/#\/schema\/logo\/image\/"},"sameAs":["https:\/\/www.facebook.com\/profile.php?id=61574959587714","https:\/\/www.instagram.com\/beiro_equipos_topograficos?igsh=cG11NHowcmp1dzFq","https:\/\/www.threads.com\/@beiro_equipos_topograficos"]}]}},"_links":{"self":[{"href":"https:\/\/beiroperu.com\/tienda\/wp-json\/wp\/v2\/product\/37289","targetHints":{"allow":["GET"]}}],"collection":[{"href":"https:\/\/beiroperu.com\/tienda\/wp-json\/wp\/v2\/product"}],"about":[{"href":"https:\/\/beiroperu.com\/tienda\/wp-json\/wp\/v2\/types\/product"}],"replies":[{"embeddable":true,"href":"https:\/\/beiroperu.com\/tienda\/wp-json\/wp\/v2\/comments?post=37289"}],"wp:featuredmedia":[{"embeddable":true,"href":"https:\/\/beiroperu.com\/tienda\/wp-json\/wp\/v2\/media\/37290"}],"wp:attachment":[{"href":"https:\/\/beiroperu.com\/tienda\/wp-json\/wp\/v2\/media?parent=37289"}],"wp:term":[{"taxonomy":"product_brand","embeddable":true,"href":"https:\/\/beiroperu.com\/tienda\/wp-json\/wp\/v2\/product_brand?post=37289"},{"taxonomy":"product_cat","embeddable":true,"href":"https:\/\/beiroperu.com\/tienda\/wp-json\/wp\/v2\/product_cat?post=37289"},{"taxonomy":"product_tag","embeddable":true,"href":"https:\/\/beiroperu.com\/tienda\/wp-json\/wp\/v2\/product_tag?post=37289"}],"curies":[{"name":"wp","href":"https:\/\/api.w.org\/{rel}","templated":true}]}}