{"id":37291,"date":"2026-03-31T08:11:17","date_gmt":"2026-03-31T13:11:17","guid":{"rendered":"https:\/\/beiroperu.com\/tienda\/?post_type=product&#038;p=37291"},"modified":"2026-03-31T08:11:17","modified_gmt":"2026-03-31T13:11:17","slug":"garmin-etrex-22x","status":"publish","type":"product","link":"https:\/\/beiroperu.com\/tienda\/catalogo\/topografia\/gps-navegadores\/garmin-etrex-22x\/","title":{"rendered":"GARMIN ETREX 22X"},"content":{"rendered":"<p><strong>CACTERISTICAS TECNICAS:<\/strong><\/p>\n<table>\n<tbody>\n<tr>\n<td>Dimensiones de la unidad:<\/td>\n<td>2.1 \u00abx 4.0\u00bb x 1.3 \u00ab(5.4 x 10.3 x 3.3 cm)<\/td>\n<\/tr>\n<tr>\n<td>Tama\u00f1o de la pantalla:<\/td>\n<td>1.4 \u00abx 1.7\u00bb (3.6 x 4.3 cm); 2.2 \u00abdiag (5.6 cm)<\/td>\n<\/tr>\n<tr>\n<td>Resolucion de la pantalla:<\/td>\n<td>240 x 320 p\u00edxeles<\/td>\n<\/tr>\n<tr>\n<td>Tipo de pantalla:<\/td>\n<td>2.2 \u00abtransflectivo, 65K color TFT<\/td>\n<\/tr>\n<tr>\n<td>Peso:<\/td>\n<td>5 oz (141.7 g) con bater\u00edas<\/td>\n<\/tr>\n<tr>\n<td>Tipo de bateria:<\/td>\n<td>2 pilas AA (no incluidas); NiMH o litio recomendado<\/td>\n<\/tr>\n<tr>\n<td>Duracion de bateria:<\/td>\n<td>25 horas<\/td>\n<\/tr>\n<tr>\n<td>Resistencia al agua:<\/td>\n<td>IPX7<\/td>\n<\/tr>\n<tr>\n<td>Receptor de alta sensibilidad:<\/td>\n<td>s\u00ed<\/td>\n<\/tr>\n<tr>\n<td>Interfaz:<\/td>\n<td>mini USB<\/td>\n<\/tr>\n<tr>\n<td>Memoria \/ Historia:<\/td>\n<td>8 GB<\/td>\n<\/tr>\n<\/tbody>\n<\/table>\n<table>\n<tbody>\n<tr>\n<td colspan=\"2\">\n<h3>MAPAS Y MEMORIA<\/h3>\n<\/td>\n<\/tr>\n<tr>\n<td>Mapas preinstalados:<\/td>\n<td>s\u00ed (Per\u00fa Topo500k)<\/td>\n<\/tr>\n<tr>\n<td>Posibilidad de agregar mapas:<\/td>\n<td>s\u00ed<\/td>\n<\/tr>\n<tr>\n<td>Mapa base:<\/td>\n<td>s\u00ed<\/td>\n<\/tr>\n<tr>\n<td>Creacion automatica de rutas:<\/td>\n<td>s\u00ed<\/td>\n<\/tr>\n<tr>\n<td>Map SegMents:<\/td>\n<td>3000<\/td>\n<\/tr>\n<tr>\n<td>Birdseye<\/td>\n<td>250 BIrdsEye Imagery files<\/td>\n<\/tr>\n<tr>\n<td>INCLUDES DETAILED HYDROGRAPHIC FEATURES:<\/td>\n<td>s\u00ed<\/td>\n<\/tr>\n<tr>\n<td>INCLUDES SEARCHABLE POINTS OF INTERESTS:<\/td>\n<td>s\u00ed<\/td>\n<\/tr>\n<tr>\n<td>DISPLAYS NATIONAL, STATE AND LOCAL PARKS, FORESTS, AND WILDERNESS AREAS:<\/td>\n<td>s\u00ed<\/td>\n<\/tr>\n<tr>\n<td>Almacenamiento:<\/td>\n<td>s\u00ed (tarjeta microSD \u2122 de 32 GB como m\u00e1ximo)<\/td>\n<\/tr>\n<tr>\n<td>Waypoints:<\/td>\n<td>2000<\/td>\n<\/tr>\n<tr>\n<td>Tracks:<\/td>\n<td>200<\/td>\n<\/tr>\n<tr>\n<td>Rutas:<\/td>\n<td>200 rutas, 250 puntos por ruta; 50 puntos de enrutamiento autom\u00e1tico<\/td>\n<\/tr>\n<\/tbody>\n<\/table>\n<table>\n<tbody>\n<tr>\n<td colspan=\"2\">\n<h3>SENSORES<\/h3>\n<\/td>\n<\/tr>\n<tr>\n<td>GPS<\/td>\n<td>s\u00ed<\/td>\n<\/tr>\n<tr>\n<td>GLONASS<\/td>\n<td>s\u00ed<\/td>\n<\/tr>\n<tr>\n<td>BR\u00daJULA<\/td>\n<td>s\u00ed<\/td>\n<\/tr>\n<\/tbody>\n<\/table>\n<table>\n<tbody>\n<tr>\n<td colspan=\"2\">\n<h3>FUNCIONES DE OCIO AL AIRE LIBRE<\/h3>\n<\/td>\n<\/tr>\n<tr>\n<td>Navegacion punto a punto:<\/td>\n<td>s\u00ed<\/td>\n<\/tr>\n<tr>\n<td>Compatible con basecamp\u2122:<\/td>\n<td>s\u00ed<\/td>\n<\/tr>\n<tr>\n<td>Calculos de areas:<\/td>\n<td>s\u00ed<\/td>\n<\/tr>\n<tr>\n<td>Calendario de caza y pesca:<\/td>\n<td>s\u00ed<\/td>\n<\/tr>\n<tr>\n<td>Geocaching friendly:<\/td>\n<td>s\u00ed<\/td>\n<\/tr>\n<tr>\n<td>Compatible con los mapas personalizados:<\/td>\n<td>s\u00ed<\/td>\n<\/tr>\n<tr>\n<td>Visor de imagenes:<\/td>\n<td>s\u00ed<\/td>\n<\/tr>\n<\/tbody>\n<\/table>\n<p>&nbsp;<\/p>\n<p><strong>El equipo contiene:<\/strong><\/p>\n<ul>\n<li>GPS eTrex 22X<\/li>\n<li>Cable USB<\/li>\n<li>Gu\u00eda de Inicio r\u00e1pida<\/li>\n<\/ul>\n<p><strong>Mas Informaci\u00f3n Ver:<a href=\"https:\/\/cosola.com\/images\/spa_garmin_specs_etrex22x32x_1.pdf\"><img loading=\"lazy\" decoding=\"async\" src=\"https:\/\/cosola.com\/images\/logos\/Logo-PDF.png\" alt=\"Logo-PDF\" width=\"70\" height=\"70\" \/><\/a><\/strong><\/p>\n","protected":false},"excerpt":{"rendered":"<p><strong>CACTERISTICAS TECNICAS:<\/strong><\/p>\n<table>\n<tbody>\n<tr>\n<td>Dimensiones de la unidad:<\/td>\n<td>2.1 \u00abx 4.0\u00bb x 1.3 \u00ab(5.4 x 10.3 x 3.3 cm)<\/td>\n<\/tr>\n<tr>\n<td>Tama\u00f1o de la pantalla:<\/td>\n<td>1.4 \u00abx 1.7\u00bb (3.6 x 4.3 cm); 2.2 \u00abdiag (5.6 cm)<\/td>\n<\/tr>\n<tr>\n<td>Resolucion de la pantalla:<\/td>\n<td>240 x 320 p\u00edxeles<\/td>\n<\/tr>\n<tr>\n<td>Tipo de pantalla:<\/td>\n<td>2.2 \u00abtransflectivo, 65K color TFT<\/td>\n<\/tr>\n<tr>\n<td>Peso:<\/td>\n<td>5 oz (141.7 g) con bater\u00edas<\/td>\n<\/tr>\n<tr>\n<td>Tipo de bateria:<\/td>\n<td>2 pilas AA (no incluidas); NiMH o litio recomendado<\/td>\n<\/tr>\n<tr>\n<td>Duracion de bateria:<\/td>\n<td>25 horas<\/td>\n<\/tr>\n<tr>\n<td>Resistencia al agua:<\/td>\n<td>IPX7<\/td>\n<\/tr>\n<tr>\n<td>Receptor de alta sensibilidad:<\/td>\n<td>s\u00ed<\/td>\n<\/tr>\n<tr>\n<td>Interfaz:<\/td>\n<td>mini USB<\/td>\n<\/tr>\n<tr>\n<td>Memoria \/ Historia:<\/td>\n<td>8 GB<\/td>\n<\/tr>\n<\/tbody>\n<\/table>\n","protected":false},"featured_media":37292,"comment_status":"closed","ping_status":"closed","template":"","meta":[],"product_brand":[102],"product_cat":[79],"product_tag":[155,146],"class_list":{"0":"post-37291","1":"product","2":"type-product","3":"status-publish","4":"has-post-thumbnail","6":"product_brand-garmin","7":"product_cat-gps-navegadores","8":"product_tag-gps-navegador","9":"product_tag-topografia","11":"first","12":"instock","13":"shipping-taxable","14":"product-type-simple"},"yoast_head":"<!-- This site is optimized with the Yoast SEO plugin v27.2 - https:\/\/yoast.com\/product\/yoast-seo-wordpress\/ -->\n<title>GARMIN ETREX 22X - Topograf\u00eda, Geolog\u00eda, Miner\u00eda y Equipamiento de Oficina<\/title>\n<meta name=\"robots\" content=\"index, follow, max-snippet:-1, max-image-preview:large, max-video-preview:-1\" \/>\n<link rel=\"canonical\" href=\"https:\/\/beiroperu.com\/tienda\/catalogo\/topografia\/gps-navegadores\/garmin-etrex-22x\/\" \/>\n<meta property=\"og:locale\" content=\"es_ES\" \/>\n<meta property=\"og:type\" content=\"article\" \/>\n<meta property=\"og:title\" content=\"GARMIN ETREX 22X - Topograf\u00eda, Geolog\u00eda, Miner\u00eda y Equipamiento de Oficina\" \/>\n<meta property=\"og:description\" content=\"CACTERISTICAS TECNICAS:    Dimensiones de la unidad: 2.1 &quot;x 4.0&quot; x 1.3 &quot;(5.4 x 10.3 x 3.3 cm)   Tama\u00f1o de la pantalla: 1.4 &quot;x 1.7&quot; (3.6 x 4.3 cm); 2.2 &quot;diag (5.6 cm)   Resolucion de la pantalla: 240 x 320 p\u00edxeles   Tipo de pantalla: 2.2 &quot;transflectivo, 65K color TFT   Peso: 5 oz (141.7 g) con bater\u00edas   Tipo de bateria: 2 pilas AA (no incluidas); NiMH o litio recomendado   Duracion de bateria: 25 horas   Resistencia al agua: IPX7   Receptor de alta sensibilidad: s\u00ed   Interfaz: mini USB   Memoria \/ Historia: 8 GB\" \/>\n<meta property=\"og:url\" content=\"https:\/\/beiroperu.com\/tienda\/catalogo\/topografia\/gps-navegadores\/garmin-etrex-22x\/\" \/>\n<meta property=\"og:site_name\" content=\"Topograf\u00eda, Geolog\u00eda, Miner\u00eda y Equipamiento de Oficina\" \/>\n<meta property=\"article:publisher\" content=\"https:\/\/www.facebook.com\/profile.php?id=61574959587714\" \/>\n<meta property=\"og:image\" content=\"https:\/\/beiroperu.com\/tienda\/wp-content\/uploads\/2026\/03\/garmin-etrex-22x-gps-navegador-1.jpg\" \/>\n\t<meta property=\"og:image:width\" content=\"800\" \/>\n\t<meta property=\"og:image:height\" content=\"930\" \/>\n\t<meta property=\"og:image:type\" content=\"image\/jpeg\" \/>\n<meta name=\"twitter:card\" content=\"summary_large_image\" \/>\n<meta name=\"twitter:label1\" content=\"Tiempo de lectura\" \/>\n\t<meta name=\"twitter:data1\" content=\"2 minutos\" \/>\n<script type=\"application\/ld+json\" class=\"yoast-schema-graph\">{\"@context\":\"https:\/\/schema.org\",\"@graph\":[{\"@type\":\"WebPage\",\"@id\":\"https:\/\/beiroperu.com\/tienda\/catalogo\/topografia\/gps-navegadores\/garmin-etrex-22x\/\",\"url\":\"https:\/\/beiroperu.com\/tienda\/catalogo\/topografia\/gps-navegadores\/garmin-etrex-22x\/\",\"name\":\"GARMIN ETREX 22X - Topograf\u00eda, Geolog\u00eda, Miner\u00eda y Equipamiento de Oficina\",\"isPartOf\":{\"@id\":\"https:\/\/beiroperu.com\/tienda\/#website\"},\"primaryImageOfPage\":{\"@id\":\"https:\/\/beiroperu.com\/tienda\/catalogo\/topografia\/gps-navegadores\/garmin-etrex-22x\/#primaryimage\"},\"image\":{\"@id\":\"https:\/\/beiroperu.com\/tienda\/catalogo\/topografia\/gps-navegadores\/garmin-etrex-22x\/#primaryimage\"},\"thumbnailUrl\":\"https:\/\/beiroperu.com\/tienda\/wp-content\/uploads\/2026\/03\/garmin-etrex-22x-gps-navegador-1.jpg\",\"datePublished\":\"2026-03-31T13:11:17+00:00\",\"breadcrumb\":{\"@id\":\"https:\/\/beiroperu.com\/tienda\/catalogo\/topografia\/gps-navegadores\/garmin-etrex-22x\/#breadcrumb\"},\"inLanguage\":\"es\",\"potentialAction\":[{\"@type\":\"ReadAction\",\"target\":[\"https:\/\/beiroperu.com\/tienda\/catalogo\/topografia\/gps-navegadores\/garmin-etrex-22x\/\"]}]},{\"@type\":\"ImageObject\",\"inLanguage\":\"es\",\"@id\":\"https:\/\/beiroperu.com\/tienda\/catalogo\/topografia\/gps-navegadores\/garmin-etrex-22x\/#primaryimage\",\"url\":\"https:\/\/beiroperu.com\/tienda\/wp-content\/uploads\/2026\/03\/garmin-etrex-22x-gps-navegador-1.jpg\",\"contentUrl\":\"https:\/\/beiroperu.com\/tienda\/wp-content\/uploads\/2026\/03\/garmin-etrex-22x-gps-navegador-1.jpg\",\"width\":800,\"height\":930},{\"@type\":\"BreadcrumbList\",\"@id\":\"https:\/\/beiroperu.com\/tienda\/catalogo\/topografia\/gps-navegadores\/garmin-etrex-22x\/#breadcrumb\",\"itemListElement\":[{\"@type\":\"ListItem\",\"position\":1,\"name\":\"Portada\",\"item\":\"https:\/\/beiroperu.com\/tienda\/\"},{\"@type\":\"ListItem\",\"position\":2,\"name\":\"Shop\",\"item\":\"https:\/\/beiroperu.com\/tienda\/shop\/\"},{\"@type\":\"ListItem\",\"position\":3,\"name\":\"GARMIN ETREX 22X\"}]},{\"@type\":\"WebSite\",\"@id\":\"https:\/\/beiroperu.com\/tienda\/#website\",\"url\":\"https:\/\/beiroperu.com\/tienda\/\",\"name\":\"Topograf\u00eda, Geolog\u00eda, Miner\u00eda y Equipamiento de Oficina\",\"description\":\"Beiro Per\u00fa\",\"publisher\":{\"@id\":\"https:\/\/beiroperu.com\/tienda\/#organization\"},\"alternateName\":\"Beiro Per\u00fa\",\"potentialAction\":[{\"@type\":\"SearchAction\",\"target\":{\"@type\":\"EntryPoint\",\"urlTemplate\":\"https:\/\/beiroperu.com\/tienda\/?s={search_term_string}\"},\"query-input\":{\"@type\":\"PropertyValueSpecification\",\"valueRequired\":true,\"valueName\":\"search_term_string\"}}],\"inLanguage\":\"es\"},{\"@type\":\"Organization\",\"@id\":\"https:\/\/beiroperu.com\/tienda\/#organization\",\"name\":\"Beiro\",\"alternateName\":\"Beiro Per\u00fa\",\"url\":\"https:\/\/beiroperu.com\/tienda\/\",\"logo\":{\"@type\":\"ImageObject\",\"inLanguage\":\"es\",\"@id\":\"https:\/\/beiroperu.com\/tienda\/#\/schema\/logo\/image\/\",\"url\":\"https:\/\/beiroperu.com\/tienda\/wp-content\/uploads\/2026\/03\/logo-beiro.jpeg\",\"contentUrl\":\"https:\/\/beiroperu.com\/tienda\/wp-content\/uploads\/2026\/03\/logo-beiro.jpeg\",\"width\":322,\"height\":123,\"caption\":\"Beiro\"},\"image\":{\"@id\":\"https:\/\/beiroperu.com\/tienda\/#\/schema\/logo\/image\/\"},\"sameAs\":[\"https:\/\/www.facebook.com\/profile.php?id=61574959587714\",\"https:\/\/www.instagram.com\/beiro_equipos_topograficos?igsh=cG11NHowcmp1dzFq\",\"https:\/\/www.threads.com\/@beiro_equipos_topograficos\"]}]}<\/script>\n<!-- \/ Yoast SEO plugin. -->","yoast_head_json":{"title":"GARMIN ETREX 22X - Topograf\u00eda, Geolog\u00eda, Miner\u00eda y Equipamiento de Oficina","robots":{"index":"index","follow":"follow","max-snippet":"max-snippet:-1","max-image-preview":"max-image-preview:large","max-video-preview":"max-video-preview:-1"},"canonical":"https:\/\/beiroperu.com\/tienda\/catalogo\/topografia\/gps-navegadores\/garmin-etrex-22x\/","og_locale":"es_ES","og_type":"article","og_title":"GARMIN ETREX 22X - Topograf\u00eda, Geolog\u00eda, Miner\u00eda y Equipamiento de Oficina","og_description":"CACTERISTICAS TECNICAS:    Dimensiones de la unidad: 2.1 \"x 4.0\" x 1.3 \"(5.4 x 10.3 x 3.3 cm)   Tama\u00f1o de la pantalla: 1.4 \"x 1.7\" (3.6 x 4.3 cm); 2.2 \"diag (5.6 cm)   Resolucion de la pantalla: 240 x 320 p\u00edxeles   Tipo de pantalla: 2.2 \"transflectivo, 65K color TFT   Peso: 5 oz (141.7 g) con bater\u00edas   Tipo de bateria: 2 pilas AA (no incluidas); NiMH o litio recomendado   Duracion de bateria: 25 horas   Resistencia al agua: IPX7   Receptor de alta sensibilidad: s\u00ed   Interfaz: mini USB   Memoria \/ Historia: 8 GB","og_url":"https:\/\/beiroperu.com\/tienda\/catalogo\/topografia\/gps-navegadores\/garmin-etrex-22x\/","og_site_name":"Topograf\u00eda, Geolog\u00eda, Miner\u00eda y Equipamiento de Oficina","article_publisher":"https:\/\/www.facebook.com\/profile.php?id=61574959587714","og_image":[{"width":800,"height":930,"url":"https:\/\/beiroperu.com\/tienda\/wp-content\/uploads\/2026\/03\/garmin-etrex-22x-gps-navegador-1.jpg","type":"image\/jpeg"}],"twitter_card":"summary_large_image","twitter_misc":{"Tiempo de lectura":"2 minutos"},"schema":{"@context":"https:\/\/schema.org","@graph":[{"@type":"WebPage","@id":"https:\/\/beiroperu.com\/tienda\/catalogo\/topografia\/gps-navegadores\/garmin-etrex-22x\/","url":"https:\/\/beiroperu.com\/tienda\/catalogo\/topografia\/gps-navegadores\/garmin-etrex-22x\/","name":"GARMIN ETREX 22X - Topograf\u00eda, Geolog\u00eda, Miner\u00eda y Equipamiento de Oficina","isPartOf":{"@id":"https:\/\/beiroperu.com\/tienda\/#website"},"primaryImageOfPage":{"@id":"https:\/\/beiroperu.com\/tienda\/catalogo\/topografia\/gps-navegadores\/garmin-etrex-22x\/#primaryimage"},"image":{"@id":"https:\/\/beiroperu.com\/tienda\/catalogo\/topografia\/gps-navegadores\/garmin-etrex-22x\/#primaryimage"},"thumbnailUrl":"https:\/\/beiroperu.com\/tienda\/wp-content\/uploads\/2026\/03\/garmin-etrex-22x-gps-navegador-1.jpg","datePublished":"2026-03-31T13:11:17+00:00","breadcrumb":{"@id":"https:\/\/beiroperu.com\/tienda\/catalogo\/topografia\/gps-navegadores\/garmin-etrex-22x\/#breadcrumb"},"inLanguage":"es","potentialAction":[{"@type":"ReadAction","target":["https:\/\/beiroperu.com\/tienda\/catalogo\/topografia\/gps-navegadores\/garmin-etrex-22x\/"]}]},{"@type":"ImageObject","inLanguage":"es","@id":"https:\/\/beiroperu.com\/tienda\/catalogo\/topografia\/gps-navegadores\/garmin-etrex-22x\/#primaryimage","url":"https:\/\/beiroperu.com\/tienda\/wp-content\/uploads\/2026\/03\/garmin-etrex-22x-gps-navegador-1.jpg","contentUrl":"https:\/\/beiroperu.com\/tienda\/wp-content\/uploads\/2026\/03\/garmin-etrex-22x-gps-navegador-1.jpg","width":800,"height":930},{"@type":"BreadcrumbList","@id":"https:\/\/beiroperu.com\/tienda\/catalogo\/topografia\/gps-navegadores\/garmin-etrex-22x\/#breadcrumb","itemListElement":[{"@type":"ListItem","position":1,"name":"Portada","item":"https:\/\/beiroperu.com\/tienda\/"},{"@type":"ListItem","position":2,"name":"Shop","item":"https:\/\/beiroperu.com\/tienda\/shop\/"},{"@type":"ListItem","position":3,"name":"GARMIN ETREX 22X"}]},{"@type":"WebSite","@id":"https:\/\/beiroperu.com\/tienda\/#website","url":"https:\/\/beiroperu.com\/tienda\/","name":"Topograf\u00eda, Geolog\u00eda, Miner\u00eda y Equipamiento de Oficina","description":"Beiro Per\u00fa","publisher":{"@id":"https:\/\/beiroperu.com\/tienda\/#organization"},"alternateName":"Beiro Per\u00fa","potentialAction":[{"@type":"SearchAction","target":{"@type":"EntryPoint","urlTemplate":"https:\/\/beiroperu.com\/tienda\/?s={search_term_string}"},"query-input":{"@type":"PropertyValueSpecification","valueRequired":true,"valueName":"search_term_string"}}],"inLanguage":"es"},{"@type":"Organization","@id":"https:\/\/beiroperu.com\/tienda\/#organization","name":"Beiro","alternateName":"Beiro Per\u00fa","url":"https:\/\/beiroperu.com\/tienda\/","logo":{"@type":"ImageObject","inLanguage":"es","@id":"https:\/\/beiroperu.com\/tienda\/#\/schema\/logo\/image\/","url":"https:\/\/beiroperu.com\/tienda\/wp-content\/uploads\/2026\/03\/logo-beiro.jpeg","contentUrl":"https:\/\/beiroperu.com\/tienda\/wp-content\/uploads\/2026\/03\/logo-beiro.jpeg","width":322,"height":123,"caption":"Beiro"},"image":{"@id":"https:\/\/beiroperu.com\/tienda\/#\/schema\/logo\/image\/"},"sameAs":["https:\/\/www.facebook.com\/profile.php?id=61574959587714","https:\/\/www.instagram.com\/beiro_equipos_topograficos?igsh=cG11NHowcmp1dzFq","https:\/\/www.threads.com\/@beiro_equipos_topograficos"]}]}},"_links":{"self":[{"href":"https:\/\/beiroperu.com\/tienda\/wp-json\/wp\/v2\/product\/37291","targetHints":{"allow":["GET"]}}],"collection":[{"href":"https:\/\/beiroperu.com\/tienda\/wp-json\/wp\/v2\/product"}],"about":[{"href":"https:\/\/beiroperu.com\/tienda\/wp-json\/wp\/v2\/types\/product"}],"replies":[{"embeddable":true,"href":"https:\/\/beiroperu.com\/tienda\/wp-json\/wp\/v2\/comments?post=37291"}],"wp:featuredmedia":[{"embeddable":true,"href":"https:\/\/beiroperu.com\/tienda\/wp-json\/wp\/v2\/media\/37292"}],"wp:attachment":[{"href":"https:\/\/beiroperu.com\/tienda\/wp-json\/wp\/v2\/media?parent=37291"}],"wp:term":[{"taxonomy":"product_brand","embeddable":true,"href":"https:\/\/beiroperu.com\/tienda\/wp-json\/wp\/v2\/product_brand?post=37291"},{"taxonomy":"product_cat","embeddable":true,"href":"https:\/\/beiroperu.com\/tienda\/wp-json\/wp\/v2\/product_cat?post=37291"},{"taxonomy":"product_tag","embeddable":true,"href":"https:\/\/beiroperu.com\/tienda\/wp-json\/wp\/v2\/product_tag?post=37291"}],"curies":[{"name":"wp","href":"https:\/\/api.w.org\/{rel}","templated":true}]}}