{"id":37297,"date":"2026-03-31T08:22:55","date_gmt":"2026-03-31T13:22:55","guid":{"rendered":"https:\/\/beiroperu.com\/tienda\/?post_type=product&#038;p=37297"},"modified":"2026-03-31T08:22:55","modified_gmt":"2026-03-31T13:22:55","slug":"garmin-map-66sr","status":"publish","type":"product","link":"https:\/\/beiroperu.com\/tienda\/catalogo\/topografia\/gps-navegadores\/garmin-map-66sr\/","title":{"rendered":"GARMIN MAP\u00ae 66SR"},"content":{"rendered":"<p>Ya sea que est\u00e9 practicando senderismo, caza, escalada, geocaching, kayak o bicicleta de monta\u00f1a, explore m\u00e1s utilizando esta computadora de mano resistente y premium con una pantalla a color de 3 \u201d, mapas precargados y m\u00faltiples frecuencias para nuestra posici\u00f3n m\u00e1s precisa hasta la fecha.<\/p>\n<p>&#8211;\u00a0Explora m\u00e1s con hasta 36 horas de duraci\u00f3n de la bater\u00eda en modo GPS y hasta 450 horas en modo Expedici\u00f3n.<\/p>\n<p>-Vea los picos y valles claramente con mapas TopoActive de Sudam\u00e9rica<\/p>\n<p>-Mapas tan bonitos como una imagen e igual de detallados, sin suscripci\u00f3n.<\/p>\n<p>-La tecnolog\u00eda multibanda y el soporte satelital GNSS ampliado gu\u00edan el camino en ubicaciones desafiantes.<\/p>\n<table>\n<tbody>\n<tr>\n<td colspan=\"2\"><strong>GENERAL<\/strong><\/td>\n<\/tr>\n<tr>\n<td>DIMENSIONES DE LA UNIDAD<\/td>\n<td>2.5 \u00abx 6.4\u00bb x 1.4 \u00ab(6.2 x 16.3 x 3.5 cm)<\/td>\n<\/tr>\n<tr>\n<td>TAMA\u00d1O DE LA PANTALLA<\/td>\n<td>1.5 \u00abde ancho x 2.5\u00bb de alto (3.8 x 6.3 cm); 3 \u00abdiag (7,6 cm)<\/td>\n<\/tr>\n<tr>\n<td>RESOLUCI\u00d3N DE PANTALLA<\/td>\n<td>240 x 400 p\u00edxeles<\/td>\n<\/tr>\n<tr>\n<td>TIPO DE PANTALLA<\/td>\n<td>color transflectivo TFT<\/td>\n<\/tr>\n<tr>\n<td>PESO<\/td>\n<td>8.1 oz (230 g) con bater\u00edas<\/td>\n<\/tr>\n<tr>\n<td>TIPO DE BATERIA<\/td>\n<td>recargable, interna de iones de litio<\/td>\n<\/tr>\n<tr>\n<td>DURACION DE LA BATERIA<\/td>\n<td>Hasta 36 horas Hasta 450 horas en modo expedici\u00f3n<\/td>\n<\/tr>\n<tr>\n<td>RESISTENCIA AL AGUA<\/td>\n<td>IPX7<\/td>\n<\/tr>\n<tr>\n<td>RECEPTOR DE ALTA SENSIBILIDAD<\/td>\n<td><\/td>\n<\/tr>\n<tr>\n<td>INTERFAZ<\/td>\n<td>Compatible con micro USB de alta velocidad y NMEA 0183<\/td>\n<\/tr>\n<tr>\n<td>MEMORIA \/ HISTORIA<\/td>\n<td>16 GB (el espacio del usuario var\u00eda seg\u00fan el mapeo incluido)<\/td>\n<\/tr>\n<\/tbody>\n<\/table>\n<table>\n<tbody>\n<tr>\n<td colspan=\"2\"><strong>MAPAS Y MEMORIA<\/strong><\/td>\n<\/tr>\n<tr>\n<td>MAPAS PREINSTALADOS<\/td>\n<td>s\u00ed (TopoActive Sudam\u00e9rica)<\/td>\n<\/tr>\n<tr>\n<td>POSIBILIDAD DE AGREGAR MAPAS<\/td>\n<td><strong>\u221a<\/strong><\/td>\n<\/tr>\n<tr>\n<td>MAPA BASE<\/td>\n<td><strong>\u221a<\/strong><\/td>\n<\/tr>\n<tr>\n<td>CREACI\u00d3N AUTOM\u00c1TICA DE RUTAS<\/td>\n<td><strong>\u221a<\/strong><\/td>\n<\/tr>\n<tr>\n<td>MAP SEGMENTS<\/td>\n<td>15000<\/td>\n<\/tr>\n<tr>\n<td>BIRDSEYE<\/td>\n<td>s\u00ed (directo al dispositivo)<\/td>\n<\/tr>\n<tr>\n<td>INCLUDES DETAILED HYDROGRAPHIC FEATURES<\/td>\n<td><strong>\u221a<\/strong><\/td>\n<\/tr>\n<tr>\n<td>INCLUDES SEARCHABLE POINTS OF INTERESTS<\/td>\n<td><strong>\u221a<\/strong><\/td>\n<\/tr>\n<tr>\n<td>DISPLAYS NATIONAL, STATE AND LOCAL PARKS, FORESTS, AND WILDERNESS AREAS<\/td>\n<td><strong>\u221a<\/strong><\/td>\n<\/tr>\n<tr>\n<td>ALMACENAMIENTO<\/td>\n<td>s\u00ed (tarjeta microSD \u2122 de 32 GB como m\u00e1ximo)<\/td>\n<\/tr>\n<tr>\n<td>WAYPOINTS<\/td>\n<td>10000<\/td>\n<\/tr>\n<tr>\n<td>TRACKS<\/td>\n<td>20000 puntos, 250 pistas de gpx guardadas, 300 actividades de ajuste guardadas<\/td>\n<\/tr>\n<tr>\n<td>RUTAS<\/td>\n<td>250, 250 puntos por ruta; 50 puntos de enrutamiento autom\u00e1tico<\/td>\n<\/tr>\n<\/tbody>\n<\/table>\n<table>\n<tbody>\n<tr>\n<td colspan=\"2\"><strong>SENSORES<\/strong><\/td>\n<\/tr>\n<tr>\n<td>GPS<\/td>\n<td><strong>\u221a<\/strong><\/td>\n<\/tr>\n<tr>\n<td>GLONASS<\/td>\n<td><strong>\u221a<\/strong><\/td>\n<\/tr>\n<tr>\n<td>GALILEO<\/td>\n<td><strong>\u221a<\/strong><\/td>\n<\/tr>\n<tr>\n<td>ALT\u00cdMETRO BAROM\u00c9TRICO<\/td>\n<td><strong>\u221a<\/strong><\/td>\n<\/tr>\n<tr>\n<td>BR\u00daJULA<\/td>\n<td>S\u00ed (3 ejes con compensaci\u00f3n de inclinaci\u00f3n)<\/td>\n<\/tr>\n<tr>\n<td>QZSS<\/td>\n<td><strong>\u221a<\/strong><\/td>\n<\/tr>\n<tr>\n<td>BR\u00daJULA GPS (MIENTRAS SE MUEVE)<\/td>\n<td><strong>\u221a<\/strong><\/td>\n<\/tr>\n<tr>\n<td>SOPORTE DE FRECUENCIA MULTIBANDA<\/td>\n<td><strong>\u221a<\/strong><\/td>\n<\/tr>\n<\/tbody>\n<\/table>\n<table>\n<tbody>\n<tr>\n<td colspan=\"2\"><strong>FUNCIONES INTELIGENTES DIARIAS<\/strong><\/td>\n<\/tr>\n<tr>\n<td>CONNECT IQ<\/td>\n<td><strong>\u221a<\/strong><\/td>\n<\/tr>\n<tr>\n<td>CLIMA<\/td>\n<td>si (clima activo)<\/td>\n<\/tr>\n<tr>\n<td>CONTROL REMOTO VIRB\u00ae<\/td>\n<td><strong>\u221a<\/strong><\/td>\n<\/tr>\n<tr>\n<td>SE EMPAREJA CON GARMIN CONNECT \u2122 MOBILE<\/td>\n<td><strong>\u221a<\/strong><\/td>\n<\/tr>\n<\/tbody>\n<\/table>\n<table>\n<tbody>\n<tr>\n<td colspan=\"2\"><strong>FUNCIONES DE OCIO AL AIRE LIBRE<\/strong><\/td>\n<\/tr>\n<tr>\n<td>NAVEGACI\u00d3N PUNTO A PUNTO<\/td>\n<td><strong>\u221a<\/strong><\/td>\n<\/tr>\n<tr>\n<td>COMPATIBLE CON BASECAMP\u2122<\/td>\n<td><strong>\u221a<\/strong><\/td>\n<\/tr>\n<tr>\n<td>C\u00c1LCULO DE \u00c1REAS<\/td>\n<td><strong>\u221a<\/strong><\/td>\n<\/tr>\n<tr>\n<td>CALENDARIO DE CAZA Y PESCA<\/td>\n<td><strong>\u221a<\/strong><\/td>\n<\/tr>\n<tr>\n<td>INFORMACI\u00d3N ASTRON\u00d3MICA<\/td>\n<td><strong>\u221a<\/strong><\/td>\n<\/tr>\n<tr>\n<td>GEOCACHING FRIENDLY<\/td>\n<td>s\u00ed (Geocache Live)<\/td>\n<\/tr>\n<tr>\n<td>COMPATIBLE CON LOS MAPAS PERSONALIZADOS<\/td>\n<td>s\u00ed (500 mosaicos de mapas personalizados)<\/td>\n<\/tr>\n<tr>\n<td>VISOR DE IM\u00c1GENES<\/td>\n<td><strong>\u221a<\/strong><\/td>\n<\/tr>\n<\/tbody>\n<\/table>\n<table>\n<tbody>\n<tr>\n<td colspan=\"2\"><strong>FUNCIONES DE SEGURIDAD Y SEGUIMIENTO<\/strong><\/td>\n<\/tr>\n<tr>\n<td>LIVETRACK<\/td>\n<td><strong>\u221a<\/strong><\/td>\n<\/tr>\n<\/tbody>\n<\/table>\n<table>\n<tbody>\n<tr>\n<td colspan=\"2\"><strong>CONECTIVIDAD<\/strong><\/td>\n<\/tr>\n<tr>\n<td>CONECTIVIDAD INALAMBRICA<\/td>\n<td>s\u00ed (Wi-Fi\u00ae, BLUETOOTH\u00ae, ANT + \u00ae)<\/td>\n<\/tr>\n<\/tbody>\n<\/table>\n","protected":false},"excerpt":{"rendered":"<p>Ya sea que est\u00e9 practicando senderismo, caza, escalada, geocaching, kayak o bicicleta de monta\u00f1a, explore m\u00e1s utilizando esta computadora de mano resistente y premium con una pantalla a color de 3 \u201d, mapas precargados y m\u00faltiples frecuencias para nuestra posici\u00f3n m\u00e1s precisa hasta la fecha.<\/p>\n","protected":false},"featured_media":37298,"comment_status":"closed","ping_status":"closed","template":"","meta":[],"product_brand":[102],"product_cat":[79],"product_tag":[155,146],"class_list":{"0":"post-37297","1":"product","2":"type-product","3":"status-publish","4":"has-post-thumbnail","6":"product_brand-garmin","7":"product_cat-gps-navegadores","8":"product_tag-gps-navegador","9":"product_tag-topografia","11":"first","12":"instock","13":"shipping-taxable","14":"product-type-simple"},"yoast_head":"<!-- This site is optimized with the Yoast SEO plugin v27.2 - https:\/\/yoast.com\/product\/yoast-seo-wordpress\/ -->\n<title>GARMIN MAP\u00ae 66SR - Topograf\u00eda, Geolog\u00eda, Miner\u00eda y Equipamiento de Oficina<\/title>\n<meta name=\"robots\" content=\"index, follow, max-snippet:-1, max-image-preview:large, max-video-preview:-1\" \/>\n<link rel=\"canonical\" href=\"https:\/\/beiroperu.com\/tienda\/catalogo\/topografia\/gps-navegadores\/garmin-map-66sr\/\" \/>\n<meta property=\"og:locale\" content=\"es_ES\" \/>\n<meta property=\"og:type\" content=\"article\" \/>\n<meta property=\"og:title\" content=\"GARMIN MAP\u00ae 66SR - Topograf\u00eda, Geolog\u00eda, Miner\u00eda y Equipamiento de Oficina\" \/>\n<meta property=\"og:description\" content=\"Ya sea que est\u00e9 practicando senderismo, caza, escalada, geocaching, kayak o bicicleta de monta\u00f1a, explore m\u00e1s utilizando esta computadora de mano resistente y premium con una pantalla a color de 3 \u201d, mapas precargados y m\u00faltiples frecuencias para nuestra posici\u00f3n m\u00e1s precisa hasta la fecha.\" \/>\n<meta property=\"og:url\" content=\"https:\/\/beiroperu.com\/tienda\/catalogo\/topografia\/gps-navegadores\/garmin-map-66sr\/\" \/>\n<meta property=\"og:site_name\" content=\"Topograf\u00eda, Geolog\u00eda, Miner\u00eda y Equipamiento de Oficina\" \/>\n<meta property=\"article:publisher\" content=\"https:\/\/www.facebook.com\/profile.php?id=61574959587714\" \/>\n<meta property=\"og:image\" content=\"https:\/\/beiroperu.com\/tienda\/wp-content\/uploads\/2026\/03\/garmin-map-66sr-gps-navegador-1.jpg\" \/>\n\t<meta property=\"og:image:width\" content=\"800\" \/>\n\t<meta property=\"og:image:height\" content=\"930\" \/>\n\t<meta property=\"og:image:type\" content=\"image\/jpeg\" \/>\n<meta name=\"twitter:card\" content=\"summary_large_image\" \/>\n<meta name=\"twitter:label1\" content=\"Tiempo de lectura\" \/>\n\t<meta name=\"twitter:data1\" content=\"3 minutos\" \/>\n<script type=\"application\/ld+json\" class=\"yoast-schema-graph\">{\"@context\":\"https:\/\/schema.org\",\"@graph\":[{\"@type\":\"WebPage\",\"@id\":\"https:\/\/beiroperu.com\/tienda\/catalogo\/topografia\/gps-navegadores\/garmin-map-66sr\/\",\"url\":\"https:\/\/beiroperu.com\/tienda\/catalogo\/topografia\/gps-navegadores\/garmin-map-66sr\/\",\"name\":\"GARMIN MAP\u00ae 66SR - Topograf\u00eda, Geolog\u00eda, Miner\u00eda y Equipamiento de Oficina\",\"isPartOf\":{\"@id\":\"https:\/\/beiroperu.com\/tienda\/#website\"},\"primaryImageOfPage\":{\"@id\":\"https:\/\/beiroperu.com\/tienda\/catalogo\/topografia\/gps-navegadores\/garmin-map-66sr\/#primaryimage\"},\"image\":{\"@id\":\"https:\/\/beiroperu.com\/tienda\/catalogo\/topografia\/gps-navegadores\/garmin-map-66sr\/#primaryimage\"},\"thumbnailUrl\":\"https:\/\/beiroperu.com\/tienda\/wp-content\/uploads\/2026\/03\/garmin-map-66sr-gps-navegador-1.jpg\",\"datePublished\":\"2026-03-31T13:22:55+00:00\",\"breadcrumb\":{\"@id\":\"https:\/\/beiroperu.com\/tienda\/catalogo\/topografia\/gps-navegadores\/garmin-map-66sr\/#breadcrumb\"},\"inLanguage\":\"es\",\"potentialAction\":[{\"@type\":\"ReadAction\",\"target\":[\"https:\/\/beiroperu.com\/tienda\/catalogo\/topografia\/gps-navegadores\/garmin-map-66sr\/\"]}]},{\"@type\":\"ImageObject\",\"inLanguage\":\"es\",\"@id\":\"https:\/\/beiroperu.com\/tienda\/catalogo\/topografia\/gps-navegadores\/garmin-map-66sr\/#primaryimage\",\"url\":\"https:\/\/beiroperu.com\/tienda\/wp-content\/uploads\/2026\/03\/garmin-map-66sr-gps-navegador-1.jpg\",\"contentUrl\":\"https:\/\/beiroperu.com\/tienda\/wp-content\/uploads\/2026\/03\/garmin-map-66sr-gps-navegador-1.jpg\",\"width\":800,\"height\":930},{\"@type\":\"BreadcrumbList\",\"@id\":\"https:\/\/beiroperu.com\/tienda\/catalogo\/topografia\/gps-navegadores\/garmin-map-66sr\/#breadcrumb\",\"itemListElement\":[{\"@type\":\"ListItem\",\"position\":1,\"name\":\"Portada\",\"item\":\"https:\/\/beiroperu.com\/tienda\/\"},{\"@type\":\"ListItem\",\"position\":2,\"name\":\"Shop\",\"item\":\"https:\/\/beiroperu.com\/tienda\/shop\/\"},{\"@type\":\"ListItem\",\"position\":3,\"name\":\"GARMIN MAP\u00ae 66SR\"}]},{\"@type\":\"WebSite\",\"@id\":\"https:\/\/beiroperu.com\/tienda\/#website\",\"url\":\"https:\/\/beiroperu.com\/tienda\/\",\"name\":\"Topograf\u00eda, Geolog\u00eda, Miner\u00eda y Equipamiento de Oficina\",\"description\":\"Beiro Per\u00fa\",\"publisher\":{\"@id\":\"https:\/\/beiroperu.com\/tienda\/#organization\"},\"alternateName\":\"Beiro Per\u00fa\",\"potentialAction\":[{\"@type\":\"SearchAction\",\"target\":{\"@type\":\"EntryPoint\",\"urlTemplate\":\"https:\/\/beiroperu.com\/tienda\/?s={search_term_string}\"},\"query-input\":{\"@type\":\"PropertyValueSpecification\",\"valueRequired\":true,\"valueName\":\"search_term_string\"}}],\"inLanguage\":\"es\"},{\"@type\":\"Organization\",\"@id\":\"https:\/\/beiroperu.com\/tienda\/#organization\",\"name\":\"Beiro\",\"alternateName\":\"Beiro Per\u00fa\",\"url\":\"https:\/\/beiroperu.com\/tienda\/\",\"logo\":{\"@type\":\"ImageObject\",\"inLanguage\":\"es\",\"@id\":\"https:\/\/beiroperu.com\/tienda\/#\/schema\/logo\/image\/\",\"url\":\"https:\/\/beiroperu.com\/tienda\/wp-content\/uploads\/2026\/03\/logo-beiro.jpeg\",\"contentUrl\":\"https:\/\/beiroperu.com\/tienda\/wp-content\/uploads\/2026\/03\/logo-beiro.jpeg\",\"width\":322,\"height\":123,\"caption\":\"Beiro\"},\"image\":{\"@id\":\"https:\/\/beiroperu.com\/tienda\/#\/schema\/logo\/image\/\"},\"sameAs\":[\"https:\/\/www.facebook.com\/profile.php?id=61574959587714\",\"https:\/\/www.instagram.com\/beiro_equipos_topograficos?igsh=cG11NHowcmp1dzFq\",\"https:\/\/www.threads.com\/@beiro_equipos_topograficos\"]}]}<\/script>\n<!-- \/ Yoast SEO plugin. -->","yoast_head_json":{"title":"GARMIN MAP\u00ae 66SR - Topograf\u00eda, Geolog\u00eda, Miner\u00eda y Equipamiento de Oficina","robots":{"index":"index","follow":"follow","max-snippet":"max-snippet:-1","max-image-preview":"max-image-preview:large","max-video-preview":"max-video-preview:-1"},"canonical":"https:\/\/beiroperu.com\/tienda\/catalogo\/topografia\/gps-navegadores\/garmin-map-66sr\/","og_locale":"es_ES","og_type":"article","og_title":"GARMIN MAP\u00ae 66SR - Topograf\u00eda, Geolog\u00eda, Miner\u00eda y Equipamiento de Oficina","og_description":"Ya sea que est\u00e9 practicando senderismo, caza, escalada, geocaching, kayak o bicicleta de monta\u00f1a, explore m\u00e1s utilizando esta computadora de mano resistente y premium con una pantalla a color de 3 \u201d, mapas precargados y m\u00faltiples frecuencias para nuestra posici\u00f3n m\u00e1s precisa hasta la fecha.","og_url":"https:\/\/beiroperu.com\/tienda\/catalogo\/topografia\/gps-navegadores\/garmin-map-66sr\/","og_site_name":"Topograf\u00eda, Geolog\u00eda, Miner\u00eda y Equipamiento de Oficina","article_publisher":"https:\/\/www.facebook.com\/profile.php?id=61574959587714","og_image":[{"width":800,"height":930,"url":"https:\/\/beiroperu.com\/tienda\/wp-content\/uploads\/2026\/03\/garmin-map-66sr-gps-navegador-1.jpg","type":"image\/jpeg"}],"twitter_card":"summary_large_image","twitter_misc":{"Tiempo de lectura":"3 minutos"},"schema":{"@context":"https:\/\/schema.org","@graph":[{"@type":"WebPage","@id":"https:\/\/beiroperu.com\/tienda\/catalogo\/topografia\/gps-navegadores\/garmin-map-66sr\/","url":"https:\/\/beiroperu.com\/tienda\/catalogo\/topografia\/gps-navegadores\/garmin-map-66sr\/","name":"GARMIN MAP\u00ae 66SR - Topograf\u00eda, Geolog\u00eda, Miner\u00eda y Equipamiento de Oficina","isPartOf":{"@id":"https:\/\/beiroperu.com\/tienda\/#website"},"primaryImageOfPage":{"@id":"https:\/\/beiroperu.com\/tienda\/catalogo\/topografia\/gps-navegadores\/garmin-map-66sr\/#primaryimage"},"image":{"@id":"https:\/\/beiroperu.com\/tienda\/catalogo\/topografia\/gps-navegadores\/garmin-map-66sr\/#primaryimage"},"thumbnailUrl":"https:\/\/beiroperu.com\/tienda\/wp-content\/uploads\/2026\/03\/garmin-map-66sr-gps-navegador-1.jpg","datePublished":"2026-03-31T13:22:55+00:00","breadcrumb":{"@id":"https:\/\/beiroperu.com\/tienda\/catalogo\/topografia\/gps-navegadores\/garmin-map-66sr\/#breadcrumb"},"inLanguage":"es","potentialAction":[{"@type":"ReadAction","target":["https:\/\/beiroperu.com\/tienda\/catalogo\/topografia\/gps-navegadores\/garmin-map-66sr\/"]}]},{"@type":"ImageObject","inLanguage":"es","@id":"https:\/\/beiroperu.com\/tienda\/catalogo\/topografia\/gps-navegadores\/garmin-map-66sr\/#primaryimage","url":"https:\/\/beiroperu.com\/tienda\/wp-content\/uploads\/2026\/03\/garmin-map-66sr-gps-navegador-1.jpg","contentUrl":"https:\/\/beiroperu.com\/tienda\/wp-content\/uploads\/2026\/03\/garmin-map-66sr-gps-navegador-1.jpg","width":800,"height":930},{"@type":"BreadcrumbList","@id":"https:\/\/beiroperu.com\/tienda\/catalogo\/topografia\/gps-navegadores\/garmin-map-66sr\/#breadcrumb","itemListElement":[{"@type":"ListItem","position":1,"name":"Portada","item":"https:\/\/beiroperu.com\/tienda\/"},{"@type":"ListItem","position":2,"name":"Shop","item":"https:\/\/beiroperu.com\/tienda\/shop\/"},{"@type":"ListItem","position":3,"name":"GARMIN MAP\u00ae 66SR"}]},{"@type":"WebSite","@id":"https:\/\/beiroperu.com\/tienda\/#website","url":"https:\/\/beiroperu.com\/tienda\/","name":"Topograf\u00eda, Geolog\u00eda, Miner\u00eda y Equipamiento de Oficina","description":"Beiro Per\u00fa","publisher":{"@id":"https:\/\/beiroperu.com\/tienda\/#organization"},"alternateName":"Beiro Per\u00fa","potentialAction":[{"@type":"SearchAction","target":{"@type":"EntryPoint","urlTemplate":"https:\/\/beiroperu.com\/tienda\/?s={search_term_string}"},"query-input":{"@type":"PropertyValueSpecification","valueRequired":true,"valueName":"search_term_string"}}],"inLanguage":"es"},{"@type":"Organization","@id":"https:\/\/beiroperu.com\/tienda\/#organization","name":"Beiro","alternateName":"Beiro Per\u00fa","url":"https:\/\/beiroperu.com\/tienda\/","logo":{"@type":"ImageObject","inLanguage":"es","@id":"https:\/\/beiroperu.com\/tienda\/#\/schema\/logo\/image\/","url":"https:\/\/beiroperu.com\/tienda\/wp-content\/uploads\/2026\/03\/logo-beiro.jpeg","contentUrl":"https:\/\/beiroperu.com\/tienda\/wp-content\/uploads\/2026\/03\/logo-beiro.jpeg","width":322,"height":123,"caption":"Beiro"},"image":{"@id":"https:\/\/beiroperu.com\/tienda\/#\/schema\/logo\/image\/"},"sameAs":["https:\/\/www.facebook.com\/profile.php?id=61574959587714","https:\/\/www.instagram.com\/beiro_equipos_topograficos?igsh=cG11NHowcmp1dzFq","https:\/\/www.threads.com\/@beiro_equipos_topograficos"]}]}},"_links":{"self":[{"href":"https:\/\/beiroperu.com\/tienda\/wp-json\/wp\/v2\/product\/37297","targetHints":{"allow":["GET"]}}],"collection":[{"href":"https:\/\/beiroperu.com\/tienda\/wp-json\/wp\/v2\/product"}],"about":[{"href":"https:\/\/beiroperu.com\/tienda\/wp-json\/wp\/v2\/types\/product"}],"replies":[{"embeddable":true,"href":"https:\/\/beiroperu.com\/tienda\/wp-json\/wp\/v2\/comments?post=37297"}],"wp:featuredmedia":[{"embeddable":true,"href":"https:\/\/beiroperu.com\/tienda\/wp-json\/wp\/v2\/media\/37298"}],"wp:attachment":[{"href":"https:\/\/beiroperu.com\/tienda\/wp-json\/wp\/v2\/media?parent=37297"}],"wp:term":[{"taxonomy":"product_brand","embeddable":true,"href":"https:\/\/beiroperu.com\/tienda\/wp-json\/wp\/v2\/product_brand?post=37297"},{"taxonomy":"product_cat","embeddable":true,"href":"https:\/\/beiroperu.com\/tienda\/wp-json\/wp\/v2\/product_cat?post=37297"},{"taxonomy":"product_tag","embeddable":true,"href":"https:\/\/beiroperu.com\/tienda\/wp-json\/wp\/v2\/product_tag?post=37297"}],"curies":[{"name":"wp","href":"https:\/\/api.w.org\/{rel}","templated":true}]}}