{"id":37303,"date":"2026-03-31T11:13:28","date_gmt":"2026-03-31T16:13:28","guid":{"rendered":"https:\/\/beiroperu.com\/tienda\/?post_type=product&#038;p=37303"},"modified":"2026-03-31T11:13:29","modified_gmt":"2026-03-31T16:13:29","slug":"gps-garmin-map-67i","status":"publish","type":"product","link":"https:\/\/beiroperu.com\/tienda\/catalogo\/topografia\/gps-navegadores\/gps-garmin-map-67i\/","title":{"rendered":"GPS GARMIN MAP 67i"},"content":{"rendered":"<table>\n<tbody>\n<tr>\n<td colspan=\"2\">\n<h3>GENERAL<\/h3>\n<\/td>\n<\/tr>\n<tr>\n<td>DIMENSIONES DE LA UNIDAD<\/td>\n<td>2,5\u201d x 6,4\u201d x 1,4\u201d (6,2 x 16,3 x 3,5 cm)<\/td>\n<\/tr>\n<tr>\n<td>TAMA\u00d1O DE LA PANTALLA<\/td>\n<td>1,5&#8243; de ancho x 2,5&#8243; de alto (3,8 x 6,3 cm); 3&#8243; de di\u00e1metro (7,6 cm)<\/td>\n<\/tr>\n<tr>\n<td>RESOLUCI\u00d3N DE PANTALLA<\/td>\n<td>240 x 400 p\u00edxeles<\/td>\n<\/tr>\n<tr>\n<td>TIPO DE PANTALLA<\/td>\n<td>TFT transflectiva en color<\/td>\n<\/tr>\n<tr>\n<td>PESO<\/td>\n<td>230 g (8,1 oz) con pilas<\/td>\n<\/tr>\n<tr>\n<td>TIPO DE BATERIA<\/td>\n<td>iones de litio internas recargables<\/td>\n<\/tr>\n<tr>\n<td>DURACION DE LA BATERIA<\/td>\n<td>Hasta 165 horas con inReach\u00ae habilitado con seguimiento de 10 minutosHasta 180 horas en modo GPS Hasta 425 horas en modo Expedici\u00f3n con inReach habilitado Hasta 840 horas en modo Expedici\u00f3n<\/td>\n<\/tr>\n<tr>\n<td>RESISTENCIA AL AGUA<\/td>\n<td>IPX7<\/td>\n<\/tr>\n<tr>\n<td>RECEPTOR DE ALTA SENSIBILIDAD<\/td>\n<td>si<\/td>\n<\/tr>\n<tr>\n<td>INTERFAZ<\/td>\n<td>USB-C<\/td>\n<\/tr>\n<tr>\n<td>MEMORIA \/ HISTORIA<\/td>\n<td>16 GB (el espacio de usuario var\u00eda seg\u00fan el mapeo incluido)<\/td>\n<\/tr>\n<tr>\n<td>MIL-STD-810<\/td>\n<td>s\u00ed (t\u00e9rmico, choque, agua); solo unidad desnuda<\/td>\n<\/tr>\n<\/tbody>\n<\/table>\n<table>\n<tbody>\n<tr>\n<td colspan=\"3\">\n<h3>MAPAS Y MEMORIA<\/h3>\n<\/td>\n<\/tr>\n<tr>\n<td>MAPAS PREINSTALADOS<\/td>\n<td colspan=\"2\">s\u00ed (TopoActive Sudam\u00e9rica)<\/td>\n<\/tr>\n<tr>\n<td colspan=\"2\">POSIBILIDAD DE AGREGAR MAPAS<\/td>\n<td>si<\/td>\n<\/tr>\n<tr>\n<td colspan=\"2\">MAPA BASE<\/td>\n<td>si<\/td>\n<\/tr>\n<tr>\n<td colspan=\"2\">CREACI\u00d3N AUTOM\u00c1TICA DE RUTAS<\/td>\n<td>si<\/td>\n<\/tr>\n<tr>\n<td colspan=\"2\">MAP SEGMENTS<\/td>\n<td>15000<\/td>\n<\/tr>\n<tr>\n<td colspan=\"2\">INCLUDES DETAILED HYDROGRAPHIC FEATURES<\/td>\n<td>si<\/td>\n<\/tr>\n<tr>\n<td colspan=\"2\">INCLUDES SEARCHABLE POINTS OF INTERESTS<\/td>\n<td>si<\/td>\n<\/tr>\n<tr>\n<td colspan=\"2\">DISPLAYS NATIONAL, STATE AND LOCAL PARKS, FORESTS, AND WILDERNESS AREAS<\/td>\n<td>si<\/td>\n<\/tr>\n<tr>\n<td colspan=\"2\">ALMACENAMIENTO<\/td>\n<td>s\u00ed (tarjeta microSD \u2122 de 32 GB como m\u00e1ximo)<\/td>\n<\/tr>\n<tr>\n<td colspan=\"2\">WAYPOINTS<\/td>\n<td>10000<\/td>\n<\/tr>\n<tr>\n<td colspan=\"2\">TRACKS<\/td>\n<td>250<\/td>\n<\/tr>\n<tr>\n<td colspan=\"2\">RUTAS<\/td>\n<td>250, 250 puntos por ruta; Enrutamiento autom\u00e1tico de 50 puntos<\/td>\n<\/tr>\n<tr>\n<td colspan=\"2\">REGISTRO DE RINEX<\/td>\n<td>si<\/td>\n<\/tr>\n<\/tbody>\n<\/table>\n<table>\n<tbody>\n<tr>\n<td colspan=\"2\">\n<h3>SENSORES<\/h3>\n<\/td>\n<\/tr>\n<tr>\n<td>GPS<\/td>\n<td>si<\/td>\n<\/tr>\n<tr>\n<td>GALILEO<\/td>\n<td>si<\/td>\n<\/tr>\n<tr>\n<td>ALT\u00cdMETRO BAROM\u00c9TRICO<\/td>\n<td>si<\/td>\n<\/tr>\n<tr>\n<td>BR\u00daJULA<\/td>\n<td>S\u00ed (3 ejes con compensaci\u00f3n de inclinaci\u00f3n)<\/td>\n<\/tr>\n<tr>\n<td>QZSS<\/td>\n<td>si<\/td>\n<\/tr>\n<tr>\n<td>SOPORTE DE FRECUENCIA MULTIBANDA<\/td>\n<td>si<\/td>\n<\/tr>\n<\/tbody>\n<\/table>\n<table>\n<tbody>\n<tr>\n<td colspan=\"2\">\n<h3>FES INTELIGENTES DIARIAS<\/h3>\n<\/td>\n<\/tr>\n<tr>\n<td>CONNECT IQ<\/td>\n<td>si<\/td>\n<\/tr>\n<tr>\n<td>NOTIFICACIONES INTELIGENTES<\/td>\n<td>S\u00ed (en el dispositivo handheld)<\/td>\n<\/tr>\n<tr>\n<td>CLIMA<\/td>\n<td>si (clima activo)<\/td>\n<\/tr>\n<tr>\n<td>CONTROL REMOTO VIRB\u00ae<\/td>\n<td>si<\/td>\n<\/tr>\n<tr>\n<td>SE EMPAREJA CON GARMIN CONNECT \u2122 MOBILE<\/td>\n<td>si<\/td>\n<\/tr>\n<\/tbody>\n<\/table>\n<table>\n<tbody>\n<tr>\n<td colspan=\"2\">\n<h3>FUNCIONES DE OCIO AL AIRE LIBRE<\/h3>\n<\/td>\n<\/tr>\n<tr>\n<td>NAVEGACI\u00d3N PUNTO A PUNTO<\/td>\n<td>si<\/td>\n<\/tr>\n<tr>\n<td>COMPATIBLE CON BASECAMP\u2122<\/td>\n<td>si<\/td>\n<\/tr>\n<tr>\n<td>C\u00c1LCULO DE \u00c1REAS<\/td>\n<td>si<\/td>\n<\/tr>\n<tr>\n<td>CALENDARIO DE CAZA Y PESCA<\/td>\n<td>si<\/td>\n<\/tr>\n<tr>\n<td>GEOCACHING FRIENDLY<\/td>\n<td>si<\/td>\n<\/tr>\n<tr>\n<td>COMPATIBLE CON LOS MAPAS PERSONALIZADOS<\/td>\n<td>si<\/td>\n<\/tr>\n<tr>\n<td>VISOR DE IM\u00c1GENES<\/td>\n<td>si<\/td>\n<\/tr>\n<tr>\n<td>INFORMACION DE SOL Y LUNA<\/td>\n<td>si<\/td>\n<\/tr>\n<\/tbody>\n<\/table>\n<table>\n<tbody>\n<tr>\n<td colspan=\"2\">\n<h3>FUNCIONES INREACH<\/h3>\n<\/td>\n<\/tr>\n<tr>\n<td>SOS INTERACTIVO<\/td>\n<td>si<\/td>\n<\/tr>\n<tr>\n<td>ENVIAR Y RECIBIR MENSAJES DE TEXTO A SMS Y CORREO ELECTR\u00d3NICO<\/td>\n<td>si<\/td>\n<\/tr>\n<tr>\n<td>ENVIAR Y RECIBIR MENSAJES DE TEXTO A OTRO DISPOSITIVO INREACH<\/td>\n<td>si<\/td>\n<\/tr>\n<tr>\n<td>INTERCAMBIE UBICACIONES CON OTRO DISPOSITIVO INREACH<\/td>\n<td>si<\/td>\n<\/tr>\n<tr>\n<td>MAPSHARE COMPATIBLE CON EL SEGUIMIENTO<\/td>\n<td>si<\/td>\n<\/tr>\n<tr>\n<td>TECLADO VIRTUAL PARA MENSAJER\u00cdA PERSONALIZADA<\/td>\n<td>si<\/td>\n<\/tr>\n<tr>\n<td>ENVIAR PUNTOS DE REFERENCIA A MAPSHARE DURANTE EL VIAJE<\/td>\n<td>si<\/td>\n<\/tr>\n<tr>\n<td>ENVIAR SELECCI\u00d3N DE RUTA A MAPSHARE DURANTE EL VIAJE<\/td>\n<td>si<\/td>\n<\/tr>\n<\/tbody>\n<\/table>\n<table>\n<tbody>\n<tr>\n<td colspan=\"2\">\n<h3>CONECTIVIDAD<\/h3>\n<\/td>\n<\/tr>\n<tr>\n<td>CONECTIVIDAD INALAMBRICA<\/td>\n<td>s\u00ed (BLUETOOTH\u00ae, ANT + \u00ae)<\/td>\n<\/tr>\n<\/tbody>\n<\/table>\n<table>\n<tbody>\n<tr>\n<td colspan=\"2\">\n<h3>ADICIONAL<\/h3>\n<\/td>\n<\/tr>\n<tr>\n<td>CARACTERISTICAS ADICIONALES<\/td>\n<td>Sensor BeiDouSensor IRNSSCompatible con la aplicaci\u00f3n Garmin MessengerCambio inteligente entre wi-fi, celular y sat\u00e9lite con la aplicaci\u00f3n Garmin Messenger<\/td>\n<\/tr>\n<\/tbody>\n<\/table>\n","protected":false},"excerpt":{"rendered":"<table>\n<tbody>\n<tr>\n<td>DIMENSIONES DE LA UNIDAD<\/td>\n<td>2,5\u201d x 6,4\u201d x 1,4\u201d (6,2 x 16,3 x 3,5 cm)<\/td>\n<\/tr>\n<tr>\n<td>TAMA\u00d1O DE LA PANTALLA<\/td>\n<td>1,5&#8243; de ancho x 2,5&#8243; de alto (3,8 x 6,3 cm); 3&#8243; de di\u00e1metro (7,6 cm)<\/td>\n<\/tr>\n<tr>\n<td>RESOLUCI\u00d3N DE PANTALLA<\/td>\n<td>240 x 400 p\u00edxeles<\/td>\n<\/tr>\n<tr>\n<td>TIPO DE PANTALLA<\/td>\n<td>TFT transflectiva en color<\/td>\n<\/tr>\n<tr>\n<td>PESO<\/td>\n<td>230 g (8,1 oz) con pilas<\/td>\n<\/tr>\n<tr>\n<td>TIPO DE BATERIA<\/td>\n<td>iones de litio internas recargables<\/td>\n<\/tr>\n<\/tbody>\n<\/table>\n","protected":false},"featured_media":37304,"comment_status":"closed","ping_status":"closed","template":"","meta":[],"product_brand":[102],"product_cat":[79],"product_tag":[155,146],"class_list":{"0":"post-37303","1":"product","2":"type-product","3":"status-publish","4":"has-post-thumbnail","6":"product_brand-garmin","7":"product_cat-gps-navegadores","8":"product_tag-gps-navegador","9":"product_tag-topografia","11":"first","12":"instock","13":"shipping-taxable","14":"product-type-simple"},"yoast_head":"<!-- This site is optimized with the Yoast SEO plugin v27.2 - https:\/\/yoast.com\/product\/yoast-seo-wordpress\/ -->\n<title>GPS GARMIN MAP 67i - Topograf\u00eda, Geolog\u00eda, Miner\u00eda y Equipamiento de Oficina<\/title>\n<meta name=\"robots\" content=\"index, follow, max-snippet:-1, max-image-preview:large, max-video-preview:-1\" \/>\n<link rel=\"canonical\" href=\"https:\/\/beiroperu.com\/tienda\/catalogo\/topografia\/gps-navegadores\/gps-garmin-map-67i\/\" \/>\n<meta property=\"og:locale\" content=\"es_ES\" \/>\n<meta property=\"og:type\" content=\"article\" \/>\n<meta property=\"og:title\" content=\"GPS GARMIN MAP 67i - Topograf\u00eda, Geolog\u00eda, Miner\u00eda y Equipamiento de Oficina\" \/>\n<meta property=\"og:description\" content=\"DIMENSIONES DE LA UNIDAD 2,5\u201d x 6,4\u201d x 1,4\u201d (6,2 x 16,3 x 3,5 cm)   TAMA\u00d1O DE LA PANTALLA 1,5&quot; de ancho x 2,5&quot; de alto (3,8 x 6,3 cm); 3&quot; de di\u00e1metro (7,6 cm)   RESOLUCI\u00d3N DE PANTALLA 240 x 400 p\u00edxeles   TIPO DE PANTALLA TFT transflectiva en color   PESO 230 g (8,1 oz) con pilas   TIPO DE BATERIA iones de litio internas recargables\" \/>\n<meta property=\"og:url\" content=\"https:\/\/beiroperu.com\/tienda\/catalogo\/topografia\/gps-navegadores\/gps-garmin-map-67i\/\" \/>\n<meta property=\"og:site_name\" content=\"Topograf\u00eda, Geolog\u00eda, Miner\u00eda y Equipamiento de Oficina\" \/>\n<meta property=\"article:publisher\" content=\"https:\/\/www.facebook.com\/profile.php?id=61574959587714\" \/>\n<meta property=\"article:modified_time\" content=\"2026-03-31T16:13:29+00:00\" \/>\n<meta property=\"og:image\" content=\"https:\/\/beiroperu.com\/tienda\/wp-content\/uploads\/2026\/03\/garmin-map-67i-gps-navegador-1.jpg\" \/>\n\t<meta property=\"og:image:width\" content=\"800\" \/>\n\t<meta property=\"og:image:height\" content=\"930\" \/>\n\t<meta property=\"og:image:type\" content=\"image\/jpeg\" \/>\n<meta name=\"twitter:card\" content=\"summary_large_image\" \/>\n<meta name=\"twitter:label1\" content=\"Tiempo de lectura\" \/>\n\t<meta name=\"twitter:data1\" content=\"3 minutos\" \/>\n<script type=\"application\/ld+json\" class=\"yoast-schema-graph\">{\"@context\":\"https:\/\/schema.org\",\"@graph\":[{\"@type\":\"WebPage\",\"@id\":\"https:\/\/beiroperu.com\/tienda\/catalogo\/topografia\/gps-navegadores\/gps-garmin-map-67i\/\",\"url\":\"https:\/\/beiroperu.com\/tienda\/catalogo\/topografia\/gps-navegadores\/gps-garmin-map-67i\/\",\"name\":\"GPS GARMIN MAP 67i - Topograf\u00eda, Geolog\u00eda, Miner\u00eda y Equipamiento de Oficina\",\"isPartOf\":{\"@id\":\"https:\/\/beiroperu.com\/tienda\/#website\"},\"primaryImageOfPage\":{\"@id\":\"https:\/\/beiroperu.com\/tienda\/catalogo\/topografia\/gps-navegadores\/gps-garmin-map-67i\/#primaryimage\"},\"image\":{\"@id\":\"https:\/\/beiroperu.com\/tienda\/catalogo\/topografia\/gps-navegadores\/gps-garmin-map-67i\/#primaryimage\"},\"thumbnailUrl\":\"https:\/\/beiroperu.com\/tienda\/wp-content\/uploads\/2026\/03\/garmin-map-67i-gps-navegador-1.jpg\",\"datePublished\":\"2026-03-31T16:13:28+00:00\",\"dateModified\":\"2026-03-31T16:13:29+00:00\",\"breadcrumb\":{\"@id\":\"https:\/\/beiroperu.com\/tienda\/catalogo\/topografia\/gps-navegadores\/gps-garmin-map-67i\/#breadcrumb\"},\"inLanguage\":\"es\",\"potentialAction\":[{\"@type\":\"ReadAction\",\"target\":[\"https:\/\/beiroperu.com\/tienda\/catalogo\/topografia\/gps-navegadores\/gps-garmin-map-67i\/\"]}]},{\"@type\":\"ImageObject\",\"inLanguage\":\"es\",\"@id\":\"https:\/\/beiroperu.com\/tienda\/catalogo\/topografia\/gps-navegadores\/gps-garmin-map-67i\/#primaryimage\",\"url\":\"https:\/\/beiroperu.com\/tienda\/wp-content\/uploads\/2026\/03\/garmin-map-67i-gps-navegador-1.jpg\",\"contentUrl\":\"https:\/\/beiroperu.com\/tienda\/wp-content\/uploads\/2026\/03\/garmin-map-67i-gps-navegador-1.jpg\",\"width\":800,\"height\":930},{\"@type\":\"BreadcrumbList\",\"@id\":\"https:\/\/beiroperu.com\/tienda\/catalogo\/topografia\/gps-navegadores\/gps-garmin-map-67i\/#breadcrumb\",\"itemListElement\":[{\"@type\":\"ListItem\",\"position\":1,\"name\":\"Portada\",\"item\":\"https:\/\/beiroperu.com\/tienda\/\"},{\"@type\":\"ListItem\",\"position\":2,\"name\":\"Shop\",\"item\":\"https:\/\/beiroperu.com\/tienda\/shop\/\"},{\"@type\":\"ListItem\",\"position\":3,\"name\":\"GPS GARMIN MAP 67i\"}]},{\"@type\":\"WebSite\",\"@id\":\"https:\/\/beiroperu.com\/tienda\/#website\",\"url\":\"https:\/\/beiroperu.com\/tienda\/\",\"name\":\"Topograf\u00eda, Geolog\u00eda, Miner\u00eda y Equipamiento de Oficina\",\"description\":\"Beiro Per\u00fa\",\"publisher\":{\"@id\":\"https:\/\/beiroperu.com\/tienda\/#organization\"},\"alternateName\":\"Beiro Per\u00fa\",\"potentialAction\":[{\"@type\":\"SearchAction\",\"target\":{\"@type\":\"EntryPoint\",\"urlTemplate\":\"https:\/\/beiroperu.com\/tienda\/?s={search_term_string}\"},\"query-input\":{\"@type\":\"PropertyValueSpecification\",\"valueRequired\":true,\"valueName\":\"search_term_string\"}}],\"inLanguage\":\"es\"},{\"@type\":\"Organization\",\"@id\":\"https:\/\/beiroperu.com\/tienda\/#organization\",\"name\":\"Beiro\",\"alternateName\":\"Beiro Per\u00fa\",\"url\":\"https:\/\/beiroperu.com\/tienda\/\",\"logo\":{\"@type\":\"ImageObject\",\"inLanguage\":\"es\",\"@id\":\"https:\/\/beiroperu.com\/tienda\/#\/schema\/logo\/image\/\",\"url\":\"https:\/\/beiroperu.com\/tienda\/wp-content\/uploads\/2026\/03\/logo-beiro.jpeg\",\"contentUrl\":\"https:\/\/beiroperu.com\/tienda\/wp-content\/uploads\/2026\/03\/logo-beiro.jpeg\",\"width\":322,\"height\":123,\"caption\":\"Beiro\"},\"image\":{\"@id\":\"https:\/\/beiroperu.com\/tienda\/#\/schema\/logo\/image\/\"},\"sameAs\":[\"https:\/\/www.facebook.com\/profile.php?id=61574959587714\",\"https:\/\/www.instagram.com\/beiro_equipos_topograficos?igsh=cG11NHowcmp1dzFq\",\"https:\/\/www.threads.com\/@beiro_equipos_topograficos\"]}]}<\/script>\n<!-- \/ Yoast SEO plugin. -->","yoast_head_json":{"title":"GPS GARMIN MAP 67i - Topograf\u00eda, Geolog\u00eda, Miner\u00eda y Equipamiento de Oficina","robots":{"index":"index","follow":"follow","max-snippet":"max-snippet:-1","max-image-preview":"max-image-preview:large","max-video-preview":"max-video-preview:-1"},"canonical":"https:\/\/beiroperu.com\/tienda\/catalogo\/topografia\/gps-navegadores\/gps-garmin-map-67i\/","og_locale":"es_ES","og_type":"article","og_title":"GPS GARMIN MAP 67i - Topograf\u00eda, Geolog\u00eda, Miner\u00eda y Equipamiento de Oficina","og_description":"DIMENSIONES DE LA UNIDAD 2,5\u201d x 6,4\u201d x 1,4\u201d (6,2 x 16,3 x 3,5 cm)   TAMA\u00d1O DE LA PANTALLA 1,5\" de ancho x 2,5\" de alto (3,8 x 6,3 cm); 3\" de di\u00e1metro (7,6 cm)   RESOLUCI\u00d3N DE PANTALLA 240 x 400 p\u00edxeles   TIPO DE PANTALLA TFT transflectiva en color   PESO 230 g (8,1 oz) con pilas   TIPO DE BATERIA iones de litio internas recargables","og_url":"https:\/\/beiroperu.com\/tienda\/catalogo\/topografia\/gps-navegadores\/gps-garmin-map-67i\/","og_site_name":"Topograf\u00eda, Geolog\u00eda, Miner\u00eda y Equipamiento de Oficina","article_publisher":"https:\/\/www.facebook.com\/profile.php?id=61574959587714","article_modified_time":"2026-03-31T16:13:29+00:00","og_image":[{"width":800,"height":930,"url":"https:\/\/beiroperu.com\/tienda\/wp-content\/uploads\/2026\/03\/garmin-map-67i-gps-navegador-1.jpg","type":"image\/jpeg"}],"twitter_card":"summary_large_image","twitter_misc":{"Tiempo de lectura":"3 minutos"},"schema":{"@context":"https:\/\/schema.org","@graph":[{"@type":"WebPage","@id":"https:\/\/beiroperu.com\/tienda\/catalogo\/topografia\/gps-navegadores\/gps-garmin-map-67i\/","url":"https:\/\/beiroperu.com\/tienda\/catalogo\/topografia\/gps-navegadores\/gps-garmin-map-67i\/","name":"GPS GARMIN MAP 67i - Topograf\u00eda, Geolog\u00eda, Miner\u00eda y Equipamiento de Oficina","isPartOf":{"@id":"https:\/\/beiroperu.com\/tienda\/#website"},"primaryImageOfPage":{"@id":"https:\/\/beiroperu.com\/tienda\/catalogo\/topografia\/gps-navegadores\/gps-garmin-map-67i\/#primaryimage"},"image":{"@id":"https:\/\/beiroperu.com\/tienda\/catalogo\/topografia\/gps-navegadores\/gps-garmin-map-67i\/#primaryimage"},"thumbnailUrl":"https:\/\/beiroperu.com\/tienda\/wp-content\/uploads\/2026\/03\/garmin-map-67i-gps-navegador-1.jpg","datePublished":"2026-03-31T16:13:28+00:00","dateModified":"2026-03-31T16:13:29+00:00","breadcrumb":{"@id":"https:\/\/beiroperu.com\/tienda\/catalogo\/topografia\/gps-navegadores\/gps-garmin-map-67i\/#breadcrumb"},"inLanguage":"es","potentialAction":[{"@type":"ReadAction","target":["https:\/\/beiroperu.com\/tienda\/catalogo\/topografia\/gps-navegadores\/gps-garmin-map-67i\/"]}]},{"@type":"ImageObject","inLanguage":"es","@id":"https:\/\/beiroperu.com\/tienda\/catalogo\/topografia\/gps-navegadores\/gps-garmin-map-67i\/#primaryimage","url":"https:\/\/beiroperu.com\/tienda\/wp-content\/uploads\/2026\/03\/garmin-map-67i-gps-navegador-1.jpg","contentUrl":"https:\/\/beiroperu.com\/tienda\/wp-content\/uploads\/2026\/03\/garmin-map-67i-gps-navegador-1.jpg","width":800,"height":930},{"@type":"BreadcrumbList","@id":"https:\/\/beiroperu.com\/tienda\/catalogo\/topografia\/gps-navegadores\/gps-garmin-map-67i\/#breadcrumb","itemListElement":[{"@type":"ListItem","position":1,"name":"Portada","item":"https:\/\/beiroperu.com\/tienda\/"},{"@type":"ListItem","position":2,"name":"Shop","item":"https:\/\/beiroperu.com\/tienda\/shop\/"},{"@type":"ListItem","position":3,"name":"GPS GARMIN MAP 67i"}]},{"@type":"WebSite","@id":"https:\/\/beiroperu.com\/tienda\/#website","url":"https:\/\/beiroperu.com\/tienda\/","name":"Topograf\u00eda, Geolog\u00eda, Miner\u00eda y Equipamiento de Oficina","description":"Beiro Per\u00fa","publisher":{"@id":"https:\/\/beiroperu.com\/tienda\/#organization"},"alternateName":"Beiro Per\u00fa","potentialAction":[{"@type":"SearchAction","target":{"@type":"EntryPoint","urlTemplate":"https:\/\/beiroperu.com\/tienda\/?s={search_term_string}"},"query-input":{"@type":"PropertyValueSpecification","valueRequired":true,"valueName":"search_term_string"}}],"inLanguage":"es"},{"@type":"Organization","@id":"https:\/\/beiroperu.com\/tienda\/#organization","name":"Beiro","alternateName":"Beiro Per\u00fa","url":"https:\/\/beiroperu.com\/tienda\/","logo":{"@type":"ImageObject","inLanguage":"es","@id":"https:\/\/beiroperu.com\/tienda\/#\/schema\/logo\/image\/","url":"https:\/\/beiroperu.com\/tienda\/wp-content\/uploads\/2026\/03\/logo-beiro.jpeg","contentUrl":"https:\/\/beiroperu.com\/tienda\/wp-content\/uploads\/2026\/03\/logo-beiro.jpeg","width":322,"height":123,"caption":"Beiro"},"image":{"@id":"https:\/\/beiroperu.com\/tienda\/#\/schema\/logo\/image\/"},"sameAs":["https:\/\/www.facebook.com\/profile.php?id=61574959587714","https:\/\/www.instagram.com\/beiro_equipos_topograficos?igsh=cG11NHowcmp1dzFq","https:\/\/www.threads.com\/@beiro_equipos_topograficos"]}]}},"_links":{"self":[{"href":"https:\/\/beiroperu.com\/tienda\/wp-json\/wp\/v2\/product\/37303","targetHints":{"allow":["GET"]}}],"collection":[{"href":"https:\/\/beiroperu.com\/tienda\/wp-json\/wp\/v2\/product"}],"about":[{"href":"https:\/\/beiroperu.com\/tienda\/wp-json\/wp\/v2\/types\/product"}],"replies":[{"embeddable":true,"href":"https:\/\/beiroperu.com\/tienda\/wp-json\/wp\/v2\/comments?post=37303"}],"wp:featuredmedia":[{"embeddable":true,"href":"https:\/\/beiroperu.com\/tienda\/wp-json\/wp\/v2\/media\/37304"}],"wp:attachment":[{"href":"https:\/\/beiroperu.com\/tienda\/wp-json\/wp\/v2\/media?parent=37303"}],"wp:term":[{"taxonomy":"product_brand","embeddable":true,"href":"https:\/\/beiroperu.com\/tienda\/wp-json\/wp\/v2\/product_brand?post=37303"},{"taxonomy":"product_cat","embeddable":true,"href":"https:\/\/beiroperu.com\/tienda\/wp-json\/wp\/v2\/product_cat?post=37303"},{"taxonomy":"product_tag","embeddable":true,"href":"https:\/\/beiroperu.com\/tienda\/wp-json\/wp\/v2\/product_tag?post=37303"}],"curies":[{"name":"wp","href":"https:\/\/api.w.org\/{rel}","templated":true}]}}