{"id":37313,"date":"2026-03-31T11:29:14","date_gmt":"2026-03-31T16:29:14","guid":{"rendered":"https:\/\/beiroperu.com\/tienda\/?post_type=product&#038;p=37313"},"modified":"2026-03-31T11:29:15","modified_gmt":"2026-03-31T16:29:15","slug":"coban-tk103-rastreo-vehicular","status":"publish","type":"product","link":"https:\/\/beiroperu.com\/tienda\/catalogo\/topografia\/gps-navegadores\/coban-tk103-rastreo-vehicular\/","title":{"rendered":"COBAN TK103 (RASTREO VEHICULAR)"},"content":{"rendered":"<p><strong>El GPS Tracker<\/strong>\u00a0<strong>GPS Coban TK103<\/strong>, tiene m\u00faltiples funciones de precisi\u00f3n de posicionamiento, seguridad, control de vigilancia, alarmas de emergencia y seguimiento en su totalidad, especial para el veh\u00edculo.<br \/>\nEl producto tiene las funciones completas de SMS \/ GPRS \/ de transmisi\u00f3n de datos de Internet, para que sea m\u00e1s ampliamente utilizado en el monitoreo a gran escala, la programaci\u00f3n de emergencia, los servicios basados en la ubicaci\u00f3n, la seguridad del tr\u00e1fico y muchas otras \u00e1reas de gesti\u00f3n.<\/p>\n<p><strong>CARACTERISTICAS:<\/strong><br \/>\nEst\u00e1 basado en GSM \/ GPRS (850\/900\/1800 \/ 1900MHZ) Internet de telecomunicaciones inal\u00e1mbricas y sistema de posicionamiento global GPS sat\u00e9lite, pista por varios software de monitor ways.provide y pista global en tiempo map.real a trav\u00e9s del software del monitor en su PC; realizar un seguimiento a trav\u00e9s de su tel\u00e9fono celular y PDA googleearth.<\/p>\n<p><strong><img loading=\"lazy\" decoding=\"async\" src=\"https:\/\/cosola.com\/images\/gps\/rastreo-vehicular-gps2.jpg\" alt=\"rastreo-vehicular-gps2\" width=\"300\" height=\"225\" \/>FUNCION:<\/strong><br \/>\nAutorizaci\u00f3n; Auto Track continuo; Track con n\u00famero ilimitado de veces en el intervalo de tiempo; Actualizaci\u00f3n autom\u00e1tica de posiciones de vueltas de los\u00a0 veh\u00edculos; Direcci\u00f3n de la calle por SMS; Monitor; Transferencia de datos; Cargo mensaje; Apagado de alarma; SOS; Gesti\u00f3n multi-zona; Alarma sobre velocidad; Alarma de trabajo ACC; Corte del sistema de combustible y energ\u00eda; Desactivaci\u00f3n; Alarma de puertas; Alarma ACC; Alarma sin servicio de red GSM; Reseteo del hardware; Terminal de ajuste de hora(local); Configuraci\u00f3n de par\u00e1metros por USB; Menos trafico GPRS; Configuraci\u00f3n del monitor central; Localizaci\u00f3n individual; Track con tiempo limitado en intervalo de tiempo; Track inteligente en tiempo e intervalo de tiempo; Supresi\u00f3n del rumbo del GPS; Servicio de base de localizaci\u00f3n; Registro de datos; Reenvi\u00f3 de mensajes a terceros; Alarma de bater\u00eda baja; Alerta del GPS de punto ciego; Geo-fence; Alarma de movimiento; Alarma de accidente(opcional); Alarma de combustible; Arm; Alarma estatal; Sensor de alarma shock, Modo silencioso; Comprobaci\u00f3n de estado de veh\u00edculo; Modo durmiente; Interruptor TPC\/UDP; Configuraci\u00f3n GPRS; Cambio de modos SMS y GPRS.<\/p>\n<p><strong>Contiene:<\/strong>\u00a0Antena de GPS, Antena de GSM, Cable, Bot\u00f3n de SOS, Cable de datos USB, CD. Relay y Sensor de combustible(Opcional).<\/p>\n","protected":false},"excerpt":{"rendered":"<p><strong>El GPS Tracker<\/strong>\u00a0<strong>GPS Coban TK103<\/strong>, tiene m\u00faltiples funciones de precisi\u00f3n de posicionamiento, seguridad, control de vigilancia, alarmas de emergencia y seguimiento en su totalidad, especial para el veh\u00edculo.<br \/>\nEl producto tiene las funciones completas de SMS \/ GPRS \/ de transmisi\u00f3n de datos de Internet, para que sea m\u00e1s ampliamente utilizado en el monitoreo a gran escala, la programaci\u00f3n de emergencia, los servicios basados en la ubicaci\u00f3n, la seguridad del tr\u00e1fico y muchas otras \u00e1reas de gesti\u00f3n.<\/p>\n","protected":false},"featured_media":37314,"comment_status":"closed","ping_status":"closed","template":"","meta":[],"product_brand":[156],"product_cat":[79],"product_tag":[155,146],"class_list":{"0":"post-37313","1":"product","2":"type-product","3":"status-publish","4":"has-post-thumbnail","6":"product_brand-coban","7":"product_cat-gps-navegadores","8":"product_tag-gps-navegador","9":"product_tag-topografia","11":"first","12":"instock","13":"shipping-taxable","14":"product-type-simple"},"yoast_head":"<!-- This site is optimized with the Yoast SEO plugin v27.2 - https:\/\/yoast.com\/product\/yoast-seo-wordpress\/ -->\n<title>COBAN TK103 (RASTREO VEHICULAR) - Topograf\u00eda, Geolog\u00eda, Miner\u00eda y Equipamiento de Oficina<\/title>\n<meta name=\"robots\" content=\"index, follow, max-snippet:-1, max-image-preview:large, max-video-preview:-1\" \/>\n<link rel=\"canonical\" href=\"https:\/\/beiroperu.com\/tienda\/catalogo\/topografia\/gps-navegadores\/coban-tk103-rastreo-vehicular\/\" \/>\n<meta property=\"og:locale\" content=\"es_ES\" \/>\n<meta property=\"og:type\" content=\"article\" \/>\n<meta property=\"og:title\" content=\"COBAN TK103 (RASTREO VEHICULAR) - Topograf\u00eda, Geolog\u00eda, Miner\u00eda y Equipamiento de Oficina\" \/>\n<meta property=\"og:description\" content=\"El GPS Tracker\u00a0GPS Coban TK103, tiene m\u00faltiples funciones de precisi\u00f3n de posicionamiento, seguridad, control de vigilancia, alarmas de emergencia y seguimiento en su totalidad, especial para el veh\u00edculo. El producto tiene las funciones completas de SMS \/ GPRS \/ de transmisi\u00f3n de datos de Internet, para que sea m\u00e1s ampliamente utilizado en el monitoreo a gran escala, la programaci\u00f3n de emergencia, los servicios basados en la ubicaci\u00f3n, la seguridad del tr\u00e1fico y muchas otras \u00e1reas de gesti\u00f3n.\" \/>\n<meta property=\"og:url\" content=\"https:\/\/beiroperu.com\/tienda\/catalogo\/topografia\/gps-navegadores\/coban-tk103-rastreo-vehicular\/\" \/>\n<meta property=\"og:site_name\" content=\"Topograf\u00eda, Geolog\u00eda, Miner\u00eda y Equipamiento de Oficina\" \/>\n<meta property=\"article:publisher\" content=\"https:\/\/www.facebook.com\/profile.php?id=61574959587714\" \/>\n<meta property=\"article:modified_time\" content=\"2026-03-31T16:29:15+00:00\" \/>\n<meta property=\"og:image\" content=\"https:\/\/beiroperu.com\/tienda\/wp-content\/uploads\/2026\/03\/coban-tk103-gps-navegador-1.jpg\" \/>\n\t<meta property=\"og:image:width\" content=\"800\" \/>\n\t<meta property=\"og:image:height\" content=\"930\" \/>\n\t<meta property=\"og:image:type\" content=\"image\/jpeg\" \/>\n<meta name=\"twitter:card\" content=\"summary_large_image\" \/>\n<meta name=\"twitter:label1\" content=\"Tiempo de lectura\" \/>\n\t<meta name=\"twitter:data1\" content=\"2 minutos\" \/>\n<script type=\"application\/ld+json\" class=\"yoast-schema-graph\">{\"@context\":\"https:\/\/schema.org\",\"@graph\":[{\"@type\":\"WebPage\",\"@id\":\"https:\/\/beiroperu.com\/tienda\/catalogo\/topografia\/gps-navegadores\/coban-tk103-rastreo-vehicular\/\",\"url\":\"https:\/\/beiroperu.com\/tienda\/catalogo\/topografia\/gps-navegadores\/coban-tk103-rastreo-vehicular\/\",\"name\":\"COBAN TK103 (RASTREO VEHICULAR) - Topograf\u00eda, Geolog\u00eda, Miner\u00eda y Equipamiento de Oficina\",\"isPartOf\":{\"@id\":\"https:\/\/beiroperu.com\/tienda\/#website\"},\"primaryImageOfPage\":{\"@id\":\"https:\/\/beiroperu.com\/tienda\/catalogo\/topografia\/gps-navegadores\/coban-tk103-rastreo-vehicular\/#primaryimage\"},\"image\":{\"@id\":\"https:\/\/beiroperu.com\/tienda\/catalogo\/topografia\/gps-navegadores\/coban-tk103-rastreo-vehicular\/#primaryimage\"},\"thumbnailUrl\":\"https:\/\/beiroperu.com\/tienda\/wp-content\/uploads\/2026\/03\/coban-tk103-gps-navegador-1.jpg\",\"datePublished\":\"2026-03-31T16:29:14+00:00\",\"dateModified\":\"2026-03-31T16:29:15+00:00\",\"breadcrumb\":{\"@id\":\"https:\/\/beiroperu.com\/tienda\/catalogo\/topografia\/gps-navegadores\/coban-tk103-rastreo-vehicular\/#breadcrumb\"},\"inLanguage\":\"es\",\"potentialAction\":[{\"@type\":\"ReadAction\",\"target\":[\"https:\/\/beiroperu.com\/tienda\/catalogo\/topografia\/gps-navegadores\/coban-tk103-rastreo-vehicular\/\"]}]},{\"@type\":\"ImageObject\",\"inLanguage\":\"es\",\"@id\":\"https:\/\/beiroperu.com\/tienda\/catalogo\/topografia\/gps-navegadores\/coban-tk103-rastreo-vehicular\/#primaryimage\",\"url\":\"https:\/\/beiroperu.com\/tienda\/wp-content\/uploads\/2026\/03\/coban-tk103-gps-navegador-1.jpg\",\"contentUrl\":\"https:\/\/beiroperu.com\/tienda\/wp-content\/uploads\/2026\/03\/coban-tk103-gps-navegador-1.jpg\",\"width\":800,\"height\":930},{\"@type\":\"BreadcrumbList\",\"@id\":\"https:\/\/beiroperu.com\/tienda\/catalogo\/topografia\/gps-navegadores\/coban-tk103-rastreo-vehicular\/#breadcrumb\",\"itemListElement\":[{\"@type\":\"ListItem\",\"position\":1,\"name\":\"Portada\",\"item\":\"https:\/\/beiroperu.com\/tienda\/\"},{\"@type\":\"ListItem\",\"position\":2,\"name\":\"Shop\",\"item\":\"https:\/\/beiroperu.com\/tienda\/shop\/\"},{\"@type\":\"ListItem\",\"position\":3,\"name\":\"COBAN TK103 (RASTREO VEHICULAR)\"}]},{\"@type\":\"WebSite\",\"@id\":\"https:\/\/beiroperu.com\/tienda\/#website\",\"url\":\"https:\/\/beiroperu.com\/tienda\/\",\"name\":\"Topograf\u00eda, Geolog\u00eda, Miner\u00eda y Equipamiento de Oficina\",\"description\":\"Beiro Per\u00fa\",\"publisher\":{\"@id\":\"https:\/\/beiroperu.com\/tienda\/#organization\"},\"alternateName\":\"Beiro Per\u00fa\",\"potentialAction\":[{\"@type\":\"SearchAction\",\"target\":{\"@type\":\"EntryPoint\",\"urlTemplate\":\"https:\/\/beiroperu.com\/tienda\/?s={search_term_string}\"},\"query-input\":{\"@type\":\"PropertyValueSpecification\",\"valueRequired\":true,\"valueName\":\"search_term_string\"}}],\"inLanguage\":\"es\"},{\"@type\":\"Organization\",\"@id\":\"https:\/\/beiroperu.com\/tienda\/#organization\",\"name\":\"Beiro\",\"alternateName\":\"Beiro Per\u00fa\",\"url\":\"https:\/\/beiroperu.com\/tienda\/\",\"logo\":{\"@type\":\"ImageObject\",\"inLanguage\":\"es\",\"@id\":\"https:\/\/beiroperu.com\/tienda\/#\/schema\/logo\/image\/\",\"url\":\"https:\/\/beiroperu.com\/tienda\/wp-content\/uploads\/2026\/03\/logo-beiro.jpeg\",\"contentUrl\":\"https:\/\/beiroperu.com\/tienda\/wp-content\/uploads\/2026\/03\/logo-beiro.jpeg\",\"width\":322,\"height\":123,\"caption\":\"Beiro\"},\"image\":{\"@id\":\"https:\/\/beiroperu.com\/tienda\/#\/schema\/logo\/image\/\"},\"sameAs\":[\"https:\/\/www.facebook.com\/profile.php?id=61574959587714\",\"https:\/\/www.instagram.com\/beiro_equipos_topograficos?igsh=cG11NHowcmp1dzFq\",\"https:\/\/www.threads.com\/@beiro_equipos_topograficos\"]}]}<\/script>\n<!-- \/ Yoast SEO plugin. -->","yoast_head_json":{"title":"COBAN TK103 (RASTREO VEHICULAR) - Topograf\u00eda, Geolog\u00eda, Miner\u00eda y Equipamiento de Oficina","robots":{"index":"index","follow":"follow","max-snippet":"max-snippet:-1","max-image-preview":"max-image-preview:large","max-video-preview":"max-video-preview:-1"},"canonical":"https:\/\/beiroperu.com\/tienda\/catalogo\/topografia\/gps-navegadores\/coban-tk103-rastreo-vehicular\/","og_locale":"es_ES","og_type":"article","og_title":"COBAN TK103 (RASTREO VEHICULAR) - Topograf\u00eda, Geolog\u00eda, Miner\u00eda y Equipamiento de Oficina","og_description":"El GPS Tracker\u00a0GPS Coban TK103, tiene m\u00faltiples funciones de precisi\u00f3n de posicionamiento, seguridad, control de vigilancia, alarmas de emergencia y seguimiento en su totalidad, especial para el veh\u00edculo. El producto tiene las funciones completas de SMS \/ GPRS \/ de transmisi\u00f3n de datos de Internet, para que sea m\u00e1s ampliamente utilizado en el monitoreo a gran escala, la programaci\u00f3n de emergencia, los servicios basados en la ubicaci\u00f3n, la seguridad del tr\u00e1fico y muchas otras \u00e1reas de gesti\u00f3n.","og_url":"https:\/\/beiroperu.com\/tienda\/catalogo\/topografia\/gps-navegadores\/coban-tk103-rastreo-vehicular\/","og_site_name":"Topograf\u00eda, Geolog\u00eda, Miner\u00eda y Equipamiento de Oficina","article_publisher":"https:\/\/www.facebook.com\/profile.php?id=61574959587714","article_modified_time":"2026-03-31T16:29:15+00:00","og_image":[{"width":800,"height":930,"url":"https:\/\/beiroperu.com\/tienda\/wp-content\/uploads\/2026\/03\/coban-tk103-gps-navegador-1.jpg","type":"image\/jpeg"}],"twitter_card":"summary_large_image","twitter_misc":{"Tiempo de lectura":"2 minutos"},"schema":{"@context":"https:\/\/schema.org","@graph":[{"@type":"WebPage","@id":"https:\/\/beiroperu.com\/tienda\/catalogo\/topografia\/gps-navegadores\/coban-tk103-rastreo-vehicular\/","url":"https:\/\/beiroperu.com\/tienda\/catalogo\/topografia\/gps-navegadores\/coban-tk103-rastreo-vehicular\/","name":"COBAN TK103 (RASTREO VEHICULAR) - Topograf\u00eda, Geolog\u00eda, Miner\u00eda y Equipamiento de Oficina","isPartOf":{"@id":"https:\/\/beiroperu.com\/tienda\/#website"},"primaryImageOfPage":{"@id":"https:\/\/beiroperu.com\/tienda\/catalogo\/topografia\/gps-navegadores\/coban-tk103-rastreo-vehicular\/#primaryimage"},"image":{"@id":"https:\/\/beiroperu.com\/tienda\/catalogo\/topografia\/gps-navegadores\/coban-tk103-rastreo-vehicular\/#primaryimage"},"thumbnailUrl":"https:\/\/beiroperu.com\/tienda\/wp-content\/uploads\/2026\/03\/coban-tk103-gps-navegador-1.jpg","datePublished":"2026-03-31T16:29:14+00:00","dateModified":"2026-03-31T16:29:15+00:00","breadcrumb":{"@id":"https:\/\/beiroperu.com\/tienda\/catalogo\/topografia\/gps-navegadores\/coban-tk103-rastreo-vehicular\/#breadcrumb"},"inLanguage":"es","potentialAction":[{"@type":"ReadAction","target":["https:\/\/beiroperu.com\/tienda\/catalogo\/topografia\/gps-navegadores\/coban-tk103-rastreo-vehicular\/"]}]},{"@type":"ImageObject","inLanguage":"es","@id":"https:\/\/beiroperu.com\/tienda\/catalogo\/topografia\/gps-navegadores\/coban-tk103-rastreo-vehicular\/#primaryimage","url":"https:\/\/beiroperu.com\/tienda\/wp-content\/uploads\/2026\/03\/coban-tk103-gps-navegador-1.jpg","contentUrl":"https:\/\/beiroperu.com\/tienda\/wp-content\/uploads\/2026\/03\/coban-tk103-gps-navegador-1.jpg","width":800,"height":930},{"@type":"BreadcrumbList","@id":"https:\/\/beiroperu.com\/tienda\/catalogo\/topografia\/gps-navegadores\/coban-tk103-rastreo-vehicular\/#breadcrumb","itemListElement":[{"@type":"ListItem","position":1,"name":"Portada","item":"https:\/\/beiroperu.com\/tienda\/"},{"@type":"ListItem","position":2,"name":"Shop","item":"https:\/\/beiroperu.com\/tienda\/shop\/"},{"@type":"ListItem","position":3,"name":"COBAN TK103 (RASTREO VEHICULAR)"}]},{"@type":"WebSite","@id":"https:\/\/beiroperu.com\/tienda\/#website","url":"https:\/\/beiroperu.com\/tienda\/","name":"Topograf\u00eda, Geolog\u00eda, Miner\u00eda y Equipamiento de Oficina","description":"Beiro Per\u00fa","publisher":{"@id":"https:\/\/beiroperu.com\/tienda\/#organization"},"alternateName":"Beiro Per\u00fa","potentialAction":[{"@type":"SearchAction","target":{"@type":"EntryPoint","urlTemplate":"https:\/\/beiroperu.com\/tienda\/?s={search_term_string}"},"query-input":{"@type":"PropertyValueSpecification","valueRequired":true,"valueName":"search_term_string"}}],"inLanguage":"es"},{"@type":"Organization","@id":"https:\/\/beiroperu.com\/tienda\/#organization","name":"Beiro","alternateName":"Beiro Per\u00fa","url":"https:\/\/beiroperu.com\/tienda\/","logo":{"@type":"ImageObject","inLanguage":"es","@id":"https:\/\/beiroperu.com\/tienda\/#\/schema\/logo\/image\/","url":"https:\/\/beiroperu.com\/tienda\/wp-content\/uploads\/2026\/03\/logo-beiro.jpeg","contentUrl":"https:\/\/beiroperu.com\/tienda\/wp-content\/uploads\/2026\/03\/logo-beiro.jpeg","width":322,"height":123,"caption":"Beiro"},"image":{"@id":"https:\/\/beiroperu.com\/tienda\/#\/schema\/logo\/image\/"},"sameAs":["https:\/\/www.facebook.com\/profile.php?id=61574959587714","https:\/\/www.instagram.com\/beiro_equipos_topograficos?igsh=cG11NHowcmp1dzFq","https:\/\/www.threads.com\/@beiro_equipos_topograficos"]}]}},"_links":{"self":[{"href":"https:\/\/beiroperu.com\/tienda\/wp-json\/wp\/v2\/product\/37313","targetHints":{"allow":["GET"]}}],"collection":[{"href":"https:\/\/beiroperu.com\/tienda\/wp-json\/wp\/v2\/product"}],"about":[{"href":"https:\/\/beiroperu.com\/tienda\/wp-json\/wp\/v2\/types\/product"}],"replies":[{"embeddable":true,"href":"https:\/\/beiroperu.com\/tienda\/wp-json\/wp\/v2\/comments?post=37313"}],"wp:featuredmedia":[{"embeddable":true,"href":"https:\/\/beiroperu.com\/tienda\/wp-json\/wp\/v2\/media\/37314"}],"wp:attachment":[{"href":"https:\/\/beiroperu.com\/tienda\/wp-json\/wp\/v2\/media?parent=37313"}],"wp:term":[{"taxonomy":"product_brand","embeddable":true,"href":"https:\/\/beiroperu.com\/tienda\/wp-json\/wp\/v2\/product_brand?post=37313"},{"taxonomy":"product_cat","embeddable":true,"href":"https:\/\/beiroperu.com\/tienda\/wp-json\/wp\/v2\/product_cat?post=37313"},{"taxonomy":"product_tag","embeddable":true,"href":"https:\/\/beiroperu.com\/tienda\/wp-json\/wp\/v2\/product_tag?post=37313"}],"curies":[{"name":"wp","href":"https:\/\/api.w.org\/{rel}","templated":true}]}}