{"id":37359,"date":"2026-04-02T09:22:26","date_gmt":"2026-04-02T14:22:26","guid":{"rendered":"https:\/\/beiroperu.com\/tienda\/?post_type=product&#038;p=37359"},"modified":"2026-04-02T09:22:26","modified_gmt":"2026-04-02T14:22:26","slug":"south-n80t","status":"publish","type":"product","link":"https:\/\/beiroperu.com\/tienda\/catalogo\/topografia\/gps-submetricos\/south-n80t\/","title":{"rendered":"SOUTH N80T"},"content":{"rendered":"<table>\n<tbody>\n<tr>\n<td colspan=\"2\"><strong>Par\u00e1metros<\/strong><\/td>\n<\/tr>\n<tr>\n<td>SISTEMA OPERATIVO<\/td>\n<td>Android 10<\/td>\n<\/tr>\n<tr>\n<td>CPU<\/td>\n<td>Qualcomm 8953 (8 n\u00facleos a 2,2 GHz)<\/td>\n<\/tr>\n<tr>\n<td>CARNERO<\/td>\n<td>4 GB<\/td>\n<\/tr>\n<tr>\n<td>ROM<\/td>\n<td>64 GB<\/td>\n<\/tr>\n<tr>\n<td>Extensi\u00f3n de almacenamiento<\/td>\n<td>Soporta tarjeta TF<\/td>\n<\/tr>\n<tr>\n<td colspan=\"2\"><strong>GNSS<\/strong><\/td>\n<\/tr>\n<tr>\n<td>Canales<\/td>\n<td>184<\/td>\n<\/tr>\n<tr>\n<td>Sat\u00e9lites<\/td>\n<td>GPS L1C\/A, L1C, L2C<\/p>\n<p>GLONASS L1, L2<\/p>\n<p>GALILEO E1, E5A, E5B<\/p>\n<p>BD B1I, B2I, B3I, B1C, B2A<\/p>\n<p>QZSS L1C\/A, L2C<\/p>\n<p>SBAS L1C\/A<\/td>\n<\/tr>\n<tr>\n<td>Aut\u00f3nomo<\/td>\n<td>1,5 m<\/td>\n<\/tr>\n<tr>\n<td>RTK de l\u00ednea de base \u00fanica<\/td>\n<td>1cm + 1ppm<\/td>\n<\/tr>\n<tr>\n<td>Antena GNSS externa<\/td>\n<td>Soporta<\/td>\n<\/tr>\n<tr>\n<td colspan=\"2\"><strong>Comunicaci\u00f3n<\/strong><\/td>\n<\/tr>\n<tr>\n<td><\/td>\n<td>GSM:850\/900\/1800\/1900<\/td>\n<\/tr>\n<tr>\n<td><\/td>\n<td>CDMA: BC0<\/td>\n<\/tr>\n<tr>\n<td><\/td>\n<td>EVDO: BC0<\/td>\n<\/tr>\n<tr>\n<td>Celular<\/td>\n<td>WCDMA: B1\/B2\/B5\/B8<\/td>\n<\/tr>\n<tr>\n<td><\/td>\n<td>TD-SCDMA: B34\/B39<\/td>\n<\/tr>\n<tr>\n<td><\/td>\n<td>TDDLTE: B38\/B39\/B40\/B41<\/td>\n<\/tr>\n<tr>\n<td><\/td>\n<td>FDDLTE: B1\/B2\/B3\/B4\/B5\/B7\/B8\/B17\/B20\/B28<\/td>\n<\/tr>\n<tr>\n<td>Ranura SIM<\/td>\n<td>Dos ranuras para tarjetas nano SIM<\/td>\n<\/tr>\n<tr>\n<td>Wi-Fi<\/td>\n<td>802.11 a\/b\/g\/n\/ac, 2.4GHz\/5GHz<\/td>\n<\/tr>\n<tr>\n<td>Bluetooth<\/td>\n<td>Bluetooth v4.2<\/td>\n<\/tr>\n<tr>\n<td>NFC<\/td>\n<td>Soporta<\/td>\n<\/tr>\n<tr>\n<td>USB<\/td>\n<td>Tipo-C, soporta OTG<\/td>\n<\/tr>\n<tr>\n<td colspan=\"2\"><strong>Hardwares<\/strong><\/td>\n<\/tr>\n<tr>\n<td>Monitor<\/td>\n<td>8 pulgadas, 500 nits, 1280\u00d7800 (1920\u00d71200 opcional)<\/td>\n<\/tr>\n<tr>\n<td>C\u00e1mara trasera<\/td>\n<td>16MP<\/td>\n<\/tr>\n<tr>\n<td>Luz de flash<\/td>\n<td>Soporta<\/td>\n<\/tr>\n<tr>\n<td>C\u00e1mara frontal<\/td>\n<td>8MP<\/td>\n<\/tr>\n<tr>\n<td>Sensor<\/td>\n<td>Micr\u00f3fono, altavoz, G-Sensor, giroscopio , sensor de luz ,<\/td>\n<\/tr>\n<tr>\n<td><\/td>\n<td>e-br\u00fajula, aceleraci\u00f3n, sensor de proximidad , vector de rotaci\u00f3n<\/td>\n<\/tr>\n<tr>\n<td colspan=\"2\"><strong>El\u00e9ctrico<\/strong><\/td>\n<\/tr>\n<tr>\n<td>Bater\u00eda<\/td>\n<td>9000mAh Li-ion<\/td>\n<\/tr>\n<tr>\n<td>Duraci\u00f3n de la bater\u00eda<\/td>\n<td>15 horas<\/td>\n<\/tr>\n<tr>\n<td colspan=\"2\"><strong>F\u00edsico<\/strong><\/td>\n<\/tr>\n<tr>\n<td>Tama\u00f1o<\/td>\n<td>245mm\u00d7152mm\u00d718mm<\/td>\n<\/tr>\n<tr>\n<td>Peso<\/td>\n<td>750g<\/td>\n<\/tr>\n<tr>\n<td>Botones<\/td>\n<td>volumen -, volumen +, men\u00fa, inicio, atr\u00e1s, A1, A2, Alimentaci\u00f3n<\/td>\n<\/tr>\n<tr>\n<td colspan=\"2\"><strong>Medioambiental<\/strong><\/td>\n<\/tr>\n<tr>\n<td>Operaci\u00f3n<\/td>\n<td>-20\u00b0C ~ 60\u00b0C<\/td>\n<\/tr>\n<tr>\n<td>Almacenamiento<\/td>\n<td>-30\u00b0C ~ 70\u00b0C<\/td>\n<\/tr>\n<tr>\n<td>Impermeable \/ a prueba de polvo<\/td>\n<td>IP67<\/td>\n<\/tr>\n<tr>\n<td>Soltar<\/td>\n<td>1,2 millones<\/td>\n<\/tr>\n<tr>\n<td>Humedad<\/td>\n<td>5%-95% sin condensaci\u00f3n<\/td>\n<\/tr>\n<\/tbody>\n<\/table>\n<p><strong><br \/>\nMas informaci\u00f3n Ver:<\/strong>\u00a0<strong><a href=\"https:\/\/cosola.com\/images\/South_N80T.pdf\"><img loading=\"lazy\" decoding=\"async\" src=\"https:\/\/cosola.com\/images\/logos\/Logo-PDF.png\" alt=\"Logo-PDF\" width=\"70\" height=\"70\" \/><\/a><\/strong><strong>\u00a0<\/strong><\/p>\n","protected":false},"excerpt":{"rendered":"<table>\n<tbody>\n<tr>\n<td colspan=\"2\"><strong>Par\u00e1metros<\/strong><\/td>\n<\/tr>\n<tr>\n<td>SISTEMA OPERATIVO<\/td>\n<td>Android 10<\/td>\n<\/tr>\n<tr>\n<td>CPU<\/td>\n<td>Qualcomm 8953 (8 n\u00facleos a 2,2 GHz)<\/td>\n<\/tr>\n<tr>\n<td>CARNERO<\/td>\n<td>4 GB<\/td>\n<\/tr>\n<tr>\n<td>ROM<\/td>\n<td>64 GB<\/td>\n<\/tr>\n<tr>\n<td>Extensi\u00f3n de almacenamiento<\/td>\n<td>Soporta tarjeta TF<\/td>\n<\/tr>\n<\/tbody>\n<\/table>\n","protected":false},"featured_media":37360,"comment_status":"closed","ping_status":"closed","template":"","meta":[],"product_brand":[99],"product_cat":[80],"product_tag":[179,146],"class_list":{"0":"post-37359","1":"product","2":"type-product","3":"status-publish","4":"has-post-thumbnail","6":"product_brand-south","7":"product_cat-gps-submetricos","8":"product_tag-gps-submetrico","9":"product_tag-topografia","11":"first","12":"instock","13":"shipping-taxable","14":"product-type-simple"},"yoast_head":"<!-- This site is optimized with the Yoast SEO plugin v27.2 - https:\/\/yoast.com\/product\/yoast-seo-wordpress\/ -->\n<title>SOUTH N80T - Topograf\u00eda, Geolog\u00eda, Miner\u00eda y Equipamiento de Oficina<\/title>\n<meta name=\"robots\" content=\"index, follow, max-snippet:-1, max-image-preview:large, max-video-preview:-1\" \/>\n<link rel=\"canonical\" href=\"https:\/\/beiroperu.com\/tienda\/catalogo\/topografia\/gps-submetricos\/south-n80t\/\" \/>\n<meta property=\"og:locale\" content=\"es_ES\" \/>\n<meta property=\"og:type\" content=\"article\" \/>\n<meta property=\"og:title\" content=\"SOUTH N80T - Topograf\u00eda, Geolog\u00eda, Miner\u00eda y Equipamiento de Oficina\" \/>\n<meta property=\"og:description\" content=\"Par\u00e1metros   SISTEMA OPERATIVO Android 10   CPU Qualcomm 8953 (8 n\u00facleos a 2,2 GHz)   CARNERO 4 GB   ROM 64 GB   Extensi\u00f3n de almacenamiento Soporta tarjeta TF\" \/>\n<meta property=\"og:url\" content=\"https:\/\/beiroperu.com\/tienda\/catalogo\/topografia\/gps-submetricos\/south-n80t\/\" \/>\n<meta property=\"og:site_name\" content=\"Topograf\u00eda, Geolog\u00eda, Miner\u00eda y Equipamiento de Oficina\" \/>\n<meta property=\"article:publisher\" content=\"https:\/\/www.facebook.com\/profile.php?id=61574959587714\" \/>\n<meta property=\"og:image\" content=\"https:\/\/beiroperu.com\/tienda\/wp-content\/uploads\/2026\/04\/south-gps-submetrico-1.jpg\" \/>\n\t<meta property=\"og:image:width\" content=\"800\" \/>\n\t<meta property=\"og:image:height\" content=\"930\" \/>\n\t<meta property=\"og:image:type\" content=\"image\/jpeg\" \/>\n<meta name=\"twitter:card\" content=\"summary_large_image\" \/>\n<meta name=\"twitter:label1\" content=\"Tiempo de lectura\" \/>\n\t<meta name=\"twitter:data1\" content=\"2 minutos\" \/>\n<script type=\"application\/ld+json\" class=\"yoast-schema-graph\">{\"@context\":\"https:\/\/schema.org\",\"@graph\":[{\"@type\":\"WebPage\",\"@id\":\"https:\/\/beiroperu.com\/tienda\/catalogo\/topografia\/gps-submetricos\/south-n80t\/\",\"url\":\"https:\/\/beiroperu.com\/tienda\/catalogo\/topografia\/gps-submetricos\/south-n80t\/\",\"name\":\"SOUTH N80T - Topograf\u00eda, Geolog\u00eda, Miner\u00eda y Equipamiento de Oficina\",\"isPartOf\":{\"@id\":\"https:\/\/beiroperu.com\/tienda\/#website\"},\"primaryImageOfPage\":{\"@id\":\"https:\/\/beiroperu.com\/tienda\/catalogo\/topografia\/gps-submetricos\/south-n80t\/#primaryimage\"},\"image\":{\"@id\":\"https:\/\/beiroperu.com\/tienda\/catalogo\/topografia\/gps-submetricos\/south-n80t\/#primaryimage\"},\"thumbnailUrl\":\"https:\/\/beiroperu.com\/tienda\/wp-content\/uploads\/2026\/04\/south-gps-submetrico-1.jpg\",\"datePublished\":\"2026-04-02T14:22:26+00:00\",\"breadcrumb\":{\"@id\":\"https:\/\/beiroperu.com\/tienda\/catalogo\/topografia\/gps-submetricos\/south-n80t\/#breadcrumb\"},\"inLanguage\":\"es\",\"potentialAction\":[{\"@type\":\"ReadAction\",\"target\":[\"https:\/\/beiroperu.com\/tienda\/catalogo\/topografia\/gps-submetricos\/south-n80t\/\"]}]},{\"@type\":\"ImageObject\",\"inLanguage\":\"es\",\"@id\":\"https:\/\/beiroperu.com\/tienda\/catalogo\/topografia\/gps-submetricos\/south-n80t\/#primaryimage\",\"url\":\"https:\/\/beiroperu.com\/tienda\/wp-content\/uploads\/2026\/04\/south-gps-submetrico-1.jpg\",\"contentUrl\":\"https:\/\/beiroperu.com\/tienda\/wp-content\/uploads\/2026\/04\/south-gps-submetrico-1.jpg\",\"width\":800,\"height\":930},{\"@type\":\"BreadcrumbList\",\"@id\":\"https:\/\/beiroperu.com\/tienda\/catalogo\/topografia\/gps-submetricos\/south-n80t\/#breadcrumb\",\"itemListElement\":[{\"@type\":\"ListItem\",\"position\":1,\"name\":\"Portada\",\"item\":\"https:\/\/beiroperu.com\/tienda\/\"},{\"@type\":\"ListItem\",\"position\":2,\"name\":\"Shop\",\"item\":\"https:\/\/beiroperu.com\/tienda\/shop\/\"},{\"@type\":\"ListItem\",\"position\":3,\"name\":\"SOUTH N80T\"}]},{\"@type\":\"WebSite\",\"@id\":\"https:\/\/beiroperu.com\/tienda\/#website\",\"url\":\"https:\/\/beiroperu.com\/tienda\/\",\"name\":\"Topograf\u00eda, Geolog\u00eda, Miner\u00eda y Equipamiento de Oficina\",\"description\":\"Beiro Per\u00fa\",\"publisher\":{\"@id\":\"https:\/\/beiroperu.com\/tienda\/#organization\"},\"alternateName\":\"Beiro Per\u00fa\",\"potentialAction\":[{\"@type\":\"SearchAction\",\"target\":{\"@type\":\"EntryPoint\",\"urlTemplate\":\"https:\/\/beiroperu.com\/tienda\/?s={search_term_string}\"},\"query-input\":{\"@type\":\"PropertyValueSpecification\",\"valueRequired\":true,\"valueName\":\"search_term_string\"}}],\"inLanguage\":\"es\"},{\"@type\":\"Organization\",\"@id\":\"https:\/\/beiroperu.com\/tienda\/#organization\",\"name\":\"Beiro\",\"alternateName\":\"Beiro Per\u00fa\",\"url\":\"https:\/\/beiroperu.com\/tienda\/\",\"logo\":{\"@type\":\"ImageObject\",\"inLanguage\":\"es\",\"@id\":\"https:\/\/beiroperu.com\/tienda\/#\/schema\/logo\/image\/\",\"url\":\"https:\/\/beiroperu.com\/tienda\/wp-content\/uploads\/2026\/03\/logo-beiro.jpeg\",\"contentUrl\":\"https:\/\/beiroperu.com\/tienda\/wp-content\/uploads\/2026\/03\/logo-beiro.jpeg\",\"width\":322,\"height\":123,\"caption\":\"Beiro\"},\"image\":{\"@id\":\"https:\/\/beiroperu.com\/tienda\/#\/schema\/logo\/image\/\"},\"sameAs\":[\"https:\/\/www.facebook.com\/profile.php?id=61574959587714\",\"https:\/\/www.instagram.com\/beiro_equipos_topograficos?igsh=cG11NHowcmp1dzFq\",\"https:\/\/www.threads.com\/@beiro_equipos_topograficos\"]}]}<\/script>\n<!-- \/ Yoast SEO plugin. -->","yoast_head_json":{"title":"SOUTH N80T - Topograf\u00eda, Geolog\u00eda, Miner\u00eda y Equipamiento de Oficina","robots":{"index":"index","follow":"follow","max-snippet":"max-snippet:-1","max-image-preview":"max-image-preview:large","max-video-preview":"max-video-preview:-1"},"canonical":"https:\/\/beiroperu.com\/tienda\/catalogo\/topografia\/gps-submetricos\/south-n80t\/","og_locale":"es_ES","og_type":"article","og_title":"SOUTH N80T - Topograf\u00eda, Geolog\u00eda, Miner\u00eda y Equipamiento de Oficina","og_description":"Par\u00e1metros   SISTEMA OPERATIVO Android 10   CPU Qualcomm 8953 (8 n\u00facleos a 2,2 GHz)   CARNERO 4 GB   ROM 64 GB   Extensi\u00f3n de almacenamiento Soporta tarjeta TF","og_url":"https:\/\/beiroperu.com\/tienda\/catalogo\/topografia\/gps-submetricos\/south-n80t\/","og_site_name":"Topograf\u00eda, Geolog\u00eda, Miner\u00eda y Equipamiento de Oficina","article_publisher":"https:\/\/www.facebook.com\/profile.php?id=61574959587714","og_image":[{"width":800,"height":930,"url":"https:\/\/beiroperu.com\/tienda\/wp-content\/uploads\/2026\/04\/south-gps-submetrico-1.jpg","type":"image\/jpeg"}],"twitter_card":"summary_large_image","twitter_misc":{"Tiempo de lectura":"2 minutos"},"schema":{"@context":"https:\/\/schema.org","@graph":[{"@type":"WebPage","@id":"https:\/\/beiroperu.com\/tienda\/catalogo\/topografia\/gps-submetricos\/south-n80t\/","url":"https:\/\/beiroperu.com\/tienda\/catalogo\/topografia\/gps-submetricos\/south-n80t\/","name":"SOUTH N80T - Topograf\u00eda, Geolog\u00eda, Miner\u00eda y Equipamiento de Oficina","isPartOf":{"@id":"https:\/\/beiroperu.com\/tienda\/#website"},"primaryImageOfPage":{"@id":"https:\/\/beiroperu.com\/tienda\/catalogo\/topografia\/gps-submetricos\/south-n80t\/#primaryimage"},"image":{"@id":"https:\/\/beiroperu.com\/tienda\/catalogo\/topografia\/gps-submetricos\/south-n80t\/#primaryimage"},"thumbnailUrl":"https:\/\/beiroperu.com\/tienda\/wp-content\/uploads\/2026\/04\/south-gps-submetrico-1.jpg","datePublished":"2026-04-02T14:22:26+00:00","breadcrumb":{"@id":"https:\/\/beiroperu.com\/tienda\/catalogo\/topografia\/gps-submetricos\/south-n80t\/#breadcrumb"},"inLanguage":"es","potentialAction":[{"@type":"ReadAction","target":["https:\/\/beiroperu.com\/tienda\/catalogo\/topografia\/gps-submetricos\/south-n80t\/"]}]},{"@type":"ImageObject","inLanguage":"es","@id":"https:\/\/beiroperu.com\/tienda\/catalogo\/topografia\/gps-submetricos\/south-n80t\/#primaryimage","url":"https:\/\/beiroperu.com\/tienda\/wp-content\/uploads\/2026\/04\/south-gps-submetrico-1.jpg","contentUrl":"https:\/\/beiroperu.com\/tienda\/wp-content\/uploads\/2026\/04\/south-gps-submetrico-1.jpg","width":800,"height":930},{"@type":"BreadcrumbList","@id":"https:\/\/beiroperu.com\/tienda\/catalogo\/topografia\/gps-submetricos\/south-n80t\/#breadcrumb","itemListElement":[{"@type":"ListItem","position":1,"name":"Portada","item":"https:\/\/beiroperu.com\/tienda\/"},{"@type":"ListItem","position":2,"name":"Shop","item":"https:\/\/beiroperu.com\/tienda\/shop\/"},{"@type":"ListItem","position":3,"name":"SOUTH N80T"}]},{"@type":"WebSite","@id":"https:\/\/beiroperu.com\/tienda\/#website","url":"https:\/\/beiroperu.com\/tienda\/","name":"Topograf\u00eda, Geolog\u00eda, Miner\u00eda y Equipamiento de Oficina","description":"Beiro Per\u00fa","publisher":{"@id":"https:\/\/beiroperu.com\/tienda\/#organization"},"alternateName":"Beiro Per\u00fa","potentialAction":[{"@type":"SearchAction","target":{"@type":"EntryPoint","urlTemplate":"https:\/\/beiroperu.com\/tienda\/?s={search_term_string}"},"query-input":{"@type":"PropertyValueSpecification","valueRequired":true,"valueName":"search_term_string"}}],"inLanguage":"es"},{"@type":"Organization","@id":"https:\/\/beiroperu.com\/tienda\/#organization","name":"Beiro","alternateName":"Beiro Per\u00fa","url":"https:\/\/beiroperu.com\/tienda\/","logo":{"@type":"ImageObject","inLanguage":"es","@id":"https:\/\/beiroperu.com\/tienda\/#\/schema\/logo\/image\/","url":"https:\/\/beiroperu.com\/tienda\/wp-content\/uploads\/2026\/03\/logo-beiro.jpeg","contentUrl":"https:\/\/beiroperu.com\/tienda\/wp-content\/uploads\/2026\/03\/logo-beiro.jpeg","width":322,"height":123,"caption":"Beiro"},"image":{"@id":"https:\/\/beiroperu.com\/tienda\/#\/schema\/logo\/image\/"},"sameAs":["https:\/\/www.facebook.com\/profile.php?id=61574959587714","https:\/\/www.instagram.com\/beiro_equipos_topograficos?igsh=cG11NHowcmp1dzFq","https:\/\/www.threads.com\/@beiro_equipos_topograficos"]}]}},"_links":{"self":[{"href":"https:\/\/beiroperu.com\/tienda\/wp-json\/wp\/v2\/product\/37359","targetHints":{"allow":["GET"]}}],"collection":[{"href":"https:\/\/beiroperu.com\/tienda\/wp-json\/wp\/v2\/product"}],"about":[{"href":"https:\/\/beiroperu.com\/tienda\/wp-json\/wp\/v2\/types\/product"}],"replies":[{"embeddable":true,"href":"https:\/\/beiroperu.com\/tienda\/wp-json\/wp\/v2\/comments?post=37359"}],"wp:featuredmedia":[{"embeddable":true,"href":"https:\/\/beiroperu.com\/tienda\/wp-json\/wp\/v2\/media\/37360"}],"wp:attachment":[{"href":"https:\/\/beiroperu.com\/tienda\/wp-json\/wp\/v2\/media?parent=37359"}],"wp:term":[{"taxonomy":"product_brand","embeddable":true,"href":"https:\/\/beiroperu.com\/tienda\/wp-json\/wp\/v2\/product_brand?post=37359"},{"taxonomy":"product_cat","embeddable":true,"href":"https:\/\/beiroperu.com\/tienda\/wp-json\/wp\/v2\/product_cat?post=37359"},{"taxonomy":"product_tag","embeddable":true,"href":"https:\/\/beiroperu.com\/tienda\/wp-json\/wp\/v2\/product_tag?post=37359"}],"curies":[{"name":"wp","href":"https:\/\/api.w.org\/{rel}","templated":true}]}}