{"id":37363,"date":"2026-04-02T09:30:58","date_gmt":"2026-04-02T14:30:58","guid":{"rendered":"https:\/\/beiroperu.com\/tienda\/?post_type=product&#038;p=37363"},"modified":"2026-04-02T09:30:58","modified_gmt":"2026-04-02T14:30:58","slug":"chcnav-lt800h","status":"publish","type":"product","link":"https:\/\/beiroperu.com\/tienda\/catalogo\/topografia\/gps-submetricos\/chcnav-lt800h\/","title":{"rendered":"CHCNAV LT800H"},"content":{"rendered":"<p data-v-0713e2c1=\"\">TRAER LA PRECISI\u00d3N A LA PUNTA DE LOS DEDOS<\/p>\n<p data-v-0713e2c1=\"\"><strong>Aproveche al m\u00e1ximo las redes GNSS RTK<\/strong><\/p>\n<p data-v-0713e2c1=\"\">Con un m\u00f3dulo GPS, Glonass, Galileo y BeiDou de 1408 canales de alto rendimiento y una antena helicoidal GNSS de seguimiento superior, la tableta Android LT800H RTK ofrece la mejor precisi\u00f3n de posicionamiento de cent\u00edmetros a dec\u00edmetros de su clase en los entornos m\u00e1s dif\u00edciles. Su m\u00f3dem 4G integrado garantiza una conectividad perfecta con las correcciones de las redes GNSS RTK.<\/p>\n<p data-v-0713e2c1=\"\">ALTA PORTABILIDAD Y VERSATILIDAD<\/p>\n<p data-v-0713e2c1=\"\"><strong>GMS certificado para compatibilidad ampliada<\/strong><\/p>\n<p data-v-0713e2c1=\"\">Las certificaciones Google Mobile Service (GMS) y Android Enterprise Recommended (AER) de la LT800H proporcionan tranquilidad en cuanto a compatibilidad de software y rendimiento \u00f3ptimo. Puede estar seguro de que la tableta est\u00e1 dise\u00f1ada para funcionar a la perfecci\u00f3n con las aplicaciones de recopilaci\u00f3n de datos empresariales m\u00e1s populares disponibles en Google Play Store. La certificaci\u00f3n de la LT800H garantiza los m\u00e1s altos niveles de seguridad y facilidad de uso, por lo que resulta ideal para integrarla f\u00e1cilmente en el ecosistema inform\u00e1tico existente.<\/p>\n<p data-v-0713e2c1=\"\">ALTO RENDIMIENTO EN TODOS LOS ASPECTOS<\/p>\n<p data-v-0713e2c1=\"\"><strong>Recogida de datos sin fisuras<\/strong><\/p>\n<p data-v-0713e2c1=\"\">Gracias a su procesador octa-core de 2,0 GHz, la tableta RTK Android LT800H muestra mapas y conjuntos de datos de gran tama\u00f1o sin ralentizarse.<\/p>\n<p data-v-0713e2c1=\"\">La pantalla t\u00e1ctil capacitiva IPS de 8,1 pulgadas Corning Gorilla Glass 3 visible a la luz directa del sol proporciona durabilidad y permite capturar datos<\/p>\n<p data-v-0713e2c1=\"\">con un l\u00e1piz \u00f3ptico, guantes o las manos mojadas en todas las condiciones de trabajo. Su m\u00f3dem 4G de doble SIM proporciona una conectividad r\u00e1pida<\/p>\n<p data-v-0713e2c1=\"\">y fiable entre los equipos sobre el terreno.<\/p>\n<p data-v-0713e2c1=\"\">MANTENER SUS DATOS SEGUROS<\/p>\n<p data-v-0713e2c1=\"\"><strong>Dise\u00f1o industrial IP67 con una bater\u00eda de iones de litio de 9000mAh<\/strong><\/p>\n<p data-v-0713e2c1=\"\">La tableta RTK Android LT800H est\u00e1 dise\u00f1ada para soportar entornos dif\u00edciles y condiciones meteorol\u00f3gicas adversas, lo que garantiza que sus datos est\u00e9n siempre seguros, independientemente de d\u00f3nde los recopile. La LT800H tambi\u00e9n ofrece una impresionante duraci\u00f3n de la bater\u00eda de 8 horas, lo que permite a su personal m\u00f3vil centrarse en la recopilaci\u00f3n de datos sin interrupciones. Una mayor duraci\u00f3n de la bater\u00eda significa menos tiempo de inactividad y m\u00e1s tiempo productivo en el campo.<\/p>\n<p>DESCRIPCI\u00d3N<\/p>\n<ul>\n<li>La tableta RTK Android LT800H es la soluci\u00f3n definitiva para un personal de campo m\u00f3vil eficiente y productivo.<\/li>\n<li>Con una precisi\u00f3n de posicionamiento de cent\u00edmetros a dec\u00edmetros, esta tableta port\u00e1til, robusta y vers\u00e1til es perfecta para la recopilaci\u00f3n de datos SIG de precisi\u00f3n, cartograf\u00eda forense, desarrollo de obras de construcci\u00f3n, estudios medioambientales o paisajismo.<\/li>\n<li>Su pantalla de 8,1&#8243; legible a la luz del sol permite ver con claridad tablas de datos SIG, mapas vectoriales y r\u00e1ster complejos e im\u00e1genes de alta resoluci\u00f3n, incluso a plena luz del sol. Su dise\u00f1o industrial con clasificaci\u00f3n IP67 le permite sobrevivir al uso diario en entornos y condiciones dif\u00edciles, lo que la convierte en la opci\u00f3n preferida para el personal de campo con requisitos exigentes.<\/li>\n<li>El LT800H aporta tecnolog\u00eda de posicionamiento GNSS de precisi\u00f3n a cualquier organizaci\u00f3n que necesite recopilar datos precisos y fiables sobre el terreno, ya sea con un solo operador o con un gran equipo de campo.<\/li>\n<\/ul>\n<p><strong>Mas informaci\u00f3n Ver:<\/strong>\u00a0<strong><a href=\"https:\/\/cosola.com\/images\/LT800H_DS_ES.pdf\"><img loading=\"lazy\" decoding=\"async\" src=\"https:\/\/cosola.com\/images\/logos\/Logo-PDF.png\" alt=\"Logo-PDF\" width=\"70\" height=\"70\" \/><\/a><\/strong><strong>\u00a0<\/strong><\/p>\n","protected":false},"excerpt":{"rendered":"<p data-v-0713e2c1=\"\"><strong>Aproveche al m\u00e1ximo las redes GNSS RTK<\/strong><\/p>\n<p data-v-0713e2c1=\"\">Con un m\u00f3dulo GPS, Glonass, Galileo y BeiDou de 1408 canales de alto rendimiento y una antena helicoidal GNSS de seguimiento superior, la tableta Android LT800H RTK ofrece la mejor precisi\u00f3n de posicionamiento de cent\u00edmetros a dec\u00edmetros de su clase en los entornos m\u00e1s dif\u00edciles. Su m\u00f3dem 4G integrado garantiza una conectividad perfecta con las correcciones de las redes GNSS RTK.<\/p>\n","protected":false},"featured_media":37364,"comment_status":"closed","ping_status":"closed","template":"","meta":[],"product_brand":[100],"product_cat":[80],"product_tag":[179,146],"class_list":{"0":"post-37363","1":"product","2":"type-product","3":"status-publish","4":"has-post-thumbnail","6":"product_brand-chcnav","7":"product_cat-gps-submetricos","8":"product_tag-gps-submetrico","9":"product_tag-topografia","11":"first","12":"instock","13":"shipping-taxable","14":"product-type-simple"},"yoast_head":"<!-- This site is optimized with the Yoast SEO plugin v27.2 - https:\/\/yoast.com\/product\/yoast-seo-wordpress\/ -->\n<title>CHCNAV LT800H - Topograf\u00eda, Geolog\u00eda, Miner\u00eda y Equipamiento de Oficina<\/title>\n<meta name=\"robots\" content=\"index, follow, max-snippet:-1, max-image-preview:large, max-video-preview:-1\" \/>\n<link rel=\"canonical\" href=\"https:\/\/beiroperu.com\/tienda\/catalogo\/topografia\/gps-submetricos\/chcnav-lt800h\/\" \/>\n<meta property=\"og:locale\" content=\"es_ES\" \/>\n<meta property=\"og:type\" content=\"article\" \/>\n<meta property=\"og:title\" content=\"CHCNAV LT800H - Topograf\u00eda, Geolog\u00eda, Miner\u00eda y Equipamiento de Oficina\" \/>\n<meta property=\"og:description\" content=\"Aproveche al m\u00e1ximo las redes GNSS RTK Con un m\u00f3dulo GPS, Glonass, Galileo y BeiDou de 1408 canales de alto rendimiento y una antena helicoidal GNSS de seguimiento superior, la tableta Android LT800H RTK ofrece la mejor precisi\u00f3n de posicionamiento de cent\u00edmetros a dec\u00edmetros de su clase en los entornos m\u00e1s dif\u00edciles. Su m\u00f3dem 4G integrado garantiza una conectividad perfecta con las correcciones de las redes GNSS RTK.\" \/>\n<meta property=\"og:url\" content=\"https:\/\/beiroperu.com\/tienda\/catalogo\/topografia\/gps-submetricos\/chcnav-lt800h\/\" \/>\n<meta property=\"og:site_name\" content=\"Topograf\u00eda, Geolog\u00eda, Miner\u00eda y Equipamiento de Oficina\" \/>\n<meta property=\"article:publisher\" content=\"https:\/\/www.facebook.com\/profile.php?id=61574959587714\" \/>\n<meta property=\"og:image\" content=\"https:\/\/beiroperu.com\/tienda\/wp-content\/uploads\/2026\/04\/chcnav-lt-800h-gps-submetrico-1.jpg\" \/>\n\t<meta property=\"og:image:width\" content=\"800\" \/>\n\t<meta property=\"og:image:height\" content=\"930\" \/>\n\t<meta property=\"og:image:type\" content=\"image\/jpeg\" \/>\n<meta name=\"twitter:card\" content=\"summary_large_image\" \/>\n<meta name=\"twitter:label1\" content=\"Tiempo de lectura\" \/>\n\t<meta name=\"twitter:data1\" content=\"3 minutos\" \/>\n<script type=\"application\/ld+json\" class=\"yoast-schema-graph\">{\"@context\":\"https:\/\/schema.org\",\"@graph\":[{\"@type\":\"WebPage\",\"@id\":\"https:\/\/beiroperu.com\/tienda\/catalogo\/topografia\/gps-submetricos\/chcnav-lt800h\/\",\"url\":\"https:\/\/beiroperu.com\/tienda\/catalogo\/topografia\/gps-submetricos\/chcnav-lt800h\/\",\"name\":\"CHCNAV LT800H - Topograf\u00eda, Geolog\u00eda, Miner\u00eda y Equipamiento de Oficina\",\"isPartOf\":{\"@id\":\"https:\/\/beiroperu.com\/tienda\/#website\"},\"primaryImageOfPage\":{\"@id\":\"https:\/\/beiroperu.com\/tienda\/catalogo\/topografia\/gps-submetricos\/chcnav-lt800h\/#primaryimage\"},\"image\":{\"@id\":\"https:\/\/beiroperu.com\/tienda\/catalogo\/topografia\/gps-submetricos\/chcnav-lt800h\/#primaryimage\"},\"thumbnailUrl\":\"https:\/\/beiroperu.com\/tienda\/wp-content\/uploads\/2026\/04\/chcnav-lt-800h-gps-submetrico-1.jpg\",\"datePublished\":\"2026-04-02T14:30:58+00:00\",\"breadcrumb\":{\"@id\":\"https:\/\/beiroperu.com\/tienda\/catalogo\/topografia\/gps-submetricos\/chcnav-lt800h\/#breadcrumb\"},\"inLanguage\":\"es\",\"potentialAction\":[{\"@type\":\"ReadAction\",\"target\":[\"https:\/\/beiroperu.com\/tienda\/catalogo\/topografia\/gps-submetricos\/chcnav-lt800h\/\"]}]},{\"@type\":\"ImageObject\",\"inLanguage\":\"es\",\"@id\":\"https:\/\/beiroperu.com\/tienda\/catalogo\/topografia\/gps-submetricos\/chcnav-lt800h\/#primaryimage\",\"url\":\"https:\/\/beiroperu.com\/tienda\/wp-content\/uploads\/2026\/04\/chcnav-lt-800h-gps-submetrico-1.jpg\",\"contentUrl\":\"https:\/\/beiroperu.com\/tienda\/wp-content\/uploads\/2026\/04\/chcnav-lt-800h-gps-submetrico-1.jpg\",\"width\":800,\"height\":930},{\"@type\":\"BreadcrumbList\",\"@id\":\"https:\/\/beiroperu.com\/tienda\/catalogo\/topografia\/gps-submetricos\/chcnav-lt800h\/#breadcrumb\",\"itemListElement\":[{\"@type\":\"ListItem\",\"position\":1,\"name\":\"Portada\",\"item\":\"https:\/\/beiroperu.com\/tienda\/\"},{\"@type\":\"ListItem\",\"position\":2,\"name\":\"Shop\",\"item\":\"https:\/\/beiroperu.com\/tienda\/shop\/\"},{\"@type\":\"ListItem\",\"position\":3,\"name\":\"CHCNAV LT800H\"}]},{\"@type\":\"WebSite\",\"@id\":\"https:\/\/beiroperu.com\/tienda\/#website\",\"url\":\"https:\/\/beiroperu.com\/tienda\/\",\"name\":\"Topograf\u00eda, Geolog\u00eda, Miner\u00eda y Equipamiento de Oficina\",\"description\":\"Beiro Per\u00fa\",\"publisher\":{\"@id\":\"https:\/\/beiroperu.com\/tienda\/#organization\"},\"alternateName\":\"Beiro Per\u00fa\",\"potentialAction\":[{\"@type\":\"SearchAction\",\"target\":{\"@type\":\"EntryPoint\",\"urlTemplate\":\"https:\/\/beiroperu.com\/tienda\/?s={search_term_string}\"},\"query-input\":{\"@type\":\"PropertyValueSpecification\",\"valueRequired\":true,\"valueName\":\"search_term_string\"}}],\"inLanguage\":\"es\"},{\"@type\":\"Organization\",\"@id\":\"https:\/\/beiroperu.com\/tienda\/#organization\",\"name\":\"Beiro\",\"alternateName\":\"Beiro Per\u00fa\",\"url\":\"https:\/\/beiroperu.com\/tienda\/\",\"logo\":{\"@type\":\"ImageObject\",\"inLanguage\":\"es\",\"@id\":\"https:\/\/beiroperu.com\/tienda\/#\/schema\/logo\/image\/\",\"url\":\"https:\/\/beiroperu.com\/tienda\/wp-content\/uploads\/2026\/03\/logo-beiro.jpeg\",\"contentUrl\":\"https:\/\/beiroperu.com\/tienda\/wp-content\/uploads\/2026\/03\/logo-beiro.jpeg\",\"width\":322,\"height\":123,\"caption\":\"Beiro\"},\"image\":{\"@id\":\"https:\/\/beiroperu.com\/tienda\/#\/schema\/logo\/image\/\"},\"sameAs\":[\"https:\/\/www.facebook.com\/profile.php?id=61574959587714\",\"https:\/\/www.instagram.com\/beiro_equipos_topograficos?igsh=cG11NHowcmp1dzFq\",\"https:\/\/www.threads.com\/@beiro_equipos_topograficos\"]}]}<\/script>\n<!-- \/ Yoast SEO plugin. -->","yoast_head_json":{"title":"CHCNAV LT800H - Topograf\u00eda, Geolog\u00eda, Miner\u00eda y Equipamiento de Oficina","robots":{"index":"index","follow":"follow","max-snippet":"max-snippet:-1","max-image-preview":"max-image-preview:large","max-video-preview":"max-video-preview:-1"},"canonical":"https:\/\/beiroperu.com\/tienda\/catalogo\/topografia\/gps-submetricos\/chcnav-lt800h\/","og_locale":"es_ES","og_type":"article","og_title":"CHCNAV LT800H - Topograf\u00eda, Geolog\u00eda, Miner\u00eda y Equipamiento de Oficina","og_description":"Aproveche al m\u00e1ximo las redes GNSS RTK Con un m\u00f3dulo GPS, Glonass, Galileo y BeiDou de 1408 canales de alto rendimiento y una antena helicoidal GNSS de seguimiento superior, la tableta Android LT800H RTK ofrece la mejor precisi\u00f3n de posicionamiento de cent\u00edmetros a dec\u00edmetros de su clase en los entornos m\u00e1s dif\u00edciles. Su m\u00f3dem 4G integrado garantiza una conectividad perfecta con las correcciones de las redes GNSS RTK.","og_url":"https:\/\/beiroperu.com\/tienda\/catalogo\/topografia\/gps-submetricos\/chcnav-lt800h\/","og_site_name":"Topograf\u00eda, Geolog\u00eda, Miner\u00eda y Equipamiento de Oficina","article_publisher":"https:\/\/www.facebook.com\/profile.php?id=61574959587714","og_image":[{"width":800,"height":930,"url":"https:\/\/beiroperu.com\/tienda\/wp-content\/uploads\/2026\/04\/chcnav-lt-800h-gps-submetrico-1.jpg","type":"image\/jpeg"}],"twitter_card":"summary_large_image","twitter_misc":{"Tiempo de lectura":"3 minutos"},"schema":{"@context":"https:\/\/schema.org","@graph":[{"@type":"WebPage","@id":"https:\/\/beiroperu.com\/tienda\/catalogo\/topografia\/gps-submetricos\/chcnav-lt800h\/","url":"https:\/\/beiroperu.com\/tienda\/catalogo\/topografia\/gps-submetricos\/chcnav-lt800h\/","name":"CHCNAV LT800H - Topograf\u00eda, Geolog\u00eda, Miner\u00eda y Equipamiento de Oficina","isPartOf":{"@id":"https:\/\/beiroperu.com\/tienda\/#website"},"primaryImageOfPage":{"@id":"https:\/\/beiroperu.com\/tienda\/catalogo\/topografia\/gps-submetricos\/chcnav-lt800h\/#primaryimage"},"image":{"@id":"https:\/\/beiroperu.com\/tienda\/catalogo\/topografia\/gps-submetricos\/chcnav-lt800h\/#primaryimage"},"thumbnailUrl":"https:\/\/beiroperu.com\/tienda\/wp-content\/uploads\/2026\/04\/chcnav-lt-800h-gps-submetrico-1.jpg","datePublished":"2026-04-02T14:30:58+00:00","breadcrumb":{"@id":"https:\/\/beiroperu.com\/tienda\/catalogo\/topografia\/gps-submetricos\/chcnav-lt800h\/#breadcrumb"},"inLanguage":"es","potentialAction":[{"@type":"ReadAction","target":["https:\/\/beiroperu.com\/tienda\/catalogo\/topografia\/gps-submetricos\/chcnav-lt800h\/"]}]},{"@type":"ImageObject","inLanguage":"es","@id":"https:\/\/beiroperu.com\/tienda\/catalogo\/topografia\/gps-submetricos\/chcnav-lt800h\/#primaryimage","url":"https:\/\/beiroperu.com\/tienda\/wp-content\/uploads\/2026\/04\/chcnav-lt-800h-gps-submetrico-1.jpg","contentUrl":"https:\/\/beiroperu.com\/tienda\/wp-content\/uploads\/2026\/04\/chcnav-lt-800h-gps-submetrico-1.jpg","width":800,"height":930},{"@type":"BreadcrumbList","@id":"https:\/\/beiroperu.com\/tienda\/catalogo\/topografia\/gps-submetricos\/chcnav-lt800h\/#breadcrumb","itemListElement":[{"@type":"ListItem","position":1,"name":"Portada","item":"https:\/\/beiroperu.com\/tienda\/"},{"@type":"ListItem","position":2,"name":"Shop","item":"https:\/\/beiroperu.com\/tienda\/shop\/"},{"@type":"ListItem","position":3,"name":"CHCNAV LT800H"}]},{"@type":"WebSite","@id":"https:\/\/beiroperu.com\/tienda\/#website","url":"https:\/\/beiroperu.com\/tienda\/","name":"Topograf\u00eda, Geolog\u00eda, Miner\u00eda y Equipamiento de Oficina","description":"Beiro Per\u00fa","publisher":{"@id":"https:\/\/beiroperu.com\/tienda\/#organization"},"alternateName":"Beiro Per\u00fa","potentialAction":[{"@type":"SearchAction","target":{"@type":"EntryPoint","urlTemplate":"https:\/\/beiroperu.com\/tienda\/?s={search_term_string}"},"query-input":{"@type":"PropertyValueSpecification","valueRequired":true,"valueName":"search_term_string"}}],"inLanguage":"es"},{"@type":"Organization","@id":"https:\/\/beiroperu.com\/tienda\/#organization","name":"Beiro","alternateName":"Beiro Per\u00fa","url":"https:\/\/beiroperu.com\/tienda\/","logo":{"@type":"ImageObject","inLanguage":"es","@id":"https:\/\/beiroperu.com\/tienda\/#\/schema\/logo\/image\/","url":"https:\/\/beiroperu.com\/tienda\/wp-content\/uploads\/2026\/03\/logo-beiro.jpeg","contentUrl":"https:\/\/beiroperu.com\/tienda\/wp-content\/uploads\/2026\/03\/logo-beiro.jpeg","width":322,"height":123,"caption":"Beiro"},"image":{"@id":"https:\/\/beiroperu.com\/tienda\/#\/schema\/logo\/image\/"},"sameAs":["https:\/\/www.facebook.com\/profile.php?id=61574959587714","https:\/\/www.instagram.com\/beiro_equipos_topograficos?igsh=cG11NHowcmp1dzFq","https:\/\/www.threads.com\/@beiro_equipos_topograficos"]}]}},"_links":{"self":[{"href":"https:\/\/beiroperu.com\/tienda\/wp-json\/wp\/v2\/product\/37363","targetHints":{"allow":["GET"]}}],"collection":[{"href":"https:\/\/beiroperu.com\/tienda\/wp-json\/wp\/v2\/product"}],"about":[{"href":"https:\/\/beiroperu.com\/tienda\/wp-json\/wp\/v2\/types\/product"}],"replies":[{"embeddable":true,"href":"https:\/\/beiroperu.com\/tienda\/wp-json\/wp\/v2\/comments?post=37363"}],"wp:featuredmedia":[{"embeddable":true,"href":"https:\/\/beiroperu.com\/tienda\/wp-json\/wp\/v2\/media\/37364"}],"wp:attachment":[{"href":"https:\/\/beiroperu.com\/tienda\/wp-json\/wp\/v2\/media?parent=37363"}],"wp:term":[{"taxonomy":"product_brand","embeddable":true,"href":"https:\/\/beiroperu.com\/tienda\/wp-json\/wp\/v2\/product_brand?post=37363"},{"taxonomy":"product_cat","embeddable":true,"href":"https:\/\/beiroperu.com\/tienda\/wp-json\/wp\/v2\/product_cat?post=37363"},{"taxonomy":"product_tag","embeddable":true,"href":"https:\/\/beiroperu.com\/tienda\/wp-json\/wp\/v2\/product_tag?post=37363"}],"curies":[{"name":"wp","href":"https:\/\/api.w.org\/{rel}","templated":true}]}}