{"id":37369,"date":"2026-04-02T09:41:59","date_gmt":"2026-04-02T14:41:59","guid":{"rendered":"https:\/\/beiroperu.com\/tienda\/?post_type=product&#038;p=37369"},"modified":"2026-04-02T09:41:59","modified_gmt":"2026-04-02T14:41:59","slug":"leica-digital-ls15","status":"publish","type":"product","link":"https:\/\/beiroperu.com\/tienda\/catalogo\/topografia\/detectores-de-cables\/leica-digital-ls15\/","title":{"rendered":"LEICA DIGITAL LS15"},"content":{"rendered":"<p>Los niveles digitales\u00a0<img loading=\"lazy\" decoding=\"async\" src=\"https:\/\/cosola.com\/images\/logos\/leica-logo.png\" alt=\"leica-logo\" width=\"80\" height=\"43\" \/>\u00a0<strong>LS15<\/strong>\u00a0ofrecen c\u00f3modas funciones automatizadas con una precisi\u00f3n de hasta 0,2 mm (LS15) para recopilar datos de proyectos de manera r\u00e1pida y fiable. Desde la medici\u00f3n de estructuras, carreteras, v\u00edas f\u00e9rreas o puentes, hasta cualquier otra tarea de nivelaci\u00f3n por exigente que sea, los niveles digitales Leica LS aportan la m\u00e1xima comodidad para la una amplia gama de aplicaciones de nivelaci\u00f3n complejas.<\/p>\n<p>Las nivelaciones pueden ser tediosas, exigentes y consumen mucho tiempo. Los nuevos niveles LS de Leica ofrecen nuevas funciones de enfoque autom\u00e1tico y la mejor precisi\u00f3n del mercado 0,2 mm, lo que permite capturar los datos de forma r\u00e1pida y evitar los errores de nivelaci\u00f3n tan comunes cuando se emplean herramientas menos sofisticadas.<\/p>\n<p>Del enfoque autom\u00e1tico a la pantalla t\u00e1ctil de dise\u00f1o claro, ahora podr\u00e1 visualizar las l\u00edneas de nivelaci\u00f3n con marcas de tiempo en el campo. La topograf\u00eda y la medici\u00f3n profesionales se benefician a\u00fan m\u00e1s con la transferencia fiable de los datos de medici\u00f3n del campo a la oficina. Con la mejora de la conectividad y el\u00a0 software Leica Infinity, que le permitir\u00e1 completar sus proyectos de carreteras, ferrocarriles, t\u00faneles, etc. de manera eficiente y productiva.<\/p>\n<p><strong>Los niveles Leica LS le proporcionar\u00e1n:<\/strong><\/p>\n<ul>\n<li>&#8211; La mayor precisi\u00f3n<\/li>\n<li>\u00a0 Autofocus<\/li>\n<li>&#8211; M\u00e1xima eficiencia<\/li>\n<li>&#8211; Experiencia de campo<\/li>\n<li>&#8211; El \u00abknow-how\u00bb de Leica Geosystems<\/li>\n<\/ul>\n<p><strong>Mas informaci\u00f3n Ver:<\/strong>\u00a0<a href=\"https:\/\/cosola.com\/images\/archivos\/Leica-LS15.pdf\"><img loading=\"lazy\" decoding=\"async\" src=\"https:\/\/cosola.com\/images\/logos\/Logo-PDF.png\" alt=\"Logo-PDF\" width=\"70\" height=\"70\" \/><\/a><\/p>\n","protected":false},"excerpt":{"rendered":"<p>Los niveles digitales\u00a0<img loading=\"lazy\" decoding=\"async\" src=\"https:\/\/cosola.com\/images\/logos\/leica-logo.png\" alt=\"leica-logo\" width=\"80\" height=\"43\" \/>\u00a0<strong>LS15<\/strong>\u00a0ofrecen c\u00f3modas funciones automatizadas con una precisi\u00f3n de hasta 0,2 mm (LS15) para recopilar datos de proyectos de manera r\u00e1pida y fiable. Desde la medici\u00f3n de estructuras, carreteras, v\u00edas f\u00e9rreas o puentes, hasta cualquier otra tarea de nivelaci\u00f3n por exigente que sea, los niveles digitales Leica LS aportan la m\u00e1xima comodidad para la una amplia gama de aplicaciones de nivelaci\u00f3n complejas.<\/p>\n","protected":false},"featured_media":37370,"comment_status":"closed","ping_status":"closed","template":"","meta":[],"product_brand":[97],"product_cat":[81],"product_tag":[180,146],"class_list":{"0":"post-37369","1":"product","2":"type-product","3":"status-publish","4":"has-post-thumbnail","6":"product_brand-leica","7":"product_cat-detectores-de-cables","8":"product_tag-detectores-de-cables","9":"product_tag-topografia","11":"first","12":"instock","13":"shipping-taxable","14":"product-type-simple"},"yoast_head":"<!-- This site is optimized with the Yoast SEO plugin v27.2 - https:\/\/yoast.com\/product\/yoast-seo-wordpress\/ -->\n<title>LEICA DIGITAL LS15 - Topograf\u00eda, Geolog\u00eda, Miner\u00eda y Equipamiento de Oficina<\/title>\n<meta name=\"robots\" content=\"index, follow, max-snippet:-1, max-image-preview:large, max-video-preview:-1\" \/>\n<link rel=\"canonical\" href=\"https:\/\/beiroperu.com\/tienda\/catalogo\/topografia\/detectores-de-cables\/leica-digital-ls15\/\" \/>\n<meta property=\"og:locale\" content=\"es_ES\" \/>\n<meta property=\"og:type\" content=\"article\" \/>\n<meta property=\"og:title\" content=\"LEICA DIGITAL LS15 - Topograf\u00eda, Geolog\u00eda, Miner\u00eda y Equipamiento de Oficina\" \/>\n<meta property=\"og:description\" content=\"Los niveles digitales\u00a0\u00a0LS15\u00a0ofrecen c\u00f3modas funciones automatizadas con una precisi\u00f3n de hasta 0,2 mm (LS15) para recopilar datos de proyectos de manera r\u00e1pida y fiable. Desde la medici\u00f3n de estructuras, carreteras, v\u00edas f\u00e9rreas o puentes, hasta cualquier otra tarea de nivelaci\u00f3n por exigente que sea, los niveles digitales Leica LS aportan la m\u00e1xima comodidad para la una amplia gama de aplicaciones de nivelaci\u00f3n complejas.\" \/>\n<meta property=\"og:url\" content=\"https:\/\/beiroperu.com\/tienda\/catalogo\/topografia\/detectores-de-cables\/leica-digital-ls15\/\" \/>\n<meta property=\"og:site_name\" content=\"Topograf\u00eda, Geolog\u00eda, Miner\u00eda y Equipamiento de Oficina\" \/>\n<meta property=\"article:publisher\" content=\"https:\/\/www.facebook.com\/profile.php?id=61574959587714\" \/>\n<meta property=\"og:image\" content=\"https:\/\/beiroperu.com\/tienda\/wp-content\/uploads\/2026\/04\/leica-digital-ls15-detector-cable-1.jpg\" \/>\n\t<meta property=\"og:image:width\" content=\"800\" \/>\n\t<meta property=\"og:image:height\" content=\"930\" \/>\n\t<meta property=\"og:image:type\" content=\"image\/jpeg\" \/>\n<meta name=\"twitter:card\" content=\"summary_large_image\" \/>\n<meta name=\"twitter:label1\" content=\"Tiempo de lectura\" \/>\n\t<meta name=\"twitter:data1\" content=\"2 minutos\" \/>\n<script type=\"application\/ld+json\" class=\"yoast-schema-graph\">{\"@context\":\"https:\/\/schema.org\",\"@graph\":[{\"@type\":\"WebPage\",\"@id\":\"https:\/\/beiroperu.com\/tienda\/catalogo\/topografia\/detectores-de-cables\/leica-digital-ls15\/\",\"url\":\"https:\/\/beiroperu.com\/tienda\/catalogo\/topografia\/detectores-de-cables\/leica-digital-ls15\/\",\"name\":\"LEICA DIGITAL LS15 - Topograf\u00eda, Geolog\u00eda, Miner\u00eda y Equipamiento de Oficina\",\"isPartOf\":{\"@id\":\"https:\/\/beiroperu.com\/tienda\/#website\"},\"primaryImageOfPage\":{\"@id\":\"https:\/\/beiroperu.com\/tienda\/catalogo\/topografia\/detectores-de-cables\/leica-digital-ls15\/#primaryimage\"},\"image\":{\"@id\":\"https:\/\/beiroperu.com\/tienda\/catalogo\/topografia\/detectores-de-cables\/leica-digital-ls15\/#primaryimage\"},\"thumbnailUrl\":\"https:\/\/beiroperu.com\/tienda\/wp-content\/uploads\/2026\/04\/leica-digital-ls15-detector-cable-1.jpg\",\"datePublished\":\"2026-04-02T14:41:59+00:00\",\"breadcrumb\":{\"@id\":\"https:\/\/beiroperu.com\/tienda\/catalogo\/topografia\/detectores-de-cables\/leica-digital-ls15\/#breadcrumb\"},\"inLanguage\":\"es\",\"potentialAction\":[{\"@type\":\"ReadAction\",\"target\":[\"https:\/\/beiroperu.com\/tienda\/catalogo\/topografia\/detectores-de-cables\/leica-digital-ls15\/\"]}]},{\"@type\":\"ImageObject\",\"inLanguage\":\"es\",\"@id\":\"https:\/\/beiroperu.com\/tienda\/catalogo\/topografia\/detectores-de-cables\/leica-digital-ls15\/#primaryimage\",\"url\":\"https:\/\/beiroperu.com\/tienda\/wp-content\/uploads\/2026\/04\/leica-digital-ls15-detector-cable-1.jpg\",\"contentUrl\":\"https:\/\/beiroperu.com\/tienda\/wp-content\/uploads\/2026\/04\/leica-digital-ls15-detector-cable-1.jpg\",\"width\":800,\"height\":930},{\"@type\":\"BreadcrumbList\",\"@id\":\"https:\/\/beiroperu.com\/tienda\/catalogo\/topografia\/detectores-de-cables\/leica-digital-ls15\/#breadcrumb\",\"itemListElement\":[{\"@type\":\"ListItem\",\"position\":1,\"name\":\"Portada\",\"item\":\"https:\/\/beiroperu.com\/tienda\/\"},{\"@type\":\"ListItem\",\"position\":2,\"name\":\"Shop\",\"item\":\"https:\/\/beiroperu.com\/tienda\/shop\/\"},{\"@type\":\"ListItem\",\"position\":3,\"name\":\"LEICA DIGITAL LS15\"}]},{\"@type\":\"WebSite\",\"@id\":\"https:\/\/beiroperu.com\/tienda\/#website\",\"url\":\"https:\/\/beiroperu.com\/tienda\/\",\"name\":\"Topograf\u00eda, Geolog\u00eda, Miner\u00eda y Equipamiento de Oficina\",\"description\":\"Beiro Per\u00fa\",\"publisher\":{\"@id\":\"https:\/\/beiroperu.com\/tienda\/#organization\"},\"alternateName\":\"Beiro Per\u00fa\",\"potentialAction\":[{\"@type\":\"SearchAction\",\"target\":{\"@type\":\"EntryPoint\",\"urlTemplate\":\"https:\/\/beiroperu.com\/tienda\/?s={search_term_string}\"},\"query-input\":{\"@type\":\"PropertyValueSpecification\",\"valueRequired\":true,\"valueName\":\"search_term_string\"}}],\"inLanguage\":\"es\"},{\"@type\":\"Organization\",\"@id\":\"https:\/\/beiroperu.com\/tienda\/#organization\",\"name\":\"Beiro\",\"alternateName\":\"Beiro Per\u00fa\",\"url\":\"https:\/\/beiroperu.com\/tienda\/\",\"logo\":{\"@type\":\"ImageObject\",\"inLanguage\":\"es\",\"@id\":\"https:\/\/beiroperu.com\/tienda\/#\/schema\/logo\/image\/\",\"url\":\"https:\/\/beiroperu.com\/tienda\/wp-content\/uploads\/2026\/03\/logo-beiro.jpeg\",\"contentUrl\":\"https:\/\/beiroperu.com\/tienda\/wp-content\/uploads\/2026\/03\/logo-beiro.jpeg\",\"width\":322,\"height\":123,\"caption\":\"Beiro\"},\"image\":{\"@id\":\"https:\/\/beiroperu.com\/tienda\/#\/schema\/logo\/image\/\"},\"sameAs\":[\"https:\/\/www.facebook.com\/profile.php?id=61574959587714\",\"https:\/\/www.instagram.com\/beiro_equipos_topograficos?igsh=cG11NHowcmp1dzFq\",\"https:\/\/www.threads.com\/@beiro_equipos_topograficos\"]}]}<\/script>\n<!-- \/ Yoast SEO plugin. -->","yoast_head_json":{"title":"LEICA DIGITAL LS15 - Topograf\u00eda, Geolog\u00eda, Miner\u00eda y Equipamiento de Oficina","robots":{"index":"index","follow":"follow","max-snippet":"max-snippet:-1","max-image-preview":"max-image-preview:large","max-video-preview":"max-video-preview:-1"},"canonical":"https:\/\/beiroperu.com\/tienda\/catalogo\/topografia\/detectores-de-cables\/leica-digital-ls15\/","og_locale":"es_ES","og_type":"article","og_title":"LEICA DIGITAL LS15 - Topograf\u00eda, Geolog\u00eda, Miner\u00eda y Equipamiento de Oficina","og_description":"Los niveles digitales\u00a0\u00a0LS15\u00a0ofrecen c\u00f3modas funciones automatizadas con una precisi\u00f3n de hasta 0,2 mm (LS15) para recopilar datos de proyectos de manera r\u00e1pida y fiable. Desde la medici\u00f3n de estructuras, carreteras, v\u00edas f\u00e9rreas o puentes, hasta cualquier otra tarea de nivelaci\u00f3n por exigente que sea, los niveles digitales Leica LS aportan la m\u00e1xima comodidad para la una amplia gama de aplicaciones de nivelaci\u00f3n complejas.","og_url":"https:\/\/beiroperu.com\/tienda\/catalogo\/topografia\/detectores-de-cables\/leica-digital-ls15\/","og_site_name":"Topograf\u00eda, Geolog\u00eda, Miner\u00eda y Equipamiento de Oficina","article_publisher":"https:\/\/www.facebook.com\/profile.php?id=61574959587714","og_image":[{"width":800,"height":930,"url":"https:\/\/beiroperu.com\/tienda\/wp-content\/uploads\/2026\/04\/leica-digital-ls15-detector-cable-1.jpg","type":"image\/jpeg"}],"twitter_card":"summary_large_image","twitter_misc":{"Tiempo de lectura":"2 minutos"},"schema":{"@context":"https:\/\/schema.org","@graph":[{"@type":"WebPage","@id":"https:\/\/beiroperu.com\/tienda\/catalogo\/topografia\/detectores-de-cables\/leica-digital-ls15\/","url":"https:\/\/beiroperu.com\/tienda\/catalogo\/topografia\/detectores-de-cables\/leica-digital-ls15\/","name":"LEICA DIGITAL LS15 - Topograf\u00eda, Geolog\u00eda, Miner\u00eda y Equipamiento de Oficina","isPartOf":{"@id":"https:\/\/beiroperu.com\/tienda\/#website"},"primaryImageOfPage":{"@id":"https:\/\/beiroperu.com\/tienda\/catalogo\/topografia\/detectores-de-cables\/leica-digital-ls15\/#primaryimage"},"image":{"@id":"https:\/\/beiroperu.com\/tienda\/catalogo\/topografia\/detectores-de-cables\/leica-digital-ls15\/#primaryimage"},"thumbnailUrl":"https:\/\/beiroperu.com\/tienda\/wp-content\/uploads\/2026\/04\/leica-digital-ls15-detector-cable-1.jpg","datePublished":"2026-04-02T14:41:59+00:00","breadcrumb":{"@id":"https:\/\/beiroperu.com\/tienda\/catalogo\/topografia\/detectores-de-cables\/leica-digital-ls15\/#breadcrumb"},"inLanguage":"es","potentialAction":[{"@type":"ReadAction","target":["https:\/\/beiroperu.com\/tienda\/catalogo\/topografia\/detectores-de-cables\/leica-digital-ls15\/"]}]},{"@type":"ImageObject","inLanguage":"es","@id":"https:\/\/beiroperu.com\/tienda\/catalogo\/topografia\/detectores-de-cables\/leica-digital-ls15\/#primaryimage","url":"https:\/\/beiroperu.com\/tienda\/wp-content\/uploads\/2026\/04\/leica-digital-ls15-detector-cable-1.jpg","contentUrl":"https:\/\/beiroperu.com\/tienda\/wp-content\/uploads\/2026\/04\/leica-digital-ls15-detector-cable-1.jpg","width":800,"height":930},{"@type":"BreadcrumbList","@id":"https:\/\/beiroperu.com\/tienda\/catalogo\/topografia\/detectores-de-cables\/leica-digital-ls15\/#breadcrumb","itemListElement":[{"@type":"ListItem","position":1,"name":"Portada","item":"https:\/\/beiroperu.com\/tienda\/"},{"@type":"ListItem","position":2,"name":"Shop","item":"https:\/\/beiroperu.com\/tienda\/shop\/"},{"@type":"ListItem","position":3,"name":"LEICA DIGITAL LS15"}]},{"@type":"WebSite","@id":"https:\/\/beiroperu.com\/tienda\/#website","url":"https:\/\/beiroperu.com\/tienda\/","name":"Topograf\u00eda, Geolog\u00eda, Miner\u00eda y Equipamiento de Oficina","description":"Beiro Per\u00fa","publisher":{"@id":"https:\/\/beiroperu.com\/tienda\/#organization"},"alternateName":"Beiro Per\u00fa","potentialAction":[{"@type":"SearchAction","target":{"@type":"EntryPoint","urlTemplate":"https:\/\/beiroperu.com\/tienda\/?s={search_term_string}"},"query-input":{"@type":"PropertyValueSpecification","valueRequired":true,"valueName":"search_term_string"}}],"inLanguage":"es"},{"@type":"Organization","@id":"https:\/\/beiroperu.com\/tienda\/#organization","name":"Beiro","alternateName":"Beiro Per\u00fa","url":"https:\/\/beiroperu.com\/tienda\/","logo":{"@type":"ImageObject","inLanguage":"es","@id":"https:\/\/beiroperu.com\/tienda\/#\/schema\/logo\/image\/","url":"https:\/\/beiroperu.com\/tienda\/wp-content\/uploads\/2026\/03\/logo-beiro.jpeg","contentUrl":"https:\/\/beiroperu.com\/tienda\/wp-content\/uploads\/2026\/03\/logo-beiro.jpeg","width":322,"height":123,"caption":"Beiro"},"image":{"@id":"https:\/\/beiroperu.com\/tienda\/#\/schema\/logo\/image\/"},"sameAs":["https:\/\/www.facebook.com\/profile.php?id=61574959587714","https:\/\/www.instagram.com\/beiro_equipos_topograficos?igsh=cG11NHowcmp1dzFq","https:\/\/www.threads.com\/@beiro_equipos_topograficos"]}]}},"_links":{"self":[{"href":"https:\/\/beiroperu.com\/tienda\/wp-json\/wp\/v2\/product\/37369","targetHints":{"allow":["GET"]}}],"collection":[{"href":"https:\/\/beiroperu.com\/tienda\/wp-json\/wp\/v2\/product"}],"about":[{"href":"https:\/\/beiroperu.com\/tienda\/wp-json\/wp\/v2\/types\/product"}],"replies":[{"embeddable":true,"href":"https:\/\/beiroperu.com\/tienda\/wp-json\/wp\/v2\/comments?post=37369"}],"wp:featuredmedia":[{"embeddable":true,"href":"https:\/\/beiroperu.com\/tienda\/wp-json\/wp\/v2\/media\/37370"}],"wp:attachment":[{"href":"https:\/\/beiroperu.com\/tienda\/wp-json\/wp\/v2\/media?parent=37369"}],"wp:term":[{"taxonomy":"product_brand","embeddable":true,"href":"https:\/\/beiroperu.com\/tienda\/wp-json\/wp\/v2\/product_brand?post=37369"},{"taxonomy":"product_cat","embeddable":true,"href":"https:\/\/beiroperu.com\/tienda\/wp-json\/wp\/v2\/product_cat?post=37369"},{"taxonomy":"product_tag","embeddable":true,"href":"https:\/\/beiroperu.com\/tienda\/wp-json\/wp\/v2\/product_tag?post=37369"}],"curies":[{"name":"wp","href":"https:\/\/api.w.org\/{rel}","templated":true}]}}