{"id":37373,"date":"2026-04-02T10:26:39","date_gmt":"2026-04-02T15:26:39","guid":{"rendered":"https:\/\/beiroperu.com\/tienda\/?post_type=product&#038;p=37373"},"modified":"2026-04-02T10:26:39","modified_gmt":"2026-04-02T15:26:39","slug":"fisher-f75","status":"publish","type":"product","link":"https:\/\/beiroperu.com\/tienda\/catalogo\/topografia\/detectores-de-metal\/fisher-f75\/","title":{"rendered":"FISHER F75"},"content":{"rendered":"<p>El Detector de metales\u00a0<img loading=\"lazy\" decoding=\"async\" src=\"https:\/\/cosola.com\/images\/logos\/fisher-logo.jpg\" alt=\"fisher-logo\" width=\"120\" height=\"18\" \/>\u00a0<strong>F75<\/strong>\u00a0Edici\u00f3n Especial Limitada es sofisticado, dispone de una herramienta de\u00a0mejora de profundidad y tiene gran potencia.<\/p>\n<p>Balance de suelo\u00a0<strong>FASTGRAB\u2122<\/strong>\u00a0activable mediante un pulsador. Su memoria no vol\u00e1til guarda la configuraci\u00f3n para que usted no tenga que acordarse. Util para detecci\u00f3n de monedas, la b\u00fasqueda de reliquias y tambi\u00e9n es muy adecuado para la prospecci\u00f3n de oro.<\/p>\n<p><strong>Caracter\u00edsticas\u00a0<\/strong><strong>del detector de metales<\/strong>\u00a0<strong>Fisher F75 Edici\u00f3n Especial Limitada:<\/strong><\/p>\n<ul>\n<li>Peso ligero y bien equilibrado<\/li>\n<li>Interfaz de men\u00fas de f\u00e1cil uso e intuitivo.<\/li>\n<li>Gran pantalla LCD<\/li>\n<li>Indicadores visuales de valores tan importantes como:<\/li>\n<\/ul>\n<p><strong>Objetivo de identificaci\u00f3n<\/strong><\/p>\n<ul>\n<li>Objetivo confianza<\/li>\n<li>Objetivo de profundidad (ambos corriendo a fondo y la profundidad de identificar)<\/li>\n<li>La mineralizaci\u00f3n del suelo<\/li>\n<\/ul>\n<p><strong>Modos de b\u00fasqueda m\u00faltiple:<\/strong><\/p>\n<ul>\n<li>Discriminaci\u00f3n<\/li>\n<li>Est\u00e1tica Todo Metal<\/li>\n<\/ul>\n<p><strong>Movimiento Todos metal<\/strong><\/p>\n<ul>\n<li>Balance de suelo\u00a0<strong>FASTGRAB\u2122<\/strong>\u00a0activable mediante un pulsador.<\/li>\n<li>Bobina de b\u00fasqueda de 28 cm., resistente al agua, el\u00edptica, de marco abierto y doble D.<\/li>\n<li>Meta de disparo accionado, se\u00f1alando con tono de audio variable<\/li>\n<li>Totalmente Apoyabrazos ajustables<\/li>\n<li>Retroiluminaci\u00f3n de la pantalla para la noche y en condiciones de poca luz<\/li>\n<li>El plato de mariposa del detector de metales F75 de Fisher aumenta la profundidad y sensibilidad un veinticinco por ciento.<\/li>\n<li>Tiene las mismas prestaciones que el detector de metales F75 de Fisher pero con dos platos.<\/li>\n<li>Consumo de energ\u00eda bajo. Utiliza cuatro pilas AA Alkalinas, proporcionando con un uso normal, hasta 40 horas de uso.<\/li>\n<li>Peso: 1,6 Kg. con las pilas puestas.<\/li>\n<\/ul>\n<p><strong>Ver m\u00e1s informaci\u00f3n<\/strong>\u00a0<a href=\"https:\/\/cosola.com\/images\/archivos\/Fisher-Metal-Detector.pdf\"><img loading=\"lazy\" decoding=\"async\" src=\"https:\/\/cosola.com\/images\/logos\/Logo-PDF.png\" alt=\"Logo-PDF\" width=\"70\" height=\"70\" \/><\/a><\/p>\n","protected":false},"excerpt":{"rendered":"<p>El Detector de metales\u00a0<img loading=\"lazy\" decoding=\"async\" src=\"https:\/\/cosola.com\/images\/logos\/fisher-logo.jpg\" alt=\"fisher-logo\" width=\"120\" height=\"18\" \/>\u00a0<strong>F75<\/strong>\u00a0Edici\u00f3n Especial Limitada es sofisticado, dispone de una herramienta de\u00a0mejora de profundidad y tiene gran potencia.<\/p>\n<p>Balance de suelo\u00a0<strong>FASTGRAB\u2122<\/strong>\u00a0activable mediante un pulsador. Su memoria no vol\u00e1til guarda la configuraci\u00f3n para que usted no tenga que acordarse. Util para detecci\u00f3n de monedas, la b\u00fasqueda de reliquias y tambi\u00e9n es muy adecuado para la prospecci\u00f3n de oro.<\/p>\n","protected":false},"featured_media":37374,"comment_status":"closed","ping_status":"closed","template":"","meta":[],"product_brand":[181],"product_cat":[82],"product_tag":[182,146],"class_list":{"0":"post-37373","1":"product","2":"type-product","3":"status-publish","4":"has-post-thumbnail","6":"product_brand-fisher","7":"product_cat-detectores-de-metal","8":"product_tag-detector-de-metal","9":"product_tag-topografia","11":"first","12":"instock","13":"shipping-taxable","14":"product-type-simple"},"yoast_head":"<!-- This site is optimized with the Yoast SEO plugin v27.2 - https:\/\/yoast.com\/product\/yoast-seo-wordpress\/ -->\n<title>FISHER F75 - Topograf\u00eda, Geolog\u00eda, Miner\u00eda y Equipamiento de Oficina<\/title>\n<meta name=\"robots\" content=\"index, follow, max-snippet:-1, max-image-preview:large, max-video-preview:-1\" \/>\n<link rel=\"canonical\" href=\"https:\/\/beiroperu.com\/tienda\/catalogo\/topografia\/detectores-de-metal\/fisher-f75\/\" \/>\n<meta property=\"og:locale\" content=\"es_ES\" \/>\n<meta property=\"og:type\" content=\"article\" \/>\n<meta property=\"og:title\" content=\"FISHER F75 - Topograf\u00eda, Geolog\u00eda, Miner\u00eda y Equipamiento de Oficina\" \/>\n<meta property=\"og:description\" content=\"El Detector de metales\u00a0\u00a0F75\u00a0Edici\u00f3n Especial Limitada es sofisticado, dispone de una herramienta de\u00a0mejora de profundidad y tiene gran potencia.  Balance de suelo\u00a0FASTGRAB\u2122\u00a0activable mediante un pulsador. Su memoria no vol\u00e1til guarda la configuraci\u00f3n para que usted no tenga que acordarse. Util para detecci\u00f3n de monedas, la b\u00fasqueda de reliquias y tambi\u00e9n es muy adecuado para la prospecci\u00f3n de oro.\" \/>\n<meta property=\"og:url\" content=\"https:\/\/beiroperu.com\/tienda\/catalogo\/topografia\/detectores-de-metal\/fisher-f75\/\" \/>\n<meta property=\"og:site_name\" content=\"Topograf\u00eda, Geolog\u00eda, Miner\u00eda y Equipamiento de Oficina\" \/>\n<meta property=\"article:publisher\" content=\"https:\/\/www.facebook.com\/profile.php?id=61574959587714\" \/>\n<meta property=\"og:image\" content=\"https:\/\/beiroperu.com\/tienda\/wp-content\/uploads\/2026\/04\/fisher-ft5-detector-metal-1.jpg\" \/>\n\t<meta property=\"og:image:width\" content=\"800\" \/>\n\t<meta property=\"og:image:height\" content=\"930\" \/>\n\t<meta property=\"og:image:type\" content=\"image\/jpeg\" \/>\n<meta name=\"twitter:card\" content=\"summary_large_image\" \/>\n<meta name=\"twitter:label1\" content=\"Tiempo de lectura\" \/>\n\t<meta name=\"twitter:data1\" content=\"2 minutos\" \/>\n<script type=\"application\/ld+json\" class=\"yoast-schema-graph\">{\"@context\":\"https:\/\/schema.org\",\"@graph\":[{\"@type\":\"WebPage\",\"@id\":\"https:\/\/beiroperu.com\/tienda\/catalogo\/topografia\/detectores-de-metal\/fisher-f75\/\",\"url\":\"https:\/\/beiroperu.com\/tienda\/catalogo\/topografia\/detectores-de-metal\/fisher-f75\/\",\"name\":\"FISHER F75 - Topograf\u00eda, Geolog\u00eda, Miner\u00eda y Equipamiento de Oficina\",\"isPartOf\":{\"@id\":\"https:\/\/beiroperu.com\/tienda\/#website\"},\"primaryImageOfPage\":{\"@id\":\"https:\/\/beiroperu.com\/tienda\/catalogo\/topografia\/detectores-de-metal\/fisher-f75\/#primaryimage\"},\"image\":{\"@id\":\"https:\/\/beiroperu.com\/tienda\/catalogo\/topografia\/detectores-de-metal\/fisher-f75\/#primaryimage\"},\"thumbnailUrl\":\"https:\/\/beiroperu.com\/tienda\/wp-content\/uploads\/2026\/04\/fisher-ft5-detector-metal-1.jpg\",\"datePublished\":\"2026-04-02T15:26:39+00:00\",\"breadcrumb\":{\"@id\":\"https:\/\/beiroperu.com\/tienda\/catalogo\/topografia\/detectores-de-metal\/fisher-f75\/#breadcrumb\"},\"inLanguage\":\"es\",\"potentialAction\":[{\"@type\":\"ReadAction\",\"target\":[\"https:\/\/beiroperu.com\/tienda\/catalogo\/topografia\/detectores-de-metal\/fisher-f75\/\"]}]},{\"@type\":\"ImageObject\",\"inLanguage\":\"es\",\"@id\":\"https:\/\/beiroperu.com\/tienda\/catalogo\/topografia\/detectores-de-metal\/fisher-f75\/#primaryimage\",\"url\":\"https:\/\/beiroperu.com\/tienda\/wp-content\/uploads\/2026\/04\/fisher-ft5-detector-metal-1.jpg\",\"contentUrl\":\"https:\/\/beiroperu.com\/tienda\/wp-content\/uploads\/2026\/04\/fisher-ft5-detector-metal-1.jpg\",\"width\":800,\"height\":930},{\"@type\":\"BreadcrumbList\",\"@id\":\"https:\/\/beiroperu.com\/tienda\/catalogo\/topografia\/detectores-de-metal\/fisher-f75\/#breadcrumb\",\"itemListElement\":[{\"@type\":\"ListItem\",\"position\":1,\"name\":\"Portada\",\"item\":\"https:\/\/beiroperu.com\/tienda\/\"},{\"@type\":\"ListItem\",\"position\":2,\"name\":\"Shop\",\"item\":\"https:\/\/beiroperu.com\/tienda\/shop\/\"},{\"@type\":\"ListItem\",\"position\":3,\"name\":\"FISHER F75\"}]},{\"@type\":\"WebSite\",\"@id\":\"https:\/\/beiroperu.com\/tienda\/#website\",\"url\":\"https:\/\/beiroperu.com\/tienda\/\",\"name\":\"Topograf\u00eda, Geolog\u00eda, Miner\u00eda y Equipamiento de Oficina\",\"description\":\"Beiro Per\u00fa\",\"publisher\":{\"@id\":\"https:\/\/beiroperu.com\/tienda\/#organization\"},\"alternateName\":\"Beiro Per\u00fa\",\"potentialAction\":[{\"@type\":\"SearchAction\",\"target\":{\"@type\":\"EntryPoint\",\"urlTemplate\":\"https:\/\/beiroperu.com\/tienda\/?s={search_term_string}\"},\"query-input\":{\"@type\":\"PropertyValueSpecification\",\"valueRequired\":true,\"valueName\":\"search_term_string\"}}],\"inLanguage\":\"es\"},{\"@type\":\"Organization\",\"@id\":\"https:\/\/beiroperu.com\/tienda\/#organization\",\"name\":\"Beiro\",\"alternateName\":\"Beiro Per\u00fa\",\"url\":\"https:\/\/beiroperu.com\/tienda\/\",\"logo\":{\"@type\":\"ImageObject\",\"inLanguage\":\"es\",\"@id\":\"https:\/\/beiroperu.com\/tienda\/#\/schema\/logo\/image\/\",\"url\":\"https:\/\/beiroperu.com\/tienda\/wp-content\/uploads\/2026\/03\/logo-beiro.jpeg\",\"contentUrl\":\"https:\/\/beiroperu.com\/tienda\/wp-content\/uploads\/2026\/03\/logo-beiro.jpeg\",\"width\":322,\"height\":123,\"caption\":\"Beiro\"},\"image\":{\"@id\":\"https:\/\/beiroperu.com\/tienda\/#\/schema\/logo\/image\/\"},\"sameAs\":[\"https:\/\/www.facebook.com\/profile.php?id=61574959587714\",\"https:\/\/www.instagram.com\/beiro_equipos_topograficos?igsh=cG11NHowcmp1dzFq\",\"https:\/\/www.threads.com\/@beiro_equipos_topograficos\"]}]}<\/script>\n<!-- \/ Yoast SEO plugin. -->","yoast_head_json":{"title":"FISHER F75 - Topograf\u00eda, Geolog\u00eda, Miner\u00eda y Equipamiento de Oficina","robots":{"index":"index","follow":"follow","max-snippet":"max-snippet:-1","max-image-preview":"max-image-preview:large","max-video-preview":"max-video-preview:-1"},"canonical":"https:\/\/beiroperu.com\/tienda\/catalogo\/topografia\/detectores-de-metal\/fisher-f75\/","og_locale":"es_ES","og_type":"article","og_title":"FISHER F75 - Topograf\u00eda, Geolog\u00eda, Miner\u00eda y Equipamiento de Oficina","og_description":"El Detector de metales\u00a0\u00a0F75\u00a0Edici\u00f3n Especial Limitada es sofisticado, dispone de una herramienta de\u00a0mejora de profundidad y tiene gran potencia.  Balance de suelo\u00a0FASTGRAB\u2122\u00a0activable mediante un pulsador. Su memoria no vol\u00e1til guarda la configuraci\u00f3n para que usted no tenga que acordarse. Util para detecci\u00f3n de monedas, la b\u00fasqueda de reliquias y tambi\u00e9n es muy adecuado para la prospecci\u00f3n de oro.","og_url":"https:\/\/beiroperu.com\/tienda\/catalogo\/topografia\/detectores-de-metal\/fisher-f75\/","og_site_name":"Topograf\u00eda, Geolog\u00eda, Miner\u00eda y Equipamiento de Oficina","article_publisher":"https:\/\/www.facebook.com\/profile.php?id=61574959587714","og_image":[{"width":800,"height":930,"url":"https:\/\/beiroperu.com\/tienda\/wp-content\/uploads\/2026\/04\/fisher-ft5-detector-metal-1.jpg","type":"image\/jpeg"}],"twitter_card":"summary_large_image","twitter_misc":{"Tiempo de lectura":"2 minutos"},"schema":{"@context":"https:\/\/schema.org","@graph":[{"@type":"WebPage","@id":"https:\/\/beiroperu.com\/tienda\/catalogo\/topografia\/detectores-de-metal\/fisher-f75\/","url":"https:\/\/beiroperu.com\/tienda\/catalogo\/topografia\/detectores-de-metal\/fisher-f75\/","name":"FISHER F75 - Topograf\u00eda, Geolog\u00eda, Miner\u00eda y Equipamiento de Oficina","isPartOf":{"@id":"https:\/\/beiroperu.com\/tienda\/#website"},"primaryImageOfPage":{"@id":"https:\/\/beiroperu.com\/tienda\/catalogo\/topografia\/detectores-de-metal\/fisher-f75\/#primaryimage"},"image":{"@id":"https:\/\/beiroperu.com\/tienda\/catalogo\/topografia\/detectores-de-metal\/fisher-f75\/#primaryimage"},"thumbnailUrl":"https:\/\/beiroperu.com\/tienda\/wp-content\/uploads\/2026\/04\/fisher-ft5-detector-metal-1.jpg","datePublished":"2026-04-02T15:26:39+00:00","breadcrumb":{"@id":"https:\/\/beiroperu.com\/tienda\/catalogo\/topografia\/detectores-de-metal\/fisher-f75\/#breadcrumb"},"inLanguage":"es","potentialAction":[{"@type":"ReadAction","target":["https:\/\/beiroperu.com\/tienda\/catalogo\/topografia\/detectores-de-metal\/fisher-f75\/"]}]},{"@type":"ImageObject","inLanguage":"es","@id":"https:\/\/beiroperu.com\/tienda\/catalogo\/topografia\/detectores-de-metal\/fisher-f75\/#primaryimage","url":"https:\/\/beiroperu.com\/tienda\/wp-content\/uploads\/2026\/04\/fisher-ft5-detector-metal-1.jpg","contentUrl":"https:\/\/beiroperu.com\/tienda\/wp-content\/uploads\/2026\/04\/fisher-ft5-detector-metal-1.jpg","width":800,"height":930},{"@type":"BreadcrumbList","@id":"https:\/\/beiroperu.com\/tienda\/catalogo\/topografia\/detectores-de-metal\/fisher-f75\/#breadcrumb","itemListElement":[{"@type":"ListItem","position":1,"name":"Portada","item":"https:\/\/beiroperu.com\/tienda\/"},{"@type":"ListItem","position":2,"name":"Shop","item":"https:\/\/beiroperu.com\/tienda\/shop\/"},{"@type":"ListItem","position":3,"name":"FISHER F75"}]},{"@type":"WebSite","@id":"https:\/\/beiroperu.com\/tienda\/#website","url":"https:\/\/beiroperu.com\/tienda\/","name":"Topograf\u00eda, Geolog\u00eda, Miner\u00eda y Equipamiento de Oficina","description":"Beiro Per\u00fa","publisher":{"@id":"https:\/\/beiroperu.com\/tienda\/#organization"},"alternateName":"Beiro Per\u00fa","potentialAction":[{"@type":"SearchAction","target":{"@type":"EntryPoint","urlTemplate":"https:\/\/beiroperu.com\/tienda\/?s={search_term_string}"},"query-input":{"@type":"PropertyValueSpecification","valueRequired":true,"valueName":"search_term_string"}}],"inLanguage":"es"},{"@type":"Organization","@id":"https:\/\/beiroperu.com\/tienda\/#organization","name":"Beiro","alternateName":"Beiro Per\u00fa","url":"https:\/\/beiroperu.com\/tienda\/","logo":{"@type":"ImageObject","inLanguage":"es","@id":"https:\/\/beiroperu.com\/tienda\/#\/schema\/logo\/image\/","url":"https:\/\/beiroperu.com\/tienda\/wp-content\/uploads\/2026\/03\/logo-beiro.jpeg","contentUrl":"https:\/\/beiroperu.com\/tienda\/wp-content\/uploads\/2026\/03\/logo-beiro.jpeg","width":322,"height":123,"caption":"Beiro"},"image":{"@id":"https:\/\/beiroperu.com\/tienda\/#\/schema\/logo\/image\/"},"sameAs":["https:\/\/www.facebook.com\/profile.php?id=61574959587714","https:\/\/www.instagram.com\/beiro_equipos_topograficos?igsh=cG11NHowcmp1dzFq","https:\/\/www.threads.com\/@beiro_equipos_topograficos"]}]}},"_links":{"self":[{"href":"https:\/\/beiroperu.com\/tienda\/wp-json\/wp\/v2\/product\/37373","targetHints":{"allow":["GET"]}}],"collection":[{"href":"https:\/\/beiroperu.com\/tienda\/wp-json\/wp\/v2\/product"}],"about":[{"href":"https:\/\/beiroperu.com\/tienda\/wp-json\/wp\/v2\/types\/product"}],"replies":[{"embeddable":true,"href":"https:\/\/beiroperu.com\/tienda\/wp-json\/wp\/v2\/comments?post=37373"}],"wp:featuredmedia":[{"embeddable":true,"href":"https:\/\/beiroperu.com\/tienda\/wp-json\/wp\/v2\/media\/37374"}],"wp:attachment":[{"href":"https:\/\/beiroperu.com\/tienda\/wp-json\/wp\/v2\/media?parent=37373"}],"wp:term":[{"taxonomy":"product_brand","embeddable":true,"href":"https:\/\/beiroperu.com\/tienda\/wp-json\/wp\/v2\/product_brand?post=37373"},{"taxonomy":"product_cat","embeddable":true,"href":"https:\/\/beiroperu.com\/tienda\/wp-json\/wp\/v2\/product_cat?post=37373"},{"taxonomy":"product_tag","embeddable":true,"href":"https:\/\/beiroperu.com\/tienda\/wp-json\/wp\/v2\/product_tag?post=37373"}],"curies":[{"name":"wp","href":"https:\/\/api.w.org\/{rel}","templated":true}]}}