{"id":37375,"date":"2026-04-02T10:30:27","date_gmt":"2026-04-02T15:30:27","guid":{"rendered":"https:\/\/beiroperu.com\/tienda\/?post_type=product&#038;p=37375"},"modified":"2026-04-02T10:30:28","modified_gmt":"2026-04-02T15:30:28","slug":"fisher-gold-bug-2","status":"publish","type":"product","link":"https:\/\/beiroperu.com\/tienda\/catalogo\/topografia\/detectores-de-metal\/fisher-gold-bug-2\/","title":{"rendered":"FISHER GOLD BUG 2"},"content":{"rendered":"<p><img loading=\"lazy\" decoding=\"async\" src=\"https:\/\/cosola.com\/images\/logos\/fisher-logo.jpg\" alt=\"fisher-logo\" width=\"130\" height=\"20\" \/>\u00a0<strong>Gold Bug 2<\/strong>\u00a0fue dise\u00f1ado con un prop\u00f3sito: el de encontrar oro. Este detector de b\u00fasqueda profunda cuenta con una alta frecuencia de funcionamiento, 71 KHz, la m\u00e1s elevada del mercado, combinada con la discriminaci\u00f3n de hierro, ajuste de precisi\u00f3n, compensaci\u00f3n de temperatura\u2026 el Gold Bug II lleva la prospecci\u00f3n a un nuevo nivel!<br \/>\nLos 71 kHz de frecuencia de funcionamiento dan mayor sensibilidad a las pepitas m\u00e1s peque\u00f1as, incluso en suelos altamente mineralizados.\u00a0Con el modo de discriminaci\u00f3n de hierro y la se\u00f1al de audio del Gold Bug II, usted podr\u00e1 escuchar esas se\u00f1ales d\u00e9biles y profundas\u00a0 mientras elimina las se\u00f1ales que puedan emitir rocas calientes u otros objetivos ferrosos. De extraordinaria sensibilidad, de alta frecuencia de funcionamiento, con discriminaci\u00f3n de hierro, resistente al polvo y la humedad y la capacidad para operar en suelos altamente mineralizados hacen de este detector su mejor opci\u00f3n!<br \/>\nCaracter\u00edsticas generales:Potente frecuencia de operaci\u00f3n, 71 kHz, de extrema sensibilidad a las peque\u00f1as pepitas de oro.<br \/>\nCircuito avanzado para incrementar la profundidad de b\u00fasqueda de pepitas de oro en suelos altamente mineralizados.<br \/>\nModo \u201cdiscriminaci\u00f3n de hierro\u00bb para eliminar rocas calientes y objetos de hierro de la detecci\u00f3n.<br \/>\nTres modos de auto-ajuste con dos velocidades, para b\u00fasqueda de pepitas en casi cualquier condici\u00f3n de terreno.<br \/>\nPanel de control sellado, resistente al polvo y la humedad. (PRECAUCION: nunca sumerja en el agua la Caja de Control)<br \/>\nIncrementador de audio para se\u00f1ales d\u00e9biles.<br \/>\nTres modos de b\u00fasqueda: discriminaci\u00f3n de hierro, normal e incrementador de audio.<br \/>\nElija el nivel de mineralizaci\u00f3n de suelo: Alta, Normal, Baja.<br \/>\nDise\u00f1o ergon\u00f3mico, ligero y con soporte para el brazo.<br \/>\nRequiere 2 bater\u00edas de 9 volts.<br \/>\nBobina de b\u00fasqueda de 10\u201d, est\u00e1ndar, el\u00edptica, resistente al agua.<br \/>\nEntrada para aud\u00edfonos<br \/>\nRequiere 2 bater\u00edas de 9V<\/p>\n<p>Mas Informacion Ver<a href=\"https:\/\/cosola.com\/images\/archivos\/Fisher-Gold_Bug-2.pdf\"><img loading=\"lazy\" decoding=\"async\" src=\"https:\/\/cosola.com\/images\/logos\/Logo-PDF.png\" alt=\"Logo-PDF\" width=\"70\" height=\"70\" \/><\/a><\/p>\n","protected":false},"excerpt":{"rendered":"<p><img loading=\"lazy\" decoding=\"async\" src=\"https:\/\/cosola.com\/images\/logos\/fisher-logo.jpg\" alt=\"fisher-logo\" width=\"130\" height=\"20\" \/>\u00a0<strong>Gold Bug 2<\/strong>\u00a0fue dise\u00f1ado con un prop\u00f3sito: el de encontrar oro. Este detector de b\u00fasqueda profunda cuenta con una alta frecuencia de funcionamiento, 71 KHz, la m\u00e1s elevada del mercado, combinada con la discriminaci\u00f3n de hierro, ajuste de precisi\u00f3n, compensaci\u00f3n de temperatura\u2026 el Gold Bug II lleva la prospecci\u00f3n a un nuevo nivel!<\/p>\n","protected":false},"featured_media":37376,"comment_status":"closed","ping_status":"closed","template":"","meta":[],"product_brand":[181],"product_cat":[82],"product_tag":[182,146],"class_list":{"0":"post-37375","1":"product","2":"type-product","3":"status-publish","4":"has-post-thumbnail","6":"product_brand-fisher","7":"product_cat-detectores-de-metal","8":"product_tag-detector-de-metal","9":"product_tag-topografia","11":"first","12":"instock","13":"shipping-taxable","14":"product-type-simple"},"yoast_head":"<!-- This site is optimized with the Yoast SEO plugin v27.2 - https:\/\/yoast.com\/product\/yoast-seo-wordpress\/ -->\n<title>FISHER GOLD BUG 2 - Topograf\u00eda, Geolog\u00eda, Miner\u00eda y Equipamiento de Oficina<\/title>\n<meta name=\"robots\" content=\"index, follow, max-snippet:-1, max-image-preview:large, max-video-preview:-1\" \/>\n<link rel=\"canonical\" href=\"https:\/\/beiroperu.com\/tienda\/catalogo\/topografia\/detectores-de-metal\/fisher-gold-bug-2\/\" \/>\n<meta property=\"og:locale\" content=\"es_ES\" \/>\n<meta property=\"og:type\" content=\"article\" \/>\n<meta property=\"og:title\" content=\"FISHER GOLD BUG 2 - Topograf\u00eda, Geolog\u00eda, Miner\u00eda y Equipamiento de Oficina\" \/>\n<meta property=\"og:description\" content=\"\u00a0Gold Bug 2\u00a0fue dise\u00f1ado con un prop\u00f3sito: el de encontrar oro. Este detector de b\u00fasqueda profunda cuenta con una alta frecuencia de funcionamiento, 71 KHz, la m\u00e1s elevada del mercado, combinada con la discriminaci\u00f3n de hierro, ajuste de precisi\u00f3n, compensaci\u00f3n de temperatura\u2026 el Gold Bug II lleva la prospecci\u00f3n a un nuevo nivel!\" \/>\n<meta property=\"og:url\" content=\"https:\/\/beiroperu.com\/tienda\/catalogo\/topografia\/detectores-de-metal\/fisher-gold-bug-2\/\" \/>\n<meta property=\"og:site_name\" content=\"Topograf\u00eda, Geolog\u00eda, Miner\u00eda y Equipamiento de Oficina\" \/>\n<meta property=\"article:publisher\" content=\"https:\/\/www.facebook.com\/profile.php?id=61574959587714\" \/>\n<meta property=\"article:modified_time\" content=\"2026-04-02T15:30:28+00:00\" \/>\n<meta property=\"og:image\" content=\"https:\/\/beiroperu.com\/tienda\/wp-content\/uploads\/2026\/04\/fisher-gold-bug2-1.jpg\" \/>\n\t<meta property=\"og:image:width\" content=\"800\" \/>\n\t<meta property=\"og:image:height\" content=\"930\" \/>\n\t<meta property=\"og:image:type\" content=\"image\/jpeg\" \/>\n<meta name=\"twitter:card\" content=\"summary_large_image\" \/>\n<meta name=\"twitter:label1\" content=\"Tiempo de lectura\" \/>\n\t<meta name=\"twitter:data1\" content=\"2 minutos\" \/>\n<script type=\"application\/ld+json\" class=\"yoast-schema-graph\">{\"@context\":\"https:\/\/schema.org\",\"@graph\":[{\"@type\":\"WebPage\",\"@id\":\"https:\/\/beiroperu.com\/tienda\/catalogo\/topografia\/detectores-de-metal\/fisher-gold-bug-2\/\",\"url\":\"https:\/\/beiroperu.com\/tienda\/catalogo\/topografia\/detectores-de-metal\/fisher-gold-bug-2\/\",\"name\":\"FISHER GOLD BUG 2 - Topograf\u00eda, Geolog\u00eda, Miner\u00eda y Equipamiento de Oficina\",\"isPartOf\":{\"@id\":\"https:\/\/beiroperu.com\/tienda\/#website\"},\"primaryImageOfPage\":{\"@id\":\"https:\/\/beiroperu.com\/tienda\/catalogo\/topografia\/detectores-de-metal\/fisher-gold-bug-2\/#primaryimage\"},\"image\":{\"@id\":\"https:\/\/beiroperu.com\/tienda\/catalogo\/topografia\/detectores-de-metal\/fisher-gold-bug-2\/#primaryimage\"},\"thumbnailUrl\":\"https:\/\/beiroperu.com\/tienda\/wp-content\/uploads\/2026\/04\/fisher-gold-bug2-1.jpg\",\"datePublished\":\"2026-04-02T15:30:27+00:00\",\"dateModified\":\"2026-04-02T15:30:28+00:00\",\"breadcrumb\":{\"@id\":\"https:\/\/beiroperu.com\/tienda\/catalogo\/topografia\/detectores-de-metal\/fisher-gold-bug-2\/#breadcrumb\"},\"inLanguage\":\"es\",\"potentialAction\":[{\"@type\":\"ReadAction\",\"target\":[\"https:\/\/beiroperu.com\/tienda\/catalogo\/topografia\/detectores-de-metal\/fisher-gold-bug-2\/\"]}]},{\"@type\":\"ImageObject\",\"inLanguage\":\"es\",\"@id\":\"https:\/\/beiroperu.com\/tienda\/catalogo\/topografia\/detectores-de-metal\/fisher-gold-bug-2\/#primaryimage\",\"url\":\"https:\/\/beiroperu.com\/tienda\/wp-content\/uploads\/2026\/04\/fisher-gold-bug2-1.jpg\",\"contentUrl\":\"https:\/\/beiroperu.com\/tienda\/wp-content\/uploads\/2026\/04\/fisher-gold-bug2-1.jpg\",\"width\":800,\"height\":930},{\"@type\":\"BreadcrumbList\",\"@id\":\"https:\/\/beiroperu.com\/tienda\/catalogo\/topografia\/detectores-de-metal\/fisher-gold-bug-2\/#breadcrumb\",\"itemListElement\":[{\"@type\":\"ListItem\",\"position\":1,\"name\":\"Portada\",\"item\":\"https:\/\/beiroperu.com\/tienda\/\"},{\"@type\":\"ListItem\",\"position\":2,\"name\":\"Shop\",\"item\":\"https:\/\/beiroperu.com\/tienda\/shop\/\"},{\"@type\":\"ListItem\",\"position\":3,\"name\":\"FISHER GOLD BUG 2\"}]},{\"@type\":\"WebSite\",\"@id\":\"https:\/\/beiroperu.com\/tienda\/#website\",\"url\":\"https:\/\/beiroperu.com\/tienda\/\",\"name\":\"Topograf\u00eda, Geolog\u00eda, Miner\u00eda y Equipamiento de Oficina\",\"description\":\"Beiro Per\u00fa\",\"publisher\":{\"@id\":\"https:\/\/beiroperu.com\/tienda\/#organization\"},\"alternateName\":\"Beiro Per\u00fa\",\"potentialAction\":[{\"@type\":\"SearchAction\",\"target\":{\"@type\":\"EntryPoint\",\"urlTemplate\":\"https:\/\/beiroperu.com\/tienda\/?s={search_term_string}\"},\"query-input\":{\"@type\":\"PropertyValueSpecification\",\"valueRequired\":true,\"valueName\":\"search_term_string\"}}],\"inLanguage\":\"es\"},{\"@type\":\"Organization\",\"@id\":\"https:\/\/beiroperu.com\/tienda\/#organization\",\"name\":\"Beiro\",\"alternateName\":\"Beiro Per\u00fa\",\"url\":\"https:\/\/beiroperu.com\/tienda\/\",\"logo\":{\"@type\":\"ImageObject\",\"inLanguage\":\"es\",\"@id\":\"https:\/\/beiroperu.com\/tienda\/#\/schema\/logo\/image\/\",\"url\":\"https:\/\/beiroperu.com\/tienda\/wp-content\/uploads\/2026\/03\/logo-beiro.jpeg\",\"contentUrl\":\"https:\/\/beiroperu.com\/tienda\/wp-content\/uploads\/2026\/03\/logo-beiro.jpeg\",\"width\":322,\"height\":123,\"caption\":\"Beiro\"},\"image\":{\"@id\":\"https:\/\/beiroperu.com\/tienda\/#\/schema\/logo\/image\/\"},\"sameAs\":[\"https:\/\/www.facebook.com\/profile.php?id=61574959587714\",\"https:\/\/www.instagram.com\/beiro_equipos_topograficos?igsh=cG11NHowcmp1dzFq\",\"https:\/\/www.threads.com\/@beiro_equipos_topograficos\"]}]}<\/script>\n<!-- \/ Yoast SEO plugin. -->","yoast_head_json":{"title":"FISHER GOLD BUG 2 - Topograf\u00eda, Geolog\u00eda, Miner\u00eda y Equipamiento de Oficina","robots":{"index":"index","follow":"follow","max-snippet":"max-snippet:-1","max-image-preview":"max-image-preview:large","max-video-preview":"max-video-preview:-1"},"canonical":"https:\/\/beiroperu.com\/tienda\/catalogo\/topografia\/detectores-de-metal\/fisher-gold-bug-2\/","og_locale":"es_ES","og_type":"article","og_title":"FISHER GOLD BUG 2 - Topograf\u00eda, Geolog\u00eda, Miner\u00eda y Equipamiento de Oficina","og_description":"\u00a0Gold Bug 2\u00a0fue dise\u00f1ado con un prop\u00f3sito: el de encontrar oro. Este detector de b\u00fasqueda profunda cuenta con una alta frecuencia de funcionamiento, 71 KHz, la m\u00e1s elevada del mercado, combinada con la discriminaci\u00f3n de hierro, ajuste de precisi\u00f3n, compensaci\u00f3n de temperatura\u2026 el Gold Bug II lleva la prospecci\u00f3n a un nuevo nivel!","og_url":"https:\/\/beiroperu.com\/tienda\/catalogo\/topografia\/detectores-de-metal\/fisher-gold-bug-2\/","og_site_name":"Topograf\u00eda, Geolog\u00eda, Miner\u00eda y Equipamiento de Oficina","article_publisher":"https:\/\/www.facebook.com\/profile.php?id=61574959587714","article_modified_time":"2026-04-02T15:30:28+00:00","og_image":[{"width":800,"height":930,"url":"https:\/\/beiroperu.com\/tienda\/wp-content\/uploads\/2026\/04\/fisher-gold-bug2-1.jpg","type":"image\/jpeg"}],"twitter_card":"summary_large_image","twitter_misc":{"Tiempo de lectura":"2 minutos"},"schema":{"@context":"https:\/\/schema.org","@graph":[{"@type":"WebPage","@id":"https:\/\/beiroperu.com\/tienda\/catalogo\/topografia\/detectores-de-metal\/fisher-gold-bug-2\/","url":"https:\/\/beiroperu.com\/tienda\/catalogo\/topografia\/detectores-de-metal\/fisher-gold-bug-2\/","name":"FISHER GOLD BUG 2 - Topograf\u00eda, Geolog\u00eda, Miner\u00eda y Equipamiento de Oficina","isPartOf":{"@id":"https:\/\/beiroperu.com\/tienda\/#website"},"primaryImageOfPage":{"@id":"https:\/\/beiroperu.com\/tienda\/catalogo\/topografia\/detectores-de-metal\/fisher-gold-bug-2\/#primaryimage"},"image":{"@id":"https:\/\/beiroperu.com\/tienda\/catalogo\/topografia\/detectores-de-metal\/fisher-gold-bug-2\/#primaryimage"},"thumbnailUrl":"https:\/\/beiroperu.com\/tienda\/wp-content\/uploads\/2026\/04\/fisher-gold-bug2-1.jpg","datePublished":"2026-04-02T15:30:27+00:00","dateModified":"2026-04-02T15:30:28+00:00","breadcrumb":{"@id":"https:\/\/beiroperu.com\/tienda\/catalogo\/topografia\/detectores-de-metal\/fisher-gold-bug-2\/#breadcrumb"},"inLanguage":"es","potentialAction":[{"@type":"ReadAction","target":["https:\/\/beiroperu.com\/tienda\/catalogo\/topografia\/detectores-de-metal\/fisher-gold-bug-2\/"]}]},{"@type":"ImageObject","inLanguage":"es","@id":"https:\/\/beiroperu.com\/tienda\/catalogo\/topografia\/detectores-de-metal\/fisher-gold-bug-2\/#primaryimage","url":"https:\/\/beiroperu.com\/tienda\/wp-content\/uploads\/2026\/04\/fisher-gold-bug2-1.jpg","contentUrl":"https:\/\/beiroperu.com\/tienda\/wp-content\/uploads\/2026\/04\/fisher-gold-bug2-1.jpg","width":800,"height":930},{"@type":"BreadcrumbList","@id":"https:\/\/beiroperu.com\/tienda\/catalogo\/topografia\/detectores-de-metal\/fisher-gold-bug-2\/#breadcrumb","itemListElement":[{"@type":"ListItem","position":1,"name":"Portada","item":"https:\/\/beiroperu.com\/tienda\/"},{"@type":"ListItem","position":2,"name":"Shop","item":"https:\/\/beiroperu.com\/tienda\/shop\/"},{"@type":"ListItem","position":3,"name":"FISHER GOLD BUG 2"}]},{"@type":"WebSite","@id":"https:\/\/beiroperu.com\/tienda\/#website","url":"https:\/\/beiroperu.com\/tienda\/","name":"Topograf\u00eda, Geolog\u00eda, Miner\u00eda y Equipamiento de Oficina","description":"Beiro Per\u00fa","publisher":{"@id":"https:\/\/beiroperu.com\/tienda\/#organization"},"alternateName":"Beiro Per\u00fa","potentialAction":[{"@type":"SearchAction","target":{"@type":"EntryPoint","urlTemplate":"https:\/\/beiroperu.com\/tienda\/?s={search_term_string}"},"query-input":{"@type":"PropertyValueSpecification","valueRequired":true,"valueName":"search_term_string"}}],"inLanguage":"es"},{"@type":"Organization","@id":"https:\/\/beiroperu.com\/tienda\/#organization","name":"Beiro","alternateName":"Beiro Per\u00fa","url":"https:\/\/beiroperu.com\/tienda\/","logo":{"@type":"ImageObject","inLanguage":"es","@id":"https:\/\/beiroperu.com\/tienda\/#\/schema\/logo\/image\/","url":"https:\/\/beiroperu.com\/tienda\/wp-content\/uploads\/2026\/03\/logo-beiro.jpeg","contentUrl":"https:\/\/beiroperu.com\/tienda\/wp-content\/uploads\/2026\/03\/logo-beiro.jpeg","width":322,"height":123,"caption":"Beiro"},"image":{"@id":"https:\/\/beiroperu.com\/tienda\/#\/schema\/logo\/image\/"},"sameAs":["https:\/\/www.facebook.com\/profile.php?id=61574959587714","https:\/\/www.instagram.com\/beiro_equipos_topograficos?igsh=cG11NHowcmp1dzFq","https:\/\/www.threads.com\/@beiro_equipos_topograficos"]}]}},"_links":{"self":[{"href":"https:\/\/beiroperu.com\/tienda\/wp-json\/wp\/v2\/product\/37375","targetHints":{"allow":["GET"]}}],"collection":[{"href":"https:\/\/beiroperu.com\/tienda\/wp-json\/wp\/v2\/product"}],"about":[{"href":"https:\/\/beiroperu.com\/tienda\/wp-json\/wp\/v2\/types\/product"}],"replies":[{"embeddable":true,"href":"https:\/\/beiroperu.com\/tienda\/wp-json\/wp\/v2\/comments?post=37375"}],"wp:featuredmedia":[{"embeddable":true,"href":"https:\/\/beiroperu.com\/tienda\/wp-json\/wp\/v2\/media\/37376"}],"wp:attachment":[{"href":"https:\/\/beiroperu.com\/tienda\/wp-json\/wp\/v2\/media?parent=37375"}],"wp:term":[{"taxonomy":"product_brand","embeddable":true,"href":"https:\/\/beiroperu.com\/tienda\/wp-json\/wp\/v2\/product_brand?post=37375"},{"taxonomy":"product_cat","embeddable":true,"href":"https:\/\/beiroperu.com\/tienda\/wp-json\/wp\/v2\/product_cat?post=37375"},{"taxonomy":"product_tag","embeddable":true,"href":"https:\/\/beiroperu.com\/tienda\/wp-json\/wp\/v2\/product_tag?post=37375"}],"curies":[{"name":"wp","href":"https:\/\/api.w.org\/{rel}","templated":true}]}}