{"id":37385,"date":"2026-04-02T10:47:57","date_gmt":"2026-04-02T15:47:57","guid":{"rendered":"https:\/\/beiroperu.com\/tienda\/?post_type=product&#038;p=37385"},"modified":"2026-04-02T10:47:57","modified_gmt":"2026-04-02T15:47:57","slug":"fisher-gemini-3","status":"publish","type":"product","link":"https:\/\/beiroperu.com\/tienda\/catalogo\/topografia\/detectores-de-metal\/fisher-gemini-3\/","title":{"rendered":"FISHER GEMINI 3"},"content":{"rendered":"<p>Producto que ha estado en constante estado de desarrollo durante muchos a\u00f1os, el\u00a0<img loading=\"lazy\" decoding=\"async\" src=\"https:\/\/cosola.com\/images\/logos\/fisher-logo.jpg\" alt=\"fisher-logo\" width=\"130\" height=\"20\" \/>\u00a0<strong>GEMINI-3\u00a0<\/strong>es probablemente el mayor\u00a0<strong>avance en el dise\u00f1o de detectores\u00a0de dos cajas. Detector\u00a0para objetos met\u00e1licos de gran tama\u00f1o.\u00a0<\/strong><\/p>\n<p>Detectores dise\u00f1ados en dos cajas de metal han sido utilizados por exploradores, ge\u00f3logos, buscadores de tesoros y empresas de servicios p\u00fablicos para localizar objetos grandes y profundos.<\/p>\n<p>Los laboratorios Fisher \u00a0son l\u00edderes reconocidos en el campo, de hecho, se les concedi\u00f3 la primera patente de detectores de metales de dos cajas desde hace m\u00e1s de 60 a\u00f1os. Se podr\u00eda pensar que ser\u00eda dif\u00edcil mejorar un producto que ha estado en un constante estado de desarrollo durante muchos a\u00f1os, pero el hecho es que el GEMINI-3 es probablemente el mayor avance en el dise\u00f1o de detectores de metales de dos cajas, ya que sustituye los tubos de vac\u00edo por transistores.<\/p>\n<p>El nuevo GEMINI-3 se ha mejorado entre un 10 y un 20% por ciento respecto a su predecesor. El Fisher GEMINI-3 es un instrumento de alta calidad con una ingenier\u00eda de precisi\u00f3n y con un nombre demostrado a lo largo de muchos a\u00f1os orgulloso.<\/p>\n<p><strong>El GEMINI-3<\/strong>\u00a0fue dise\u00f1ado para detectar los cambios de conductividad en la tierra sobre la que se utilice. Por lo tanto, una respuesta positiva de la GEMINI-3 indica la presencia de un objeto met\u00e1lico.<\/p>\n<p>La funci\u00f3n del transmisor GEMINI-3 es el env\u00edo de una frecuencia de radio (RF) hacia un objeto conductor y generar un campo electromagn\u00e9tico alrededor de ese objeto.<\/p>\n<p>MINI-3 es localizar el\u00a0objeto mediante la detecci\u00f3n del campo electromagn\u00e9tico alrededor de ella y\u00a0respondiendo con se\u00f1ales de audio y visual.<\/p>\n<p><strong>CARACTERISTICAS<\/strong><\/p>\n<ul>\n<li>Sensible a objetos profundos y grandes, o a vetas de oro.<\/li>\n<li>Transmisor y receptor controlados por cuarzo.<\/li>\n<li>Funcionamiento de 4 modos:<\/li>\n<li>Rastreo inductivo<\/li>\n<li>Rastreo conductivo<\/li>\n<li>Rastreo inductivo ancho<\/li>\n<li>Rastreo inductivo estrecho<\/li>\n<li>Placa de tierra opcional para rastreo subterr\u00e1neo de larga distancia<\/li>\n<li>Circuito de ruido reducido de 60 ciclos<\/li>\n<li>Repuesta de objeto audio VCO para la localizaci\u00f3n precisa<\/li>\n<li>Opera con bater\u00edas standard \u201cAA<\/li>\n<li>Duraci\u00f3n Bater\u00eda\u00a0\u00a0\u00a0\u00a0\u00a0\u00a0\u00a0\u00a0\u00a0\u00a0\u00a0\u00a0\u00a0\u00a0\u00a0\u00a0\u00a0\u00a0\u00a0\u00a0\u00a0 \u00a0\u00a0\u00a0: M\u00e1s de 36 horas<\/li>\n<li>Protecci\u00f3n contra polvo\/agua\u00a0\u00a0\u00a0\u00a0 : IP66<\/li>\n<li>Conexi\u00f3n Wireless\u00a0\u00a0\u00a0\u00a0\u00a0\u00a0\u00a0\u00a0\u00a0\u00a0\u00a0\u00a0\u00a0\u00a0\u00a0\u00a0\u00a0\u00a0\u00a0\u00a0\u00a0 : Bluetooth \u2013 Clase 1<\/li>\n<li>4-Way bot\u00f3n de Navegaci\u00f3n<\/li>\n<li>Rango Operaci\u00f3n\u00a0\u00a0\u00a0\u00a0\u00a0\u00a0\u00a0\u00a0\u00a0\u00a0\u00a0\u00a0\u00a0\u00a0\u00a0\u00a0\u00a0\u00a0\u00a0\u00a0 \u00a0\u00a0\u00a0: -30C\u00b0 a +60C\u00b0<\/li>\n<\/ul>\n<p>Mas Informaci\u00f3n Ver:\u00a0<a href=\"https:\/\/cosola.com\/images\/archivos\/Fisher-Gemini_3.pdf\"><img loading=\"lazy\" decoding=\"async\" src=\"https:\/\/cosola.com\/images\/logos\/Logo-PDF.png\" alt=\"Logo-PDF\" width=\"70\" height=\"70\" \/><\/a><\/p>\n","protected":false},"excerpt":{"rendered":"<p>Producto que ha estado en constante estado de desarrollo durante muchos a\u00f1os, el\u00a0<img loading=\"lazy\" decoding=\"async\" src=\"https:\/\/cosola.com\/images\/logos\/fisher-logo.jpg\" alt=\"fisher-logo\" width=\"130\" height=\"20\" \/>\u00a0<strong>GEMINI-3\u00a0<\/strong>es probablemente el mayor\u00a0<strong>avance en el dise\u00f1o de detectores\u00a0de dos cajas. Detector\u00a0para objetos met\u00e1licos de gran tama\u00f1o.\u00a0<\/strong><\/p>\n","protected":false},"featured_media":37386,"comment_status":"closed","ping_status":"closed","template":"","meta":[],"product_brand":[181],"product_cat":[82],"product_tag":[182,146],"class_list":{"0":"post-37385","1":"product","2":"type-product","3":"status-publish","4":"has-post-thumbnail","6":"product_brand-fisher","7":"product_cat-detectores-de-metal","8":"product_tag-detector-de-metal","9":"product_tag-topografia","11":"first","12":"instock","13":"shipping-taxable","14":"product-type-simple"},"yoast_head":"<!-- This site is optimized with the Yoast SEO plugin v27.2 - https:\/\/yoast.com\/product\/yoast-seo-wordpress\/ -->\n<title>FISHER GEMINI 3 - Topograf\u00eda, Geolog\u00eda, Miner\u00eda y Equipamiento de Oficina<\/title>\n<meta name=\"robots\" content=\"index, follow, max-snippet:-1, max-image-preview:large, max-video-preview:-1\" \/>\n<link rel=\"canonical\" href=\"https:\/\/beiroperu.com\/tienda\/catalogo\/topografia\/detectores-de-metal\/fisher-gemini-3\/\" \/>\n<meta property=\"og:locale\" content=\"es_ES\" \/>\n<meta property=\"og:type\" content=\"article\" \/>\n<meta property=\"og:title\" content=\"FISHER GEMINI 3 - Topograf\u00eda, Geolog\u00eda, Miner\u00eda y Equipamiento de Oficina\" \/>\n<meta property=\"og:description\" content=\"Producto que ha estado en constante estado de desarrollo durante muchos a\u00f1os, el\u00a0\u00a0GEMINI-3\u00a0es probablemente el mayor\u00a0avance en el dise\u00f1o de detectores\u00a0de dos cajas. Detector\u00a0para objetos met\u00e1licos de gran tama\u00f1o.\u00a0\" \/>\n<meta property=\"og:url\" content=\"https:\/\/beiroperu.com\/tienda\/catalogo\/topografia\/detectores-de-metal\/fisher-gemini-3\/\" \/>\n<meta property=\"og:site_name\" content=\"Topograf\u00eda, Geolog\u00eda, Miner\u00eda y Equipamiento de Oficina\" \/>\n<meta property=\"article:publisher\" content=\"https:\/\/www.facebook.com\/profile.php?id=61574959587714\" \/>\n<meta property=\"og:image\" content=\"https:\/\/beiroperu.com\/tienda\/wp-content\/uploads\/2026\/04\/fisher-gemini-3-detecor.metal-1.jpg\" \/>\n\t<meta property=\"og:image:width\" content=\"800\" \/>\n\t<meta property=\"og:image:height\" content=\"930\" \/>\n\t<meta property=\"og:image:type\" content=\"image\/jpeg\" \/>\n<meta name=\"twitter:card\" content=\"summary_large_image\" \/>\n<meta name=\"twitter:label1\" content=\"Tiempo de lectura\" \/>\n\t<meta name=\"twitter:data1\" content=\"3 minutos\" \/>\n<script type=\"application\/ld+json\" class=\"yoast-schema-graph\">{\"@context\":\"https:\/\/schema.org\",\"@graph\":[{\"@type\":\"WebPage\",\"@id\":\"https:\/\/beiroperu.com\/tienda\/catalogo\/topografia\/detectores-de-metal\/fisher-gemini-3\/\",\"url\":\"https:\/\/beiroperu.com\/tienda\/catalogo\/topografia\/detectores-de-metal\/fisher-gemini-3\/\",\"name\":\"FISHER GEMINI 3 - Topograf\u00eda, Geolog\u00eda, Miner\u00eda y Equipamiento de Oficina\",\"isPartOf\":{\"@id\":\"https:\/\/beiroperu.com\/tienda\/#website\"},\"primaryImageOfPage\":{\"@id\":\"https:\/\/beiroperu.com\/tienda\/catalogo\/topografia\/detectores-de-metal\/fisher-gemini-3\/#primaryimage\"},\"image\":{\"@id\":\"https:\/\/beiroperu.com\/tienda\/catalogo\/topografia\/detectores-de-metal\/fisher-gemini-3\/#primaryimage\"},\"thumbnailUrl\":\"https:\/\/beiroperu.com\/tienda\/wp-content\/uploads\/2026\/04\/fisher-gemini-3-detecor.metal-1.jpg\",\"datePublished\":\"2026-04-02T15:47:57+00:00\",\"breadcrumb\":{\"@id\":\"https:\/\/beiroperu.com\/tienda\/catalogo\/topografia\/detectores-de-metal\/fisher-gemini-3\/#breadcrumb\"},\"inLanguage\":\"es\",\"potentialAction\":[{\"@type\":\"ReadAction\",\"target\":[\"https:\/\/beiroperu.com\/tienda\/catalogo\/topografia\/detectores-de-metal\/fisher-gemini-3\/\"]}]},{\"@type\":\"ImageObject\",\"inLanguage\":\"es\",\"@id\":\"https:\/\/beiroperu.com\/tienda\/catalogo\/topografia\/detectores-de-metal\/fisher-gemini-3\/#primaryimage\",\"url\":\"https:\/\/beiroperu.com\/tienda\/wp-content\/uploads\/2026\/04\/fisher-gemini-3-detecor.metal-1.jpg\",\"contentUrl\":\"https:\/\/beiroperu.com\/tienda\/wp-content\/uploads\/2026\/04\/fisher-gemini-3-detecor.metal-1.jpg\",\"width\":800,\"height\":930},{\"@type\":\"BreadcrumbList\",\"@id\":\"https:\/\/beiroperu.com\/tienda\/catalogo\/topografia\/detectores-de-metal\/fisher-gemini-3\/#breadcrumb\",\"itemListElement\":[{\"@type\":\"ListItem\",\"position\":1,\"name\":\"Portada\",\"item\":\"https:\/\/beiroperu.com\/tienda\/\"},{\"@type\":\"ListItem\",\"position\":2,\"name\":\"Shop\",\"item\":\"https:\/\/beiroperu.com\/tienda\/shop\/\"},{\"@type\":\"ListItem\",\"position\":3,\"name\":\"FISHER GEMINI 3\"}]},{\"@type\":\"WebSite\",\"@id\":\"https:\/\/beiroperu.com\/tienda\/#website\",\"url\":\"https:\/\/beiroperu.com\/tienda\/\",\"name\":\"Topograf\u00eda, Geolog\u00eda, Miner\u00eda y Equipamiento de Oficina\",\"description\":\"Beiro Per\u00fa\",\"publisher\":{\"@id\":\"https:\/\/beiroperu.com\/tienda\/#organization\"},\"alternateName\":\"Beiro Per\u00fa\",\"potentialAction\":[{\"@type\":\"SearchAction\",\"target\":{\"@type\":\"EntryPoint\",\"urlTemplate\":\"https:\/\/beiroperu.com\/tienda\/?s={search_term_string}\"},\"query-input\":{\"@type\":\"PropertyValueSpecification\",\"valueRequired\":true,\"valueName\":\"search_term_string\"}}],\"inLanguage\":\"es\"},{\"@type\":\"Organization\",\"@id\":\"https:\/\/beiroperu.com\/tienda\/#organization\",\"name\":\"Beiro\",\"alternateName\":\"Beiro Per\u00fa\",\"url\":\"https:\/\/beiroperu.com\/tienda\/\",\"logo\":{\"@type\":\"ImageObject\",\"inLanguage\":\"es\",\"@id\":\"https:\/\/beiroperu.com\/tienda\/#\/schema\/logo\/image\/\",\"url\":\"https:\/\/beiroperu.com\/tienda\/wp-content\/uploads\/2026\/03\/logo-beiro.jpeg\",\"contentUrl\":\"https:\/\/beiroperu.com\/tienda\/wp-content\/uploads\/2026\/03\/logo-beiro.jpeg\",\"width\":322,\"height\":123,\"caption\":\"Beiro\"},\"image\":{\"@id\":\"https:\/\/beiroperu.com\/tienda\/#\/schema\/logo\/image\/\"},\"sameAs\":[\"https:\/\/www.facebook.com\/profile.php?id=61574959587714\",\"https:\/\/www.instagram.com\/beiro_equipos_topograficos?igsh=cG11NHowcmp1dzFq\",\"https:\/\/www.threads.com\/@beiro_equipos_topograficos\"]}]}<\/script>\n<!-- \/ Yoast SEO plugin. -->","yoast_head_json":{"title":"FISHER GEMINI 3 - Topograf\u00eda, Geolog\u00eda, Miner\u00eda y Equipamiento de Oficina","robots":{"index":"index","follow":"follow","max-snippet":"max-snippet:-1","max-image-preview":"max-image-preview:large","max-video-preview":"max-video-preview:-1"},"canonical":"https:\/\/beiroperu.com\/tienda\/catalogo\/topografia\/detectores-de-metal\/fisher-gemini-3\/","og_locale":"es_ES","og_type":"article","og_title":"FISHER GEMINI 3 - Topograf\u00eda, Geolog\u00eda, Miner\u00eda y Equipamiento de Oficina","og_description":"Producto que ha estado en constante estado de desarrollo durante muchos a\u00f1os, el\u00a0\u00a0GEMINI-3\u00a0es probablemente el mayor\u00a0avance en el dise\u00f1o de detectores\u00a0de dos cajas. Detector\u00a0para objetos met\u00e1licos de gran tama\u00f1o.\u00a0","og_url":"https:\/\/beiroperu.com\/tienda\/catalogo\/topografia\/detectores-de-metal\/fisher-gemini-3\/","og_site_name":"Topograf\u00eda, Geolog\u00eda, Miner\u00eda y Equipamiento de Oficina","article_publisher":"https:\/\/www.facebook.com\/profile.php?id=61574959587714","og_image":[{"width":800,"height":930,"url":"https:\/\/beiroperu.com\/tienda\/wp-content\/uploads\/2026\/04\/fisher-gemini-3-detecor.metal-1.jpg","type":"image\/jpeg"}],"twitter_card":"summary_large_image","twitter_misc":{"Tiempo de lectura":"3 minutos"},"schema":{"@context":"https:\/\/schema.org","@graph":[{"@type":"WebPage","@id":"https:\/\/beiroperu.com\/tienda\/catalogo\/topografia\/detectores-de-metal\/fisher-gemini-3\/","url":"https:\/\/beiroperu.com\/tienda\/catalogo\/topografia\/detectores-de-metal\/fisher-gemini-3\/","name":"FISHER GEMINI 3 - Topograf\u00eda, Geolog\u00eda, Miner\u00eda y Equipamiento de Oficina","isPartOf":{"@id":"https:\/\/beiroperu.com\/tienda\/#website"},"primaryImageOfPage":{"@id":"https:\/\/beiroperu.com\/tienda\/catalogo\/topografia\/detectores-de-metal\/fisher-gemini-3\/#primaryimage"},"image":{"@id":"https:\/\/beiroperu.com\/tienda\/catalogo\/topografia\/detectores-de-metal\/fisher-gemini-3\/#primaryimage"},"thumbnailUrl":"https:\/\/beiroperu.com\/tienda\/wp-content\/uploads\/2026\/04\/fisher-gemini-3-detecor.metal-1.jpg","datePublished":"2026-04-02T15:47:57+00:00","breadcrumb":{"@id":"https:\/\/beiroperu.com\/tienda\/catalogo\/topografia\/detectores-de-metal\/fisher-gemini-3\/#breadcrumb"},"inLanguage":"es","potentialAction":[{"@type":"ReadAction","target":["https:\/\/beiroperu.com\/tienda\/catalogo\/topografia\/detectores-de-metal\/fisher-gemini-3\/"]}]},{"@type":"ImageObject","inLanguage":"es","@id":"https:\/\/beiroperu.com\/tienda\/catalogo\/topografia\/detectores-de-metal\/fisher-gemini-3\/#primaryimage","url":"https:\/\/beiroperu.com\/tienda\/wp-content\/uploads\/2026\/04\/fisher-gemini-3-detecor.metal-1.jpg","contentUrl":"https:\/\/beiroperu.com\/tienda\/wp-content\/uploads\/2026\/04\/fisher-gemini-3-detecor.metal-1.jpg","width":800,"height":930},{"@type":"BreadcrumbList","@id":"https:\/\/beiroperu.com\/tienda\/catalogo\/topografia\/detectores-de-metal\/fisher-gemini-3\/#breadcrumb","itemListElement":[{"@type":"ListItem","position":1,"name":"Portada","item":"https:\/\/beiroperu.com\/tienda\/"},{"@type":"ListItem","position":2,"name":"Shop","item":"https:\/\/beiroperu.com\/tienda\/shop\/"},{"@type":"ListItem","position":3,"name":"FISHER GEMINI 3"}]},{"@type":"WebSite","@id":"https:\/\/beiroperu.com\/tienda\/#website","url":"https:\/\/beiroperu.com\/tienda\/","name":"Topograf\u00eda, Geolog\u00eda, Miner\u00eda y Equipamiento de Oficina","description":"Beiro Per\u00fa","publisher":{"@id":"https:\/\/beiroperu.com\/tienda\/#organization"},"alternateName":"Beiro Per\u00fa","potentialAction":[{"@type":"SearchAction","target":{"@type":"EntryPoint","urlTemplate":"https:\/\/beiroperu.com\/tienda\/?s={search_term_string}"},"query-input":{"@type":"PropertyValueSpecification","valueRequired":true,"valueName":"search_term_string"}}],"inLanguage":"es"},{"@type":"Organization","@id":"https:\/\/beiroperu.com\/tienda\/#organization","name":"Beiro","alternateName":"Beiro Per\u00fa","url":"https:\/\/beiroperu.com\/tienda\/","logo":{"@type":"ImageObject","inLanguage":"es","@id":"https:\/\/beiroperu.com\/tienda\/#\/schema\/logo\/image\/","url":"https:\/\/beiroperu.com\/tienda\/wp-content\/uploads\/2026\/03\/logo-beiro.jpeg","contentUrl":"https:\/\/beiroperu.com\/tienda\/wp-content\/uploads\/2026\/03\/logo-beiro.jpeg","width":322,"height":123,"caption":"Beiro"},"image":{"@id":"https:\/\/beiroperu.com\/tienda\/#\/schema\/logo\/image\/"},"sameAs":["https:\/\/www.facebook.com\/profile.php?id=61574959587714","https:\/\/www.instagram.com\/beiro_equipos_topograficos?igsh=cG11NHowcmp1dzFq","https:\/\/www.threads.com\/@beiro_equipos_topograficos"]}]}},"_links":{"self":[{"href":"https:\/\/beiroperu.com\/tienda\/wp-json\/wp\/v2\/product\/37385","targetHints":{"allow":["GET"]}}],"collection":[{"href":"https:\/\/beiroperu.com\/tienda\/wp-json\/wp\/v2\/product"}],"about":[{"href":"https:\/\/beiroperu.com\/tienda\/wp-json\/wp\/v2\/types\/product"}],"replies":[{"embeddable":true,"href":"https:\/\/beiroperu.com\/tienda\/wp-json\/wp\/v2\/comments?post=37385"}],"wp:featuredmedia":[{"embeddable":true,"href":"https:\/\/beiroperu.com\/tienda\/wp-json\/wp\/v2\/media\/37386"}],"wp:attachment":[{"href":"https:\/\/beiroperu.com\/tienda\/wp-json\/wp\/v2\/media?parent=37385"}],"wp:term":[{"taxonomy":"product_brand","embeddable":true,"href":"https:\/\/beiroperu.com\/tienda\/wp-json\/wp\/v2\/product_brand?post=37385"},{"taxonomy":"product_cat","embeddable":true,"href":"https:\/\/beiroperu.com\/tienda\/wp-json\/wp\/v2\/product_cat?post=37385"},{"taxonomy":"product_tag","embeddable":true,"href":"https:\/\/beiroperu.com\/tienda\/wp-json\/wp\/v2\/product_tag?post=37385"}],"curies":[{"name":"wp","href":"https:\/\/api.w.org\/{rel}","templated":true}]}}