{"id":37389,"date":"2026-04-02T14:15:09","date_gmt":"2026-04-02T19:15:09","guid":{"rendered":"https:\/\/beiroperu.com\/tienda\/?post_type=product&#038;p=37389"},"modified":"2026-04-02T14:15:09","modified_gmt":"2026-04-02T19:15:09","slug":"leica-d2","status":"publish","type":"product","link":"https:\/\/beiroperu.com\/tienda\/catalogo\/topografia\/distanciometros\/leica-d2\/","title":{"rendered":"LEICA D2"},"content":{"rendered":"<p>El m\u00e1s vendido de nuestra gran gama\u00a0<img loading=\"lazy\" decoding=\"async\" src=\"https:\/\/cosola.com\/images\/logos\/leica-logo.png\" alt=\"leica-logo\" width=\"70\" height=\"38\" \/>\u00a0<strong>DISTO \u2122 D2<\/strong>\u00a0mide hasta 100 Metros, reci\u00e9n equipado con la \u00faltima tecnolog\u00eda de medici\u00f3n de Leica Geosystems y con un rango de 100 m. Gracias a la funci\u00f3n Bluetooth\u00ae Smart, las mediciones se pueden transferir f\u00e1cilmente a los tel\u00e9fonos inteligentes o tabletas y ser inmediatamente procesadas.<\/p>\n<p>Los sensores ubicados en su pieza final plegable permiten la detecci\u00f3n autom\u00e1tica de la posici\u00f3n final y evita errores de medici\u00f3n que resultan caros.<\/p>\n<p><strong>CARACTERISTICAS:<\/strong><\/p>\n<ul>\n<li>Funci\u00f3n Bluetooth\u00ae Smart para\u00a0transferir los datos a\u00a0smartphones y tabletas<\/li>\n<li>Pieza final plegable con detecci\u00f3n autom\u00e1tica<\/li>\n<li>100 m alcance de medici\u00f3n<\/li>\n<li>Tecnolog\u00eda X-Range Power<\/li>\n<li>Pantalla clara e iluminada de\u00a03 l\u00edneas<\/li>\n<li>Nivel de protecci\u00f3n IP 54 contra el polvo y las salpicaduras de agua<\/li>\n<\/ul>\n<table>\n<tbody>\n<tr>\n<td><strong>Especificaciones T\u00e9cnicas:<\/strong><\/td>\n<td><\/td>\n<\/tr>\n<tr>\n<td>Precisi\u00f3n de medici\u00f3n t\u00edp.<\/td>\n<td>\u00b1 1.5 mm<\/td>\n<\/tr>\n<tr>\n<td>Alcance<\/td>\n<td>0,05\u00a0<strong>hasta 100 m<\/strong><\/td>\n<\/tr>\n<tr>\n<td>Unidades de medici\u00f3n<\/td>\n<td>m, ft, in<\/td>\n<\/tr>\n<tr>\n<td>X-Range Power Technology<\/td>\n<td>Si<\/td>\n<\/tr>\n<tr>\n<td>Iluminaci\u00f3n de pantalla<\/td>\n<td>Si<\/td>\n<\/tr>\n<tr>\n<td>Aplicaci\u00f3n gratuita<\/td>\n<td>Si<\/td>\n<\/tr>\n<tr>\n<td>Interfaz de datos<\/td>\n<td>Bluetooth\u00ae Smart<\/td>\n<\/tr>\n<tr>\n<td>Duraci\u00f3n de la bater\u00eda<\/td>\n<td>hasta 10.000 mediciones<\/p>\n<p>hasta 20h<\/td>\n<\/tr>\n<tr>\n<td>Pilas<\/td>\n<td>tipo AAA, 2 \u00d7 1,5 V<\/td>\n<\/tr>\n<tr>\n<td>Clase de protecci\u00f3n<\/td>\n<td>IP 54 (protecci\u00f3n contra polvo y salpicaduras de agua)<\/td>\n<\/tr>\n<tr>\n<td>\u00a0Dimensiones<\/td>\n<td>116 \u00d7 44 \u00d7 26 mm<\/td>\n<\/tr>\n<tr>\n<td>Peso con pilas<\/td>\n<td>100 g<\/td>\n<\/tr>\n<\/tbody>\n<\/table>\n<p><strong>Transferencia de los datos\u00a0v\u00eda Bluetooth\u00ae Smart<br \/>\n<\/strong>Con Bluetooth\u00ae Smart, los datos se transfieren directamente a muchas aplicaciones diferentes. La aplicaci\u00f3n gratuita Leica DISTO \u2122 sketch permite realizar dise\u00f1os, bocetos y fotograf\u00edas para la documentar de los\u00a0resultados de medici\u00f3n. Los documentos se pueden enviar por correo electr\u00f3nico o ser guardados en el dispositivo m\u00f3vil.<\/p>\n<p><strong>La inteligente pieza final extensible y multifunci\u00f3n le evitar\u00e1 cometer caros errores de medici\u00f3n<\/strong><br \/>\nLa pieza final plegable asegura resultados precisos absolutos al medir distancias desde esquinas o bordes, ya que el instrumento puede ser posicionado con precisi\u00f3n. Los sensores detectan autom\u00e1ticamente la posici\u00f3n de la pieza final y ayudan a evitar errores de medici\u00f3n caros.<\/p>\n<p><strong>Tecnolog\u00eda X-Range Power \u2013 la innovadora tecnolog\u00eda de medici\u00f3n del futuro<\/strong><br \/>\nCon la ayuda de la innovadora gama X-Power Technology este peque\u00f1o dispositivo puede medir largas distancias de hasta 100 m. Adem\u00e1s, esta tecnolog\u00eda garantiza un rendimiento \u00f3ptimo de medici\u00f3n, es decir, mediciones r\u00e1pidas y fiables, incluso sobre objetos y superficies reflectantes. El alcance y la precisi\u00f3n del Leica DISTO \u2122 D2 cumple con la normativa ISO 16331-1.<\/p>\n<p><strong>Pr\u00e1cticas funciones<\/strong><br \/>\nIncluye funciones tales como sumar y restar, calcular \u00e1reas y vol\u00famenes para que cualquier tarea de medici\u00f3n resulte un juego de ni\u00f1os. El instrumento almacena los \u00falt<\/p>\n<p><strong>\u00a0Ver Brochure:<\/strong>\u00a0<a href=\"https:\/\/cosola.com\/images\/Leica_Disto_D2.pdf\"><img loading=\"lazy\" decoding=\"async\" src=\"https:\/\/cosola.com\/images\/logos\/Logo-PDF.png\" alt=\"Logo-PDF\" width=\"70\" height=\"70\" \/><\/a><\/p>\n","protected":false},"excerpt":{"rendered":"<p>El m\u00e1s vendido de nuestra gran gama\u00a0<img loading=\"lazy\" decoding=\"async\" src=\"https:\/\/cosola.com\/images\/logos\/leica-logo.png\" alt=\"leica-logo\" width=\"70\" height=\"38\" \/>\u00a0<strong>DISTO \u2122 D2<\/strong>\u00a0mide hasta 100 Metros, reci\u00e9n equipado con la \u00faltima tecnolog\u00eda de medici\u00f3n de Leica Geosystems y con un rango de 100 m. Gracias a la funci\u00f3n Bluetooth\u00ae Smart, las mediciones se pueden transferir f\u00e1cilmente a los tel\u00e9fonos inteligentes o tabletas y ser inmediatamente procesadas.<\/p>\n","protected":false},"featured_media":37390,"comment_status":"closed","ping_status":"closed","template":"","meta":[],"product_brand":[97],"product_cat":[83],"product_tag":[183,146],"class_list":{"0":"post-37389","1":"product","2":"type-product","3":"status-publish","4":"has-post-thumbnail","6":"product_brand-leica","7":"product_cat-distanciometros","8":"product_tag-distanciometro","9":"product_tag-topografia","11":"first","12":"instock","13":"shipping-taxable","14":"product-type-simple"},"yoast_head":"<!-- This site is optimized with the Yoast SEO plugin v27.2 - https:\/\/yoast.com\/product\/yoast-seo-wordpress\/ -->\n<title>LEICA D2 - Topograf\u00eda, Geolog\u00eda, Miner\u00eda y Equipamiento de Oficina<\/title>\n<meta name=\"robots\" content=\"index, follow, max-snippet:-1, max-image-preview:large, max-video-preview:-1\" \/>\n<link rel=\"canonical\" href=\"https:\/\/beiroperu.com\/tienda\/catalogo\/topografia\/distanciometros\/leica-d2\/\" \/>\n<meta property=\"og:locale\" content=\"es_ES\" \/>\n<meta property=\"og:type\" content=\"article\" \/>\n<meta property=\"og:title\" content=\"LEICA D2 - Topograf\u00eda, Geolog\u00eda, Miner\u00eda y Equipamiento de Oficina\" \/>\n<meta property=\"og:description\" content=\"El m\u00e1s vendido de nuestra gran gama\u00a0\u00a0DISTO \u2122 D2\u00a0mide hasta 100 Metros, reci\u00e9n equipado con la \u00faltima tecnolog\u00eda de medici\u00f3n de Leica Geosystems y con un rango de 100 m. Gracias a la funci\u00f3n Bluetooth\u00ae Smart, las mediciones se pueden transferir f\u00e1cilmente a los tel\u00e9fonos inteligentes o tabletas y ser inmediatamente procesadas.\" \/>\n<meta property=\"og:url\" content=\"https:\/\/beiroperu.com\/tienda\/catalogo\/topografia\/distanciometros\/leica-d2\/\" \/>\n<meta property=\"og:site_name\" content=\"Topograf\u00eda, Geolog\u00eda, Miner\u00eda y Equipamiento de Oficina\" \/>\n<meta property=\"article:publisher\" content=\"https:\/\/www.facebook.com\/profile.php?id=61574959587714\" \/>\n<meta property=\"og:image\" content=\"https:\/\/beiroperu.com\/tienda\/wp-content\/uploads\/2026\/04\/leica-d2-distanciometro-1.jpg\" \/>\n\t<meta property=\"og:image:width\" content=\"800\" \/>\n\t<meta property=\"og:image:height\" content=\"930\" \/>\n\t<meta property=\"og:image:type\" content=\"image\/jpeg\" \/>\n<meta name=\"twitter:card\" content=\"summary_large_image\" \/>\n<meta name=\"twitter:label1\" content=\"Tiempo de lectura\" \/>\n\t<meta name=\"twitter:data1\" content=\"3 minutos\" \/>\n<script type=\"application\/ld+json\" class=\"yoast-schema-graph\">{\"@context\":\"https:\/\/schema.org\",\"@graph\":[{\"@type\":\"WebPage\",\"@id\":\"https:\/\/beiroperu.com\/tienda\/catalogo\/topografia\/distanciometros\/leica-d2\/\",\"url\":\"https:\/\/beiroperu.com\/tienda\/catalogo\/topografia\/distanciometros\/leica-d2\/\",\"name\":\"LEICA D2 - Topograf\u00eda, Geolog\u00eda, Miner\u00eda y Equipamiento de Oficina\",\"isPartOf\":{\"@id\":\"https:\/\/beiroperu.com\/tienda\/#website\"},\"primaryImageOfPage\":{\"@id\":\"https:\/\/beiroperu.com\/tienda\/catalogo\/topografia\/distanciometros\/leica-d2\/#primaryimage\"},\"image\":{\"@id\":\"https:\/\/beiroperu.com\/tienda\/catalogo\/topografia\/distanciometros\/leica-d2\/#primaryimage\"},\"thumbnailUrl\":\"https:\/\/beiroperu.com\/tienda\/wp-content\/uploads\/2026\/04\/leica-d2-distanciometro-1.jpg\",\"datePublished\":\"2026-04-02T19:15:09+00:00\",\"breadcrumb\":{\"@id\":\"https:\/\/beiroperu.com\/tienda\/catalogo\/topografia\/distanciometros\/leica-d2\/#breadcrumb\"},\"inLanguage\":\"es\",\"potentialAction\":[{\"@type\":\"ReadAction\",\"target\":[\"https:\/\/beiroperu.com\/tienda\/catalogo\/topografia\/distanciometros\/leica-d2\/\"]}]},{\"@type\":\"ImageObject\",\"inLanguage\":\"es\",\"@id\":\"https:\/\/beiroperu.com\/tienda\/catalogo\/topografia\/distanciometros\/leica-d2\/#primaryimage\",\"url\":\"https:\/\/beiroperu.com\/tienda\/wp-content\/uploads\/2026\/04\/leica-d2-distanciometro-1.jpg\",\"contentUrl\":\"https:\/\/beiroperu.com\/tienda\/wp-content\/uploads\/2026\/04\/leica-d2-distanciometro-1.jpg\",\"width\":800,\"height\":930},{\"@type\":\"BreadcrumbList\",\"@id\":\"https:\/\/beiroperu.com\/tienda\/catalogo\/topografia\/distanciometros\/leica-d2\/#breadcrumb\",\"itemListElement\":[{\"@type\":\"ListItem\",\"position\":1,\"name\":\"Portada\",\"item\":\"https:\/\/beiroperu.com\/tienda\/\"},{\"@type\":\"ListItem\",\"position\":2,\"name\":\"Shop\",\"item\":\"https:\/\/beiroperu.com\/tienda\/shop\/\"},{\"@type\":\"ListItem\",\"position\":3,\"name\":\"LEICA D2\"}]},{\"@type\":\"WebSite\",\"@id\":\"https:\/\/beiroperu.com\/tienda\/#website\",\"url\":\"https:\/\/beiroperu.com\/tienda\/\",\"name\":\"Topograf\u00eda, Geolog\u00eda, Miner\u00eda y Equipamiento de Oficina\",\"description\":\"Beiro Per\u00fa\",\"publisher\":{\"@id\":\"https:\/\/beiroperu.com\/tienda\/#organization\"},\"alternateName\":\"Beiro Per\u00fa\",\"potentialAction\":[{\"@type\":\"SearchAction\",\"target\":{\"@type\":\"EntryPoint\",\"urlTemplate\":\"https:\/\/beiroperu.com\/tienda\/?s={search_term_string}\"},\"query-input\":{\"@type\":\"PropertyValueSpecification\",\"valueRequired\":true,\"valueName\":\"search_term_string\"}}],\"inLanguage\":\"es\"},{\"@type\":\"Organization\",\"@id\":\"https:\/\/beiroperu.com\/tienda\/#organization\",\"name\":\"Beiro\",\"alternateName\":\"Beiro Per\u00fa\",\"url\":\"https:\/\/beiroperu.com\/tienda\/\",\"logo\":{\"@type\":\"ImageObject\",\"inLanguage\":\"es\",\"@id\":\"https:\/\/beiroperu.com\/tienda\/#\/schema\/logo\/image\/\",\"url\":\"https:\/\/beiroperu.com\/tienda\/wp-content\/uploads\/2026\/03\/logo-beiro.jpeg\",\"contentUrl\":\"https:\/\/beiroperu.com\/tienda\/wp-content\/uploads\/2026\/03\/logo-beiro.jpeg\",\"width\":322,\"height\":123,\"caption\":\"Beiro\"},\"image\":{\"@id\":\"https:\/\/beiroperu.com\/tienda\/#\/schema\/logo\/image\/\"},\"sameAs\":[\"https:\/\/www.facebook.com\/profile.php?id=61574959587714\",\"https:\/\/www.instagram.com\/beiro_equipos_topograficos?igsh=cG11NHowcmp1dzFq\",\"https:\/\/www.threads.com\/@beiro_equipos_topograficos\"]}]}<\/script>\n<!-- \/ Yoast SEO plugin. -->","yoast_head_json":{"title":"LEICA D2 - Topograf\u00eda, Geolog\u00eda, Miner\u00eda y Equipamiento de Oficina","robots":{"index":"index","follow":"follow","max-snippet":"max-snippet:-1","max-image-preview":"max-image-preview:large","max-video-preview":"max-video-preview:-1"},"canonical":"https:\/\/beiroperu.com\/tienda\/catalogo\/topografia\/distanciometros\/leica-d2\/","og_locale":"es_ES","og_type":"article","og_title":"LEICA D2 - Topograf\u00eda, Geolog\u00eda, Miner\u00eda y Equipamiento de Oficina","og_description":"El m\u00e1s vendido de nuestra gran gama\u00a0\u00a0DISTO \u2122 D2\u00a0mide hasta 100 Metros, reci\u00e9n equipado con la \u00faltima tecnolog\u00eda de medici\u00f3n de Leica Geosystems y con un rango de 100 m. Gracias a la funci\u00f3n Bluetooth\u00ae Smart, las mediciones se pueden transferir f\u00e1cilmente a los tel\u00e9fonos inteligentes o tabletas y ser inmediatamente procesadas.","og_url":"https:\/\/beiroperu.com\/tienda\/catalogo\/topografia\/distanciometros\/leica-d2\/","og_site_name":"Topograf\u00eda, Geolog\u00eda, Miner\u00eda y Equipamiento de Oficina","article_publisher":"https:\/\/www.facebook.com\/profile.php?id=61574959587714","og_image":[{"width":800,"height":930,"url":"https:\/\/beiroperu.com\/tienda\/wp-content\/uploads\/2026\/04\/leica-d2-distanciometro-1.jpg","type":"image\/jpeg"}],"twitter_card":"summary_large_image","twitter_misc":{"Tiempo de lectura":"3 minutos"},"schema":{"@context":"https:\/\/schema.org","@graph":[{"@type":"WebPage","@id":"https:\/\/beiroperu.com\/tienda\/catalogo\/topografia\/distanciometros\/leica-d2\/","url":"https:\/\/beiroperu.com\/tienda\/catalogo\/topografia\/distanciometros\/leica-d2\/","name":"LEICA D2 - Topograf\u00eda, Geolog\u00eda, Miner\u00eda y Equipamiento de Oficina","isPartOf":{"@id":"https:\/\/beiroperu.com\/tienda\/#website"},"primaryImageOfPage":{"@id":"https:\/\/beiroperu.com\/tienda\/catalogo\/topografia\/distanciometros\/leica-d2\/#primaryimage"},"image":{"@id":"https:\/\/beiroperu.com\/tienda\/catalogo\/topografia\/distanciometros\/leica-d2\/#primaryimage"},"thumbnailUrl":"https:\/\/beiroperu.com\/tienda\/wp-content\/uploads\/2026\/04\/leica-d2-distanciometro-1.jpg","datePublished":"2026-04-02T19:15:09+00:00","breadcrumb":{"@id":"https:\/\/beiroperu.com\/tienda\/catalogo\/topografia\/distanciometros\/leica-d2\/#breadcrumb"},"inLanguage":"es","potentialAction":[{"@type":"ReadAction","target":["https:\/\/beiroperu.com\/tienda\/catalogo\/topografia\/distanciometros\/leica-d2\/"]}]},{"@type":"ImageObject","inLanguage":"es","@id":"https:\/\/beiroperu.com\/tienda\/catalogo\/topografia\/distanciometros\/leica-d2\/#primaryimage","url":"https:\/\/beiroperu.com\/tienda\/wp-content\/uploads\/2026\/04\/leica-d2-distanciometro-1.jpg","contentUrl":"https:\/\/beiroperu.com\/tienda\/wp-content\/uploads\/2026\/04\/leica-d2-distanciometro-1.jpg","width":800,"height":930},{"@type":"BreadcrumbList","@id":"https:\/\/beiroperu.com\/tienda\/catalogo\/topografia\/distanciometros\/leica-d2\/#breadcrumb","itemListElement":[{"@type":"ListItem","position":1,"name":"Portada","item":"https:\/\/beiroperu.com\/tienda\/"},{"@type":"ListItem","position":2,"name":"Shop","item":"https:\/\/beiroperu.com\/tienda\/shop\/"},{"@type":"ListItem","position":3,"name":"LEICA D2"}]},{"@type":"WebSite","@id":"https:\/\/beiroperu.com\/tienda\/#website","url":"https:\/\/beiroperu.com\/tienda\/","name":"Topograf\u00eda, Geolog\u00eda, Miner\u00eda y Equipamiento de Oficina","description":"Beiro Per\u00fa","publisher":{"@id":"https:\/\/beiroperu.com\/tienda\/#organization"},"alternateName":"Beiro Per\u00fa","potentialAction":[{"@type":"SearchAction","target":{"@type":"EntryPoint","urlTemplate":"https:\/\/beiroperu.com\/tienda\/?s={search_term_string}"},"query-input":{"@type":"PropertyValueSpecification","valueRequired":true,"valueName":"search_term_string"}}],"inLanguage":"es"},{"@type":"Organization","@id":"https:\/\/beiroperu.com\/tienda\/#organization","name":"Beiro","alternateName":"Beiro Per\u00fa","url":"https:\/\/beiroperu.com\/tienda\/","logo":{"@type":"ImageObject","inLanguage":"es","@id":"https:\/\/beiroperu.com\/tienda\/#\/schema\/logo\/image\/","url":"https:\/\/beiroperu.com\/tienda\/wp-content\/uploads\/2026\/03\/logo-beiro.jpeg","contentUrl":"https:\/\/beiroperu.com\/tienda\/wp-content\/uploads\/2026\/03\/logo-beiro.jpeg","width":322,"height":123,"caption":"Beiro"},"image":{"@id":"https:\/\/beiroperu.com\/tienda\/#\/schema\/logo\/image\/"},"sameAs":["https:\/\/www.facebook.com\/profile.php?id=61574959587714","https:\/\/www.instagram.com\/beiro_equipos_topograficos?igsh=cG11NHowcmp1dzFq","https:\/\/www.threads.com\/@beiro_equipos_topograficos"]}]}},"_links":{"self":[{"href":"https:\/\/beiroperu.com\/tienda\/wp-json\/wp\/v2\/product\/37389","targetHints":{"allow":["GET"]}}],"collection":[{"href":"https:\/\/beiroperu.com\/tienda\/wp-json\/wp\/v2\/product"}],"about":[{"href":"https:\/\/beiroperu.com\/tienda\/wp-json\/wp\/v2\/types\/product"}],"replies":[{"embeddable":true,"href":"https:\/\/beiroperu.com\/tienda\/wp-json\/wp\/v2\/comments?post=37389"}],"wp:featuredmedia":[{"embeddable":true,"href":"https:\/\/beiroperu.com\/tienda\/wp-json\/wp\/v2\/media\/37390"}],"wp:attachment":[{"href":"https:\/\/beiroperu.com\/tienda\/wp-json\/wp\/v2\/media?parent=37389"}],"wp:term":[{"taxonomy":"product_brand","embeddable":true,"href":"https:\/\/beiroperu.com\/tienda\/wp-json\/wp\/v2\/product_brand?post=37389"},{"taxonomy":"product_cat","embeddable":true,"href":"https:\/\/beiroperu.com\/tienda\/wp-json\/wp\/v2\/product_cat?post=37389"},{"taxonomy":"product_tag","embeddable":true,"href":"https:\/\/beiroperu.com\/tienda\/wp-json\/wp\/v2\/product_tag?post=37389"}],"curies":[{"name":"wp","href":"https:\/\/api.w.org\/{rel}","templated":true}]}}