{"id":37391,"date":"2026-04-02T14:18:37","date_gmt":"2026-04-02T19:18:37","guid":{"rendered":"https:\/\/beiroperu.com\/tienda\/?post_type=product&#038;p=37391"},"modified":"2026-04-02T14:18:37","modified_gmt":"2026-04-02T19:18:37","slug":"leica-x3","status":"publish","type":"product","link":"https:\/\/beiroperu.com\/tienda\/catalogo\/topografia\/distanciometros\/leica-x3\/","title":{"rendered":"LEICA X3"},"content":{"rendered":"<p><strong>DISTO\u2122 X3<\/strong>\u00a0Dise\u00f1o resistente para condiciones dif\u00edciles perfecto para condiciones de construcci\u00f3n dif\u00edciles.<\/p>\n<p>La pantalla gira autom\u00e1ticamente en l\u00ednea con la direcci\u00f3n de medici\u00f3n.<\/p>\n<p>Se somete a pruebas de ca\u00edda de hasta 2 m de altura, chorro de agua y polvo,\u00a0 protegido seg\u00fan los est\u00e1ndares IP 65.<strong>\u00a0<\/strong><\/p>\n<p><strong>ESPECIFICACIONES:<\/strong><\/p>\n<table>\n<tbody>\n<tr>\n<td>\u00a0T\u00edpico\u00a0precisi\u00f3n de medici\u00f3n de distancia (certificaci\u00f3n ISO 16331-1)<\/td>\n<td>\u00b1 1.0 mm<\/td>\n<\/tr>\n<tr>\n<td>\u00a0Alcance (certificado ISO 16331-1)<\/td>\n<td>\u00a00.05 hasta 150 m<\/td>\n<\/tr>\n<tr>\n<td>\u00a0Unidades de medida<\/td>\n<td>\u00a0m, ft, en<\/td>\n<\/tr>\n<tr>\n<td>\u00a0Tecnolog\u00eda X-Range Power<\/td>\n<td>\u00a0S\u00ed<\/td>\n<\/tr>\n<tr>\n<td>\u00a0Sensor de inclinaci\u00f3n<\/td>\n<td>\u00a0S\u00ed<\/td>\n<\/tr>\n<tr>\n<td>\u00a0Inclinaci\u00f3n de la precisi\u00f3n del sensor a la carcasa<\/td>\n<td>\u00a0\u00b1 0.2 \u00b0<\/td>\n<\/tr>\n<tr>\n<td>Rango de medici\u00f3n de la base inteligente<\/td>\n<td><\/td>\n<\/tr>\n<tr>\n<td>Horizontal<\/td>\n<td>360 \u00b0 para usar con Leica DST 360<\/td>\n<\/tr>\n<tr>\n<td>Horizontal<\/td>\n<td>-64 \u00b0 a&gt; 90 \u00b0 para usar con Leica DST 360<\/td>\n<\/tr>\n<tr>\n<td>T\u00edpico\u00a0tolerancia de la funci\u00f3n P2P para su uso con Leica DST 360<\/td>\n<td>\u00b1 2 mm a 2 m, 5 mm a 5 m, 10 mm a 10 m<\/td>\n<\/tr>\n<tr>\n<td>Rango de nivelaci\u00f3n<\/td>\n<td>5 \u00b0 para usar con Leica DST 360<\/td>\n<\/tr>\n<tr>\n<td>Memoria de la \u00faltima medici\u00f3n<\/td>\n<td>20<\/td>\n<\/tr>\n<tr>\n<td>Transferencia DISTO \u2122 para Windows<\/td>\n<td>S\u00ed<\/td>\n<\/tr>\n<tr>\n<td>Aplicaci\u00f3n DISTO \u2122 Plan para iOS y Android<\/td>\n<td>S\u00ed, incluye compras en la aplicaci\u00f3n<\/td>\n<\/tr>\n<tr>\n<td>Soporte de la funci\u00f3n Smart Room<\/td>\n<td>S\u00ed<\/td>\n<\/tr>\n<tr>\n<td>Interfaz de datos general<\/td>\n<td>Bluetooth\u00ae Smart<\/td>\n<\/tr>\n<tr>\n<td>Interfaz de datos para datos de puntos 3D<\/td>\n<td>Bluetooth\u00ae Smart<\/td>\n<\/tr>\n<tr>\n<td>Mediciones por juego de bater\u00edas<\/td>\n<td>Hasta 4&#8217;000<br \/>\n(reducido cuando se usa con Bluetooth\u00ae)<\/td>\n<\/tr>\n<tr>\n<td>Vida \u00fatil de las bater\u00edas<\/td>\n<td>hasta 8h\u00a0\u00a0(reducido cuando se usa con Bluetooth\u00ae)<\/td>\n<\/tr>\n<tr>\n<td>Pieza multifuncional con detecci\u00f3n autom\u00e1tica de referencia<\/td>\n<td>S\u00ed<\/td>\n<\/tr>\n<tr>\n<td>Bater\u00edas<\/td>\n<td>2x AA Alkaline<\/td>\n<\/tr>\n<tr>\n<td>clase de protecci\u00f3n<\/td>\n<td>IP 65<\/td>\n<\/tr>\n<tr>\n<td>2 m de ca\u00edda probada<\/td>\n<td>S\u00ed<\/td>\n<\/tr>\n<tr>\n<td>Dimensiones<\/td>\n<td>132 x 56 x 29 mm<\/td>\n<\/tr>\n<tr>\n<td>Peso con pilas<\/td>\n<td>184g<\/td>\n<\/tr>\n<\/tbody>\n<\/table>\n<p><strong>\u00a0<\/strong><strong>Incluye:\u00a0<\/strong>Incluye funda, asa y pilas.<\/p>\n","protected":false},"excerpt":{"rendered":"<p><strong>DISTO\u2122 X3<\/strong>\u00a0Dise\u00f1o resistente para condiciones dif\u00edciles perfecto para condiciones de construcci\u00f3n dif\u00edciles.<\/p>\n<p>La pantalla gira autom\u00e1ticamente en l\u00ednea con la direcci\u00f3n de medici\u00f3n.<\/p>\n<p>Se somete a pruebas de ca\u00edda de hasta 2 m de altura, chorro de agua y polvo,\u00a0 protegido seg\u00fan los est\u00e1ndares IP 65.<strong>\u00a0<\/strong><\/p>\n","protected":false},"featured_media":37392,"comment_status":"closed","ping_status":"closed","template":"","meta":[],"product_brand":[97],"product_cat":[83],"product_tag":[183,146],"class_list":{"0":"post-37391","1":"product","2":"type-product","3":"status-publish","4":"has-post-thumbnail","6":"product_brand-leica","7":"product_cat-distanciometros","8":"product_tag-distanciometro","9":"product_tag-topografia","11":"first","12":"instock","13":"shipping-taxable","14":"product-type-simple"},"yoast_head":"<!-- This site is optimized with the Yoast SEO plugin v27.2 - https:\/\/yoast.com\/product\/yoast-seo-wordpress\/ -->\n<title>LEICA X3 - Topograf\u00eda, Geolog\u00eda, Miner\u00eda y Equipamiento de Oficina<\/title>\n<meta name=\"robots\" content=\"index, follow, max-snippet:-1, max-image-preview:large, max-video-preview:-1\" \/>\n<link rel=\"canonical\" href=\"https:\/\/beiroperu.com\/tienda\/catalogo\/topografia\/distanciometros\/leica-x3\/\" \/>\n<meta property=\"og:locale\" content=\"es_ES\" \/>\n<meta property=\"og:type\" content=\"article\" \/>\n<meta property=\"og:title\" content=\"LEICA X3 - Topograf\u00eda, Geolog\u00eda, Miner\u00eda y Equipamiento de Oficina\" \/>\n<meta property=\"og:description\" content=\"DISTO\u2122 X3\u00a0Dise\u00f1o resistente para condiciones dif\u00edciles perfecto para condiciones de construcci\u00f3n dif\u00edciles.  La pantalla gira autom\u00e1ticamente en l\u00ednea con la direcci\u00f3n de medici\u00f3n.  Se somete a pruebas de ca\u00edda de hasta 2 m de altura, chorro de agua y polvo,\u00a0 protegido seg\u00fan los est\u00e1ndares IP 65.\u00a0\" \/>\n<meta property=\"og:url\" content=\"https:\/\/beiroperu.com\/tienda\/catalogo\/topografia\/distanciometros\/leica-x3\/\" \/>\n<meta property=\"og:site_name\" content=\"Topograf\u00eda, Geolog\u00eda, Miner\u00eda y Equipamiento de Oficina\" \/>\n<meta property=\"article:publisher\" content=\"https:\/\/www.facebook.com\/profile.php?id=61574959587714\" \/>\n<meta property=\"og:image\" content=\"https:\/\/beiroperu.com\/tienda\/wp-content\/uploads\/2026\/04\/leica-x3-distanciometro-1.jpg\" \/>\n\t<meta property=\"og:image:width\" content=\"800\" \/>\n\t<meta property=\"og:image:height\" content=\"930\" \/>\n\t<meta property=\"og:image:type\" content=\"image\/jpeg\" \/>\n<meta name=\"twitter:card\" content=\"summary_large_image\" \/>\n<meta name=\"twitter:label1\" content=\"Tiempo de lectura\" \/>\n\t<meta name=\"twitter:data1\" content=\"2 minutos\" \/>\n<script type=\"application\/ld+json\" class=\"yoast-schema-graph\">{\"@context\":\"https:\/\/schema.org\",\"@graph\":[{\"@type\":\"WebPage\",\"@id\":\"https:\/\/beiroperu.com\/tienda\/catalogo\/topografia\/distanciometros\/leica-x3\/\",\"url\":\"https:\/\/beiroperu.com\/tienda\/catalogo\/topografia\/distanciometros\/leica-x3\/\",\"name\":\"LEICA X3 - Topograf\u00eda, Geolog\u00eda, Miner\u00eda y Equipamiento de Oficina\",\"isPartOf\":{\"@id\":\"https:\/\/beiroperu.com\/tienda\/#website\"},\"primaryImageOfPage\":{\"@id\":\"https:\/\/beiroperu.com\/tienda\/catalogo\/topografia\/distanciometros\/leica-x3\/#primaryimage\"},\"image\":{\"@id\":\"https:\/\/beiroperu.com\/tienda\/catalogo\/topografia\/distanciometros\/leica-x3\/#primaryimage\"},\"thumbnailUrl\":\"https:\/\/beiroperu.com\/tienda\/wp-content\/uploads\/2026\/04\/leica-x3-distanciometro-1.jpg\",\"datePublished\":\"2026-04-02T19:18:37+00:00\",\"breadcrumb\":{\"@id\":\"https:\/\/beiroperu.com\/tienda\/catalogo\/topografia\/distanciometros\/leica-x3\/#breadcrumb\"},\"inLanguage\":\"es\",\"potentialAction\":[{\"@type\":\"ReadAction\",\"target\":[\"https:\/\/beiroperu.com\/tienda\/catalogo\/topografia\/distanciometros\/leica-x3\/\"]}]},{\"@type\":\"ImageObject\",\"inLanguage\":\"es\",\"@id\":\"https:\/\/beiroperu.com\/tienda\/catalogo\/topografia\/distanciometros\/leica-x3\/#primaryimage\",\"url\":\"https:\/\/beiroperu.com\/tienda\/wp-content\/uploads\/2026\/04\/leica-x3-distanciometro-1.jpg\",\"contentUrl\":\"https:\/\/beiroperu.com\/tienda\/wp-content\/uploads\/2026\/04\/leica-x3-distanciometro-1.jpg\",\"width\":800,\"height\":930},{\"@type\":\"BreadcrumbList\",\"@id\":\"https:\/\/beiroperu.com\/tienda\/catalogo\/topografia\/distanciometros\/leica-x3\/#breadcrumb\",\"itemListElement\":[{\"@type\":\"ListItem\",\"position\":1,\"name\":\"Portada\",\"item\":\"https:\/\/beiroperu.com\/tienda\/\"},{\"@type\":\"ListItem\",\"position\":2,\"name\":\"Shop\",\"item\":\"https:\/\/beiroperu.com\/tienda\/shop\/\"},{\"@type\":\"ListItem\",\"position\":3,\"name\":\"LEICA X3\"}]},{\"@type\":\"WebSite\",\"@id\":\"https:\/\/beiroperu.com\/tienda\/#website\",\"url\":\"https:\/\/beiroperu.com\/tienda\/\",\"name\":\"Topograf\u00eda, Geolog\u00eda, Miner\u00eda y Equipamiento de Oficina\",\"description\":\"Beiro Per\u00fa\",\"publisher\":{\"@id\":\"https:\/\/beiroperu.com\/tienda\/#organization\"},\"alternateName\":\"Beiro Per\u00fa\",\"potentialAction\":[{\"@type\":\"SearchAction\",\"target\":{\"@type\":\"EntryPoint\",\"urlTemplate\":\"https:\/\/beiroperu.com\/tienda\/?s={search_term_string}\"},\"query-input\":{\"@type\":\"PropertyValueSpecification\",\"valueRequired\":true,\"valueName\":\"search_term_string\"}}],\"inLanguage\":\"es\"},{\"@type\":\"Organization\",\"@id\":\"https:\/\/beiroperu.com\/tienda\/#organization\",\"name\":\"Beiro\",\"alternateName\":\"Beiro Per\u00fa\",\"url\":\"https:\/\/beiroperu.com\/tienda\/\",\"logo\":{\"@type\":\"ImageObject\",\"inLanguage\":\"es\",\"@id\":\"https:\/\/beiroperu.com\/tienda\/#\/schema\/logo\/image\/\",\"url\":\"https:\/\/beiroperu.com\/tienda\/wp-content\/uploads\/2026\/03\/logo-beiro.jpeg\",\"contentUrl\":\"https:\/\/beiroperu.com\/tienda\/wp-content\/uploads\/2026\/03\/logo-beiro.jpeg\",\"width\":322,\"height\":123,\"caption\":\"Beiro\"},\"image\":{\"@id\":\"https:\/\/beiroperu.com\/tienda\/#\/schema\/logo\/image\/\"},\"sameAs\":[\"https:\/\/www.facebook.com\/profile.php?id=61574959587714\",\"https:\/\/www.instagram.com\/beiro_equipos_topograficos?igsh=cG11NHowcmp1dzFq\",\"https:\/\/www.threads.com\/@beiro_equipos_topograficos\"]}]}<\/script>\n<!-- \/ Yoast SEO plugin. -->","yoast_head_json":{"title":"LEICA X3 - Topograf\u00eda, Geolog\u00eda, Miner\u00eda y Equipamiento de Oficina","robots":{"index":"index","follow":"follow","max-snippet":"max-snippet:-1","max-image-preview":"max-image-preview:large","max-video-preview":"max-video-preview:-1"},"canonical":"https:\/\/beiroperu.com\/tienda\/catalogo\/topografia\/distanciometros\/leica-x3\/","og_locale":"es_ES","og_type":"article","og_title":"LEICA X3 - Topograf\u00eda, Geolog\u00eda, Miner\u00eda y Equipamiento de Oficina","og_description":"DISTO\u2122 X3\u00a0Dise\u00f1o resistente para condiciones dif\u00edciles perfecto para condiciones de construcci\u00f3n dif\u00edciles.  La pantalla gira autom\u00e1ticamente en l\u00ednea con la direcci\u00f3n de medici\u00f3n.  Se somete a pruebas de ca\u00edda de hasta 2 m de altura, chorro de agua y polvo,\u00a0 protegido seg\u00fan los est\u00e1ndares IP 65.\u00a0","og_url":"https:\/\/beiroperu.com\/tienda\/catalogo\/topografia\/distanciometros\/leica-x3\/","og_site_name":"Topograf\u00eda, Geolog\u00eda, Miner\u00eda y Equipamiento de Oficina","article_publisher":"https:\/\/www.facebook.com\/profile.php?id=61574959587714","og_image":[{"width":800,"height":930,"url":"https:\/\/beiroperu.com\/tienda\/wp-content\/uploads\/2026\/04\/leica-x3-distanciometro-1.jpg","type":"image\/jpeg"}],"twitter_card":"summary_large_image","twitter_misc":{"Tiempo de lectura":"2 minutos"},"schema":{"@context":"https:\/\/schema.org","@graph":[{"@type":"WebPage","@id":"https:\/\/beiroperu.com\/tienda\/catalogo\/topografia\/distanciometros\/leica-x3\/","url":"https:\/\/beiroperu.com\/tienda\/catalogo\/topografia\/distanciometros\/leica-x3\/","name":"LEICA X3 - Topograf\u00eda, Geolog\u00eda, Miner\u00eda y Equipamiento de Oficina","isPartOf":{"@id":"https:\/\/beiroperu.com\/tienda\/#website"},"primaryImageOfPage":{"@id":"https:\/\/beiroperu.com\/tienda\/catalogo\/topografia\/distanciometros\/leica-x3\/#primaryimage"},"image":{"@id":"https:\/\/beiroperu.com\/tienda\/catalogo\/topografia\/distanciometros\/leica-x3\/#primaryimage"},"thumbnailUrl":"https:\/\/beiroperu.com\/tienda\/wp-content\/uploads\/2026\/04\/leica-x3-distanciometro-1.jpg","datePublished":"2026-04-02T19:18:37+00:00","breadcrumb":{"@id":"https:\/\/beiroperu.com\/tienda\/catalogo\/topografia\/distanciometros\/leica-x3\/#breadcrumb"},"inLanguage":"es","potentialAction":[{"@type":"ReadAction","target":["https:\/\/beiroperu.com\/tienda\/catalogo\/topografia\/distanciometros\/leica-x3\/"]}]},{"@type":"ImageObject","inLanguage":"es","@id":"https:\/\/beiroperu.com\/tienda\/catalogo\/topografia\/distanciometros\/leica-x3\/#primaryimage","url":"https:\/\/beiroperu.com\/tienda\/wp-content\/uploads\/2026\/04\/leica-x3-distanciometro-1.jpg","contentUrl":"https:\/\/beiroperu.com\/tienda\/wp-content\/uploads\/2026\/04\/leica-x3-distanciometro-1.jpg","width":800,"height":930},{"@type":"BreadcrumbList","@id":"https:\/\/beiroperu.com\/tienda\/catalogo\/topografia\/distanciometros\/leica-x3\/#breadcrumb","itemListElement":[{"@type":"ListItem","position":1,"name":"Portada","item":"https:\/\/beiroperu.com\/tienda\/"},{"@type":"ListItem","position":2,"name":"Shop","item":"https:\/\/beiroperu.com\/tienda\/shop\/"},{"@type":"ListItem","position":3,"name":"LEICA X3"}]},{"@type":"WebSite","@id":"https:\/\/beiroperu.com\/tienda\/#website","url":"https:\/\/beiroperu.com\/tienda\/","name":"Topograf\u00eda, Geolog\u00eda, Miner\u00eda y Equipamiento de Oficina","description":"Beiro Per\u00fa","publisher":{"@id":"https:\/\/beiroperu.com\/tienda\/#organization"},"alternateName":"Beiro Per\u00fa","potentialAction":[{"@type":"SearchAction","target":{"@type":"EntryPoint","urlTemplate":"https:\/\/beiroperu.com\/tienda\/?s={search_term_string}"},"query-input":{"@type":"PropertyValueSpecification","valueRequired":true,"valueName":"search_term_string"}}],"inLanguage":"es"},{"@type":"Organization","@id":"https:\/\/beiroperu.com\/tienda\/#organization","name":"Beiro","alternateName":"Beiro Per\u00fa","url":"https:\/\/beiroperu.com\/tienda\/","logo":{"@type":"ImageObject","inLanguage":"es","@id":"https:\/\/beiroperu.com\/tienda\/#\/schema\/logo\/image\/","url":"https:\/\/beiroperu.com\/tienda\/wp-content\/uploads\/2026\/03\/logo-beiro.jpeg","contentUrl":"https:\/\/beiroperu.com\/tienda\/wp-content\/uploads\/2026\/03\/logo-beiro.jpeg","width":322,"height":123,"caption":"Beiro"},"image":{"@id":"https:\/\/beiroperu.com\/tienda\/#\/schema\/logo\/image\/"},"sameAs":["https:\/\/www.facebook.com\/profile.php?id=61574959587714","https:\/\/www.instagram.com\/beiro_equipos_topograficos?igsh=cG11NHowcmp1dzFq","https:\/\/www.threads.com\/@beiro_equipos_topograficos"]}]}},"_links":{"self":[{"href":"https:\/\/beiroperu.com\/tienda\/wp-json\/wp\/v2\/product\/37391","targetHints":{"allow":["GET"]}}],"collection":[{"href":"https:\/\/beiroperu.com\/tienda\/wp-json\/wp\/v2\/product"}],"about":[{"href":"https:\/\/beiroperu.com\/tienda\/wp-json\/wp\/v2\/types\/product"}],"replies":[{"embeddable":true,"href":"https:\/\/beiroperu.com\/tienda\/wp-json\/wp\/v2\/comments?post=37391"}],"wp:featuredmedia":[{"embeddable":true,"href":"https:\/\/beiroperu.com\/tienda\/wp-json\/wp\/v2\/media\/37392"}],"wp:attachment":[{"href":"https:\/\/beiroperu.com\/tienda\/wp-json\/wp\/v2\/media?parent=37391"}],"wp:term":[{"taxonomy":"product_brand","embeddable":true,"href":"https:\/\/beiroperu.com\/tienda\/wp-json\/wp\/v2\/product_brand?post=37391"},{"taxonomy":"product_cat","embeddable":true,"href":"https:\/\/beiroperu.com\/tienda\/wp-json\/wp\/v2\/product_cat?post=37391"},{"taxonomy":"product_tag","embeddable":true,"href":"https:\/\/beiroperu.com\/tienda\/wp-json\/wp\/v2\/product_tag?post=37391"}],"curies":[{"name":"wp","href":"https:\/\/api.w.org\/{rel}","templated":true}]}}