{"id":37395,"date":"2026-04-02T14:32:14","date_gmt":"2026-04-02T19:32:14","guid":{"rendered":"https:\/\/beiroperu.com\/tienda\/?post_type=product&#038;p=37395"},"modified":"2026-04-02T14:32:15","modified_gmt":"2026-04-02T19:32:15","slug":"leica-d110","status":"publish","type":"product","link":"https:\/\/beiroperu.com\/tienda\/catalogo\/topografia\/distanciometros\/leica-d110\/","title":{"rendered":"LEICA D110"},"content":{"rendered":"<p><img loading=\"lazy\" decoding=\"async\" src=\"https:\/\/cosola.com\/images\/logos\/leica-logo.png\" alt=\"leica-logo\" width=\"70\" height=\"38\" \/>\u00a0\u00a0<strong>DISTO \u2122 D110<\/strong>\u00a0mide hasta 60 Metros y es el distanci\u00f3metro L\u00e1ser m\u00e1s peque\u00f1o del mundo con la tecnolog\u00eda Bluetooth \u00ae integrada. Gracias a sus mediciones precisas, los usuarios pueden crear planos de planta e incluso realizar dibujos y bocetos con la aplicaci\u00f3n Leica DISTO \u2122 sketch en un smartphone o en una tableta.<\/p>\n<p>Ya sea un dise\u00f1ador de interiores, un pintor o un constructor, el D110 Leica DISTO \u2122 har\u00e1 que le sea mucho m\u00e1s f\u00e1cil conseguir hacer el trabajo bien hecho.<\/p>\n<ul>\n<li>Medici\u00f3n de distancias y de \u00e1reas<\/li>\n<li>Bluetooth\u00ae integrado<\/li>\n<li>Protecci\u00f3n IP 54 contra el polvo y las salpicaduras de agua<\/li>\n<li>Pinza de bolsillo extra\u00edble<\/li>\n<\/ul>\n<p><strong>Compacto y extremadamente intuitivo y f\u00e1cil de usar<\/strong><br \/>\nEl D110 Leica DISTO \u2122 es el medidor l\u00e1ser de distancia m\u00e1s peque\u00f1o y m\u00e1s ligero\u00a0de toda\u00a0la gama de productos DISTO \u2122. Su dise\u00f1o ergon\u00f3mico garantiza que el dispositivo se adapte perfectamente a la mano y sea c\u00f3modo de usar. Los botones descriptivos permiten un manejo m\u00e1s r\u00e1pido e intuitivo. \u00a1La medici\u00f3n nunca fue tan f\u00e1cil!<\/p>\n<p><strong>Bluetooth\u00ae integrado y la app Leica DISTO\u2122 sketch<\/strong><br \/>\nLa novedosa aplicaci\u00f3n Leica DISTO\u2122 sketch es el enlace perfecto entre el Leica DISTO\u2122 D110 y su smartphone o tableta. Una vez conectado a los dispositivos compatibles, los usuarios pueden iniciar de inmediato la creaci\u00f3n de planos, bocetos y documentaci\u00f3n fotogr\u00e1fica con mediciones precisas.<\/p>\n<p><strong>Mediciones r\u00e1pidas de distancias y \u00e1reas<\/strong><br \/>\nEl Leica DISTO\u2122 D110 es el dispositivo perfecto para obtener sin esfuerzos mediciones de distancias y de \u00e1reas. Ya sea usted un dise\u00f1ador de interiores, un pintor o un constructor, el Leica DISTO\u2122 D110 le ayudar\u00e1 a realizar m\u00e1s f\u00e1cilmente su trabajo.<\/p>\n<p><strong>Pinza de bolsillo extra\u00edble<\/strong><br \/>\nLa pinza de bolsillo extra\u00edble le garantiza una sujecci\u00f3n r\u00e1pida para llevar y usar el Leica DISTO\u2122 D110 con total comodidad.<\/p>\n<p>ISO Standard 16331-1 \u2013 El nuevo punto de referencia de la fiabilidad<br \/>\nCon la certificaci\u00f3n ISO se garantiza que el Leica DISTO\u2122 D110 cumple con la precisi\u00f3n y el alcance mencionado en la caja en los entornos reales de las obras, no solo en las condiciones particulares en los laboratorios.<\/p>\n<p><strong>\u00a0Ver Brochure:<\/strong>\u00a0<a href=\"https:\/\/cosola.com\/images\/archivos\/Disto-D110-D2.pdf\"><img loading=\"lazy\" decoding=\"async\" src=\"https:\/\/cosola.com\/images\/logos\/Logo-PDF.png\" alt=\"Logo-PDF\" width=\"70\" height=\"70\" \/><\/a><\/p>\n","protected":false},"excerpt":{"rendered":"<p><img loading=\"lazy\" decoding=\"async\" src=\"https:\/\/cosola.com\/images\/logos\/leica-logo.png\" alt=\"leica-logo\" width=\"70\" height=\"38\" \/>\u00a0\u00a0<strong>DISTO \u2122 D110<\/strong>\u00a0mide hasta 60 Metros y es el distanci\u00f3metro L\u00e1ser m\u00e1s peque\u00f1o del mundo con la tecnolog\u00eda Bluetooth \u00ae integrada. Gracias a sus mediciones precisas, los usuarios pueden crear planos de planta e incluso realizar dibujos y bocetos con la aplicaci\u00f3n Leica DISTO \u2122 sketch en un smartphone o en una tableta.<\/p>\n","protected":false},"featured_media":37397,"comment_status":"closed","ping_status":"closed","template":"","meta":[],"product_brand":[97],"product_cat":[83],"product_tag":[183,146],"class_list":{"0":"post-37395","1":"product","2":"type-product","3":"status-publish","4":"has-post-thumbnail","6":"product_brand-leica","7":"product_cat-distanciometros","8":"product_tag-distanciometro","9":"product_tag-topografia","11":"first","12":"instock","13":"shipping-taxable","14":"product-type-simple"},"yoast_head":"<!-- This site is optimized with the Yoast SEO plugin v27.2 - https:\/\/yoast.com\/product\/yoast-seo-wordpress\/ -->\n<title>LEICA D110 - Topograf\u00eda, Geolog\u00eda, Miner\u00eda y Equipamiento de Oficina<\/title>\n<meta name=\"robots\" content=\"index, follow, max-snippet:-1, max-image-preview:large, max-video-preview:-1\" \/>\n<link rel=\"canonical\" href=\"https:\/\/beiroperu.com\/tienda\/catalogo\/topografia\/distanciometros\/leica-d110\/\" \/>\n<meta property=\"og:locale\" content=\"es_ES\" \/>\n<meta property=\"og:type\" content=\"article\" \/>\n<meta property=\"og:title\" content=\"LEICA D110 - Topograf\u00eda, Geolog\u00eda, Miner\u00eda y Equipamiento de Oficina\" \/>\n<meta property=\"og:description\" content=\"\u00a0\u00a0DISTO \u2122 D110\u00a0mide hasta 60 Metros y es el distanci\u00f3metro L\u00e1ser m\u00e1s peque\u00f1o del mundo con la tecnolog\u00eda Bluetooth \u00ae integrada. Gracias a sus mediciones precisas, los usuarios pueden crear planos de planta e incluso realizar dibujos y bocetos con la aplicaci\u00f3n Leica DISTO \u2122 sketch en un smartphone o en una tableta.\" \/>\n<meta property=\"og:url\" content=\"https:\/\/beiroperu.com\/tienda\/catalogo\/topografia\/distanciometros\/leica-d110\/\" \/>\n<meta property=\"og:site_name\" content=\"Topograf\u00eda, Geolog\u00eda, Miner\u00eda y Equipamiento de Oficina\" \/>\n<meta property=\"article:publisher\" content=\"https:\/\/www.facebook.com\/profile.php?id=61574959587714\" \/>\n<meta property=\"article:modified_time\" content=\"2026-04-02T19:32:15+00:00\" \/>\n<meta property=\"og:image\" content=\"https:\/\/beiroperu.com\/tienda\/wp-content\/uploads\/2026\/04\/leica-d1-10-distanciometro-1.jpg\" \/>\n\t<meta property=\"og:image:width\" content=\"800\" \/>\n\t<meta property=\"og:image:height\" content=\"930\" \/>\n\t<meta property=\"og:image:type\" content=\"image\/jpeg\" \/>\n<meta name=\"twitter:card\" content=\"summary_large_image\" \/>\n<meta name=\"twitter:label1\" content=\"Tiempo de lectura\" \/>\n\t<meta name=\"twitter:data1\" content=\"3 minutos\" \/>\n<script type=\"application\/ld+json\" class=\"yoast-schema-graph\">{\"@context\":\"https:\/\/schema.org\",\"@graph\":[{\"@type\":\"WebPage\",\"@id\":\"https:\/\/beiroperu.com\/tienda\/catalogo\/topografia\/distanciometros\/leica-d110\/\",\"url\":\"https:\/\/beiroperu.com\/tienda\/catalogo\/topografia\/distanciometros\/leica-d110\/\",\"name\":\"LEICA D110 - Topograf\u00eda, Geolog\u00eda, Miner\u00eda y Equipamiento de Oficina\",\"isPartOf\":{\"@id\":\"https:\/\/beiroperu.com\/tienda\/#website\"},\"primaryImageOfPage\":{\"@id\":\"https:\/\/beiroperu.com\/tienda\/catalogo\/topografia\/distanciometros\/leica-d110\/#primaryimage\"},\"image\":{\"@id\":\"https:\/\/beiroperu.com\/tienda\/catalogo\/topografia\/distanciometros\/leica-d110\/#primaryimage\"},\"thumbnailUrl\":\"https:\/\/beiroperu.com\/tienda\/wp-content\/uploads\/2026\/04\/leica-d1-10-distanciometro-1.jpg\",\"datePublished\":\"2026-04-02T19:32:14+00:00\",\"dateModified\":\"2026-04-02T19:32:15+00:00\",\"breadcrumb\":{\"@id\":\"https:\/\/beiroperu.com\/tienda\/catalogo\/topografia\/distanciometros\/leica-d110\/#breadcrumb\"},\"inLanguage\":\"es\",\"potentialAction\":[{\"@type\":\"ReadAction\",\"target\":[\"https:\/\/beiroperu.com\/tienda\/catalogo\/topografia\/distanciometros\/leica-d110\/\"]}]},{\"@type\":\"ImageObject\",\"inLanguage\":\"es\",\"@id\":\"https:\/\/beiroperu.com\/tienda\/catalogo\/topografia\/distanciometros\/leica-d110\/#primaryimage\",\"url\":\"https:\/\/beiroperu.com\/tienda\/wp-content\/uploads\/2026\/04\/leica-d1-10-distanciometro-1.jpg\",\"contentUrl\":\"https:\/\/beiroperu.com\/tienda\/wp-content\/uploads\/2026\/04\/leica-d1-10-distanciometro-1.jpg\",\"width\":800,\"height\":930},{\"@type\":\"BreadcrumbList\",\"@id\":\"https:\/\/beiroperu.com\/tienda\/catalogo\/topografia\/distanciometros\/leica-d110\/#breadcrumb\",\"itemListElement\":[{\"@type\":\"ListItem\",\"position\":1,\"name\":\"Portada\",\"item\":\"https:\/\/beiroperu.com\/tienda\/\"},{\"@type\":\"ListItem\",\"position\":2,\"name\":\"Shop\",\"item\":\"https:\/\/beiroperu.com\/tienda\/shop\/\"},{\"@type\":\"ListItem\",\"position\":3,\"name\":\"LEICA D110\"}]},{\"@type\":\"WebSite\",\"@id\":\"https:\/\/beiroperu.com\/tienda\/#website\",\"url\":\"https:\/\/beiroperu.com\/tienda\/\",\"name\":\"Topograf\u00eda, Geolog\u00eda, Miner\u00eda y Equipamiento de Oficina\",\"description\":\"Beiro Per\u00fa\",\"publisher\":{\"@id\":\"https:\/\/beiroperu.com\/tienda\/#organization\"},\"alternateName\":\"Beiro Per\u00fa\",\"potentialAction\":[{\"@type\":\"SearchAction\",\"target\":{\"@type\":\"EntryPoint\",\"urlTemplate\":\"https:\/\/beiroperu.com\/tienda\/?s={search_term_string}\"},\"query-input\":{\"@type\":\"PropertyValueSpecification\",\"valueRequired\":true,\"valueName\":\"search_term_string\"}}],\"inLanguage\":\"es\"},{\"@type\":\"Organization\",\"@id\":\"https:\/\/beiroperu.com\/tienda\/#organization\",\"name\":\"Beiro\",\"alternateName\":\"Beiro Per\u00fa\",\"url\":\"https:\/\/beiroperu.com\/tienda\/\",\"logo\":{\"@type\":\"ImageObject\",\"inLanguage\":\"es\",\"@id\":\"https:\/\/beiroperu.com\/tienda\/#\/schema\/logo\/image\/\",\"url\":\"https:\/\/beiroperu.com\/tienda\/wp-content\/uploads\/2026\/03\/logo-beiro.jpeg\",\"contentUrl\":\"https:\/\/beiroperu.com\/tienda\/wp-content\/uploads\/2026\/03\/logo-beiro.jpeg\",\"width\":322,\"height\":123,\"caption\":\"Beiro\"},\"image\":{\"@id\":\"https:\/\/beiroperu.com\/tienda\/#\/schema\/logo\/image\/\"},\"sameAs\":[\"https:\/\/www.facebook.com\/profile.php?id=61574959587714\",\"https:\/\/www.instagram.com\/beiro_equipos_topograficos?igsh=cG11NHowcmp1dzFq\",\"https:\/\/www.threads.com\/@beiro_equipos_topograficos\"]}]}<\/script>\n<!-- \/ Yoast SEO plugin. -->","yoast_head_json":{"title":"LEICA D110 - Topograf\u00eda, Geolog\u00eda, Miner\u00eda y Equipamiento de Oficina","robots":{"index":"index","follow":"follow","max-snippet":"max-snippet:-1","max-image-preview":"max-image-preview:large","max-video-preview":"max-video-preview:-1"},"canonical":"https:\/\/beiroperu.com\/tienda\/catalogo\/topografia\/distanciometros\/leica-d110\/","og_locale":"es_ES","og_type":"article","og_title":"LEICA D110 - Topograf\u00eda, Geolog\u00eda, Miner\u00eda y Equipamiento de Oficina","og_description":"\u00a0\u00a0DISTO \u2122 D110\u00a0mide hasta 60 Metros y es el distanci\u00f3metro L\u00e1ser m\u00e1s peque\u00f1o del mundo con la tecnolog\u00eda Bluetooth \u00ae integrada. Gracias a sus mediciones precisas, los usuarios pueden crear planos de planta e incluso realizar dibujos y bocetos con la aplicaci\u00f3n Leica DISTO \u2122 sketch en un smartphone o en una tableta.","og_url":"https:\/\/beiroperu.com\/tienda\/catalogo\/topografia\/distanciometros\/leica-d110\/","og_site_name":"Topograf\u00eda, Geolog\u00eda, Miner\u00eda y Equipamiento de Oficina","article_publisher":"https:\/\/www.facebook.com\/profile.php?id=61574959587714","article_modified_time":"2026-04-02T19:32:15+00:00","og_image":[{"width":800,"height":930,"url":"https:\/\/beiroperu.com\/tienda\/wp-content\/uploads\/2026\/04\/leica-d1-10-distanciometro-1.jpg","type":"image\/jpeg"}],"twitter_card":"summary_large_image","twitter_misc":{"Tiempo de lectura":"3 minutos"},"schema":{"@context":"https:\/\/schema.org","@graph":[{"@type":"WebPage","@id":"https:\/\/beiroperu.com\/tienda\/catalogo\/topografia\/distanciometros\/leica-d110\/","url":"https:\/\/beiroperu.com\/tienda\/catalogo\/topografia\/distanciometros\/leica-d110\/","name":"LEICA D110 - Topograf\u00eda, Geolog\u00eda, Miner\u00eda y Equipamiento de Oficina","isPartOf":{"@id":"https:\/\/beiroperu.com\/tienda\/#website"},"primaryImageOfPage":{"@id":"https:\/\/beiroperu.com\/tienda\/catalogo\/topografia\/distanciometros\/leica-d110\/#primaryimage"},"image":{"@id":"https:\/\/beiroperu.com\/tienda\/catalogo\/topografia\/distanciometros\/leica-d110\/#primaryimage"},"thumbnailUrl":"https:\/\/beiroperu.com\/tienda\/wp-content\/uploads\/2026\/04\/leica-d1-10-distanciometro-1.jpg","datePublished":"2026-04-02T19:32:14+00:00","dateModified":"2026-04-02T19:32:15+00:00","breadcrumb":{"@id":"https:\/\/beiroperu.com\/tienda\/catalogo\/topografia\/distanciometros\/leica-d110\/#breadcrumb"},"inLanguage":"es","potentialAction":[{"@type":"ReadAction","target":["https:\/\/beiroperu.com\/tienda\/catalogo\/topografia\/distanciometros\/leica-d110\/"]}]},{"@type":"ImageObject","inLanguage":"es","@id":"https:\/\/beiroperu.com\/tienda\/catalogo\/topografia\/distanciometros\/leica-d110\/#primaryimage","url":"https:\/\/beiroperu.com\/tienda\/wp-content\/uploads\/2026\/04\/leica-d1-10-distanciometro-1.jpg","contentUrl":"https:\/\/beiroperu.com\/tienda\/wp-content\/uploads\/2026\/04\/leica-d1-10-distanciometro-1.jpg","width":800,"height":930},{"@type":"BreadcrumbList","@id":"https:\/\/beiroperu.com\/tienda\/catalogo\/topografia\/distanciometros\/leica-d110\/#breadcrumb","itemListElement":[{"@type":"ListItem","position":1,"name":"Portada","item":"https:\/\/beiroperu.com\/tienda\/"},{"@type":"ListItem","position":2,"name":"Shop","item":"https:\/\/beiroperu.com\/tienda\/shop\/"},{"@type":"ListItem","position":3,"name":"LEICA D110"}]},{"@type":"WebSite","@id":"https:\/\/beiroperu.com\/tienda\/#website","url":"https:\/\/beiroperu.com\/tienda\/","name":"Topograf\u00eda, Geolog\u00eda, Miner\u00eda y Equipamiento de Oficina","description":"Beiro Per\u00fa","publisher":{"@id":"https:\/\/beiroperu.com\/tienda\/#organization"},"alternateName":"Beiro Per\u00fa","potentialAction":[{"@type":"SearchAction","target":{"@type":"EntryPoint","urlTemplate":"https:\/\/beiroperu.com\/tienda\/?s={search_term_string}"},"query-input":{"@type":"PropertyValueSpecification","valueRequired":true,"valueName":"search_term_string"}}],"inLanguage":"es"},{"@type":"Organization","@id":"https:\/\/beiroperu.com\/tienda\/#organization","name":"Beiro","alternateName":"Beiro Per\u00fa","url":"https:\/\/beiroperu.com\/tienda\/","logo":{"@type":"ImageObject","inLanguage":"es","@id":"https:\/\/beiroperu.com\/tienda\/#\/schema\/logo\/image\/","url":"https:\/\/beiroperu.com\/tienda\/wp-content\/uploads\/2026\/03\/logo-beiro.jpeg","contentUrl":"https:\/\/beiroperu.com\/tienda\/wp-content\/uploads\/2026\/03\/logo-beiro.jpeg","width":322,"height":123,"caption":"Beiro"},"image":{"@id":"https:\/\/beiroperu.com\/tienda\/#\/schema\/logo\/image\/"},"sameAs":["https:\/\/www.facebook.com\/profile.php?id=61574959587714","https:\/\/www.instagram.com\/beiro_equipos_topograficos?igsh=cG11NHowcmp1dzFq","https:\/\/www.threads.com\/@beiro_equipos_topograficos"]}]}},"_links":{"self":[{"href":"https:\/\/beiroperu.com\/tienda\/wp-json\/wp\/v2\/product\/37395","targetHints":{"allow":["GET"]}}],"collection":[{"href":"https:\/\/beiroperu.com\/tienda\/wp-json\/wp\/v2\/product"}],"about":[{"href":"https:\/\/beiroperu.com\/tienda\/wp-json\/wp\/v2\/types\/product"}],"replies":[{"embeddable":true,"href":"https:\/\/beiroperu.com\/tienda\/wp-json\/wp\/v2\/comments?post=37395"}],"wp:featuredmedia":[{"embeddable":true,"href":"https:\/\/beiroperu.com\/tienda\/wp-json\/wp\/v2\/media\/37397"}],"wp:attachment":[{"href":"https:\/\/beiroperu.com\/tienda\/wp-json\/wp\/v2\/media?parent=37395"}],"wp:term":[{"taxonomy":"product_brand","embeddable":true,"href":"https:\/\/beiroperu.com\/tienda\/wp-json\/wp\/v2\/product_brand?post=37395"},{"taxonomy":"product_cat","embeddable":true,"href":"https:\/\/beiroperu.com\/tienda\/wp-json\/wp\/v2\/product_cat?post=37395"},{"taxonomy":"product_tag","embeddable":true,"href":"https:\/\/beiroperu.com\/tienda\/wp-json\/wp\/v2\/product_tag?post=37395"}],"curies":[{"name":"wp","href":"https:\/\/api.w.org\/{rel}","templated":true}]}}