{"id":37399,"date":"2026-04-03T07:12:09","date_gmt":"2026-04-03T12:12:09","guid":{"rendered":"https:\/\/beiroperu.com\/tienda\/?post_type=product&#038;p=37399"},"modified":"2026-04-03T07:12:09","modified_gmt":"2026-04-03T12:12:09","slug":"leica-d1","status":"publish","type":"product","link":"https:\/\/beiroperu.com\/tienda\/catalogo\/topografia\/distanciometros\/leica-d1\/","title":{"rendered":"LEICA D1"},"content":{"rendered":"<p>El Leica\u00a0<strong>DISTO\u2122 D1<\/strong>\u00a0ofrece a los usuarios profesionales y de bricolaje un dispositivo de medici\u00f3n l\u00e1ser f\u00e1cil de usar. Encienda el DISTO, presione el bot\u00f3n ON \/ DIST y obtendr\u00e1 una medici\u00f3n. Es f\u00e1cil como eso.<\/p>\n<p><strong>Precisi\u00f3n y confiabilidad de Leica DISTO \u2122<\/strong><br \/>\nPuede ser peque\u00f1o y simple de usar, pero eso no significa que sacrifiquemos la precisi\u00f3n. El D1 tiene exactamente lo que esperar\u00edas de un Leica DISTO \u2122, una precisi\u00f3n inquebrantable de 2 mm.<\/p>\n<p><strong>Dos modos de medici\u00f3n l\u00e1ser<\/strong><br \/>\nDistancia lineal y medici\u00f3n contin\u00faa. Ambos tienen un alcance de hasta 40 metros. No m\u00e1s cinta m\u00e9trica, trabajando alrededor de los muebles o llevando una escalera solo para obtener medidas b\u00e1sicas.<\/p>\n<p>Funcionalidad extendida y documentaci\u00f3n de medici\u00f3n sin errores<br \/>\nEmpareje la D1 con cualquier tel\u00e9fono inteligente o tableta para crear planos de planta digitales sobre la marcha con la aplicaci\u00f3n DISTO Sketch.<\/p>\n<p><strong>DISTO \u2122 Sketch<\/strong><br \/>\nDISTO \u2122 Sketch integra medidas en im\u00e1genes de proyectos o bocetos del sitio de trabajo para acelerar los flujos de trabajo. Documentaci\u00f3n sin errores de los proyectos enviados instant\u00e1neamente a la oficina o al sitio.<\/p>\n<table>\n<tbody>\n<tr>\n<td><strong>Especificaciones:\u00a0<\/strong><\/td>\n<td><\/td>\n<\/tr>\n<tr>\n<td>\u00a0Precisi\u00f3n con condiciones favorables<\/td>\n<td>\u00a02 mm<\/td>\n<\/tr>\n<tr>\n<td>\u00a0Precisi\u00f3n con condiciones desfavorables<\/td>\n<td>\u00a03 mm<\/td>\n<\/tr>\n<tr>\n<td>\u00a0Rango con condiciones favorables<\/td>\n<td>\u00a00.2 &#8211; 40 m<\/td>\n<\/tr>\n<tr>\n<td>\u00a0Rango con condiciones desfavorables<\/td>\n<td>\u00a00.2 &#8211; 30 m<\/td>\n<\/tr>\n<tr>\n<td>\u00a0Unidad m\u00e1s peque\u00f1a que se muestra<\/td>\n<td>\u00a01 mm<\/td>\n<\/tr>\n<tr>\n<td>\u00a0Clase de l\u00e1ser<\/td>\n<td>\u00a01 mm<\/td>\n<\/tr>\n<tr>\n<td>\u00a0Tipo de l\u00e1ser<\/td>\n<td>\u00a0635 nm, &lt;1 mW<\/td>\n<\/tr>\n<tr>\n<td>\u00f8 punto l\u00e1ser | a distancias<\/td>\n<td>\u00a06\/30\/60 mm | 10\/50\/100 m<\/td>\n<\/tr>\n<tr>\n<td>Clase de protecci\u00f3n<\/td>\n<td>\u00a0IP54 (protegido contra el polvo y las salpicaduras de agua)<\/td>\n<\/tr>\n<tr>\n<td>Auto. el l\u00e1ser se apaga<\/td>\n<td>\u00a0despu\u00e9s de 90 s<\/td>\n<\/tr>\n<tr>\n<td>Bluetooth\u00ae Smart<\/td>\n<td>\u00a0Bluetooth\u00ae v4.0<\/td>\n<\/tr>\n<tr>\n<td>Rango de Bluetooth\u00ae Smart<\/td>\n<td>\u00a0&lt;10m<\/td>\n<\/tr>\n<tr>\n<td>Durabilidad de la bater\u00eda (2 x AAA)<\/td>\n<td>\u00a0hasta 10000 mediciones<\/td>\n<\/tr>\n<tr>\n<td>Dimensiones (HxDxW)<\/td>\n<td>\u00a0115 x 43.5 x 23.5 mm<\/td>\n<\/tr>\n<tr>\n<td>Peso (con pilas)<\/td>\n<td>\u00a087 g<\/td>\n<\/tr>\n<tr>\n<td>Rango de temperatura de almacenamiento<\/td>\n<td>\u00a0-25 a 70 \u00b0 C<\/td>\n<\/tr>\n<tr>\n<td>Rango de temperatura de operaci\u00f3n<\/td>\n<td>\u00a00 a 40 \u00b0 C<\/td>\n<\/tr>\n<\/tbody>\n<\/table>\n","protected":false},"excerpt":{"rendered":"<p>El Leica\u00a0<strong>DISTO\u2122 D1<\/strong>\u00a0ofrece a los usuarios profesionales y de bricolaje un dispositivo de medici\u00f3n l\u00e1ser f\u00e1cil de usar. Encienda el DISTO, presione el bot\u00f3n ON \/ DIST y obtendr\u00e1 una medici\u00f3n. Es f\u00e1cil como eso.<\/p>\n<p><strong>Precisi\u00f3n y confiabilidad de Leica DISTO \u2122<\/strong><br \/>\nPuede ser peque\u00f1o y simple de usar, pero eso no significa que sacrifiquemos la precisi\u00f3n. El D1 tiene exactamente lo que esperar\u00edas de un Leica DISTO \u2122, una precisi\u00f3n inquebrantable de 2 mm.<\/p>\n","protected":false},"featured_media":37400,"comment_status":"closed","ping_status":"closed","template":"","meta":[],"product_brand":[97],"product_cat":[83],"product_tag":[183,146],"class_list":{"0":"post-37399","1":"product","2":"type-product","3":"status-publish","4":"has-post-thumbnail","6":"product_brand-leica","7":"product_cat-distanciometros","8":"product_tag-distanciometro","9":"product_tag-topografia","11":"first","12":"instock","13":"shipping-taxable","14":"product-type-simple"},"yoast_head":"<!-- This site is optimized with the Yoast SEO plugin v27.2 - https:\/\/yoast.com\/product\/yoast-seo-wordpress\/ -->\n<title>LEICA D1 - Topograf\u00eda, Geolog\u00eda, Miner\u00eda y Equipamiento de Oficina<\/title>\n<meta name=\"robots\" content=\"index, follow, max-snippet:-1, max-image-preview:large, max-video-preview:-1\" \/>\n<link rel=\"canonical\" href=\"https:\/\/beiroperu.com\/tienda\/catalogo\/topografia\/distanciometros\/leica-d1\/\" \/>\n<meta property=\"og:locale\" content=\"es_ES\" \/>\n<meta property=\"og:type\" content=\"article\" \/>\n<meta property=\"og:title\" content=\"LEICA D1 - Topograf\u00eda, Geolog\u00eda, Miner\u00eda y Equipamiento de Oficina\" \/>\n<meta property=\"og:description\" content=\"El Leica\u00a0DISTO\u2122 D1\u00a0ofrece a los usuarios profesionales y de bricolaje un dispositivo de medici\u00f3n l\u00e1ser f\u00e1cil de usar. Encienda el DISTO, presione el bot\u00f3n ON \/ DIST y obtendr\u00e1 una medici\u00f3n. Es f\u00e1cil como eso.  Precisi\u00f3n y confiabilidad de Leica DISTO \u2122 Puede ser peque\u00f1o y simple de usar, pero eso no significa que sacrifiquemos la precisi\u00f3n. El D1 tiene exactamente lo que esperar\u00edas de un Leica DISTO \u2122, una precisi\u00f3n inquebrantable de 2 mm.\" \/>\n<meta property=\"og:url\" content=\"https:\/\/beiroperu.com\/tienda\/catalogo\/topografia\/distanciometros\/leica-d1\/\" \/>\n<meta property=\"og:site_name\" content=\"Topograf\u00eda, Geolog\u00eda, Miner\u00eda y Equipamiento de Oficina\" \/>\n<meta property=\"article:publisher\" content=\"https:\/\/www.facebook.com\/profile.php?id=61574959587714\" \/>\n<meta property=\"og:image\" content=\"https:\/\/beiroperu.com\/tienda\/wp-content\/uploads\/2026\/04\/leica-d1-distanciometro-1.jpg\" \/>\n\t<meta property=\"og:image:width\" content=\"800\" \/>\n\t<meta property=\"og:image:height\" content=\"930\" \/>\n\t<meta property=\"og:image:type\" content=\"image\/jpeg\" \/>\n<meta name=\"twitter:card\" content=\"summary_large_image\" \/>\n<meta name=\"twitter:label1\" content=\"Tiempo de lectura\" \/>\n\t<meta name=\"twitter:data1\" content=\"2 minutos\" \/>\n<script type=\"application\/ld+json\" class=\"yoast-schema-graph\">{\"@context\":\"https:\/\/schema.org\",\"@graph\":[{\"@type\":\"WebPage\",\"@id\":\"https:\/\/beiroperu.com\/tienda\/catalogo\/topografia\/distanciometros\/leica-d1\/\",\"url\":\"https:\/\/beiroperu.com\/tienda\/catalogo\/topografia\/distanciometros\/leica-d1\/\",\"name\":\"LEICA D1 - Topograf\u00eda, Geolog\u00eda, Miner\u00eda y Equipamiento de Oficina\",\"isPartOf\":{\"@id\":\"https:\/\/beiroperu.com\/tienda\/#website\"},\"primaryImageOfPage\":{\"@id\":\"https:\/\/beiroperu.com\/tienda\/catalogo\/topografia\/distanciometros\/leica-d1\/#primaryimage\"},\"image\":{\"@id\":\"https:\/\/beiroperu.com\/tienda\/catalogo\/topografia\/distanciometros\/leica-d1\/#primaryimage\"},\"thumbnailUrl\":\"https:\/\/beiroperu.com\/tienda\/wp-content\/uploads\/2026\/04\/leica-d1-distanciometro-1.jpg\",\"datePublished\":\"2026-04-03T12:12:09+00:00\",\"breadcrumb\":{\"@id\":\"https:\/\/beiroperu.com\/tienda\/catalogo\/topografia\/distanciometros\/leica-d1\/#breadcrumb\"},\"inLanguage\":\"es\",\"potentialAction\":[{\"@type\":\"ReadAction\",\"target\":[\"https:\/\/beiroperu.com\/tienda\/catalogo\/topografia\/distanciometros\/leica-d1\/\"]}]},{\"@type\":\"ImageObject\",\"inLanguage\":\"es\",\"@id\":\"https:\/\/beiroperu.com\/tienda\/catalogo\/topografia\/distanciometros\/leica-d1\/#primaryimage\",\"url\":\"https:\/\/beiroperu.com\/tienda\/wp-content\/uploads\/2026\/04\/leica-d1-distanciometro-1.jpg\",\"contentUrl\":\"https:\/\/beiroperu.com\/tienda\/wp-content\/uploads\/2026\/04\/leica-d1-distanciometro-1.jpg\",\"width\":800,\"height\":930},{\"@type\":\"BreadcrumbList\",\"@id\":\"https:\/\/beiroperu.com\/tienda\/catalogo\/topografia\/distanciometros\/leica-d1\/#breadcrumb\",\"itemListElement\":[{\"@type\":\"ListItem\",\"position\":1,\"name\":\"Portada\",\"item\":\"https:\/\/beiroperu.com\/tienda\/\"},{\"@type\":\"ListItem\",\"position\":2,\"name\":\"Shop\",\"item\":\"https:\/\/beiroperu.com\/tienda\/shop\/\"},{\"@type\":\"ListItem\",\"position\":3,\"name\":\"LEICA D1\"}]},{\"@type\":\"WebSite\",\"@id\":\"https:\/\/beiroperu.com\/tienda\/#website\",\"url\":\"https:\/\/beiroperu.com\/tienda\/\",\"name\":\"Topograf\u00eda, Geolog\u00eda, Miner\u00eda y Equipamiento de Oficina\",\"description\":\"Beiro Per\u00fa\",\"publisher\":{\"@id\":\"https:\/\/beiroperu.com\/tienda\/#organization\"},\"alternateName\":\"Beiro Per\u00fa\",\"potentialAction\":[{\"@type\":\"SearchAction\",\"target\":{\"@type\":\"EntryPoint\",\"urlTemplate\":\"https:\/\/beiroperu.com\/tienda\/?s={search_term_string}\"},\"query-input\":{\"@type\":\"PropertyValueSpecification\",\"valueRequired\":true,\"valueName\":\"search_term_string\"}}],\"inLanguage\":\"es\"},{\"@type\":\"Organization\",\"@id\":\"https:\/\/beiroperu.com\/tienda\/#organization\",\"name\":\"Beiro\",\"alternateName\":\"Beiro Per\u00fa\",\"url\":\"https:\/\/beiroperu.com\/tienda\/\",\"logo\":{\"@type\":\"ImageObject\",\"inLanguage\":\"es\",\"@id\":\"https:\/\/beiroperu.com\/tienda\/#\/schema\/logo\/image\/\",\"url\":\"https:\/\/beiroperu.com\/tienda\/wp-content\/uploads\/2026\/03\/logo-beiro.jpeg\",\"contentUrl\":\"https:\/\/beiroperu.com\/tienda\/wp-content\/uploads\/2026\/03\/logo-beiro.jpeg\",\"width\":322,\"height\":123,\"caption\":\"Beiro\"},\"image\":{\"@id\":\"https:\/\/beiroperu.com\/tienda\/#\/schema\/logo\/image\/\"},\"sameAs\":[\"https:\/\/www.facebook.com\/profile.php?id=61574959587714\",\"https:\/\/www.instagram.com\/beiro_equipos_topograficos?igsh=cG11NHowcmp1dzFq\",\"https:\/\/www.threads.com\/@beiro_equipos_topograficos\"]}]}<\/script>\n<!-- \/ Yoast SEO plugin. -->","yoast_head_json":{"title":"LEICA D1 - Topograf\u00eda, Geolog\u00eda, Miner\u00eda y Equipamiento de Oficina","robots":{"index":"index","follow":"follow","max-snippet":"max-snippet:-1","max-image-preview":"max-image-preview:large","max-video-preview":"max-video-preview:-1"},"canonical":"https:\/\/beiroperu.com\/tienda\/catalogo\/topografia\/distanciometros\/leica-d1\/","og_locale":"es_ES","og_type":"article","og_title":"LEICA D1 - Topograf\u00eda, Geolog\u00eda, Miner\u00eda y Equipamiento de Oficina","og_description":"El Leica\u00a0DISTO\u2122 D1\u00a0ofrece a los usuarios profesionales y de bricolaje un dispositivo de medici\u00f3n l\u00e1ser f\u00e1cil de usar. Encienda el DISTO, presione el bot\u00f3n ON \/ DIST y obtendr\u00e1 una medici\u00f3n. Es f\u00e1cil como eso.  Precisi\u00f3n y confiabilidad de Leica DISTO \u2122 Puede ser peque\u00f1o y simple de usar, pero eso no significa que sacrifiquemos la precisi\u00f3n. El D1 tiene exactamente lo que esperar\u00edas de un Leica DISTO \u2122, una precisi\u00f3n inquebrantable de 2 mm.","og_url":"https:\/\/beiroperu.com\/tienda\/catalogo\/topografia\/distanciometros\/leica-d1\/","og_site_name":"Topograf\u00eda, Geolog\u00eda, Miner\u00eda y Equipamiento de Oficina","article_publisher":"https:\/\/www.facebook.com\/profile.php?id=61574959587714","og_image":[{"width":800,"height":930,"url":"https:\/\/beiroperu.com\/tienda\/wp-content\/uploads\/2026\/04\/leica-d1-distanciometro-1.jpg","type":"image\/jpeg"}],"twitter_card":"summary_large_image","twitter_misc":{"Tiempo de lectura":"2 minutos"},"schema":{"@context":"https:\/\/schema.org","@graph":[{"@type":"WebPage","@id":"https:\/\/beiroperu.com\/tienda\/catalogo\/topografia\/distanciometros\/leica-d1\/","url":"https:\/\/beiroperu.com\/tienda\/catalogo\/topografia\/distanciometros\/leica-d1\/","name":"LEICA D1 - Topograf\u00eda, Geolog\u00eda, Miner\u00eda y Equipamiento de Oficina","isPartOf":{"@id":"https:\/\/beiroperu.com\/tienda\/#website"},"primaryImageOfPage":{"@id":"https:\/\/beiroperu.com\/tienda\/catalogo\/topografia\/distanciometros\/leica-d1\/#primaryimage"},"image":{"@id":"https:\/\/beiroperu.com\/tienda\/catalogo\/topografia\/distanciometros\/leica-d1\/#primaryimage"},"thumbnailUrl":"https:\/\/beiroperu.com\/tienda\/wp-content\/uploads\/2026\/04\/leica-d1-distanciometro-1.jpg","datePublished":"2026-04-03T12:12:09+00:00","breadcrumb":{"@id":"https:\/\/beiroperu.com\/tienda\/catalogo\/topografia\/distanciometros\/leica-d1\/#breadcrumb"},"inLanguage":"es","potentialAction":[{"@type":"ReadAction","target":["https:\/\/beiroperu.com\/tienda\/catalogo\/topografia\/distanciometros\/leica-d1\/"]}]},{"@type":"ImageObject","inLanguage":"es","@id":"https:\/\/beiroperu.com\/tienda\/catalogo\/topografia\/distanciometros\/leica-d1\/#primaryimage","url":"https:\/\/beiroperu.com\/tienda\/wp-content\/uploads\/2026\/04\/leica-d1-distanciometro-1.jpg","contentUrl":"https:\/\/beiroperu.com\/tienda\/wp-content\/uploads\/2026\/04\/leica-d1-distanciometro-1.jpg","width":800,"height":930},{"@type":"BreadcrumbList","@id":"https:\/\/beiroperu.com\/tienda\/catalogo\/topografia\/distanciometros\/leica-d1\/#breadcrumb","itemListElement":[{"@type":"ListItem","position":1,"name":"Portada","item":"https:\/\/beiroperu.com\/tienda\/"},{"@type":"ListItem","position":2,"name":"Shop","item":"https:\/\/beiroperu.com\/tienda\/shop\/"},{"@type":"ListItem","position":3,"name":"LEICA D1"}]},{"@type":"WebSite","@id":"https:\/\/beiroperu.com\/tienda\/#website","url":"https:\/\/beiroperu.com\/tienda\/","name":"Topograf\u00eda, Geolog\u00eda, Miner\u00eda y Equipamiento de Oficina","description":"Beiro Per\u00fa","publisher":{"@id":"https:\/\/beiroperu.com\/tienda\/#organization"},"alternateName":"Beiro Per\u00fa","potentialAction":[{"@type":"SearchAction","target":{"@type":"EntryPoint","urlTemplate":"https:\/\/beiroperu.com\/tienda\/?s={search_term_string}"},"query-input":{"@type":"PropertyValueSpecification","valueRequired":true,"valueName":"search_term_string"}}],"inLanguage":"es"},{"@type":"Organization","@id":"https:\/\/beiroperu.com\/tienda\/#organization","name":"Beiro","alternateName":"Beiro Per\u00fa","url":"https:\/\/beiroperu.com\/tienda\/","logo":{"@type":"ImageObject","inLanguage":"es","@id":"https:\/\/beiroperu.com\/tienda\/#\/schema\/logo\/image\/","url":"https:\/\/beiroperu.com\/tienda\/wp-content\/uploads\/2026\/03\/logo-beiro.jpeg","contentUrl":"https:\/\/beiroperu.com\/tienda\/wp-content\/uploads\/2026\/03\/logo-beiro.jpeg","width":322,"height":123,"caption":"Beiro"},"image":{"@id":"https:\/\/beiroperu.com\/tienda\/#\/schema\/logo\/image\/"},"sameAs":["https:\/\/www.facebook.com\/profile.php?id=61574959587714","https:\/\/www.instagram.com\/beiro_equipos_topograficos?igsh=cG11NHowcmp1dzFq","https:\/\/www.threads.com\/@beiro_equipos_topograficos"]}]}},"_links":{"self":[{"href":"https:\/\/beiroperu.com\/tienda\/wp-json\/wp\/v2\/product\/37399","targetHints":{"allow":["GET"]}}],"collection":[{"href":"https:\/\/beiroperu.com\/tienda\/wp-json\/wp\/v2\/product"}],"about":[{"href":"https:\/\/beiroperu.com\/tienda\/wp-json\/wp\/v2\/types\/product"}],"replies":[{"embeddable":true,"href":"https:\/\/beiroperu.com\/tienda\/wp-json\/wp\/v2\/comments?post=37399"}],"wp:featuredmedia":[{"embeddable":true,"href":"https:\/\/beiroperu.com\/tienda\/wp-json\/wp\/v2\/media\/37400"}],"wp:attachment":[{"href":"https:\/\/beiroperu.com\/tienda\/wp-json\/wp\/v2\/media?parent=37399"}],"wp:term":[{"taxonomy":"product_brand","embeddable":true,"href":"https:\/\/beiroperu.com\/tienda\/wp-json\/wp\/v2\/product_brand?post=37399"},{"taxonomy":"product_cat","embeddable":true,"href":"https:\/\/beiroperu.com\/tienda\/wp-json\/wp\/v2\/product_cat?post=37399"},{"taxonomy":"product_tag","embeddable":true,"href":"https:\/\/beiroperu.com\/tienda\/wp-json\/wp\/v2\/product_tag?post=37399"}],"curies":[{"name":"wp","href":"https:\/\/api.w.org\/{rel}","templated":true}]}}