{"id":37407,"date":"2026-04-03T07:35:08","date_gmt":"2026-04-03T12:35:08","guid":{"rendered":"https:\/\/beiroperu.com\/tienda\/?post_type=product&#038;p=37407"},"modified":"2026-04-03T07:35:11","modified_gmt":"2026-04-03T12:35:11","slug":"trimble-spectra-precision-qm55","status":"publish","type":"product","link":"https:\/\/beiroperu.com\/tienda\/catalogo\/topografia\/distanciometros\/trimble-spectra-precision-qm55\/","title":{"rendered":"TRIMBLE SPECTRA PRECISION QM55"},"content":{"rendered":"<p>Distanciometro Laser Spectra Precision QM55. Es una marca de\u00a0<img loading=\"lazy\" decoding=\"async\" src=\"https:\/\/cosola.com\/images\/logos\/trimble-logo.png\" alt=\"trimble-logo\" width=\"100\" height=\"23\" \/><\/p>\n<p><strong>CARACTERISTICAS:<\/strong><\/p>\n<p>Alcance\u00a0\u00a0\u00a0<strong>50 Metros<\/strong><br \/>\nPrecisi\u00f3n\u00a0\u00a0 \u00b1 1,5 mm<br \/>\nUnidades de medida\u00a0\u00a0 m, pies, pulgada, pies-pulgada<br \/>\nApagado autom\u00e1tico\u00a0\u00a0 3 minutos<br \/>\nDuraci\u00f3n de las pilas\u00a0\u00a0 M\u00e1s de 5.000 medidas<br \/>\nAlimentaci\u00f3n\u00a0\u00a0 2 pilas AAA de 1,5 V<br \/>\nIndicador de alimentaci\u00f3n\u00a0\u00a0 LCD de 3 segmentos<br \/>\nResistencia a ca\u00eddas\u00a0\u00a0 1,5 m<\/p>\n<p>Resistencia al polvo y al agua\u00a0\u00a0 IP54<br \/>\nTipo de l\u00e1ser \/ potencia\u00a0\u00a0 635 nm rojo visible \/ &lt; 1 mW<br \/>\nDimensiones\u00a0\u00a0 52 x 28 x 125 mm<br \/>\nPeso con pilas\u00a0\u00a0 187 g<br \/>\nGarant\u00eda\u00a0\u00a0 3 a\u00f1os<br \/>\nFunciones\u00a0\u00a0\u00a0 Uso\u00a0\u00a0 Interior<br \/>\nMedici\u00f3n individual\u00a0\u00a0 Si<br \/>\nMedici\u00f3n continua\u00a0\u00a0 Si<br \/>\nSumar \/ restar\u00a0\u00a0 Si<br \/>\nBot\u00f3n de medida lateral\u00a0\u00a0 &#8212;Detecci\u00f3n autom\u00e1tica de pesta\u00f1a de extensi\u00f3n<\/p>\n<p><strong>Ver Brochure:<\/strong><a href=\"https:\/\/cosola.com\/images\/Spectra_QM55.pdf\"><img loading=\"lazy\" decoding=\"async\" src=\"https:\/\/cosola.com\/images\/logos\/Logo-PDF.png\" alt=\"Logo-PDF\" width=\"70\" height=\"70\" \/><\/a><\/p>\n","protected":false},"excerpt":{"rendered":"<p>Distanciometro Laser Spectra Precision QM55. Es una marca de\u00a0<img loading=\"lazy\" decoding=\"async\" src=\"https:\/\/cosola.com\/images\/logos\/trimble-logo.png\" alt=\"trimble-logo\" width=\"100\" height=\"23\" \/><\/p>\n<p><strong>CARACTERISTICAS:<\/strong><\/p>\n<p>Alcance\u00a0\u00a0\u00a0<strong>50 Metros<\/strong><br \/>\nPrecisi\u00f3n\u00a0\u00a0 \u00b1 1,5 mm<br \/>\nUnidades de medida\u00a0\u00a0 m, pies, pulgada, pies-pulgada<br \/>\nApagado autom\u00e1tico\u00a0\u00a0 3 minutos<br \/>\nDuraci\u00f3n de las pilas\u00a0\u00a0 M\u00e1s de 5.000 medidas<br \/>\nAlimentaci\u00f3n\u00a0\u00a0 2 pilas AAA de 1,5 V<br \/>\nIndicador de alimentaci\u00f3n\u00a0\u00a0 LCD de 3 segmentos<br \/>\nResistencia a ca\u00eddas\u00a0\u00a0 1,5 m<\/p>\n<p>Resistencia al polvo y al agua\u00a0\u00a0 IP54<br \/>\nTipo de l\u00e1ser \/ potencia\u00a0\u00a0 635 nm rojo visible \/ &lt; 1 mW<br \/>\nDimensiones\u00a0\u00a0 52 x 28 x 125 mm<br \/>\nPeso con pilas\u00a0\u00a0 187 g<br \/>\nGarant\u00eda\u00a0\u00a0 3 a\u00f1os<br \/>\nFunciones\u00a0\u00a0\u00a0 Uso\u00a0\u00a0 Interior<br \/>\nMedici\u00f3n individual\u00a0\u00a0 Si<br \/>\nMedici\u00f3n continua\u00a0\u00a0 Si<br \/>\nSumar \/ restar\u00a0\u00a0 Si<br \/>\nBot\u00f3n de medida lateral\u00a0\u00a0 &#8212;Detecci\u00f3n autom\u00e1tica de pesta\u00f1a de extensi\u00f3n<\/p>\n<p><strong>Ver Brochure:<\/strong><a href=\"https:\/\/cosola.com\/images\/Spectra_QM55.pdf\"><img loading=\"lazy\" decoding=\"async\" src=\"https:\/\/cosola.com\/images\/logos\/Logo-PDF.png\" alt=\"Logo-PDF\" width=\"70\" height=\"70\" \/><\/a><\/p>\n","protected":false},"featured_media":37408,"comment_status":"closed","ping_status":"closed","template":"","meta":[],"product_brand":[185],"product_cat":[83],"product_tag":[183,146],"class_list":{"0":"post-37407","1":"product","2":"type-product","3":"status-publish","4":"has-post-thumbnail","6":"product_brand-trimble","7":"product_cat-distanciometros","8":"product_tag-distanciometro","9":"product_tag-topografia","11":"first","12":"instock","13":"shipping-taxable","14":"product-type-simple"},"yoast_head":"<!-- This site is optimized with the Yoast SEO plugin v27.2 - https:\/\/yoast.com\/product\/yoast-seo-wordpress\/ -->\n<title>TRIMBLE SPECTRA PRECISION QM55 - Topograf\u00eda, Geolog\u00eda, Miner\u00eda y Equipamiento de Oficina<\/title>\n<meta name=\"robots\" content=\"index, follow, max-snippet:-1, max-image-preview:large, max-video-preview:-1\" \/>\n<link rel=\"canonical\" href=\"https:\/\/beiroperu.com\/tienda\/catalogo\/topografia\/distanciometros\/trimble-spectra-precision-qm55\/\" \/>\n<meta property=\"og:locale\" content=\"es_ES\" \/>\n<meta property=\"og:type\" content=\"article\" \/>\n<meta property=\"og:title\" content=\"TRIMBLE SPECTRA PRECISION QM55 - Topograf\u00eda, Geolog\u00eda, Miner\u00eda y Equipamiento de Oficina\" \/>\n<meta property=\"og:description\" content=\"Distanciometro Laser Spectra Precision QM55. Es una marca de\u00a0  CARACTERISTICAS:  Alcance\u00a0\u00a0\u00a050 Metros Precisi\u00f3n\u00a0\u00a0 \u00b1 1,5 mm Unidades de medida\u00a0\u00a0 m, pies, pulgada, pies-pulgada Apagado autom\u00e1tico\u00a0\u00a0 3 minutos Duraci\u00f3n de las pilas\u00a0\u00a0 M\u00e1s de 5.000 medidas Alimentaci\u00f3n\u00a0\u00a0 2 pilas AAA de 1,5 V Indicador de alimentaci\u00f3n\u00a0\u00a0 LCD de 3 segmentos Resistencia a ca\u00eddas\u00a0\u00a0 1,5 m  Resistencia al polvo y al agua\u00a0\u00a0 IP54 Tipo de l\u00e1ser \/ potencia\u00a0\u00a0 635 nm rojo visible \/ &lt; 1 mW Dimensiones\u00a0\u00a0 52 x 28 x 125 mm Peso con pilas\u00a0\u00a0 187 g Garant\u00eda\u00a0\u00a0 3 a\u00f1os Funciones\u00a0\u00a0\u00a0 Uso\u00a0\u00a0 Interior Medici\u00f3n individual\u00a0\u00a0 Si Medici\u00f3n continua\u00a0\u00a0 Si Sumar \/ restar\u00a0\u00a0 Si Bot\u00f3n de medida lateral\u00a0\u00a0 ---Detecci\u00f3n autom\u00e1tica de pesta\u00f1a de extensi\u00f3n  Ver Brochure:\" \/>\n<meta property=\"og:url\" content=\"https:\/\/beiroperu.com\/tienda\/catalogo\/topografia\/distanciometros\/trimble-spectra-precision-qm55\/\" \/>\n<meta property=\"og:site_name\" content=\"Topograf\u00eda, Geolog\u00eda, Miner\u00eda y Equipamiento de Oficina\" \/>\n<meta property=\"article:publisher\" content=\"https:\/\/www.facebook.com\/profile.php?id=61574959587714\" \/>\n<meta property=\"article:modified_time\" content=\"2026-04-03T12:35:11+00:00\" \/>\n<meta property=\"og:image\" content=\"https:\/\/beiroperu.com\/tienda\/wp-content\/uploads\/2026\/04\/trimble-spectra-precision-qm55-distanciometro-1.jpg\" \/>\n\t<meta property=\"og:image:width\" content=\"800\" \/>\n\t<meta property=\"og:image:height\" content=\"930\" \/>\n\t<meta property=\"og:image:type\" content=\"image\/jpeg\" \/>\n<meta name=\"twitter:card\" content=\"summary_large_image\" \/>\n<meta name=\"twitter:label1\" content=\"Tiempo de lectura\" \/>\n\t<meta name=\"twitter:data1\" content=\"2 minutos\" \/>\n<script type=\"application\/ld+json\" class=\"yoast-schema-graph\">{\"@context\":\"https:\/\/schema.org\",\"@graph\":[{\"@type\":\"WebPage\",\"@id\":\"https:\/\/beiroperu.com\/tienda\/catalogo\/topografia\/distanciometros\/trimble-spectra-precision-qm55\/\",\"url\":\"https:\/\/beiroperu.com\/tienda\/catalogo\/topografia\/distanciometros\/trimble-spectra-precision-qm55\/\",\"name\":\"TRIMBLE SPECTRA PRECISION QM55 - Topograf\u00eda, Geolog\u00eda, Miner\u00eda y Equipamiento de Oficina\",\"isPartOf\":{\"@id\":\"https:\/\/beiroperu.com\/tienda\/#website\"},\"primaryImageOfPage\":{\"@id\":\"https:\/\/beiroperu.com\/tienda\/catalogo\/topografia\/distanciometros\/trimble-spectra-precision-qm55\/#primaryimage\"},\"image\":{\"@id\":\"https:\/\/beiroperu.com\/tienda\/catalogo\/topografia\/distanciometros\/trimble-spectra-precision-qm55\/#primaryimage\"},\"thumbnailUrl\":\"https:\/\/beiroperu.com\/tienda\/wp-content\/uploads\/2026\/04\/trimble-spectra-precision-qm55-distanciometro-1.jpg\",\"datePublished\":\"2026-04-03T12:35:08+00:00\",\"dateModified\":\"2026-04-03T12:35:11+00:00\",\"breadcrumb\":{\"@id\":\"https:\/\/beiroperu.com\/tienda\/catalogo\/topografia\/distanciometros\/trimble-spectra-precision-qm55\/#breadcrumb\"},\"inLanguage\":\"es\",\"potentialAction\":[{\"@type\":\"ReadAction\",\"target\":[\"https:\/\/beiroperu.com\/tienda\/catalogo\/topografia\/distanciometros\/trimble-spectra-precision-qm55\/\"]}]},{\"@type\":\"ImageObject\",\"inLanguage\":\"es\",\"@id\":\"https:\/\/beiroperu.com\/tienda\/catalogo\/topografia\/distanciometros\/trimble-spectra-precision-qm55\/#primaryimage\",\"url\":\"https:\/\/beiroperu.com\/tienda\/wp-content\/uploads\/2026\/04\/trimble-spectra-precision-qm55-distanciometro-1.jpg\",\"contentUrl\":\"https:\/\/beiroperu.com\/tienda\/wp-content\/uploads\/2026\/04\/trimble-spectra-precision-qm55-distanciometro-1.jpg\",\"width\":800,\"height\":930},{\"@type\":\"BreadcrumbList\",\"@id\":\"https:\/\/beiroperu.com\/tienda\/catalogo\/topografia\/distanciometros\/trimble-spectra-precision-qm55\/#breadcrumb\",\"itemListElement\":[{\"@type\":\"ListItem\",\"position\":1,\"name\":\"Portada\",\"item\":\"https:\/\/beiroperu.com\/tienda\/\"},{\"@type\":\"ListItem\",\"position\":2,\"name\":\"Shop\",\"item\":\"https:\/\/beiroperu.com\/tienda\/shop\/\"},{\"@type\":\"ListItem\",\"position\":3,\"name\":\"TRIMBLE SPECTRA PRECISION QM55\"}]},{\"@type\":\"WebSite\",\"@id\":\"https:\/\/beiroperu.com\/tienda\/#website\",\"url\":\"https:\/\/beiroperu.com\/tienda\/\",\"name\":\"Topograf\u00eda, Geolog\u00eda, Miner\u00eda y Equipamiento de Oficina\",\"description\":\"Beiro Per\u00fa\",\"publisher\":{\"@id\":\"https:\/\/beiroperu.com\/tienda\/#organization\"},\"alternateName\":\"Beiro Per\u00fa\",\"potentialAction\":[{\"@type\":\"SearchAction\",\"target\":{\"@type\":\"EntryPoint\",\"urlTemplate\":\"https:\/\/beiroperu.com\/tienda\/?s={search_term_string}\"},\"query-input\":{\"@type\":\"PropertyValueSpecification\",\"valueRequired\":true,\"valueName\":\"search_term_string\"}}],\"inLanguage\":\"es\"},{\"@type\":\"Organization\",\"@id\":\"https:\/\/beiroperu.com\/tienda\/#organization\",\"name\":\"Beiro\",\"alternateName\":\"Beiro Per\u00fa\",\"url\":\"https:\/\/beiroperu.com\/tienda\/\",\"logo\":{\"@type\":\"ImageObject\",\"inLanguage\":\"es\",\"@id\":\"https:\/\/beiroperu.com\/tienda\/#\/schema\/logo\/image\/\",\"url\":\"https:\/\/beiroperu.com\/tienda\/wp-content\/uploads\/2026\/03\/logo-beiro.jpeg\",\"contentUrl\":\"https:\/\/beiroperu.com\/tienda\/wp-content\/uploads\/2026\/03\/logo-beiro.jpeg\",\"width\":322,\"height\":123,\"caption\":\"Beiro\"},\"image\":{\"@id\":\"https:\/\/beiroperu.com\/tienda\/#\/schema\/logo\/image\/\"},\"sameAs\":[\"https:\/\/www.facebook.com\/profile.php?id=61574959587714\",\"https:\/\/www.instagram.com\/beiro_equipos_topograficos?igsh=cG11NHowcmp1dzFq\",\"https:\/\/www.threads.com\/@beiro_equipos_topograficos\"]}]}<\/script>\n<!-- \/ Yoast SEO plugin. -->","yoast_head_json":{"title":"TRIMBLE SPECTRA PRECISION QM55 - Topograf\u00eda, Geolog\u00eda, Miner\u00eda y Equipamiento de Oficina","robots":{"index":"index","follow":"follow","max-snippet":"max-snippet:-1","max-image-preview":"max-image-preview:large","max-video-preview":"max-video-preview:-1"},"canonical":"https:\/\/beiroperu.com\/tienda\/catalogo\/topografia\/distanciometros\/trimble-spectra-precision-qm55\/","og_locale":"es_ES","og_type":"article","og_title":"TRIMBLE SPECTRA PRECISION QM55 - Topograf\u00eda, Geolog\u00eda, Miner\u00eda y Equipamiento de Oficina","og_description":"Distanciometro Laser Spectra Precision QM55. Es una marca de\u00a0  CARACTERISTICAS:  Alcance\u00a0\u00a0\u00a050 Metros Precisi\u00f3n\u00a0\u00a0 \u00b1 1,5 mm Unidades de medida\u00a0\u00a0 m, pies, pulgada, pies-pulgada Apagado autom\u00e1tico\u00a0\u00a0 3 minutos Duraci\u00f3n de las pilas\u00a0\u00a0 M\u00e1s de 5.000 medidas Alimentaci\u00f3n\u00a0\u00a0 2 pilas AAA de 1,5 V Indicador de alimentaci\u00f3n\u00a0\u00a0 LCD de 3 segmentos Resistencia a ca\u00eddas\u00a0\u00a0 1,5 m  Resistencia al polvo y al agua\u00a0\u00a0 IP54 Tipo de l\u00e1ser \/ potencia\u00a0\u00a0 635 nm rojo visible \/ &lt; 1 mW Dimensiones\u00a0\u00a0 52 x 28 x 125 mm Peso con pilas\u00a0\u00a0 187 g Garant\u00eda\u00a0\u00a0 3 a\u00f1os Funciones\u00a0\u00a0\u00a0 Uso\u00a0\u00a0 Interior Medici\u00f3n individual\u00a0\u00a0 Si Medici\u00f3n continua\u00a0\u00a0 Si Sumar \/ restar\u00a0\u00a0 Si Bot\u00f3n de medida lateral\u00a0\u00a0 ---Detecci\u00f3n autom\u00e1tica de pesta\u00f1a de extensi\u00f3n  Ver Brochure:","og_url":"https:\/\/beiroperu.com\/tienda\/catalogo\/topografia\/distanciometros\/trimble-spectra-precision-qm55\/","og_site_name":"Topograf\u00eda, Geolog\u00eda, Miner\u00eda y Equipamiento de Oficina","article_publisher":"https:\/\/www.facebook.com\/profile.php?id=61574959587714","article_modified_time":"2026-04-03T12:35:11+00:00","og_image":[{"width":800,"height":930,"url":"https:\/\/beiroperu.com\/tienda\/wp-content\/uploads\/2026\/04\/trimble-spectra-precision-qm55-distanciometro-1.jpg","type":"image\/jpeg"}],"twitter_card":"summary_large_image","twitter_misc":{"Tiempo de lectura":"2 minutos"},"schema":{"@context":"https:\/\/schema.org","@graph":[{"@type":"WebPage","@id":"https:\/\/beiroperu.com\/tienda\/catalogo\/topografia\/distanciometros\/trimble-spectra-precision-qm55\/","url":"https:\/\/beiroperu.com\/tienda\/catalogo\/topografia\/distanciometros\/trimble-spectra-precision-qm55\/","name":"TRIMBLE SPECTRA PRECISION QM55 - Topograf\u00eda, Geolog\u00eda, Miner\u00eda y Equipamiento de Oficina","isPartOf":{"@id":"https:\/\/beiroperu.com\/tienda\/#website"},"primaryImageOfPage":{"@id":"https:\/\/beiroperu.com\/tienda\/catalogo\/topografia\/distanciometros\/trimble-spectra-precision-qm55\/#primaryimage"},"image":{"@id":"https:\/\/beiroperu.com\/tienda\/catalogo\/topografia\/distanciometros\/trimble-spectra-precision-qm55\/#primaryimage"},"thumbnailUrl":"https:\/\/beiroperu.com\/tienda\/wp-content\/uploads\/2026\/04\/trimble-spectra-precision-qm55-distanciometro-1.jpg","datePublished":"2026-04-03T12:35:08+00:00","dateModified":"2026-04-03T12:35:11+00:00","breadcrumb":{"@id":"https:\/\/beiroperu.com\/tienda\/catalogo\/topografia\/distanciometros\/trimble-spectra-precision-qm55\/#breadcrumb"},"inLanguage":"es","potentialAction":[{"@type":"ReadAction","target":["https:\/\/beiroperu.com\/tienda\/catalogo\/topografia\/distanciometros\/trimble-spectra-precision-qm55\/"]}]},{"@type":"ImageObject","inLanguage":"es","@id":"https:\/\/beiroperu.com\/tienda\/catalogo\/topografia\/distanciometros\/trimble-spectra-precision-qm55\/#primaryimage","url":"https:\/\/beiroperu.com\/tienda\/wp-content\/uploads\/2026\/04\/trimble-spectra-precision-qm55-distanciometro-1.jpg","contentUrl":"https:\/\/beiroperu.com\/tienda\/wp-content\/uploads\/2026\/04\/trimble-spectra-precision-qm55-distanciometro-1.jpg","width":800,"height":930},{"@type":"BreadcrumbList","@id":"https:\/\/beiroperu.com\/tienda\/catalogo\/topografia\/distanciometros\/trimble-spectra-precision-qm55\/#breadcrumb","itemListElement":[{"@type":"ListItem","position":1,"name":"Portada","item":"https:\/\/beiroperu.com\/tienda\/"},{"@type":"ListItem","position":2,"name":"Shop","item":"https:\/\/beiroperu.com\/tienda\/shop\/"},{"@type":"ListItem","position":3,"name":"TRIMBLE SPECTRA PRECISION QM55"}]},{"@type":"WebSite","@id":"https:\/\/beiroperu.com\/tienda\/#website","url":"https:\/\/beiroperu.com\/tienda\/","name":"Topograf\u00eda, Geolog\u00eda, Miner\u00eda y Equipamiento de Oficina","description":"Beiro Per\u00fa","publisher":{"@id":"https:\/\/beiroperu.com\/tienda\/#organization"},"alternateName":"Beiro Per\u00fa","potentialAction":[{"@type":"SearchAction","target":{"@type":"EntryPoint","urlTemplate":"https:\/\/beiroperu.com\/tienda\/?s={search_term_string}"},"query-input":{"@type":"PropertyValueSpecification","valueRequired":true,"valueName":"search_term_string"}}],"inLanguage":"es"},{"@type":"Organization","@id":"https:\/\/beiroperu.com\/tienda\/#organization","name":"Beiro","alternateName":"Beiro Per\u00fa","url":"https:\/\/beiroperu.com\/tienda\/","logo":{"@type":"ImageObject","inLanguage":"es","@id":"https:\/\/beiroperu.com\/tienda\/#\/schema\/logo\/image\/","url":"https:\/\/beiroperu.com\/tienda\/wp-content\/uploads\/2026\/03\/logo-beiro.jpeg","contentUrl":"https:\/\/beiroperu.com\/tienda\/wp-content\/uploads\/2026\/03\/logo-beiro.jpeg","width":322,"height":123,"caption":"Beiro"},"image":{"@id":"https:\/\/beiroperu.com\/tienda\/#\/schema\/logo\/image\/"},"sameAs":["https:\/\/www.facebook.com\/profile.php?id=61574959587714","https:\/\/www.instagram.com\/beiro_equipos_topograficos?igsh=cG11NHowcmp1dzFq","https:\/\/www.threads.com\/@beiro_equipos_topograficos"]}]}},"_links":{"self":[{"href":"https:\/\/beiroperu.com\/tienda\/wp-json\/wp\/v2\/product\/37407","targetHints":{"allow":["GET"]}}],"collection":[{"href":"https:\/\/beiroperu.com\/tienda\/wp-json\/wp\/v2\/product"}],"about":[{"href":"https:\/\/beiroperu.com\/tienda\/wp-json\/wp\/v2\/types\/product"}],"replies":[{"embeddable":true,"href":"https:\/\/beiroperu.com\/tienda\/wp-json\/wp\/v2\/comments?post=37407"}],"wp:featuredmedia":[{"embeddable":true,"href":"https:\/\/beiroperu.com\/tienda\/wp-json\/wp\/v2\/media\/37408"}],"wp:attachment":[{"href":"https:\/\/beiroperu.com\/tienda\/wp-json\/wp\/v2\/media?parent=37407"}],"wp:term":[{"taxonomy":"product_brand","embeddable":true,"href":"https:\/\/beiroperu.com\/tienda\/wp-json\/wp\/v2\/product_brand?post=37407"},{"taxonomy":"product_cat","embeddable":true,"href":"https:\/\/beiroperu.com\/tienda\/wp-json\/wp\/v2\/product_cat?post=37407"},{"taxonomy":"product_tag","embeddable":true,"href":"https:\/\/beiroperu.com\/tienda\/wp-json\/wp\/v2\/product_tag?post=37407"}],"curies":[{"name":"wp","href":"https:\/\/api.w.org\/{rel}","templated":true}]}}