{"id":37415,"date":"2026-04-03T09:22:09","date_gmt":"2026-04-03T14:22:09","guid":{"rendered":"https:\/\/beiroperu.com\/tienda\/?post_type=product&#038;p=37415"},"modified":"2026-04-03T09:22:10","modified_gmt":"2026-04-03T14:22:10","slug":"leica-disto-x6","status":"publish","type":"product","link":"https:\/\/beiroperu.com\/tienda\/catalogo\/topografia\/distanciometros\/leica-disto-x6\/","title":{"rendered":"LEICA DISTO X6"},"content":{"rendered":"<ul>\n<li>Alcance\u00a0<strong>hasta 250 metros.<\/strong><\/li>\n<li>Precisi\u00f3n de \u00b11,0 mm, resoluci\u00f3n de 0,1 mm<\/li>\n<li>R\u00e1pida puesta en marcha<\/li>\n<li>Pantalla t\u00e1ctil IPS de 2,8&#8243; brillante y clara con lente antiara\u00f1azos<\/li>\n<li>Tecla DIST en el lateral para mediciones a\u00fan m\u00e1s intuitivas<\/li>\n<li>Robusto seg\u00fan IP65 y a prueba de ca\u00eddas desde 2 metros<\/li>\n<li>Activar mediciones con gestos<\/li>\n<li>Memoria para 300 informes<\/li>\n<li>Bater\u00eda de ion de litio recargable<\/li>\n<li>Carga y descarga de datos USB-C<\/li>\n<li>Simulaci\u00f3n de un teclado para transferir datos a trav\u00e9s de Bluetooth\u00ae<\/li>\n<li>Tecnolog\u00eda Bluetooth\u00ae 5.0 para una transferencia de datos sin errores<\/li>\n<li>Funciona con la aplicaci\u00f3n DISTO\u00a0Plan (iOS y Android) y con DISTO\u00a0transfer (Windows\u00ae)<\/li>\n<li><a href=\"https:\/\/shop.leica-geosystems.com\/gb\/es-ES\/measurement-tools\/disto\/leica-disto-x6-p2p-package\/buy\">Compatible con adaptador DST 360-X para activar P2P mediciones<\/a><\/li>\n<\/ul>\n<p><strong>\u00a0Ver m<\/strong><strong>as informaci\u00f3n:\u00a0<a href=\"https:\/\/cosola.com\/images\/Leica_DISTO_X6.pdf\" target=\"_blank\" rel=\"noopener\"><img loading=\"lazy\" decoding=\"async\" src=\"https:\/\/www.cosola.com\/images\/logos\/Logo-PDF.png\" alt=\"Logo-PDF\" width=\"70\" height=\"70\" \/><\/a><\/strong><\/p>\n","protected":false},"excerpt":{"rendered":"<ul>\n<li>Alcance\u00a0<strong>hasta 250 metros.<\/strong><\/li>\n<li>Precisi\u00f3n de \u00b11,0 mm, resoluci\u00f3n de 0,1 mm<\/li>\n<li>R\u00e1pida puesta en marcha<\/li>\n<li>Pantalla t\u00e1ctil IPS de 2,8&#8243; brillante y clara con lente antiara\u00f1azos<\/li>\n<li>Tecla DIST en el lateral para mediciones a\u00fan m\u00e1s intuitivas<\/li>\n<li>Robusto seg\u00fan IP65 y a prueba de ca\u00eddas desde 2 metros<\/li>\n<\/ul>\n","protected":false},"featured_media":37416,"comment_status":"closed","ping_status":"closed","template":"","meta":[],"product_brand":[97],"product_cat":[83],"product_tag":[183,146],"class_list":{"0":"post-37415","1":"product","2":"type-product","3":"status-publish","4":"has-post-thumbnail","6":"product_brand-leica","7":"product_cat-distanciometros","8":"product_tag-distanciometro","9":"product_tag-topografia","11":"first","12":"instock","13":"shipping-taxable","14":"product-type-simple"},"yoast_head":"<!-- This site is optimized with the Yoast SEO plugin v27.2 - https:\/\/yoast.com\/product\/yoast-seo-wordpress\/ -->\n<title>LEICA DISTO X6 - Topograf\u00eda, Geolog\u00eda, Miner\u00eda y Equipamiento de Oficina<\/title>\n<meta name=\"robots\" content=\"index, follow, max-snippet:-1, max-image-preview:large, max-video-preview:-1\" \/>\n<link rel=\"canonical\" href=\"https:\/\/beiroperu.com\/tienda\/catalogo\/topografia\/distanciometros\/leica-disto-x6\/\" \/>\n<meta property=\"og:locale\" content=\"es_ES\" \/>\n<meta property=\"og:type\" content=\"article\" \/>\n<meta property=\"og:title\" content=\"LEICA DISTO X6 - Topograf\u00eda, Geolog\u00eda, Miner\u00eda y Equipamiento de Oficina\" \/>\n<meta property=\"og:description\" content=\"Alcance\u00a0hasta 250 metros.  Precisi\u00f3n de \u00b11,0 mm, resoluci\u00f3n de 0,1 mm  R\u00e1pida puesta en marcha  Pantalla t\u00e1ctil IPS de 2,8&quot; brillante y clara con lente antiara\u00f1azos  Tecla DIST en el lateral para mediciones a\u00fan m\u00e1s intuitivas  Robusto seg\u00fan IP65 y a prueba de ca\u00eddas desde 2 metros\" \/>\n<meta property=\"og:url\" content=\"https:\/\/beiroperu.com\/tienda\/catalogo\/topografia\/distanciometros\/leica-disto-x6\/\" \/>\n<meta property=\"og:site_name\" content=\"Topograf\u00eda, Geolog\u00eda, Miner\u00eda y Equipamiento de Oficina\" \/>\n<meta property=\"article:publisher\" content=\"https:\/\/www.facebook.com\/profile.php?id=61574959587714\" \/>\n<meta property=\"article:modified_time\" content=\"2026-04-03T14:22:10+00:00\" \/>\n<meta property=\"og:image\" content=\"https:\/\/beiroperu.com\/tienda\/wp-content\/uploads\/2026\/04\/leica-disto-x6-distanciometro-1.jpg\" \/>\n\t<meta property=\"og:image:width\" content=\"800\" \/>\n\t<meta property=\"og:image:height\" content=\"930\" \/>\n\t<meta property=\"og:image:type\" content=\"image\/jpeg\" \/>\n<meta name=\"twitter:card\" content=\"summary_large_image\" \/>\n<meta name=\"twitter:label1\" content=\"Tiempo de lectura\" \/>\n\t<meta name=\"twitter:data1\" content=\"1 minuto\" \/>\n<script type=\"application\/ld+json\" class=\"yoast-schema-graph\">{\"@context\":\"https:\/\/schema.org\",\"@graph\":[{\"@type\":\"WebPage\",\"@id\":\"https:\/\/beiroperu.com\/tienda\/catalogo\/topografia\/distanciometros\/leica-disto-x6\/\",\"url\":\"https:\/\/beiroperu.com\/tienda\/catalogo\/topografia\/distanciometros\/leica-disto-x6\/\",\"name\":\"LEICA DISTO X6 - Topograf\u00eda, Geolog\u00eda, Miner\u00eda y Equipamiento de Oficina\",\"isPartOf\":{\"@id\":\"https:\/\/beiroperu.com\/tienda\/#website\"},\"primaryImageOfPage\":{\"@id\":\"https:\/\/beiroperu.com\/tienda\/catalogo\/topografia\/distanciometros\/leica-disto-x6\/#primaryimage\"},\"image\":{\"@id\":\"https:\/\/beiroperu.com\/tienda\/catalogo\/topografia\/distanciometros\/leica-disto-x6\/#primaryimage\"},\"thumbnailUrl\":\"https:\/\/beiroperu.com\/tienda\/wp-content\/uploads\/2026\/04\/leica-disto-x6-distanciometro-1.jpg\",\"datePublished\":\"2026-04-03T14:22:09+00:00\",\"dateModified\":\"2026-04-03T14:22:10+00:00\",\"breadcrumb\":{\"@id\":\"https:\/\/beiroperu.com\/tienda\/catalogo\/topografia\/distanciometros\/leica-disto-x6\/#breadcrumb\"},\"inLanguage\":\"es\",\"potentialAction\":[{\"@type\":\"ReadAction\",\"target\":[\"https:\/\/beiroperu.com\/tienda\/catalogo\/topografia\/distanciometros\/leica-disto-x6\/\"]}]},{\"@type\":\"ImageObject\",\"inLanguage\":\"es\",\"@id\":\"https:\/\/beiroperu.com\/tienda\/catalogo\/topografia\/distanciometros\/leica-disto-x6\/#primaryimage\",\"url\":\"https:\/\/beiroperu.com\/tienda\/wp-content\/uploads\/2026\/04\/leica-disto-x6-distanciometro-1.jpg\",\"contentUrl\":\"https:\/\/beiroperu.com\/tienda\/wp-content\/uploads\/2026\/04\/leica-disto-x6-distanciometro-1.jpg\",\"width\":800,\"height\":930},{\"@type\":\"BreadcrumbList\",\"@id\":\"https:\/\/beiroperu.com\/tienda\/catalogo\/topografia\/distanciometros\/leica-disto-x6\/#breadcrumb\",\"itemListElement\":[{\"@type\":\"ListItem\",\"position\":1,\"name\":\"Portada\",\"item\":\"https:\/\/beiroperu.com\/tienda\/\"},{\"@type\":\"ListItem\",\"position\":2,\"name\":\"Shop\",\"item\":\"https:\/\/beiroperu.com\/tienda\/shop\/\"},{\"@type\":\"ListItem\",\"position\":3,\"name\":\"LEICA DISTO X6\"}]},{\"@type\":\"WebSite\",\"@id\":\"https:\/\/beiroperu.com\/tienda\/#website\",\"url\":\"https:\/\/beiroperu.com\/tienda\/\",\"name\":\"Topograf\u00eda, Geolog\u00eda, Miner\u00eda y Equipamiento de Oficina\",\"description\":\"Beiro Per\u00fa\",\"publisher\":{\"@id\":\"https:\/\/beiroperu.com\/tienda\/#organization\"},\"alternateName\":\"Beiro Per\u00fa\",\"potentialAction\":[{\"@type\":\"SearchAction\",\"target\":{\"@type\":\"EntryPoint\",\"urlTemplate\":\"https:\/\/beiroperu.com\/tienda\/?s={search_term_string}\"},\"query-input\":{\"@type\":\"PropertyValueSpecification\",\"valueRequired\":true,\"valueName\":\"search_term_string\"}}],\"inLanguage\":\"es\"},{\"@type\":\"Organization\",\"@id\":\"https:\/\/beiroperu.com\/tienda\/#organization\",\"name\":\"Beiro\",\"alternateName\":\"Beiro Per\u00fa\",\"url\":\"https:\/\/beiroperu.com\/tienda\/\",\"logo\":{\"@type\":\"ImageObject\",\"inLanguage\":\"es\",\"@id\":\"https:\/\/beiroperu.com\/tienda\/#\/schema\/logo\/image\/\",\"url\":\"https:\/\/beiroperu.com\/tienda\/wp-content\/uploads\/2026\/03\/logo-beiro.jpeg\",\"contentUrl\":\"https:\/\/beiroperu.com\/tienda\/wp-content\/uploads\/2026\/03\/logo-beiro.jpeg\",\"width\":322,\"height\":123,\"caption\":\"Beiro\"},\"image\":{\"@id\":\"https:\/\/beiroperu.com\/tienda\/#\/schema\/logo\/image\/\"},\"sameAs\":[\"https:\/\/www.facebook.com\/profile.php?id=61574959587714\",\"https:\/\/www.instagram.com\/beiro_equipos_topograficos?igsh=cG11NHowcmp1dzFq\",\"https:\/\/www.threads.com\/@beiro_equipos_topograficos\"]}]}<\/script>\n<!-- \/ Yoast SEO plugin. -->","yoast_head_json":{"title":"LEICA DISTO X6 - Topograf\u00eda, Geolog\u00eda, Miner\u00eda y Equipamiento de Oficina","robots":{"index":"index","follow":"follow","max-snippet":"max-snippet:-1","max-image-preview":"max-image-preview:large","max-video-preview":"max-video-preview:-1"},"canonical":"https:\/\/beiroperu.com\/tienda\/catalogo\/topografia\/distanciometros\/leica-disto-x6\/","og_locale":"es_ES","og_type":"article","og_title":"LEICA DISTO X6 - Topograf\u00eda, Geolog\u00eda, Miner\u00eda y Equipamiento de Oficina","og_description":"Alcance\u00a0hasta 250 metros.  Precisi\u00f3n de \u00b11,0 mm, resoluci\u00f3n de 0,1 mm  R\u00e1pida puesta en marcha  Pantalla t\u00e1ctil IPS de 2,8\" brillante y clara con lente antiara\u00f1azos  Tecla DIST en el lateral para mediciones a\u00fan m\u00e1s intuitivas  Robusto seg\u00fan IP65 y a prueba de ca\u00eddas desde 2 metros","og_url":"https:\/\/beiroperu.com\/tienda\/catalogo\/topografia\/distanciometros\/leica-disto-x6\/","og_site_name":"Topograf\u00eda, Geolog\u00eda, Miner\u00eda y Equipamiento de Oficina","article_publisher":"https:\/\/www.facebook.com\/profile.php?id=61574959587714","article_modified_time":"2026-04-03T14:22:10+00:00","og_image":[{"width":800,"height":930,"url":"https:\/\/beiroperu.com\/tienda\/wp-content\/uploads\/2026\/04\/leica-disto-x6-distanciometro-1.jpg","type":"image\/jpeg"}],"twitter_card":"summary_large_image","twitter_misc":{"Tiempo de lectura":"1 minuto"},"schema":{"@context":"https:\/\/schema.org","@graph":[{"@type":"WebPage","@id":"https:\/\/beiroperu.com\/tienda\/catalogo\/topografia\/distanciometros\/leica-disto-x6\/","url":"https:\/\/beiroperu.com\/tienda\/catalogo\/topografia\/distanciometros\/leica-disto-x6\/","name":"LEICA DISTO X6 - Topograf\u00eda, Geolog\u00eda, Miner\u00eda y Equipamiento de Oficina","isPartOf":{"@id":"https:\/\/beiroperu.com\/tienda\/#website"},"primaryImageOfPage":{"@id":"https:\/\/beiroperu.com\/tienda\/catalogo\/topografia\/distanciometros\/leica-disto-x6\/#primaryimage"},"image":{"@id":"https:\/\/beiroperu.com\/tienda\/catalogo\/topografia\/distanciometros\/leica-disto-x6\/#primaryimage"},"thumbnailUrl":"https:\/\/beiroperu.com\/tienda\/wp-content\/uploads\/2026\/04\/leica-disto-x6-distanciometro-1.jpg","datePublished":"2026-04-03T14:22:09+00:00","dateModified":"2026-04-03T14:22:10+00:00","breadcrumb":{"@id":"https:\/\/beiroperu.com\/tienda\/catalogo\/topografia\/distanciometros\/leica-disto-x6\/#breadcrumb"},"inLanguage":"es","potentialAction":[{"@type":"ReadAction","target":["https:\/\/beiroperu.com\/tienda\/catalogo\/topografia\/distanciometros\/leica-disto-x6\/"]}]},{"@type":"ImageObject","inLanguage":"es","@id":"https:\/\/beiroperu.com\/tienda\/catalogo\/topografia\/distanciometros\/leica-disto-x6\/#primaryimage","url":"https:\/\/beiroperu.com\/tienda\/wp-content\/uploads\/2026\/04\/leica-disto-x6-distanciometro-1.jpg","contentUrl":"https:\/\/beiroperu.com\/tienda\/wp-content\/uploads\/2026\/04\/leica-disto-x6-distanciometro-1.jpg","width":800,"height":930},{"@type":"BreadcrumbList","@id":"https:\/\/beiroperu.com\/tienda\/catalogo\/topografia\/distanciometros\/leica-disto-x6\/#breadcrumb","itemListElement":[{"@type":"ListItem","position":1,"name":"Portada","item":"https:\/\/beiroperu.com\/tienda\/"},{"@type":"ListItem","position":2,"name":"Shop","item":"https:\/\/beiroperu.com\/tienda\/shop\/"},{"@type":"ListItem","position":3,"name":"LEICA DISTO X6"}]},{"@type":"WebSite","@id":"https:\/\/beiroperu.com\/tienda\/#website","url":"https:\/\/beiroperu.com\/tienda\/","name":"Topograf\u00eda, Geolog\u00eda, Miner\u00eda y Equipamiento de Oficina","description":"Beiro Per\u00fa","publisher":{"@id":"https:\/\/beiroperu.com\/tienda\/#organization"},"alternateName":"Beiro Per\u00fa","potentialAction":[{"@type":"SearchAction","target":{"@type":"EntryPoint","urlTemplate":"https:\/\/beiroperu.com\/tienda\/?s={search_term_string}"},"query-input":{"@type":"PropertyValueSpecification","valueRequired":true,"valueName":"search_term_string"}}],"inLanguage":"es"},{"@type":"Organization","@id":"https:\/\/beiroperu.com\/tienda\/#organization","name":"Beiro","alternateName":"Beiro Per\u00fa","url":"https:\/\/beiroperu.com\/tienda\/","logo":{"@type":"ImageObject","inLanguage":"es","@id":"https:\/\/beiroperu.com\/tienda\/#\/schema\/logo\/image\/","url":"https:\/\/beiroperu.com\/tienda\/wp-content\/uploads\/2026\/03\/logo-beiro.jpeg","contentUrl":"https:\/\/beiroperu.com\/tienda\/wp-content\/uploads\/2026\/03\/logo-beiro.jpeg","width":322,"height":123,"caption":"Beiro"},"image":{"@id":"https:\/\/beiroperu.com\/tienda\/#\/schema\/logo\/image\/"},"sameAs":["https:\/\/www.facebook.com\/profile.php?id=61574959587714","https:\/\/www.instagram.com\/beiro_equipos_topograficos?igsh=cG11NHowcmp1dzFq","https:\/\/www.threads.com\/@beiro_equipos_topograficos"]}]}},"_links":{"self":[{"href":"https:\/\/beiroperu.com\/tienda\/wp-json\/wp\/v2\/product\/37415","targetHints":{"allow":["GET"]}}],"collection":[{"href":"https:\/\/beiroperu.com\/tienda\/wp-json\/wp\/v2\/product"}],"about":[{"href":"https:\/\/beiroperu.com\/tienda\/wp-json\/wp\/v2\/types\/product"}],"replies":[{"embeddable":true,"href":"https:\/\/beiroperu.com\/tienda\/wp-json\/wp\/v2\/comments?post=37415"}],"wp:featuredmedia":[{"embeddable":true,"href":"https:\/\/beiroperu.com\/tienda\/wp-json\/wp\/v2\/media\/37416"}],"wp:attachment":[{"href":"https:\/\/beiroperu.com\/tienda\/wp-json\/wp\/v2\/media?parent=37415"}],"wp:term":[{"taxonomy":"product_brand","embeddable":true,"href":"https:\/\/beiroperu.com\/tienda\/wp-json\/wp\/v2\/product_brand?post=37415"},{"taxonomy":"product_cat","embeddable":true,"href":"https:\/\/beiroperu.com\/tienda\/wp-json\/wp\/v2\/product_cat?post=37415"},{"taxonomy":"product_tag","embeddable":true,"href":"https:\/\/beiroperu.com\/tienda\/wp-json\/wp\/v2\/product_tag?post=37415"}],"curies":[{"name":"wp","href":"https:\/\/api.w.org\/{rel}","templated":true}]}}