{"id":37430,"date":"2026-04-05T08:34:56","date_gmt":"2026-04-05T13:34:56","guid":{"rendered":"https:\/\/beiroperu.com\/tienda\/?post_type=product&#038;p=37430"},"modified":"2026-04-05T08:34:57","modified_gmt":"2026-04-05T13:34:57","slug":"bushnell-powerview-20x55mm","status":"publish","type":"product","link":"https:\/\/beiroperu.com\/tienda\/catalogo\/geologia\/binoculares\/bushnell-powerview-20x55mm\/","title":{"rendered":"BUSHNELL POWERVIEW 20x55MM"},"content":{"rendered":"<p><strong>CARACTER\u00cdSTICAS:<\/strong><\/p>\n<ul>\n<li>Lentes \u00f3pticos con m\u00faltiples recubrimientos para im\u00e1genes claras y brillantes.<\/li>\n<li>Palanca InstaFocus para enfoque r\u00e1pido.<\/li>\n<li>Armadura de caucho resistente.<\/li>\n<li>Ojeras blandas y plegables.<\/li>\n<\/ul>\n<p><strong>ESPECIFICACIONES T\u00c9CNICAS<\/strong><\/p>\n<p>Aumento : 20x<br \/>\nObjetivo : 50mm<br \/>\nSistema de Enfoque : Insta-Focus<br \/>\nSistema de prisma : prisma de porro<br \/>\nCampo de Vision : 57m@1000m&gt;<\/p>\n<p>Distancia de la pupila al ocular : 9mm<\/p>\n<p>Pupila de salida : 2.5mm<br \/>\nPeso : 851g<br \/>\nRevestimiento : Multi-Coated<\/p>\n","protected":false},"excerpt":{"rendered":"<ul>\n<li>Lentes \u00f3pticos con m\u00faltiples recubrimientos para im\u00e1genes claras y brillantes.<\/li>\n<li>Palanca InstaFocus para enfoque r\u00e1pido.<\/li>\n<li>Armadura de caucho resistente.<\/li>\n<li>Ojeras blandas y plegables.<\/li>\n<\/ul>\n","protected":false},"featured_media":37431,"comment_status":"closed","ping_status":"closed","template":"","meta":[],"product_brand":[190],"product_cat":[124],"product_tag":[191,134],"class_list":{"0":"post-37430","1":"product","2":"type-product","3":"status-publish","4":"has-post-thumbnail","6":"product_brand-bushnell","7":"product_cat-binoculares","8":"product_tag-binocular","9":"product_tag-geologia","11":"first","12":"instock","13":"shipping-taxable","14":"product-type-simple"},"yoast_head":"<!-- This site is optimized with the Yoast SEO plugin v27.2 - https:\/\/yoast.com\/product\/yoast-seo-wordpress\/ -->\n<title>BUSHNELL POWERVIEW 20x55MM - Topograf\u00eda, Geolog\u00eda, Miner\u00eda y Equipamiento de Oficina<\/title>\n<meta name=\"robots\" content=\"index, follow, max-snippet:-1, max-image-preview:large, max-video-preview:-1\" \/>\n<link rel=\"canonical\" href=\"https:\/\/beiroperu.com\/tienda\/catalogo\/geologia\/binoculares\/bushnell-powerview-20x55mm\/\" \/>\n<meta property=\"og:locale\" content=\"es_ES\" \/>\n<meta property=\"og:type\" content=\"article\" \/>\n<meta property=\"og:title\" content=\"BUSHNELL POWERVIEW 20x55MM - Topograf\u00eda, Geolog\u00eda, Miner\u00eda y Equipamiento de Oficina\" \/>\n<meta property=\"og:description\" content=\"Lentes \u00f3pticos con m\u00faltiples recubrimientos para im\u00e1genes claras y brillantes.  Palanca InstaFocus para enfoque r\u00e1pido.  Armadura de caucho resistente.  Ojeras blandas y plegables.\" \/>\n<meta property=\"og:url\" content=\"https:\/\/beiroperu.com\/tienda\/catalogo\/geologia\/binoculares\/bushnell-powerview-20x55mm\/\" \/>\n<meta property=\"og:site_name\" content=\"Topograf\u00eda, Geolog\u00eda, Miner\u00eda y Equipamiento de Oficina\" \/>\n<meta property=\"article:publisher\" content=\"https:\/\/www.facebook.com\/profile.php?id=61574959587714\" \/>\n<meta property=\"article:modified_time\" content=\"2026-04-05T13:34:57+00:00\" \/>\n<meta property=\"og:image\" content=\"https:\/\/beiroperu.com\/tienda\/wp-content\/uploads\/2026\/04\/bushnell-powerview-20x55mm-binocular-1.jpg\" \/>\n\t<meta property=\"og:image:width\" content=\"800\" \/>\n\t<meta property=\"og:image:height\" content=\"930\" \/>\n\t<meta property=\"og:image:type\" content=\"image\/jpeg\" \/>\n<meta name=\"twitter:card\" content=\"summary_large_image\" \/>\n<meta name=\"twitter:label1\" content=\"Tiempo de lectura\" \/>\n\t<meta name=\"twitter:data1\" content=\"1 minuto\" \/>\n<script type=\"application\/ld+json\" class=\"yoast-schema-graph\">{\"@context\":\"https:\/\/schema.org\",\"@graph\":[{\"@type\":\"WebPage\",\"@id\":\"https:\/\/beiroperu.com\/tienda\/catalogo\/geologia\/binoculares\/bushnell-powerview-20x55mm\/\",\"url\":\"https:\/\/beiroperu.com\/tienda\/catalogo\/geologia\/binoculares\/bushnell-powerview-20x55mm\/\",\"name\":\"BUSHNELL POWERVIEW 20x55MM - Topograf\u00eda, Geolog\u00eda, Miner\u00eda y Equipamiento de Oficina\",\"isPartOf\":{\"@id\":\"https:\/\/beiroperu.com\/tienda\/#website\"},\"primaryImageOfPage\":{\"@id\":\"https:\/\/beiroperu.com\/tienda\/catalogo\/geologia\/binoculares\/bushnell-powerview-20x55mm\/#primaryimage\"},\"image\":{\"@id\":\"https:\/\/beiroperu.com\/tienda\/catalogo\/geologia\/binoculares\/bushnell-powerview-20x55mm\/#primaryimage\"},\"thumbnailUrl\":\"https:\/\/beiroperu.com\/tienda\/wp-content\/uploads\/2026\/04\/bushnell-powerview-20x55mm-binocular-1.jpg\",\"datePublished\":\"2026-04-05T13:34:56+00:00\",\"dateModified\":\"2026-04-05T13:34:57+00:00\",\"breadcrumb\":{\"@id\":\"https:\/\/beiroperu.com\/tienda\/catalogo\/geologia\/binoculares\/bushnell-powerview-20x55mm\/#breadcrumb\"},\"inLanguage\":\"es\",\"potentialAction\":[{\"@type\":\"ReadAction\",\"target\":[\"https:\/\/beiroperu.com\/tienda\/catalogo\/geologia\/binoculares\/bushnell-powerview-20x55mm\/\"]}]},{\"@type\":\"ImageObject\",\"inLanguage\":\"es\",\"@id\":\"https:\/\/beiroperu.com\/tienda\/catalogo\/geologia\/binoculares\/bushnell-powerview-20x55mm\/#primaryimage\",\"url\":\"https:\/\/beiroperu.com\/tienda\/wp-content\/uploads\/2026\/04\/bushnell-powerview-20x55mm-binocular-1.jpg\",\"contentUrl\":\"https:\/\/beiroperu.com\/tienda\/wp-content\/uploads\/2026\/04\/bushnell-powerview-20x55mm-binocular-1.jpg\",\"width\":800,\"height\":930},{\"@type\":\"BreadcrumbList\",\"@id\":\"https:\/\/beiroperu.com\/tienda\/catalogo\/geologia\/binoculares\/bushnell-powerview-20x55mm\/#breadcrumb\",\"itemListElement\":[{\"@type\":\"ListItem\",\"position\":1,\"name\":\"Portada\",\"item\":\"https:\/\/beiroperu.com\/tienda\/\"},{\"@type\":\"ListItem\",\"position\":2,\"name\":\"Shop\",\"item\":\"https:\/\/beiroperu.com\/tienda\/shop\/\"},{\"@type\":\"ListItem\",\"position\":3,\"name\":\"BUSHNELL POWERVIEW 20x55MM\"}]},{\"@type\":\"WebSite\",\"@id\":\"https:\/\/beiroperu.com\/tienda\/#website\",\"url\":\"https:\/\/beiroperu.com\/tienda\/\",\"name\":\"Topograf\u00eda, Geolog\u00eda, Miner\u00eda y Equipamiento de Oficina\",\"description\":\"Beiro Per\u00fa\",\"publisher\":{\"@id\":\"https:\/\/beiroperu.com\/tienda\/#organization\"},\"alternateName\":\"Beiro Per\u00fa\",\"potentialAction\":[{\"@type\":\"SearchAction\",\"target\":{\"@type\":\"EntryPoint\",\"urlTemplate\":\"https:\/\/beiroperu.com\/tienda\/?s={search_term_string}\"},\"query-input\":{\"@type\":\"PropertyValueSpecification\",\"valueRequired\":true,\"valueName\":\"search_term_string\"}}],\"inLanguage\":\"es\"},{\"@type\":\"Organization\",\"@id\":\"https:\/\/beiroperu.com\/tienda\/#organization\",\"name\":\"Beiro\",\"alternateName\":\"Beiro Per\u00fa\",\"url\":\"https:\/\/beiroperu.com\/tienda\/\",\"logo\":{\"@type\":\"ImageObject\",\"inLanguage\":\"es\",\"@id\":\"https:\/\/beiroperu.com\/tienda\/#\/schema\/logo\/image\/\",\"url\":\"https:\/\/beiroperu.com\/tienda\/wp-content\/uploads\/2026\/03\/logo-beiro.jpeg\",\"contentUrl\":\"https:\/\/beiroperu.com\/tienda\/wp-content\/uploads\/2026\/03\/logo-beiro.jpeg\",\"width\":322,\"height\":123,\"caption\":\"Beiro\"},\"image\":{\"@id\":\"https:\/\/beiroperu.com\/tienda\/#\/schema\/logo\/image\/\"},\"sameAs\":[\"https:\/\/www.facebook.com\/profile.php?id=61574959587714\",\"https:\/\/www.instagram.com\/beiro_equipos_topograficos?igsh=cG11NHowcmp1dzFq\",\"https:\/\/www.threads.com\/@beiro_equipos_topograficos\"]}]}<\/script>\n<!-- \/ Yoast SEO plugin. -->","yoast_head_json":{"title":"BUSHNELL POWERVIEW 20x55MM - Topograf\u00eda, Geolog\u00eda, Miner\u00eda y Equipamiento de Oficina","robots":{"index":"index","follow":"follow","max-snippet":"max-snippet:-1","max-image-preview":"max-image-preview:large","max-video-preview":"max-video-preview:-1"},"canonical":"https:\/\/beiroperu.com\/tienda\/catalogo\/geologia\/binoculares\/bushnell-powerview-20x55mm\/","og_locale":"es_ES","og_type":"article","og_title":"BUSHNELL POWERVIEW 20x55MM - Topograf\u00eda, Geolog\u00eda, Miner\u00eda y Equipamiento de Oficina","og_description":"Lentes \u00f3pticos con m\u00faltiples recubrimientos para im\u00e1genes claras y brillantes.  Palanca InstaFocus para enfoque r\u00e1pido.  Armadura de caucho resistente.  Ojeras blandas y plegables.","og_url":"https:\/\/beiroperu.com\/tienda\/catalogo\/geologia\/binoculares\/bushnell-powerview-20x55mm\/","og_site_name":"Topograf\u00eda, Geolog\u00eda, Miner\u00eda y Equipamiento de Oficina","article_publisher":"https:\/\/www.facebook.com\/profile.php?id=61574959587714","article_modified_time":"2026-04-05T13:34:57+00:00","og_image":[{"width":800,"height":930,"url":"https:\/\/beiroperu.com\/tienda\/wp-content\/uploads\/2026\/04\/bushnell-powerview-20x55mm-binocular-1.jpg","type":"image\/jpeg"}],"twitter_card":"summary_large_image","twitter_misc":{"Tiempo de lectura":"1 minuto"},"schema":{"@context":"https:\/\/schema.org","@graph":[{"@type":"WebPage","@id":"https:\/\/beiroperu.com\/tienda\/catalogo\/geologia\/binoculares\/bushnell-powerview-20x55mm\/","url":"https:\/\/beiroperu.com\/tienda\/catalogo\/geologia\/binoculares\/bushnell-powerview-20x55mm\/","name":"BUSHNELL POWERVIEW 20x55MM - Topograf\u00eda, Geolog\u00eda, Miner\u00eda y Equipamiento de Oficina","isPartOf":{"@id":"https:\/\/beiroperu.com\/tienda\/#website"},"primaryImageOfPage":{"@id":"https:\/\/beiroperu.com\/tienda\/catalogo\/geologia\/binoculares\/bushnell-powerview-20x55mm\/#primaryimage"},"image":{"@id":"https:\/\/beiroperu.com\/tienda\/catalogo\/geologia\/binoculares\/bushnell-powerview-20x55mm\/#primaryimage"},"thumbnailUrl":"https:\/\/beiroperu.com\/tienda\/wp-content\/uploads\/2026\/04\/bushnell-powerview-20x55mm-binocular-1.jpg","datePublished":"2026-04-05T13:34:56+00:00","dateModified":"2026-04-05T13:34:57+00:00","breadcrumb":{"@id":"https:\/\/beiroperu.com\/tienda\/catalogo\/geologia\/binoculares\/bushnell-powerview-20x55mm\/#breadcrumb"},"inLanguage":"es","potentialAction":[{"@type":"ReadAction","target":["https:\/\/beiroperu.com\/tienda\/catalogo\/geologia\/binoculares\/bushnell-powerview-20x55mm\/"]}]},{"@type":"ImageObject","inLanguage":"es","@id":"https:\/\/beiroperu.com\/tienda\/catalogo\/geologia\/binoculares\/bushnell-powerview-20x55mm\/#primaryimage","url":"https:\/\/beiroperu.com\/tienda\/wp-content\/uploads\/2026\/04\/bushnell-powerview-20x55mm-binocular-1.jpg","contentUrl":"https:\/\/beiroperu.com\/tienda\/wp-content\/uploads\/2026\/04\/bushnell-powerview-20x55mm-binocular-1.jpg","width":800,"height":930},{"@type":"BreadcrumbList","@id":"https:\/\/beiroperu.com\/tienda\/catalogo\/geologia\/binoculares\/bushnell-powerview-20x55mm\/#breadcrumb","itemListElement":[{"@type":"ListItem","position":1,"name":"Portada","item":"https:\/\/beiroperu.com\/tienda\/"},{"@type":"ListItem","position":2,"name":"Shop","item":"https:\/\/beiroperu.com\/tienda\/shop\/"},{"@type":"ListItem","position":3,"name":"BUSHNELL POWERVIEW 20x55MM"}]},{"@type":"WebSite","@id":"https:\/\/beiroperu.com\/tienda\/#website","url":"https:\/\/beiroperu.com\/tienda\/","name":"Topograf\u00eda, Geolog\u00eda, Miner\u00eda y Equipamiento de Oficina","description":"Beiro Per\u00fa","publisher":{"@id":"https:\/\/beiroperu.com\/tienda\/#organization"},"alternateName":"Beiro Per\u00fa","potentialAction":[{"@type":"SearchAction","target":{"@type":"EntryPoint","urlTemplate":"https:\/\/beiroperu.com\/tienda\/?s={search_term_string}"},"query-input":{"@type":"PropertyValueSpecification","valueRequired":true,"valueName":"search_term_string"}}],"inLanguage":"es"},{"@type":"Organization","@id":"https:\/\/beiroperu.com\/tienda\/#organization","name":"Beiro","alternateName":"Beiro Per\u00fa","url":"https:\/\/beiroperu.com\/tienda\/","logo":{"@type":"ImageObject","inLanguage":"es","@id":"https:\/\/beiroperu.com\/tienda\/#\/schema\/logo\/image\/","url":"https:\/\/beiroperu.com\/tienda\/wp-content\/uploads\/2026\/03\/logo-beiro.jpeg","contentUrl":"https:\/\/beiroperu.com\/tienda\/wp-content\/uploads\/2026\/03\/logo-beiro.jpeg","width":322,"height":123,"caption":"Beiro"},"image":{"@id":"https:\/\/beiroperu.com\/tienda\/#\/schema\/logo\/image\/"},"sameAs":["https:\/\/www.facebook.com\/profile.php?id=61574959587714","https:\/\/www.instagram.com\/beiro_equipos_topograficos?igsh=cG11NHowcmp1dzFq","https:\/\/www.threads.com\/@beiro_equipos_topograficos"]}]}},"_links":{"self":[{"href":"https:\/\/beiroperu.com\/tienda\/wp-json\/wp\/v2\/product\/37430","targetHints":{"allow":["GET"]}}],"collection":[{"href":"https:\/\/beiroperu.com\/tienda\/wp-json\/wp\/v2\/product"}],"about":[{"href":"https:\/\/beiroperu.com\/tienda\/wp-json\/wp\/v2\/types\/product"}],"replies":[{"embeddable":true,"href":"https:\/\/beiroperu.com\/tienda\/wp-json\/wp\/v2\/comments?post=37430"}],"wp:featuredmedia":[{"embeddable":true,"href":"https:\/\/beiroperu.com\/tienda\/wp-json\/wp\/v2\/media\/37431"}],"wp:attachment":[{"href":"https:\/\/beiroperu.com\/tienda\/wp-json\/wp\/v2\/media?parent=37430"}],"wp:term":[{"taxonomy":"product_brand","embeddable":true,"href":"https:\/\/beiroperu.com\/tienda\/wp-json\/wp\/v2\/product_brand?post=37430"},{"taxonomy":"product_cat","embeddable":true,"href":"https:\/\/beiroperu.com\/tienda\/wp-json\/wp\/v2\/product_cat?post=37430"},{"taxonomy":"product_tag","embeddable":true,"href":"https:\/\/beiroperu.com\/tienda\/wp-json\/wp\/v2\/product_tag?post=37430"}],"curies":[{"name":"wp","href":"https:\/\/api.w.org\/{rel}","templated":true}]}}