{"id":37436,"date":"2026-04-05T08:47:20","date_gmt":"2026-04-05T13:47:20","guid":{"rendered":"https:\/\/beiroperu.com\/tienda\/?post_type=product&#038;p=37436"},"modified":"2026-04-05T08:47:21","modified_gmt":"2026-04-05T13:47:21","slug":"monocular-bushnell-equinox-z","status":"publish","type":"product","link":"https:\/\/beiroperu.com\/tienda\/catalogo\/geologia\/binoculares\/monocular-bushnell-equinox-z\/","title":{"rendered":"MONOCULAR BUSHNELL EQUINOX Z"},"content":{"rendered":"<p><strong>CARACTER\u00cdSTICAS:<\/strong><\/p>\n<ul>\n<li>Captura de imagen<\/li>\n<li>Grabaci\u00f3n de video y sonido<\/li>\n<li>Zoom 1-3x<\/li>\n<li>Color diurno<\/li>\n<li>Salida de video<\/li>\n<li>Brillo IR ajustable<\/li>\n<li>Objetivo de vidrio<\/li>\n<li>Recoil probado a 350 g<\/li>\n<li>Hasta 1000 pies de visi\u00f3n con iluminador infrarrojo<\/li>\n<li>Estuche de transporte<\/li>\n<\/ul>\n<p><strong>ESPECIFICACIONES TECNICAS:<\/strong><\/p>\n<ul>\n<li>Ampliaci\u00f3n x Lente Obj :6x 50mm<\/li>\n<li>Montura tr\u00edpode :S\u00ed<\/li>\n<li>Campo de visi\u00f3n : ft @ 100yds \/ m @ 100m20\/6<\/li>\n<li>Iluminador de infrarrojos :S\u00ed<\/li>\n<li>Peso : oz \/ gr27\/765<\/li>\n<li>Tipo de Bater\u00eda :AA (4)<\/li>\n<li>Tama\u00f1o : en \/ mm7.85 x 3.9 x 2.5 \/ 191 x 98 x 64<\/li>\n<li>Rango de visi\u00f3n : ft \/ m984\/300<\/li>\n<\/ul>\n","protected":false},"excerpt":{"rendered":"<ul>\n<li>Captura de imagen<\/li>\n<li>Grabaci\u00f3n de video y sonido<\/li>\n<li>Zoom 1-3x<\/li>\n<li>Color diurno<\/li>\n<li>Salida de video<\/li>\n<li>Brillo IR ajustable<\/li>\n<li>Objetivo de vidrio<\/li>\n<li>Recoil probado a 350 g<\/li>\n<li>Hasta 1000 pies de visi\u00f3n con iluminador infrarrojo<\/li>\n<li>Estuche de transporte<\/li>\n<\/ul>\n","protected":false},"featured_media":37437,"comment_status":"closed","ping_status":"closed","template":"","meta":[],"product_brand":[190],"product_cat":[124],"product_tag":[191,134],"class_list":{"0":"post-37436","1":"product","2":"type-product","3":"status-publish","4":"has-post-thumbnail","6":"product_brand-bushnell","7":"product_cat-binoculares","8":"product_tag-binocular","9":"product_tag-geologia","11":"first","12":"instock","13":"shipping-taxable","14":"product-type-simple"},"yoast_head":"<!-- This site is optimized with the Yoast SEO plugin v27.2 - https:\/\/yoast.com\/product\/yoast-seo-wordpress\/ -->\n<title>MONOCULAR BUSHNELL EQUINOX Z - Topograf\u00eda, Geolog\u00eda, Miner\u00eda y Equipamiento de Oficina<\/title>\n<meta name=\"robots\" content=\"index, follow, max-snippet:-1, max-image-preview:large, max-video-preview:-1\" \/>\n<link rel=\"canonical\" href=\"https:\/\/beiroperu.com\/tienda\/catalogo\/geologia\/binoculares\/monocular-bushnell-equinox-z\/\" \/>\n<meta property=\"og:locale\" content=\"es_ES\" \/>\n<meta property=\"og:type\" content=\"article\" \/>\n<meta property=\"og:title\" content=\"MONOCULAR BUSHNELL EQUINOX Z - Topograf\u00eda, Geolog\u00eda, Miner\u00eda y Equipamiento de Oficina\" \/>\n<meta property=\"og:description\" content=\"Captura de imagen  Grabaci\u00f3n de video y sonido  Zoom 1-3x  Color diurno  Salida de video  Brillo IR ajustable  Objetivo de vidrio  Recoil probado a 350 g  Hasta 1000 pies de visi\u00f3n con iluminador infrarrojo  Estuche de transporte\" \/>\n<meta property=\"og:url\" content=\"https:\/\/beiroperu.com\/tienda\/catalogo\/geologia\/binoculares\/monocular-bushnell-equinox-z\/\" \/>\n<meta property=\"og:site_name\" content=\"Topograf\u00eda, Geolog\u00eda, Miner\u00eda y Equipamiento de Oficina\" \/>\n<meta property=\"article:publisher\" content=\"https:\/\/www.facebook.com\/profile.php?id=61574959587714\" \/>\n<meta property=\"article:modified_time\" content=\"2026-04-05T13:47:21+00:00\" \/>\n<meta property=\"og:image\" content=\"https:\/\/beiroperu.com\/tienda\/wp-content\/uploads\/2026\/04\/bushnell-nocular-equinox-z-binocular-1.jpg\" \/>\n\t<meta property=\"og:image:width\" content=\"800\" \/>\n\t<meta property=\"og:image:height\" content=\"930\" \/>\n\t<meta property=\"og:image:type\" content=\"image\/jpeg\" \/>\n<meta name=\"twitter:card\" content=\"summary_large_image\" \/>\n<meta name=\"twitter:label1\" content=\"Tiempo de lectura\" \/>\n\t<meta name=\"twitter:data1\" content=\"1 minuto\" \/>\n<script type=\"application\/ld+json\" class=\"yoast-schema-graph\">{\"@context\":\"https:\/\/schema.org\",\"@graph\":[{\"@type\":\"WebPage\",\"@id\":\"https:\/\/beiroperu.com\/tienda\/catalogo\/geologia\/binoculares\/monocular-bushnell-equinox-z\/\",\"url\":\"https:\/\/beiroperu.com\/tienda\/catalogo\/geologia\/binoculares\/monocular-bushnell-equinox-z\/\",\"name\":\"MONOCULAR BUSHNELL EQUINOX Z - Topograf\u00eda, Geolog\u00eda, Miner\u00eda y Equipamiento de Oficina\",\"isPartOf\":{\"@id\":\"https:\/\/beiroperu.com\/tienda\/#website\"},\"primaryImageOfPage\":{\"@id\":\"https:\/\/beiroperu.com\/tienda\/catalogo\/geologia\/binoculares\/monocular-bushnell-equinox-z\/#primaryimage\"},\"image\":{\"@id\":\"https:\/\/beiroperu.com\/tienda\/catalogo\/geologia\/binoculares\/monocular-bushnell-equinox-z\/#primaryimage\"},\"thumbnailUrl\":\"https:\/\/beiroperu.com\/tienda\/wp-content\/uploads\/2026\/04\/bushnell-nocular-equinox-z-binocular-1.jpg\",\"datePublished\":\"2026-04-05T13:47:20+00:00\",\"dateModified\":\"2026-04-05T13:47:21+00:00\",\"breadcrumb\":{\"@id\":\"https:\/\/beiroperu.com\/tienda\/catalogo\/geologia\/binoculares\/monocular-bushnell-equinox-z\/#breadcrumb\"},\"inLanguage\":\"es\",\"potentialAction\":[{\"@type\":\"ReadAction\",\"target\":[\"https:\/\/beiroperu.com\/tienda\/catalogo\/geologia\/binoculares\/monocular-bushnell-equinox-z\/\"]}]},{\"@type\":\"ImageObject\",\"inLanguage\":\"es\",\"@id\":\"https:\/\/beiroperu.com\/tienda\/catalogo\/geologia\/binoculares\/monocular-bushnell-equinox-z\/#primaryimage\",\"url\":\"https:\/\/beiroperu.com\/tienda\/wp-content\/uploads\/2026\/04\/bushnell-nocular-equinox-z-binocular-1.jpg\",\"contentUrl\":\"https:\/\/beiroperu.com\/tienda\/wp-content\/uploads\/2026\/04\/bushnell-nocular-equinox-z-binocular-1.jpg\",\"width\":800,\"height\":930},{\"@type\":\"BreadcrumbList\",\"@id\":\"https:\/\/beiroperu.com\/tienda\/catalogo\/geologia\/binoculares\/monocular-bushnell-equinox-z\/#breadcrumb\",\"itemListElement\":[{\"@type\":\"ListItem\",\"position\":1,\"name\":\"Portada\",\"item\":\"https:\/\/beiroperu.com\/tienda\/\"},{\"@type\":\"ListItem\",\"position\":2,\"name\":\"Shop\",\"item\":\"https:\/\/beiroperu.com\/tienda\/shop\/\"},{\"@type\":\"ListItem\",\"position\":3,\"name\":\"MONOCULAR BUSHNELL EQUINOX Z\"}]},{\"@type\":\"WebSite\",\"@id\":\"https:\/\/beiroperu.com\/tienda\/#website\",\"url\":\"https:\/\/beiroperu.com\/tienda\/\",\"name\":\"Topograf\u00eda, Geolog\u00eda, Miner\u00eda y Equipamiento de Oficina\",\"description\":\"Beiro Per\u00fa\",\"publisher\":{\"@id\":\"https:\/\/beiroperu.com\/tienda\/#organization\"},\"alternateName\":\"Beiro Per\u00fa\",\"potentialAction\":[{\"@type\":\"SearchAction\",\"target\":{\"@type\":\"EntryPoint\",\"urlTemplate\":\"https:\/\/beiroperu.com\/tienda\/?s={search_term_string}\"},\"query-input\":{\"@type\":\"PropertyValueSpecification\",\"valueRequired\":true,\"valueName\":\"search_term_string\"}}],\"inLanguage\":\"es\"},{\"@type\":\"Organization\",\"@id\":\"https:\/\/beiroperu.com\/tienda\/#organization\",\"name\":\"Beiro\",\"alternateName\":\"Beiro Per\u00fa\",\"url\":\"https:\/\/beiroperu.com\/tienda\/\",\"logo\":{\"@type\":\"ImageObject\",\"inLanguage\":\"es\",\"@id\":\"https:\/\/beiroperu.com\/tienda\/#\/schema\/logo\/image\/\",\"url\":\"https:\/\/beiroperu.com\/tienda\/wp-content\/uploads\/2026\/03\/logo-beiro.jpeg\",\"contentUrl\":\"https:\/\/beiroperu.com\/tienda\/wp-content\/uploads\/2026\/03\/logo-beiro.jpeg\",\"width\":322,\"height\":123,\"caption\":\"Beiro\"},\"image\":{\"@id\":\"https:\/\/beiroperu.com\/tienda\/#\/schema\/logo\/image\/\"},\"sameAs\":[\"https:\/\/www.facebook.com\/profile.php?id=61574959587714\",\"https:\/\/www.instagram.com\/beiro_equipos_topograficos?igsh=cG11NHowcmp1dzFq\",\"https:\/\/www.threads.com\/@beiro_equipos_topograficos\"]}]}<\/script>\n<!-- \/ Yoast SEO plugin. -->","yoast_head_json":{"title":"MONOCULAR BUSHNELL EQUINOX Z - Topograf\u00eda, Geolog\u00eda, Miner\u00eda y Equipamiento de Oficina","robots":{"index":"index","follow":"follow","max-snippet":"max-snippet:-1","max-image-preview":"max-image-preview:large","max-video-preview":"max-video-preview:-1"},"canonical":"https:\/\/beiroperu.com\/tienda\/catalogo\/geologia\/binoculares\/monocular-bushnell-equinox-z\/","og_locale":"es_ES","og_type":"article","og_title":"MONOCULAR BUSHNELL EQUINOX Z - Topograf\u00eda, Geolog\u00eda, Miner\u00eda y Equipamiento de Oficina","og_description":"Captura de imagen  Grabaci\u00f3n de video y sonido  Zoom 1-3x  Color diurno  Salida de video  Brillo IR ajustable  Objetivo de vidrio  Recoil probado a 350 g  Hasta 1000 pies de visi\u00f3n con iluminador infrarrojo  Estuche de transporte","og_url":"https:\/\/beiroperu.com\/tienda\/catalogo\/geologia\/binoculares\/monocular-bushnell-equinox-z\/","og_site_name":"Topograf\u00eda, Geolog\u00eda, Miner\u00eda y Equipamiento de Oficina","article_publisher":"https:\/\/www.facebook.com\/profile.php?id=61574959587714","article_modified_time":"2026-04-05T13:47:21+00:00","og_image":[{"width":800,"height":930,"url":"https:\/\/beiroperu.com\/tienda\/wp-content\/uploads\/2026\/04\/bushnell-nocular-equinox-z-binocular-1.jpg","type":"image\/jpeg"}],"twitter_card":"summary_large_image","twitter_misc":{"Tiempo de lectura":"1 minuto"},"schema":{"@context":"https:\/\/schema.org","@graph":[{"@type":"WebPage","@id":"https:\/\/beiroperu.com\/tienda\/catalogo\/geologia\/binoculares\/monocular-bushnell-equinox-z\/","url":"https:\/\/beiroperu.com\/tienda\/catalogo\/geologia\/binoculares\/monocular-bushnell-equinox-z\/","name":"MONOCULAR BUSHNELL EQUINOX Z - Topograf\u00eda, Geolog\u00eda, Miner\u00eda y Equipamiento de Oficina","isPartOf":{"@id":"https:\/\/beiroperu.com\/tienda\/#website"},"primaryImageOfPage":{"@id":"https:\/\/beiroperu.com\/tienda\/catalogo\/geologia\/binoculares\/monocular-bushnell-equinox-z\/#primaryimage"},"image":{"@id":"https:\/\/beiroperu.com\/tienda\/catalogo\/geologia\/binoculares\/monocular-bushnell-equinox-z\/#primaryimage"},"thumbnailUrl":"https:\/\/beiroperu.com\/tienda\/wp-content\/uploads\/2026\/04\/bushnell-nocular-equinox-z-binocular-1.jpg","datePublished":"2026-04-05T13:47:20+00:00","dateModified":"2026-04-05T13:47:21+00:00","breadcrumb":{"@id":"https:\/\/beiroperu.com\/tienda\/catalogo\/geologia\/binoculares\/monocular-bushnell-equinox-z\/#breadcrumb"},"inLanguage":"es","potentialAction":[{"@type":"ReadAction","target":["https:\/\/beiroperu.com\/tienda\/catalogo\/geologia\/binoculares\/monocular-bushnell-equinox-z\/"]}]},{"@type":"ImageObject","inLanguage":"es","@id":"https:\/\/beiroperu.com\/tienda\/catalogo\/geologia\/binoculares\/monocular-bushnell-equinox-z\/#primaryimage","url":"https:\/\/beiroperu.com\/tienda\/wp-content\/uploads\/2026\/04\/bushnell-nocular-equinox-z-binocular-1.jpg","contentUrl":"https:\/\/beiroperu.com\/tienda\/wp-content\/uploads\/2026\/04\/bushnell-nocular-equinox-z-binocular-1.jpg","width":800,"height":930},{"@type":"BreadcrumbList","@id":"https:\/\/beiroperu.com\/tienda\/catalogo\/geologia\/binoculares\/monocular-bushnell-equinox-z\/#breadcrumb","itemListElement":[{"@type":"ListItem","position":1,"name":"Portada","item":"https:\/\/beiroperu.com\/tienda\/"},{"@type":"ListItem","position":2,"name":"Shop","item":"https:\/\/beiroperu.com\/tienda\/shop\/"},{"@type":"ListItem","position":3,"name":"MONOCULAR BUSHNELL EQUINOX Z"}]},{"@type":"WebSite","@id":"https:\/\/beiroperu.com\/tienda\/#website","url":"https:\/\/beiroperu.com\/tienda\/","name":"Topograf\u00eda, Geolog\u00eda, Miner\u00eda y Equipamiento de Oficina","description":"Beiro Per\u00fa","publisher":{"@id":"https:\/\/beiroperu.com\/tienda\/#organization"},"alternateName":"Beiro Per\u00fa","potentialAction":[{"@type":"SearchAction","target":{"@type":"EntryPoint","urlTemplate":"https:\/\/beiroperu.com\/tienda\/?s={search_term_string}"},"query-input":{"@type":"PropertyValueSpecification","valueRequired":true,"valueName":"search_term_string"}}],"inLanguage":"es"},{"@type":"Organization","@id":"https:\/\/beiroperu.com\/tienda\/#organization","name":"Beiro","alternateName":"Beiro Per\u00fa","url":"https:\/\/beiroperu.com\/tienda\/","logo":{"@type":"ImageObject","inLanguage":"es","@id":"https:\/\/beiroperu.com\/tienda\/#\/schema\/logo\/image\/","url":"https:\/\/beiroperu.com\/tienda\/wp-content\/uploads\/2026\/03\/logo-beiro.jpeg","contentUrl":"https:\/\/beiroperu.com\/tienda\/wp-content\/uploads\/2026\/03\/logo-beiro.jpeg","width":322,"height":123,"caption":"Beiro"},"image":{"@id":"https:\/\/beiroperu.com\/tienda\/#\/schema\/logo\/image\/"},"sameAs":["https:\/\/www.facebook.com\/profile.php?id=61574959587714","https:\/\/www.instagram.com\/beiro_equipos_topograficos?igsh=cG11NHowcmp1dzFq","https:\/\/www.threads.com\/@beiro_equipos_topograficos"]}]}},"_links":{"self":[{"href":"https:\/\/beiroperu.com\/tienda\/wp-json\/wp\/v2\/product\/37436","targetHints":{"allow":["GET"]}}],"collection":[{"href":"https:\/\/beiroperu.com\/tienda\/wp-json\/wp\/v2\/product"}],"about":[{"href":"https:\/\/beiroperu.com\/tienda\/wp-json\/wp\/v2\/types\/product"}],"replies":[{"embeddable":true,"href":"https:\/\/beiroperu.com\/tienda\/wp-json\/wp\/v2\/comments?post=37436"}],"wp:featuredmedia":[{"embeddable":true,"href":"https:\/\/beiroperu.com\/tienda\/wp-json\/wp\/v2\/media\/37437"}],"wp:attachment":[{"href":"https:\/\/beiroperu.com\/tienda\/wp-json\/wp\/v2\/media?parent=37436"}],"wp:term":[{"taxonomy":"product_brand","embeddable":true,"href":"https:\/\/beiroperu.com\/tienda\/wp-json\/wp\/v2\/product_brand?post=37436"},{"taxonomy":"product_cat","embeddable":true,"href":"https:\/\/beiroperu.com\/tienda\/wp-json\/wp\/v2\/product_cat?post=37436"},{"taxonomy":"product_tag","embeddable":true,"href":"https:\/\/beiroperu.com\/tienda\/wp-json\/wp\/v2\/product_tag?post=37436"}],"curies":[{"name":"wp","href":"https:\/\/api.w.org\/{rel}","templated":true}]}}