{"id":37468,"date":"2026-04-07T05:12:11","date_gmt":"2026-04-07T10:12:11","guid":{"rendered":"https:\/\/beiroperu.com\/tienda\/?post_type=product&#038;p=37468"},"modified":"2026-04-07T05:12:12","modified_gmt":"2026-04-07T10:12:12","slug":"wincha-stanley-de-fibra-de-carbono","status":"publish","type":"product","link":"https:\/\/beiroperu.com\/tienda\/catalogo\/geologia\/winchas\/wincha-stanley-de-fibra-de-carbono\/","title":{"rendered":"WINCHA STANLEY DE FIBRA DE CARBONO"},"content":{"rendered":"<p><strong>Wincha\u00a0<img loading=\"lazy\" decoding=\"async\" src=\"https:\/\/conibe.com\/images\/logos\/stanley-logo.png\" alt=\"stanley-logo\" width=\"100\" height=\"28\" \/>\u00a0de Fibra de Carbono<\/strong><\/p>\n<p>Cintas m\u00e9tricas de 50 Metros con caja cerrada 0-34-295, 0-34-296 y 0-34-297 stanley, con caja antideslizante de ABS y cinta de fibra de vidrio muy resistente, flexible, lavable y no conductora de electricidad y la graduacion esta protegida por un revestimiento transparente exclusivo.<\/p>\n<p>Incorpora un gancho abatible, ideal para enganchar la cinta metrica en una arista en madera o tierra y su manivela plegable permite recoger la cinta con total rapidez y comodidad.<\/p>\n<p><strong>50 M:<\/strong><br \/>\n&#8211; Longitud: 50 metros.<br \/>\n&#8211; Anchura: 12.7 mm<\/p>\n","protected":false},"excerpt":{"rendered":"<p>Cintas m\u00e9tricas de 50 Metros con caja cerrada 0-34-295, 0-34-296 y 0-34-297 stanley, con caja antideslizante de ABS y cinta de fibra de vidrio muy resistente, flexible, lavable y no conductora de electricidad y la graduacion esta protegida por un revestimiento transparente exclusivo.<\/p>\n","protected":false},"featured_media":37469,"comment_status":"closed","ping_status":"closed","template":"","meta":[],"product_brand":[200],"product_cat":[129],"product_tag":[134,141],"class_list":{"0":"post-37468","1":"product","2":"type-product","3":"status-publish","4":"has-post-thumbnail","6":"product_brand-stanley","7":"product_cat-winchas","8":"product_tag-geologia","9":"product_tag-wincha","11":"first","12":"instock","13":"shipping-taxable","14":"product-type-simple"},"yoast_head":"<!-- This site is optimized with the Yoast SEO plugin v27.2 - https:\/\/yoast.com\/product\/yoast-seo-wordpress\/ -->\n<title>WINCHA STANLEY DE FIBRA DE CARBONO - Topograf\u00eda, Geolog\u00eda, Miner\u00eda y Equipamiento de Oficina<\/title>\n<meta name=\"robots\" content=\"index, follow, max-snippet:-1, max-image-preview:large, max-video-preview:-1\" \/>\n<link rel=\"canonical\" href=\"https:\/\/beiroperu.com\/tienda\/catalogo\/geologia\/winchas\/wincha-stanley-de-fibra-de-carbono\/\" \/>\n<meta property=\"og:locale\" content=\"es_ES\" \/>\n<meta property=\"og:type\" content=\"article\" \/>\n<meta property=\"og:title\" content=\"WINCHA STANLEY DE FIBRA DE CARBONO - Topograf\u00eda, Geolog\u00eda, Miner\u00eda y Equipamiento de Oficina\" \/>\n<meta property=\"og:description\" content=\"Cintas m\u00e9tricas de 50 Metros con caja cerrada 0-34-295, 0-34-296 y 0-34-297 stanley, con caja antideslizante de ABS y cinta de fibra de vidrio muy resistente, flexible, lavable y no conductora de electricidad y la graduacion esta protegida por un revestimiento transparente exclusivo.\" \/>\n<meta property=\"og:url\" content=\"https:\/\/beiroperu.com\/tienda\/catalogo\/geologia\/winchas\/wincha-stanley-de-fibra-de-carbono\/\" \/>\n<meta property=\"og:site_name\" content=\"Topograf\u00eda, Geolog\u00eda, Miner\u00eda y Equipamiento de Oficina\" \/>\n<meta property=\"article:publisher\" content=\"https:\/\/www.facebook.com\/profile.php?id=61574959587714\" \/>\n<meta property=\"article:modified_time\" content=\"2026-04-07T10:12:12+00:00\" \/>\n<meta property=\"og:image\" content=\"https:\/\/beiroperu.com\/tienda\/wp-content\/uploads\/2026\/04\/stanley-wincha-fibra-carbono-1.jpg\" \/>\n\t<meta property=\"og:image:width\" content=\"800\" \/>\n\t<meta property=\"og:image:height\" content=\"930\" \/>\n\t<meta property=\"og:image:type\" content=\"image\/jpeg\" \/>\n<meta name=\"twitter:card\" content=\"summary_large_image\" \/>\n<meta name=\"twitter:label1\" content=\"Tiempo de lectura\" \/>\n\t<meta name=\"twitter:data1\" content=\"1 minuto\" \/>\n<script type=\"application\/ld+json\" class=\"yoast-schema-graph\">{\"@context\":\"https:\/\/schema.org\",\"@graph\":[{\"@type\":\"WebPage\",\"@id\":\"https:\/\/beiroperu.com\/tienda\/catalogo\/geologia\/winchas\/wincha-stanley-de-fibra-de-carbono\/\",\"url\":\"https:\/\/beiroperu.com\/tienda\/catalogo\/geologia\/winchas\/wincha-stanley-de-fibra-de-carbono\/\",\"name\":\"WINCHA STANLEY DE FIBRA DE CARBONO - Topograf\u00eda, Geolog\u00eda, Miner\u00eda y Equipamiento de Oficina\",\"isPartOf\":{\"@id\":\"https:\/\/beiroperu.com\/tienda\/#website\"},\"primaryImageOfPage\":{\"@id\":\"https:\/\/beiroperu.com\/tienda\/catalogo\/geologia\/winchas\/wincha-stanley-de-fibra-de-carbono\/#primaryimage\"},\"image\":{\"@id\":\"https:\/\/beiroperu.com\/tienda\/catalogo\/geologia\/winchas\/wincha-stanley-de-fibra-de-carbono\/#primaryimage\"},\"thumbnailUrl\":\"https:\/\/beiroperu.com\/tienda\/wp-content\/uploads\/2026\/04\/stanley-wincha-fibra-carbono-1.jpg\",\"datePublished\":\"2026-04-07T10:12:11+00:00\",\"dateModified\":\"2026-04-07T10:12:12+00:00\",\"breadcrumb\":{\"@id\":\"https:\/\/beiroperu.com\/tienda\/catalogo\/geologia\/winchas\/wincha-stanley-de-fibra-de-carbono\/#breadcrumb\"},\"inLanguage\":\"es\",\"potentialAction\":[{\"@type\":\"ReadAction\",\"target\":[\"https:\/\/beiroperu.com\/tienda\/catalogo\/geologia\/winchas\/wincha-stanley-de-fibra-de-carbono\/\"]}]},{\"@type\":\"ImageObject\",\"inLanguage\":\"es\",\"@id\":\"https:\/\/beiroperu.com\/tienda\/catalogo\/geologia\/winchas\/wincha-stanley-de-fibra-de-carbono\/#primaryimage\",\"url\":\"https:\/\/beiroperu.com\/tienda\/wp-content\/uploads\/2026\/04\/stanley-wincha-fibra-carbono-1.jpg\",\"contentUrl\":\"https:\/\/beiroperu.com\/tienda\/wp-content\/uploads\/2026\/04\/stanley-wincha-fibra-carbono-1.jpg\",\"width\":800,\"height\":930},{\"@type\":\"BreadcrumbList\",\"@id\":\"https:\/\/beiroperu.com\/tienda\/catalogo\/geologia\/winchas\/wincha-stanley-de-fibra-de-carbono\/#breadcrumb\",\"itemListElement\":[{\"@type\":\"ListItem\",\"position\":1,\"name\":\"Portada\",\"item\":\"https:\/\/beiroperu.com\/tienda\/\"},{\"@type\":\"ListItem\",\"position\":2,\"name\":\"Shop\",\"item\":\"https:\/\/beiroperu.com\/tienda\/shop\/\"},{\"@type\":\"ListItem\",\"position\":3,\"name\":\"WINCHA STANLEY DE FIBRA DE CARBONO\"}]},{\"@type\":\"WebSite\",\"@id\":\"https:\/\/beiroperu.com\/tienda\/#website\",\"url\":\"https:\/\/beiroperu.com\/tienda\/\",\"name\":\"Topograf\u00eda, Geolog\u00eda, Miner\u00eda y Equipamiento de Oficina\",\"description\":\"Beiro Per\u00fa\",\"publisher\":{\"@id\":\"https:\/\/beiroperu.com\/tienda\/#organization\"},\"alternateName\":\"Beiro Per\u00fa\",\"potentialAction\":[{\"@type\":\"SearchAction\",\"target\":{\"@type\":\"EntryPoint\",\"urlTemplate\":\"https:\/\/beiroperu.com\/tienda\/?s={search_term_string}\"},\"query-input\":{\"@type\":\"PropertyValueSpecification\",\"valueRequired\":true,\"valueName\":\"search_term_string\"}}],\"inLanguage\":\"es\"},{\"@type\":\"Organization\",\"@id\":\"https:\/\/beiroperu.com\/tienda\/#organization\",\"name\":\"Beiro\",\"alternateName\":\"Beiro Per\u00fa\",\"url\":\"https:\/\/beiroperu.com\/tienda\/\",\"logo\":{\"@type\":\"ImageObject\",\"inLanguage\":\"es\",\"@id\":\"https:\/\/beiroperu.com\/tienda\/#\/schema\/logo\/image\/\",\"url\":\"https:\/\/beiroperu.com\/tienda\/wp-content\/uploads\/2026\/03\/logo-beiro.jpeg\",\"contentUrl\":\"https:\/\/beiroperu.com\/tienda\/wp-content\/uploads\/2026\/03\/logo-beiro.jpeg\",\"width\":322,\"height\":123,\"caption\":\"Beiro\"},\"image\":{\"@id\":\"https:\/\/beiroperu.com\/tienda\/#\/schema\/logo\/image\/\"},\"sameAs\":[\"https:\/\/www.facebook.com\/profile.php?id=61574959587714\",\"https:\/\/www.instagram.com\/beiro_equipos_topograficos?igsh=cG11NHowcmp1dzFq\",\"https:\/\/www.threads.com\/@beiro_equipos_topograficos\"]}]}<\/script>\n<!-- \/ Yoast SEO plugin. -->","yoast_head_json":{"title":"WINCHA STANLEY DE FIBRA DE CARBONO - Topograf\u00eda, Geolog\u00eda, Miner\u00eda y Equipamiento de Oficina","robots":{"index":"index","follow":"follow","max-snippet":"max-snippet:-1","max-image-preview":"max-image-preview:large","max-video-preview":"max-video-preview:-1"},"canonical":"https:\/\/beiroperu.com\/tienda\/catalogo\/geologia\/winchas\/wincha-stanley-de-fibra-de-carbono\/","og_locale":"es_ES","og_type":"article","og_title":"WINCHA STANLEY DE FIBRA DE CARBONO - Topograf\u00eda, Geolog\u00eda, Miner\u00eda y Equipamiento de Oficina","og_description":"Cintas m\u00e9tricas de 50 Metros con caja cerrada 0-34-295, 0-34-296 y 0-34-297 stanley, con caja antideslizante de ABS y cinta de fibra de vidrio muy resistente, flexible, lavable y no conductora de electricidad y la graduacion esta protegida por un revestimiento transparente exclusivo.","og_url":"https:\/\/beiroperu.com\/tienda\/catalogo\/geologia\/winchas\/wincha-stanley-de-fibra-de-carbono\/","og_site_name":"Topograf\u00eda, Geolog\u00eda, Miner\u00eda y Equipamiento de Oficina","article_publisher":"https:\/\/www.facebook.com\/profile.php?id=61574959587714","article_modified_time":"2026-04-07T10:12:12+00:00","og_image":[{"width":800,"height":930,"url":"https:\/\/beiroperu.com\/tienda\/wp-content\/uploads\/2026\/04\/stanley-wincha-fibra-carbono-1.jpg","type":"image\/jpeg"}],"twitter_card":"summary_large_image","twitter_misc":{"Tiempo de lectura":"1 minuto"},"schema":{"@context":"https:\/\/schema.org","@graph":[{"@type":"WebPage","@id":"https:\/\/beiroperu.com\/tienda\/catalogo\/geologia\/winchas\/wincha-stanley-de-fibra-de-carbono\/","url":"https:\/\/beiroperu.com\/tienda\/catalogo\/geologia\/winchas\/wincha-stanley-de-fibra-de-carbono\/","name":"WINCHA STANLEY DE FIBRA DE CARBONO - Topograf\u00eda, Geolog\u00eda, Miner\u00eda y Equipamiento de Oficina","isPartOf":{"@id":"https:\/\/beiroperu.com\/tienda\/#website"},"primaryImageOfPage":{"@id":"https:\/\/beiroperu.com\/tienda\/catalogo\/geologia\/winchas\/wincha-stanley-de-fibra-de-carbono\/#primaryimage"},"image":{"@id":"https:\/\/beiroperu.com\/tienda\/catalogo\/geologia\/winchas\/wincha-stanley-de-fibra-de-carbono\/#primaryimage"},"thumbnailUrl":"https:\/\/beiroperu.com\/tienda\/wp-content\/uploads\/2026\/04\/stanley-wincha-fibra-carbono-1.jpg","datePublished":"2026-04-07T10:12:11+00:00","dateModified":"2026-04-07T10:12:12+00:00","breadcrumb":{"@id":"https:\/\/beiroperu.com\/tienda\/catalogo\/geologia\/winchas\/wincha-stanley-de-fibra-de-carbono\/#breadcrumb"},"inLanguage":"es","potentialAction":[{"@type":"ReadAction","target":["https:\/\/beiroperu.com\/tienda\/catalogo\/geologia\/winchas\/wincha-stanley-de-fibra-de-carbono\/"]}]},{"@type":"ImageObject","inLanguage":"es","@id":"https:\/\/beiroperu.com\/tienda\/catalogo\/geologia\/winchas\/wincha-stanley-de-fibra-de-carbono\/#primaryimage","url":"https:\/\/beiroperu.com\/tienda\/wp-content\/uploads\/2026\/04\/stanley-wincha-fibra-carbono-1.jpg","contentUrl":"https:\/\/beiroperu.com\/tienda\/wp-content\/uploads\/2026\/04\/stanley-wincha-fibra-carbono-1.jpg","width":800,"height":930},{"@type":"BreadcrumbList","@id":"https:\/\/beiroperu.com\/tienda\/catalogo\/geologia\/winchas\/wincha-stanley-de-fibra-de-carbono\/#breadcrumb","itemListElement":[{"@type":"ListItem","position":1,"name":"Portada","item":"https:\/\/beiroperu.com\/tienda\/"},{"@type":"ListItem","position":2,"name":"Shop","item":"https:\/\/beiroperu.com\/tienda\/shop\/"},{"@type":"ListItem","position":3,"name":"WINCHA STANLEY DE FIBRA DE CARBONO"}]},{"@type":"WebSite","@id":"https:\/\/beiroperu.com\/tienda\/#website","url":"https:\/\/beiroperu.com\/tienda\/","name":"Topograf\u00eda, Geolog\u00eda, Miner\u00eda y Equipamiento de Oficina","description":"Beiro Per\u00fa","publisher":{"@id":"https:\/\/beiroperu.com\/tienda\/#organization"},"alternateName":"Beiro Per\u00fa","potentialAction":[{"@type":"SearchAction","target":{"@type":"EntryPoint","urlTemplate":"https:\/\/beiroperu.com\/tienda\/?s={search_term_string}"},"query-input":{"@type":"PropertyValueSpecification","valueRequired":true,"valueName":"search_term_string"}}],"inLanguage":"es"},{"@type":"Organization","@id":"https:\/\/beiroperu.com\/tienda\/#organization","name":"Beiro","alternateName":"Beiro Per\u00fa","url":"https:\/\/beiroperu.com\/tienda\/","logo":{"@type":"ImageObject","inLanguage":"es","@id":"https:\/\/beiroperu.com\/tienda\/#\/schema\/logo\/image\/","url":"https:\/\/beiroperu.com\/tienda\/wp-content\/uploads\/2026\/03\/logo-beiro.jpeg","contentUrl":"https:\/\/beiroperu.com\/tienda\/wp-content\/uploads\/2026\/03\/logo-beiro.jpeg","width":322,"height":123,"caption":"Beiro"},"image":{"@id":"https:\/\/beiroperu.com\/tienda\/#\/schema\/logo\/image\/"},"sameAs":["https:\/\/www.facebook.com\/profile.php?id=61574959587714","https:\/\/www.instagram.com\/beiro_equipos_topograficos?igsh=cG11NHowcmp1dzFq","https:\/\/www.threads.com\/@beiro_equipos_topograficos"]}]}},"_links":{"self":[{"href":"https:\/\/beiroperu.com\/tienda\/wp-json\/wp\/v2\/product\/37468","targetHints":{"allow":["GET"]}}],"collection":[{"href":"https:\/\/beiroperu.com\/tienda\/wp-json\/wp\/v2\/product"}],"about":[{"href":"https:\/\/beiroperu.com\/tienda\/wp-json\/wp\/v2\/types\/product"}],"replies":[{"embeddable":true,"href":"https:\/\/beiroperu.com\/tienda\/wp-json\/wp\/v2\/comments?post=37468"}],"wp:featuredmedia":[{"embeddable":true,"href":"https:\/\/beiroperu.com\/tienda\/wp-json\/wp\/v2\/media\/37469"}],"wp:attachment":[{"href":"https:\/\/beiroperu.com\/tienda\/wp-json\/wp\/v2\/media?parent=37468"}],"wp:term":[{"taxonomy":"product_brand","embeddable":true,"href":"https:\/\/beiroperu.com\/tienda\/wp-json\/wp\/v2\/product_brand?post=37468"},{"taxonomy":"product_cat","embeddable":true,"href":"https:\/\/beiroperu.com\/tienda\/wp-json\/wp\/v2\/product_cat?post=37468"},{"taxonomy":"product_tag","embeddable":true,"href":"https:\/\/beiroperu.com\/tienda\/wp-json\/wp\/v2\/product_tag?post=37468"}],"curies":[{"name":"wp","href":"https:\/\/api.w.org\/{rel}","templated":true}]}}