{"id":37474,"date":"2026-04-07T05:27:17","date_gmt":"2026-04-07T10:27:17","guid":{"rendered":"https:\/\/beiroperu.com\/tienda\/?post_type=product&#038;p=37474"},"modified":"2026-04-07T05:27:20","modified_gmt":"2026-04-07T10:27:20","slug":"rite-in-the-rain-363-metric-field","status":"publish","type":"product","link":"https:\/\/beiroperu.com\/tienda\/catalogo\/geologia\/libretas-topograficas\/rite-in-the-rain-363-metric-field\/","title":{"rendered":"RITE IN THE RAIN 363 METRIC FIELD"},"content":{"rendered":"<p>Este libro viene con p\u00e1ginas de 4 5\/8 \u00abx 7\u00bb, una cubierta de Polydura y una encuadernaci\u00f3n lateral de alambre en espiral. 64 p\u00e1ginas (32 hojas). Los port\u00e1tiles se ajustan a la cubierta No. C980.<\/p>\n<p><strong>CARACTERISTICAS:<\/strong><\/p>\n<ul>\n<li>Tama\u00f1o global: 4 7\/8 \u00abx 7\u00bb<\/li>\n<li>Color de la cubierta: amarillo<\/li>\n<li>Material de la cubierta: Polydura<\/li>\n<li>Uni\u00f3n: espiral lateral<\/li>\n<li>Color de papel: blanco<\/li>\n<li>N\u00famero de p\u00e1ginas: 64<\/li>\n<li>N\u00famero de hojas: 32<\/li>\n<li>Peso: 0.2 lbs<\/li>\n<\/ul>\n","protected":false},"excerpt":{"rendered":"<p>Este libro viene con p\u00e1ginas de 4 5\/8 \u00abx 7\u00bb, una cubierta de Polydura y una encuadernaci\u00f3n lateral de alambre en espiral. 64 p\u00e1ginas (32 hojas). Los port\u00e1tiles se ajustan a la cubierta No. C980.<\/p>\n","protected":false},"featured_media":37475,"comment_status":"closed","ping_status":"closed","template":"","meta":[],"product_brand":[201],"product_cat":[130],"product_tag":[134,202],"class_list":{"0":"post-37474","1":"product","2":"type-product","3":"status-publish","4":"has-post-thumbnail","6":"product_brand-rite-in-the-rain","7":"product_cat-libretas-topograficas","8":"product_tag-geologia","9":"product_tag-libretas-topograficas","11":"first","12":"instock","13":"shipping-taxable","14":"product-type-simple"},"yoast_head":"<!-- This site is optimized with the Yoast SEO plugin v27.2 - https:\/\/yoast.com\/product\/yoast-seo-wordpress\/ -->\n<title>RITE IN THE RAIN 363 METRIC FIELD - Topograf\u00eda, Geolog\u00eda, Miner\u00eda y Equipamiento de Oficina<\/title>\n<meta name=\"robots\" content=\"index, follow, max-snippet:-1, max-image-preview:large, max-video-preview:-1\" \/>\n<link rel=\"canonical\" href=\"https:\/\/beiroperu.com\/tienda\/catalogo\/geologia\/libretas-topograficas\/rite-in-the-rain-363-metric-field\/\" \/>\n<meta property=\"og:locale\" content=\"es_ES\" \/>\n<meta property=\"og:type\" content=\"article\" \/>\n<meta property=\"og:title\" content=\"RITE IN THE RAIN 363 METRIC FIELD - Topograf\u00eda, Geolog\u00eda, Miner\u00eda y Equipamiento de Oficina\" \/>\n<meta property=\"og:description\" content=\"Este libro viene con p\u00e1ginas de 4 5\/8 &quot;x 7&quot;, una cubierta de Polydura y una encuadernaci\u00f3n lateral de alambre en espiral. 64 p\u00e1ginas (32 hojas). Los port\u00e1tiles se ajustan a la cubierta No. C980.\" \/>\n<meta property=\"og:url\" content=\"https:\/\/beiroperu.com\/tienda\/catalogo\/geologia\/libretas-topograficas\/rite-in-the-rain-363-metric-field\/\" \/>\n<meta property=\"og:site_name\" content=\"Topograf\u00eda, Geolog\u00eda, Miner\u00eda y Equipamiento de Oficina\" \/>\n<meta property=\"article:publisher\" content=\"https:\/\/www.facebook.com\/profile.php?id=61574959587714\" \/>\n<meta property=\"article:modified_time\" content=\"2026-04-07T10:27:20+00:00\" \/>\n<meta property=\"og:image\" content=\"https:\/\/beiroperu.com\/tienda\/wp-content\/uploads\/2026\/04\/rite-in-the-rain-363-metric-field-1.jpg\" \/>\n\t<meta property=\"og:image:width\" content=\"800\" \/>\n\t<meta property=\"og:image:height\" content=\"930\" \/>\n\t<meta property=\"og:image:type\" content=\"image\/jpeg\" \/>\n<meta name=\"twitter:card\" content=\"summary_large_image\" \/>\n<meta name=\"twitter:label1\" content=\"Tiempo de lectura\" \/>\n\t<meta name=\"twitter:data1\" content=\"1 minuto\" \/>\n<script type=\"application\/ld+json\" class=\"yoast-schema-graph\">{\"@context\":\"https:\/\/schema.org\",\"@graph\":[{\"@type\":\"WebPage\",\"@id\":\"https:\/\/beiroperu.com\/tienda\/catalogo\/geologia\/libretas-topograficas\/rite-in-the-rain-363-metric-field\/\",\"url\":\"https:\/\/beiroperu.com\/tienda\/catalogo\/geologia\/libretas-topograficas\/rite-in-the-rain-363-metric-field\/\",\"name\":\"RITE IN THE RAIN 363 METRIC FIELD - Topograf\u00eda, Geolog\u00eda, Miner\u00eda y Equipamiento de Oficina\",\"isPartOf\":{\"@id\":\"https:\/\/beiroperu.com\/tienda\/#website\"},\"primaryImageOfPage\":{\"@id\":\"https:\/\/beiroperu.com\/tienda\/catalogo\/geologia\/libretas-topograficas\/rite-in-the-rain-363-metric-field\/#primaryimage\"},\"image\":{\"@id\":\"https:\/\/beiroperu.com\/tienda\/catalogo\/geologia\/libretas-topograficas\/rite-in-the-rain-363-metric-field\/#primaryimage\"},\"thumbnailUrl\":\"https:\/\/beiroperu.com\/tienda\/wp-content\/uploads\/2026\/04\/rite-in-the-rain-363-metric-field-1.jpg\",\"datePublished\":\"2026-04-07T10:27:17+00:00\",\"dateModified\":\"2026-04-07T10:27:20+00:00\",\"breadcrumb\":{\"@id\":\"https:\/\/beiroperu.com\/tienda\/catalogo\/geologia\/libretas-topograficas\/rite-in-the-rain-363-metric-field\/#breadcrumb\"},\"inLanguage\":\"es\",\"potentialAction\":[{\"@type\":\"ReadAction\",\"target\":[\"https:\/\/beiroperu.com\/tienda\/catalogo\/geologia\/libretas-topograficas\/rite-in-the-rain-363-metric-field\/\"]}]},{\"@type\":\"ImageObject\",\"inLanguage\":\"es\",\"@id\":\"https:\/\/beiroperu.com\/tienda\/catalogo\/geologia\/libretas-topograficas\/rite-in-the-rain-363-metric-field\/#primaryimage\",\"url\":\"https:\/\/beiroperu.com\/tienda\/wp-content\/uploads\/2026\/04\/rite-in-the-rain-363-metric-field-1.jpg\",\"contentUrl\":\"https:\/\/beiroperu.com\/tienda\/wp-content\/uploads\/2026\/04\/rite-in-the-rain-363-metric-field-1.jpg\",\"width\":800,\"height\":930},{\"@type\":\"BreadcrumbList\",\"@id\":\"https:\/\/beiroperu.com\/tienda\/catalogo\/geologia\/libretas-topograficas\/rite-in-the-rain-363-metric-field\/#breadcrumb\",\"itemListElement\":[{\"@type\":\"ListItem\",\"position\":1,\"name\":\"Portada\",\"item\":\"https:\/\/beiroperu.com\/tienda\/\"},{\"@type\":\"ListItem\",\"position\":2,\"name\":\"Shop\",\"item\":\"https:\/\/beiroperu.com\/tienda\/shop\/\"},{\"@type\":\"ListItem\",\"position\":3,\"name\":\"RITE IN THE RAIN 363 METRIC FIELD\"}]},{\"@type\":\"WebSite\",\"@id\":\"https:\/\/beiroperu.com\/tienda\/#website\",\"url\":\"https:\/\/beiroperu.com\/tienda\/\",\"name\":\"Topograf\u00eda, Geolog\u00eda, Miner\u00eda y Equipamiento de Oficina\",\"description\":\"Beiro Per\u00fa\",\"publisher\":{\"@id\":\"https:\/\/beiroperu.com\/tienda\/#organization\"},\"alternateName\":\"Beiro Per\u00fa\",\"potentialAction\":[{\"@type\":\"SearchAction\",\"target\":{\"@type\":\"EntryPoint\",\"urlTemplate\":\"https:\/\/beiroperu.com\/tienda\/?s={search_term_string}\"},\"query-input\":{\"@type\":\"PropertyValueSpecification\",\"valueRequired\":true,\"valueName\":\"search_term_string\"}}],\"inLanguage\":\"es\"},{\"@type\":\"Organization\",\"@id\":\"https:\/\/beiroperu.com\/tienda\/#organization\",\"name\":\"Beiro\",\"alternateName\":\"Beiro Per\u00fa\",\"url\":\"https:\/\/beiroperu.com\/tienda\/\",\"logo\":{\"@type\":\"ImageObject\",\"inLanguage\":\"es\",\"@id\":\"https:\/\/beiroperu.com\/tienda\/#\/schema\/logo\/image\/\",\"url\":\"https:\/\/beiroperu.com\/tienda\/wp-content\/uploads\/2026\/03\/logo-beiro.jpeg\",\"contentUrl\":\"https:\/\/beiroperu.com\/tienda\/wp-content\/uploads\/2026\/03\/logo-beiro.jpeg\",\"width\":322,\"height\":123,\"caption\":\"Beiro\"},\"image\":{\"@id\":\"https:\/\/beiroperu.com\/tienda\/#\/schema\/logo\/image\/\"},\"sameAs\":[\"https:\/\/www.facebook.com\/profile.php?id=61574959587714\",\"https:\/\/www.instagram.com\/beiro_equipos_topograficos?igsh=cG11NHowcmp1dzFq\",\"https:\/\/www.threads.com\/@beiro_equipos_topograficos\"]}]}<\/script>\n<!-- \/ Yoast SEO plugin. -->","yoast_head_json":{"title":"RITE IN THE RAIN 363 METRIC FIELD - Topograf\u00eda, Geolog\u00eda, Miner\u00eda y Equipamiento de Oficina","robots":{"index":"index","follow":"follow","max-snippet":"max-snippet:-1","max-image-preview":"max-image-preview:large","max-video-preview":"max-video-preview:-1"},"canonical":"https:\/\/beiroperu.com\/tienda\/catalogo\/geologia\/libretas-topograficas\/rite-in-the-rain-363-metric-field\/","og_locale":"es_ES","og_type":"article","og_title":"RITE IN THE RAIN 363 METRIC FIELD - Topograf\u00eda, Geolog\u00eda, Miner\u00eda y Equipamiento de Oficina","og_description":"Este libro viene con p\u00e1ginas de 4 5\/8 \"x 7\", una cubierta de Polydura y una encuadernaci\u00f3n lateral de alambre en espiral. 64 p\u00e1ginas (32 hojas). Los port\u00e1tiles se ajustan a la cubierta No. C980.","og_url":"https:\/\/beiroperu.com\/tienda\/catalogo\/geologia\/libretas-topograficas\/rite-in-the-rain-363-metric-field\/","og_site_name":"Topograf\u00eda, Geolog\u00eda, Miner\u00eda y Equipamiento de Oficina","article_publisher":"https:\/\/www.facebook.com\/profile.php?id=61574959587714","article_modified_time":"2026-04-07T10:27:20+00:00","og_image":[{"width":800,"height":930,"url":"https:\/\/beiroperu.com\/tienda\/wp-content\/uploads\/2026\/04\/rite-in-the-rain-363-metric-field-1.jpg","type":"image\/jpeg"}],"twitter_card":"summary_large_image","twitter_misc":{"Tiempo de lectura":"1 minuto"},"schema":{"@context":"https:\/\/schema.org","@graph":[{"@type":"WebPage","@id":"https:\/\/beiroperu.com\/tienda\/catalogo\/geologia\/libretas-topograficas\/rite-in-the-rain-363-metric-field\/","url":"https:\/\/beiroperu.com\/tienda\/catalogo\/geologia\/libretas-topograficas\/rite-in-the-rain-363-metric-field\/","name":"RITE IN THE RAIN 363 METRIC FIELD - Topograf\u00eda, Geolog\u00eda, Miner\u00eda y Equipamiento de Oficina","isPartOf":{"@id":"https:\/\/beiroperu.com\/tienda\/#website"},"primaryImageOfPage":{"@id":"https:\/\/beiroperu.com\/tienda\/catalogo\/geologia\/libretas-topograficas\/rite-in-the-rain-363-metric-field\/#primaryimage"},"image":{"@id":"https:\/\/beiroperu.com\/tienda\/catalogo\/geologia\/libretas-topograficas\/rite-in-the-rain-363-metric-field\/#primaryimage"},"thumbnailUrl":"https:\/\/beiroperu.com\/tienda\/wp-content\/uploads\/2026\/04\/rite-in-the-rain-363-metric-field-1.jpg","datePublished":"2026-04-07T10:27:17+00:00","dateModified":"2026-04-07T10:27:20+00:00","breadcrumb":{"@id":"https:\/\/beiroperu.com\/tienda\/catalogo\/geologia\/libretas-topograficas\/rite-in-the-rain-363-metric-field\/#breadcrumb"},"inLanguage":"es","potentialAction":[{"@type":"ReadAction","target":["https:\/\/beiroperu.com\/tienda\/catalogo\/geologia\/libretas-topograficas\/rite-in-the-rain-363-metric-field\/"]}]},{"@type":"ImageObject","inLanguage":"es","@id":"https:\/\/beiroperu.com\/tienda\/catalogo\/geologia\/libretas-topograficas\/rite-in-the-rain-363-metric-field\/#primaryimage","url":"https:\/\/beiroperu.com\/tienda\/wp-content\/uploads\/2026\/04\/rite-in-the-rain-363-metric-field-1.jpg","contentUrl":"https:\/\/beiroperu.com\/tienda\/wp-content\/uploads\/2026\/04\/rite-in-the-rain-363-metric-field-1.jpg","width":800,"height":930},{"@type":"BreadcrumbList","@id":"https:\/\/beiroperu.com\/tienda\/catalogo\/geologia\/libretas-topograficas\/rite-in-the-rain-363-metric-field\/#breadcrumb","itemListElement":[{"@type":"ListItem","position":1,"name":"Portada","item":"https:\/\/beiroperu.com\/tienda\/"},{"@type":"ListItem","position":2,"name":"Shop","item":"https:\/\/beiroperu.com\/tienda\/shop\/"},{"@type":"ListItem","position":3,"name":"RITE IN THE RAIN 363 METRIC FIELD"}]},{"@type":"WebSite","@id":"https:\/\/beiroperu.com\/tienda\/#website","url":"https:\/\/beiroperu.com\/tienda\/","name":"Topograf\u00eda, Geolog\u00eda, Miner\u00eda y Equipamiento de Oficina","description":"Beiro Per\u00fa","publisher":{"@id":"https:\/\/beiroperu.com\/tienda\/#organization"},"alternateName":"Beiro Per\u00fa","potentialAction":[{"@type":"SearchAction","target":{"@type":"EntryPoint","urlTemplate":"https:\/\/beiroperu.com\/tienda\/?s={search_term_string}"},"query-input":{"@type":"PropertyValueSpecification","valueRequired":true,"valueName":"search_term_string"}}],"inLanguage":"es"},{"@type":"Organization","@id":"https:\/\/beiroperu.com\/tienda\/#organization","name":"Beiro","alternateName":"Beiro Per\u00fa","url":"https:\/\/beiroperu.com\/tienda\/","logo":{"@type":"ImageObject","inLanguage":"es","@id":"https:\/\/beiroperu.com\/tienda\/#\/schema\/logo\/image\/","url":"https:\/\/beiroperu.com\/tienda\/wp-content\/uploads\/2026\/03\/logo-beiro.jpeg","contentUrl":"https:\/\/beiroperu.com\/tienda\/wp-content\/uploads\/2026\/03\/logo-beiro.jpeg","width":322,"height":123,"caption":"Beiro"},"image":{"@id":"https:\/\/beiroperu.com\/tienda\/#\/schema\/logo\/image\/"},"sameAs":["https:\/\/www.facebook.com\/profile.php?id=61574959587714","https:\/\/www.instagram.com\/beiro_equipos_topograficos?igsh=cG11NHowcmp1dzFq","https:\/\/www.threads.com\/@beiro_equipos_topograficos"]}]}},"_links":{"self":[{"href":"https:\/\/beiroperu.com\/tienda\/wp-json\/wp\/v2\/product\/37474","targetHints":{"allow":["GET"]}}],"collection":[{"href":"https:\/\/beiroperu.com\/tienda\/wp-json\/wp\/v2\/product"}],"about":[{"href":"https:\/\/beiroperu.com\/tienda\/wp-json\/wp\/v2\/types\/product"}],"replies":[{"embeddable":true,"href":"https:\/\/beiroperu.com\/tienda\/wp-json\/wp\/v2\/comments?post=37474"}],"wp:featuredmedia":[{"embeddable":true,"href":"https:\/\/beiroperu.com\/tienda\/wp-json\/wp\/v2\/media\/37475"}],"wp:attachment":[{"href":"https:\/\/beiroperu.com\/tienda\/wp-json\/wp\/v2\/media?parent=37474"}],"wp:term":[{"taxonomy":"product_brand","embeddable":true,"href":"https:\/\/beiroperu.com\/tienda\/wp-json\/wp\/v2\/product_brand?post=37474"},{"taxonomy":"product_cat","embeddable":true,"href":"https:\/\/beiroperu.com\/tienda\/wp-json\/wp\/v2\/product_cat?post=37474"},{"taxonomy":"product_tag","embeddable":true,"href":"https:\/\/beiroperu.com\/tienda\/wp-json\/wp\/v2\/product_tag?post=37474"}],"curies":[{"name":"wp","href":"https:\/\/api.w.org\/{rel}","templated":true}]}}